{"id":23209,"date":"2024-06-11T08:39:36","date_gmt":"2024-06-11T08:39:36","guid":{"rendered":"https:\/\/prochaska.eu\/?page_id=23209"},"modified":"2024-06-11T08:41:53","modified_gmt":"2024-06-11T08:41:53","slug":"payment-methods","status":"publish","type":"page","link":"https:\/\/prochaska.eu\/en\/payment-methods\/","title":{"rendered":"Payment methods"},"content":{"rendered":"\t\t<div data-elementor-type=\"wp-page\" data-elementor-id=\"23209\" class=\"elementor elementor-23209\" data-elementor-post-type=\"page\">\n\t\t\t\t<div class=\"elementor-element elementor-element-c884d7b e-flex e-con-boxed e-con e-parent\" data-id=\"c884d7b\" data-element_type=\"container\" data-e-type=\"container\">\n\t\t\t\t\t<div class=\"e-con-inner\">\n\t\t\t\t<div class=\"elementor-element elementor-element-f797758 elementor-widget elementor-widget-text-editor\" data-id=\"f797758\" data-element_type=\"widget\" data-e-type=\"widget\" data-widget_type=\"text-editor.default\">\n\t\t\t\t\t\t\t\t\t<section><div class=\"container content-text background-white center\"><div class=\"row\"><div class=\"col-xs-12 col-sm-12 col-md-10 col-md-offset-1 col-lg-10 col-lg-offset-1 col\"><div class=\"column-content\"><h2>CHOOSE FROM A VARIETY OF PAYMENT OPTIONS<\/h2><div class=\"rte-text\"><p>We offer you a variety of payment methods for your order.<\/p><div class=\"woocommerce woocommerce-gzd\"><ul class=\"payment_methods methods\"><li class=\"payment_method_bacs\"><label>Vorauskasse<\/label><div class=\"payment_box payment_method_bacs\"><p>Bezahlen Sie Ihren Einkauf im Voraus via Bank\u00fcberweisung. Die Ware wird nach dem Zahlungseingang auf unserem Konto versendet. Sie erhalten unser Bankdaten per E-Mail nach erfolgreicher Bestellung zugesandt.<\/p><\/div><\/li><li class=\"payment_method_paypal\"><label>PayPal<img decoding=\"async\" src=\"https:\/\/www.prochaska.eu\/wp-content\/plugins\/woocommerce\/includes\/gateways\/paypal\/assets\/images\/paypal.png\" alt=\"PayPal acceptance mark\" \/><a class=\"about_paypal\" href=\"https:\/\/www.paypal.com\/at\/cgi-bin\/webscr?cmd=xpt\/Marketing\/general\/WIPaypal-outside\">What is PayPal?<\/a><\/label><div class=\"payment_box payment_method_paypal\"><p>Mit Paypal bezahlen. Sollten Sie keinen Paypal Account haben, k\u00f6nnen Sie auch Ihre Kreditkarte verwenden.<\/p><\/div><\/li><li class=\"payment_method_invoice\"><label>Barzahlung bei Abholung vor Ort<\/label><div class=\"payment_box payment_method_invoice\"><p>Die Zahlung vor Ort ist sofort bei der Abholung f\u00e4llig und kann bar oder mittels Bankomatkarte erfolgen.<\/p><\/div><\/li><li class=\"payment_method_sofortgateway\"><label>Sofort\u00fcberweisung<img decoding=\"async\" src=\"https:\/\/www.prochaska.eu\/wp-content\/plugins\/woocommerce-gateway-sofortueberweisung-de\/images\/klarna-logo.svg\" alt=\"Sofort\u00fcberweisung\" \/><\/label><div class=\"payment_box payment_method_sofortgateway\"><p>Mit SOFORT\u00dcBERWEISUNG k\u00f6nnen Sie ohne Anmeldung, einfach und sicher, mit Ihren gewohnten Online-Banking-Daten (PIN \/ TAN) bezahlen.<\/p><\/div><\/li><li class=\"payment_method_stripe\"><label>Credit card<\/label><div class=\"payment_box payment_method_stripe\"><p>Pay conveniently and secure with your credit card: Visa, Mastercard, AMEX<\/p><\/div><\/li><li class=\"payment_method_stripe_eps\"><label>EPS<img decoding=\"async\" class=\"stripe-eps-icon stripe-icon\" src=\"https:\/\/www.prochaska.eu\/wp-content\/plugins\/woocommerce-gateway-stripe\/assets\/images\/eps.svg\" alt=\"EPS\" \/><\/label><div class=\"payment_box payment_method_stripe_eps\"><p>Du wirst zu EPS weitergeleitet.<\/p><\/div><\/li><\/ul><\/div><p>In the event of delivery delays or non-delivery, we will inform you immediately by telephone or email.<\/p><\/div><\/div><\/div><\/div><\/div><\/section><section><div class=\"container content-text background-white center\"><div class=\"row\"><div class=\"col-xs-12 col-sm-12 col-md-10 col-md-offset-1 col-lg-10 col-lg-offset-1 col\"><div class=\"column-content\"><h2>CREDIT CARD<\/h2><div class=\"rte-text\"><p>In our online shop you can pay directly by credit card. We accept Mastercard, VISA and American Express. In the order process, select credit card as the payment method on the checkout page. You will be asked to enter your credit card details. The following data are required: card number, check digit and period of validity.<\/p><\/div><\/div><\/div><\/div><\/div><\/section><section><div class=\"container content-text background-white center\"><div class=\"row\"><div class=\"col-xs-12 col-sm-12 col-md-10 col-md-offset-1 col-lg-10 col-lg-offset-1 col\"><div class=\"column-content\"><h2>SOFORT<\/h2><div class=\"rte-text\"><p>SOFORT is one of the online direct transfer processes and works on the basis of online banking. It is a direct transfer which, as the name suggests, takes place immediately.<\/p><h3>This is how it works<\/h3><p>Simply select SOFORT \u00dcberweisung as a payment option in our online shop. You will then be automatically forwarded to the secure payment form. The transfer details are automatically transferred, you just have to enter the sort code of your bank and your usual online banking access data. Finally, you approve the transfer with a TAN. The data is encrypted and transmitted to your bank. We receive a real-time confirmation of your payment and can therefore deliver your goods quickly.<\/p><p>You can find more information about SOFORT\u00a0<a href=\"https:\/\/www.klarna.com\/international\/\">here<\/a>.<\/p><\/div><\/div><\/div><\/div><\/div><\/section><section><div class=\"container content-text background-white center\"><div class=\"row\"><div class=\"col-xs-12 col-sm-12 col-md-10 col-md-offset-1 col-lg-10 col-lg-offset-1 col\"><div class=\"column-content\"><h2>PAYPAL<\/h2><div class=\"rte-text\"><p>In our online shop, we also enable you to pay via PayPal. With the online payment service PayPal you can pay securely, easily and quickly in online shops.<\/p><h3>Your advantage<\/h3><ul><li><strong>Secure:<\/strong>\u00a0Your bank or credit card details are only stored with PayPal. Therefore, these are not sent over the Internet every time you shop online.<\/li><li><strong>Easy:<\/strong>\u00a0You pay with just two clicks. Because you access your bank or credit card details stored with PayPal instead of entering them again with each purchase.<\/li><li><strong>Fast:<\/strong>\u00a0PayPal payments arrive quickly. We will send your goods as quickly as possible.<\/li><\/ul><p>You can find more information about PayPal\u00a0<a href=\"http:\/\/www.paypal.com\/home\">here<\/a>.<\/p><\/div><\/div><\/div><\/div><\/div><\/section><section><div class=\"container content-text background-white center\"><div class=\"row\"><div class=\"col-xs-12 col-sm-12 col-md-10 col-md-offset-1 col-lg-10 col-lg-offset-1 col\"><div class=\"column-content\"><h2>CASH ON PICKUP<\/h2><div class=\"rte-text\"><p>You are also welcome to pick up your goods on site (Prochaska, 1210 Vienna, Pilzgasse 31). Items in stock can be picked up the next working day at the latest. If you need your goods earlier, please feel free to contact us.<\/p><p>Payment on site is due immediately and can be made either in cash or with an ATM card.<\/p><\/div><\/div><\/div><\/div><\/div><\/section><section><div class=\"container content-text background-white center\"><div class=\"row\"><div class=\"col-xs-12 col-sm-12 col-md-10 col-md-offset-1 col-lg-10 col-lg-offset-1 col\"><div class=\"column-content\"><h2>PREPAYMENT<\/h2><div class=\"rte-text\"><p>With the prepayment option, the invoice amount must be transferred to us before payment is received. As soon as the amount arrives in our bank account, your order will be processed.<\/p><\/div><\/div><\/div><\/div><\/div><\/section>\t\t\t\t\t\t\t\t<\/div>\n\t\t\t\t\t<\/div>\n\t\t\t\t<\/div>\n\t\t\t\t<\/div>\n\t\t","protected":false},"excerpt":{"rendered":"<p>CHOOSE FROM A VARIETY OF PAYMENT OPTIONS We offer you a variety of payment methods for your order. Vorauskasse Bezahlen Sie Ihren Einkauf im Voraus via Bank\u00fcberweisung. Die Ware wird nach dem Zahlungseingang auf unserem Konto versendet. Sie erhalten unser Bankdaten per E-Mail nach erfolgreicher Bestellung zugesandt. PayPalWhat is PayPal? Mit Paypal bezahlen. Sollten Sie [&hellip;]<\/p>\n","protected":false},"author":1,"featured_media":0,"parent":0,"menu_order":0,"comment_status":"closed","ping_status":"closed","template":"elementor_header_footer","meta":{"footnotes":""},"class_list":["post-23209","page","type-page","status-publish","hentry"],"yoast_head":"<!-- This site is optimized with the Yoast SEO plugin v27.4 - https:\/\/yoast.com\/product\/yoast-seo-wordpress\/ -->\n<title>Payment methods - Prochaska<\/title>\n<meta name=\"robots\" content=\"index, follow, max-snippet:-1, max-image-preview:large, max-video-preview:-1\" \/>\n<link rel=\"canonical\" href=\"https:\/\/prochaska.eu\/en\/payment-methods\/\" \/>\n<meta property=\"og:locale\" content=\"en_US\" \/>\n<meta property=\"og:type\" content=\"article\" \/>\n<meta property=\"og:title\" content=\"Payment methods - Prochaska\" \/>\n<meta property=\"og:description\" content=\"CHOOSE FROM A VARIETY OF PAYMENT OPTIONS We offer you a variety of payment methods for your order. Vorauskasse Bezahlen Sie Ihren Einkauf im Voraus via Bank\u00fcberweisung. Die Ware wird nach dem Zahlungseingang auf unserem Konto versendet. Sie erhalten unser Bankdaten per E-Mail nach erfolgreicher Bestellung zugesandt. PayPalWhat is PayPal? Mit Paypal bezahlen. Sollten Sie [&hellip;]\" \/>\n<meta property=\"og:url\" content=\"https:\/\/prochaska.eu\/en\/payment-methods\/\" \/>\n<meta property=\"og:site_name\" content=\"Prochaska\" \/>\n<meta property=\"article:publisher\" content=\"https:\/\/www.facebook.com\/prochaska.eu\/\" \/>\n<meta property=\"article:modified_time\" content=\"2024-06-11T08:41:53+00:00\" \/>\n<meta property=\"og:image\" content=\"https:\/\/www.prochaska.eu\/wp-content\/plugins\/woocommerce\/includes\/gateways\/paypal\/assets\/images\/paypal.png\" \/>\n<meta name=\"twitter:card\" content=\"summary_large_image\" \/>\n<meta name=\"twitter:label1\" content=\"Est. reading time\" \/>\n\t<meta name=\"twitter:data1\" content=\"3 minutes\" \/>\n<script type=\"application\/ld+json\" class=\"yoast-schema-graph\">{\"@context\":\"https:\\\/\\\/schema.org\",\"@graph\":[{\"@type\":\"WebPage\",\"@id\":\"https:\\\/\\\/prochaska.eu\\\/en\\\/payment-methods\\\/\",\"url\":\"https:\\\/\\\/prochaska.eu\\\/en\\\/payment-methods\\\/\",\"name\":\"Payment methods - Prochaska\",\"isPartOf\":{\"@id\":\"https:\\\/\\\/prochaska.eu\\\/en\\\/#website\"},\"primaryImageOfPage\":{\"@id\":\"https:\\\/\\\/prochaska.eu\\\/en\\\/payment-methods\\\/#primaryimage\"},\"image\":{\"@id\":\"https:\\\/\\\/prochaska.eu\\\/en\\\/payment-methods\\\/#primaryimage\"},\"thumbnailUrl\":\"https:\\\/\\\/www.prochaska.eu\\\/wp-content\\\/plugins\\\/woocommerce\\\/includes\\\/gateways\\\/paypal\\\/assets\\\/images\\\/paypal.png\",\"datePublished\":\"2024-06-11T08:39:36+00:00\",\"dateModified\":\"2024-06-11T08:41:53+00:00\",\"breadcrumb\":{\"@id\":\"https:\\\/\\\/prochaska.eu\\\/en\\\/payment-methods\\\/#breadcrumb\"},\"inLanguage\":\"en-US\",\"potentialAction\":[{\"@type\":\"ReadAction\",\"target\":[\"https:\\\/\\\/prochaska.eu\\\/en\\\/payment-methods\\\/\"]}]},{\"@type\":\"ImageObject\",\"inLanguage\":\"en-US\",\"@id\":\"https:\\\/\\\/prochaska.eu\\\/en\\\/payment-methods\\\/#primaryimage\",\"url\":\"https:\\\/\\\/www.prochaska.eu\\\/wp-content\\\/plugins\\\/woocommerce\\\/includes\\\/gateways\\\/paypal\\\/assets\\\/images\\\/paypal.png\",\"contentUrl\":\"https:\\\/\\\/www.prochaska.eu\\\/wp-content\\\/plugins\\\/woocommerce\\\/includes\\\/gateways\\\/paypal\\\/assets\\\/images\\\/paypal.png\"},{\"@type\":\"BreadcrumbList\",\"@id\":\"https:\\\/\\\/prochaska.eu\\\/en\\\/payment-methods\\\/#breadcrumb\",\"itemListElement\":[{\"@type\":\"ListItem\",\"position\":1,\"name\":\"Home\",\"item\":\"https:\\\/\\\/prochaska.eu\\\/en\\\/\"},{\"@type\":\"ListItem\",\"position\":2,\"name\":\"Payment methods\"}]},{\"@type\":\"WebSite\",\"@id\":\"https:\\\/\\\/prochaska.eu\\\/en\\\/#website\",\"url\":\"https:\\\/\\\/prochaska.eu\\\/en\\\/\",\"name\":\"Prochaska\",\"description\":\"Spezialist f\u00fcr Pflege von Gr\u00fcnfl\u00e4chen\",\"publisher\":{\"@id\":\"https:\\\/\\\/prochaska.eu\\\/en\\\/#organization\"},\"potentialAction\":[{\"@type\":\"SearchAction\",\"target\":{\"@type\":\"EntryPoint\",\"urlTemplate\":\"https:\\\/\\\/prochaska.eu\\\/en\\\/?s={search_term_string}\"},\"query-input\":{\"@type\":\"PropertyValueSpecification\",\"valueRequired\":true,\"valueName\":\"search_term_string\"}}],\"inLanguage\":\"en-US\"},{\"@type\":\"Organization\",\"@id\":\"https:\\\/\\\/prochaska.eu\\\/en\\\/#organization\",\"name\":\"Prochaska\",\"url\":\"https:\\\/\\\/prochaska.eu\\\/en\\\/\",\"logo\":{\"@type\":\"ImageObject\",\"inLanguage\":\"en-US\",\"@id\":\"https:\\\/\\\/prochaska.eu\\\/en\\\/#\\\/schema\\\/logo\\\/image\\\/\",\"url\":\"https:\\\/\\\/prochaska.eu\\\/wp-content\\\/uploads\\\/2024\\\/04\\\/Prochaska_Logo_Black-1.png\",\"contentUrl\":\"https:\\\/\\\/prochaska.eu\\\/wp-content\\\/uploads\\\/2024\\\/04\\\/Prochaska_Logo_Black-1.png\",\"width\":796,\"height\":236,\"caption\":\"Prochaska\"},\"image\":{\"@id\":\"https:\\\/\\\/prochaska.eu\\\/en\\\/#\\\/schema\\\/logo\\\/image\\\/\"},\"sameAs\":[\"https:\\\/\\\/www.facebook.com\\\/prochaska.eu\\\/\",\"https:\\\/\\\/www.instagram.com\\\/prochaska.eu\\\/\",\"https:\\\/\\\/www.linkedin.com\\\/company\\\/prochaska-handels-gmbh\"]}]}<\/script>\n<!-- \/ Yoast SEO plugin. -->","yoast_head_json":{"title":"Payment methods - Prochaska","robots":{"index":"index","follow":"follow","max-snippet":"max-snippet:-1","max-image-preview":"max-image-preview:large","max-video-preview":"max-video-preview:-1"},"canonical":"https:\/\/prochaska.eu\/en\/payment-methods\/","og_locale":"en_US","og_type":"article","og_title":"Payment methods - Prochaska","og_description":"CHOOSE FROM A VARIETY OF PAYMENT OPTIONS We offer you a variety of payment methods for your order. Vorauskasse Bezahlen Sie Ihren Einkauf im Voraus via Bank\u00fcberweisung. Die Ware wird nach dem Zahlungseingang auf unserem Konto versendet. Sie erhalten unser Bankdaten per E-Mail nach erfolgreicher Bestellung zugesandt. PayPalWhat is PayPal? Mit Paypal bezahlen. Sollten Sie [&hellip;]","og_url":"https:\/\/prochaska.eu\/en\/payment-methods\/","og_site_name":"Prochaska","article_publisher":"https:\/\/www.facebook.com\/prochaska.eu\/","article_modified_time":"2024-06-11T08:41:53+00:00","og_image":[{"url":"https:\/\/www.prochaska.eu\/wp-content\/plugins\/woocommerce\/includes\/gateways\/paypal\/assets\/images\/paypal.png","type":"","width":"","height":""}],"twitter_card":"summary_large_image","twitter_misc":{"Est. reading time":"3 minutes"},"schema":{"@context":"https:\/\/schema.org","@graph":[{"@type":"WebPage","@id":"https:\/\/prochaska.eu\/en\/payment-methods\/","url":"https:\/\/prochaska.eu\/en\/payment-methods\/","name":"Payment methods - Prochaska","isPartOf":{"@id":"https:\/\/prochaska.eu\/en\/#website"},"primaryImageOfPage":{"@id":"https:\/\/prochaska.eu\/en\/payment-methods\/#primaryimage"},"image":{"@id":"https:\/\/prochaska.eu\/en\/payment-methods\/#primaryimage"},"thumbnailUrl":"https:\/\/www.prochaska.eu\/wp-content\/plugins\/woocommerce\/includes\/gateways\/paypal\/assets\/images\/paypal.png","datePublished":"2024-06-11T08:39:36+00:00","dateModified":"2024-06-11T08:41:53+00:00","breadcrumb":{"@id":"https:\/\/prochaska.eu\/en\/payment-methods\/#breadcrumb"},"inLanguage":"en-US","potentialAction":[{"@type":"ReadAction","target":["https:\/\/prochaska.eu\/en\/payment-methods\/"]}]},{"@type":"ImageObject","inLanguage":"en-US","@id":"https:\/\/prochaska.eu\/en\/payment-methods\/#primaryimage","url":"https:\/\/www.prochaska.eu\/wp-content\/plugins\/woocommerce\/includes\/gateways\/paypal\/assets\/images\/paypal.png","contentUrl":"https:\/\/www.prochaska.eu\/wp-content\/plugins\/woocommerce\/includes\/gateways\/paypal\/assets\/images\/paypal.png"},{"@type":"BreadcrumbList","@id":"https:\/\/prochaska.eu\/en\/payment-methods\/#breadcrumb","itemListElement":[{"@type":"ListItem","position":1,"name":"Home","item":"https:\/\/prochaska.eu\/en\/"},{"@type":"ListItem","position":2,"name":"Payment methods"}]},{"@type":"WebSite","@id":"https:\/\/prochaska.eu\/en\/#website","url":"https:\/\/prochaska.eu\/en\/","name":"Prochaska","description":"Spezialist f\u00fcr Pflege von Gr\u00fcnfl\u00e4chen","publisher":{"@id":"https:\/\/prochaska.eu\/en\/#organization"},"potentialAction":[{"@type":"SearchAction","target":{"@type":"EntryPoint","urlTemplate":"https:\/\/prochaska.eu\/en\/?s={search_term_string}"},"query-input":{"@type":"PropertyValueSpecification","valueRequired":true,"valueName":"search_term_string"}}],"inLanguage":"en-US"},{"@type":"Organization","@id":"https:\/\/prochaska.eu\/en\/#organization","name":"Prochaska","url":"https:\/\/prochaska.eu\/en\/","logo":{"@type":"ImageObject","inLanguage":"en-US","@id":"https:\/\/prochaska.eu\/en\/#\/schema\/logo\/image\/","url":"https:\/\/prochaska.eu\/wp-content\/uploads\/2024\/04\/Prochaska_Logo_Black-1.png","contentUrl":"https:\/\/prochaska.eu\/wp-content\/uploads\/2024\/04\/Prochaska_Logo_Black-1.png","width":796,"height":236,"caption":"Prochaska"},"image":{"@id":"https:\/\/prochaska.eu\/en\/#\/schema\/logo\/image\/"},"sameAs":["https:\/\/www.facebook.com\/prochaska.eu\/","https:\/\/www.instagram.com\/prochaska.eu\/","https:\/\/www.linkedin.com\/company\/prochaska-handels-gmbh"]}]}},"_links":{"self":[{"href":"https:\/\/prochaska.eu\/en\/wp-json\/wp\/v2\/pages\/23209","targetHints":{"allow":["GET"]}}],"collection":[{"href":"https:\/\/prochaska.eu\/en\/wp-json\/wp\/v2\/pages"}],"about":[{"href":"https:\/\/prochaska.eu\/en\/wp-json\/wp\/v2\/types\/page"}],"author":[{"embeddable":true,"href":"https:\/\/prochaska.eu\/en\/wp-json\/wp\/v2\/users\/1"}],"replies":[{"embeddable":true,"href":"https:\/\/prochaska.eu\/en\/wp-json\/wp\/v2\/comments?post=23209"}],"version-history":[{"count":2,"href":"https:\/\/prochaska.eu\/en\/wp-json\/wp\/v2\/pages\/23209\/revisions"}],"predecessor-version":[{"id":23213,"href":"https:\/\/prochaska.eu\/en\/wp-json\/wp\/v2\/pages\/23209\/revisions\/23213"}],"wp:attachment":[{"href":"https:\/\/prochaska.eu\/en\/wp-json\/wp\/v2\/media?parent=23209"}],"curies":[{"name":"wp","href":"https:\/\/api.w.org\/{rel}","templated":true}]}}