{"id":23214,"date":"2024-06-11T08:42:45","date_gmt":"2024-06-11T08:42:45","guid":{"rendered":"https:\/\/prochaska.eu\/?page_id=23214"},"modified":"2024-06-11T08:43:42","modified_gmt":"2024-06-11T08:43:42","slug":"shipping-methods","status":"publish","type":"page","link":"https:\/\/prochaska.eu\/en\/shipping-methods\/","title":{"rendered":"Shipping methods"},"content":{"rendered":"\t\t<div data-elementor-type=\"wp-page\" data-elementor-id=\"23214\" class=\"elementor elementor-23214\" data-elementor-post-type=\"page\">\n\t\t\t\t<div class=\"elementor-element elementor-element-33431b5 e-flex e-con-boxed e-con e-parent\" data-id=\"33431b5\" data-element_type=\"container\" data-e-type=\"container\">\n\t\t\t\t\t<div class=\"e-con-inner\">\n\t\t\t\t<div class=\"elementor-element elementor-element-8cca708 elementor-widget elementor-widget-text-editor\" data-id=\"8cca708\" data-element_type=\"widget\" data-e-type=\"widget\" data-widget_type=\"text-editor.default\">\n\t\t\t\t\t\t\t\t\t<section><div class=\"container content-text background-white left\"><div class=\"row\"><div class=\"col-xs-12 col-sm-12 col-md-10 col-md-offset-1 col-lg-10 col-lg-offset-1 col\"><div class=\"column-content\"><h2>SHIPPING COSTS<\/h2><div class=\"rte-text\"><p>The following shipping costs apply to the shipping of the products in our online shop:<\/p><ul><li>Free delivery from an order value of \u20ac 100,- (incl. 20% VAT).<\/li><li>Under \u20ac 100,- (incl. 20% VAT) shipping costs of \u20ac 7,50 (incl. 20% VAT)<\/li><\/ul><p>The shipping costs are displayed in your order overview and in the shopping cart.<\/p><p>If a shipment is made in several partial deliveries, the shipping costs will only be charged once.<\/p><p>\u00a0<\/p><\/div><\/div><\/div><\/div><\/div><\/section><section><div class=\"container content-text background-white left\"><div class=\"row\"><div class=\"col-xs-12 col-sm-12 col-md-10 col-md-offset-1 col-lg-10 col-lg-offset-1 col\"><div class=\"column-content\"><h2>DELIVERY<\/h2><div class=\"rte-text\"><p>The products will be delivered from our warehouse to the delivery address you specify. The delivery times are indicated on the product detail page without obligation. These usually amount to 2 to 7 working days from receipt of the order by Prochaska. In the case of a complete delivery, the delivery time is based on the item with the longest delivery time.<\/p><p>Depending on the size of your order, shipping will be by parcel service or freight forwarding. All items that cannot be classified as parcel service will be delivered by our forwarding agent. You will be contacted by telephone to arrange a delivery date.<\/p><p><strong>Delivery of assembled machines<\/strong><br \/>You have the option of ordering some of our items fully assembled. In these cases, our trained mechanics will take care of the assembly. The service also includes the filling of the engine oil. All assembled units are delivered by forwarding agent.<\/p><p><strong>Click &amp; Collect<\/strong><br \/>Online orders that are collected from our location in Vienna, Floridsdorf will be ready for collection on the next working day at the latest. If you need your goods earlier, please feel free to contact us.<\/p><\/div><\/div><\/div><\/div><\/div><\/section><section><div class=\"container content-text background-white left\"><div class=\"row\"><div class=\"col-xs-12 col-sm-12 col-md-10 col-md-offset-1 col-lg-10 col-lg-offset-1 col\"><div class=\"column-content\"><h2>RETURN<\/h2><div class=\"rte-text\"><p>According to the Distance Selling Act, consumers have the right to return the ordered goods within 14 days without giving reasons. You can find more information about this in our\u00a0<a href=\"https:\/\/www.prochaska.eu\/en\/right-of-withdrawal\/\" target=\"_blank\" rel=\"noopener\">cancellation policy<\/a>.<\/p><p>In any case, the customer has to pay the costs of the return. Parcels can be sent by any parcel service (e.g. Post, DPD, DHL). For larger items, we will gladly arrange a return shipment with our forwarding agent upon request. We will pass on the costs for this to you without surcharge. These amount to approximately \u20ac 60 (incl. VAT) and will be deducted from your return transfer. If your return transfer amount is less than the return costs, you will be charged the difference.<\/p><p>In the event of a return, please enclose the completed sample cancellation form with your shipment! Please note that you must provide your bank details for the return transfer.<\/p><p><a href=\"https:\/\/www.prochaska.eu\/wp-content\/uploads\/2021\/01\/WF_Online_Shop.pdf\" target=\"_blank\" rel=\"noopener\">Sample cancellation form (PDF)<\/a><\/p><p>You are also welcome to bring your return in person to our TORO Centre in Vienna Floridsdorf.<\/p><p>Obligations to refund payments must be fulfilled within 30 days. The period begins with the reception of the cancellation declaration or the goods.<\/p><p><strong>Return address:<\/strong><\/p><p>Prochaska Handels GmbH<\/p><p>Pilzgasse 31<\/p><p>1210 Vienna<\/p><\/div><\/div><\/div><\/div><\/div><\/section>\t\t\t\t\t\t\t\t<\/div>\n\t\t\t\t\t<\/div>\n\t\t\t\t<\/div>\n\t\t\t\t<\/div>\n\t\t","protected":false},"excerpt":{"rendered":"<p>SHIPPING COSTS The following shipping costs apply to the shipping of the products in our online shop: Free delivery from an order value of \u20ac 100,- (incl. 20% VAT). Under \u20ac 100,- (incl. 20% VAT) shipping costs of \u20ac 7,50 (incl. 20% VAT) The shipping costs are displayed in your order overview and in the [&hellip;]<\/p>\n","protected":false},"author":1,"featured_media":0,"parent":0,"menu_order":0,"comment_status":"closed","ping_status":"closed","template":"elementor_header_footer","meta":{"footnotes":""},"class_list":["post-23214","page","type-page","status-publish","hentry"],"yoast_head":"<!-- This site is optimized with the Yoast SEO plugin v27.4 - https:\/\/yoast.com\/product\/yoast-seo-wordpress\/ -->\n<title>Shipping methods - Prochaska<\/title>\n<meta name=\"robots\" content=\"index, follow, max-snippet:-1, max-image-preview:large, max-video-preview:-1\" \/>\n<link rel=\"canonical\" href=\"https:\/\/prochaska.eu\/en\/shipping-methods\/\" \/>\n<meta property=\"og:locale\" content=\"en_US\" \/>\n<meta property=\"og:type\" content=\"article\" \/>\n<meta property=\"og:title\" content=\"Shipping methods - Prochaska\" \/>\n<meta property=\"og:description\" content=\"SHIPPING COSTS The following shipping costs apply to the shipping of the products in our online shop: Free delivery from an order value of \u20ac 100,- (incl. 20% VAT). Under \u20ac 100,- (incl. 20% VAT) shipping costs of \u20ac 7,50 (incl. 20% VAT) The shipping costs are displayed in your order overview and in the [&hellip;]\" \/>\n<meta property=\"og:url\" content=\"https:\/\/prochaska.eu\/en\/shipping-methods\/\" \/>\n<meta property=\"og:site_name\" content=\"Prochaska\" \/>\n<meta property=\"article:publisher\" content=\"https:\/\/www.facebook.com\/prochaska.eu\/\" \/>\n<meta property=\"article:modified_time\" content=\"2024-06-11T08:43:42+00:00\" \/>\n<meta name=\"twitter:card\" content=\"summary_large_image\" \/>\n<meta name=\"twitter:label1\" content=\"Est. reading time\" \/>\n\t<meta name=\"twitter:data1\" content=\"2 minutes\" \/>\n<script type=\"application\/ld+json\" class=\"yoast-schema-graph\">{\"@context\":\"https:\\\/\\\/schema.org\",\"@graph\":[{\"@type\":\"WebPage\",\"@id\":\"https:\\\/\\\/prochaska.eu\\\/en\\\/shipping-methods\\\/\",\"url\":\"https:\\\/\\\/prochaska.eu\\\/en\\\/shipping-methods\\\/\",\"name\":\"Shipping methods - Prochaska\",\"isPartOf\":{\"@id\":\"https:\\\/\\\/prochaska.eu\\\/en\\\/#website\"},\"datePublished\":\"2024-06-11T08:42:45+00:00\",\"dateModified\":\"2024-06-11T08:43:42+00:00\",\"breadcrumb\":{\"@id\":\"https:\\\/\\\/prochaska.eu\\\/en\\\/shipping-methods\\\/#breadcrumb\"},\"inLanguage\":\"en-US\",\"potentialAction\":[{\"@type\":\"ReadAction\",\"target\":[\"https:\\\/\\\/prochaska.eu\\\/en\\\/shipping-methods\\\/\"]}]},{\"@type\":\"BreadcrumbList\",\"@id\":\"https:\\\/\\\/prochaska.eu\\\/en\\\/shipping-methods\\\/#breadcrumb\",\"itemListElement\":[{\"@type\":\"ListItem\",\"position\":1,\"name\":\"Home\",\"item\":\"https:\\\/\\\/prochaska.eu\\\/en\\\/\"},{\"@type\":\"ListItem\",\"position\":2,\"name\":\"Shipping methods\"}]},{\"@type\":\"WebSite\",\"@id\":\"https:\\\/\\\/prochaska.eu\\\/en\\\/#website\",\"url\":\"https:\\\/\\\/prochaska.eu\\\/en\\\/\",\"name\":\"Prochaska\",\"description\":\"Spezialist f\u00fcr Pflege von Gr\u00fcnfl\u00e4chen\",\"publisher\":{\"@id\":\"https:\\\/\\\/prochaska.eu\\\/en\\\/#organization\"},\"potentialAction\":[{\"@type\":\"SearchAction\",\"target\":{\"@type\":\"EntryPoint\",\"urlTemplate\":\"https:\\\/\\\/prochaska.eu\\\/en\\\/?s={search_term_string}\"},\"query-input\":{\"@type\":\"PropertyValueSpecification\",\"valueRequired\":true,\"valueName\":\"search_term_string\"}}],\"inLanguage\":\"en-US\"},{\"@type\":\"Organization\",\"@id\":\"https:\\\/\\\/prochaska.eu\\\/en\\\/#organization\",\"name\":\"Prochaska\",\"url\":\"https:\\\/\\\/prochaska.eu\\\/en\\\/\",\"logo\":{\"@type\":\"ImageObject\",\"inLanguage\":\"en-US\",\"@id\":\"https:\\\/\\\/prochaska.eu\\\/en\\\/#\\\/schema\\\/logo\\\/image\\\/\",\"url\":\"https:\\\/\\\/prochaska.eu\\\/wp-content\\\/uploads\\\/2024\\\/04\\\/Prochaska_Logo_Black-1.png\",\"contentUrl\":\"https:\\\/\\\/prochaska.eu\\\/wp-content\\\/uploads\\\/2024\\\/04\\\/Prochaska_Logo_Black-1.png\",\"width\":796,\"height\":236,\"caption\":\"Prochaska\"},\"image\":{\"@id\":\"https:\\\/\\\/prochaska.eu\\\/en\\\/#\\\/schema\\\/logo\\\/image\\\/\"},\"sameAs\":[\"https:\\\/\\\/www.facebook.com\\\/prochaska.eu\\\/\",\"https:\\\/\\\/www.instagram.com\\\/prochaska.eu\\\/\",\"https:\\\/\\\/www.linkedin.com\\\/company\\\/prochaska-handels-gmbh\"]}]}<\/script>\n<!-- \/ Yoast SEO plugin. -->","yoast_head_json":{"title":"Shipping methods - Prochaska","robots":{"index":"index","follow":"follow","max-snippet":"max-snippet:-1","max-image-preview":"max-image-preview:large","max-video-preview":"max-video-preview:-1"},"canonical":"https:\/\/prochaska.eu\/en\/shipping-methods\/","og_locale":"en_US","og_type":"article","og_title":"Shipping methods - Prochaska","og_description":"SHIPPING COSTS The following shipping costs apply to the shipping of the products in our online shop: Free delivery from an order value of \u20ac 100,- (incl. 20% VAT). Under \u20ac 100,- (incl. 20% VAT) shipping costs of \u20ac 7,50 (incl. 20% VAT) The shipping costs are displayed in your order overview and in the [&hellip;]","og_url":"https:\/\/prochaska.eu\/en\/shipping-methods\/","og_site_name":"Prochaska","article_publisher":"https:\/\/www.facebook.com\/prochaska.eu\/","article_modified_time":"2024-06-11T08:43:42+00:00","twitter_card":"summary_large_image","twitter_misc":{"Est. reading time":"2 minutes"},"schema":{"@context":"https:\/\/schema.org","@graph":[{"@type":"WebPage","@id":"https:\/\/prochaska.eu\/en\/shipping-methods\/","url":"https:\/\/prochaska.eu\/en\/shipping-methods\/","name":"Shipping methods - Prochaska","isPartOf":{"@id":"https:\/\/prochaska.eu\/en\/#website"},"datePublished":"2024-06-11T08:42:45+00:00","dateModified":"2024-06-11T08:43:42+00:00","breadcrumb":{"@id":"https:\/\/prochaska.eu\/en\/shipping-methods\/#breadcrumb"},"inLanguage":"en-US","potentialAction":[{"@type":"ReadAction","target":["https:\/\/prochaska.eu\/en\/shipping-methods\/"]}]},{"@type":"BreadcrumbList","@id":"https:\/\/prochaska.eu\/en\/shipping-methods\/#breadcrumb","itemListElement":[{"@type":"ListItem","position":1,"name":"Home","item":"https:\/\/prochaska.eu\/en\/"},{"@type":"ListItem","position":2,"name":"Shipping methods"}]},{"@type":"WebSite","@id":"https:\/\/prochaska.eu\/en\/#website","url":"https:\/\/prochaska.eu\/en\/","name":"Prochaska","description":"Spezialist f\u00fcr Pflege von Gr\u00fcnfl\u00e4chen","publisher":{"@id":"https:\/\/prochaska.eu\/en\/#organization"},"potentialAction":[{"@type":"SearchAction","target":{"@type":"EntryPoint","urlTemplate":"https:\/\/prochaska.eu\/en\/?s={search_term_string}"},"query-input":{"@type":"PropertyValueSpecification","valueRequired":true,"valueName":"search_term_string"}}],"inLanguage":"en-US"},{"@type":"Organization","@id":"https:\/\/prochaska.eu\/en\/#organization","name":"Prochaska","url":"https:\/\/prochaska.eu\/en\/","logo":{"@type":"ImageObject","inLanguage":"en-US","@id":"https:\/\/prochaska.eu\/en\/#\/schema\/logo\/image\/","url":"https:\/\/prochaska.eu\/wp-content\/uploads\/2024\/04\/Prochaska_Logo_Black-1.png","contentUrl":"https:\/\/prochaska.eu\/wp-content\/uploads\/2024\/04\/Prochaska_Logo_Black-1.png","width":796,"height":236,"caption":"Prochaska"},"image":{"@id":"https:\/\/prochaska.eu\/en\/#\/schema\/logo\/image\/"},"sameAs":["https:\/\/www.facebook.com\/prochaska.eu\/","https:\/\/www.instagram.com\/prochaska.eu\/","https:\/\/www.linkedin.com\/company\/prochaska-handels-gmbh"]}]}},"_links":{"self":[{"href":"https:\/\/prochaska.eu\/en\/wp-json\/wp\/v2\/pages\/23214","targetHints":{"allow":["GET"]}}],"collection":[{"href":"https:\/\/prochaska.eu\/en\/wp-json\/wp\/v2\/pages"}],"about":[{"href":"https:\/\/prochaska.eu\/en\/wp-json\/wp\/v2\/types\/page"}],"author":[{"embeddable":true,"href":"https:\/\/prochaska.eu\/en\/wp-json\/wp\/v2\/users\/1"}],"replies":[{"embeddable":true,"href":"https:\/\/prochaska.eu\/en\/wp-json\/wp\/v2\/comments?post=23214"}],"version-history":[{"count":2,"href":"https:\/\/prochaska.eu\/en\/wp-json\/wp\/v2\/pages\/23214\/revisions"}],"predecessor-version":[{"id":23218,"href":"https:\/\/prochaska.eu\/en\/wp-json\/wp\/v2\/pages\/23214\/revisions\/23218"}],"wp:attachment":[{"href":"https:\/\/prochaska.eu\/en\/wp-json\/wp\/v2\/media?parent=23214"}],"curies":[{"name":"wp","href":"https:\/\/api.w.org\/{rel}","templated":true}]}}