{"id":23219,"date":"2024-06-11T08:44:47","date_gmt":"2024-06-11T08:44:47","guid":{"rendered":"https:\/\/prochaska.eu\/?page_id=23219"},"modified":"2024-06-11T08:46:01","modified_gmt":"2024-06-11T08:46:01","slug":"order-description","status":"publish","type":"page","link":"https:\/\/prochaska.eu\/en\/order-description\/","title":{"rendered":"Order Description"},"content":{"rendered":"\t\t<div data-elementor-type=\"wp-page\" data-elementor-id=\"23219\" class=\"elementor elementor-23219\" data-elementor-post-type=\"page\">\n\t\t\t\t<div class=\"elementor-element elementor-element-7134a8f e-flex e-con-boxed e-con e-parent\" data-id=\"7134a8f\" data-element_type=\"container\" data-e-type=\"container\">\n\t\t\t\t\t<div class=\"e-con-inner\">\n\t\t\t\t<div class=\"elementor-element elementor-element-bf209a9 elementor-widget elementor-widget-text-editor\" data-id=\"bf209a9\" data-element_type=\"widget\" data-e-type=\"widget\" data-widget_type=\"text-editor.default\">\n\t\t\t\t\t\t\t\t\t<h2>THIS IS HOW EASY YOU ORDER IN OUR WEBSHOP<\/h2><div class=\"rte-text\"><p>1. Select a product from our extensive range. You can find the desired article by selecting a product category or an area of application, by entering various filter functions or by entering the product name \/ product number in the search field set up for this purpose, top right. By clicking on the \u201cLearn more\u201d button, you will be taken to the product detail page, where you can find more detailed information.<\/p><p>2. Once you have decided on a product, click on the \u201cAdd to cart\u201d button. For selected products you can choose in advance between several product variants. However, the order has not yet been sent to us. The selected product is only in the so-called shopping cart.<\/p><p>3. The link to the shopping cart is located on the right in the main navigation. Here you can see which products you have already selected.<\/p><p>4. In the shopping cart you have the possibility to change the order quantity. To the left of the product image, you can remove the selected items from the shopping cart. You also have the option to change the quantity. After changing the order quantity, you must click on the button \u201cUpdate shopping cart\u201d to get the correct price displayed. The next step in the ordering process you start with a click on the button \u201cProceed to checkout\u201d.<\/p><p>5. Now you will be asked to enter your invoice details, as well as to select the desired payment method. If you have already opened a customer account in our webshop, your data will be filled in beforehand. To do this, log in with your e-mail address and password. If you are not a registered customer, your data must be filled in for the first time. You have the possibility to open a new customer account in this step.<\/p><p>6. Select whether you want your delivery to be sent to the billing address or to another address. If a different delivery address is required, enter the necessary data for shipping.<\/p><p>7. Select the payment method you want. For credit card payments, enter the card number, expiration date and security code.<\/p><p>8. In the right area you will again see an overview of your order. Check the order data again at this point. If you want to change something in the order options, you can do this by clicking on \u201cBack to shopping cart\u201d.<\/p><p>9. Now you should still read through the terms and conditions and the cancellation policy. By ticking the box you agree to the terms and conditions.<\/p><p>10. To complete your order click on the button \u201cOrder with costs\u201d. Your order will be transmitted to us and you will receive an e-mail confirmation of receipt with the compilation of your order and your data for delivery.<\/p><p><strong>We hope that our online store meets your expectations and that you are satisfied with our products and services.<\/strong><\/p><\/div>\t\t\t\t\t\t\t\t<\/div>\n\t\t\t\t\t<\/div>\n\t\t\t\t<\/div>\n\t\t\t\t<\/div>\n\t\t","protected":false},"excerpt":{"rendered":"<p>THIS IS HOW EASY YOU ORDER IN OUR WEBSHOP 1. Select a product from our extensive range. You can find the desired article by selecting a product category or an area of application, by entering various filter functions or by entering the product name \/ product number in the search field set up for this [&hellip;]<\/p>\n","protected":false},"author":1,"featured_media":0,"parent":0,"menu_order":0,"comment_status":"closed","ping_status":"closed","template":"elementor_header_footer","meta":{"footnotes":""},"class_list":["post-23219","page","type-page","status-publish","hentry"],"yoast_head":"<!-- This site is optimized with the Yoast SEO plugin v27.4 - https:\/\/yoast.com\/product\/yoast-seo-wordpress\/ -->\n<title>Order Description - Prochaska<\/title>\n<meta name=\"robots\" content=\"index, follow, max-snippet:-1, max-image-preview:large, max-video-preview:-1\" \/>\n<link rel=\"canonical\" href=\"https:\/\/prochaska.eu\/en\/order-description\/\" \/>\n<meta property=\"og:locale\" content=\"en_US\" \/>\n<meta property=\"og:type\" content=\"article\" \/>\n<meta property=\"og:title\" content=\"Order Description - Prochaska\" \/>\n<meta property=\"og:description\" content=\"THIS IS HOW EASY YOU ORDER IN OUR WEBSHOP 1. Select a product from our extensive range. You can find the desired article by selecting a product category or an area of application, by entering various filter functions or by entering the product name \/ product number in the search field set up for this [&hellip;]\" \/>\n<meta property=\"og:url\" content=\"https:\/\/prochaska.eu\/en\/order-description\/\" \/>\n<meta property=\"og:site_name\" content=\"Prochaska\" \/>\n<meta property=\"article:publisher\" content=\"https:\/\/www.facebook.com\/prochaska.eu\/\" \/>\n<meta property=\"article:modified_time\" content=\"2024-06-11T08:46:01+00:00\" \/>\n<meta name=\"twitter:card\" content=\"summary_large_image\" \/>\n<meta name=\"twitter:label1\" content=\"Est. reading time\" \/>\n\t<meta name=\"twitter:data1\" content=\"2 minutes\" \/>\n<script type=\"application\/ld+json\" class=\"yoast-schema-graph\">{\"@context\":\"https:\\\/\\\/schema.org\",\"@graph\":[{\"@type\":\"WebPage\",\"@id\":\"https:\\\/\\\/prochaska.eu\\\/en\\\/order-description\\\/\",\"url\":\"https:\\\/\\\/prochaska.eu\\\/en\\\/order-description\\\/\",\"name\":\"Order Description - Prochaska\",\"isPartOf\":{\"@id\":\"https:\\\/\\\/prochaska.eu\\\/en\\\/#website\"},\"datePublished\":\"2024-06-11T08:44:47+00:00\",\"dateModified\":\"2024-06-11T08:46:01+00:00\",\"breadcrumb\":{\"@id\":\"https:\\\/\\\/prochaska.eu\\\/en\\\/order-description\\\/#breadcrumb\"},\"inLanguage\":\"en-US\",\"potentialAction\":[{\"@type\":\"ReadAction\",\"target\":[\"https:\\\/\\\/prochaska.eu\\\/en\\\/order-description\\\/\"]}]},{\"@type\":\"BreadcrumbList\",\"@id\":\"https:\\\/\\\/prochaska.eu\\\/en\\\/order-description\\\/#breadcrumb\",\"itemListElement\":[{\"@type\":\"ListItem\",\"position\":1,\"name\":\"Home\",\"item\":\"https:\\\/\\\/prochaska.eu\\\/en\\\/\"},{\"@type\":\"ListItem\",\"position\":2,\"name\":\"Order Description\"}]},{\"@type\":\"WebSite\",\"@id\":\"https:\\\/\\\/prochaska.eu\\\/en\\\/#website\",\"url\":\"https:\\\/\\\/prochaska.eu\\\/en\\\/\",\"name\":\"Prochaska\",\"description\":\"Spezialist f\u00fcr Pflege von Gr\u00fcnfl\u00e4chen\",\"publisher\":{\"@id\":\"https:\\\/\\\/prochaska.eu\\\/en\\\/#organization\"},\"potentialAction\":[{\"@type\":\"SearchAction\",\"target\":{\"@type\":\"EntryPoint\",\"urlTemplate\":\"https:\\\/\\\/prochaska.eu\\\/en\\\/?s={search_term_string}\"},\"query-input\":{\"@type\":\"PropertyValueSpecification\",\"valueRequired\":true,\"valueName\":\"search_term_string\"}}],\"inLanguage\":\"en-US\"},{\"@type\":\"Organization\",\"@id\":\"https:\\\/\\\/prochaska.eu\\\/en\\\/#organization\",\"name\":\"Prochaska\",\"url\":\"https:\\\/\\\/prochaska.eu\\\/en\\\/\",\"logo\":{\"@type\":\"ImageObject\",\"inLanguage\":\"en-US\",\"@id\":\"https:\\\/\\\/prochaska.eu\\\/en\\\/#\\\/schema\\\/logo\\\/image\\\/\",\"url\":\"https:\\\/\\\/prochaska.eu\\\/wp-content\\\/uploads\\\/2024\\\/04\\\/Prochaska_Logo_Black-1.png\",\"contentUrl\":\"https:\\\/\\\/prochaska.eu\\\/wp-content\\\/uploads\\\/2024\\\/04\\\/Prochaska_Logo_Black-1.png\",\"width\":796,\"height\":236,\"caption\":\"Prochaska\"},\"image\":{\"@id\":\"https:\\\/\\\/prochaska.eu\\\/en\\\/#\\\/schema\\\/logo\\\/image\\\/\"},\"sameAs\":[\"https:\\\/\\\/www.facebook.com\\\/prochaska.eu\\\/\",\"https:\\\/\\\/www.instagram.com\\\/prochaska.eu\\\/\",\"https:\\\/\\\/www.linkedin.com\\\/company\\\/prochaska-handels-gmbh\"]}]}<\/script>\n<!-- \/ Yoast SEO plugin. -->","yoast_head_json":{"title":"Order Description - Prochaska","robots":{"index":"index","follow":"follow","max-snippet":"max-snippet:-1","max-image-preview":"max-image-preview:large","max-video-preview":"max-video-preview:-1"},"canonical":"https:\/\/prochaska.eu\/en\/order-description\/","og_locale":"en_US","og_type":"article","og_title":"Order Description - Prochaska","og_description":"THIS IS HOW EASY YOU ORDER IN OUR WEBSHOP 1. Select a product from our extensive range. You can find the desired article by selecting a product category or an area of application, by entering various filter functions or by entering the product name \/ product number in the search field set up for this [&hellip;]","og_url":"https:\/\/prochaska.eu\/en\/order-description\/","og_site_name":"Prochaska","article_publisher":"https:\/\/www.facebook.com\/prochaska.eu\/","article_modified_time":"2024-06-11T08:46:01+00:00","twitter_card":"summary_large_image","twitter_misc":{"Est. reading time":"2 minutes"},"schema":{"@context":"https:\/\/schema.org","@graph":[{"@type":"WebPage","@id":"https:\/\/prochaska.eu\/en\/order-description\/","url":"https:\/\/prochaska.eu\/en\/order-description\/","name":"Order Description - Prochaska","isPartOf":{"@id":"https:\/\/prochaska.eu\/en\/#website"},"datePublished":"2024-06-11T08:44:47+00:00","dateModified":"2024-06-11T08:46:01+00:00","breadcrumb":{"@id":"https:\/\/prochaska.eu\/en\/order-description\/#breadcrumb"},"inLanguage":"en-US","potentialAction":[{"@type":"ReadAction","target":["https:\/\/prochaska.eu\/en\/order-description\/"]}]},{"@type":"BreadcrumbList","@id":"https:\/\/prochaska.eu\/en\/order-description\/#breadcrumb","itemListElement":[{"@type":"ListItem","position":1,"name":"Home","item":"https:\/\/prochaska.eu\/en\/"},{"@type":"ListItem","position":2,"name":"Order Description"}]},{"@type":"WebSite","@id":"https:\/\/prochaska.eu\/en\/#website","url":"https:\/\/prochaska.eu\/en\/","name":"Prochaska","description":"Spezialist f\u00fcr Pflege von Gr\u00fcnfl\u00e4chen","publisher":{"@id":"https:\/\/prochaska.eu\/en\/#organization"},"potentialAction":[{"@type":"SearchAction","target":{"@type":"EntryPoint","urlTemplate":"https:\/\/prochaska.eu\/en\/?s={search_term_string}"},"query-input":{"@type":"PropertyValueSpecification","valueRequired":true,"valueName":"search_term_string"}}],"inLanguage":"en-US"},{"@type":"Organization","@id":"https:\/\/prochaska.eu\/en\/#organization","name":"Prochaska","url":"https:\/\/prochaska.eu\/en\/","logo":{"@type":"ImageObject","inLanguage":"en-US","@id":"https:\/\/prochaska.eu\/en\/#\/schema\/logo\/image\/","url":"https:\/\/prochaska.eu\/wp-content\/uploads\/2024\/04\/Prochaska_Logo_Black-1.png","contentUrl":"https:\/\/prochaska.eu\/wp-content\/uploads\/2024\/04\/Prochaska_Logo_Black-1.png","width":796,"height":236,"caption":"Prochaska"},"image":{"@id":"https:\/\/prochaska.eu\/en\/#\/schema\/logo\/image\/"},"sameAs":["https:\/\/www.facebook.com\/prochaska.eu\/","https:\/\/www.instagram.com\/prochaska.eu\/","https:\/\/www.linkedin.com\/company\/prochaska-handels-gmbh"]}]}},"_links":{"self":[{"href":"https:\/\/prochaska.eu\/en\/wp-json\/wp\/v2\/pages\/23219","targetHints":{"allow":["GET"]}}],"collection":[{"href":"https:\/\/prochaska.eu\/en\/wp-json\/wp\/v2\/pages"}],"about":[{"href":"https:\/\/prochaska.eu\/en\/wp-json\/wp\/v2\/types\/page"}],"author":[{"embeddable":true,"href":"https:\/\/prochaska.eu\/en\/wp-json\/wp\/v2\/users\/1"}],"replies":[{"embeddable":true,"href":"https:\/\/prochaska.eu\/en\/wp-json\/wp\/v2\/comments?post=23219"}],"version-history":[{"count":2,"href":"https:\/\/prochaska.eu\/en\/wp-json\/wp\/v2\/pages\/23219\/revisions"}],"predecessor-version":[{"id":23223,"href":"https:\/\/prochaska.eu\/en\/wp-json\/wp\/v2\/pages\/23219\/revisions\/23223"}],"wp:attachment":[{"href":"https:\/\/prochaska.eu\/en\/wp-json\/wp\/v2\/media?parent=23219"}],"curies":[{"name":"wp","href":"https:\/\/api.w.org\/{rel}","templated":true}]}}