{"id":23761,"date":"2024-06-13T13:13:43","date_gmt":"2024-06-13T13:13:43","guid":{"rendered":"https:\/\/prochaska.eu\/?page_id=23761"},"modified":"2024-06-13T13:15:24","modified_gmt":"2024-06-13T13:15:24","slug":"imprint","status":"publish","type":"page","link":"https:\/\/prochaska.eu\/en\/imprint\/","title":{"rendered":"Imprint"},"content":{"rendered":"<style>.elementor-23761 .elementor-element.elementor-element-82e22fb{--display:flex;--margin-top:50px;--margin-bottom:50px;--margin-left:0px;--margin-right:0px;}.elementor-widget-text-editor{font-family:var( --e-global-typography-text-font-family ), Sans-serif;font-weight:var( --e-global-typography-text-font-weight );color:var( --e-global-color-text );}.elementor-widget-text-editor.elementor-drop-cap-view-stacked .elementor-drop-cap{background-color:var( --e-global-color-primary );}.elementor-widget-text-editor.elementor-drop-cap-view-framed .elementor-drop-cap, .elementor-widget-text-editor.elementor-drop-cap-view-default .elementor-drop-cap{color:var( --e-global-color-primary );border-color:var( --e-global-color-primary );}.elementor-23761 .elementor-element.elementor-element-59ba360{text-align:justify;margin:0px 0px calc(var(--kit-widget-spacing, 0px) + 0px) 0px;}@media(min-width:768px){.elementor-23761 .elementor-element.elementor-element-82e22fb{--content-width:850px;}}<\/style>\t\t<div data-elementor-type=\"wp-page\" data-elementor-id=\"23761\" class=\"elementor elementor-23761\" data-elementor-post-type=\"page\">\n\t\t\t\t<div class=\"elementor-element elementor-element-82e22fb e-flex e-con-boxed e-con e-parent\" data-id=\"82e22fb\" data-element_type=\"container\" data-e-type=\"container\">\n\t\t\t\t\t<div class=\"e-con-inner\">\n\t\t\t\t<div class=\"elementor-element elementor-element-59ba360 elementor-widget elementor-widget-text-editor\" data-id=\"59ba360\" data-element_type=\"widget\" data-e-type=\"widget\" data-widget_type=\"text-editor.default\">\n\t\t\t\t\t\t\t\t\t<section><div class=\"container content-text background-white left\"><div class=\"row\"><div class=\"col-xs-12 col-sm-12 col-md-10 col-md-offset-1 col-lg-10 col-lg-offset-1 col\"><div class=\"column-content\"><h2>PROCHASKA HANDELS GMBH<\/h2><div class=\"rte-text\"><p>Pilzgasse 31<br \/>1210 Vienna<br \/>Austria<\/p><p>Tel.:\u00a0<a href=\"tel:+4312785100110\">+43 (1) 278 51 00 \u2013 110<\/a><br \/>Fax: +43 (1) 278 51 00 \u2013 900<br \/>Internet: www.prochaska.eu<br \/>E-Mail:\u00a0<a href=\"mailto:sales@prochaska.eu\">sales@prochaska.eu<\/a><\/p><p>Headquarter: Wien<br \/>Company register number: FN 307146k<br \/>Commercial court: Commercial court Vienna<br \/>DVR-Nr: 0602264<br \/>UID-Nr.: ATU 64085233<br \/>GLN: 9120043920002<br \/>ISA Nr. 133928<br \/>EORI Nr. ATEOS1000010217<\/p><p>Managing Director: Dr. Andreas Heger<\/p><p>Purpose of the company: Trade and distribution of garden equipment, snow room equipment, municipal, lawn golf machines and irrigation systems.<\/p><p>This website is used to transmit information about products and services of Prochaska Handels GmbH.<br \/>Associated Chamber of Commerce and reference to the applicable trade regulations (trade regulations):\u00a0<a href=\"http:\/\/www.ris.bka.gv.at\/\" target=\"_blank\" rel=\"noopener\">www.ris.bka.gv.at<\/a><\/p><p class=\"functn\"><a href=\"https:\/\/www.functn.com\/\" target=\"_blank\" rel=\"noopener\">developed by functn<span class=\"blink cursor\">|<\/span><\/a><\/p><\/div><\/div><\/div><\/div><\/div><\/section><section><div class=\"container content-text background-white left\"><div class=\"row\"><div class=\"col-xs-12 col-sm-12 col-md-10 col-md-offset-1 col-lg-10 col-lg-offset-1 col\"><div class=\"column-content\"><h2>EXTERNAL LINKS<\/h2><div class=\"rte-text\"><p>This website contains links to third party websites (\u201cexternal links\u201d). These websites are the responsibility of the respective operators. When the external links were first linked, the provider checked the third-party content to determine whether there were any legal violations. No violations of the law were evident at the time. The provider has no influence on the current and future design and on the content of the linked pages. The setting of external links does not mean that the provider adopts the content behind the reference or link. A permanent control of the external links is not reasonable for the provider without concrete indications of legal violations. With knowledge of legal violations, such external links will be deleted immediately. Despite careful control of the content, no liability can be accepted for the content of external links. The operators of the linked pages are solely responsible for their content.<\/p><\/div><\/div><\/div><\/div><\/div><\/section><section><div class=\"container content-text background-white left\"><div class=\"row\"><div class=\"col-xs-12 col-sm-12 col-md-10 col-md-offset-1 col-lg-10 col-lg-offset-1 col\"><div class=\"column-content\"><h2>COPYRIGHT &amp; DISCLAIMER<\/h2><div class=\"rte-text\"><p>With regard to the technical properties of the Internet, no guarantee can be given for the authenticity, correctness and completeness of the information made available on the Internet. There is also no guarantee for the availability or operation of the homepage and its content.<\/p><p>Any liability for direct, indirect or other damage, regardless of its cause, which arises from the use or unavailability of the data and information on this homepage, is excluded to the extent permitted by law.<\/p><p>The content of this website is protected by copyright. The information is for personal use only. Any further use, in particular storage in databases, duplication and any form of commercial use as well as passing on to third parties \u2013 also in parts or in revised form \u2013 without the consent of the website owner is prohibited.<\/p><\/div><\/div><\/div><\/div><\/div><\/section>\t\t\t\t\t\t\t\t<\/div>\n\t\t\t\t\t<\/div>\n\t\t\t\t<\/div>\n\t\t\t\t<\/div>\n\t\t","protected":false},"excerpt":{"rendered":"<p>PROCHASKA HANDELS GMBH Pilzgasse 311210 ViennaAustria Tel.:\u00a0+43 (1) 278 51 00 \u2013 110Fax: +43 (1) 278 51 00 \u2013 900Internet: www.prochaska.euE-Mail:\u00a0sales@prochaska.eu Headquarter: WienCompany register number: FN 307146kCommercial court: Commercial court ViennaDVR-Nr: 0602264UID-Nr.: ATU 64085233GLN: 9120043920002ISA Nr. 133928EORI Nr. ATEOS1000010217 Managing Director: Dr. Andreas Heger Purpose of the company: Trade and distribution of garden equipment, snow [&hellip;]<\/p>\n","protected":false},"author":1,"featured_media":0,"parent":0,"menu_order":0,"comment_status":"closed","ping_status":"closed","template":"elementor_header_footer","meta":{"footnotes":""},"class_list":["post-23761","page","type-page","status-publish","hentry"],"yoast_head":"<!-- This site is optimized with the Yoast SEO plugin v27.2 - https:\/\/yoast.com\/product\/yoast-seo-wordpress\/ -->\n<title>Imprint - Prochaska<\/title>\n<meta name=\"robots\" content=\"index, follow, max-snippet:-1, max-image-preview:large, max-video-preview:-1\" \/>\n<link rel=\"canonical\" href=\"https:\/\/prochaska.eu\/en\/imprint\/\" \/>\n<meta property=\"og:locale\" content=\"en_US\" \/>\n<meta property=\"og:type\" content=\"article\" \/>\n<meta property=\"og:title\" content=\"Imprint - Prochaska\" \/>\n<meta property=\"og:description\" content=\"PROCHASKA HANDELS GMBH Pilzgasse 311210 ViennaAustria Tel.:\u00a0+43 (1) 278 51 00 \u2013 110Fax: +43 (1) 278 51 00 \u2013 900Internet: www.prochaska.euE-Mail:\u00a0sales@prochaska.eu Headquarter: WienCompany register number: FN 307146kCommercial court: Commercial court ViennaDVR-Nr: 0602264UID-Nr.: ATU 64085233GLN: 9120043920002ISA Nr. 133928EORI Nr. ATEOS1000010217 Managing Director: Dr. Andreas Heger Purpose of the company: Trade and distribution of garden equipment, snow [&hellip;]\" \/>\n<meta property=\"og:url\" content=\"https:\/\/prochaska.eu\/en\/imprint\/\" \/>\n<meta property=\"og:site_name\" content=\"Prochaska\" \/>\n<meta property=\"article:publisher\" content=\"https:\/\/www.facebook.com\/prochaska.eu\/\" \/>\n<meta property=\"article:modified_time\" content=\"2024-06-13T13:15:24+00:00\" \/>\n<meta name=\"twitter:card\" content=\"summary_large_image\" \/>\n<meta name=\"twitter:label1\" content=\"Est. reading time\" \/>\n\t<meta name=\"twitter:data1\" content=\"2 minutes\" \/>\n<script type=\"application\/ld+json\" class=\"yoast-schema-graph\">{\"@context\":\"https:\/\/schema.org\",\"@graph\":[{\"@type\":\"WebPage\",\"@id\":\"https:\/\/prochaska.eu\/en\/imprint\/\",\"url\":\"https:\/\/prochaska.eu\/en\/imprint\/\",\"name\":\"Imprint - Prochaska\",\"isPartOf\":{\"@id\":\"https:\/\/prochaska.eu\/en\/#website\"},\"datePublished\":\"2024-06-13T13:13:43+00:00\",\"dateModified\":\"2024-06-13T13:15:24+00:00\",\"breadcrumb\":{\"@id\":\"https:\/\/prochaska.eu\/en\/imprint\/#breadcrumb\"},\"inLanguage\":\"en-US\",\"potentialAction\":[{\"@type\":\"ReadAction\",\"target\":[\"https:\/\/prochaska.eu\/en\/imprint\/\"]}]},{\"@type\":\"BreadcrumbList\",\"@id\":\"https:\/\/prochaska.eu\/en\/imprint\/#breadcrumb\",\"itemListElement\":[{\"@type\":\"ListItem\",\"position\":1,\"name\":\"Home\",\"item\":\"https:\/\/prochaska.eu\/en\/\"},{\"@type\":\"ListItem\",\"position\":2,\"name\":\"Imprint\"}]},{\"@type\":\"WebSite\",\"@id\":\"https:\/\/prochaska.eu\/en\/#website\",\"url\":\"https:\/\/prochaska.eu\/en\/\",\"name\":\"Prochaska\",\"description\":\"Spezialist f\u00fcr Pflege von Gr\u00fcnfl\u00e4chen\",\"publisher\":{\"@id\":\"https:\/\/prochaska.eu\/en\/#organization\"},\"potentialAction\":[{\"@type\":\"SearchAction\",\"target\":{\"@type\":\"EntryPoint\",\"urlTemplate\":\"https:\/\/prochaska.eu\/en\/?s={search_term_string}\"},\"query-input\":{\"@type\":\"PropertyValueSpecification\",\"valueRequired\":true,\"valueName\":\"search_term_string\"}}],\"inLanguage\":\"en-US\"},{\"@type\":\"Organization\",\"@id\":\"https:\/\/prochaska.eu\/en\/#organization\",\"name\":\"Prochaska\",\"url\":\"https:\/\/prochaska.eu\/en\/\",\"logo\":{\"@type\":\"ImageObject\",\"inLanguage\":\"en-US\",\"@id\":\"https:\/\/prochaska.eu\/en\/#\/schema\/logo\/image\/\",\"url\":\"https:\/\/prochaska.eu\/wp-content\/uploads\/2024\/04\/Prochaska_Logo_Black-1.png\",\"contentUrl\":\"https:\/\/prochaska.eu\/wp-content\/uploads\/2024\/04\/Prochaska_Logo_Black-1.png\",\"width\":796,\"height\":236,\"caption\":\"Prochaska\"},\"image\":{\"@id\":\"https:\/\/prochaska.eu\/en\/#\/schema\/logo\/image\/\"},\"sameAs\":[\"https:\/\/www.facebook.com\/prochaska.eu\/\",\"https:\/\/www.instagram.com\/prochaska.eu\/\",\"https:\/\/www.linkedin.com\/company\/prochaska-handels-gmbh\"]}]}<\/script>\n<!-- \/ Yoast SEO plugin. -->","yoast_head_json":{"title":"Imprint - Prochaska","robots":{"index":"index","follow":"follow","max-snippet":"max-snippet:-1","max-image-preview":"max-image-preview:large","max-video-preview":"max-video-preview:-1"},"canonical":"https:\/\/prochaska.eu\/en\/imprint\/","og_locale":"en_US","og_type":"article","og_title":"Imprint - Prochaska","og_description":"PROCHASKA HANDELS GMBH Pilzgasse 311210 ViennaAustria Tel.:\u00a0+43 (1) 278 51 00 \u2013 110Fax: +43 (1) 278 51 00 \u2013 900Internet: www.prochaska.euE-Mail:\u00a0sales@prochaska.eu Headquarter: WienCompany register number: FN 307146kCommercial court: Commercial court ViennaDVR-Nr: 0602264UID-Nr.: ATU 64085233GLN: 9120043920002ISA Nr. 133928EORI Nr. ATEOS1000010217 Managing Director: Dr. Andreas Heger Purpose of the company: Trade and distribution of garden equipment, snow [&hellip;]","og_url":"https:\/\/prochaska.eu\/en\/imprint\/","og_site_name":"Prochaska","article_publisher":"https:\/\/www.facebook.com\/prochaska.eu\/","article_modified_time":"2024-06-13T13:15:24+00:00","twitter_card":"summary_large_image","twitter_misc":{"Est. reading time":"2 minutes"},"schema":{"@context":"https:\/\/schema.org","@graph":[{"@type":"WebPage","@id":"https:\/\/prochaska.eu\/en\/imprint\/","url":"https:\/\/prochaska.eu\/en\/imprint\/","name":"Imprint - Prochaska","isPartOf":{"@id":"https:\/\/prochaska.eu\/en\/#website"},"datePublished":"2024-06-13T13:13:43+00:00","dateModified":"2024-06-13T13:15:24+00:00","breadcrumb":{"@id":"https:\/\/prochaska.eu\/en\/imprint\/#breadcrumb"},"inLanguage":"en-US","potentialAction":[{"@type":"ReadAction","target":["https:\/\/prochaska.eu\/en\/imprint\/"]}]},{"@type":"BreadcrumbList","@id":"https:\/\/prochaska.eu\/en\/imprint\/#breadcrumb","itemListElement":[{"@type":"ListItem","position":1,"name":"Home","item":"https:\/\/prochaska.eu\/en\/"},{"@type":"ListItem","position":2,"name":"Imprint"}]},{"@type":"WebSite","@id":"https:\/\/prochaska.eu\/en\/#website","url":"https:\/\/prochaska.eu\/en\/","name":"Prochaska","description":"Spezialist f\u00fcr Pflege von Gr\u00fcnfl\u00e4chen","publisher":{"@id":"https:\/\/prochaska.eu\/en\/#organization"},"potentialAction":[{"@type":"SearchAction","target":{"@type":"EntryPoint","urlTemplate":"https:\/\/prochaska.eu\/en\/?s={search_term_string}"},"query-input":{"@type":"PropertyValueSpecification","valueRequired":true,"valueName":"search_term_string"}}],"inLanguage":"en-US"},{"@type":"Organization","@id":"https:\/\/prochaska.eu\/en\/#organization","name":"Prochaska","url":"https:\/\/prochaska.eu\/en\/","logo":{"@type":"ImageObject","inLanguage":"en-US","@id":"https:\/\/prochaska.eu\/en\/#\/schema\/logo\/image\/","url":"https:\/\/prochaska.eu\/wp-content\/uploads\/2024\/04\/Prochaska_Logo_Black-1.png","contentUrl":"https:\/\/prochaska.eu\/wp-content\/uploads\/2024\/04\/Prochaska_Logo_Black-1.png","width":796,"height":236,"caption":"Prochaska"},"image":{"@id":"https:\/\/prochaska.eu\/en\/#\/schema\/logo\/image\/"},"sameAs":["https:\/\/www.facebook.com\/prochaska.eu\/","https:\/\/www.instagram.com\/prochaska.eu\/","https:\/\/www.linkedin.com\/company\/prochaska-handels-gmbh"]}]}},"_links":{"self":[{"href":"https:\/\/prochaska.eu\/en\/wp-json\/wp\/v2\/pages\/23761","targetHints":{"allow":["GET"]}}],"collection":[{"href":"https:\/\/prochaska.eu\/en\/wp-json\/wp\/v2\/pages"}],"about":[{"href":"https:\/\/prochaska.eu\/en\/wp-json\/wp\/v2\/types\/page"}],"author":[{"embeddable":true,"href":"https:\/\/prochaska.eu\/en\/wp-json\/wp\/v2\/users\/1"}],"replies":[{"embeddable":true,"href":"https:\/\/prochaska.eu\/en\/wp-json\/wp\/v2\/comments?post=23761"}],"version-history":[{"count":2,"href":"https:\/\/prochaska.eu\/en\/wp-json\/wp\/v2\/pages\/23761\/revisions"}],"predecessor-version":[{"id":23765,"href":"https:\/\/prochaska.eu\/en\/wp-json\/wp\/v2\/pages\/23761\/revisions\/23765"}],"wp:attachment":[{"href":"https:\/\/prochaska.eu\/en\/wp-json\/wp\/v2\/media?parent=23761"}],"curies":[{"name":"wp","href":"https:\/\/api.w.org\/{rel}","templated":true}]}}