{"id":26955,"date":"2024-06-28T12:21:16","date_gmt":"2024-06-28T12:21:16","guid":{"rendered":"https:\/\/prochaska.eu\/career\/"},"modified":"2025-05-07T11:19:05","modified_gmt":"2025-05-07T11:19:05","slug":"career","status":"publish","type":"page","link":"https:\/\/prochaska.eu\/en\/career\/","title":{"rendered":"CAREER"},"content":{"rendered":"<style>.elementor-26955 .elementor-element.elementor-element-ec1c6da{--display:flex;--min-height:600px;--flex-direction:column;--container-widget-width:calc( ( 1 - var( --container-widget-flex-grow ) ) * 100% );--container-widget-height:initial;--container-widget-flex-grow:0;--container-widget-align-self:initial;--flex-wrap-mobile:wrap;--justify-content:center;--align-items:center;--overlay-opacity:0.4;}.elementor-26955 .elementor-element.elementor-element-ec1c6da:not(.elementor-motion-effects-element-type-background), .elementor-26955 .elementor-element.elementor-element-ec1c6da > .elementor-motion-effects-container > .elementor-motion-effects-layer{background-image:url(\"https:\/\/prochaska.eu\/wp-content\/uploads\/2024\/06\/headerbild_garia-1-scaled.jpeg\");background-position:center center;background-repeat:no-repeat;background-size:cover;}.elementor-26955 .elementor-element.elementor-element-ec1c6da::before, .elementor-26955 .elementor-element.elementor-element-ec1c6da > .elementor-background-video-container::before, .elementor-26955 .elementor-element.elementor-element-ec1c6da > .e-con-inner > .elementor-background-video-container::before, .elementor-26955 .elementor-element.elementor-element-ec1c6da > .elementor-background-slideshow::before, .elementor-26955 .elementor-element.elementor-element-ec1c6da > .e-con-inner > .elementor-background-slideshow::before, .elementor-26955 .elementor-element.elementor-element-ec1c6da > .elementor-motion-effects-container > .elementor-motion-effects-layer::before{--background-overlay:'';background-color:#000000;}.elementor-widget-heading .elementor-heading-title{font-family:var( --e-global-typography-primary-font-family ), Sans-serif;font-weight:var( --e-global-typography-primary-font-weight );color:var( --e-global-color-primary );}.elementor-26955 .elementor-element.elementor-element-ca269e2 .elementor-heading-title{font-family:\"GTWalsheim Regular\", Sans-serif;font-size:40px;font-weight:600;color:#FFFFFF;}.elementor-26955 .elementor-element.elementor-element-53ffa2b{--display:flex;--flex-direction:row;--container-widget-width:initial;--container-widget-height:100%;--container-widget-flex-grow:1;--container-widget-align-self:stretch;--flex-wrap-mobile:wrap;--gap:0px 0px;--row-gap:0px;--column-gap:0px;--margin-top:60px;--margin-bottom:60px;--margin-left:0px;--margin-right:0px;}.elementor-26955 .elementor-element.elementor-element-3e3298a{--display:flex;--flex-direction:column;--container-widget-width:100%;--container-widget-height:initial;--container-widget-flex-grow:0;--container-widget-align-self:initial;--flex-wrap-mobile:wrap;--padding-top:0px;--padding-bottom:0px;--padding-left:0px;--padding-right:0px;}.elementor-26955 .elementor-element.elementor-element-a6d0e09 .elementor-heading-title{font-family:\"GTWalsheim Regular\", Sans-serif;font-size:20px;font-weight:600;text-transform:uppercase;line-height:50px;}.elementor-widget-button .elementor-button{font-family:var( --e-global-typography-accent-font-family ), Sans-serif;font-weight:var( --e-global-typography-accent-font-weight );background-color:var( --e-global-color-accent );}.elementor-26955 .elementor-element.elementor-element-067965e .elementor-button{background-color:var( --e-global-color-accent );}.elementor-26955 .elementor-element.elementor-element-067965e .elementor-button:hover, .elementor-26955 .elementor-element.elementor-element-067965e .elementor-button:focus{background-color:var( --e-global-color-4121b71 );}.elementor-26955 .elementor-element.elementor-element-03d3507 .elementor-button{background-color:var( --e-global-color-accent );}.elementor-26955 .elementor-element.elementor-element-03d3507 .elementor-button:hover, .elementor-26955 .elementor-element.elementor-element-03d3507 .elementor-button:focus{background-color:var( --e-global-color-4121b71 );}.elementor-26955 .elementor-element.elementor-element-90ac85f{--display:flex;--flex-direction:column;--container-widget-width:100%;--container-widget-height:initial;--container-widget-flex-grow:0;--container-widget-align-self:initial;--flex-wrap-mobile:wrap;--margin-top:0px;--margin-bottom:0px;--margin-left:0px;--margin-right:0px;--padding-top:0px;--padding-bottom:0px;--padding-left:60px;--padding-right:0px;}.elementor-26955 .elementor-element.elementor-element-1181efc .elementor-heading-title{font-family:\"GTWalsheim Regular\", Sans-serif;font-size:20px;font-weight:600;line-height:50px;color:var( --e-global-color-secondary );}.elementor-widget-text-editor{font-family:var( --e-global-typography-text-font-family ), Sans-serif;font-weight:var( --e-global-typography-text-font-weight );color:var( --e-global-color-text );}.elementor-widget-text-editor.elementor-drop-cap-view-stacked .elementor-drop-cap{background-color:var( --e-global-color-primary );}.elementor-widget-text-editor.elementor-drop-cap-view-framed .elementor-drop-cap, .elementor-widget-text-editor.elementor-drop-cap-view-default .elementor-drop-cap{color:var( --e-global-color-primary );border-color:var( --e-global-color-primary );}.elementor-26955 .elementor-element.elementor-element-207d89e{--display:flex;--flex-direction:row;--container-widget-width:initial;--container-widget-height:100%;--container-widget-flex-grow:1;--container-widget-align-self:stretch;--flex-wrap-mobile:wrap;--gap:0px 0px;--row-gap:0px;--column-gap:0px;--margin-top:0px;--margin-bottom:40px;--margin-left:0px;--margin-right:0px;}.elementor-26955 .elementor-element.elementor-element-e2d09a3{--display:flex;--flex-direction:column;--container-widget-width:100%;--container-widget-height:initial;--container-widget-flex-grow:0;--container-widget-align-self:initial;--flex-wrap-mobile:wrap;--justify-content:center;--padding-top:0px;--padding-bottom:0px;--padding-left:0px;--padding-right:40px;}.elementor-26955 .elementor-element.elementor-element-1221957 .elementor-heading-title{font-family:\"GTWalsheim Regular\", Sans-serif;font-size:20px;font-weight:600;text-transform:uppercase;line-height:50px;color:var( --e-global-color-4121b71 );}.elementor-26955 .elementor-element.elementor-element-35044e0{--display:flex;--flex-direction:column;--container-widget-width:100%;--container-widget-height:initial;--container-widget-flex-grow:0;--container-widget-align-self:initial;--flex-wrap-mobile:wrap;}.elementor-widget-image .widget-image-caption{color:var( --e-global-color-text );font-family:var( --e-global-typography-text-font-family ), Sans-serif;font-weight:var( --e-global-typography-text-font-weight );}.elementor-26955 .elementor-element.elementor-element-cb64243{--display:flex;--flex-direction:column;--container-widget-width:100%;--container-widget-height:initial;--container-widget-flex-grow:0;--container-widget-align-self:initial;--flex-wrap-mobile:wrap;--margin-top:0px;--margin-bottom:100px;--margin-left:0px;--margin-right:0px;}.elementor-26955 .elementor-element.elementor-element-48f17f1{text-align:center;}.elementor-26955 .elementor-element.elementor-element-48f17f1 .elementor-heading-title{font-family:\"GTWalsheim Regular\", Sans-serif;font-size:20px;font-weight:600;line-height:50px;color:var( --e-global-color-secondary );}.elementor-26955 .elementor-element.elementor-element-e035357{text-align:center;}@media(min-width:768px){.elementor-26955 .elementor-element.elementor-element-3e3298a{--width:33.3333%;}.elementor-26955 .elementor-element.elementor-element-90ac85f{--width:66.6666%;}.elementor-26955 .elementor-element.elementor-element-e2d09a3{--width:50%;}.elementor-26955 .elementor-element.elementor-element-35044e0{--width:50%;}}@media(max-width:767px){.elementor-26955 .elementor-element.elementor-element-53ffa2b{--margin-top:20px;--margin-bottom:30px;--margin-left:0px;--margin-right:0px;}.elementor-26955 .elementor-element.elementor-element-3e3298a{--padding-top:20px;--padding-bottom:20px;--padding-left:20px;--padding-right:20px;}.elementor-26955 .elementor-element.elementor-element-90ac85f{--padding-top:20px;--padding-bottom:20px;--padding-left:20px;--padding-right:20px;}.elementor-26955 .elementor-element.elementor-element-1181efc .elementor-heading-title{line-height:1.5em;}.elementor-26955 .elementor-element.elementor-element-e2d09a3{--padding-top:0px;--padding-bottom:0px;--padding-left:20px;--padding-right:20px;}.elementor-26955 .elementor-element.elementor-element-216d56f{text-align:justify;}.elementor-26955 .elementor-element.elementor-element-35044e0{--margin-top:40px;--margin-bottom:0px;--margin-left:0px;--margin-right:0px;}}\/* Start Custom Fonts CSS *\/@font-face {\n\tfont-family: 'GTWalsheim Regular';\n\tfont-style: normal;\n\tfont-weight: normal;\n\tfont-display: auto;\n\tsrc: url('https:\/\/prochaska.eu\/wp-content\/uploads\/2024\/06\/GTWalsheim-Regular.woff2') format('woff2'),\n\t\turl('https:\/\/prochaska.eu\/wp-content\/uploads\/2024\/06\/GTWalsheim-Regular.woff') format('woff');\n}\n\/* End Custom Fonts CSS *\/<\/style>\t\t<div data-elementor-type=\"wp-page\" data-elementor-id=\"26955\" class=\"elementor elementor-26955 elementor-26946\" data-elementor-post-type=\"page\">\n\t\t\t\t<div class=\"elementor-element elementor-element-ec1c6da e-flex e-con-boxed e-con e-parent\" data-id=\"ec1c6da\" data-element_type=\"container\" data-e-type=\"container\" data-settings=\"{&quot;background_background&quot;:&quot;classic&quot;}\">\n\t\t\t\t\t<div class=\"e-con-inner\">\n\t\t\t\t<div class=\"elementor-element elementor-element-ca269e2 elementor-widget elementor-widget-heading\" data-id=\"ca269e2\" data-element_type=\"widget\" data-e-type=\"widget\" data-widget_type=\"heading.default\">\n\t\t\t\t\t<h2 class=\"elementor-heading-title elementor-size-default\">CAREER<\/h2>\t\t\t\t<\/div>\n\t\t\t\t\t<\/div>\n\t\t\t\t<\/div>\n\t\t<div class=\"elementor-element elementor-element-53ffa2b e-flex e-con-boxed e-con e-parent\" data-id=\"53ffa2b\" data-element_type=\"container\" data-e-type=\"container\">\n\t\t\t\t\t<div class=\"e-con-inner\">\n\t\t<div class=\"elementor-element elementor-element-3e3298a e-con-full e-flex e-con e-child\" data-id=\"3e3298a\" data-element_type=\"container\" data-e-type=\"container\">\n\t\t\t\t<div class=\"elementor-element elementor-element-a6d0e09 elementor-widget elementor-widget-heading\" data-id=\"a6d0e09\" data-element_type=\"widget\" data-e-type=\"widget\" data-widget_type=\"heading.default\">\n\t\t\t\t\t<h3 class=\"elementor-heading-title elementor-size-default\">Open job advertisements\n<\/h3>\t\t\t\t<\/div>\n\t\t\t\t<div class=\"elementor-element elementor-element-067965e elementor-align-justify elementor-widget elementor-widget-button\" data-id=\"067965e\" data-element_type=\"widget\" data-e-type=\"widget\" data-widget_type=\"button.default\">\n\t\t\t\t\t\t\t\t\t\t<a class=\"elementor-button elementor-button-link elementor-size-sm\" href=\"https:\/\/www.karriere.at\/jobs\/7206598\">\n\t\t\t\t\t\t<span class=\"elementor-button-content-wrapper\">\n\t\t\t\t\t\t\t\t\t<span class=\"elementor-button-text\">Spare parts salesperson in internal sales (m\/f\/d)<\/span>\n\t\t\t\t\t<\/span>\n\t\t\t\t\t<\/a>\n\t\t\t\t\t\t\t\t<\/div>\n\t\t\t\t<div class=\"elementor-element elementor-element-03d3507 elementor-align-justify elementor-widget elementor-widget-button\" data-id=\"03d3507\" data-element_type=\"widget\" data-e-type=\"widget\" data-widget_type=\"button.default\">\n\t\t\t\t\t\t\t\t\t\t<a class=\"elementor-button elementor-button-link elementor-size-sm\" href=\"https:\/\/www.karriere.at\/jobs\/7228807\">\n\t\t\t\t\t\t<span class=\"elementor-button-content-wrapper\">\n\t\t\t\t\t\t\t\t\t<span class=\"elementor-button-text\">Mechatronics technician or electrical engineer (m\/f\/d)<\/span>\n\t\t\t\t\t<\/span>\n\t\t\t\t\t<\/a>\n\t\t\t\t\t\t\t\t<\/div>\n\t\t\t\t<\/div>\n\t\t<div class=\"elementor-element elementor-element-90ac85f e-con-full e-flex e-con e-child\" data-id=\"90ac85f\" data-element_type=\"container\" data-e-type=\"container\">\n\t\t\t\t<div class=\"elementor-element elementor-element-1181efc elementor-widget elementor-widget-heading\" data-id=\"1181efc\" data-element_type=\"widget\" data-e-type=\"widget\" data-widget_type=\"heading.default\">\n\t\t\t\t\t<h3 class=\"elementor-heading-title elementor-size-default\">BECOME PART OF OUR TEAM\n<\/h3>\t\t\t\t<\/div>\n\t\t\t\t<div class=\"elementor-element elementor-element-b236b98 elementor-widget elementor-widget-text-editor\" data-id=\"b236b98\" data-element_type=\"widget\" data-e-type=\"widget\" data-widget_type=\"text-editor.default\">\n\t\t\t\t\t\t\t\t\t<p>We are the market leader for professional lawn and property care and irrigation technology in Austria. As general importer, we represent the brands Toro, Kioti, Ico Car, Garia, Wiedenmann, Billy Goat, Trilo, GreenMech, Cramer, Greenworks and Allett. In the coming years, we want to further develop our business in the area of private lawn and property care in Austria and in the countries of Southeast Europe. With our products, we always pursue the approach of quality leadership with perfect after-sales.<\/p>\n\t\t\t\t\t\t\t\t<\/div>\n\t\t\t\t<\/div>\n\t\t\t\t\t<\/div>\n\t\t\t\t<\/div>\n\t\t<div class=\"elementor-element elementor-element-207d89e e-flex e-con-boxed e-con e-parent\" data-id=\"207d89e\" data-element_type=\"container\" data-e-type=\"container\">\n\t\t\t\t\t<div class=\"e-con-inner\">\n\t\t<div class=\"elementor-element elementor-element-e2d09a3 e-con-full e-flex e-con e-child\" data-id=\"e2d09a3\" data-element_type=\"container\" data-e-type=\"container\">\n\t\t\t\t<div class=\"elementor-element elementor-element-1221957 elementor-widget elementor-widget-heading\" data-id=\"1221957\" data-element_type=\"widget\" data-e-type=\"widget\" data-widget_type=\"heading.default\">\n\t\t\t\t\t<h3 class=\"elementor-heading-title elementor-size-default\">PROCHASKA AS AN EMPLOYER\n<\/h3>\t\t\t\t<\/div>\n\t\t\t\t<div class=\"elementor-element elementor-element-216d56f elementor-widget elementor-widget-text-editor\" data-id=\"216d56f\" data-element_type=\"widget\" data-e-type=\"widget\" data-widget_type=\"text-editor.default\">\n\t\t\t\t\t\t\t\t\t<div class=\"flex-shrink-0 flex flex-col relative items-end\">\n<div class=\"pt-0.5 juice:pt-0\">\n<div class=\"gizmo-bot-avatar flex h-6 w-6 items-center justify-center overflow-hidden rounded-full juice:h-8 juice:w-8\">\n<div class=\"relative p-1 rounded-sm flex items-center justify-center bg-token-main-surface-primary text-token-text-primary h-8 w-8\">\n<p>We offer the opportunity to experience the daily business of a dynamic small and medium-sized company at first hand and to play a key role in shaping it.<\/p>\n<ul>\n<li>Varied areas of activity<\/li>\n<li>Familiar working atmosphere<\/li>\n<li>Extensive range of training courses<\/li>\n<li>Good transport connections<\/li>\n<li>Free parking spaces for employees<\/li>\n<li>and much more.<\/li>\n<\/ul>\n<\/div>\n<\/div>\n<\/div>\n<\/div>\n\t\t\t\t\t\t\t\t<\/div>\n\t\t\t\t<\/div>\n\t\t<div class=\"elementor-element elementor-element-35044e0 e-con-full e-flex e-con e-child\" data-id=\"35044e0\" data-element_type=\"container\" data-e-type=\"container\">\n\t\t\t\t<div class=\"elementor-element elementor-element-3c84505 elementor-widget elementor-widget-image\" data-id=\"3c84505\" data-element_type=\"widget\" data-e-type=\"widget\" data-widget_type=\"image.default\">\n\t\t\t\t\t\t\t\t\t\t\t\t\t\t\t<img fetchpriority=\"high\" decoding=\"async\" width=\"800\" height=\"533\" src=\"https:\/\/prochaska.eu\/wp-content\/uploads\/2024\/06\/karriere-prochaska-team-1024x682.jpg\" class=\"attachment-large size-large wp-image-26950\" alt=\"\" srcset=\"https:\/\/prochaska.eu\/wp-content\/uploads\/2024\/06\/karriere-prochaska-team-1024x682.jpg 1024w, https:\/\/prochaska.eu\/wp-content\/uploads\/2024\/06\/karriere-prochaska-team-300x200.jpg 300w, https:\/\/prochaska.eu\/wp-content\/uploads\/2024\/06\/karriere-prochaska-team-768x512.jpg 768w, https:\/\/prochaska.eu\/wp-content\/uploads\/2024\/06\/karriere-prochaska-team-1536x1024.jpg 1536w, https:\/\/prochaska.eu\/wp-content\/uploads\/2024\/06\/karriere-prochaska-team-600x400.jpg 600w, https:\/\/prochaska.eu\/wp-content\/uploads\/2024\/06\/karriere-prochaska-team.jpg 1772w\" sizes=\"(max-width: 800px) 100vw, 800px\" \/>\t\t\t\t\t\t\t\t\t\t\t\t\t\t\t<\/div>\n\t\t\t\t<\/div>\n\t\t\t\t\t<\/div>\n\t\t\t\t<\/div>\n\t\t<div class=\"elementor-element elementor-element-cb64243 e-flex e-con-boxed e-con e-parent\" data-id=\"cb64243\" data-element_type=\"container\" data-e-type=\"container\">\n\t\t\t\t\t<div class=\"e-con-inner\">\n\t\t\t\t<div class=\"elementor-element elementor-element-48f17f1 elementor-widget elementor-widget-heading\" data-id=\"48f17f1\" data-element_type=\"widget\" data-e-type=\"widget\" data-widget_type=\"heading.default\">\n\t\t\t\t\t<h3 class=\"elementor-heading-title elementor-size-default\">WE ARE LOOKING FOR YOU!\n<\/h3>\t\t\t\t<\/div>\n\t\t\t\t<div class=\"elementor-element elementor-element-e035357 elementor-widget elementor-widget-text-editor\" data-id=\"e035357\" data-element_type=\"widget\" data-e-type=\"widget\" data-widget_type=\"text-editor.default\">\n\t\t\t\t\t\t\t\t\t<p>As an up-and-coming company, we are constantly looking for committed and innovative minds.<\/p>\n\t\t\t\t\t\t\t\t<\/div>\n\t\t\t\t\t<\/div>\n\t\t\t\t<\/div>\n\t\t\t\t<\/div>\n\t\t","protected":false},"excerpt":{"rendered":"<p>Open job advertisements Spare parts salesperson in internal sales (m\/f\/d) Mechatronics technician or electrical engineer (m\/f\/d) BECOME PART OF OUR TEAM We are the market leader for professional lawn and property care and irrigation technology in Austria. As general importer, we represent the brands Toro, Kioti, Ico Car, Garia, Wiedenmann, Billy Goat, Trilo, GreenMech, Cramer, [&hellip;]<\/p>\n","protected":false},"author":1,"featured_media":0,"parent":0,"menu_order":0,"comment_status":"closed","ping_status":"closed","template":"elementor_header_footer","meta":{"footnotes":""},"class_list":["post-26955","page","type-page","status-publish","hentry"],"yoast_head":"<!-- This site is optimized with the Yoast SEO plugin v27.2 - https:\/\/yoast.com\/product\/yoast-seo-wordpress\/ -->\n<title>CAREER - Prochaska<\/title>\n<meta name=\"robots\" content=\"index, follow, max-snippet:-1, max-image-preview:large, max-video-preview:-1\" \/>\n<link rel=\"canonical\" href=\"https:\/\/prochaska.eu\/en\/career\/\" \/>\n<meta property=\"og:locale\" content=\"en_US\" \/>\n<meta property=\"og:type\" content=\"article\" \/>\n<meta property=\"og:title\" content=\"CAREER - Prochaska\" \/>\n<meta property=\"og:description\" content=\"Open job advertisements Spare parts salesperson in internal sales (m\/f\/d) Mechatronics technician or electrical engineer (m\/f\/d) BECOME PART OF OUR TEAM We are the market leader for professional lawn and property care and irrigation technology in Austria. As general importer, we represent the brands Toro, Kioti, Ico Car, Garia, Wiedenmann, Billy Goat, Trilo, GreenMech, Cramer, [&hellip;]\" \/>\n<meta property=\"og:url\" content=\"https:\/\/prochaska.eu\/en\/career\/\" \/>\n<meta property=\"og:site_name\" content=\"Prochaska\" \/>\n<meta property=\"article:publisher\" content=\"https:\/\/www.facebook.com\/prochaska.eu\/\" \/>\n<meta property=\"article:modified_time\" content=\"2025-05-07T11:19:05+00:00\" \/>\n<meta property=\"og:image\" content=\"https:\/\/prochaska.eu\/wp-content\/uploads\/2024\/06\/karriere-prochaska-team.jpg\" \/>\n\t<meta property=\"og:image:width\" content=\"1772\" \/>\n\t<meta property=\"og:image:height\" content=\"1181\" \/>\n\t<meta property=\"og:image:type\" content=\"image\/jpeg\" \/>\n<meta name=\"twitter:card\" content=\"summary_large_image\" \/>\n<meta name=\"twitter:label1\" content=\"Est. reading time\" \/>\n\t<meta name=\"twitter:data1\" content=\"1 minute\" \/>\n<script type=\"application\/ld+json\" class=\"yoast-schema-graph\">{\"@context\":\"https:\/\/schema.org\",\"@graph\":[{\"@type\":\"WebPage\",\"@id\":\"https:\/\/prochaska.eu\/en\/career\/\",\"url\":\"https:\/\/prochaska.eu\/en\/career\/\",\"name\":\"CAREER - Prochaska\",\"isPartOf\":{\"@id\":\"https:\/\/prochaska.eu\/en\/#website\"},\"primaryImageOfPage\":{\"@id\":\"https:\/\/prochaska.eu\/en\/career\/#primaryimage\"},\"image\":{\"@id\":\"https:\/\/prochaska.eu\/en\/career\/#primaryimage\"},\"thumbnailUrl\":\"https:\/\/prochaska.eu\/wp-content\/uploads\/2024\/06\/karriere-prochaska-team-1024x682.jpg\",\"datePublished\":\"2024-06-28T12:21:16+00:00\",\"dateModified\":\"2025-05-07T11:19:05+00:00\",\"breadcrumb\":{\"@id\":\"https:\/\/prochaska.eu\/en\/career\/#breadcrumb\"},\"inLanguage\":\"en-US\",\"potentialAction\":[{\"@type\":\"ReadAction\",\"target\":[\"https:\/\/prochaska.eu\/en\/career\/\"]}]},{\"@type\":\"ImageObject\",\"inLanguage\":\"en-US\",\"@id\":\"https:\/\/prochaska.eu\/en\/career\/#primaryimage\",\"url\":\"https:\/\/prochaska.eu\/wp-content\/uploads\/2024\/06\/karriere-prochaska-team-1024x682.jpg\",\"contentUrl\":\"https:\/\/prochaska.eu\/wp-content\/uploads\/2024\/06\/karriere-prochaska-team-1024x682.jpg\"},{\"@type\":\"BreadcrumbList\",\"@id\":\"https:\/\/prochaska.eu\/en\/career\/#breadcrumb\",\"itemListElement\":[{\"@type\":\"ListItem\",\"position\":1,\"name\":\"Home\",\"item\":\"https:\/\/prochaska.eu\/en\/\"},{\"@type\":\"ListItem\",\"position\":2,\"name\":\"CAREER\"}]},{\"@type\":\"WebSite\",\"@id\":\"https:\/\/prochaska.eu\/en\/#website\",\"url\":\"https:\/\/prochaska.eu\/en\/\",\"name\":\"Prochaska\",\"description\":\"Spezialist f\u00fcr Pflege von Gr\u00fcnfl\u00e4chen\",\"publisher\":{\"@id\":\"https:\/\/prochaska.eu\/en\/#organization\"},\"potentialAction\":[{\"@type\":\"SearchAction\",\"target\":{\"@type\":\"EntryPoint\",\"urlTemplate\":\"https:\/\/prochaska.eu\/en\/?s={search_term_string}\"},\"query-input\":{\"@type\":\"PropertyValueSpecification\",\"valueRequired\":true,\"valueName\":\"search_term_string\"}}],\"inLanguage\":\"en-US\"},{\"@type\":\"Organization\",\"@id\":\"https:\/\/prochaska.eu\/en\/#organization\",\"name\":\"Prochaska\",\"url\":\"https:\/\/prochaska.eu\/en\/\",\"logo\":{\"@type\":\"ImageObject\",\"inLanguage\":\"en-US\",\"@id\":\"https:\/\/prochaska.eu\/en\/#\/schema\/logo\/image\/\",\"url\":\"https:\/\/prochaska.eu\/wp-content\/uploads\/2024\/04\/Prochaska_Logo_Black-1.png\",\"contentUrl\":\"https:\/\/prochaska.eu\/wp-content\/uploads\/2024\/04\/Prochaska_Logo_Black-1.png\",\"width\":796,\"height\":236,\"caption\":\"Prochaska\"},\"image\":{\"@id\":\"https:\/\/prochaska.eu\/en\/#\/schema\/logo\/image\/\"},\"sameAs\":[\"https:\/\/www.facebook.com\/prochaska.eu\/\",\"https:\/\/www.instagram.com\/prochaska.eu\/\",\"https:\/\/www.linkedin.com\/company\/prochaska-handels-gmbh\"]}]}<\/script>\n<!-- \/ Yoast SEO plugin. -->","yoast_head_json":{"title":"CAREER - Prochaska","robots":{"index":"index","follow":"follow","max-snippet":"max-snippet:-1","max-image-preview":"max-image-preview:large","max-video-preview":"max-video-preview:-1"},"canonical":"https:\/\/prochaska.eu\/en\/career\/","og_locale":"en_US","og_type":"article","og_title":"CAREER - Prochaska","og_description":"Open job advertisements Spare parts salesperson in internal sales (m\/f\/d) Mechatronics technician or electrical engineer (m\/f\/d) BECOME PART OF OUR TEAM We are the market leader for professional lawn and property care and irrigation technology in Austria. As general importer, we represent the brands Toro, Kioti, Ico Car, Garia, Wiedenmann, Billy Goat, Trilo, GreenMech, Cramer, [&hellip;]","og_url":"https:\/\/prochaska.eu\/en\/career\/","og_site_name":"Prochaska","article_publisher":"https:\/\/www.facebook.com\/prochaska.eu\/","article_modified_time":"2025-05-07T11:19:05+00:00","og_image":[{"width":1772,"height":1181,"url":"https:\/\/prochaska.eu\/wp-content\/uploads\/2024\/06\/karriere-prochaska-team.jpg","type":"image\/jpeg"}],"twitter_card":"summary_large_image","twitter_misc":{"Est. reading time":"1 minute"},"schema":{"@context":"https:\/\/schema.org","@graph":[{"@type":"WebPage","@id":"https:\/\/prochaska.eu\/en\/career\/","url":"https:\/\/prochaska.eu\/en\/career\/","name":"CAREER - Prochaska","isPartOf":{"@id":"https:\/\/prochaska.eu\/en\/#website"},"primaryImageOfPage":{"@id":"https:\/\/prochaska.eu\/en\/career\/#primaryimage"},"image":{"@id":"https:\/\/prochaska.eu\/en\/career\/#primaryimage"},"thumbnailUrl":"https:\/\/prochaska.eu\/wp-content\/uploads\/2024\/06\/karriere-prochaska-team-1024x682.jpg","datePublished":"2024-06-28T12:21:16+00:00","dateModified":"2025-05-07T11:19:05+00:00","breadcrumb":{"@id":"https:\/\/prochaska.eu\/en\/career\/#breadcrumb"},"inLanguage":"en-US","potentialAction":[{"@type":"ReadAction","target":["https:\/\/prochaska.eu\/en\/career\/"]}]},{"@type":"ImageObject","inLanguage":"en-US","@id":"https:\/\/prochaska.eu\/en\/career\/#primaryimage","url":"https:\/\/prochaska.eu\/wp-content\/uploads\/2024\/06\/karriere-prochaska-team-1024x682.jpg","contentUrl":"https:\/\/prochaska.eu\/wp-content\/uploads\/2024\/06\/karriere-prochaska-team-1024x682.jpg"},{"@type":"BreadcrumbList","@id":"https:\/\/prochaska.eu\/en\/career\/#breadcrumb","itemListElement":[{"@type":"ListItem","position":1,"name":"Home","item":"https:\/\/prochaska.eu\/en\/"},{"@type":"ListItem","position":2,"name":"CAREER"}]},{"@type":"WebSite","@id":"https:\/\/prochaska.eu\/en\/#website","url":"https:\/\/prochaska.eu\/en\/","name":"Prochaska","description":"Spezialist f\u00fcr Pflege von Gr\u00fcnfl\u00e4chen","publisher":{"@id":"https:\/\/prochaska.eu\/en\/#organization"},"potentialAction":[{"@type":"SearchAction","target":{"@type":"EntryPoint","urlTemplate":"https:\/\/prochaska.eu\/en\/?s={search_term_string}"},"query-input":{"@type":"PropertyValueSpecification","valueRequired":true,"valueName":"search_term_string"}}],"inLanguage":"en-US"},{"@type":"Organization","@id":"https:\/\/prochaska.eu\/en\/#organization","name":"Prochaska","url":"https:\/\/prochaska.eu\/en\/","logo":{"@type":"ImageObject","inLanguage":"en-US","@id":"https:\/\/prochaska.eu\/en\/#\/schema\/logo\/image\/","url":"https:\/\/prochaska.eu\/wp-content\/uploads\/2024\/04\/Prochaska_Logo_Black-1.png","contentUrl":"https:\/\/prochaska.eu\/wp-content\/uploads\/2024\/04\/Prochaska_Logo_Black-1.png","width":796,"height":236,"caption":"Prochaska"},"image":{"@id":"https:\/\/prochaska.eu\/en\/#\/schema\/logo\/image\/"},"sameAs":["https:\/\/www.facebook.com\/prochaska.eu\/","https:\/\/www.instagram.com\/prochaska.eu\/","https:\/\/www.linkedin.com\/company\/prochaska-handels-gmbh"]}]}},"_links":{"self":[{"href":"https:\/\/prochaska.eu\/en\/wp-json\/wp\/v2\/pages\/26955","targetHints":{"allow":["GET"]}}],"collection":[{"href":"https:\/\/prochaska.eu\/en\/wp-json\/wp\/v2\/pages"}],"about":[{"href":"https:\/\/prochaska.eu\/en\/wp-json\/wp\/v2\/types\/page"}],"author":[{"embeddable":true,"href":"https:\/\/prochaska.eu\/en\/wp-json\/wp\/v2\/users\/1"}],"replies":[{"embeddable":true,"href":"https:\/\/prochaska.eu\/en\/wp-json\/wp\/v2\/comments?post=26955"}],"version-history":[{"count":2,"href":"https:\/\/prochaska.eu\/en\/wp-json\/wp\/v2\/pages\/26955\/revisions"}],"predecessor-version":[{"id":30584,"href":"https:\/\/prochaska.eu\/en\/wp-json\/wp\/v2\/pages\/26955\/revisions\/30584"}],"wp:attachment":[{"href":"https:\/\/prochaska.eu\/en\/wp-json\/wp\/v2\/media?parent=26955"}],"curies":[{"name":"wp","href":"https:\/\/api.w.org\/{rel}","templated":true}]}}