{"id":24823,"date":"2024-05-06T17:58:49","date_gmt":"2024-05-06T17:58:49","guid":{"rendered":"https:\/\/prochaska.eu\/?post_type=product&#038;p=24823"},"modified":"2024-10-31T08:43:58","modified_gmt":"2024-10-31T08:43:58","slug":"icocar-carrier-3-0-eec-lithium-road-approved","status":"publish","type":"product","link":"https:\/\/prochaska.eu\/en\/produkt\/icocar-carrier-3-0-eec-lithium-road-approved\/","title":{"rendered":"IcoCar Carrier 3.0 EEC LITHIUM road-approved"},"content":{"rendered":"<p style=\"text-align: left;\">The 2-seater electric transport trolley has a loading area of 135 x 107 cm (inside) with a load capacity of 500 kg, a 48-volt electric motor and a range of up to 60 kilometers at a maximum speed of max. 25 km\/h. High-quality workmanship, premium equipment and a modern and innovative design make this model a practical helper in the hotel industry, horticulture, municipalities and many other areas of application.<\/p>\n<h2 style=\"text-align: left;\"><strong>Electric:<\/strong> 6.8 hp, max. 25 km\/h<\/h2>\n<p style=\"text-align: left;\">Motor: 48V, alternating current, 5.0 kW (6.8 hp)<\/p>\n<p style=\"text-align: left;\">Battery: 6x8V maintenance-free AGM batteries 180Ah<\/p>\n<p style=\"text-align: left;\">Range: approx. 60 kilometers<\/p>\n<p style=\"text-align: left;\">Charging time: approx. 8 hours<\/p>\n<h2 style=\"text-align: left;\">Equipment<\/h2>\n<ul style=\"text-align: left;\">\n<li>Built-in, automatic charger<\/li>\n<li>LED lighting system with daytime running lights, low beam, high beam, dynamic indicators, brake light<\/li>\n<li>Horn<\/li>\n<li>Hydraulic front disc brakes, rear drum brakes, foot-operated parking brake<\/li>\n<li>Premium seats with decorative stitching<\/li>\n<li>Sun\/rain canopy<\/li>\n<li>Safety glass windshield with windshield wiper<\/li>\n<li>Loading area 135 x 107 cm with electric tipping<\/li>\n<li>Sports steering wheel carbon design<\/li>\n<li>Double USB port<\/li>\n<li>4 cup holders<\/li>\n<li>7&#8243; LCD Color Display<\/li>\n<li>12&#8243; alloy wheels with 225\/55B12 tires<\/li>\n<li>Steel frame with anti-corrosion coating<\/li>\n<li>Side mirror left\/right<\/li>\n<li>Safety belts<\/li>\n<li>Trailer coupling<\/li>\n<\/ul>\n<h2 style=\"text-align: left;\">Optional accessories<\/h2>\n<ul>\n<li>10 km\/h road typing or 25 km\/h license plate typing<\/li>\n<li>Ashtray<\/li>\n<li>Refrigerated superstructure with cooling unit<\/li>\n<li>Insulated transport box with double doors<\/li>\n<li>Housekeeping box with double doors<\/li>\n<li>Grille assembly kit<\/li>\n<\/ul>\n<p>&nbsp;<\/p>\n","protected":false},"excerpt":{"rendered":"<p>The CARRIER 3.0 AC model is the perfect electric van with a large loading area and loading capacity of 500 kg in premium equipment\u00a0 with 2 seats<\/p>\n","protected":false},"featured_media":27048,"template":"","meta":[],"pwb-brand":[22],"product_brand":[],"product_cat":[1332,1361],"product_tag":[],"class_list":{"0":"post-24823","1":"product","2":"type-product","3":"status-publish","4":"has-post-thumbnail","6":"pwb-brand-icocar","7":"product_cat-e-cars-en","8":"product_cat-golf-cars-new-en","10":"first","11":"instock","12":"taxable","13":"shipping-taxable","14":"purchasable","15":"product-type-simple"},"yoast_head":"<!-- This site is optimized with the Yoast SEO plugin v27.4 - https:\/\/yoast.com\/product\/yoast-seo-wordpress\/ -->\n<title>IcoCar Carrier 3.0 EEC LITHIUM road-approved - Prochaska<\/title>\n<meta name=\"robots\" content=\"index, follow, max-snippet:-1, max-image-preview:large, max-video-preview:-1\" \/>\n<link rel=\"canonical\" href=\"https:\/\/prochaska.eu\/en\/produkt\/icocar-carrier-3-0-eec-lithium-road-approved\/\" \/>\n<meta property=\"og:locale\" content=\"en_US\" \/>\n<meta property=\"og:type\" content=\"article\" \/>\n<meta property=\"og:title\" content=\"IcoCar Carrier 3.0 EEC LITHIUM road-approved - Prochaska\" \/>\n<meta property=\"og:description\" content=\"The CARRIER 3.0 AC model is the perfect electric van with a large loading area and loading capacity of 500 kg in premium equipment\u00a0 with 2 seats\" \/>\n<meta property=\"og:url\" content=\"https:\/\/prochaska.eu\/en\/produkt\/icocar-carrier-3-0-eec-lithium-road-approved\/\" \/>\n<meta property=\"og:site_name\" content=\"Prochaska\" \/>\n<meta property=\"article:publisher\" content=\"https:\/\/www.facebook.com\/prochaska.eu\/\" \/>\n<meta property=\"article:modified_time\" content=\"2024-10-31T08:43:58+00:00\" \/>\n<meta property=\"og:image\" content=\"https:\/\/prochaska.eu\/wp-content\/uploads\/2021\/01\/IcoCar-Carrier-3.0_front.png\" \/>\n\t<meta property=\"og:image:width\" content=\"1000\" \/>\n\t<meta property=\"og:image:height\" content=\"1000\" \/>\n\t<meta property=\"og:image:type\" content=\"image\/png\" \/>\n<meta name=\"twitter:card\" content=\"summary_large_image\" \/>\n<meta name=\"twitter:label1\" content=\"Est. reading time\" \/>\n\t<meta name=\"twitter:data1\" content=\"2 minutes\" \/>\n<script type=\"application\/ld+json\" class=\"yoast-schema-graph\">{\"@context\":\"https:\\\/\\\/schema.org\",\"@graph\":[{\"@type\":\"WebPage\",\"@id\":\"https:\\\/\\\/prochaska.eu\\\/en\\\/produkt\\\/icocar-carrier-3-0-eec-lithium-road-approved\\\/\",\"url\":\"https:\\\/\\\/prochaska.eu\\\/en\\\/produkt\\\/icocar-carrier-3-0-eec-lithium-road-approved\\\/\",\"name\":\"IcoCar Carrier 3.0 EEC LITHIUM road-approved - Prochaska\",\"isPartOf\":{\"@id\":\"https:\\\/\\\/prochaska.eu\\\/en\\\/#website\"},\"primaryImageOfPage\":{\"@id\":\"https:\\\/\\\/prochaska.eu\\\/en\\\/produkt\\\/icocar-carrier-3-0-eec-lithium-road-approved\\\/#primaryimage\"},\"image\":{\"@id\":\"https:\\\/\\\/prochaska.eu\\\/en\\\/produkt\\\/icocar-carrier-3-0-eec-lithium-road-approved\\\/#primaryimage\"},\"thumbnailUrl\":\"https:\\\/\\\/prochaska.eu\\\/wp-content\\\/uploads\\\/2021\\\/01\\\/IcoCar-Carrier-3.0_front.png\",\"datePublished\":\"2024-05-06T17:58:49+00:00\",\"dateModified\":\"2024-10-31T08:43:58+00:00\",\"breadcrumb\":{\"@id\":\"https:\\\/\\\/prochaska.eu\\\/en\\\/produkt\\\/icocar-carrier-3-0-eec-lithium-road-approved\\\/#breadcrumb\"},\"inLanguage\":\"en-US\",\"potentialAction\":[{\"@type\":\"ReadAction\",\"target\":[\"https:\\\/\\\/prochaska.eu\\\/en\\\/produkt\\\/icocar-carrier-3-0-eec-lithium-road-approved\\\/\"]}]},{\"@type\":\"ImageObject\",\"inLanguage\":\"en-US\",\"@id\":\"https:\\\/\\\/prochaska.eu\\\/en\\\/produkt\\\/icocar-carrier-3-0-eec-lithium-road-approved\\\/#primaryimage\",\"url\":\"https:\\\/\\\/prochaska.eu\\\/wp-content\\\/uploads\\\/2021\\\/01\\\/IcoCar-Carrier-3.0_front.png\",\"contentUrl\":\"https:\\\/\\\/prochaska.eu\\\/wp-content\\\/uploads\\\/2021\\\/01\\\/IcoCar-Carrier-3.0_front.png\",\"width\":1000,\"height\":1000},{\"@type\":\"BreadcrumbList\",\"@id\":\"https:\\\/\\\/prochaska.eu\\\/en\\\/produkt\\\/icocar-carrier-3-0-eec-lithium-road-approved\\\/#breadcrumb\",\"itemListElement\":[{\"@type\":\"ListItem\",\"position\":1,\"name\":\"Home\",\"item\":\"https:\\\/\\\/prochaska.eu\\\/en\\\/\"},{\"@type\":\"ListItem\",\"position\":2,\"name\":\"Shop\",\"item\":\"https:\\\/\\\/prochaska.eu\\\/shop\\\/\"},{\"@type\":\"ListItem\",\"position\":3,\"name\":\"IcoCar Carrier 3.0 EEC LITHIUM road-approved\"}]},{\"@type\":\"WebSite\",\"@id\":\"https:\\\/\\\/prochaska.eu\\\/en\\\/#website\",\"url\":\"https:\\\/\\\/prochaska.eu\\\/en\\\/\",\"name\":\"Prochaska\",\"description\":\"Spezialist f\u00fcr Pflege von Gr\u00fcnfl\u00e4chen\",\"publisher\":{\"@id\":\"https:\\\/\\\/prochaska.eu\\\/en\\\/#organization\"},\"potentialAction\":[{\"@type\":\"SearchAction\",\"target\":{\"@type\":\"EntryPoint\",\"urlTemplate\":\"https:\\\/\\\/prochaska.eu\\\/en\\\/?s={search_term_string}\"},\"query-input\":{\"@type\":\"PropertyValueSpecification\",\"valueRequired\":true,\"valueName\":\"search_term_string\"}}],\"inLanguage\":\"en-US\"},{\"@type\":\"Organization\",\"@id\":\"https:\\\/\\\/prochaska.eu\\\/en\\\/#organization\",\"name\":\"Prochaska\",\"url\":\"https:\\\/\\\/prochaska.eu\\\/en\\\/\",\"logo\":{\"@type\":\"ImageObject\",\"inLanguage\":\"en-US\",\"@id\":\"https:\\\/\\\/prochaska.eu\\\/en\\\/#\\\/schema\\\/logo\\\/image\\\/\",\"url\":\"https:\\\/\\\/prochaska.eu\\\/wp-content\\\/uploads\\\/2024\\\/04\\\/Prochaska_Logo_Black-1.png\",\"contentUrl\":\"https:\\\/\\\/prochaska.eu\\\/wp-content\\\/uploads\\\/2024\\\/04\\\/Prochaska_Logo_Black-1.png\",\"width\":796,\"height\":236,\"caption\":\"Prochaska\"},\"image\":{\"@id\":\"https:\\\/\\\/prochaska.eu\\\/en\\\/#\\\/schema\\\/logo\\\/image\\\/\"},\"sameAs\":[\"https:\\\/\\\/www.facebook.com\\\/prochaska.eu\\\/\",\"https:\\\/\\\/www.instagram.com\\\/prochaska.eu\\\/\",\"https:\\\/\\\/www.linkedin.com\\\/company\\\/prochaska-handels-gmbh\"]}]}<\/script>\n<!-- \/ Yoast SEO plugin. -->","yoast_head_json":{"title":"IcoCar Carrier 3.0 EEC LITHIUM road-approved - Prochaska","robots":{"index":"index","follow":"follow","max-snippet":"max-snippet:-1","max-image-preview":"max-image-preview:large","max-video-preview":"max-video-preview:-1"},"canonical":"https:\/\/prochaska.eu\/en\/produkt\/icocar-carrier-3-0-eec-lithium-road-approved\/","og_locale":"en_US","og_type":"article","og_title":"IcoCar Carrier 3.0 EEC LITHIUM road-approved - Prochaska","og_description":"The CARRIER 3.0 AC model is the perfect electric van with a large loading area and loading capacity of 500 kg in premium equipment\u00a0 with 2 seats","og_url":"https:\/\/prochaska.eu\/en\/produkt\/icocar-carrier-3-0-eec-lithium-road-approved\/","og_site_name":"Prochaska","article_publisher":"https:\/\/www.facebook.com\/prochaska.eu\/","article_modified_time":"2024-10-31T08:43:58+00:00","og_image":[{"width":1000,"height":1000,"url":"https:\/\/prochaska.eu\/wp-content\/uploads\/2021\/01\/IcoCar-Carrier-3.0_front.png","type":"image\/png"}],"twitter_card":"summary_large_image","twitter_misc":{"Est. reading time":"2 minutes"},"schema":{"@context":"https:\/\/schema.org","@graph":[{"@type":"WebPage","@id":"https:\/\/prochaska.eu\/en\/produkt\/icocar-carrier-3-0-eec-lithium-road-approved\/","url":"https:\/\/prochaska.eu\/en\/produkt\/icocar-carrier-3-0-eec-lithium-road-approved\/","name":"IcoCar Carrier 3.0 EEC LITHIUM road-approved - Prochaska","isPartOf":{"@id":"https:\/\/prochaska.eu\/en\/#website"},"primaryImageOfPage":{"@id":"https:\/\/prochaska.eu\/en\/produkt\/icocar-carrier-3-0-eec-lithium-road-approved\/#primaryimage"},"image":{"@id":"https:\/\/prochaska.eu\/en\/produkt\/icocar-carrier-3-0-eec-lithium-road-approved\/#primaryimage"},"thumbnailUrl":"https:\/\/prochaska.eu\/wp-content\/uploads\/2021\/01\/IcoCar-Carrier-3.0_front.png","datePublished":"2024-05-06T17:58:49+00:00","dateModified":"2024-10-31T08:43:58+00:00","breadcrumb":{"@id":"https:\/\/prochaska.eu\/en\/produkt\/icocar-carrier-3-0-eec-lithium-road-approved\/#breadcrumb"},"inLanguage":"en-US","potentialAction":[{"@type":"ReadAction","target":["https:\/\/prochaska.eu\/en\/produkt\/icocar-carrier-3-0-eec-lithium-road-approved\/"]}]},{"@type":"ImageObject","inLanguage":"en-US","@id":"https:\/\/prochaska.eu\/en\/produkt\/icocar-carrier-3-0-eec-lithium-road-approved\/#primaryimage","url":"https:\/\/prochaska.eu\/wp-content\/uploads\/2021\/01\/IcoCar-Carrier-3.0_front.png","contentUrl":"https:\/\/prochaska.eu\/wp-content\/uploads\/2021\/01\/IcoCar-Carrier-3.0_front.png","width":1000,"height":1000},{"@type":"BreadcrumbList","@id":"https:\/\/prochaska.eu\/en\/produkt\/icocar-carrier-3-0-eec-lithium-road-approved\/#breadcrumb","itemListElement":[{"@type":"ListItem","position":1,"name":"Home","item":"https:\/\/prochaska.eu\/en\/"},{"@type":"ListItem","position":2,"name":"Shop","item":"https:\/\/prochaska.eu\/shop\/"},{"@type":"ListItem","position":3,"name":"IcoCar Carrier 3.0 EEC LITHIUM road-approved"}]},{"@type":"WebSite","@id":"https:\/\/prochaska.eu\/en\/#website","url":"https:\/\/prochaska.eu\/en\/","name":"Prochaska","description":"Spezialist f\u00fcr Pflege von Gr\u00fcnfl\u00e4chen","publisher":{"@id":"https:\/\/prochaska.eu\/en\/#organization"},"potentialAction":[{"@type":"SearchAction","target":{"@type":"EntryPoint","urlTemplate":"https:\/\/prochaska.eu\/en\/?s={search_term_string}"},"query-input":{"@type":"PropertyValueSpecification","valueRequired":true,"valueName":"search_term_string"}}],"inLanguage":"en-US"},{"@type":"Organization","@id":"https:\/\/prochaska.eu\/en\/#organization","name":"Prochaska","url":"https:\/\/prochaska.eu\/en\/","logo":{"@type":"ImageObject","inLanguage":"en-US","@id":"https:\/\/prochaska.eu\/en\/#\/schema\/logo\/image\/","url":"https:\/\/prochaska.eu\/wp-content\/uploads\/2024\/04\/Prochaska_Logo_Black-1.png","contentUrl":"https:\/\/prochaska.eu\/wp-content\/uploads\/2024\/04\/Prochaska_Logo_Black-1.png","width":796,"height":236,"caption":"Prochaska"},"image":{"@id":"https:\/\/prochaska.eu\/en\/#\/schema\/logo\/image\/"},"sameAs":["https:\/\/www.facebook.com\/prochaska.eu\/","https:\/\/www.instagram.com\/prochaska.eu\/","https:\/\/www.linkedin.com\/company\/prochaska-handels-gmbh"]}]}},"brands":[{"id":22,"name":"IcoCar","slug":"icocar"}],"_links":{"self":[{"href":"https:\/\/prochaska.eu\/en\/wp-json\/wp\/v2\/product\/24823","targetHints":{"allow":["GET"]}}],"collection":[{"href":"https:\/\/prochaska.eu\/en\/wp-json\/wp\/v2\/product"}],"about":[{"href":"https:\/\/prochaska.eu\/en\/wp-json\/wp\/v2\/types\/product"}],"version-history":[{"count":0,"href":"https:\/\/prochaska.eu\/en\/wp-json\/wp\/v2\/product\/24823\/revisions"}],"wp:featuredmedia":[{"embeddable":true,"href":"https:\/\/prochaska.eu\/en\/wp-json\/wp\/v2\/media\/27048"}],"wp:attachment":[{"href":"https:\/\/prochaska.eu\/en\/wp-json\/wp\/v2\/media?parent=24823"}],"wp:term":[{"taxonomy":"pwb-brand","embeddable":true,"href":"https:\/\/prochaska.eu\/en\/wp-json\/wp\/v2\/pwb-brand?post=24823"},{"taxonomy":"product_brand","embeddable":true,"href":"https:\/\/prochaska.eu\/en\/wp-json\/wp\/v2\/product_brand?post=24823"},{"taxonomy":"product_cat","embeddable":true,"href":"https:\/\/prochaska.eu\/en\/wp-json\/wp\/v2\/product_cat?post=24823"},{"taxonomy":"product_tag","embeddable":true,"href":"https:\/\/prochaska.eu\/en\/wp-json\/wp\/v2\/product_tag?post=24823"}],"curies":[{"name":"wp","href":"https:\/\/api.w.org\/{rel}","templated":true}]}}