{"id":24835,"date":"2024-05-06T14:49:37","date_gmt":"2024-05-06T14:49:37","guid":{"rendered":"https:\/\/prochaska.eu\/product\/icocar-cafe-express-lithium\/"},"modified":"2024-05-06T14:49:37","modified_gmt":"2024-05-06T14:49:37","slug":"icocar-cafe-express-lithium","status":"publish","type":"product","link":"https:\/\/prochaska.eu\/en\/produkt\/icocar-cafe-express-lithium\/","title":{"rendered":"IcoCar &#8211; Cafe Express- LITHIUM"},"content":{"rendered":"<p style=\"text-align: left;\">Prochaska&#8217;s <a href=\"https:\/\/www.prochaska.eu\/icocar\/\">IcoCars<\/a> are based on around 30 years of experience in the <a href=\"https:\/\/www.prochaska.eu\/produktkategorie\/golf-cars\/\">golf car<\/a> sector.<\/p>\n<p style=\"text-align: left;\">The Gastrocar for golf courses, hotels and events with a large cool box for drinks and sales boxes for coffee and snacks.<\/p>\n<p style=\"text-align: left;\">2-seater electric Gastrocar with insulated drinks box and coffee\/snack attachment.<\/p>\n<p style=\"text-align: left;\">48-volt electric motor and a range of up to 70 kilometers at a maximum speed of max. 25 km\/h.<\/p>\n<p style=\"text-align: left;\">High-quality workmanship, premium features and a modern and innovative design make this model a practical helper in the hotel and camping industry, on the golf course or at events.<\/p>\n<h2 style=\"text-align: left;\"><strong>Electric:<\/strong> max. 25 km\/h<\/h2>\n<p style=\"text-align: left;\">Motor: 48V, alternating current, 5.0 kW (6.8 hp)<\/p>\n<p style=\"text-align: left;\">Battery: Lithium LiFePO4 150Ah with 5-year warranty<\/p>\n<p style=\"text-align: left;\">Range: approx. 70 kilometers<\/p>\n<p style=\"text-align: left;\">Charging time: approx. 4 hours<\/p>\n<h2 style=\"text-align: left;\">Equipment<\/h2>\n<ul>\n<li style=\"text-align: left;\">EU road type L7e<\/li>\n<li style=\"text-align: left;\">Built-in, automatic charger<\/li>\n<li style=\"text-align: left;\">LED lighting system with daytime running lights, low beam, high beam, dynamic indicators, brake light<\/li>\n<li style=\"text-align: left;\">Horn<\/li>\n<li style=\"text-align: left;\">Hydraulic front disc brakes, rear drum brakes, foot-operated parking brake<\/li>\n<li style=\"text-align: left;\">Automatic, electromagnetic parking brake<\/li>\n<li style=\"text-align: left;\">Premium seats with decorative stitching<\/li>\n<li style=\"text-align: left;\">Sun\/rain canopy<\/li>\n<li style=\"text-align: left;\">Safety glass windshield with windshield wiper<\/li>\n<li style=\"text-align: left;\">Beverage cooler with coffee\/snack setup<\/li>\n<li style=\"text-align: left;\">Sports steering wheel carbon design<\/li>\n<li style=\"text-align: left;\">Double USB port<\/li>\n<li style=\"text-align: left;\">4 cup holders<\/li>\n<li style=\"text-align: left;\">Battery charge indicator<\/li>\n<li style=\"text-align: left;\">12&#8243; alloy wheels with 225\/55B12 tires<\/li>\n<li style=\"text-align: left;\">Steel frame with anti-corrosion coating<\/li>\n<li style=\"text-align: left;\">Side mirror left\/right<\/li>\n<\/ul>\n<p style=\"text-align: left;\">\n","protected":false},"excerpt":{"rendered":"<p>The BIRDIE 3.0 SENATOR LITHIUM <a href=\"https:\/\/www.prochaska.eu\/produkt\/ico-car-street-2-cargo\/\">golf car<\/a> from <a href=\"https:\/\/www.prochaska.eu\/icocar\/\">Ico Car<\/a> has a 150 Ah lithium-ion battery package with a 5-year guarantee and extensive accessories package.<\/p>\n","protected":false},"featured_media":27526,"template":"","meta":[],"pwb-brand":[22],"product_brand":[],"product_cat":[1332,1361],"product_tag":[],"class_list":{"0":"post-24835","1":"product","2":"type-product","3":"status-publish","4":"has-post-thumbnail","6":"pwb-brand-icocar","7":"product_cat-e-cars-en","8":"product_cat-golf-cars-new-en","10":"first","11":"instock","12":"taxable","13":"shipping-taxable","14":"product-type-simple"},"yoast_head":"<!-- This site is optimized with the Yoast SEO plugin v27.4 - https:\/\/yoast.com\/product\/yoast-seo-wordpress\/ -->\n<title>IcoCar - Cafe Express- LITHIUM - Prochaska<\/title>\n<meta name=\"robots\" content=\"index, follow, max-snippet:-1, max-image-preview:large, max-video-preview:-1\" \/>\n<link rel=\"canonical\" href=\"https:\/\/prochaska.eu\/en\/produkt\/icocar-cafe-express-lithium\/\" \/>\n<meta property=\"og:locale\" content=\"en_US\" \/>\n<meta property=\"og:type\" content=\"article\" \/>\n<meta property=\"og:title\" content=\"IcoCar - Cafe Express- LITHIUM - Prochaska\" \/>\n<meta property=\"og:description\" content=\"The BIRDIE 3.0 SENATOR LITHIUM golf car from Ico Car has a 150 Ah lithium-ion battery package with a 5-year guarantee and extensive accessories package.\" \/>\n<meta property=\"og:url\" content=\"https:\/\/prochaska.eu\/en\/produkt\/icocar-cafe-express-lithium\/\" \/>\n<meta property=\"og:site_name\" content=\"Prochaska\" \/>\n<meta property=\"article:publisher\" content=\"https:\/\/www.facebook.com\/prochaska.eu\/\" \/>\n<meta property=\"og:image\" content=\"https:\/\/prochaska.eu\/wp-content\/uploads\/2024\/05\/IcoCar-Cafe-Express-3.0-Lithium.png\" \/>\n\t<meta property=\"og:image:width\" content=\"1000\" \/>\n\t<meta property=\"og:image:height\" content=\"1000\" \/>\n\t<meta property=\"og:image:type\" content=\"image\/png\" \/>\n<meta name=\"twitter:card\" content=\"summary_large_image\" \/>\n<meta name=\"twitter:label1\" content=\"Est. reading time\" \/>\n\t<meta name=\"twitter:data1\" content=\"1 minute\" \/>\n<script type=\"application\/ld+json\" class=\"yoast-schema-graph\">{\"@context\":\"https:\\\/\\\/schema.org\",\"@graph\":[{\"@type\":\"WebPage\",\"@id\":\"https:\\\/\\\/prochaska.eu\\\/en\\\/produkt\\\/icocar-cafe-express-lithium\\\/\",\"url\":\"https:\\\/\\\/prochaska.eu\\\/en\\\/produkt\\\/icocar-cafe-express-lithium\\\/\",\"name\":\"IcoCar - Cafe Express- LITHIUM - Prochaska\",\"isPartOf\":{\"@id\":\"https:\\\/\\\/prochaska.eu\\\/en\\\/#website\"},\"primaryImageOfPage\":{\"@id\":\"https:\\\/\\\/prochaska.eu\\\/en\\\/produkt\\\/icocar-cafe-express-lithium\\\/#primaryimage\"},\"image\":{\"@id\":\"https:\\\/\\\/prochaska.eu\\\/en\\\/produkt\\\/icocar-cafe-express-lithium\\\/#primaryimage\"},\"thumbnailUrl\":\"https:\\\/\\\/prochaska.eu\\\/wp-content\\\/uploads\\\/2024\\\/05\\\/IcoCar-Cafe-Express-3.0-Lithium.png\",\"datePublished\":\"2024-05-06T14:49:37+00:00\",\"breadcrumb\":{\"@id\":\"https:\\\/\\\/prochaska.eu\\\/en\\\/produkt\\\/icocar-cafe-express-lithium\\\/#breadcrumb\"},\"inLanguage\":\"en-US\",\"potentialAction\":[{\"@type\":\"ReadAction\",\"target\":[\"https:\\\/\\\/prochaska.eu\\\/en\\\/produkt\\\/icocar-cafe-express-lithium\\\/\"]}]},{\"@type\":\"ImageObject\",\"inLanguage\":\"en-US\",\"@id\":\"https:\\\/\\\/prochaska.eu\\\/en\\\/produkt\\\/icocar-cafe-express-lithium\\\/#primaryimage\",\"url\":\"https:\\\/\\\/prochaska.eu\\\/wp-content\\\/uploads\\\/2024\\\/05\\\/IcoCar-Cafe-Express-3.0-Lithium.png\",\"contentUrl\":\"https:\\\/\\\/prochaska.eu\\\/wp-content\\\/uploads\\\/2024\\\/05\\\/IcoCar-Cafe-Express-3.0-Lithium.png\",\"width\":1000,\"height\":1000},{\"@type\":\"BreadcrumbList\",\"@id\":\"https:\\\/\\\/prochaska.eu\\\/en\\\/produkt\\\/icocar-cafe-express-lithium\\\/#breadcrumb\",\"itemListElement\":[{\"@type\":\"ListItem\",\"position\":1,\"name\":\"Home\",\"item\":\"https:\\\/\\\/prochaska.eu\\\/en\\\/\"},{\"@type\":\"ListItem\",\"position\":2,\"name\":\"Shop\",\"item\":\"https:\\\/\\\/prochaska.eu\\\/shop\\\/\"},{\"@type\":\"ListItem\",\"position\":3,\"name\":\"IcoCar &#8211; Cafe Express- LITHIUM\"}]},{\"@type\":\"WebSite\",\"@id\":\"https:\\\/\\\/prochaska.eu\\\/en\\\/#website\",\"url\":\"https:\\\/\\\/prochaska.eu\\\/en\\\/\",\"name\":\"Prochaska\",\"description\":\"Spezialist f\u00fcr Pflege von Gr\u00fcnfl\u00e4chen\",\"publisher\":{\"@id\":\"https:\\\/\\\/prochaska.eu\\\/en\\\/#organization\"},\"potentialAction\":[{\"@type\":\"SearchAction\",\"target\":{\"@type\":\"EntryPoint\",\"urlTemplate\":\"https:\\\/\\\/prochaska.eu\\\/en\\\/?s={search_term_string}\"},\"query-input\":{\"@type\":\"PropertyValueSpecification\",\"valueRequired\":true,\"valueName\":\"search_term_string\"}}],\"inLanguage\":\"en-US\"},{\"@type\":\"Organization\",\"@id\":\"https:\\\/\\\/prochaska.eu\\\/en\\\/#organization\",\"name\":\"Prochaska\",\"url\":\"https:\\\/\\\/prochaska.eu\\\/en\\\/\",\"logo\":{\"@type\":\"ImageObject\",\"inLanguage\":\"en-US\",\"@id\":\"https:\\\/\\\/prochaska.eu\\\/en\\\/#\\\/schema\\\/logo\\\/image\\\/\",\"url\":\"https:\\\/\\\/prochaska.eu\\\/wp-content\\\/uploads\\\/2024\\\/04\\\/Prochaska_Logo_Black-1.png\",\"contentUrl\":\"https:\\\/\\\/prochaska.eu\\\/wp-content\\\/uploads\\\/2024\\\/04\\\/Prochaska_Logo_Black-1.png\",\"width\":796,\"height\":236,\"caption\":\"Prochaska\"},\"image\":{\"@id\":\"https:\\\/\\\/prochaska.eu\\\/en\\\/#\\\/schema\\\/logo\\\/image\\\/\"},\"sameAs\":[\"https:\\\/\\\/www.facebook.com\\\/prochaska.eu\\\/\",\"https:\\\/\\\/www.instagram.com\\\/prochaska.eu\\\/\",\"https:\\\/\\\/www.linkedin.com\\\/company\\\/prochaska-handels-gmbh\"]}]}<\/script>\n<!-- \/ Yoast SEO plugin. -->","yoast_head_json":{"title":"IcoCar - Cafe Express- LITHIUM - Prochaska","robots":{"index":"index","follow":"follow","max-snippet":"max-snippet:-1","max-image-preview":"max-image-preview:large","max-video-preview":"max-video-preview:-1"},"canonical":"https:\/\/prochaska.eu\/en\/produkt\/icocar-cafe-express-lithium\/","og_locale":"en_US","og_type":"article","og_title":"IcoCar - Cafe Express- LITHIUM - Prochaska","og_description":"The BIRDIE 3.0 SENATOR LITHIUM golf car from Ico Car has a 150 Ah lithium-ion battery package with a 5-year guarantee and extensive accessories package.","og_url":"https:\/\/prochaska.eu\/en\/produkt\/icocar-cafe-express-lithium\/","og_site_name":"Prochaska","article_publisher":"https:\/\/www.facebook.com\/prochaska.eu\/","og_image":[{"width":1000,"height":1000,"url":"https:\/\/prochaska.eu\/wp-content\/uploads\/2024\/05\/IcoCar-Cafe-Express-3.0-Lithium.png","type":"image\/png"}],"twitter_card":"summary_large_image","twitter_misc":{"Est. reading time":"1 minute"},"schema":{"@context":"https:\/\/schema.org","@graph":[{"@type":"WebPage","@id":"https:\/\/prochaska.eu\/en\/produkt\/icocar-cafe-express-lithium\/","url":"https:\/\/prochaska.eu\/en\/produkt\/icocar-cafe-express-lithium\/","name":"IcoCar - Cafe Express- LITHIUM - Prochaska","isPartOf":{"@id":"https:\/\/prochaska.eu\/en\/#website"},"primaryImageOfPage":{"@id":"https:\/\/prochaska.eu\/en\/produkt\/icocar-cafe-express-lithium\/#primaryimage"},"image":{"@id":"https:\/\/prochaska.eu\/en\/produkt\/icocar-cafe-express-lithium\/#primaryimage"},"thumbnailUrl":"https:\/\/prochaska.eu\/wp-content\/uploads\/2024\/05\/IcoCar-Cafe-Express-3.0-Lithium.png","datePublished":"2024-05-06T14:49:37+00:00","breadcrumb":{"@id":"https:\/\/prochaska.eu\/en\/produkt\/icocar-cafe-express-lithium\/#breadcrumb"},"inLanguage":"en-US","potentialAction":[{"@type":"ReadAction","target":["https:\/\/prochaska.eu\/en\/produkt\/icocar-cafe-express-lithium\/"]}]},{"@type":"ImageObject","inLanguage":"en-US","@id":"https:\/\/prochaska.eu\/en\/produkt\/icocar-cafe-express-lithium\/#primaryimage","url":"https:\/\/prochaska.eu\/wp-content\/uploads\/2024\/05\/IcoCar-Cafe-Express-3.0-Lithium.png","contentUrl":"https:\/\/prochaska.eu\/wp-content\/uploads\/2024\/05\/IcoCar-Cafe-Express-3.0-Lithium.png","width":1000,"height":1000},{"@type":"BreadcrumbList","@id":"https:\/\/prochaska.eu\/en\/produkt\/icocar-cafe-express-lithium\/#breadcrumb","itemListElement":[{"@type":"ListItem","position":1,"name":"Home","item":"https:\/\/prochaska.eu\/en\/"},{"@type":"ListItem","position":2,"name":"Shop","item":"https:\/\/prochaska.eu\/shop\/"},{"@type":"ListItem","position":3,"name":"IcoCar &#8211; Cafe Express- LITHIUM"}]},{"@type":"WebSite","@id":"https:\/\/prochaska.eu\/en\/#website","url":"https:\/\/prochaska.eu\/en\/","name":"Prochaska","description":"Spezialist f\u00fcr Pflege von Gr\u00fcnfl\u00e4chen","publisher":{"@id":"https:\/\/prochaska.eu\/en\/#organization"},"potentialAction":[{"@type":"SearchAction","target":{"@type":"EntryPoint","urlTemplate":"https:\/\/prochaska.eu\/en\/?s={search_term_string}"},"query-input":{"@type":"PropertyValueSpecification","valueRequired":true,"valueName":"search_term_string"}}],"inLanguage":"en-US"},{"@type":"Organization","@id":"https:\/\/prochaska.eu\/en\/#organization","name":"Prochaska","url":"https:\/\/prochaska.eu\/en\/","logo":{"@type":"ImageObject","inLanguage":"en-US","@id":"https:\/\/prochaska.eu\/en\/#\/schema\/logo\/image\/","url":"https:\/\/prochaska.eu\/wp-content\/uploads\/2024\/04\/Prochaska_Logo_Black-1.png","contentUrl":"https:\/\/prochaska.eu\/wp-content\/uploads\/2024\/04\/Prochaska_Logo_Black-1.png","width":796,"height":236,"caption":"Prochaska"},"image":{"@id":"https:\/\/prochaska.eu\/en\/#\/schema\/logo\/image\/"},"sameAs":["https:\/\/www.facebook.com\/prochaska.eu\/","https:\/\/www.instagram.com\/prochaska.eu\/","https:\/\/www.linkedin.com\/company\/prochaska-handels-gmbh"]}]}},"brands":[{"id":22,"name":"IcoCar","slug":"icocar"}],"_links":{"self":[{"href":"https:\/\/prochaska.eu\/en\/wp-json\/wp\/v2\/product\/24835","targetHints":{"allow":["GET"]}}],"collection":[{"href":"https:\/\/prochaska.eu\/en\/wp-json\/wp\/v2\/product"}],"about":[{"href":"https:\/\/prochaska.eu\/en\/wp-json\/wp\/v2\/types\/product"}],"version-history":[{"count":0,"href":"https:\/\/prochaska.eu\/en\/wp-json\/wp\/v2\/product\/24835\/revisions"}],"wp:featuredmedia":[{"embeddable":true,"href":"https:\/\/prochaska.eu\/en\/wp-json\/wp\/v2\/media\/27526"}],"wp:attachment":[{"href":"https:\/\/prochaska.eu\/en\/wp-json\/wp\/v2\/media?parent=24835"}],"wp:term":[{"taxonomy":"pwb-brand","embeddable":true,"href":"https:\/\/prochaska.eu\/en\/wp-json\/wp\/v2\/pwb-brand?post=24835"},{"taxonomy":"product_brand","embeddable":true,"href":"https:\/\/prochaska.eu\/en\/wp-json\/wp\/v2\/product_brand?post=24835"},{"taxonomy":"product_cat","embeddable":true,"href":"https:\/\/prochaska.eu\/en\/wp-json\/wp\/v2\/product_cat?post=24835"},{"taxonomy":"product_tag","embeddable":true,"href":"https:\/\/prochaska.eu\/en\/wp-json\/wp\/v2\/product_tag?post=24835"}],"curies":[{"name":"wp","href":"https:\/\/api.w.org\/{rel}","templated":true}]}}