{"id":24841,"date":"2023-12-19T09:41:25","date_gmt":"2023-12-19T08:41:25","guid":{"rendered":"https:\/\/prochaska.eu\/product\/toro-zeroturn-titan-zxm4875-myride-74898-76530\/"},"modified":"2023-12-19T09:41:25","modified_gmt":"2023-12-19T09:41:25","slug":"toro-zeroturn-titan-zxm4875-myride-74898-76530","status":"publish","type":"product","link":"https:\/\/prochaska.eu\/en\/produkt\/toro-zeroturn-titan-zxm4875-myride-74898-76530\/","title":{"rendered":"Toro &#8211; ZeroTurn &#8211; Titan ZXM4875 &#8211; MyRide &#8211; 74898 &#8211; 76530"},"content":{"rendered":"<p style=\"text-align: left;\">The zero turn mower, Toro Titan model ZXM5475, has a cutting width of 137 cm and is suitable for green areas of up to 10,000 m\u00b2 and more. The mower is equipped with the MyRide suspension system. This means that the movement of the driver&#8217;s seat platform is cushioned and a more comfortable ride is guaranteed than with a seat with standard suspension. The hydraulic dampers and adjustable suspension struts ensure a smoother ride. The control levers make the device easy to operate and easy to steer. The robust design ensures that the mower can withstand even the most difficult conditions.<\/p>\n<h2 style=\"text-align: left;\">The product benefits<\/h2>\n<ul>\n<li style=\"text-align: left;\">Cutting width of 137 cm for areas of up to 10,000 m\u00b2 and more<\/li>\n<li style=\"text-align: left;\">Height adjustment 38 &#8211; 114 mm (13-way adjustable)<\/li>\n<li style=\"text-align: left;\">MyRide suspension system for comfortable working thanks to isolated vibrations<\/li>\n<li style=\"text-align: left;\">High-quality Kohler V-Twin engine with 725 cm\u00b3<\/li>\n<li style=\"text-align: left;\">Up to 13 km\/h<\/li>\n<li>Foot Assist cutting height adjustment 11.4 cm<\/li>\n<li>Tank control<\/li>\n<li>Dual hydrostat<\/li>\n<\/ul>\n<h2 style=\"text-align: left;\">Optional accessories<\/h2>\n<ul>\n<li style=\"text-align: left;\">Toro replacement blade 115-4999-03<\/li>\n<li>Toro Deluxe cover (Timecutter) 490-7319<\/li>\n<li>Grass catcher box 79348 &amp; mounting kit 120-7123<\/li>\n<\/ul>\n<p>&nbsp;<\/p>\n<p><iframe title=\"Get The Best Cut Lawn with a Toro\u00ae TimeCutter\u00ae Zero Turn\" width=\"800\" height=\"450\" src=\"https:\/\/www.youtube.com\/embed\/Rnf_MVAqTlM?feature=oembed\" frameborder=\"0\" allow=\"accelerometer; autoplay; clipboard-write; encrypted-media; gyroscope; picture-in-picture; web-share\" referrerpolicy=\"strict-origin-when-cross-origin\" allowfullscreen><\/iframe><\/p>\n","protected":false},"excerpt":{"rendered":"<p>The Titan ZXM5475 MyRide from Toro offers a cutting width of 137 cm and is therefore perfect for large areas.<\/p>\n","protected":false},"featured_media":21416,"template":"","meta":[],"pwb-brand":[3072],"product_brand":[],"product_cat":[3060,3137,1285],"product_tag":[1374,1377],"class_list":{"0":"post-24841","1":"product","2":"type-product","3":"status-publish","4":"has-post-thumbnail","6":"pwb-brand-toro-en","7":"product_cat-discount-en","8":"product_cat-toro-brand-discounts-en","9":"product_cat-zero-turns-en-4","10":"product_tag-toro","11":"product_tag-zero-turns-en","13":"first","14":"instock","15":"sale","16":"taxable","17":"shipping-taxable","18":"purchasable","19":"product-type-simple"},"yoast_head":"<!-- This site is optimized with the Yoast SEO plugin v27.4 - https:\/\/yoast.com\/product\/yoast-seo-wordpress\/ -->\n<title>Toro - ZeroTurn - Titan ZXM4875 - MyRide - 74898 - 76530 - Prochaska<\/title>\n<meta name=\"robots\" content=\"index, follow, max-snippet:-1, max-image-preview:large, max-video-preview:-1\" \/>\n<link rel=\"canonical\" href=\"https:\/\/prochaska.eu\/en\/produkt\/toro-zeroturn-titan-zxm4875-myride-74898-76530\/\" \/>\n<meta property=\"og:locale\" content=\"en_US\" \/>\n<meta property=\"og:type\" content=\"article\" \/>\n<meta property=\"og:title\" content=\"Toro - ZeroTurn - Titan ZXM4875 - MyRide - 74898 - 76530 - Prochaska\" \/>\n<meta property=\"og:description\" content=\"The Titan ZXM5475 MyRide from Toro offers a cutting width of 137 cm and is therefore perfect for large areas.\" \/>\n<meta property=\"og:url\" content=\"https:\/\/prochaska.eu\/en\/produkt\/toro-zeroturn-titan-zxm4875-myride-74898-76530\/\" \/>\n<meta property=\"og:site_name\" content=\"Prochaska\" \/>\n<meta property=\"article:publisher\" content=\"https:\/\/www.facebook.com\/prochaska.eu\/\" \/>\n<meta property=\"article:modified_time\" content=\"2023-12-19T09:41:25+00:00\" \/>\n<meta property=\"og:image\" content=\"https:\/\/prochaska.eu\/wp-content\/uploads\/2024\/06\/zxm4875.png\" \/>\n\t<meta property=\"og:image:width\" content=\"836\" \/>\n\t<meta property=\"og:image:height\" content=\"715\" \/>\n\t<meta property=\"og:image:type\" content=\"image\/png\" \/>\n<meta name=\"twitter:card\" content=\"summary_large_image\" \/>\n<meta name=\"twitter:label1\" content=\"Est. reading time\" \/>\n\t<meta name=\"twitter:data1\" content=\"1 minute\" \/>\n<script type=\"application\/ld+json\" class=\"yoast-schema-graph\">{\"@context\":\"https:\\\/\\\/schema.org\",\"@graph\":[{\"@type\":\"WebPage\",\"@id\":\"https:\\\/\\\/prochaska.eu\\\/en\\\/produkt\\\/toro-zeroturn-titan-zxm4875-myride-74898-76530\\\/\",\"url\":\"https:\\\/\\\/prochaska.eu\\\/en\\\/produkt\\\/toro-zeroturn-titan-zxm4875-myride-74898-76530\\\/\",\"name\":\"Toro - ZeroTurn - Titan ZXM4875 - MyRide - 74898 - 76530 - Prochaska\",\"isPartOf\":{\"@id\":\"https:\\\/\\\/prochaska.eu\\\/en\\\/#website\"},\"primaryImageOfPage\":{\"@id\":\"https:\\\/\\\/prochaska.eu\\\/en\\\/produkt\\\/toro-zeroturn-titan-zxm4875-myride-74898-76530\\\/#primaryimage\"},\"image\":{\"@id\":\"https:\\\/\\\/prochaska.eu\\\/en\\\/produkt\\\/toro-zeroturn-titan-zxm4875-myride-74898-76530\\\/#primaryimage\"},\"thumbnailUrl\":\"https:\\\/\\\/prochaska.eu\\\/wp-content\\\/uploads\\\/2024\\\/06\\\/zxm4875.png\",\"datePublished\":\"2023-12-19T08:41:25+00:00\",\"dateModified\":\"2023-12-19T09:41:25+00:00\",\"breadcrumb\":{\"@id\":\"https:\\\/\\\/prochaska.eu\\\/en\\\/produkt\\\/toro-zeroturn-titan-zxm4875-myride-74898-76530\\\/#breadcrumb\"},\"inLanguage\":\"en-US\",\"potentialAction\":[{\"@type\":\"ReadAction\",\"target\":[\"https:\\\/\\\/prochaska.eu\\\/en\\\/produkt\\\/toro-zeroturn-titan-zxm4875-myride-74898-76530\\\/\"]}]},{\"@type\":\"ImageObject\",\"inLanguage\":\"en-US\",\"@id\":\"https:\\\/\\\/prochaska.eu\\\/en\\\/produkt\\\/toro-zeroturn-titan-zxm4875-myride-74898-76530\\\/#primaryimage\",\"url\":\"https:\\\/\\\/prochaska.eu\\\/wp-content\\\/uploads\\\/2024\\\/06\\\/zxm4875.png\",\"contentUrl\":\"https:\\\/\\\/prochaska.eu\\\/wp-content\\\/uploads\\\/2024\\\/06\\\/zxm4875.png\",\"width\":836,\"height\":715},{\"@type\":\"BreadcrumbList\",\"@id\":\"https:\\\/\\\/prochaska.eu\\\/en\\\/produkt\\\/toro-zeroturn-titan-zxm4875-myride-74898-76530\\\/#breadcrumb\",\"itemListElement\":[{\"@type\":\"ListItem\",\"position\":1,\"name\":\"Home\",\"item\":\"https:\\\/\\\/prochaska.eu\\\/en\\\/\"},{\"@type\":\"ListItem\",\"position\":2,\"name\":\"Shop\",\"item\":\"https:\\\/\\\/prochaska.eu\\\/shop\\\/\"},{\"@type\":\"ListItem\",\"position\":3,\"name\":\"Toro &#8211; ZeroTurn &#8211; Titan ZXM4875 &#8211; MyRide &#8211; 74898 &#8211; 76530\"}]},{\"@type\":\"WebSite\",\"@id\":\"https:\\\/\\\/prochaska.eu\\\/en\\\/#website\",\"url\":\"https:\\\/\\\/prochaska.eu\\\/en\\\/\",\"name\":\"Prochaska\",\"description\":\"Spezialist f\u00fcr Pflege von Gr\u00fcnfl\u00e4chen\",\"publisher\":{\"@id\":\"https:\\\/\\\/prochaska.eu\\\/en\\\/#organization\"},\"potentialAction\":[{\"@type\":\"SearchAction\",\"target\":{\"@type\":\"EntryPoint\",\"urlTemplate\":\"https:\\\/\\\/prochaska.eu\\\/en\\\/?s={search_term_string}\"},\"query-input\":{\"@type\":\"PropertyValueSpecification\",\"valueRequired\":true,\"valueName\":\"search_term_string\"}}],\"inLanguage\":\"en-US\"},{\"@type\":\"Organization\",\"@id\":\"https:\\\/\\\/prochaska.eu\\\/en\\\/#organization\",\"name\":\"Prochaska\",\"url\":\"https:\\\/\\\/prochaska.eu\\\/en\\\/\",\"logo\":{\"@type\":\"ImageObject\",\"inLanguage\":\"en-US\",\"@id\":\"https:\\\/\\\/prochaska.eu\\\/en\\\/#\\\/schema\\\/logo\\\/image\\\/\",\"url\":\"https:\\\/\\\/prochaska.eu\\\/wp-content\\\/uploads\\\/2024\\\/04\\\/Prochaska_Logo_Black-1.png\",\"contentUrl\":\"https:\\\/\\\/prochaska.eu\\\/wp-content\\\/uploads\\\/2024\\\/04\\\/Prochaska_Logo_Black-1.png\",\"width\":796,\"height\":236,\"caption\":\"Prochaska\"},\"image\":{\"@id\":\"https:\\\/\\\/prochaska.eu\\\/en\\\/#\\\/schema\\\/logo\\\/image\\\/\"},\"sameAs\":[\"https:\\\/\\\/www.facebook.com\\\/prochaska.eu\\\/\",\"https:\\\/\\\/www.instagram.com\\\/prochaska.eu\\\/\",\"https:\\\/\\\/www.linkedin.com\\\/company\\\/prochaska-handels-gmbh\"]}]}<\/script>\n<!-- \/ Yoast SEO plugin. -->","yoast_head_json":{"title":"Toro - ZeroTurn - Titan ZXM4875 - MyRide - 74898 - 76530 - Prochaska","robots":{"index":"index","follow":"follow","max-snippet":"max-snippet:-1","max-image-preview":"max-image-preview:large","max-video-preview":"max-video-preview:-1"},"canonical":"https:\/\/prochaska.eu\/en\/produkt\/toro-zeroturn-titan-zxm4875-myride-74898-76530\/","og_locale":"en_US","og_type":"article","og_title":"Toro - ZeroTurn - Titan ZXM4875 - MyRide - 74898 - 76530 - Prochaska","og_description":"The Titan ZXM5475 MyRide from Toro offers a cutting width of 137 cm and is therefore perfect for large areas.","og_url":"https:\/\/prochaska.eu\/en\/produkt\/toro-zeroturn-titan-zxm4875-myride-74898-76530\/","og_site_name":"Prochaska","article_publisher":"https:\/\/www.facebook.com\/prochaska.eu\/","article_modified_time":"2023-12-19T09:41:25+00:00","og_image":[{"width":836,"height":715,"url":"https:\/\/prochaska.eu\/wp-content\/uploads\/2024\/06\/zxm4875.png","type":"image\/png"}],"twitter_card":"summary_large_image","twitter_misc":{"Est. reading time":"1 minute"},"schema":{"@context":"https:\/\/schema.org","@graph":[{"@type":"WebPage","@id":"https:\/\/prochaska.eu\/en\/produkt\/toro-zeroturn-titan-zxm4875-myride-74898-76530\/","url":"https:\/\/prochaska.eu\/en\/produkt\/toro-zeroturn-titan-zxm4875-myride-74898-76530\/","name":"Toro - ZeroTurn - Titan ZXM4875 - MyRide - 74898 - 76530 - Prochaska","isPartOf":{"@id":"https:\/\/prochaska.eu\/en\/#website"},"primaryImageOfPage":{"@id":"https:\/\/prochaska.eu\/en\/produkt\/toro-zeroturn-titan-zxm4875-myride-74898-76530\/#primaryimage"},"image":{"@id":"https:\/\/prochaska.eu\/en\/produkt\/toro-zeroturn-titan-zxm4875-myride-74898-76530\/#primaryimage"},"thumbnailUrl":"https:\/\/prochaska.eu\/wp-content\/uploads\/2024\/06\/zxm4875.png","datePublished":"2023-12-19T08:41:25+00:00","dateModified":"2023-12-19T09:41:25+00:00","breadcrumb":{"@id":"https:\/\/prochaska.eu\/en\/produkt\/toro-zeroturn-titan-zxm4875-myride-74898-76530\/#breadcrumb"},"inLanguage":"en-US","potentialAction":[{"@type":"ReadAction","target":["https:\/\/prochaska.eu\/en\/produkt\/toro-zeroturn-titan-zxm4875-myride-74898-76530\/"]}]},{"@type":"ImageObject","inLanguage":"en-US","@id":"https:\/\/prochaska.eu\/en\/produkt\/toro-zeroturn-titan-zxm4875-myride-74898-76530\/#primaryimage","url":"https:\/\/prochaska.eu\/wp-content\/uploads\/2024\/06\/zxm4875.png","contentUrl":"https:\/\/prochaska.eu\/wp-content\/uploads\/2024\/06\/zxm4875.png","width":836,"height":715},{"@type":"BreadcrumbList","@id":"https:\/\/prochaska.eu\/en\/produkt\/toro-zeroturn-titan-zxm4875-myride-74898-76530\/#breadcrumb","itemListElement":[{"@type":"ListItem","position":1,"name":"Home","item":"https:\/\/prochaska.eu\/en\/"},{"@type":"ListItem","position":2,"name":"Shop","item":"https:\/\/prochaska.eu\/shop\/"},{"@type":"ListItem","position":3,"name":"Toro &#8211; ZeroTurn &#8211; Titan ZXM4875 &#8211; MyRide &#8211; 74898 &#8211; 76530"}]},{"@type":"WebSite","@id":"https:\/\/prochaska.eu\/en\/#website","url":"https:\/\/prochaska.eu\/en\/","name":"Prochaska","description":"Spezialist f\u00fcr Pflege von Gr\u00fcnfl\u00e4chen","publisher":{"@id":"https:\/\/prochaska.eu\/en\/#organization"},"potentialAction":[{"@type":"SearchAction","target":{"@type":"EntryPoint","urlTemplate":"https:\/\/prochaska.eu\/en\/?s={search_term_string}"},"query-input":{"@type":"PropertyValueSpecification","valueRequired":true,"valueName":"search_term_string"}}],"inLanguage":"en-US"},{"@type":"Organization","@id":"https:\/\/prochaska.eu\/en\/#organization","name":"Prochaska","url":"https:\/\/prochaska.eu\/en\/","logo":{"@type":"ImageObject","inLanguage":"en-US","@id":"https:\/\/prochaska.eu\/en\/#\/schema\/logo\/image\/","url":"https:\/\/prochaska.eu\/wp-content\/uploads\/2024\/04\/Prochaska_Logo_Black-1.png","contentUrl":"https:\/\/prochaska.eu\/wp-content\/uploads\/2024\/04\/Prochaska_Logo_Black-1.png","width":796,"height":236,"caption":"Prochaska"},"image":{"@id":"https:\/\/prochaska.eu\/en\/#\/schema\/logo\/image\/"},"sameAs":["https:\/\/www.facebook.com\/prochaska.eu\/","https:\/\/www.instagram.com\/prochaska.eu\/","https:\/\/www.linkedin.com\/company\/prochaska-handels-gmbh"]}]}},"brands":[{"id":3072,"name":"Toro","slug":"toro-en"}],"_links":{"self":[{"href":"https:\/\/prochaska.eu\/en\/wp-json\/wp\/v2\/product\/24841","targetHints":{"allow":["GET"]}}],"collection":[{"href":"https:\/\/prochaska.eu\/en\/wp-json\/wp\/v2\/product"}],"about":[{"href":"https:\/\/prochaska.eu\/en\/wp-json\/wp\/v2\/types\/product"}],"version-history":[{"count":0,"href":"https:\/\/prochaska.eu\/en\/wp-json\/wp\/v2\/product\/24841\/revisions"}],"wp:featuredmedia":[{"embeddable":true,"href":"https:\/\/prochaska.eu\/en\/wp-json\/wp\/v2\/media\/21416"}],"wp:attachment":[{"href":"https:\/\/prochaska.eu\/en\/wp-json\/wp\/v2\/media?parent=24841"}],"wp:term":[{"taxonomy":"pwb-brand","embeddable":true,"href":"https:\/\/prochaska.eu\/en\/wp-json\/wp\/v2\/pwb-brand?post=24841"},{"taxonomy":"product_brand","embeddable":true,"href":"https:\/\/prochaska.eu\/en\/wp-json\/wp\/v2\/product_brand?post=24841"},{"taxonomy":"product_cat","embeddable":true,"href":"https:\/\/prochaska.eu\/en\/wp-json\/wp\/v2\/product_cat?post=24841"},{"taxonomy":"product_tag","embeddable":true,"href":"https:\/\/prochaska.eu\/en\/wp-json\/wp\/v2\/product_tag?post=24841"}],"curies":[{"name":"wp","href":"https:\/\/api.w.org\/{rel}","templated":true}]}}