{"id":24853,"date":"2022-02-22T13:34:20","date_gmt":"2022-02-22T13:34:20","guid":{"rendered":"https:\/\/prochaska.eu\/product\/toro-lawn-mower-recycler-20944\/"},"modified":"2022-02-22T13:34:20","modified_gmt":"2022-02-22T13:34:20","slug":"toro-lawn-mower-recycler-20944","status":"publish","type":"product","link":"https:\/\/prochaska.eu\/en\/produkt\/toro-lawn-mower-recycler-20944\/","title":{"rendered":"Toro &#8211; Lawn mower &#8211; Recycler &#8211; 20944"},"content":{"rendered":"<p style=\"text-align: left;\">The <a href=\"https:\/\/www.prochaska.eu\/toro\/\">Toro<\/a> Recycler lawn mower 20944 is compact, lightweight and easy to use. The lawn mower has a cutting width of 46 cm and a rear-wheel drive with VARIO DRIVE (infinitely variable speed control). Thanks to the modern Toro Recycling Technology (TRT), the mown grass particles are used to maintain the lawn. The nutrient-rich clippings are returned to the soil, decompose quickly and nourish the roots for a healthy, dense lawn. The cutting height can be adjusted between 25 &#8211; 70 mm. The mower can be folded for ideal storage and easy transportation.<\/p>\n<h2 style=\"text-align: left;\">The product benefits<\/h2>\n<ul>\n<li style=\"text-align: left;\">Toro Recycler Technology &#8211; State-of-the-art recycler technology shreds the clippings several times<\/li>\n<li>3 in 1 steel mower: grass catcher, recycling and rear discharge<\/li>\n<li>Large grass catcher (60 liters) &#8211; Long mowing without interruptions<\/li>\n<li style=\"text-align: left;\">Height-adjustable guide rail for ergonomic working<\/li>\n<li>Vario Drive System &#8211; stepless speed adjustment conveniently via the handlebar<\/li>\n<li style=\"text-align: left;\">Toro Lifelong bumper ensures a long service life<\/li>\n<\/ul>\n<h2 style=\"text-align: left;\">Optional accessories<\/h2>\n<ul>\n<li>Deluxe cover &#8211; 490-7462<\/li>\n<li>Comfort starter handle &#8211; 117-4142<\/li>\n<li>Lawn mower oil &#8211; P65606<\/li>\n<\/ul>\n<p><iframe title=\"Toro\u00ae Recycler\u00ae Walk-Behind Mowers\" width=\"800\" height=\"450\" src=\"https:\/\/www.youtube.com\/embed\/v31egpxwZWs?feature=oembed\" frameborder=\"0\" allow=\"accelerometer; autoplay; clipboard-write; encrypted-media; gyroscope; picture-in-picture; web-share\" referrerpolicy=\"strict-origin-when-cross-origin\" allowfullscreen><\/iframe><\/p>\n","protected":false},"excerpt":{"rendered":"<p>With a cutting width of 46 cm and its compact design, the Toro Recycler lawn mower 20944 is ideal for the home and garden.<\/p>\n","protected":false},"featured_media":32502,"template":"","meta":[],"pwb-brand":[3072],"product_brand":[],"product_cat":[3060,1181,3137],"product_tag":[1374],"class_list":{"0":"post-24853","1":"product","2":"type-product","3":"status-publish","4":"has-post-thumbnail","6":"pwb-brand-toro-en","7":"product_cat-discount-en","8":"product_cat-lawn-mower","9":"product_cat-toro-brand-discounts-en","10":"product_tag-toro","12":"first","13":"instock","14":"taxable","15":"shipping-taxable","16":"purchasable","17":"product-type-simple"},"yoast_head":"<!-- This site is optimized with the Yoast SEO plugin v27.4 - https:\/\/yoast.com\/product\/yoast-seo-wordpress\/ -->\n<title>Toro - Lawn mower - Recycler - 20944 - Prochaska<\/title>\n<meta name=\"robots\" content=\"index, follow, max-snippet:-1, max-image-preview:large, max-video-preview:-1\" \/>\n<link rel=\"canonical\" href=\"https:\/\/prochaska.eu\/en\/produkt\/toro-lawn-mower-recycler-20944\/\" \/>\n<meta property=\"og:locale\" content=\"en_US\" \/>\n<meta property=\"og:type\" content=\"article\" \/>\n<meta property=\"og:title\" content=\"Toro - Lawn mower - Recycler - 20944 - Prochaska\" \/>\n<meta property=\"og:description\" content=\"With a cutting width of 46 cm and its compact design, the Toro Recycler lawn mower 20944 is ideal for the home and garden.\" \/>\n<meta property=\"og:url\" content=\"https:\/\/prochaska.eu\/en\/produkt\/toro-lawn-mower-recycler-20944\/\" \/>\n<meta property=\"og:site_name\" content=\"Prochaska\" \/>\n<meta property=\"article:publisher\" content=\"https:\/\/www.facebook.com\/prochaska.eu\/\" \/>\n<meta property=\"og:image\" content=\"https:\/\/prochaska.eu\/wp-content\/uploads\/2024\/06\/rasenmaeher-toro-20942-prochaska-e1720173679426.jpg\" \/>\n\t<meta property=\"og:image:width\" content=\"1440\" \/>\n\t<meta property=\"og:image:height\" content=\"1440\" \/>\n\t<meta property=\"og:image:type\" content=\"image\/jpeg\" \/>\n<meta name=\"twitter:card\" content=\"summary_large_image\" \/>\n<meta name=\"twitter:label1\" content=\"Est. reading time\" \/>\n\t<meta name=\"twitter:data1\" content=\"1 minute\" \/>\n<script type=\"application\/ld+json\" class=\"yoast-schema-graph\">{\"@context\":\"https:\\\/\\\/schema.org\",\"@graph\":[{\"@type\":\"WebPage\",\"@id\":\"https:\\\/\\\/prochaska.eu\\\/en\\\/produkt\\\/toro-lawn-mower-recycler-20944\\\/\",\"url\":\"https:\\\/\\\/prochaska.eu\\\/en\\\/produkt\\\/toro-lawn-mower-recycler-20944\\\/\",\"name\":\"Toro - Lawn mower - Recycler - 20944 - Prochaska\",\"isPartOf\":{\"@id\":\"https:\\\/\\\/prochaska.eu\\\/en\\\/#website\"},\"primaryImageOfPage\":{\"@id\":\"https:\\\/\\\/prochaska.eu\\\/en\\\/produkt\\\/toro-lawn-mower-recycler-20944\\\/#primaryimage\"},\"image\":{\"@id\":\"https:\\\/\\\/prochaska.eu\\\/en\\\/produkt\\\/toro-lawn-mower-recycler-20944\\\/#primaryimage\"},\"thumbnailUrl\":\"https:\\\/\\\/prochaska.eu\\\/wp-content\\\/uploads\\\/2022\\\/02\\\/wpm_20949_34r-scaled.webp\",\"datePublished\":\"2022-02-22T13:34:20+00:00\",\"breadcrumb\":{\"@id\":\"https:\\\/\\\/prochaska.eu\\\/en\\\/produkt\\\/toro-lawn-mower-recycler-20944\\\/#breadcrumb\"},\"inLanguage\":\"en-US\",\"potentialAction\":[{\"@type\":\"ReadAction\",\"target\":[\"https:\\\/\\\/prochaska.eu\\\/en\\\/produkt\\\/toro-lawn-mower-recycler-20944\\\/\"]}]},{\"@type\":\"ImageObject\",\"inLanguage\":\"en-US\",\"@id\":\"https:\\\/\\\/prochaska.eu\\\/en\\\/produkt\\\/toro-lawn-mower-recycler-20944\\\/#primaryimage\",\"url\":\"https:\\\/\\\/prochaska.eu\\\/wp-content\\\/uploads\\\/2022\\\/02\\\/wpm_20949_34r-scaled.webp\",\"contentUrl\":\"https:\\\/\\\/prochaska.eu\\\/wp-content\\\/uploads\\\/2022\\\/02\\\/wpm_20949_34r-scaled.webp\",\"width\":2157,\"height\":2560,\"caption\":\"Toro Recycler S460 (20949)\"},{\"@type\":\"BreadcrumbList\",\"@id\":\"https:\\\/\\\/prochaska.eu\\\/en\\\/produkt\\\/toro-lawn-mower-recycler-20944\\\/#breadcrumb\",\"itemListElement\":[{\"@type\":\"ListItem\",\"position\":1,\"name\":\"Home\",\"item\":\"https:\\\/\\\/prochaska.eu\\\/en\\\/\"},{\"@type\":\"ListItem\",\"position\":2,\"name\":\"Shop\",\"item\":\"https:\\\/\\\/prochaska.eu\\\/shop\\\/\"},{\"@type\":\"ListItem\",\"position\":3,\"name\":\"Toro &#8211; Lawn mower &#8211; Recycler &#8211; 20944\"}]},{\"@type\":\"WebSite\",\"@id\":\"https:\\\/\\\/prochaska.eu\\\/en\\\/#website\",\"url\":\"https:\\\/\\\/prochaska.eu\\\/en\\\/\",\"name\":\"Prochaska\",\"description\":\"Spezialist f\u00fcr Pflege von Gr\u00fcnfl\u00e4chen\",\"publisher\":{\"@id\":\"https:\\\/\\\/prochaska.eu\\\/en\\\/#organization\"},\"potentialAction\":[{\"@type\":\"SearchAction\",\"target\":{\"@type\":\"EntryPoint\",\"urlTemplate\":\"https:\\\/\\\/prochaska.eu\\\/en\\\/?s={search_term_string}\"},\"query-input\":{\"@type\":\"PropertyValueSpecification\",\"valueRequired\":true,\"valueName\":\"search_term_string\"}}],\"inLanguage\":\"en-US\"},{\"@type\":\"Organization\",\"@id\":\"https:\\\/\\\/prochaska.eu\\\/en\\\/#organization\",\"name\":\"Prochaska\",\"url\":\"https:\\\/\\\/prochaska.eu\\\/en\\\/\",\"logo\":{\"@type\":\"ImageObject\",\"inLanguage\":\"en-US\",\"@id\":\"https:\\\/\\\/prochaska.eu\\\/en\\\/#\\\/schema\\\/logo\\\/image\\\/\",\"url\":\"https:\\\/\\\/prochaska.eu\\\/wp-content\\\/uploads\\\/2024\\\/04\\\/Prochaska_Logo_Black-1.png\",\"contentUrl\":\"https:\\\/\\\/prochaska.eu\\\/wp-content\\\/uploads\\\/2024\\\/04\\\/Prochaska_Logo_Black-1.png\",\"width\":796,\"height\":236,\"caption\":\"Prochaska\"},\"image\":{\"@id\":\"https:\\\/\\\/prochaska.eu\\\/en\\\/#\\\/schema\\\/logo\\\/image\\\/\"},\"sameAs\":[\"https:\\\/\\\/www.facebook.com\\\/prochaska.eu\\\/\",\"https:\\\/\\\/www.instagram.com\\\/prochaska.eu\\\/\",\"https:\\\/\\\/www.linkedin.com\\\/company\\\/prochaska-handels-gmbh\"]}]}<\/script>\n<!-- \/ Yoast SEO plugin. -->","yoast_head_json":{"title":"Toro - Lawn mower - Recycler - 20944 - Prochaska","robots":{"index":"index","follow":"follow","max-snippet":"max-snippet:-1","max-image-preview":"max-image-preview:large","max-video-preview":"max-video-preview:-1"},"canonical":"https:\/\/prochaska.eu\/en\/produkt\/toro-lawn-mower-recycler-20944\/","og_locale":"en_US","og_type":"article","og_title":"Toro - Lawn mower - Recycler - 20944 - Prochaska","og_description":"With a cutting width of 46 cm and its compact design, the Toro Recycler lawn mower 20944 is ideal for the home and garden.","og_url":"https:\/\/prochaska.eu\/en\/produkt\/toro-lawn-mower-recycler-20944\/","og_site_name":"Prochaska","article_publisher":"https:\/\/www.facebook.com\/prochaska.eu\/","og_image":[{"width":1440,"height":1440,"url":"https:\/\/prochaska.eu\/wp-content\/uploads\/2024\/06\/rasenmaeher-toro-20942-prochaska-e1720173679426.jpg","type":"image\/jpeg"}],"twitter_card":"summary_large_image","twitter_misc":{"Est. reading time":"1 minute"},"schema":{"@context":"https:\/\/schema.org","@graph":[{"@type":"WebPage","@id":"https:\/\/prochaska.eu\/en\/produkt\/toro-lawn-mower-recycler-20944\/","url":"https:\/\/prochaska.eu\/en\/produkt\/toro-lawn-mower-recycler-20944\/","name":"Toro - Lawn mower - Recycler - 20944 - Prochaska","isPartOf":{"@id":"https:\/\/prochaska.eu\/en\/#website"},"primaryImageOfPage":{"@id":"https:\/\/prochaska.eu\/en\/produkt\/toro-lawn-mower-recycler-20944\/#primaryimage"},"image":{"@id":"https:\/\/prochaska.eu\/en\/produkt\/toro-lawn-mower-recycler-20944\/#primaryimage"},"thumbnailUrl":"https:\/\/prochaska.eu\/wp-content\/uploads\/2022\/02\/wpm_20949_34r-scaled.webp","datePublished":"2022-02-22T13:34:20+00:00","breadcrumb":{"@id":"https:\/\/prochaska.eu\/en\/produkt\/toro-lawn-mower-recycler-20944\/#breadcrumb"},"inLanguage":"en-US","potentialAction":[{"@type":"ReadAction","target":["https:\/\/prochaska.eu\/en\/produkt\/toro-lawn-mower-recycler-20944\/"]}]},{"@type":"ImageObject","inLanguage":"en-US","@id":"https:\/\/prochaska.eu\/en\/produkt\/toro-lawn-mower-recycler-20944\/#primaryimage","url":"https:\/\/prochaska.eu\/wp-content\/uploads\/2022\/02\/wpm_20949_34r-scaled.webp","contentUrl":"https:\/\/prochaska.eu\/wp-content\/uploads\/2022\/02\/wpm_20949_34r-scaled.webp","width":2157,"height":2560,"caption":"Toro Recycler S460 (20949)"},{"@type":"BreadcrumbList","@id":"https:\/\/prochaska.eu\/en\/produkt\/toro-lawn-mower-recycler-20944\/#breadcrumb","itemListElement":[{"@type":"ListItem","position":1,"name":"Home","item":"https:\/\/prochaska.eu\/en\/"},{"@type":"ListItem","position":2,"name":"Shop","item":"https:\/\/prochaska.eu\/shop\/"},{"@type":"ListItem","position":3,"name":"Toro &#8211; Lawn mower &#8211; Recycler &#8211; 20944"}]},{"@type":"WebSite","@id":"https:\/\/prochaska.eu\/en\/#website","url":"https:\/\/prochaska.eu\/en\/","name":"Prochaska","description":"Spezialist f\u00fcr Pflege von Gr\u00fcnfl\u00e4chen","publisher":{"@id":"https:\/\/prochaska.eu\/en\/#organization"},"potentialAction":[{"@type":"SearchAction","target":{"@type":"EntryPoint","urlTemplate":"https:\/\/prochaska.eu\/en\/?s={search_term_string}"},"query-input":{"@type":"PropertyValueSpecification","valueRequired":true,"valueName":"search_term_string"}}],"inLanguage":"en-US"},{"@type":"Organization","@id":"https:\/\/prochaska.eu\/en\/#organization","name":"Prochaska","url":"https:\/\/prochaska.eu\/en\/","logo":{"@type":"ImageObject","inLanguage":"en-US","@id":"https:\/\/prochaska.eu\/en\/#\/schema\/logo\/image\/","url":"https:\/\/prochaska.eu\/wp-content\/uploads\/2024\/04\/Prochaska_Logo_Black-1.png","contentUrl":"https:\/\/prochaska.eu\/wp-content\/uploads\/2024\/04\/Prochaska_Logo_Black-1.png","width":796,"height":236,"caption":"Prochaska"},"image":{"@id":"https:\/\/prochaska.eu\/en\/#\/schema\/logo\/image\/"},"sameAs":["https:\/\/www.facebook.com\/prochaska.eu\/","https:\/\/www.instagram.com\/prochaska.eu\/","https:\/\/www.linkedin.com\/company\/prochaska-handels-gmbh"]}]}},"brands":[{"id":3072,"name":"Toro","slug":"toro-en"}],"_links":{"self":[{"href":"https:\/\/prochaska.eu\/en\/wp-json\/wp\/v2\/product\/24853","targetHints":{"allow":["GET"]}}],"collection":[{"href":"https:\/\/prochaska.eu\/en\/wp-json\/wp\/v2\/product"}],"about":[{"href":"https:\/\/prochaska.eu\/en\/wp-json\/wp\/v2\/types\/product"}],"version-history":[{"count":0,"href":"https:\/\/prochaska.eu\/en\/wp-json\/wp\/v2\/product\/24853\/revisions"}],"wp:featuredmedia":[{"embeddable":true,"href":"https:\/\/prochaska.eu\/en\/wp-json\/wp\/v2\/media\/32502"}],"wp:attachment":[{"href":"https:\/\/prochaska.eu\/en\/wp-json\/wp\/v2\/media?parent=24853"}],"wp:term":[{"taxonomy":"pwb-brand","embeddable":true,"href":"https:\/\/prochaska.eu\/en\/wp-json\/wp\/v2\/pwb-brand?post=24853"},{"taxonomy":"product_brand","embeddable":true,"href":"https:\/\/prochaska.eu\/en\/wp-json\/wp\/v2\/product_brand?post=24853"},{"taxonomy":"product_cat","embeddable":true,"href":"https:\/\/prochaska.eu\/en\/wp-json\/wp\/v2\/product_cat?post=24853"},{"taxonomy":"product_tag","embeddable":true,"href":"https:\/\/prochaska.eu\/en\/wp-json\/wp\/v2\/product_tag?post=24853"}],"curies":[{"name":"wp","href":"https:\/\/api.w.org\/{rel}","templated":true}]}}