{"id":24861,"date":"2023-12-18T13:24:29","date_gmt":"2023-12-18T13:24:29","guid":{"rendered":"https:\/\/prochaska.eu\/product\/toro-super-recycler-cordless-lawn-mower-60v-set-21695\/"},"modified":"2023-12-18T13:24:29","modified_gmt":"2023-12-18T13:24:29","slug":"toro-super-recycler-cordless-lawn-mower-60v-set-21695","status":"publish","type":"product","link":"https:\/\/prochaska.eu\/en\/produkt\/toro-super-recycler-cordless-lawn-mower-60v-set-21695\/","title":{"rendered":"Toro &#8211; Super-Recycler &#8211; Cordless lawn mower &#8211; 60V &#8211; Set &#8211; 21695"},"content":{"rendered":"<p>This Toro eSuper Recycler\u2122 53 cm cordless lawn mower combines power and efficiency. The Flex-Force Power System\u2122 includes a brushless 60 V motor with an output of 2 kW and is free of engine exhaust fumes. This power is sufficient for processing a lawn area of up to 1,000 square meters. The RunSmart\u2122 software maximizes running time and performance by automatically adjusting the engine speed to the conditions. Vortex Technology\u00ae provides a super powerful airflow that sucks the blades of grass upwards for a better cut. In combination with the grass catcher with wide inlet and a capacity of up to 63 liters, you can spend more time mowing than emptying. The durable and rust-free cast aluminum mower deck leaves a beautiful finish and is covered by a 5-year warranty. The AutoMatic self-powered drive system adjusts smoothly to your preferred running speed and you can set the mower to your preferred setting for recycling or grass catching. Thanks to the Quick-Storage guide rail, you save storage space as you can stow the rail in an upright, locked position. And the best thing is that your 60-volt battery is compatible with all other products in the Flex-Force battery range. L405 battery (7.5 Ah, 405 Wh) incl. Charger.<\/p>\n<h2 style=\"text-align: left;\">The Toro Package<\/h2>\n<p style=\"text-align: left;\">The <a href=\"https:\/\/www.prochaska.eu\/toro\/\">Toro <\/a>package includes a Toro Recycler lawn mower 53cm, a 7.5Ah, 405Wh battery and a universal charger.<\/p>\n<h2 style=\"text-align: left;\">The product benefits<\/h2>\n<ul style=\"text-align: left;\">\n<li>Smart Stow &#8211; foldable and vertically storable<\/li>\n<li style=\"text-align: left;\">Blade brake for safe working<\/li>\n<li style=\"text-align: left;\">Automatic Drive System for speed adjustment<\/li>\n<li style=\"text-align: left;\">Toro Recycling Technology (with Quick-Change lever easy switching as required<\/li>\n<li style=\"text-align: left;\">Coarse wheel profile for additional grip<\/li>\n<li style=\"text-align: left;\">Easy maintenance (brushless motor)<\/li>\n<li style=\"text-align: left;\">Steel mower deck for long service life<\/li>\n<li>Cutting width 53cm, 4-stage, 25-102mm<\/li>\n<li>Rear-wheel drive<\/li>\n<li>Catch basket volume of 63 l<\/li>\n<\/ul>\n<p>&nbsp;<\/p>\n<p><iframe title=\"New Toro  21&quot; 60V Electric Lawn Mower\" width=\"800\" height=\"450\" src=\"https:\/\/www.youtube.com\/embed\/cvz4pQMQzxg?feature=oembed\" frameborder=\"0\" allow=\"accelerometer; autoplay; clipboard-write; encrypted-media; gyroscope; picture-in-picture; web-share\" referrerpolicy=\"strict-origin-when-cross-origin\" allowfullscreen><\/iframe><\/p>\n","protected":false},"excerpt":{"rendered":"<p>This Toro eSuper Recycler\u2122 53 cm cordless lawn mower combines power and efficiency. The Flex-Force Power System\u2122 includes a brushless 60 V motor with an output of 2 kW and is free of engine exhaust fumes.<\/p>\n","protected":false},"featured_media":23123,"template":"","meta":[],"pwb-brand":[3072],"product_brand":[],"product_cat":[1092,1182,3060,1212,1102,1181,3134,3137],"product_tag":[3119,1374],"class_list":{"0":"post-24861","1":"product","2":"type-product","3":"status-publish","4":"has-post-thumbnail","6":"pwb-brand-toro-en","7":"product_cat-battery-powered-devices","8":"product_cat-cordless-lawn-mower","9":"product_cat-discount-en","10":"product_cat-hand-lawn-mower","11":"product_cat-house-and-garden","12":"product_cat-lawn-mower","13":"product_cat-sets-offers","14":"product_cat-toro-brand-discounts-en","15":"product_tag-40-v-en","16":"product_tag-toro","18":"first","19":"instock","20":"sale","21":"taxable","22":"shipping-taxable","23":"purchasable","24":"product-type-simple"},"yoast_head":"<!-- This site is optimized with the Yoast SEO plugin v27.5 - https:\/\/yoast.com\/product\/yoast-seo-wordpress\/ -->\n<title>Toro - Super-Recycler - Cordless lawn mower - 60V - Set - 21695 - Prochaska<\/title>\n<meta name=\"robots\" content=\"index, follow, max-snippet:-1, max-image-preview:large, max-video-preview:-1\" \/>\n<link rel=\"canonical\" href=\"https:\/\/prochaska.eu\/en\/produkt\/toro-super-recycler-cordless-lawn-mower-60v-set-21695\/\" \/>\n<meta property=\"og:locale\" content=\"en_US\" \/>\n<meta property=\"og:type\" content=\"article\" \/>\n<meta property=\"og:title\" content=\"Toro - Super-Recycler - Cordless lawn mower - 60V - Set - 21695 - Prochaska\" \/>\n<meta property=\"og:description\" content=\"This Toro eSuper Recycler\u2122 53 cm cordless lawn mower combines power and efficiency. The Flex-Force Power System\u2122 includes a brushless 60 V motor with an output of 2 kW and is free of engine exhaust fumes.\" \/>\n<meta property=\"og:url\" content=\"https:\/\/prochaska.eu\/en\/produkt\/toro-super-recycler-cordless-lawn-mower-60v-set-21695\/\" \/>\n<meta property=\"og:site_name\" content=\"Prochaska\" \/>\n<meta property=\"article:publisher\" content=\"https:\/\/www.facebook.com\/prochaska.eu\/\" \/>\n<meta property=\"og:image\" content=\"https:\/\/prochaska.eu\/wp-content\/uploads\/2024\/06\/21695.png\" \/>\n\t<meta property=\"og:image:width\" content=\"807\" \/>\n\t<meta property=\"og:image:height\" content=\"807\" \/>\n\t<meta property=\"og:image:type\" content=\"image\/png\" \/>\n<meta name=\"twitter:card\" content=\"summary_large_image\" \/>\n<meta name=\"twitter:label1\" content=\"Est. reading time\" \/>\n\t<meta name=\"twitter:data1\" content=\"1 minute\" \/>\n<script type=\"application\/ld+json\" class=\"yoast-schema-graph\">{\"@context\":\"https:\\\/\\\/schema.org\",\"@graph\":[{\"@type\":\"WebPage\",\"@id\":\"https:\\\/\\\/prochaska.eu\\\/en\\\/produkt\\\/toro-super-recycler-cordless-lawn-mower-60v-set-21695\\\/\",\"url\":\"https:\\\/\\\/prochaska.eu\\\/en\\\/produkt\\\/toro-super-recycler-cordless-lawn-mower-60v-set-21695\\\/\",\"name\":\"Toro - Super-Recycler - Cordless lawn mower - 60V - Set - 21695 - Prochaska\",\"isPartOf\":{\"@id\":\"https:\\\/\\\/prochaska.eu\\\/en\\\/#website\"},\"primaryImageOfPage\":{\"@id\":\"https:\\\/\\\/prochaska.eu\\\/en\\\/produkt\\\/toro-super-recycler-cordless-lawn-mower-60v-set-21695\\\/#primaryimage\"},\"image\":{\"@id\":\"https:\\\/\\\/prochaska.eu\\\/en\\\/produkt\\\/toro-super-recycler-cordless-lawn-mower-60v-set-21695\\\/#primaryimage\"},\"thumbnailUrl\":\"https:\\\/\\\/prochaska.eu\\\/wp-content\\\/uploads\\\/2024\\\/06\\\/21695.png\",\"datePublished\":\"2023-12-18T13:24:29+00:00\",\"breadcrumb\":{\"@id\":\"https:\\\/\\\/prochaska.eu\\\/en\\\/produkt\\\/toro-super-recycler-cordless-lawn-mower-60v-set-21695\\\/#breadcrumb\"},\"inLanguage\":\"en-US\",\"potentialAction\":[{\"@type\":\"ReadAction\",\"target\":[\"https:\\\/\\\/prochaska.eu\\\/en\\\/produkt\\\/toro-super-recycler-cordless-lawn-mower-60v-set-21695\\\/\"]}]},{\"@type\":\"ImageObject\",\"inLanguage\":\"en-US\",\"@id\":\"https:\\\/\\\/prochaska.eu\\\/en\\\/produkt\\\/toro-super-recycler-cordless-lawn-mower-60v-set-21695\\\/#primaryimage\",\"url\":\"https:\\\/\\\/prochaska.eu\\\/wp-content\\\/uploads\\\/2024\\\/06\\\/21695.png\",\"contentUrl\":\"https:\\\/\\\/prochaska.eu\\\/wp-content\\\/uploads\\\/2024\\\/06\\\/21695.png\",\"width\":807,\"height\":807},{\"@type\":\"BreadcrumbList\",\"@id\":\"https:\\\/\\\/prochaska.eu\\\/en\\\/produkt\\\/toro-super-recycler-cordless-lawn-mower-60v-set-21695\\\/#breadcrumb\",\"itemListElement\":[{\"@type\":\"ListItem\",\"position\":1,\"name\":\"Home\",\"item\":\"https:\\\/\\\/prochaska.eu\\\/en\\\/\"},{\"@type\":\"ListItem\",\"position\":2,\"name\":\"Shop\",\"item\":\"https:\\\/\\\/prochaska.eu\\\/shop\\\/\"},{\"@type\":\"ListItem\",\"position\":3,\"name\":\"Toro &#8211; Super-Recycler &#8211; Cordless lawn mower &#8211; 60V &#8211; Set &#8211; 21695\"}]},{\"@type\":\"WebSite\",\"@id\":\"https:\\\/\\\/prochaska.eu\\\/en\\\/#website\",\"url\":\"https:\\\/\\\/prochaska.eu\\\/en\\\/\",\"name\":\"Prochaska\",\"description\":\"Spezialist f\u00fcr Pflege von Gr\u00fcnfl\u00e4chen\",\"publisher\":{\"@id\":\"https:\\\/\\\/prochaska.eu\\\/en\\\/#organization\"},\"potentialAction\":[{\"@type\":\"SearchAction\",\"target\":{\"@type\":\"EntryPoint\",\"urlTemplate\":\"https:\\\/\\\/prochaska.eu\\\/en\\\/?s={search_term_string}\"},\"query-input\":{\"@type\":\"PropertyValueSpecification\",\"valueRequired\":true,\"valueName\":\"search_term_string\"}}],\"inLanguage\":\"en-US\"},{\"@type\":\"Organization\",\"@id\":\"https:\\\/\\\/prochaska.eu\\\/en\\\/#organization\",\"name\":\"Prochaska\",\"url\":\"https:\\\/\\\/prochaska.eu\\\/en\\\/\",\"logo\":{\"@type\":\"ImageObject\",\"inLanguage\":\"en-US\",\"@id\":\"https:\\\/\\\/prochaska.eu\\\/en\\\/#\\\/schema\\\/logo\\\/image\\\/\",\"url\":\"https:\\\/\\\/prochaska.eu\\\/wp-content\\\/uploads\\\/2024\\\/04\\\/Prochaska_Logo_Black-1.png\",\"contentUrl\":\"https:\\\/\\\/prochaska.eu\\\/wp-content\\\/uploads\\\/2024\\\/04\\\/Prochaska_Logo_Black-1.png\",\"width\":796,\"height\":236,\"caption\":\"Prochaska\"},\"image\":{\"@id\":\"https:\\\/\\\/prochaska.eu\\\/en\\\/#\\\/schema\\\/logo\\\/image\\\/\"},\"sameAs\":[\"https:\\\/\\\/www.facebook.com\\\/prochaska.eu\\\/\",\"https:\\\/\\\/www.instagram.com\\\/prochaska.eu\\\/\",\"https:\\\/\\\/www.linkedin.com\\\/company\\\/prochaska-handels-gmbh\"]}]}<\/script>\n<!-- \/ Yoast SEO plugin. -->","yoast_head_json":{"title":"Toro - Super-Recycler - Cordless lawn mower - 60V - Set - 21695 - Prochaska","robots":{"index":"index","follow":"follow","max-snippet":"max-snippet:-1","max-image-preview":"max-image-preview:large","max-video-preview":"max-video-preview:-1"},"canonical":"https:\/\/prochaska.eu\/en\/produkt\/toro-super-recycler-cordless-lawn-mower-60v-set-21695\/","og_locale":"en_US","og_type":"article","og_title":"Toro - Super-Recycler - Cordless lawn mower - 60V - Set - 21695 - Prochaska","og_description":"This Toro eSuper Recycler\u2122 53 cm cordless lawn mower combines power and efficiency. The Flex-Force Power System\u2122 includes a brushless 60 V motor with an output of 2 kW and is free of engine exhaust fumes.","og_url":"https:\/\/prochaska.eu\/en\/produkt\/toro-super-recycler-cordless-lawn-mower-60v-set-21695\/","og_site_name":"Prochaska","article_publisher":"https:\/\/www.facebook.com\/prochaska.eu\/","og_image":[{"width":807,"height":807,"url":"https:\/\/prochaska.eu\/wp-content\/uploads\/2024\/06\/21695.png","type":"image\/png"}],"twitter_card":"summary_large_image","twitter_misc":{"Est. reading time":"1 minute"},"schema":{"@context":"https:\/\/schema.org","@graph":[{"@type":"WebPage","@id":"https:\/\/prochaska.eu\/en\/produkt\/toro-super-recycler-cordless-lawn-mower-60v-set-21695\/","url":"https:\/\/prochaska.eu\/en\/produkt\/toro-super-recycler-cordless-lawn-mower-60v-set-21695\/","name":"Toro - Super-Recycler - Cordless lawn mower - 60V - Set - 21695 - Prochaska","isPartOf":{"@id":"https:\/\/prochaska.eu\/en\/#website"},"primaryImageOfPage":{"@id":"https:\/\/prochaska.eu\/en\/produkt\/toro-super-recycler-cordless-lawn-mower-60v-set-21695\/#primaryimage"},"image":{"@id":"https:\/\/prochaska.eu\/en\/produkt\/toro-super-recycler-cordless-lawn-mower-60v-set-21695\/#primaryimage"},"thumbnailUrl":"https:\/\/prochaska.eu\/wp-content\/uploads\/2024\/06\/21695.png","datePublished":"2023-12-18T13:24:29+00:00","breadcrumb":{"@id":"https:\/\/prochaska.eu\/en\/produkt\/toro-super-recycler-cordless-lawn-mower-60v-set-21695\/#breadcrumb"},"inLanguage":"en-US","potentialAction":[{"@type":"ReadAction","target":["https:\/\/prochaska.eu\/en\/produkt\/toro-super-recycler-cordless-lawn-mower-60v-set-21695\/"]}]},{"@type":"ImageObject","inLanguage":"en-US","@id":"https:\/\/prochaska.eu\/en\/produkt\/toro-super-recycler-cordless-lawn-mower-60v-set-21695\/#primaryimage","url":"https:\/\/prochaska.eu\/wp-content\/uploads\/2024\/06\/21695.png","contentUrl":"https:\/\/prochaska.eu\/wp-content\/uploads\/2024\/06\/21695.png","width":807,"height":807},{"@type":"BreadcrumbList","@id":"https:\/\/prochaska.eu\/en\/produkt\/toro-super-recycler-cordless-lawn-mower-60v-set-21695\/#breadcrumb","itemListElement":[{"@type":"ListItem","position":1,"name":"Home","item":"https:\/\/prochaska.eu\/en\/"},{"@type":"ListItem","position":2,"name":"Shop","item":"https:\/\/prochaska.eu\/shop\/"},{"@type":"ListItem","position":3,"name":"Toro &#8211; Super-Recycler &#8211; Cordless lawn mower &#8211; 60V &#8211; Set &#8211; 21695"}]},{"@type":"WebSite","@id":"https:\/\/prochaska.eu\/en\/#website","url":"https:\/\/prochaska.eu\/en\/","name":"Prochaska","description":"Spezialist f\u00fcr Pflege von Gr\u00fcnfl\u00e4chen","publisher":{"@id":"https:\/\/prochaska.eu\/en\/#organization"},"potentialAction":[{"@type":"SearchAction","target":{"@type":"EntryPoint","urlTemplate":"https:\/\/prochaska.eu\/en\/?s={search_term_string}"},"query-input":{"@type":"PropertyValueSpecification","valueRequired":true,"valueName":"search_term_string"}}],"inLanguage":"en-US"},{"@type":"Organization","@id":"https:\/\/prochaska.eu\/en\/#organization","name":"Prochaska","url":"https:\/\/prochaska.eu\/en\/","logo":{"@type":"ImageObject","inLanguage":"en-US","@id":"https:\/\/prochaska.eu\/en\/#\/schema\/logo\/image\/","url":"https:\/\/prochaska.eu\/wp-content\/uploads\/2024\/04\/Prochaska_Logo_Black-1.png","contentUrl":"https:\/\/prochaska.eu\/wp-content\/uploads\/2024\/04\/Prochaska_Logo_Black-1.png","width":796,"height":236,"caption":"Prochaska"},"image":{"@id":"https:\/\/prochaska.eu\/en\/#\/schema\/logo\/image\/"},"sameAs":["https:\/\/www.facebook.com\/prochaska.eu\/","https:\/\/www.instagram.com\/prochaska.eu\/","https:\/\/www.linkedin.com\/company\/prochaska-handels-gmbh"]}]}},"brands":[{"id":3072,"name":"Toro","slug":"toro-en"}],"_links":{"self":[{"href":"https:\/\/prochaska.eu\/en\/wp-json\/wp\/v2\/product\/24861","targetHints":{"allow":["GET"]}}],"collection":[{"href":"https:\/\/prochaska.eu\/en\/wp-json\/wp\/v2\/product"}],"about":[{"href":"https:\/\/prochaska.eu\/en\/wp-json\/wp\/v2\/types\/product"}],"version-history":[{"count":0,"href":"https:\/\/prochaska.eu\/en\/wp-json\/wp\/v2\/product\/24861\/revisions"}],"wp:featuredmedia":[{"embeddable":true,"href":"https:\/\/prochaska.eu\/en\/wp-json\/wp\/v2\/media\/23123"}],"wp:attachment":[{"href":"https:\/\/prochaska.eu\/en\/wp-json\/wp\/v2\/media?parent=24861"}],"wp:term":[{"taxonomy":"pwb-brand","embeddable":true,"href":"https:\/\/prochaska.eu\/en\/wp-json\/wp\/v2\/pwb-brand?post=24861"},{"taxonomy":"product_brand","embeddable":true,"href":"https:\/\/prochaska.eu\/en\/wp-json\/wp\/v2\/product_brand?post=24861"},{"taxonomy":"product_cat","embeddable":true,"href":"https:\/\/prochaska.eu\/en\/wp-json\/wp\/v2\/product_cat?post=24861"},{"taxonomy":"product_tag","embeddable":true,"href":"https:\/\/prochaska.eu\/en\/wp-json\/wp\/v2\/product_tag?post=24861"}],"curies":[{"name":"wp","href":"https:\/\/api.w.org\/{rel}","templated":true}]}}