{"id":24937,"date":"2022-01-12T11:52:35","date_gmt":"2022-01-12T11:52:35","guid":{"rendered":"https:\/\/prochaska.eu\/product\/toro-cordless-pole-pruner-60v-51847t\/"},"modified":"2022-01-12T11:52:35","modified_gmt":"2022-01-12T11:52:35","slug":"toro-cordless-pole-pruner-60v-51847t","status":"publish","type":"product","link":"https:\/\/prochaska.eu\/en\/produkt\/toro-cordless-pole-pruner-60v-51847t\/","title":{"rendered":"Toro &#8211; Cordless pole pruner &#8211; 60V &#8211; 51847T"},"content":{"rendered":"<p>The 60V cordless pole pruner 51847T is part of the Toro 60V Flex Force Power System\u2122 and is ideal for smaller pieces of wood or branches with a diameter of up to 10 cm. These operations can be carried out up to 300 times on one charge. Thanks to the use of a brushless DC motor, the appliance is both powerful and durable. The speed can be variably adjusted using a control lever. The sword length of the pole pruner is 25 cm.<\/p>\n<p>The scope of delivery does not include a battery or charger. These can be purchased separately.<\/p>\n<h2 style=\"text-align: left;\"><strong>The product benefits<br \/>\n<\/strong><\/h2>\n<ul>\n<li>Lightweight and powerful at the same time<\/li>\n<li>Variable speed adjustment via operating lever<\/li>\n<li>Start via start button<\/li>\n<li>Battery-powered and emission-free<\/li>\n<li>Long service life thanks to brushless motor<\/li>\n<\/ul>\n<h2>Optional accessories<\/h2>\n<p><a href=\"https:\/\/www.prochaska.eu\/produkt\/toro-akku-60v\/\">60V rechargeable battery 2.5 Ah &#8211; 81825<\/a><\/p>\n<p><a href=\"https:\/\/www.prochaska.eu\/produkt\/toro-akku-60v\/\">60V rechargeable battery 4.0 Ah &#8211; 81850<\/a><\/p>\n<p><a href=\"https:\/\/www.prochaska.eu\/produkt\/toro-akku-60v\/\">60V rechargeable battery 6.0 Ah &#8211; 81860<\/a><\/p>\n<p><a href=\"https:\/\/www.prochaska.eu\/produkt\/toro-akku-60v\/\">60V battery 7.5 Ah &#8211; 81875<\/a><\/p>\n<p><a href=\"https:\/\/www.prochaska.eu\/produkt\/toro-sonstige-akkugeraete-zubehoer-60v-akku-universalladegeraet\/\">60V universal charger 2A &#8211; 81802<\/a><\/p>\n<p><a href=\"https:\/\/www.prochaska.eu\/produkt\/toro-sonstige-akkugeraete-zubehoer-60v-akku-schnellladegeraet\/\">60V quick charger &#8211; 81805<\/a><\/p>\n<p>&nbsp;<\/p>\n","protected":false},"excerpt":{"rendered":"<p>The 51847T cordless pole pruner from Toro is ideal for working on smaller tree trunks or branches.<\/p>\n","protected":false},"featured_media":22976,"template":"","meta":[],"pwb-brand":[3072],"product_brand":[],"product_cat":[1092,1100,1102,1160],"product_tag":[],"class_list":{"0":"post-24937","1":"product","2":"type-product","3":"status-publish","4":"has-post-thumbnail","6":"pwb-brand-toro-en","7":"product_cat-battery-powered-devices","8":"product_cat-cordless-hedge-trimmer","9":"product_cat-house-and-garden","10":"product_cat-scarifier-aerator-leaf-remover","12":"first","13":"instock","14":"taxable","15":"shipping-taxable","16":"purchasable","17":"product-type-simple"},"yoast_head":"<!-- This site is optimized with the Yoast SEO plugin v27.4 - https:\/\/yoast.com\/product\/yoast-seo-wordpress\/ -->\n<title>Toro - Cordless pole pruner - 60V - 51847T - Prochaska<\/title>\n<meta name=\"robots\" content=\"index, follow, max-snippet:-1, max-image-preview:large, max-video-preview:-1\" \/>\n<link rel=\"canonical\" href=\"https:\/\/prochaska.eu\/en\/produkt\/toro-cordless-pole-pruner-60v-51847t\/\" \/>\n<meta property=\"og:locale\" content=\"en_US\" \/>\n<meta property=\"og:type\" content=\"article\" \/>\n<meta property=\"og:title\" content=\"Toro - Cordless pole pruner - 60V - 51847T - Prochaska\" \/>\n<meta property=\"og:description\" content=\"The 51847T cordless pole pruner from Toro is ideal for working on smaller tree trunks or branches.\" \/>\n<meta property=\"og:url\" content=\"https:\/\/prochaska.eu\/en\/produkt\/toro-cordless-pole-pruner-60v-51847t\/\" \/>\n<meta property=\"og:site_name\" content=\"Prochaska\" \/>\n<meta property=\"article:publisher\" content=\"https:\/\/www.facebook.com\/prochaska.eu\/\" \/>\n<meta property=\"og:image\" content=\"https:\/\/prochaska.eu\/wp-content\/uploads\/2024\/06\/akkugeraete-hochentaster-toro-51847t-prochaska-b1.jpg\" \/>\n\t<meta property=\"og:image:width\" content=\"1440\" \/>\n\t<meta property=\"og:image:height\" content=\"1440\" \/>\n\t<meta property=\"og:image:type\" content=\"image\/jpeg\" \/>\n<meta name=\"twitter:card\" content=\"summary_large_image\" \/>\n<meta name=\"twitter:label1\" content=\"Est. reading time\" \/>\n\t<meta name=\"twitter:data1\" content=\"1 minute\" \/>\n<script type=\"application\/ld+json\" class=\"yoast-schema-graph\">{\"@context\":\"https:\\\/\\\/schema.org\",\"@graph\":[{\"@type\":\"WebPage\",\"@id\":\"https:\\\/\\\/prochaska.eu\\\/en\\\/produkt\\\/toro-cordless-pole-pruner-60v-51847t\\\/\",\"url\":\"https:\\\/\\\/prochaska.eu\\\/en\\\/produkt\\\/toro-cordless-pole-pruner-60v-51847t\\\/\",\"name\":\"Toro - Cordless pole pruner - 60V - 51847T - Prochaska\",\"isPartOf\":{\"@id\":\"https:\\\/\\\/prochaska.eu\\\/en\\\/#website\"},\"primaryImageOfPage\":{\"@id\":\"https:\\\/\\\/prochaska.eu\\\/en\\\/produkt\\\/toro-cordless-pole-pruner-60v-51847t\\\/#primaryimage\"},\"image\":{\"@id\":\"https:\\\/\\\/prochaska.eu\\\/en\\\/produkt\\\/toro-cordless-pole-pruner-60v-51847t\\\/#primaryimage\"},\"thumbnailUrl\":\"https:\\\/\\\/prochaska.eu\\\/wp-content\\\/uploads\\\/2024\\\/06\\\/akkugeraete-hochentaster-toro-51847t-prochaska-b1.jpg\",\"datePublished\":\"2022-01-12T11:52:35+00:00\",\"breadcrumb\":{\"@id\":\"https:\\\/\\\/prochaska.eu\\\/en\\\/produkt\\\/toro-cordless-pole-pruner-60v-51847t\\\/#breadcrumb\"},\"inLanguage\":\"en-US\",\"potentialAction\":[{\"@type\":\"ReadAction\",\"target\":[\"https:\\\/\\\/prochaska.eu\\\/en\\\/produkt\\\/toro-cordless-pole-pruner-60v-51847t\\\/\"]}]},{\"@type\":\"ImageObject\",\"inLanguage\":\"en-US\",\"@id\":\"https:\\\/\\\/prochaska.eu\\\/en\\\/produkt\\\/toro-cordless-pole-pruner-60v-51847t\\\/#primaryimage\",\"url\":\"https:\\\/\\\/prochaska.eu\\\/wp-content\\\/uploads\\\/2024\\\/06\\\/akkugeraete-hochentaster-toro-51847t-prochaska-b1.jpg\",\"contentUrl\":\"https:\\\/\\\/prochaska.eu\\\/wp-content\\\/uploads\\\/2024\\\/06\\\/akkugeraete-hochentaster-toro-51847t-prochaska-b1.jpg\",\"width\":1440,\"height\":1440,\"caption\":\"upright scanner\"},{\"@type\":\"BreadcrumbList\",\"@id\":\"https:\\\/\\\/prochaska.eu\\\/en\\\/produkt\\\/toro-cordless-pole-pruner-60v-51847t\\\/#breadcrumb\",\"itemListElement\":[{\"@type\":\"ListItem\",\"position\":1,\"name\":\"Home\",\"item\":\"https:\\\/\\\/prochaska.eu\\\/en\\\/\"},{\"@type\":\"ListItem\",\"position\":2,\"name\":\"Shop\",\"item\":\"https:\\\/\\\/prochaska.eu\\\/shop\\\/\"},{\"@type\":\"ListItem\",\"position\":3,\"name\":\"Toro &#8211; Cordless pole pruner &#8211; 60V &#8211; 51847T\"}]},{\"@type\":\"WebSite\",\"@id\":\"https:\\\/\\\/prochaska.eu\\\/en\\\/#website\",\"url\":\"https:\\\/\\\/prochaska.eu\\\/en\\\/\",\"name\":\"Prochaska\",\"description\":\"Spezialist f\u00fcr Pflege von Gr\u00fcnfl\u00e4chen\",\"publisher\":{\"@id\":\"https:\\\/\\\/prochaska.eu\\\/en\\\/#organization\"},\"potentialAction\":[{\"@type\":\"SearchAction\",\"target\":{\"@type\":\"EntryPoint\",\"urlTemplate\":\"https:\\\/\\\/prochaska.eu\\\/en\\\/?s={search_term_string}\"},\"query-input\":{\"@type\":\"PropertyValueSpecification\",\"valueRequired\":true,\"valueName\":\"search_term_string\"}}],\"inLanguage\":\"en-US\"},{\"@type\":\"Organization\",\"@id\":\"https:\\\/\\\/prochaska.eu\\\/en\\\/#organization\",\"name\":\"Prochaska\",\"url\":\"https:\\\/\\\/prochaska.eu\\\/en\\\/\",\"logo\":{\"@type\":\"ImageObject\",\"inLanguage\":\"en-US\",\"@id\":\"https:\\\/\\\/prochaska.eu\\\/en\\\/#\\\/schema\\\/logo\\\/image\\\/\",\"url\":\"https:\\\/\\\/prochaska.eu\\\/wp-content\\\/uploads\\\/2024\\\/04\\\/Prochaska_Logo_Black-1.png\",\"contentUrl\":\"https:\\\/\\\/prochaska.eu\\\/wp-content\\\/uploads\\\/2024\\\/04\\\/Prochaska_Logo_Black-1.png\",\"width\":796,\"height\":236,\"caption\":\"Prochaska\"},\"image\":{\"@id\":\"https:\\\/\\\/prochaska.eu\\\/en\\\/#\\\/schema\\\/logo\\\/image\\\/\"},\"sameAs\":[\"https:\\\/\\\/www.facebook.com\\\/prochaska.eu\\\/\",\"https:\\\/\\\/www.instagram.com\\\/prochaska.eu\\\/\",\"https:\\\/\\\/www.linkedin.com\\\/company\\\/prochaska-handels-gmbh\"]}]}<\/script>\n<!-- \/ Yoast SEO plugin. -->","yoast_head_json":{"title":"Toro - Cordless pole pruner - 60V - 51847T - Prochaska","robots":{"index":"index","follow":"follow","max-snippet":"max-snippet:-1","max-image-preview":"max-image-preview:large","max-video-preview":"max-video-preview:-1"},"canonical":"https:\/\/prochaska.eu\/en\/produkt\/toro-cordless-pole-pruner-60v-51847t\/","og_locale":"en_US","og_type":"article","og_title":"Toro - Cordless pole pruner - 60V - 51847T - Prochaska","og_description":"The 51847T cordless pole pruner from Toro is ideal for working on smaller tree trunks or branches.","og_url":"https:\/\/prochaska.eu\/en\/produkt\/toro-cordless-pole-pruner-60v-51847t\/","og_site_name":"Prochaska","article_publisher":"https:\/\/www.facebook.com\/prochaska.eu\/","og_image":[{"width":1440,"height":1440,"url":"https:\/\/prochaska.eu\/wp-content\/uploads\/2024\/06\/akkugeraete-hochentaster-toro-51847t-prochaska-b1.jpg","type":"image\/jpeg"}],"twitter_card":"summary_large_image","twitter_misc":{"Est. reading time":"1 minute"},"schema":{"@context":"https:\/\/schema.org","@graph":[{"@type":"WebPage","@id":"https:\/\/prochaska.eu\/en\/produkt\/toro-cordless-pole-pruner-60v-51847t\/","url":"https:\/\/prochaska.eu\/en\/produkt\/toro-cordless-pole-pruner-60v-51847t\/","name":"Toro - Cordless pole pruner - 60V - 51847T - Prochaska","isPartOf":{"@id":"https:\/\/prochaska.eu\/en\/#website"},"primaryImageOfPage":{"@id":"https:\/\/prochaska.eu\/en\/produkt\/toro-cordless-pole-pruner-60v-51847t\/#primaryimage"},"image":{"@id":"https:\/\/prochaska.eu\/en\/produkt\/toro-cordless-pole-pruner-60v-51847t\/#primaryimage"},"thumbnailUrl":"https:\/\/prochaska.eu\/wp-content\/uploads\/2024\/06\/akkugeraete-hochentaster-toro-51847t-prochaska-b1.jpg","datePublished":"2022-01-12T11:52:35+00:00","breadcrumb":{"@id":"https:\/\/prochaska.eu\/en\/produkt\/toro-cordless-pole-pruner-60v-51847t\/#breadcrumb"},"inLanguage":"en-US","potentialAction":[{"@type":"ReadAction","target":["https:\/\/prochaska.eu\/en\/produkt\/toro-cordless-pole-pruner-60v-51847t\/"]}]},{"@type":"ImageObject","inLanguage":"en-US","@id":"https:\/\/prochaska.eu\/en\/produkt\/toro-cordless-pole-pruner-60v-51847t\/#primaryimage","url":"https:\/\/prochaska.eu\/wp-content\/uploads\/2024\/06\/akkugeraete-hochentaster-toro-51847t-prochaska-b1.jpg","contentUrl":"https:\/\/prochaska.eu\/wp-content\/uploads\/2024\/06\/akkugeraete-hochentaster-toro-51847t-prochaska-b1.jpg","width":1440,"height":1440,"caption":"upright scanner"},{"@type":"BreadcrumbList","@id":"https:\/\/prochaska.eu\/en\/produkt\/toro-cordless-pole-pruner-60v-51847t\/#breadcrumb","itemListElement":[{"@type":"ListItem","position":1,"name":"Home","item":"https:\/\/prochaska.eu\/en\/"},{"@type":"ListItem","position":2,"name":"Shop","item":"https:\/\/prochaska.eu\/shop\/"},{"@type":"ListItem","position":3,"name":"Toro &#8211; Cordless pole pruner &#8211; 60V &#8211; 51847T"}]},{"@type":"WebSite","@id":"https:\/\/prochaska.eu\/en\/#website","url":"https:\/\/prochaska.eu\/en\/","name":"Prochaska","description":"Spezialist f\u00fcr Pflege von Gr\u00fcnfl\u00e4chen","publisher":{"@id":"https:\/\/prochaska.eu\/en\/#organization"},"potentialAction":[{"@type":"SearchAction","target":{"@type":"EntryPoint","urlTemplate":"https:\/\/prochaska.eu\/en\/?s={search_term_string}"},"query-input":{"@type":"PropertyValueSpecification","valueRequired":true,"valueName":"search_term_string"}}],"inLanguage":"en-US"},{"@type":"Organization","@id":"https:\/\/prochaska.eu\/en\/#organization","name":"Prochaska","url":"https:\/\/prochaska.eu\/en\/","logo":{"@type":"ImageObject","inLanguage":"en-US","@id":"https:\/\/prochaska.eu\/en\/#\/schema\/logo\/image\/","url":"https:\/\/prochaska.eu\/wp-content\/uploads\/2024\/04\/Prochaska_Logo_Black-1.png","contentUrl":"https:\/\/prochaska.eu\/wp-content\/uploads\/2024\/04\/Prochaska_Logo_Black-1.png","width":796,"height":236,"caption":"Prochaska"},"image":{"@id":"https:\/\/prochaska.eu\/en\/#\/schema\/logo\/image\/"},"sameAs":["https:\/\/www.facebook.com\/prochaska.eu\/","https:\/\/www.instagram.com\/prochaska.eu\/","https:\/\/www.linkedin.com\/company\/prochaska-handels-gmbh"]}]}},"brands":[{"id":3072,"name":"Toro","slug":"toro-en"}],"_links":{"self":[{"href":"https:\/\/prochaska.eu\/en\/wp-json\/wp\/v2\/product\/24937","targetHints":{"allow":["GET"]}}],"collection":[{"href":"https:\/\/prochaska.eu\/en\/wp-json\/wp\/v2\/product"}],"about":[{"href":"https:\/\/prochaska.eu\/en\/wp-json\/wp\/v2\/types\/product"}],"version-history":[{"count":0,"href":"https:\/\/prochaska.eu\/en\/wp-json\/wp\/v2\/product\/24937\/revisions"}],"wp:featuredmedia":[{"embeddable":true,"href":"https:\/\/prochaska.eu\/en\/wp-json\/wp\/v2\/media\/22976"}],"wp:attachment":[{"href":"https:\/\/prochaska.eu\/en\/wp-json\/wp\/v2\/media?parent=24937"}],"wp:term":[{"taxonomy":"pwb-brand","embeddable":true,"href":"https:\/\/prochaska.eu\/en\/wp-json\/wp\/v2\/pwb-brand?post=24937"},{"taxonomy":"product_brand","embeddable":true,"href":"https:\/\/prochaska.eu\/en\/wp-json\/wp\/v2\/product_brand?post=24937"},{"taxonomy":"product_cat","embeddable":true,"href":"https:\/\/prochaska.eu\/en\/wp-json\/wp\/v2\/product_cat?post=24937"},{"taxonomy":"product_tag","embeddable":true,"href":"https:\/\/prochaska.eu\/en\/wp-json\/wp\/v2\/product_tag?post=24937"}],"curies":[{"name":"wp","href":"https:\/\/api.w.org\/{rel}","templated":true}]}}