{"id":24984,"date":"2021-12-29T13:54:34","date_gmt":"2021-12-29T13:54:34","guid":{"rendered":"https:\/\/prochaska.eu\/product\/toro-super-recycler-cordless-lawn-mower-60v-set-21844\/"},"modified":"2021-12-29T13:54:34","modified_gmt":"2021-12-29T13:54:34","slug":"toro-super-recycler-cordless-lawn-mower-60v-set-21844","status":"publish","type":"product","link":"https:\/\/prochaska.eu\/en\/produkt\/toro-super-recycler-cordless-lawn-mower-60v-set-21844\/","title":{"rendered":"Toro &#8211; Super-Recycler &#8211; Cordless lawn mower &#8211; 60V &#8211; Set &#8211; 21844"},"content":{"rendered":"<p style=\"text-align: left;\">The new Flex-Force Power System from <a href=\"https:\/\/www.prochaska.eu\/toro\/\">Toro<\/a> stands for simple performance! This means more work can be done in less time. The 60V cordless lawn mower from <a href=\"https:\/\/www.prochaska.eu\/toro\/\">Toro <\/a>is new on the market. The device is easy to start, user-friendly and maintenance-free. The 21844 model has a cutting width of 43 cm and a brushless DC motor. The mower is also equipped with the Vario Drive System (VDS). This technology makes it possible to variably adjust the speed of the mower and thus control it to achieve the individual lawn result. The housing is made of polymer, which makes the mower lightweight. Thanks to the Smartstow function, the device can be folded vertically and therefore does not take up much space when stowed away. Thanks to the Toro recycling function, the cut grass is recycled and maintains the meadow.<\/p>\n<h2 style=\"text-align: left;\">The Toro Package<\/h2>\n<p style=\"text-align: left;\">The <a href=\"https:\/\/www.prochaska.eu\/toro\/\">Toro <\/a>package includes a Toro Recycler lawn mower 43cm, a 4Ah battery and a universal charger. The Toro battery is suitable for small to medium-sized gardens. The Flex-Force charger from Toro is also included in the set.<\/p>\n<h2 style=\"text-align: left;\">The product benefits<\/h2>\n<ul style=\"text-align: left;\">\n<li style=\"text-align: left;\">Vario Drive System for speed adjustment<\/li>\n<li style=\"text-align: left;\">Toro Recycling Technology<\/li>\n<li style=\"text-align: left;\">Easy maintenance (brushless motor)<\/li>\n<li>Smartstow technology saves space<\/li>\n<li>Cutting width 43cm<\/li>\n<li>height adjustable between 25-102mm<\/li>\n<li>Rear-wheel drive<\/li>\n<li>Catch basket volume of 60 l<\/li>\n<\/ul>\n<p>&nbsp;<\/p>\n","protected":false},"excerpt":{"rendered":"<p>The 60V Super Recycler uses the innovative Toro Recycling Technology to produce fine grass particles when mowing, making the lawn healthy, beautiful and dense. The device is supplied as a set with a 60V 4Ah battery and a universal charger.<\/p>\n","protected":false},"featured_media":22925,"template":"","meta":[],"pwb-brand":[3072],"product_brand":[],"product_cat":[1092,1182,1212,1102,1181,3134,3137],"product_tag":[3119,1374],"class_list":{"0":"post-24984","1":"product","2":"type-product","3":"status-publish","4":"has-post-thumbnail","6":"pwb-brand-toro-en","7":"product_cat-battery-powered-devices","8":"product_cat-cordless-lawn-mower","9":"product_cat-hand-lawn-mower","10":"product_cat-house-and-garden","11":"product_cat-lawn-mower","12":"product_cat-sets-offers","13":"product_cat-toro-brand-discounts-en","14":"product_tag-40-v-en","15":"product_tag-toro","17":"first","18":"instock","19":"sale","20":"taxable","21":"shipping-taxable","22":"purchasable","23":"product-type-simple"},"yoast_head":"<!-- This site is optimized with the Yoast SEO plugin v27.4 - https:\/\/yoast.com\/product\/yoast-seo-wordpress\/ -->\n<title>Toro - Super-Recycler - Cordless lawn mower - 60V - Set - 21844 - Prochaska<\/title>\n<meta name=\"robots\" content=\"index, follow, max-snippet:-1, max-image-preview:large, max-video-preview:-1\" \/>\n<link rel=\"canonical\" href=\"https:\/\/prochaska.eu\/en\/produkt\/toro-super-recycler-cordless-lawn-mower-60v-set-21844\/\" \/>\n<meta property=\"og:locale\" content=\"en_US\" \/>\n<meta property=\"og:type\" content=\"article\" \/>\n<meta property=\"og:title\" content=\"Toro - Super-Recycler - Cordless lawn mower - 60V - Set - 21844 - Prochaska\" \/>\n<meta property=\"og:description\" content=\"The 60V Super Recycler uses the innovative Toro Recycling Technology to produce fine grass particles when mowing, making the lawn healthy, beautiful and dense. The device is supplied as a set with a 60V 4Ah battery and a universal charger.\" \/>\n<meta property=\"og:url\" content=\"https:\/\/prochaska.eu\/en\/produkt\/toro-super-recycler-cordless-lawn-mower-60v-set-21844\/\" \/>\n<meta property=\"og:site_name\" content=\"Prochaska\" \/>\n<meta property=\"article:publisher\" content=\"https:\/\/www.facebook.com\/prochaska.eu\/\" \/>\n<meta property=\"og:image\" content=\"https:\/\/prochaska.eu\/wp-content\/uploads\/2024\/06\/rasenmaeher-toro-21844-prochaska-b1.jpg\" \/>\n\t<meta property=\"og:image:width\" content=\"1440\" \/>\n\t<meta property=\"og:image:height\" content=\"1440\" \/>\n\t<meta property=\"og:image:type\" content=\"image\/jpeg\" \/>\n<meta name=\"twitter:card\" content=\"summary_large_image\" \/>\n<meta name=\"twitter:label1\" content=\"Est. reading time\" \/>\n\t<meta name=\"twitter:data1\" content=\"1 minute\" \/>\n<script type=\"application\/ld+json\" class=\"yoast-schema-graph\">{\"@context\":\"https:\\\/\\\/schema.org\",\"@graph\":[{\"@type\":\"WebPage\",\"@id\":\"https:\\\/\\\/prochaska.eu\\\/en\\\/produkt\\\/toro-super-recycler-cordless-lawn-mower-60v-set-21844\\\/\",\"url\":\"https:\\\/\\\/prochaska.eu\\\/en\\\/produkt\\\/toro-super-recycler-cordless-lawn-mower-60v-set-21844\\\/\",\"name\":\"Toro - Super-Recycler - Cordless lawn mower - 60V - Set - 21844 - Prochaska\",\"isPartOf\":{\"@id\":\"https:\\\/\\\/prochaska.eu\\\/en\\\/#website\"},\"primaryImageOfPage\":{\"@id\":\"https:\\\/\\\/prochaska.eu\\\/en\\\/produkt\\\/toro-super-recycler-cordless-lawn-mower-60v-set-21844\\\/#primaryimage\"},\"image\":{\"@id\":\"https:\\\/\\\/prochaska.eu\\\/en\\\/produkt\\\/toro-super-recycler-cordless-lawn-mower-60v-set-21844\\\/#primaryimage\"},\"thumbnailUrl\":\"https:\\\/\\\/prochaska.eu\\\/wp-content\\\/uploads\\\/2024\\\/06\\\/rasenmaeher-toro-21844-prochaska-b1.jpg\",\"datePublished\":\"2021-12-29T13:54:34+00:00\",\"breadcrumb\":{\"@id\":\"https:\\\/\\\/prochaska.eu\\\/en\\\/produkt\\\/toro-super-recycler-cordless-lawn-mower-60v-set-21844\\\/#breadcrumb\"},\"inLanguage\":\"en-US\",\"potentialAction\":[{\"@type\":\"ReadAction\",\"target\":[\"https:\\\/\\\/prochaska.eu\\\/en\\\/produkt\\\/toro-super-recycler-cordless-lawn-mower-60v-set-21844\\\/\"]}]},{\"@type\":\"ImageObject\",\"inLanguage\":\"en-US\",\"@id\":\"https:\\\/\\\/prochaska.eu\\\/en\\\/produkt\\\/toro-super-recycler-cordless-lawn-mower-60v-set-21844\\\/#primaryimage\",\"url\":\"https:\\\/\\\/prochaska.eu\\\/wp-content\\\/uploads\\\/2024\\\/06\\\/rasenmaeher-toro-21844-prochaska-b1.jpg\",\"contentUrl\":\"https:\\\/\\\/prochaska.eu\\\/wp-content\\\/uploads\\\/2024\\\/06\\\/rasenmaeher-toro-21844-prochaska-b1.jpg\",\"width\":1440,\"height\":1440,\"caption\":\"lawn mower\"},{\"@type\":\"BreadcrumbList\",\"@id\":\"https:\\\/\\\/prochaska.eu\\\/en\\\/produkt\\\/toro-super-recycler-cordless-lawn-mower-60v-set-21844\\\/#breadcrumb\",\"itemListElement\":[{\"@type\":\"ListItem\",\"position\":1,\"name\":\"Home\",\"item\":\"https:\\\/\\\/prochaska.eu\\\/en\\\/\"},{\"@type\":\"ListItem\",\"position\":2,\"name\":\"Shop\",\"item\":\"https:\\\/\\\/prochaska.eu\\\/shop\\\/\"},{\"@type\":\"ListItem\",\"position\":3,\"name\":\"Toro &#8211; Super-Recycler &#8211; Cordless lawn mower &#8211; 60V &#8211; Set &#8211; 21844\"}]},{\"@type\":\"WebSite\",\"@id\":\"https:\\\/\\\/prochaska.eu\\\/en\\\/#website\",\"url\":\"https:\\\/\\\/prochaska.eu\\\/en\\\/\",\"name\":\"Prochaska\",\"description\":\"Spezialist f\u00fcr Pflege von Gr\u00fcnfl\u00e4chen\",\"publisher\":{\"@id\":\"https:\\\/\\\/prochaska.eu\\\/en\\\/#organization\"},\"potentialAction\":[{\"@type\":\"SearchAction\",\"target\":{\"@type\":\"EntryPoint\",\"urlTemplate\":\"https:\\\/\\\/prochaska.eu\\\/en\\\/?s={search_term_string}\"},\"query-input\":{\"@type\":\"PropertyValueSpecification\",\"valueRequired\":true,\"valueName\":\"search_term_string\"}}],\"inLanguage\":\"en-US\"},{\"@type\":\"Organization\",\"@id\":\"https:\\\/\\\/prochaska.eu\\\/en\\\/#organization\",\"name\":\"Prochaska\",\"url\":\"https:\\\/\\\/prochaska.eu\\\/en\\\/\",\"logo\":{\"@type\":\"ImageObject\",\"inLanguage\":\"en-US\",\"@id\":\"https:\\\/\\\/prochaska.eu\\\/en\\\/#\\\/schema\\\/logo\\\/image\\\/\",\"url\":\"https:\\\/\\\/prochaska.eu\\\/wp-content\\\/uploads\\\/2024\\\/04\\\/Prochaska_Logo_Black-1.png\",\"contentUrl\":\"https:\\\/\\\/prochaska.eu\\\/wp-content\\\/uploads\\\/2024\\\/04\\\/Prochaska_Logo_Black-1.png\",\"width\":796,\"height\":236,\"caption\":\"Prochaska\"},\"image\":{\"@id\":\"https:\\\/\\\/prochaska.eu\\\/en\\\/#\\\/schema\\\/logo\\\/image\\\/\"},\"sameAs\":[\"https:\\\/\\\/www.facebook.com\\\/prochaska.eu\\\/\",\"https:\\\/\\\/www.instagram.com\\\/prochaska.eu\\\/\",\"https:\\\/\\\/www.linkedin.com\\\/company\\\/prochaska-handels-gmbh\"]}]}<\/script>\n<!-- \/ Yoast SEO plugin. -->","yoast_head_json":{"title":"Toro - Super-Recycler - Cordless lawn mower - 60V - Set - 21844 - Prochaska","robots":{"index":"index","follow":"follow","max-snippet":"max-snippet:-1","max-image-preview":"max-image-preview:large","max-video-preview":"max-video-preview:-1"},"canonical":"https:\/\/prochaska.eu\/en\/produkt\/toro-super-recycler-cordless-lawn-mower-60v-set-21844\/","og_locale":"en_US","og_type":"article","og_title":"Toro - Super-Recycler - Cordless lawn mower - 60V - Set - 21844 - Prochaska","og_description":"The 60V Super Recycler uses the innovative Toro Recycling Technology to produce fine grass particles when mowing, making the lawn healthy, beautiful and dense. The device is supplied as a set with a 60V 4Ah battery and a universal charger.","og_url":"https:\/\/prochaska.eu\/en\/produkt\/toro-super-recycler-cordless-lawn-mower-60v-set-21844\/","og_site_name":"Prochaska","article_publisher":"https:\/\/www.facebook.com\/prochaska.eu\/","og_image":[{"width":1440,"height":1440,"url":"https:\/\/prochaska.eu\/wp-content\/uploads\/2024\/06\/rasenmaeher-toro-21844-prochaska-b1.jpg","type":"image\/jpeg"}],"twitter_card":"summary_large_image","twitter_misc":{"Est. reading time":"1 minute"},"schema":{"@context":"https:\/\/schema.org","@graph":[{"@type":"WebPage","@id":"https:\/\/prochaska.eu\/en\/produkt\/toro-super-recycler-cordless-lawn-mower-60v-set-21844\/","url":"https:\/\/prochaska.eu\/en\/produkt\/toro-super-recycler-cordless-lawn-mower-60v-set-21844\/","name":"Toro - Super-Recycler - Cordless lawn mower - 60V - Set - 21844 - Prochaska","isPartOf":{"@id":"https:\/\/prochaska.eu\/en\/#website"},"primaryImageOfPage":{"@id":"https:\/\/prochaska.eu\/en\/produkt\/toro-super-recycler-cordless-lawn-mower-60v-set-21844\/#primaryimage"},"image":{"@id":"https:\/\/prochaska.eu\/en\/produkt\/toro-super-recycler-cordless-lawn-mower-60v-set-21844\/#primaryimage"},"thumbnailUrl":"https:\/\/prochaska.eu\/wp-content\/uploads\/2024\/06\/rasenmaeher-toro-21844-prochaska-b1.jpg","datePublished":"2021-12-29T13:54:34+00:00","breadcrumb":{"@id":"https:\/\/prochaska.eu\/en\/produkt\/toro-super-recycler-cordless-lawn-mower-60v-set-21844\/#breadcrumb"},"inLanguage":"en-US","potentialAction":[{"@type":"ReadAction","target":["https:\/\/prochaska.eu\/en\/produkt\/toro-super-recycler-cordless-lawn-mower-60v-set-21844\/"]}]},{"@type":"ImageObject","inLanguage":"en-US","@id":"https:\/\/prochaska.eu\/en\/produkt\/toro-super-recycler-cordless-lawn-mower-60v-set-21844\/#primaryimage","url":"https:\/\/prochaska.eu\/wp-content\/uploads\/2024\/06\/rasenmaeher-toro-21844-prochaska-b1.jpg","contentUrl":"https:\/\/prochaska.eu\/wp-content\/uploads\/2024\/06\/rasenmaeher-toro-21844-prochaska-b1.jpg","width":1440,"height":1440,"caption":"lawn mower"},{"@type":"BreadcrumbList","@id":"https:\/\/prochaska.eu\/en\/produkt\/toro-super-recycler-cordless-lawn-mower-60v-set-21844\/#breadcrumb","itemListElement":[{"@type":"ListItem","position":1,"name":"Home","item":"https:\/\/prochaska.eu\/en\/"},{"@type":"ListItem","position":2,"name":"Shop","item":"https:\/\/prochaska.eu\/shop\/"},{"@type":"ListItem","position":3,"name":"Toro &#8211; Super-Recycler &#8211; Cordless lawn mower &#8211; 60V &#8211; Set &#8211; 21844"}]},{"@type":"WebSite","@id":"https:\/\/prochaska.eu\/en\/#website","url":"https:\/\/prochaska.eu\/en\/","name":"Prochaska","description":"Spezialist f\u00fcr Pflege von Gr\u00fcnfl\u00e4chen","publisher":{"@id":"https:\/\/prochaska.eu\/en\/#organization"},"potentialAction":[{"@type":"SearchAction","target":{"@type":"EntryPoint","urlTemplate":"https:\/\/prochaska.eu\/en\/?s={search_term_string}"},"query-input":{"@type":"PropertyValueSpecification","valueRequired":true,"valueName":"search_term_string"}}],"inLanguage":"en-US"},{"@type":"Organization","@id":"https:\/\/prochaska.eu\/en\/#organization","name":"Prochaska","url":"https:\/\/prochaska.eu\/en\/","logo":{"@type":"ImageObject","inLanguage":"en-US","@id":"https:\/\/prochaska.eu\/en\/#\/schema\/logo\/image\/","url":"https:\/\/prochaska.eu\/wp-content\/uploads\/2024\/04\/Prochaska_Logo_Black-1.png","contentUrl":"https:\/\/prochaska.eu\/wp-content\/uploads\/2024\/04\/Prochaska_Logo_Black-1.png","width":796,"height":236,"caption":"Prochaska"},"image":{"@id":"https:\/\/prochaska.eu\/en\/#\/schema\/logo\/image\/"},"sameAs":["https:\/\/www.facebook.com\/prochaska.eu\/","https:\/\/www.instagram.com\/prochaska.eu\/","https:\/\/www.linkedin.com\/company\/prochaska-handels-gmbh"]}]}},"brands":[{"id":3072,"name":"Toro","slug":"toro-en"}],"_links":{"self":[{"href":"https:\/\/prochaska.eu\/en\/wp-json\/wp\/v2\/product\/24984","targetHints":{"allow":["GET"]}}],"collection":[{"href":"https:\/\/prochaska.eu\/en\/wp-json\/wp\/v2\/product"}],"about":[{"href":"https:\/\/prochaska.eu\/en\/wp-json\/wp\/v2\/types\/product"}],"version-history":[{"count":0,"href":"https:\/\/prochaska.eu\/en\/wp-json\/wp\/v2\/product\/24984\/revisions"}],"wp:featuredmedia":[{"embeddable":true,"href":"https:\/\/prochaska.eu\/en\/wp-json\/wp\/v2\/media\/22925"}],"wp:attachment":[{"href":"https:\/\/prochaska.eu\/en\/wp-json\/wp\/v2\/media?parent=24984"}],"wp:term":[{"taxonomy":"pwb-brand","embeddable":true,"href":"https:\/\/prochaska.eu\/en\/wp-json\/wp\/v2\/pwb-brand?post=24984"},{"taxonomy":"product_brand","embeddable":true,"href":"https:\/\/prochaska.eu\/en\/wp-json\/wp\/v2\/product_brand?post=24984"},{"taxonomy":"product_cat","embeddable":true,"href":"https:\/\/prochaska.eu\/en\/wp-json\/wp\/v2\/product_cat?post=24984"},{"taxonomy":"product_tag","embeddable":true,"href":"https:\/\/prochaska.eu\/en\/wp-json\/wp\/v2\/product_tag?post=24984"}],"curies":[{"name":"wp","href":"https:\/\/api.w.org\/{rel}","templated":true}]}}