{"id":25175,"date":"2021-11-04T13:37:42","date_gmt":"2021-11-04T13:37:42","guid":{"rendered":"https:\/\/prochaska.eu\/product\/kioti-tractor-cs2520ch-ge-winter-action\/"},"modified":"2021-11-04T13:37:42","modified_gmt":"2021-11-04T13:37:42","slug":"kioti-tractor-cs2520ch-ge-winter-action","status":"publish","type":"product","link":"https:\/\/prochaska.eu\/en\/produkt\/kioti-tractor-cs2520ch-ge-winter-action\/","title":{"rendered":"Kioti tractor CS2520CH-GE &#8211; Winter action"},"content":{"rendered":"<p>DYNAMIC, SMALL AND COMPACT.<br \/>\nThe versatile CS series from <a href=\"https:\/\/www.prochaska.eu\/kioti\/\">Kioti<\/a> is easy to use and has enough power to cope with a wide range of tasks. The ideal tractor for use all year round. Whether collecting leaves in the fall, clearing snow in the winter or mowing during the warmer months, the CS2520 offers a wide range of configuration options to ideally adapt to the conditions. Our winter action model with an overall height of only approx. 202 cm is fully equipped with comfort cab, heating, rotating light, front and rear work lights, hydraulic front lift, snow blade 125 &#8211; 150 cm and stainless steel disc spreader with 125 liter (approx. 200 kg) capacity. With a 5-YEAR WARRANTY on the engine and drivetrain, KIOTI is setting new standards.<\/p>\n<h2>Functions<\/h2>\n<ul>\n<li>Kioti comfort cab with soundproofing package and heating<\/li>\n<li>Selectable all-wheel drive with differential lock<\/li>\n<li>2-stage hydrostatic drive with 2-pedal control<\/li>\n<li>1 dw. Rear control unit<\/li>\n<li>Rear PTO 540 rpm.<\/li>\n<li>Intermediate axle PTO 2000 rpm.<\/li>\n<li>Cruise control<\/li>\n<li>Working lights front\/rear<\/li>\n<li>Rear window wiper<\/li>\n<li>Rear window heater<\/li>\n<li>Rotating light<\/li>\n<\/ul>\n","protected":false},"excerpt":{"rendered":"<p>The CS2520CH-GE compact tractor from <a href=\"http:\/\/prochaska.eu\/kioti\">Kioti<\/a> impresses with its extensive comfort and is ideal for winter service.<\/p>\n","protected":false},"featured_media":22601,"template":"","meta":[],"pwb-brand":[3080],"product_brand":[],"product_cat":[1506,1344],"product_tag":[],"class_list":{"0":"post-25175","1":"product","2":"type-product","3":"status-publish","4":"has-post-thumbnail","6":"pwb-brand-kioti-en","7":"product_cat-municipal-sports-fields-agriculture","8":"product_cat-tractors","10":"first","11":"instock","12":"taxable","13":"shipping-taxable","14":"product-type-simple"},"yoast_head":"<!-- This site is optimized with the Yoast SEO plugin v27.4 - https:\/\/yoast.com\/product\/yoast-seo-wordpress\/ -->\n<title>Kioti tractor CS2520CH-GE - Winter action - Prochaska<\/title>\n<meta name=\"robots\" content=\"index, follow, max-snippet:-1, max-image-preview:large, max-video-preview:-1\" \/>\n<link rel=\"canonical\" href=\"https:\/\/prochaska.eu\/en\/produkt\/kioti-tractor-cs2520ch-ge-winter-action\/\" \/>\n<meta property=\"og:locale\" content=\"en_US\" \/>\n<meta property=\"og:type\" content=\"article\" \/>\n<meta property=\"og:title\" content=\"Kioti tractor CS2520CH-GE - Winter action - Prochaska\" \/>\n<meta property=\"og:description\" content=\"The CS2520CH-GE compact tractor from Kioti impresses with its extensive comfort and is ideal for winter service.\" \/>\n<meta property=\"og:url\" content=\"https:\/\/prochaska.eu\/en\/produkt\/kioti-tractor-cs2520ch-ge-winter-action\/\" \/>\n<meta property=\"og:site_name\" content=\"Prochaska\" \/>\n<meta property=\"article:publisher\" content=\"https:\/\/www.facebook.com\/prochaska.eu\/\" \/>\n<meta property=\"og:image\" content=\"https:\/\/prochaska.eu\/wp-content\/uploads\/2024\/06\/traktor-kioti-CS2520CH-GE-prochaska-b1-e1719920501501.jpg\" \/>\n\t<meta property=\"og:image:width\" content=\"1440\" \/>\n\t<meta property=\"og:image:height\" content=\"1440\" \/>\n\t<meta property=\"og:image:type\" content=\"image\/jpeg\" \/>\n<meta name=\"twitter:card\" content=\"summary_large_image\" \/>\n<meta name=\"twitter:label1\" content=\"Est. reading time\" \/>\n\t<meta name=\"twitter:data1\" content=\"1 minute\" \/>\n<script type=\"application\/ld+json\" class=\"yoast-schema-graph\">{\"@context\":\"https:\\\/\\\/schema.org\",\"@graph\":[{\"@type\":\"WebPage\",\"@id\":\"https:\\\/\\\/prochaska.eu\\\/en\\\/produkt\\\/kioti-tractor-cs2520ch-ge-winter-action\\\/\",\"url\":\"https:\\\/\\\/prochaska.eu\\\/en\\\/produkt\\\/kioti-tractor-cs2520ch-ge-winter-action\\\/\",\"name\":\"Kioti tractor CS2520CH-GE - Winter action - Prochaska\",\"isPartOf\":{\"@id\":\"https:\\\/\\\/prochaska.eu\\\/en\\\/#website\"},\"primaryImageOfPage\":{\"@id\":\"https:\\\/\\\/prochaska.eu\\\/en\\\/produkt\\\/kioti-tractor-cs2520ch-ge-winter-action\\\/#primaryimage\"},\"image\":{\"@id\":\"https:\\\/\\\/prochaska.eu\\\/en\\\/produkt\\\/kioti-tractor-cs2520ch-ge-winter-action\\\/#primaryimage\"},\"thumbnailUrl\":\"https:\\\/\\\/prochaska.eu\\\/wp-content\\\/uploads\\\/2024\\\/06\\\/traktor-kioti-CS2520CH-GE-prochaska-b1-e1719920501501.jpg\",\"datePublished\":\"2021-11-04T13:37:42+00:00\",\"breadcrumb\":{\"@id\":\"https:\\\/\\\/prochaska.eu\\\/en\\\/produkt\\\/kioti-tractor-cs2520ch-ge-winter-action\\\/#breadcrumb\"},\"inLanguage\":\"en-US\",\"potentialAction\":[{\"@type\":\"ReadAction\",\"target\":[\"https:\\\/\\\/prochaska.eu\\\/en\\\/produkt\\\/kioti-tractor-cs2520ch-ge-winter-action\\\/\"]}]},{\"@type\":\"ImageObject\",\"inLanguage\":\"en-US\",\"@id\":\"https:\\\/\\\/prochaska.eu\\\/en\\\/produkt\\\/kioti-tractor-cs2520ch-ge-winter-action\\\/#primaryimage\",\"url\":\"https:\\\/\\\/prochaska.eu\\\/wp-content\\\/uploads\\\/2024\\\/06\\\/traktor-kioti-CS2520CH-GE-prochaska-b1-e1719920501501.jpg\",\"contentUrl\":\"https:\\\/\\\/prochaska.eu\\\/wp-content\\\/uploads\\\/2024\\\/06\\\/traktor-kioti-CS2520CH-GE-prochaska-b1-e1719920501501.jpg\",\"width\":1440,\"height\":1440},{\"@type\":\"BreadcrumbList\",\"@id\":\"https:\\\/\\\/prochaska.eu\\\/en\\\/produkt\\\/kioti-tractor-cs2520ch-ge-winter-action\\\/#breadcrumb\",\"itemListElement\":[{\"@type\":\"ListItem\",\"position\":1,\"name\":\"Home\",\"item\":\"https:\\\/\\\/prochaska.eu\\\/en\\\/\"},{\"@type\":\"ListItem\",\"position\":2,\"name\":\"Shop\",\"item\":\"https:\\\/\\\/prochaska.eu\\\/shop\\\/\"},{\"@type\":\"ListItem\",\"position\":3,\"name\":\"Kioti tractor CS2520CH-GE &#8211; Winter action\"}]},{\"@type\":\"WebSite\",\"@id\":\"https:\\\/\\\/prochaska.eu\\\/en\\\/#website\",\"url\":\"https:\\\/\\\/prochaska.eu\\\/en\\\/\",\"name\":\"Prochaska\",\"description\":\"Spezialist f\u00fcr Pflege von Gr\u00fcnfl\u00e4chen\",\"publisher\":{\"@id\":\"https:\\\/\\\/prochaska.eu\\\/en\\\/#organization\"},\"potentialAction\":[{\"@type\":\"SearchAction\",\"target\":{\"@type\":\"EntryPoint\",\"urlTemplate\":\"https:\\\/\\\/prochaska.eu\\\/en\\\/?s={search_term_string}\"},\"query-input\":{\"@type\":\"PropertyValueSpecification\",\"valueRequired\":true,\"valueName\":\"search_term_string\"}}],\"inLanguage\":\"en-US\"},{\"@type\":\"Organization\",\"@id\":\"https:\\\/\\\/prochaska.eu\\\/en\\\/#organization\",\"name\":\"Prochaska\",\"url\":\"https:\\\/\\\/prochaska.eu\\\/en\\\/\",\"logo\":{\"@type\":\"ImageObject\",\"inLanguage\":\"en-US\",\"@id\":\"https:\\\/\\\/prochaska.eu\\\/en\\\/#\\\/schema\\\/logo\\\/image\\\/\",\"url\":\"https:\\\/\\\/prochaska.eu\\\/wp-content\\\/uploads\\\/2024\\\/04\\\/Prochaska_Logo_Black-1.png\",\"contentUrl\":\"https:\\\/\\\/prochaska.eu\\\/wp-content\\\/uploads\\\/2024\\\/04\\\/Prochaska_Logo_Black-1.png\",\"width\":796,\"height\":236,\"caption\":\"Prochaska\"},\"image\":{\"@id\":\"https:\\\/\\\/prochaska.eu\\\/en\\\/#\\\/schema\\\/logo\\\/image\\\/\"},\"sameAs\":[\"https:\\\/\\\/www.facebook.com\\\/prochaska.eu\\\/\",\"https:\\\/\\\/www.instagram.com\\\/prochaska.eu\\\/\",\"https:\\\/\\\/www.linkedin.com\\\/company\\\/prochaska-handels-gmbh\"]}]}<\/script>\n<!-- \/ Yoast SEO plugin. -->","yoast_head_json":{"title":"Kioti tractor CS2520CH-GE - Winter action - Prochaska","robots":{"index":"index","follow":"follow","max-snippet":"max-snippet:-1","max-image-preview":"max-image-preview:large","max-video-preview":"max-video-preview:-1"},"canonical":"https:\/\/prochaska.eu\/en\/produkt\/kioti-tractor-cs2520ch-ge-winter-action\/","og_locale":"en_US","og_type":"article","og_title":"Kioti tractor CS2520CH-GE - Winter action - Prochaska","og_description":"The CS2520CH-GE compact tractor from Kioti impresses with its extensive comfort and is ideal for winter service.","og_url":"https:\/\/prochaska.eu\/en\/produkt\/kioti-tractor-cs2520ch-ge-winter-action\/","og_site_name":"Prochaska","article_publisher":"https:\/\/www.facebook.com\/prochaska.eu\/","og_image":[{"width":1440,"height":1440,"url":"https:\/\/prochaska.eu\/wp-content\/uploads\/2024\/06\/traktor-kioti-CS2520CH-GE-prochaska-b1-e1719920501501.jpg","type":"image\/jpeg"}],"twitter_card":"summary_large_image","twitter_misc":{"Est. reading time":"1 minute"},"schema":{"@context":"https:\/\/schema.org","@graph":[{"@type":"WebPage","@id":"https:\/\/prochaska.eu\/en\/produkt\/kioti-tractor-cs2520ch-ge-winter-action\/","url":"https:\/\/prochaska.eu\/en\/produkt\/kioti-tractor-cs2520ch-ge-winter-action\/","name":"Kioti tractor CS2520CH-GE - Winter action - Prochaska","isPartOf":{"@id":"https:\/\/prochaska.eu\/en\/#website"},"primaryImageOfPage":{"@id":"https:\/\/prochaska.eu\/en\/produkt\/kioti-tractor-cs2520ch-ge-winter-action\/#primaryimage"},"image":{"@id":"https:\/\/prochaska.eu\/en\/produkt\/kioti-tractor-cs2520ch-ge-winter-action\/#primaryimage"},"thumbnailUrl":"https:\/\/prochaska.eu\/wp-content\/uploads\/2024\/06\/traktor-kioti-CS2520CH-GE-prochaska-b1-e1719920501501.jpg","datePublished":"2021-11-04T13:37:42+00:00","breadcrumb":{"@id":"https:\/\/prochaska.eu\/en\/produkt\/kioti-tractor-cs2520ch-ge-winter-action\/#breadcrumb"},"inLanguage":"en-US","potentialAction":[{"@type":"ReadAction","target":["https:\/\/prochaska.eu\/en\/produkt\/kioti-tractor-cs2520ch-ge-winter-action\/"]}]},{"@type":"ImageObject","inLanguage":"en-US","@id":"https:\/\/prochaska.eu\/en\/produkt\/kioti-tractor-cs2520ch-ge-winter-action\/#primaryimage","url":"https:\/\/prochaska.eu\/wp-content\/uploads\/2024\/06\/traktor-kioti-CS2520CH-GE-prochaska-b1-e1719920501501.jpg","contentUrl":"https:\/\/prochaska.eu\/wp-content\/uploads\/2024\/06\/traktor-kioti-CS2520CH-GE-prochaska-b1-e1719920501501.jpg","width":1440,"height":1440},{"@type":"BreadcrumbList","@id":"https:\/\/prochaska.eu\/en\/produkt\/kioti-tractor-cs2520ch-ge-winter-action\/#breadcrumb","itemListElement":[{"@type":"ListItem","position":1,"name":"Home","item":"https:\/\/prochaska.eu\/en\/"},{"@type":"ListItem","position":2,"name":"Shop","item":"https:\/\/prochaska.eu\/shop\/"},{"@type":"ListItem","position":3,"name":"Kioti tractor CS2520CH-GE &#8211; Winter action"}]},{"@type":"WebSite","@id":"https:\/\/prochaska.eu\/en\/#website","url":"https:\/\/prochaska.eu\/en\/","name":"Prochaska","description":"Spezialist f\u00fcr Pflege von Gr\u00fcnfl\u00e4chen","publisher":{"@id":"https:\/\/prochaska.eu\/en\/#organization"},"potentialAction":[{"@type":"SearchAction","target":{"@type":"EntryPoint","urlTemplate":"https:\/\/prochaska.eu\/en\/?s={search_term_string}"},"query-input":{"@type":"PropertyValueSpecification","valueRequired":true,"valueName":"search_term_string"}}],"inLanguage":"en-US"},{"@type":"Organization","@id":"https:\/\/prochaska.eu\/en\/#organization","name":"Prochaska","url":"https:\/\/prochaska.eu\/en\/","logo":{"@type":"ImageObject","inLanguage":"en-US","@id":"https:\/\/prochaska.eu\/en\/#\/schema\/logo\/image\/","url":"https:\/\/prochaska.eu\/wp-content\/uploads\/2024\/04\/Prochaska_Logo_Black-1.png","contentUrl":"https:\/\/prochaska.eu\/wp-content\/uploads\/2024\/04\/Prochaska_Logo_Black-1.png","width":796,"height":236,"caption":"Prochaska"},"image":{"@id":"https:\/\/prochaska.eu\/en\/#\/schema\/logo\/image\/"},"sameAs":["https:\/\/www.facebook.com\/prochaska.eu\/","https:\/\/www.instagram.com\/prochaska.eu\/","https:\/\/www.linkedin.com\/company\/prochaska-handels-gmbh"]}]}},"brands":[{"id":3080,"name":"Kioti","slug":"kioti-en"}],"_links":{"self":[{"href":"https:\/\/prochaska.eu\/en\/wp-json\/wp\/v2\/product\/25175","targetHints":{"allow":["GET"]}}],"collection":[{"href":"https:\/\/prochaska.eu\/en\/wp-json\/wp\/v2\/product"}],"about":[{"href":"https:\/\/prochaska.eu\/en\/wp-json\/wp\/v2\/types\/product"}],"version-history":[{"count":0,"href":"https:\/\/prochaska.eu\/en\/wp-json\/wp\/v2\/product\/25175\/revisions"}],"wp:featuredmedia":[{"embeddable":true,"href":"https:\/\/prochaska.eu\/en\/wp-json\/wp\/v2\/media\/22601"}],"wp:attachment":[{"href":"https:\/\/prochaska.eu\/en\/wp-json\/wp\/v2\/media?parent=25175"}],"wp:term":[{"taxonomy":"pwb-brand","embeddable":true,"href":"https:\/\/prochaska.eu\/en\/wp-json\/wp\/v2\/pwb-brand?post=25175"},{"taxonomy":"product_brand","embeddable":true,"href":"https:\/\/prochaska.eu\/en\/wp-json\/wp\/v2\/product_brand?post=25175"},{"taxonomy":"product_cat","embeddable":true,"href":"https:\/\/prochaska.eu\/en\/wp-json\/wp\/v2\/product_cat?post=25175"},{"taxonomy":"product_tag","embeddable":true,"href":"https:\/\/prochaska.eu\/en\/wp-json\/wp\/v2\/product_tag?post=25175"}],"curies":[{"name":"wp","href":"https:\/\/api.w.org\/{rel}","templated":true}]}}