{"id":25191,"date":"2021-11-04T11:28:42","date_gmt":"2021-11-04T11:28:42","guid":{"rendered":"https:\/\/prochaska.eu\/product\/kioti-tractor-rx7330pc-ge-with-factory-cab\/"},"modified":"2021-11-04T11:28:42","modified_gmt":"2021-11-04T11:28:42","slug":"kioti-tractor-rx7330pc-ge-with-factory-cab","status":"publish","type":"product","link":"https:\/\/prochaska.eu\/en\/produkt\/kioti-tractor-rx7330pc-ge-with-factory-cab\/","title":{"rendered":"Kioti tractor RX7330PC-GE with factory cab"},"content":{"rendered":"<p>The RX series from <a href=\"http:\/\/prochaska.eu\/kioti\">Kioti<\/a> offers comfort with air conditioning in the driver&#8217;s cab and performance with high lifting capacity and plenty of power. This allows you to complete even the most demanding jobs without breaking a sweat. Basic unit WITHOUT tires.<\/p>\n<h2>Functions<\/h2>\n<ul>\n<li>Kioti comfort cabin with soundproofing package and heating and air conditioning<\/li>\n<li>Selectable all-wheel drive with differential lock<\/li>\n<li>AUTO-4-WD braking system<\/li>\n<li>PowerShuttle reversing gearbox 24&#215;24, 6-stage, with creep speed group<\/li>\n<li>Electric manual clutch at the touch of a button<\/li>\n<li>Bluetooth MP3 radio<\/li>\n<li>2 worklights front and rear<\/li>\n<li>Rear window wiper<\/li>\n<li>Widening of mudguards<\/li>\n<li>Auto PTO<\/li>\n<li>Grammer comfort air seat<\/li>\n<li>Rear PTO 540\/540E, switchable under load<\/li>\n<li>PTO power 62.1 hp (54.5 kW)<\/li>\n<li>&#8220;Coming Home&#8221; lighting function<\/li>\n<li>Cruise PTO (hand throttle memo)<\/li>\n<li>Diesel heating<\/li>\n<li>12V port<\/li>\n<li>Pressureless return<\/li>\n<li>Height-adjustable Scharm\u00fcller drawbar mouth<\/li>\n<\/ul>\n","protected":false},"excerpt":{"rendered":"<p>The RX7330PC-GE tractor from <a href=\"http:\/\/prochaska.eu\/kioti\">Kioti<\/a> impresses with its extensive equipment and has the highest lifting capacity in its class.<\/p>\n","protected":false},"featured_media":22655,"template":"","meta":[],"pwb-brand":[3080],"product_brand":[],"product_cat":[1506,1344],"product_tag":[],"class_list":{"0":"post-25191","1":"product","2":"type-product","3":"status-publish","4":"has-post-thumbnail","6":"pwb-brand-kioti-en","7":"product_cat-municipal-sports-fields-agriculture","8":"product_cat-tractors","10":"first","11":"instock","12":"taxable","13":"shipping-taxable","14":"product-type-simple"},"yoast_head":"<!-- This site is optimized with the Yoast SEO plugin v27.4 - https:\/\/yoast.com\/product\/yoast-seo-wordpress\/ -->\n<title>Kioti tractor RX7330PC-GE with factory cab - Prochaska<\/title>\n<meta name=\"robots\" content=\"index, follow, max-snippet:-1, max-image-preview:large, max-video-preview:-1\" \/>\n<link rel=\"canonical\" href=\"https:\/\/prochaska.eu\/en\/produkt\/kioti-tractor-rx7330pc-ge-with-factory-cab\/\" \/>\n<meta property=\"og:locale\" content=\"en_US\" \/>\n<meta property=\"og:type\" content=\"article\" \/>\n<meta property=\"og:title\" content=\"Kioti tractor RX7330PC-GE with factory cab - Prochaska\" \/>\n<meta property=\"og:description\" content=\"The RX7330PC-GE tractor from Kioti impresses with its extensive equipment and has the highest lifting capacity in its class.\" \/>\n<meta property=\"og:url\" content=\"https:\/\/prochaska.eu\/en\/produkt\/kioti-tractor-rx7330pc-ge-with-factory-cab\/\" \/>\n<meta property=\"og:site_name\" content=\"Prochaska\" \/>\n<meta property=\"article:publisher\" content=\"https:\/\/www.facebook.com\/prochaska.eu\/\" \/>\n<meta property=\"og:image\" content=\"https:\/\/prochaska.eu\/wp-content\/uploads\/2024\/06\/traktor-kioti-RX7330PC-prochaska-b1.jpg\" \/>\n\t<meta property=\"og:image:width\" content=\"1440\" \/>\n\t<meta property=\"og:image:height\" content=\"1440\" \/>\n\t<meta property=\"og:image:type\" content=\"image\/jpeg\" \/>\n<meta name=\"twitter:card\" content=\"summary_large_image\" \/>\n<meta name=\"twitter:label1\" content=\"Est. reading time\" \/>\n\t<meta name=\"twitter:data1\" content=\"1 minute\" \/>\n<script type=\"application\/ld+json\" class=\"yoast-schema-graph\">{\"@context\":\"https:\\\/\\\/schema.org\",\"@graph\":[{\"@type\":\"WebPage\",\"@id\":\"https:\\\/\\\/prochaska.eu\\\/en\\\/produkt\\\/kioti-tractor-rx7330pc-ge-with-factory-cab\\\/\",\"url\":\"https:\\\/\\\/prochaska.eu\\\/en\\\/produkt\\\/kioti-tractor-rx7330pc-ge-with-factory-cab\\\/\",\"name\":\"Kioti tractor RX7330PC-GE with factory cab - Prochaska\",\"isPartOf\":{\"@id\":\"https:\\\/\\\/prochaska.eu\\\/en\\\/#website\"},\"primaryImageOfPage\":{\"@id\":\"https:\\\/\\\/prochaska.eu\\\/en\\\/produkt\\\/kioti-tractor-rx7330pc-ge-with-factory-cab\\\/#primaryimage\"},\"image\":{\"@id\":\"https:\\\/\\\/prochaska.eu\\\/en\\\/produkt\\\/kioti-tractor-rx7330pc-ge-with-factory-cab\\\/#primaryimage\"},\"thumbnailUrl\":\"https:\\\/\\\/prochaska.eu\\\/wp-content\\\/uploads\\\/2024\\\/06\\\/traktor-kioti-RX7330PC-prochaska-b1.jpg\",\"datePublished\":\"2021-11-04T11:28:42+00:00\",\"breadcrumb\":{\"@id\":\"https:\\\/\\\/prochaska.eu\\\/en\\\/produkt\\\/kioti-tractor-rx7330pc-ge-with-factory-cab\\\/#breadcrumb\"},\"inLanguage\":\"en-US\",\"potentialAction\":[{\"@type\":\"ReadAction\",\"target\":[\"https:\\\/\\\/prochaska.eu\\\/en\\\/produkt\\\/kioti-tractor-rx7330pc-ge-with-factory-cab\\\/\"]}]},{\"@type\":\"ImageObject\",\"inLanguage\":\"en-US\",\"@id\":\"https:\\\/\\\/prochaska.eu\\\/en\\\/produkt\\\/kioti-tractor-rx7330pc-ge-with-factory-cab\\\/#primaryimage\",\"url\":\"https:\\\/\\\/prochaska.eu\\\/wp-content\\\/uploads\\\/2024\\\/06\\\/traktor-kioti-RX7330PC-prochaska-b1.jpg\",\"contentUrl\":\"https:\\\/\\\/prochaska.eu\\\/wp-content\\\/uploads\\\/2024\\\/06\\\/traktor-kioti-RX7330PC-prochaska-b1.jpg\",\"width\":1440,\"height\":1440},{\"@type\":\"BreadcrumbList\",\"@id\":\"https:\\\/\\\/prochaska.eu\\\/en\\\/produkt\\\/kioti-tractor-rx7330pc-ge-with-factory-cab\\\/#breadcrumb\",\"itemListElement\":[{\"@type\":\"ListItem\",\"position\":1,\"name\":\"Home\",\"item\":\"https:\\\/\\\/prochaska.eu\\\/en\\\/\"},{\"@type\":\"ListItem\",\"position\":2,\"name\":\"Shop\",\"item\":\"https:\\\/\\\/prochaska.eu\\\/shop\\\/\"},{\"@type\":\"ListItem\",\"position\":3,\"name\":\"Kioti tractor RX7330PC-GE with factory cab\"}]},{\"@type\":\"WebSite\",\"@id\":\"https:\\\/\\\/prochaska.eu\\\/en\\\/#website\",\"url\":\"https:\\\/\\\/prochaska.eu\\\/en\\\/\",\"name\":\"Prochaska\",\"description\":\"Spezialist f\u00fcr Pflege von Gr\u00fcnfl\u00e4chen\",\"publisher\":{\"@id\":\"https:\\\/\\\/prochaska.eu\\\/en\\\/#organization\"},\"potentialAction\":[{\"@type\":\"SearchAction\",\"target\":{\"@type\":\"EntryPoint\",\"urlTemplate\":\"https:\\\/\\\/prochaska.eu\\\/en\\\/?s={search_term_string}\"},\"query-input\":{\"@type\":\"PropertyValueSpecification\",\"valueRequired\":true,\"valueName\":\"search_term_string\"}}],\"inLanguage\":\"en-US\"},{\"@type\":\"Organization\",\"@id\":\"https:\\\/\\\/prochaska.eu\\\/en\\\/#organization\",\"name\":\"Prochaska\",\"url\":\"https:\\\/\\\/prochaska.eu\\\/en\\\/\",\"logo\":{\"@type\":\"ImageObject\",\"inLanguage\":\"en-US\",\"@id\":\"https:\\\/\\\/prochaska.eu\\\/en\\\/#\\\/schema\\\/logo\\\/image\\\/\",\"url\":\"https:\\\/\\\/prochaska.eu\\\/wp-content\\\/uploads\\\/2024\\\/04\\\/Prochaska_Logo_Black-1.png\",\"contentUrl\":\"https:\\\/\\\/prochaska.eu\\\/wp-content\\\/uploads\\\/2024\\\/04\\\/Prochaska_Logo_Black-1.png\",\"width\":796,\"height\":236,\"caption\":\"Prochaska\"},\"image\":{\"@id\":\"https:\\\/\\\/prochaska.eu\\\/en\\\/#\\\/schema\\\/logo\\\/image\\\/\"},\"sameAs\":[\"https:\\\/\\\/www.facebook.com\\\/prochaska.eu\\\/\",\"https:\\\/\\\/www.instagram.com\\\/prochaska.eu\\\/\",\"https:\\\/\\\/www.linkedin.com\\\/company\\\/prochaska-handels-gmbh\"]}]}<\/script>\n<!-- \/ Yoast SEO plugin. -->","yoast_head_json":{"title":"Kioti tractor RX7330PC-GE with factory cab - Prochaska","robots":{"index":"index","follow":"follow","max-snippet":"max-snippet:-1","max-image-preview":"max-image-preview:large","max-video-preview":"max-video-preview:-1"},"canonical":"https:\/\/prochaska.eu\/en\/produkt\/kioti-tractor-rx7330pc-ge-with-factory-cab\/","og_locale":"en_US","og_type":"article","og_title":"Kioti tractor RX7330PC-GE with factory cab - Prochaska","og_description":"The RX7330PC-GE tractor from Kioti impresses with its extensive equipment and has the highest lifting capacity in its class.","og_url":"https:\/\/prochaska.eu\/en\/produkt\/kioti-tractor-rx7330pc-ge-with-factory-cab\/","og_site_name":"Prochaska","article_publisher":"https:\/\/www.facebook.com\/prochaska.eu\/","og_image":[{"width":1440,"height":1440,"url":"https:\/\/prochaska.eu\/wp-content\/uploads\/2024\/06\/traktor-kioti-RX7330PC-prochaska-b1.jpg","type":"image\/jpeg"}],"twitter_card":"summary_large_image","twitter_misc":{"Est. reading time":"1 minute"},"schema":{"@context":"https:\/\/schema.org","@graph":[{"@type":"WebPage","@id":"https:\/\/prochaska.eu\/en\/produkt\/kioti-tractor-rx7330pc-ge-with-factory-cab\/","url":"https:\/\/prochaska.eu\/en\/produkt\/kioti-tractor-rx7330pc-ge-with-factory-cab\/","name":"Kioti tractor RX7330PC-GE with factory cab - Prochaska","isPartOf":{"@id":"https:\/\/prochaska.eu\/en\/#website"},"primaryImageOfPage":{"@id":"https:\/\/prochaska.eu\/en\/produkt\/kioti-tractor-rx7330pc-ge-with-factory-cab\/#primaryimage"},"image":{"@id":"https:\/\/prochaska.eu\/en\/produkt\/kioti-tractor-rx7330pc-ge-with-factory-cab\/#primaryimage"},"thumbnailUrl":"https:\/\/prochaska.eu\/wp-content\/uploads\/2024\/06\/traktor-kioti-RX7330PC-prochaska-b1.jpg","datePublished":"2021-11-04T11:28:42+00:00","breadcrumb":{"@id":"https:\/\/prochaska.eu\/en\/produkt\/kioti-tractor-rx7330pc-ge-with-factory-cab\/#breadcrumb"},"inLanguage":"en-US","potentialAction":[{"@type":"ReadAction","target":["https:\/\/prochaska.eu\/en\/produkt\/kioti-tractor-rx7330pc-ge-with-factory-cab\/"]}]},{"@type":"ImageObject","inLanguage":"en-US","@id":"https:\/\/prochaska.eu\/en\/produkt\/kioti-tractor-rx7330pc-ge-with-factory-cab\/#primaryimage","url":"https:\/\/prochaska.eu\/wp-content\/uploads\/2024\/06\/traktor-kioti-RX7330PC-prochaska-b1.jpg","contentUrl":"https:\/\/prochaska.eu\/wp-content\/uploads\/2024\/06\/traktor-kioti-RX7330PC-prochaska-b1.jpg","width":1440,"height":1440},{"@type":"BreadcrumbList","@id":"https:\/\/prochaska.eu\/en\/produkt\/kioti-tractor-rx7330pc-ge-with-factory-cab\/#breadcrumb","itemListElement":[{"@type":"ListItem","position":1,"name":"Home","item":"https:\/\/prochaska.eu\/en\/"},{"@type":"ListItem","position":2,"name":"Shop","item":"https:\/\/prochaska.eu\/shop\/"},{"@type":"ListItem","position":3,"name":"Kioti tractor RX7330PC-GE with factory cab"}]},{"@type":"WebSite","@id":"https:\/\/prochaska.eu\/en\/#website","url":"https:\/\/prochaska.eu\/en\/","name":"Prochaska","description":"Spezialist f\u00fcr Pflege von Gr\u00fcnfl\u00e4chen","publisher":{"@id":"https:\/\/prochaska.eu\/en\/#organization"},"potentialAction":[{"@type":"SearchAction","target":{"@type":"EntryPoint","urlTemplate":"https:\/\/prochaska.eu\/en\/?s={search_term_string}"},"query-input":{"@type":"PropertyValueSpecification","valueRequired":true,"valueName":"search_term_string"}}],"inLanguage":"en-US"},{"@type":"Organization","@id":"https:\/\/prochaska.eu\/en\/#organization","name":"Prochaska","url":"https:\/\/prochaska.eu\/en\/","logo":{"@type":"ImageObject","inLanguage":"en-US","@id":"https:\/\/prochaska.eu\/en\/#\/schema\/logo\/image\/","url":"https:\/\/prochaska.eu\/wp-content\/uploads\/2024\/04\/Prochaska_Logo_Black-1.png","contentUrl":"https:\/\/prochaska.eu\/wp-content\/uploads\/2024\/04\/Prochaska_Logo_Black-1.png","width":796,"height":236,"caption":"Prochaska"},"image":{"@id":"https:\/\/prochaska.eu\/en\/#\/schema\/logo\/image\/"},"sameAs":["https:\/\/www.facebook.com\/prochaska.eu\/","https:\/\/www.instagram.com\/prochaska.eu\/","https:\/\/www.linkedin.com\/company\/prochaska-handels-gmbh"]}]}},"brands":[{"id":3080,"name":"Kioti","slug":"kioti-en"}],"_links":{"self":[{"href":"https:\/\/prochaska.eu\/en\/wp-json\/wp\/v2\/product\/25191","targetHints":{"allow":["GET"]}}],"collection":[{"href":"https:\/\/prochaska.eu\/en\/wp-json\/wp\/v2\/product"}],"about":[{"href":"https:\/\/prochaska.eu\/en\/wp-json\/wp\/v2\/types\/product"}],"version-history":[{"count":0,"href":"https:\/\/prochaska.eu\/en\/wp-json\/wp\/v2\/product\/25191\/revisions"}],"wp:featuredmedia":[{"embeddable":true,"href":"https:\/\/prochaska.eu\/en\/wp-json\/wp\/v2\/media\/22655"}],"wp:attachment":[{"href":"https:\/\/prochaska.eu\/en\/wp-json\/wp\/v2\/media?parent=25191"}],"wp:term":[{"taxonomy":"pwb-brand","embeddable":true,"href":"https:\/\/prochaska.eu\/en\/wp-json\/wp\/v2\/pwb-brand?post=25191"},{"taxonomy":"product_brand","embeddable":true,"href":"https:\/\/prochaska.eu\/en\/wp-json\/wp\/v2\/product_brand?post=25191"},{"taxonomy":"product_cat","embeddable":true,"href":"https:\/\/prochaska.eu\/en\/wp-json\/wp\/v2\/product_cat?post=25191"},{"taxonomy":"product_tag","embeddable":true,"href":"https:\/\/prochaska.eu\/en\/wp-json\/wp\/v2\/product_tag?post=25191"}],"curies":[{"name":"wp","href":"https:\/\/api.w.org\/{rel}","templated":true}]}}