{"id":25193,"date":"2021-11-03T13:48:08","date_gmt":"2021-11-03T13:48:08","guid":{"rendered":"https:\/\/prochaska.eu\/product\/kioti-cx2510-eu-tractor-special-offer-model-incl-front-loader\/"},"modified":"2021-11-03T13:48:08","modified_gmt":"2021-11-03T13:48:08","slug":"kioti-cx2510-eu-tractor-special-offer-model-incl-front-loader","status":"publish","type":"product","link":"https:\/\/prochaska.eu\/en\/produkt\/kioti-cx2510-eu-tractor-special-offer-model-incl-front-loader\/","title":{"rendered":"Kioti CX2510-EU tractor &#8211; special offer model incl. Front loader"},"content":{"rendered":"<p><strong>Compact, agile and passionate.<\/strong><br \/>\nAre you looking for a robust and maneuverable compact tractor? Then a CX is just right for you. The versatile CX series is easy to use and has enough power to handle a wide range of tasks. The ideal tractor for farms, fruit and vegetable growing in greenhouses, sports facilities or riding stables. The CX2520 offers a wide range of configuration options to adapt ideally to the circumstances. Our special model with 6&#215;2 manual gearbox is equipped with a roll bar and an overall height of 232 cm, complete with working lights at the rear, front loader and standard shovel as well as many standard features. Basic unit WITHOUT tires. With a 5-YEAR WARRANTY on the engine and drivetrain, KIOTI is setting new standards.<\/p>\n<h2>Functions<\/h2>\n<ul>\n<li>Version with folding roll bar<\/li>\n<li>Selectable all-wheel drive with differential lock<\/li>\n<li>Manual gearbox 6&#215;2<\/li>\n<li>1 dw. Rear control unit<\/li>\n<li>Rear PTO 540 rpm.<\/li>\n<li>Rear worklight<\/li>\n<li>Front loader incl. Standard shovel<\/li>\n<\/ul>\n","protected":false},"excerpt":{"rendered":"<p>The <a href=\"https:\/\/www.prochaska.eu\/kioti\/\">Kioti<\/a> CX2510-EU including front loader and rear weight impresses with its extensive comfort and flexibility.<\/p>\n","protected":false},"featured_media":22610,"template":"","meta":[],"pwb-brand":[3080],"product_brand":[],"product_cat":[1506,1344],"product_tag":[],"class_list":{"0":"post-25193","1":"product","2":"type-product","3":"status-publish","4":"has-post-thumbnail","6":"pwb-brand-kioti-en","7":"product_cat-municipal-sports-fields-agriculture","8":"product_cat-tractors","10":"first","11":"instock","12":"taxable","13":"shipping-taxable","14":"product-type-simple"},"yoast_head":"<!-- This site is optimized with the Yoast SEO plugin v27.4 - https:\/\/yoast.com\/product\/yoast-seo-wordpress\/ -->\n<title>Kioti CX2510-EU tractor - special offer model incl. Front loader - Prochaska<\/title>\n<meta name=\"robots\" content=\"index, follow, max-snippet:-1, max-image-preview:large, max-video-preview:-1\" \/>\n<link rel=\"canonical\" href=\"https:\/\/prochaska.eu\/en\/produkt\/kioti-cx2510-eu-tractor-special-offer-model-incl-front-loader\/\" \/>\n<meta property=\"og:locale\" content=\"en_US\" \/>\n<meta property=\"og:type\" content=\"article\" \/>\n<meta property=\"og:title\" content=\"Kioti CX2510-EU tractor - special offer model incl. Front loader - Prochaska\" \/>\n<meta property=\"og:description\" content=\"The Kioti CX2510-EU including front loader and rear weight impresses with its extensive comfort and flexibility.\" \/>\n<meta property=\"og:url\" content=\"https:\/\/prochaska.eu\/en\/produkt\/kioti-cx2510-eu-tractor-special-offer-model-incl-front-loader\/\" \/>\n<meta property=\"og:site_name\" content=\"Prochaska\" \/>\n<meta property=\"article:publisher\" content=\"https:\/\/www.facebook.com\/prochaska.eu\/\" \/>\n<meta property=\"og:image\" content=\"https:\/\/prochaska.eu\/wp-content\/uploads\/2024\/06\/traktor-kioti-CX2510-EU-prochaska-b2.jpg\" \/>\n\t<meta property=\"og:image:width\" content=\"1440\" \/>\n\t<meta property=\"og:image:height\" content=\"1440\" \/>\n\t<meta property=\"og:image:type\" content=\"image\/jpeg\" \/>\n<meta name=\"twitter:card\" content=\"summary_large_image\" \/>\n<meta name=\"twitter:label1\" content=\"Est. reading time\" \/>\n\t<meta name=\"twitter:data1\" content=\"1 minute\" \/>\n<script type=\"application\/ld+json\" class=\"yoast-schema-graph\">{\"@context\":\"https:\\\/\\\/schema.org\",\"@graph\":[{\"@type\":\"WebPage\",\"@id\":\"https:\\\/\\\/prochaska.eu\\\/en\\\/produkt\\\/kioti-cx2510-eu-tractor-special-offer-model-incl-front-loader\\\/\",\"url\":\"https:\\\/\\\/prochaska.eu\\\/en\\\/produkt\\\/kioti-cx2510-eu-tractor-special-offer-model-incl-front-loader\\\/\",\"name\":\"Kioti CX2510-EU tractor - special offer model incl. Front loader - Prochaska\",\"isPartOf\":{\"@id\":\"https:\\\/\\\/prochaska.eu\\\/en\\\/#website\"},\"primaryImageOfPage\":{\"@id\":\"https:\\\/\\\/prochaska.eu\\\/en\\\/produkt\\\/kioti-cx2510-eu-tractor-special-offer-model-incl-front-loader\\\/#primaryimage\"},\"image\":{\"@id\":\"https:\\\/\\\/prochaska.eu\\\/en\\\/produkt\\\/kioti-cx2510-eu-tractor-special-offer-model-incl-front-loader\\\/#primaryimage\"},\"thumbnailUrl\":\"https:\\\/\\\/prochaska.eu\\\/wp-content\\\/uploads\\\/2024\\\/06\\\/traktor-kioti-CX2510-EU-prochaska-b2.jpg\",\"datePublished\":\"2021-11-03T13:48:08+00:00\",\"breadcrumb\":{\"@id\":\"https:\\\/\\\/prochaska.eu\\\/en\\\/produkt\\\/kioti-cx2510-eu-tractor-special-offer-model-incl-front-loader\\\/#breadcrumb\"},\"inLanguage\":\"en-US\",\"potentialAction\":[{\"@type\":\"ReadAction\",\"target\":[\"https:\\\/\\\/prochaska.eu\\\/en\\\/produkt\\\/kioti-cx2510-eu-tractor-special-offer-model-incl-front-loader\\\/\"]}]},{\"@type\":\"ImageObject\",\"inLanguage\":\"en-US\",\"@id\":\"https:\\\/\\\/prochaska.eu\\\/en\\\/produkt\\\/kioti-cx2510-eu-tractor-special-offer-model-incl-front-loader\\\/#primaryimage\",\"url\":\"https:\\\/\\\/prochaska.eu\\\/wp-content\\\/uploads\\\/2024\\\/06\\\/traktor-kioti-CX2510-EU-prochaska-b2.jpg\",\"contentUrl\":\"https:\\\/\\\/prochaska.eu\\\/wp-content\\\/uploads\\\/2024\\\/06\\\/traktor-kioti-CX2510-EU-prochaska-b2.jpg\",\"width\":1440,\"height\":1440},{\"@type\":\"BreadcrumbList\",\"@id\":\"https:\\\/\\\/prochaska.eu\\\/en\\\/produkt\\\/kioti-cx2510-eu-tractor-special-offer-model-incl-front-loader\\\/#breadcrumb\",\"itemListElement\":[{\"@type\":\"ListItem\",\"position\":1,\"name\":\"Home\",\"item\":\"https:\\\/\\\/prochaska.eu\\\/en\\\/\"},{\"@type\":\"ListItem\",\"position\":2,\"name\":\"Shop\",\"item\":\"https:\\\/\\\/prochaska.eu\\\/shop\\\/\"},{\"@type\":\"ListItem\",\"position\":3,\"name\":\"Kioti CX2510-EU tractor &#8211; special offer model incl. Front loader\"}]},{\"@type\":\"WebSite\",\"@id\":\"https:\\\/\\\/prochaska.eu\\\/en\\\/#website\",\"url\":\"https:\\\/\\\/prochaska.eu\\\/en\\\/\",\"name\":\"Prochaska\",\"description\":\"Spezialist f\u00fcr Pflege von Gr\u00fcnfl\u00e4chen\",\"publisher\":{\"@id\":\"https:\\\/\\\/prochaska.eu\\\/en\\\/#organization\"},\"potentialAction\":[{\"@type\":\"SearchAction\",\"target\":{\"@type\":\"EntryPoint\",\"urlTemplate\":\"https:\\\/\\\/prochaska.eu\\\/en\\\/?s={search_term_string}\"},\"query-input\":{\"@type\":\"PropertyValueSpecification\",\"valueRequired\":true,\"valueName\":\"search_term_string\"}}],\"inLanguage\":\"en-US\"},{\"@type\":\"Organization\",\"@id\":\"https:\\\/\\\/prochaska.eu\\\/en\\\/#organization\",\"name\":\"Prochaska\",\"url\":\"https:\\\/\\\/prochaska.eu\\\/en\\\/\",\"logo\":{\"@type\":\"ImageObject\",\"inLanguage\":\"en-US\",\"@id\":\"https:\\\/\\\/prochaska.eu\\\/en\\\/#\\\/schema\\\/logo\\\/image\\\/\",\"url\":\"https:\\\/\\\/prochaska.eu\\\/wp-content\\\/uploads\\\/2024\\\/04\\\/Prochaska_Logo_Black-1.png\",\"contentUrl\":\"https:\\\/\\\/prochaska.eu\\\/wp-content\\\/uploads\\\/2024\\\/04\\\/Prochaska_Logo_Black-1.png\",\"width\":796,\"height\":236,\"caption\":\"Prochaska\"},\"image\":{\"@id\":\"https:\\\/\\\/prochaska.eu\\\/en\\\/#\\\/schema\\\/logo\\\/image\\\/\"},\"sameAs\":[\"https:\\\/\\\/www.facebook.com\\\/prochaska.eu\\\/\",\"https:\\\/\\\/www.instagram.com\\\/prochaska.eu\\\/\",\"https:\\\/\\\/www.linkedin.com\\\/company\\\/prochaska-handels-gmbh\"]}]}<\/script>\n<!-- \/ Yoast SEO plugin. -->","yoast_head_json":{"title":"Kioti CX2510-EU tractor - special offer model incl. Front loader - Prochaska","robots":{"index":"index","follow":"follow","max-snippet":"max-snippet:-1","max-image-preview":"max-image-preview:large","max-video-preview":"max-video-preview:-1"},"canonical":"https:\/\/prochaska.eu\/en\/produkt\/kioti-cx2510-eu-tractor-special-offer-model-incl-front-loader\/","og_locale":"en_US","og_type":"article","og_title":"Kioti CX2510-EU tractor - special offer model incl. Front loader - Prochaska","og_description":"The Kioti CX2510-EU including front loader and rear weight impresses with its extensive comfort and flexibility.","og_url":"https:\/\/prochaska.eu\/en\/produkt\/kioti-cx2510-eu-tractor-special-offer-model-incl-front-loader\/","og_site_name":"Prochaska","article_publisher":"https:\/\/www.facebook.com\/prochaska.eu\/","og_image":[{"width":1440,"height":1440,"url":"https:\/\/prochaska.eu\/wp-content\/uploads\/2024\/06\/traktor-kioti-CX2510-EU-prochaska-b2.jpg","type":"image\/jpeg"}],"twitter_card":"summary_large_image","twitter_misc":{"Est. reading time":"1 minute"},"schema":{"@context":"https:\/\/schema.org","@graph":[{"@type":"WebPage","@id":"https:\/\/prochaska.eu\/en\/produkt\/kioti-cx2510-eu-tractor-special-offer-model-incl-front-loader\/","url":"https:\/\/prochaska.eu\/en\/produkt\/kioti-cx2510-eu-tractor-special-offer-model-incl-front-loader\/","name":"Kioti CX2510-EU tractor - special offer model incl. Front loader - Prochaska","isPartOf":{"@id":"https:\/\/prochaska.eu\/en\/#website"},"primaryImageOfPage":{"@id":"https:\/\/prochaska.eu\/en\/produkt\/kioti-cx2510-eu-tractor-special-offer-model-incl-front-loader\/#primaryimage"},"image":{"@id":"https:\/\/prochaska.eu\/en\/produkt\/kioti-cx2510-eu-tractor-special-offer-model-incl-front-loader\/#primaryimage"},"thumbnailUrl":"https:\/\/prochaska.eu\/wp-content\/uploads\/2024\/06\/traktor-kioti-CX2510-EU-prochaska-b2.jpg","datePublished":"2021-11-03T13:48:08+00:00","breadcrumb":{"@id":"https:\/\/prochaska.eu\/en\/produkt\/kioti-cx2510-eu-tractor-special-offer-model-incl-front-loader\/#breadcrumb"},"inLanguage":"en-US","potentialAction":[{"@type":"ReadAction","target":["https:\/\/prochaska.eu\/en\/produkt\/kioti-cx2510-eu-tractor-special-offer-model-incl-front-loader\/"]}]},{"@type":"ImageObject","inLanguage":"en-US","@id":"https:\/\/prochaska.eu\/en\/produkt\/kioti-cx2510-eu-tractor-special-offer-model-incl-front-loader\/#primaryimage","url":"https:\/\/prochaska.eu\/wp-content\/uploads\/2024\/06\/traktor-kioti-CX2510-EU-prochaska-b2.jpg","contentUrl":"https:\/\/prochaska.eu\/wp-content\/uploads\/2024\/06\/traktor-kioti-CX2510-EU-prochaska-b2.jpg","width":1440,"height":1440},{"@type":"BreadcrumbList","@id":"https:\/\/prochaska.eu\/en\/produkt\/kioti-cx2510-eu-tractor-special-offer-model-incl-front-loader\/#breadcrumb","itemListElement":[{"@type":"ListItem","position":1,"name":"Home","item":"https:\/\/prochaska.eu\/en\/"},{"@type":"ListItem","position":2,"name":"Shop","item":"https:\/\/prochaska.eu\/shop\/"},{"@type":"ListItem","position":3,"name":"Kioti CX2510-EU tractor &#8211; special offer model incl. Front loader"}]},{"@type":"WebSite","@id":"https:\/\/prochaska.eu\/en\/#website","url":"https:\/\/prochaska.eu\/en\/","name":"Prochaska","description":"Spezialist f\u00fcr Pflege von Gr\u00fcnfl\u00e4chen","publisher":{"@id":"https:\/\/prochaska.eu\/en\/#organization"},"potentialAction":[{"@type":"SearchAction","target":{"@type":"EntryPoint","urlTemplate":"https:\/\/prochaska.eu\/en\/?s={search_term_string}"},"query-input":{"@type":"PropertyValueSpecification","valueRequired":true,"valueName":"search_term_string"}}],"inLanguage":"en-US"},{"@type":"Organization","@id":"https:\/\/prochaska.eu\/en\/#organization","name":"Prochaska","url":"https:\/\/prochaska.eu\/en\/","logo":{"@type":"ImageObject","inLanguage":"en-US","@id":"https:\/\/prochaska.eu\/en\/#\/schema\/logo\/image\/","url":"https:\/\/prochaska.eu\/wp-content\/uploads\/2024\/04\/Prochaska_Logo_Black-1.png","contentUrl":"https:\/\/prochaska.eu\/wp-content\/uploads\/2024\/04\/Prochaska_Logo_Black-1.png","width":796,"height":236,"caption":"Prochaska"},"image":{"@id":"https:\/\/prochaska.eu\/en\/#\/schema\/logo\/image\/"},"sameAs":["https:\/\/www.facebook.com\/prochaska.eu\/","https:\/\/www.instagram.com\/prochaska.eu\/","https:\/\/www.linkedin.com\/company\/prochaska-handels-gmbh"]}]}},"brands":[{"id":3080,"name":"Kioti","slug":"kioti-en"}],"_links":{"self":[{"href":"https:\/\/prochaska.eu\/en\/wp-json\/wp\/v2\/product\/25193","targetHints":{"allow":["GET"]}}],"collection":[{"href":"https:\/\/prochaska.eu\/en\/wp-json\/wp\/v2\/product"}],"about":[{"href":"https:\/\/prochaska.eu\/en\/wp-json\/wp\/v2\/types\/product"}],"version-history":[{"count":0,"href":"https:\/\/prochaska.eu\/en\/wp-json\/wp\/v2\/product\/25193\/revisions"}],"wp:featuredmedia":[{"embeddable":true,"href":"https:\/\/prochaska.eu\/en\/wp-json\/wp\/v2\/media\/22610"}],"wp:attachment":[{"href":"https:\/\/prochaska.eu\/en\/wp-json\/wp\/v2\/media?parent=25193"}],"wp:term":[{"taxonomy":"pwb-brand","embeddable":true,"href":"https:\/\/prochaska.eu\/en\/wp-json\/wp\/v2\/pwb-brand?post=25193"},{"taxonomy":"product_brand","embeddable":true,"href":"https:\/\/prochaska.eu\/en\/wp-json\/wp\/v2\/product_brand?post=25193"},{"taxonomy":"product_cat","embeddable":true,"href":"https:\/\/prochaska.eu\/en\/wp-json\/wp\/v2\/product_cat?post=25193"},{"taxonomy":"product_tag","embeddable":true,"href":"https:\/\/prochaska.eu\/en\/wp-json\/wp\/v2\/product_tag?post=25193"}],"curies":[{"name":"wp","href":"https:\/\/api.w.org\/{rel}","templated":true}]}}