{"id":25223,"date":"2021-04-06T15:19:09","date_gmt":"2021-04-06T15:19:09","guid":{"rendered":"https:\/\/prochaska.eu\/product\/toro-lawn-mower-recycler-21753\/"},"modified":"2026-04-22T02:08:57","modified_gmt":"2026-04-22T02:08:57","slug":"toro-recycler-21753-leistungsstarker-benzinrasenmaeher-mit-smartstow-3-in-1-funktion","status":"publish","type":"product","link":"https:\/\/prochaska.eu\/en\/produkt\/toro-recycler-21753-leistungsstarker-benzinrasenmaeher-mit-smartstow-3-in-1-funktion\/","title":{"rendered":"Toro &#8211; Lawn mower &#8211; Recycler &#8211; 21753"},"content":{"rendered":"<p style=\"text-align: left;\">The <a href=\"https:\/\/www.prochaska.eu\/toro\/\">Toro<\/a> Recycler lawn mower 21753 is a top seller! The lawn mower has a cutting width of 53 cm, a rear-wheel drive with VARIO DRIVE (infinitely variable speed control), the latest recycler technology from Toro and a recoil starter. The fact that there is no need to empty the catch basket saves time. The nutrient-rich clippings are returned to the soil, decompose quickly and nourish the roots for a healthy, dense lawn. With rear-wheel drive and a cutting width of 53 cm, the mower is ideal for green areas of up to 950 m\u00b2.<\/p>\n<h2 style=\"text-align: left;\">The product benefits<\/h2>\n<ul>\n<li style=\"text-align: left;\">Toro Recycler Technology &#8211; State-of-the-art recycler technology shreds the clippings several times<\/li>\n<li style=\"text-align: left;\">Three functions in one appliance &#8211; recycling, collection, side or rear discharge<\/li>\n<li>Smart Stow function for space-saving storage<\/li>\n<li>Large grass catcher &#8211; Long mowing without interruptions<\/li>\n<li style=\"text-align: left;\">Height-adjustable guide rail for ergonomic working<\/li>\n<li>Vario Drive System &#8211; stepless speed adjustment conveniently via the handlebar<\/li>\n<li style=\"text-align: left;\">Easy-to-Start &#8211; easy and reliable starting at the touch of a button<\/li>\n<\/ul>\n<h2 style=\"text-align: left;\">Optional accessories<\/h2>\n<ul>\n<li style=\"text-align: left;\">Replacement blade Atomic 53 cm &#8211; 133-8182-03<\/li>\n<li>Deluxe cover &#8211; 490-7462<\/li>\n<li>Comfort starter handle &#8211; 117-4142<\/li>\n<li>Lawn mower oil &#8211; P65606<\/li>\n<\/ul>\n<p><iframe title=\"Toro\u00ae Recycler\u00ae Walk-Behind Mowers\" width=\"800\" height=\"450\" src=\"https:\/\/www.youtube.com\/embed\/v31egpxwZWs?feature=oembed\" frameborder=\"0\" allow=\"accelerometer; autoplay; clipboard-write; encrypted-media; gyroscope; picture-in-picture; web-share\" referrerpolicy=\"strict-origin-when-cross-origin\" allowfullscreen><\/iframe><\/p>\n","protected":false},"excerpt":{"rendered":"<p>With a cutting width of 53 cm, the Toro Recycler lawn mower 21753 is ideal for areas of up to 950 m\u00b2.<\/p>\n","protected":false},"featured_media":22463,"template":"","meta":[],"pwb-brand":[3072],"product_brand":[],"product_cat":[1212,1181,3137],"product_tag":[],"class_list":{"0":"post-25223","1":"product","2":"type-product","3":"status-publish","4":"has-post-thumbnail","6":"pwb-brand-toro-en","7":"product_cat-hand-lawn-mower","8":"product_cat-lawn-mower","9":"product_cat-toro-brand-discounts-en","11":"first","12":"instock","13":"taxable","14":"shipping-taxable","15":"purchasable","16":"product-type-simple"},"yoast_head":"<!-- This site is optimized with the Yoast SEO plugin v27.4 - https:\/\/yoast.com\/product\/yoast-seo-wordpress\/ -->\n<title>Toro - Lawn mower - Recycler - 21753 - Prochaska<\/title>\n<meta name=\"description\" content=\"Toro Recycler 21753Benzinrasenm\u00e4her. 53 cmRasenm\u00e4her mit SmartStow. Toro Rasenm\u00e4her kaufen. Vario Antrieb Rasenm\u00e4herToro 3-in-1 M\u00e4her. Mulchm\u00e4her ToroRasenm\u00e4her f\u00fcr mittelgro\u00dfe G\u00e4rten.\" \/>\n<meta name=\"robots\" content=\"index, follow, max-snippet:-1, max-image-preview:large, max-video-preview:-1\" \/>\n<link rel=\"canonical\" href=\"https:\/\/prochaska.eu\/en\/produkt\/toro-recycler-21753-leistungsstarker-benzinrasenmaeher-mit-smartstow-3-in-1-funktion\/\" \/>\n<meta property=\"og:locale\" content=\"en_US\" \/>\n<meta property=\"og:type\" content=\"article\" \/>\n<meta property=\"og:title\" content=\"Toro - Lawn mower - Recycler - 21753 - Prochaska\" \/>\n<meta property=\"og:description\" content=\"Toro Recycler 21753Benzinrasenm\u00e4her. 53 cmRasenm\u00e4her mit SmartStow. Toro Rasenm\u00e4her kaufen. Vario Antrieb Rasenm\u00e4herToro 3-in-1 M\u00e4her. Mulchm\u00e4her ToroRasenm\u00e4her f\u00fcr mittelgro\u00dfe G\u00e4rten.\" \/>\n<meta property=\"og:url\" content=\"https:\/\/prochaska.eu\/en\/produkt\/toro-recycler-21753-leistungsstarker-benzinrasenmaeher-mit-smartstow-3-in-1-funktion\/\" \/>\n<meta property=\"og:site_name\" content=\"Prochaska\" \/>\n<meta property=\"article:publisher\" content=\"https:\/\/www.facebook.com\/prochaska.eu\/\" \/>\n<meta property=\"article:modified_time\" content=\"2026-04-22T02:08:57+00:00\" \/>\n<meta property=\"og:image\" content=\"https:\/\/prochaska.eu\/wp-content\/uploads\/2024\/06\/handrasenmaeher-toro-recycler-21750-prochaska.jpg\" \/>\n\t<meta property=\"og:image:width\" content=\"1440\" \/>\n\t<meta property=\"og:image:height\" content=\"1440\" \/>\n\t<meta property=\"og:image:type\" content=\"image\/jpeg\" \/>\n<meta name=\"twitter:card\" content=\"summary_large_image\" \/>\n<meta name=\"twitter:label1\" content=\"Est. reading time\" \/>\n\t<meta name=\"twitter:data1\" content=\"2 minutes\" \/>\n<script type=\"application\/ld+json\" class=\"yoast-schema-graph\">{\"@context\":\"https:\\\/\\\/schema.org\",\"@graph\":[{\"@type\":\"WebPage\",\"@id\":\"https:\\\/\\\/prochaska.eu\\\/en\\\/produkt\\\/toro-recycler-21753-leistungsstarker-benzinrasenmaeher-mit-smartstow-3-in-1-funktion\\\/\",\"url\":\"https:\\\/\\\/prochaska.eu\\\/en\\\/produkt\\\/toro-recycler-21753-leistungsstarker-benzinrasenmaeher-mit-smartstow-3-in-1-funktion\\\/\",\"name\":\"Toro - Lawn mower - Recycler - 21753 - Prochaska\",\"isPartOf\":{\"@id\":\"https:\\\/\\\/prochaska.eu\\\/en\\\/#website\"},\"primaryImageOfPage\":{\"@id\":\"https:\\\/\\\/prochaska.eu\\\/en\\\/produkt\\\/toro-recycler-21753-leistungsstarker-benzinrasenmaeher-mit-smartstow-3-in-1-funktion\\\/#primaryimage\"},\"image\":{\"@id\":\"https:\\\/\\\/prochaska.eu\\\/en\\\/produkt\\\/toro-recycler-21753-leistungsstarker-benzinrasenmaeher-mit-smartstow-3-in-1-funktion\\\/#primaryimage\"},\"thumbnailUrl\":\"https:\\\/\\\/prochaska.eu\\\/wp-content\\\/uploads\\\/2024\\\/06\\\/handrasenmaeher-toro-recycler-21750-prochaska.jpg\",\"datePublished\":\"2021-04-06T15:19:09+00:00\",\"dateModified\":\"2026-04-22T02:08:57+00:00\",\"description\":\"Toro Recycler 21753Benzinrasenm\u00e4her. 53 cmRasenm\u00e4her mit SmartStow. Toro Rasenm\u00e4her kaufen. Vario Antrieb Rasenm\u00e4herToro 3-in-1 M\u00e4her. Mulchm\u00e4her ToroRasenm\u00e4her f\u00fcr mittelgro\u00dfe G\u00e4rten.\",\"breadcrumb\":{\"@id\":\"https:\\\/\\\/prochaska.eu\\\/en\\\/produkt\\\/toro-recycler-21753-leistungsstarker-benzinrasenmaeher-mit-smartstow-3-in-1-funktion\\\/#breadcrumb\"},\"inLanguage\":\"en-US\",\"potentialAction\":[{\"@type\":\"ReadAction\",\"target\":[\"https:\\\/\\\/prochaska.eu\\\/en\\\/produkt\\\/toro-recycler-21753-leistungsstarker-benzinrasenmaeher-mit-smartstow-3-in-1-funktion\\\/\"]}]},{\"@type\":\"ImageObject\",\"inLanguage\":\"en-US\",\"@id\":\"https:\\\/\\\/prochaska.eu\\\/en\\\/produkt\\\/toro-recycler-21753-leistungsstarker-benzinrasenmaeher-mit-smartstow-3-in-1-funktion\\\/#primaryimage\",\"url\":\"https:\\\/\\\/prochaska.eu\\\/wp-content\\\/uploads\\\/2024\\\/06\\\/handrasenmaeher-toro-recycler-21750-prochaska.jpg\",\"contentUrl\":\"https:\\\/\\\/prochaska.eu\\\/wp-content\\\/uploads\\\/2024\\\/06\\\/handrasenmaeher-toro-recycler-21750-prochaska.jpg\",\"width\":1440,\"height\":1440},{\"@type\":\"BreadcrumbList\",\"@id\":\"https:\\\/\\\/prochaska.eu\\\/en\\\/produkt\\\/toro-recycler-21753-leistungsstarker-benzinrasenmaeher-mit-smartstow-3-in-1-funktion\\\/#breadcrumb\",\"itemListElement\":[{\"@type\":\"ListItem\",\"position\":1,\"name\":\"Home\",\"item\":\"https:\\\/\\\/prochaska.eu\\\/en\\\/\"},{\"@type\":\"ListItem\",\"position\":2,\"name\":\"Shop\",\"item\":\"https:\\\/\\\/prochaska.eu\\\/shop\\\/\"},{\"@type\":\"ListItem\",\"position\":3,\"name\":\"Toro &#8211; Lawn mower &#8211; Recycler &#8211; 21753\"}]},{\"@type\":\"WebSite\",\"@id\":\"https:\\\/\\\/prochaska.eu\\\/en\\\/#website\",\"url\":\"https:\\\/\\\/prochaska.eu\\\/en\\\/\",\"name\":\"Prochaska\",\"description\":\"Spezialist f\u00fcr Pflege von Gr\u00fcnfl\u00e4chen\",\"publisher\":{\"@id\":\"https:\\\/\\\/prochaska.eu\\\/en\\\/#organization\"},\"potentialAction\":[{\"@type\":\"SearchAction\",\"target\":{\"@type\":\"EntryPoint\",\"urlTemplate\":\"https:\\\/\\\/prochaska.eu\\\/en\\\/?s={search_term_string}\"},\"query-input\":{\"@type\":\"PropertyValueSpecification\",\"valueRequired\":true,\"valueName\":\"search_term_string\"}}],\"inLanguage\":\"en-US\"},{\"@type\":\"Organization\",\"@id\":\"https:\\\/\\\/prochaska.eu\\\/en\\\/#organization\",\"name\":\"Prochaska\",\"url\":\"https:\\\/\\\/prochaska.eu\\\/en\\\/\",\"logo\":{\"@type\":\"ImageObject\",\"inLanguage\":\"en-US\",\"@id\":\"https:\\\/\\\/prochaska.eu\\\/en\\\/#\\\/schema\\\/logo\\\/image\\\/\",\"url\":\"https:\\\/\\\/prochaska.eu\\\/wp-content\\\/uploads\\\/2024\\\/04\\\/Prochaska_Logo_Black-1.png\",\"contentUrl\":\"https:\\\/\\\/prochaska.eu\\\/wp-content\\\/uploads\\\/2024\\\/04\\\/Prochaska_Logo_Black-1.png\",\"width\":796,\"height\":236,\"caption\":\"Prochaska\"},\"image\":{\"@id\":\"https:\\\/\\\/prochaska.eu\\\/en\\\/#\\\/schema\\\/logo\\\/image\\\/\"},\"sameAs\":[\"https:\\\/\\\/www.facebook.com\\\/prochaska.eu\\\/\",\"https:\\\/\\\/www.instagram.com\\\/prochaska.eu\\\/\",\"https:\\\/\\\/www.linkedin.com\\\/company\\\/prochaska-handels-gmbh\"]}]}<\/script>\n<!-- \/ Yoast SEO plugin. -->","yoast_head_json":{"title":"Toro - Lawn mower - Recycler - 21753 - Prochaska","description":"Toro Recycler 21753Benzinrasenm\u00e4her. 53 cmRasenm\u00e4her mit SmartStow. Toro Rasenm\u00e4her kaufen. Vario Antrieb Rasenm\u00e4herToro 3-in-1 M\u00e4her. Mulchm\u00e4her ToroRasenm\u00e4her f\u00fcr mittelgro\u00dfe G\u00e4rten.","robots":{"index":"index","follow":"follow","max-snippet":"max-snippet:-1","max-image-preview":"max-image-preview:large","max-video-preview":"max-video-preview:-1"},"canonical":"https:\/\/prochaska.eu\/en\/produkt\/toro-recycler-21753-leistungsstarker-benzinrasenmaeher-mit-smartstow-3-in-1-funktion\/","og_locale":"en_US","og_type":"article","og_title":"Toro - Lawn mower - Recycler - 21753 - Prochaska","og_description":"Toro Recycler 21753Benzinrasenm\u00e4her. 53 cmRasenm\u00e4her mit SmartStow. Toro Rasenm\u00e4her kaufen. Vario Antrieb Rasenm\u00e4herToro 3-in-1 M\u00e4her. Mulchm\u00e4her ToroRasenm\u00e4her f\u00fcr mittelgro\u00dfe G\u00e4rten.","og_url":"https:\/\/prochaska.eu\/en\/produkt\/toro-recycler-21753-leistungsstarker-benzinrasenmaeher-mit-smartstow-3-in-1-funktion\/","og_site_name":"Prochaska","article_publisher":"https:\/\/www.facebook.com\/prochaska.eu\/","article_modified_time":"2026-04-22T02:08:57+00:00","og_image":[{"width":1440,"height":1440,"url":"https:\/\/prochaska.eu\/wp-content\/uploads\/2024\/06\/handrasenmaeher-toro-recycler-21750-prochaska.jpg","type":"image\/jpeg"}],"twitter_card":"summary_large_image","twitter_misc":{"Est. reading time":"2 minutes"},"schema":{"@context":"https:\/\/schema.org","@graph":[{"@type":"WebPage","@id":"https:\/\/prochaska.eu\/en\/produkt\/toro-recycler-21753-leistungsstarker-benzinrasenmaeher-mit-smartstow-3-in-1-funktion\/","url":"https:\/\/prochaska.eu\/en\/produkt\/toro-recycler-21753-leistungsstarker-benzinrasenmaeher-mit-smartstow-3-in-1-funktion\/","name":"Toro - Lawn mower - Recycler - 21753 - Prochaska","isPartOf":{"@id":"https:\/\/prochaska.eu\/en\/#website"},"primaryImageOfPage":{"@id":"https:\/\/prochaska.eu\/en\/produkt\/toro-recycler-21753-leistungsstarker-benzinrasenmaeher-mit-smartstow-3-in-1-funktion\/#primaryimage"},"image":{"@id":"https:\/\/prochaska.eu\/en\/produkt\/toro-recycler-21753-leistungsstarker-benzinrasenmaeher-mit-smartstow-3-in-1-funktion\/#primaryimage"},"thumbnailUrl":"https:\/\/prochaska.eu\/wp-content\/uploads\/2024\/06\/handrasenmaeher-toro-recycler-21750-prochaska.jpg","datePublished":"2021-04-06T15:19:09+00:00","dateModified":"2026-04-22T02:08:57+00:00","description":"Toro Recycler 21753Benzinrasenm\u00e4her. 53 cmRasenm\u00e4her mit SmartStow. Toro Rasenm\u00e4her kaufen. Vario Antrieb Rasenm\u00e4herToro 3-in-1 M\u00e4her. Mulchm\u00e4her ToroRasenm\u00e4her f\u00fcr mittelgro\u00dfe G\u00e4rten.","breadcrumb":{"@id":"https:\/\/prochaska.eu\/en\/produkt\/toro-recycler-21753-leistungsstarker-benzinrasenmaeher-mit-smartstow-3-in-1-funktion\/#breadcrumb"},"inLanguage":"en-US","potentialAction":[{"@type":"ReadAction","target":["https:\/\/prochaska.eu\/en\/produkt\/toro-recycler-21753-leistungsstarker-benzinrasenmaeher-mit-smartstow-3-in-1-funktion\/"]}]},{"@type":"ImageObject","inLanguage":"en-US","@id":"https:\/\/prochaska.eu\/en\/produkt\/toro-recycler-21753-leistungsstarker-benzinrasenmaeher-mit-smartstow-3-in-1-funktion\/#primaryimage","url":"https:\/\/prochaska.eu\/wp-content\/uploads\/2024\/06\/handrasenmaeher-toro-recycler-21750-prochaska.jpg","contentUrl":"https:\/\/prochaska.eu\/wp-content\/uploads\/2024\/06\/handrasenmaeher-toro-recycler-21750-prochaska.jpg","width":1440,"height":1440},{"@type":"BreadcrumbList","@id":"https:\/\/prochaska.eu\/en\/produkt\/toro-recycler-21753-leistungsstarker-benzinrasenmaeher-mit-smartstow-3-in-1-funktion\/#breadcrumb","itemListElement":[{"@type":"ListItem","position":1,"name":"Home","item":"https:\/\/prochaska.eu\/en\/"},{"@type":"ListItem","position":2,"name":"Shop","item":"https:\/\/prochaska.eu\/shop\/"},{"@type":"ListItem","position":3,"name":"Toro &#8211; Lawn mower &#8211; Recycler &#8211; 21753"}]},{"@type":"WebSite","@id":"https:\/\/prochaska.eu\/en\/#website","url":"https:\/\/prochaska.eu\/en\/","name":"Prochaska","description":"Spezialist f\u00fcr Pflege von Gr\u00fcnfl\u00e4chen","publisher":{"@id":"https:\/\/prochaska.eu\/en\/#organization"},"potentialAction":[{"@type":"SearchAction","target":{"@type":"EntryPoint","urlTemplate":"https:\/\/prochaska.eu\/en\/?s={search_term_string}"},"query-input":{"@type":"PropertyValueSpecification","valueRequired":true,"valueName":"search_term_string"}}],"inLanguage":"en-US"},{"@type":"Organization","@id":"https:\/\/prochaska.eu\/en\/#organization","name":"Prochaska","url":"https:\/\/prochaska.eu\/en\/","logo":{"@type":"ImageObject","inLanguage":"en-US","@id":"https:\/\/prochaska.eu\/en\/#\/schema\/logo\/image\/","url":"https:\/\/prochaska.eu\/wp-content\/uploads\/2024\/04\/Prochaska_Logo_Black-1.png","contentUrl":"https:\/\/prochaska.eu\/wp-content\/uploads\/2024\/04\/Prochaska_Logo_Black-1.png","width":796,"height":236,"caption":"Prochaska"},"image":{"@id":"https:\/\/prochaska.eu\/en\/#\/schema\/logo\/image\/"},"sameAs":["https:\/\/www.facebook.com\/prochaska.eu\/","https:\/\/www.instagram.com\/prochaska.eu\/","https:\/\/www.linkedin.com\/company\/prochaska-handels-gmbh"]}]}},"brands":[{"id":3072,"name":"Toro","slug":"toro-en"}],"_links":{"self":[{"href":"https:\/\/prochaska.eu\/en\/wp-json\/wp\/v2\/product\/25223","targetHints":{"allow":["GET"]}}],"collection":[{"href":"https:\/\/prochaska.eu\/en\/wp-json\/wp\/v2\/product"}],"about":[{"href":"https:\/\/prochaska.eu\/en\/wp-json\/wp\/v2\/types\/product"}],"version-history":[{"count":1,"href":"https:\/\/prochaska.eu\/en\/wp-json\/wp\/v2\/product\/25223\/revisions"}],"predecessor-version":[{"id":30471,"href":"https:\/\/prochaska.eu\/en\/wp-json\/wp\/v2\/product\/25223\/revisions\/30471"}],"wp:featuredmedia":[{"embeddable":true,"href":"https:\/\/prochaska.eu\/en\/wp-json\/wp\/v2\/media\/22463"}],"wp:attachment":[{"href":"https:\/\/prochaska.eu\/en\/wp-json\/wp\/v2\/media?parent=25223"}],"wp:term":[{"taxonomy":"pwb-brand","embeddable":true,"href":"https:\/\/prochaska.eu\/en\/wp-json\/wp\/v2\/pwb-brand?post=25223"},{"taxonomy":"product_brand","embeddable":true,"href":"https:\/\/prochaska.eu\/en\/wp-json\/wp\/v2\/product_brand?post=25223"},{"taxonomy":"product_cat","embeddable":true,"href":"https:\/\/prochaska.eu\/en\/wp-json\/wp\/v2\/product_cat?post=25223"},{"taxonomy":"product_tag","embeddable":true,"href":"https:\/\/prochaska.eu\/en\/wp-json\/wp\/v2\/product_tag?post=25223"}],"curies":[{"name":"wp","href":"https:\/\/api.w.org\/{rel}","templated":true}]}}