{"id":25232,"date":"2021-05-27T08:50:35","date_gmt":"2021-05-27T08:50:35","guid":{"rendered":"https:\/\/prochaska.eu\/product\/toro-snow-blower-power-max-826-e26-60v-set-31875\/"},"modified":"2025-10-10T00:20:11","modified_gmt":"2025-10-10T00:20:11","slug":"toro-snow-blower-power-max-826-e26-60v-set-31875","status":"publish","type":"product","link":"https:\/\/prochaska.eu\/en\/produkt\/toro-snow-blower-power-max-826-e26-60v-set-31875\/","title":{"rendered":"TORO Snow blower &#8211; Power Max 826 E26 &#8211; 60V &#8211; Set &#8211; 31875"},"content":{"rendered":"<p>The Power Max 826 E26 two-stage cordless snow blower from <a href=\"https:\/\/www.prochaska.eu\/toro\/\">TORO<\/a> is powered by a 60V 7.5Ah battery and, with a clearing width of 66 cm, is particularly suitable for removing large quantities of snow. The snow blower is ideal for concrete, asphalt or gravel surfaces and also removes wet snow quickly and effortlessly. Toro&#8217;s innovative system is the only one that makes it possible to automatically divert excessive amounts of snow away from the discharge chute so that the chute does not become blocked. The two-stage snow blower has a throwing range of up to 14 m and is equipped with an anti-clogging system.<\/p>\n<h2>The Toro Package<\/h2>\n<p>The <a href=\"https:\/\/www.prochaska.eu\/toro\/\">TORO<\/a> package includes a two-stage 60V Powermax 826 E26 snow blower as well as 2x 7.5 Ah batteries and a 60V quick charger 5A.<\/p>\n<h2 style=\"text-align: left;\">The product benefits<\/h2>\n<ul>\n<li>Toro 60V brushless motor<\/li>\n<li>Quick-Stick ejection chute lever<\/li>\n<li style=\"text-align: left;\">Anti-constipation system (ACS)<\/li>\n<li style=\"text-align: left;\">LED lighting<\/li>\n<li>Hand warmer<\/li>\n<li>Steel discharge chute with 2 joints<\/li>\n<li>Powerful high-performance motor<\/li>\n<li>Up to 3 batteries possible at the same time<\/li>\n<\/ul>\n<h2>Optional accessories<\/h2>\n<ul>\n<li>60V battery 7.5 Ah (405Wh)<\/li>\n<li>60V battery 6 Ah (324 Wh)<\/li>\n<li>60V universal charger 2A<\/li>\n<li>60V fast charger 5A<\/li>\n<li><a href=\"https:\/\/www.prochaska.eu\/produkt\/schneefraesen-schutzabdeckung\/\"><a href=\"https:\/\/www.prochaska.eu\/produkt\/schneefraesen-schutzabdeckung\/\">Cover (\u20ac 69,90)<\/a><\/a><\/li>\n<li><a href=\"https:\/\/www.prochaska.eu\/produkt\/schneefraesen-gleitkufen-power-max\/\"><a href=\"https:\/\/www.prochaska.eu\/produkt\/schneefraesen-gleitkufen-power-max\/\">PowerMax skid (\u20ac 32.90)<\/a><\/a><\/li>\n<li><a href=\"https:\/\/www.prochaska.eu\/produkt\/schneefraesen-kunststoff-gleitkufen\/\"><a href=\"https:\/\/www.prochaska.eu\/produkt\/schneefraesen-kunststoff-gleitkufen\/\">Pair of plastic skids (\u20ac 60.90)<\/a><\/a><\/li>\n<li><a href=\"https:\/\/www.prochaska.eu\/produkt\/gehaertete-hd-gleitkufen\/\"><a href=\"https:\/\/www.prochaska.eu\/produkt\/gehaertete-hd-gleitkufen\/\">Hardened TORO HD skids (\u20ac 54.90)<\/a><\/a><\/li>\n<li><a href=\"https:\/\/www.prochaska.eu\/produkt\/toro-schneefraesen-ersatzlampe\/\"><a href=\"https:\/\/www.prochaska.eu\/produkt\/toro-schneefraesen-ersatzlampe\/\">PowerMax replacement lamp (\u20ac 24.90)<\/a><\/a><\/li>\n<li>Premium starter handle (\u20ac 14.90)<\/li>\n<li>wax cutter 66 cm (\u20ac 92.90) or 71 cm (\u20ac 95.90)<\/li>\n<li><a href=\"https:\/\/www.prochaska.eu\/produkt\/schneeverdeck-inkl-gewicht-kit\/\"><a href=\"https:\/\/www.prochaska.eu\/produkt\/schneeverdeck-inkl-gewicht-kit\/\">Cabin for PowerMax (\u20ac 399.90) + weight kit (\u20ac 239.90)<\/a><\/a><\/li>\n<li><a href=\"https:\/\/www.prochaska.eu\/produkt\/schneeketten-13-15-oder-16\/\"><a href=\"https:\/\/www.prochaska.eu\/produkt\/schneeketten-13-15-oder-16\/\">Snow chains 13&#8243; to 16&#8243; (\u20ac 122.90 &#8211; \u20ac 142.90)<\/a><\/a><\/li>\n<li><a href=\"https:\/\/www.prochaska.eu\/produkt\/schneefraesen-schneeschild\/\"><a href=\"https:\/\/www.prochaska.eu\/produkt\/schneefraesen-schneeschild\/\">Snow blade for PowerMax 71 cm (\u20ac 399.90)<\/a><\/a><\/li>\n<\/ul>\n","protected":false},"excerpt":{"rendered":"<p>The Power Max 826 E26 two-stage cordless snow blower from <a href=\"https:\/\/www.prochaska.eu\/toro\/\">TORO<\/a> is powered by a 60V 7.5Ah battery and, with a clearing width of 66 cm, is particularly suitable for removing large quantities of snow.<\/p>\n","protected":false},"featured_media":22502,"template":"","meta":[],"pwb-brand":[3072],"product_brand":[],"product_cat":[1102,2020,2019],"product_tag":[3119,2025],"class_list":{"0":"post-25232","1":"product","2":"type-product","3":"status-publish","4":"has-post-thumbnail","6":"pwb-brand-toro-en","7":"product_cat-house-and-garden","8":"product_cat-snow-blowers","9":"product_cat-winter-service","10":"product_tag-40-v-en","11":"product_tag-snow-blower","13":"first","14":"instock","15":"sale","16":"taxable","17":"shipping-taxable","18":"purchasable","19":"product-type-simple"},"yoast_head":"<!-- This site is optimized with the Yoast SEO plugin v27.4 - https:\/\/yoast.com\/product\/yoast-seo-wordpress\/ -->\n<title>TORO Snow blower - Power Max 826 E26 - 60V - Set - 31875 - Prochaska<\/title>\n<meta name=\"robots\" content=\"index, follow, max-snippet:-1, max-image-preview:large, max-video-preview:-1\" \/>\n<link rel=\"canonical\" href=\"https:\/\/prochaska.eu\/en\/produkt\/toro-snow-blower-power-max-826-e26-60v-set-31875\/\" \/>\n<meta property=\"og:locale\" content=\"en_US\" \/>\n<meta property=\"og:type\" content=\"article\" \/>\n<meta property=\"og:title\" content=\"TORO Snow blower - Power Max 826 E26 - 60V - Set - 31875 - Prochaska\" \/>\n<meta property=\"og:description\" content=\"The Power Max 826 E26 two-stage cordless snow blower from TORO is powered by a 60V 7.5Ah battery and, with a clearing width of 66 cm, is particularly suitable for removing large quantities of snow.\" \/>\n<meta property=\"og:url\" content=\"https:\/\/prochaska.eu\/en\/produkt\/toro-snow-blower-power-max-826-e26-60v-set-31875\/\" \/>\n<meta property=\"og:site_name\" content=\"Prochaska\" \/>\n<meta property=\"article:publisher\" content=\"https:\/\/www.facebook.com\/prochaska.eu\/\" \/>\n<meta property=\"article:modified_time\" content=\"2025-10-10T00:20:11+00:00\" \/>\n<meta property=\"og:image\" content=\"https:\/\/prochaska.eu\/wp-content\/uploads\/2024\/06\/schneefraese-akku-toro-powermax-826-e26-prochaska_8.jpg\" \/>\n\t<meta property=\"og:image:width\" content=\"1440\" \/>\n\t<meta property=\"og:image:height\" content=\"1440\" \/>\n\t<meta property=\"og:image:type\" content=\"image\/jpeg\" \/>\n<meta name=\"twitter:card\" content=\"summary_large_image\" \/>\n<meta name=\"twitter:label1\" content=\"Est. reading time\" \/>\n\t<meta name=\"twitter:data1\" content=\"1 minute\" \/>\n<script type=\"application\/ld+json\" class=\"yoast-schema-graph\">{\"@context\":\"https:\\\/\\\/schema.org\",\"@graph\":[{\"@type\":\"WebPage\",\"@id\":\"https:\\\/\\\/prochaska.eu\\\/en\\\/produkt\\\/toro-snow-blower-power-max-826-e26-60v-set-31875\\\/\",\"url\":\"https:\\\/\\\/prochaska.eu\\\/en\\\/produkt\\\/toro-snow-blower-power-max-826-e26-60v-set-31875\\\/\",\"name\":\"TORO Snow blower - Power Max 826 E26 - 60V - Set - 31875 - Prochaska\",\"isPartOf\":{\"@id\":\"https:\\\/\\\/prochaska.eu\\\/en\\\/#website\"},\"primaryImageOfPage\":{\"@id\":\"https:\\\/\\\/prochaska.eu\\\/en\\\/produkt\\\/toro-snow-blower-power-max-826-e26-60v-set-31875\\\/#primaryimage\"},\"image\":{\"@id\":\"https:\\\/\\\/prochaska.eu\\\/en\\\/produkt\\\/toro-snow-blower-power-max-826-e26-60v-set-31875\\\/#primaryimage\"},\"thumbnailUrl\":\"https:\\\/\\\/prochaska.eu\\\/wp-content\\\/uploads\\\/2024\\\/06\\\/schneefraese-akku-toro-powermax-826-e26-prochaska_8.jpg\",\"datePublished\":\"2021-05-27T08:50:35+00:00\",\"dateModified\":\"2025-10-10T00:20:11+00:00\",\"breadcrumb\":{\"@id\":\"https:\\\/\\\/prochaska.eu\\\/en\\\/produkt\\\/toro-snow-blower-power-max-826-e26-60v-set-31875\\\/#breadcrumb\"},\"inLanguage\":\"en-US\",\"potentialAction\":[{\"@type\":\"ReadAction\",\"target\":[\"https:\\\/\\\/prochaska.eu\\\/en\\\/produkt\\\/toro-snow-blower-power-max-826-e26-60v-set-31875\\\/\"]}]},{\"@type\":\"ImageObject\",\"inLanguage\":\"en-US\",\"@id\":\"https:\\\/\\\/prochaska.eu\\\/en\\\/produkt\\\/toro-snow-blower-power-max-826-e26-60v-set-31875\\\/#primaryimage\",\"url\":\"https:\\\/\\\/prochaska.eu\\\/wp-content\\\/uploads\\\/2024\\\/06\\\/schneefraese-akku-toro-powermax-826-e26-prochaska_8.jpg\",\"contentUrl\":\"https:\\\/\\\/prochaska.eu\\\/wp-content\\\/uploads\\\/2024\\\/06\\\/schneefraese-akku-toro-powermax-826-e26-prochaska_8.jpg\",\"width\":1440,\"height\":1440},{\"@type\":\"BreadcrumbList\",\"@id\":\"https:\\\/\\\/prochaska.eu\\\/en\\\/produkt\\\/toro-snow-blower-power-max-826-e26-60v-set-31875\\\/#breadcrumb\",\"itemListElement\":[{\"@type\":\"ListItem\",\"position\":1,\"name\":\"Home\",\"item\":\"https:\\\/\\\/prochaska.eu\\\/en\\\/\"},{\"@type\":\"ListItem\",\"position\":2,\"name\":\"Shop\",\"item\":\"https:\\\/\\\/prochaska.eu\\\/shop\\\/\"},{\"@type\":\"ListItem\",\"position\":3,\"name\":\"TORO Snow blower &#8211; Power Max 826 E26 &#8211; 60V &#8211; Set &#8211; 31875\"}]},{\"@type\":\"WebSite\",\"@id\":\"https:\\\/\\\/prochaska.eu\\\/en\\\/#website\",\"url\":\"https:\\\/\\\/prochaska.eu\\\/en\\\/\",\"name\":\"Prochaska\",\"description\":\"Spezialist f\u00fcr Pflege von Gr\u00fcnfl\u00e4chen\",\"publisher\":{\"@id\":\"https:\\\/\\\/prochaska.eu\\\/en\\\/#organization\"},\"potentialAction\":[{\"@type\":\"SearchAction\",\"target\":{\"@type\":\"EntryPoint\",\"urlTemplate\":\"https:\\\/\\\/prochaska.eu\\\/en\\\/?s={search_term_string}\"},\"query-input\":{\"@type\":\"PropertyValueSpecification\",\"valueRequired\":true,\"valueName\":\"search_term_string\"}}],\"inLanguage\":\"en-US\"},{\"@type\":\"Organization\",\"@id\":\"https:\\\/\\\/prochaska.eu\\\/en\\\/#organization\",\"name\":\"Prochaska\",\"url\":\"https:\\\/\\\/prochaska.eu\\\/en\\\/\",\"logo\":{\"@type\":\"ImageObject\",\"inLanguage\":\"en-US\",\"@id\":\"https:\\\/\\\/prochaska.eu\\\/en\\\/#\\\/schema\\\/logo\\\/image\\\/\",\"url\":\"https:\\\/\\\/prochaska.eu\\\/wp-content\\\/uploads\\\/2024\\\/04\\\/Prochaska_Logo_Black-1.png\",\"contentUrl\":\"https:\\\/\\\/prochaska.eu\\\/wp-content\\\/uploads\\\/2024\\\/04\\\/Prochaska_Logo_Black-1.png\",\"width\":796,\"height\":236,\"caption\":\"Prochaska\"},\"image\":{\"@id\":\"https:\\\/\\\/prochaska.eu\\\/en\\\/#\\\/schema\\\/logo\\\/image\\\/\"},\"sameAs\":[\"https:\\\/\\\/www.facebook.com\\\/prochaska.eu\\\/\",\"https:\\\/\\\/www.instagram.com\\\/prochaska.eu\\\/\",\"https:\\\/\\\/www.linkedin.com\\\/company\\\/prochaska-handels-gmbh\"]}]}<\/script>\n<!-- \/ Yoast SEO plugin. -->","yoast_head_json":{"title":"TORO Snow blower - Power Max 826 E26 - 60V - Set - 31875 - Prochaska","robots":{"index":"index","follow":"follow","max-snippet":"max-snippet:-1","max-image-preview":"max-image-preview:large","max-video-preview":"max-video-preview:-1"},"canonical":"https:\/\/prochaska.eu\/en\/produkt\/toro-snow-blower-power-max-826-e26-60v-set-31875\/","og_locale":"en_US","og_type":"article","og_title":"TORO Snow blower - Power Max 826 E26 - 60V - Set - 31875 - Prochaska","og_description":"The Power Max 826 E26 two-stage cordless snow blower from TORO is powered by a 60V 7.5Ah battery and, with a clearing width of 66 cm, is particularly suitable for removing large quantities of snow.","og_url":"https:\/\/prochaska.eu\/en\/produkt\/toro-snow-blower-power-max-826-e26-60v-set-31875\/","og_site_name":"Prochaska","article_publisher":"https:\/\/www.facebook.com\/prochaska.eu\/","article_modified_time":"2025-10-10T00:20:11+00:00","og_image":[{"width":1440,"height":1440,"url":"https:\/\/prochaska.eu\/wp-content\/uploads\/2024\/06\/schneefraese-akku-toro-powermax-826-e26-prochaska_8.jpg","type":"image\/jpeg"}],"twitter_card":"summary_large_image","twitter_misc":{"Est. reading time":"1 minute"},"schema":{"@context":"https:\/\/schema.org","@graph":[{"@type":"WebPage","@id":"https:\/\/prochaska.eu\/en\/produkt\/toro-snow-blower-power-max-826-e26-60v-set-31875\/","url":"https:\/\/prochaska.eu\/en\/produkt\/toro-snow-blower-power-max-826-e26-60v-set-31875\/","name":"TORO Snow blower - Power Max 826 E26 - 60V - Set - 31875 - Prochaska","isPartOf":{"@id":"https:\/\/prochaska.eu\/en\/#website"},"primaryImageOfPage":{"@id":"https:\/\/prochaska.eu\/en\/produkt\/toro-snow-blower-power-max-826-e26-60v-set-31875\/#primaryimage"},"image":{"@id":"https:\/\/prochaska.eu\/en\/produkt\/toro-snow-blower-power-max-826-e26-60v-set-31875\/#primaryimage"},"thumbnailUrl":"https:\/\/prochaska.eu\/wp-content\/uploads\/2024\/06\/schneefraese-akku-toro-powermax-826-e26-prochaska_8.jpg","datePublished":"2021-05-27T08:50:35+00:00","dateModified":"2025-10-10T00:20:11+00:00","breadcrumb":{"@id":"https:\/\/prochaska.eu\/en\/produkt\/toro-snow-blower-power-max-826-e26-60v-set-31875\/#breadcrumb"},"inLanguage":"en-US","potentialAction":[{"@type":"ReadAction","target":["https:\/\/prochaska.eu\/en\/produkt\/toro-snow-blower-power-max-826-e26-60v-set-31875\/"]}]},{"@type":"ImageObject","inLanguage":"en-US","@id":"https:\/\/prochaska.eu\/en\/produkt\/toro-snow-blower-power-max-826-e26-60v-set-31875\/#primaryimage","url":"https:\/\/prochaska.eu\/wp-content\/uploads\/2024\/06\/schneefraese-akku-toro-powermax-826-e26-prochaska_8.jpg","contentUrl":"https:\/\/prochaska.eu\/wp-content\/uploads\/2024\/06\/schneefraese-akku-toro-powermax-826-e26-prochaska_8.jpg","width":1440,"height":1440},{"@type":"BreadcrumbList","@id":"https:\/\/prochaska.eu\/en\/produkt\/toro-snow-blower-power-max-826-e26-60v-set-31875\/#breadcrumb","itemListElement":[{"@type":"ListItem","position":1,"name":"Home","item":"https:\/\/prochaska.eu\/en\/"},{"@type":"ListItem","position":2,"name":"Shop","item":"https:\/\/prochaska.eu\/shop\/"},{"@type":"ListItem","position":3,"name":"TORO Snow blower &#8211; Power Max 826 E26 &#8211; 60V &#8211; Set &#8211; 31875"}]},{"@type":"WebSite","@id":"https:\/\/prochaska.eu\/en\/#website","url":"https:\/\/prochaska.eu\/en\/","name":"Prochaska","description":"Spezialist f\u00fcr Pflege von Gr\u00fcnfl\u00e4chen","publisher":{"@id":"https:\/\/prochaska.eu\/en\/#organization"},"potentialAction":[{"@type":"SearchAction","target":{"@type":"EntryPoint","urlTemplate":"https:\/\/prochaska.eu\/en\/?s={search_term_string}"},"query-input":{"@type":"PropertyValueSpecification","valueRequired":true,"valueName":"search_term_string"}}],"inLanguage":"en-US"},{"@type":"Organization","@id":"https:\/\/prochaska.eu\/en\/#organization","name":"Prochaska","url":"https:\/\/prochaska.eu\/en\/","logo":{"@type":"ImageObject","inLanguage":"en-US","@id":"https:\/\/prochaska.eu\/en\/#\/schema\/logo\/image\/","url":"https:\/\/prochaska.eu\/wp-content\/uploads\/2024\/04\/Prochaska_Logo_Black-1.png","contentUrl":"https:\/\/prochaska.eu\/wp-content\/uploads\/2024\/04\/Prochaska_Logo_Black-1.png","width":796,"height":236,"caption":"Prochaska"},"image":{"@id":"https:\/\/prochaska.eu\/en\/#\/schema\/logo\/image\/"},"sameAs":["https:\/\/www.facebook.com\/prochaska.eu\/","https:\/\/www.instagram.com\/prochaska.eu\/","https:\/\/www.linkedin.com\/company\/prochaska-handels-gmbh"]}]}},"brands":[{"id":3072,"name":"Toro","slug":"toro-en"}],"_links":{"self":[{"href":"https:\/\/prochaska.eu\/en\/wp-json\/wp\/v2\/product\/25232","targetHints":{"allow":["GET"]}}],"collection":[{"href":"https:\/\/prochaska.eu\/en\/wp-json\/wp\/v2\/product"}],"about":[{"href":"https:\/\/prochaska.eu\/en\/wp-json\/wp\/v2\/types\/product"}],"version-history":[{"count":0,"href":"https:\/\/prochaska.eu\/en\/wp-json\/wp\/v2\/product\/25232\/revisions"}],"wp:featuredmedia":[{"embeddable":true,"href":"https:\/\/prochaska.eu\/en\/wp-json\/wp\/v2\/media\/22502"}],"wp:attachment":[{"href":"https:\/\/prochaska.eu\/en\/wp-json\/wp\/v2\/media?parent=25232"}],"wp:term":[{"taxonomy":"pwb-brand","embeddable":true,"href":"https:\/\/prochaska.eu\/en\/wp-json\/wp\/v2\/pwb-brand?post=25232"},{"taxonomy":"product_brand","embeddable":true,"href":"https:\/\/prochaska.eu\/en\/wp-json\/wp\/v2\/product_brand?post=25232"},{"taxonomy":"product_cat","embeddable":true,"href":"https:\/\/prochaska.eu\/en\/wp-json\/wp\/v2\/product_cat?post=25232"},{"taxonomy":"product_tag","embeddable":true,"href":"https:\/\/prochaska.eu\/en\/wp-json\/wp\/v2\/product_tag?post=25232"}],"curies":[{"name":"wp","href":"https:\/\/api.w.org\/{rel}","templated":true}]}}