{"id":25248,"date":"2021-05-14T09:58:26","date_gmt":"2021-05-14T09:58:26","guid":{"rendered":"https:\/\/prochaska.eu\/product\/billygoat-outback-rider-4wd-bcr3626bvece\/"},"modified":"2025-09-30T10:59:29","modified_gmt":"2025-09-30T10:59:29","slug":"billygoat-outback-rider-4wd-bcr3626bvece","status":"publish","type":"product","link":"https:\/\/prochaska.eu\/en\/produkt\/billygoat-outback-rider-4wd-bcr3626bvece\/","title":{"rendered":"BillyGoat &#8211; Outback Rider &#8211; 4WD &#8211; BCR3628BVECE \/ BCR4328BVECE"},"content":{"rendered":"<p>The Outback\u00ae 4WD Rider is specially designed for commercial use and combines a low center of gravity with a powerful all-wheel drive system. As a result, it masters even hard-to-reach areas with ease and reaches places that conventional machines cannot. <\/p>\n<p>The spacious platform offers the operator plenty of room and comfort. The high-performance mower is equipped with retractable blades. These swivel away on contact with a solid object, protecting the mower and blades from damage.  <\/p>\n<p>With the Outback\u00ae ride-on high grass mower, Billy Goat is setting new standards for professional high grass mowers. The <strong data-start=\"982\" data-end=\"1009\">new Outback\u00ae 4WD Rider<\/strong> extends the product range with a model that combines maximum performance with safety and comfort. <\/p>\n<p>If you are looking for the ultimate wild growth mower, the Billy Goat Outback\u00ae is the right choice.<\/p>\n<h2 data-start=\"1220\" data-end=\"1246\">The product benefits:<\/h2>\n<ul data-start=\"1248\" data-end=\"2731\">\n<li data-start=\"1248\" data-end=\"1407\"><strong data-start=\"1250\" data-end=\"1286\">26 HP Vanguard\u00ae engine (810 cc):<\/strong> low fuel consumption, improved control, optimized starting without choke and automatic height compensation.<\/li>\n<li data-start=\"1408\" data-end=\"1568\"><strong data-start=\"1410\" data-end=\"1453\">Certified rollover protection system (ROPS):<\/strong> with safety belts, protects operator and machine from tipping over. Can be folded back by 180\u00b0. <\/li>\n<li data-start=\"1569\" data-end=\"1732\"><strong data-start=\"1571\" data-end=\"1602\">Comfortable operator&#8217;s cab:<\/strong> with display panel, warning lights, PTO gearshift with soft start, steering wheel with tilt function and rotary knob, cruise control and handbrake.<\/li>\n<li data-start=\"1733\" data-end=\"1862\"><strong data-start=\"1735\" data-end=\"1758\">Robust bumpers:<\/strong> mounted at the front and rear, protect against impacts and offer practical lashing points for transportation.<\/li>\n<li data-start=\"1863\" data-end=\"2033\"><strong data-start=\"1865\" data-end=\"1907\">Robust rear discharge housing:<\/strong> ejects grass clippings to the rear; swing-back blades reduce blade damage; side covers for easy access.<\/li>\n<li data-start=\"2034\" data-end=\"2178\"><strong data-start=\"2036\" data-end=\"2064\">Large operator platform:<\/strong> plenty of space even for tall people, ergonomic seat with armrests, secondary footrests for off-road support.<\/li>\n<li data-start=\"2179\" data-end=\"2310\"><strong data-start=\"2181\" data-end=\"2207\">Tuff Torq\u2122 4WD system:<\/strong> automatically distributes power to all wheels; additional limited slip differential for maximum traction.<\/li>\n<li data-start=\"2311\" data-end=\"2442\"><strong data-start=\"2313\" data-end=\"2346\">Donaldson\u00ae cyclone air filter:<\/strong> extends maintenance intervals by four times compared to conventional air filters.<\/li>\n<li data-start=\"2443\" data-end=\"2581\"><strong data-start=\"2445\" data-end=\"2485\">Large drive wheels with agricultural tread:<\/strong> provide strong grip; pivoting front axle ensures all four wheels are in contact with the ground.<\/li>\n<li data-start=\"2582\" data-end=\"2731\"><strong data-start=\"2584\" data-end=\"2621\">Remote-controlled transmission oil cooler:<\/strong> keeps the oil temperature stable even under the toughest conditions and extends the service life of the transmission.<\/li>\n<\/ul>\n<p><iframe title=\"Billy Goat Outback Rider BCR3626BVECE 4WD\/4x4 Brush Cutter Mower\" width=\"800\" height=\"450\" src=\"https:\/\/www.youtube.com\/embed\/8mwuwmyPqQE?feature=oembed\" frameborder=\"0\" allow=\"accelerometer; autoplay; clipboard-write; encrypted-media; gyroscope; picture-in-picture; web-share\" referrerpolicy=\"strict-origin-when-cross-origin\" allowfullscreen><\/iframe><\/p>\n<p>&nbsp;<\/p>\n","protected":false},"excerpt":{"rendered":"<p>With a cutting width of 92-110 cm, the Billy Goat Outback ride-on mower is suitable for areas of up to 6,000 m\u00b2.<\/p>\n","protected":false},"featured_media":22481,"template":"","meta":[],"pwb-brand":[3085],"product_brand":[3257],"product_cat":[3135,1506],"product_tag":[],"class_list":{"0":"post-25248","1":"product","2":"type-product","3":"status-publish","4":"has-post-thumbnail","6":"pwb-brand-billy-goat-en","7":"product_brand-billy-goat","8":"product_cat-mowers","9":"product_cat-municipal-sports-fields-agriculture","11":"first","12":"instock","13":"taxable","14":"shipping-taxable","15":"purchasable","16":"product-type-variable"},"yoast_head":"<!-- This site is optimized with the Yoast SEO plugin v27.4 - https:\/\/yoast.com\/product\/yoast-seo-wordpress\/ -->\n<title>BillyGoat - Outback Rider - 4WD - BCR3628BVECE \/ BCR4328BVECE - Prochaska<\/title>\n<meta name=\"description\" content=\"Powerful Billy Goat Outback\u00ae 4WD Rider with all-wheel drive, 26 HP Vanguard\u00ae engine and robust construction - ideal for wild growth and off-road terrain.\" \/>\n<meta name=\"robots\" content=\"index, follow, max-snippet:-1, max-image-preview:large, max-video-preview:-1\" \/>\n<link rel=\"canonical\" href=\"https:\/\/prochaska.eu\/en\/produkt\/billygoat-outback-rider-4wd-bcr3626bvece\/\" \/>\n<meta property=\"og:locale\" content=\"en_US\" \/>\n<meta property=\"og:type\" content=\"article\" \/>\n<meta property=\"og:title\" content=\"BillyGoat - Outback Rider - 4WD - BCR3628BVECE \/ BCR4328BVECE - Prochaska\" \/>\n<meta property=\"og:description\" content=\"Powerful Billy Goat Outback\u00ae 4WD Rider with all-wheel drive, 26 HP Vanguard\u00ae engine and robust construction - ideal for wild growth and off-road terrain.\" \/>\n<meta property=\"og:url\" content=\"https:\/\/prochaska.eu\/en\/produkt\/billygoat-outback-rider-4wd-bcr3626bvece\/\" \/>\n<meta property=\"og:site_name\" content=\"Prochaska\" \/>\n<meta property=\"article:publisher\" content=\"https:\/\/www.facebook.com\/prochaska.eu\/\" \/>\n<meta property=\"article:modified_time\" content=\"2025-09-30T10:59:29+00:00\" \/>\n<meta property=\"og:image\" content=\"https:\/\/prochaska.eu\/wp-content\/uploads\/2024\/06\/billygoat-brushcutter-outbackrider-bcr3626.jpg\" \/>\n\t<meta property=\"og:image:width\" content=\"1440\" \/>\n\t<meta property=\"og:image:height\" content=\"1440\" \/>\n\t<meta property=\"og:image:type\" content=\"image\/jpeg\" \/>\n<meta name=\"twitter:card\" content=\"summary_large_image\" \/>\n<meta name=\"twitter:label1\" content=\"Est. reading time\" \/>\n\t<meta name=\"twitter:data1\" content=\"2 minutes\" \/>\n<script type=\"application\/ld+json\" class=\"yoast-schema-graph\">{\"@context\":\"https:\\\/\\\/schema.org\",\"@graph\":[{\"@type\":\"WebPage\",\"@id\":\"https:\\\/\\\/prochaska.eu\\\/en\\\/produkt\\\/billygoat-outback-rider-4wd-bcr3626bvece\\\/\",\"url\":\"https:\\\/\\\/prochaska.eu\\\/en\\\/produkt\\\/billygoat-outback-rider-4wd-bcr3626bvece\\\/\",\"name\":\"BillyGoat - Outback Rider - 4WD - BCR3628BVECE \\\/ BCR4328BVECE - Prochaska\",\"isPartOf\":{\"@id\":\"https:\\\/\\\/prochaska.eu\\\/en\\\/#website\"},\"primaryImageOfPage\":{\"@id\":\"https:\\\/\\\/prochaska.eu\\\/en\\\/produkt\\\/billygoat-outback-rider-4wd-bcr3626bvece\\\/#primaryimage\"},\"image\":{\"@id\":\"https:\\\/\\\/prochaska.eu\\\/en\\\/produkt\\\/billygoat-outback-rider-4wd-bcr3626bvece\\\/#primaryimage\"},\"thumbnailUrl\":\"https:\\\/\\\/prochaska.eu\\\/wp-content\\\/uploads\\\/2024\\\/06\\\/billygoat-brushcutter-outbackrider-bcr3626.jpg\",\"datePublished\":\"2021-05-14T09:58:26+00:00\",\"dateModified\":\"2025-09-30T10:59:29+00:00\",\"description\":\"Powerful Billy Goat Outback\u00ae 4WD Rider with all-wheel drive, 26 HP Vanguard\u00ae engine and robust construction - ideal for wild growth and off-road terrain.\",\"breadcrumb\":{\"@id\":\"https:\\\/\\\/prochaska.eu\\\/en\\\/produkt\\\/billygoat-outback-rider-4wd-bcr3626bvece\\\/#breadcrumb\"},\"inLanguage\":\"en-US\",\"potentialAction\":[{\"@type\":\"ReadAction\",\"target\":[\"https:\\\/\\\/prochaska.eu\\\/en\\\/produkt\\\/billygoat-outback-rider-4wd-bcr3626bvece\\\/\"]}]},{\"@type\":\"ImageObject\",\"inLanguage\":\"en-US\",\"@id\":\"https:\\\/\\\/prochaska.eu\\\/en\\\/produkt\\\/billygoat-outback-rider-4wd-bcr3626bvece\\\/#primaryimage\",\"url\":\"https:\\\/\\\/prochaska.eu\\\/wp-content\\\/uploads\\\/2024\\\/06\\\/billygoat-brushcutter-outbackrider-bcr3626.jpg\",\"contentUrl\":\"https:\\\/\\\/prochaska.eu\\\/wp-content\\\/uploads\\\/2024\\\/06\\\/billygoat-brushcutter-outbackrider-bcr3626.jpg\",\"width\":1440,\"height\":1440},{\"@type\":\"BreadcrumbList\",\"@id\":\"https:\\\/\\\/prochaska.eu\\\/en\\\/produkt\\\/billygoat-outback-rider-4wd-bcr3626bvece\\\/#breadcrumb\",\"itemListElement\":[{\"@type\":\"ListItem\",\"position\":1,\"name\":\"Home\",\"item\":\"https:\\\/\\\/prochaska.eu\\\/en\\\/\"},{\"@type\":\"ListItem\",\"position\":2,\"name\":\"Shop\",\"item\":\"https:\\\/\\\/prochaska.eu\\\/shop\\\/\"},{\"@type\":\"ListItem\",\"position\":3,\"name\":\"BillyGoat &#8211; Outback Rider &#8211; 4WD &#8211; BCR3628BVECE \\\/ BCR4328BVECE\"}]},{\"@type\":\"WebSite\",\"@id\":\"https:\\\/\\\/prochaska.eu\\\/en\\\/#website\",\"url\":\"https:\\\/\\\/prochaska.eu\\\/en\\\/\",\"name\":\"Prochaska\",\"description\":\"Spezialist f\u00fcr Pflege von Gr\u00fcnfl\u00e4chen\",\"publisher\":{\"@id\":\"https:\\\/\\\/prochaska.eu\\\/en\\\/#organization\"},\"potentialAction\":[{\"@type\":\"SearchAction\",\"target\":{\"@type\":\"EntryPoint\",\"urlTemplate\":\"https:\\\/\\\/prochaska.eu\\\/en\\\/?s={search_term_string}\"},\"query-input\":{\"@type\":\"PropertyValueSpecification\",\"valueRequired\":true,\"valueName\":\"search_term_string\"}}],\"inLanguage\":\"en-US\"},{\"@type\":\"Organization\",\"@id\":\"https:\\\/\\\/prochaska.eu\\\/en\\\/#organization\",\"name\":\"Prochaska\",\"url\":\"https:\\\/\\\/prochaska.eu\\\/en\\\/\",\"logo\":{\"@type\":\"ImageObject\",\"inLanguage\":\"en-US\",\"@id\":\"https:\\\/\\\/prochaska.eu\\\/en\\\/#\\\/schema\\\/logo\\\/image\\\/\",\"url\":\"https:\\\/\\\/prochaska.eu\\\/wp-content\\\/uploads\\\/2024\\\/04\\\/Prochaska_Logo_Black-1.png\",\"contentUrl\":\"https:\\\/\\\/prochaska.eu\\\/wp-content\\\/uploads\\\/2024\\\/04\\\/Prochaska_Logo_Black-1.png\",\"width\":796,\"height\":236,\"caption\":\"Prochaska\"},\"image\":{\"@id\":\"https:\\\/\\\/prochaska.eu\\\/en\\\/#\\\/schema\\\/logo\\\/image\\\/\"},\"sameAs\":[\"https:\\\/\\\/www.facebook.com\\\/prochaska.eu\\\/\",\"https:\\\/\\\/www.instagram.com\\\/prochaska.eu\\\/\",\"https:\\\/\\\/www.linkedin.com\\\/company\\\/prochaska-handels-gmbh\"]}]}<\/script>\n<!-- \/ Yoast SEO plugin. -->","yoast_head_json":{"title":"BillyGoat - Outback Rider - 4WD - BCR3628BVECE \/ BCR4328BVECE - Prochaska","description":"Powerful Billy Goat Outback\u00ae 4WD Rider with all-wheel drive, 26 HP Vanguard\u00ae engine and robust construction - ideal for wild growth and off-road terrain.","robots":{"index":"index","follow":"follow","max-snippet":"max-snippet:-1","max-image-preview":"max-image-preview:large","max-video-preview":"max-video-preview:-1"},"canonical":"https:\/\/prochaska.eu\/en\/produkt\/billygoat-outback-rider-4wd-bcr3626bvece\/","og_locale":"en_US","og_type":"article","og_title":"BillyGoat - Outback Rider - 4WD - BCR3628BVECE \/ BCR4328BVECE - Prochaska","og_description":"Powerful Billy Goat Outback\u00ae 4WD Rider with all-wheel drive, 26 HP Vanguard\u00ae engine and robust construction - ideal for wild growth and off-road terrain.","og_url":"https:\/\/prochaska.eu\/en\/produkt\/billygoat-outback-rider-4wd-bcr3626bvece\/","og_site_name":"Prochaska","article_publisher":"https:\/\/www.facebook.com\/prochaska.eu\/","article_modified_time":"2025-09-30T10:59:29+00:00","og_image":[{"width":1440,"height":1440,"url":"https:\/\/prochaska.eu\/wp-content\/uploads\/2024\/06\/billygoat-brushcutter-outbackrider-bcr3626.jpg","type":"image\/jpeg"}],"twitter_card":"summary_large_image","twitter_misc":{"Est. reading time":"2 minutes"},"schema":{"@context":"https:\/\/schema.org","@graph":[{"@type":"WebPage","@id":"https:\/\/prochaska.eu\/en\/produkt\/billygoat-outback-rider-4wd-bcr3626bvece\/","url":"https:\/\/prochaska.eu\/en\/produkt\/billygoat-outback-rider-4wd-bcr3626bvece\/","name":"BillyGoat - Outback Rider - 4WD - BCR3628BVECE \/ BCR4328BVECE - Prochaska","isPartOf":{"@id":"https:\/\/prochaska.eu\/en\/#website"},"primaryImageOfPage":{"@id":"https:\/\/prochaska.eu\/en\/produkt\/billygoat-outback-rider-4wd-bcr3626bvece\/#primaryimage"},"image":{"@id":"https:\/\/prochaska.eu\/en\/produkt\/billygoat-outback-rider-4wd-bcr3626bvece\/#primaryimage"},"thumbnailUrl":"https:\/\/prochaska.eu\/wp-content\/uploads\/2024\/06\/billygoat-brushcutter-outbackrider-bcr3626.jpg","datePublished":"2021-05-14T09:58:26+00:00","dateModified":"2025-09-30T10:59:29+00:00","description":"Powerful Billy Goat Outback\u00ae 4WD Rider with all-wheel drive, 26 HP Vanguard\u00ae engine and robust construction - ideal for wild growth and off-road terrain.","breadcrumb":{"@id":"https:\/\/prochaska.eu\/en\/produkt\/billygoat-outback-rider-4wd-bcr3626bvece\/#breadcrumb"},"inLanguage":"en-US","potentialAction":[{"@type":"ReadAction","target":["https:\/\/prochaska.eu\/en\/produkt\/billygoat-outback-rider-4wd-bcr3626bvece\/"]}]},{"@type":"ImageObject","inLanguage":"en-US","@id":"https:\/\/prochaska.eu\/en\/produkt\/billygoat-outback-rider-4wd-bcr3626bvece\/#primaryimage","url":"https:\/\/prochaska.eu\/wp-content\/uploads\/2024\/06\/billygoat-brushcutter-outbackrider-bcr3626.jpg","contentUrl":"https:\/\/prochaska.eu\/wp-content\/uploads\/2024\/06\/billygoat-brushcutter-outbackrider-bcr3626.jpg","width":1440,"height":1440},{"@type":"BreadcrumbList","@id":"https:\/\/prochaska.eu\/en\/produkt\/billygoat-outback-rider-4wd-bcr3626bvece\/#breadcrumb","itemListElement":[{"@type":"ListItem","position":1,"name":"Home","item":"https:\/\/prochaska.eu\/en\/"},{"@type":"ListItem","position":2,"name":"Shop","item":"https:\/\/prochaska.eu\/shop\/"},{"@type":"ListItem","position":3,"name":"BillyGoat &#8211; Outback Rider &#8211; 4WD &#8211; BCR3628BVECE \/ BCR4328BVECE"}]},{"@type":"WebSite","@id":"https:\/\/prochaska.eu\/en\/#website","url":"https:\/\/prochaska.eu\/en\/","name":"Prochaska","description":"Spezialist f\u00fcr Pflege von Gr\u00fcnfl\u00e4chen","publisher":{"@id":"https:\/\/prochaska.eu\/en\/#organization"},"potentialAction":[{"@type":"SearchAction","target":{"@type":"EntryPoint","urlTemplate":"https:\/\/prochaska.eu\/en\/?s={search_term_string}"},"query-input":{"@type":"PropertyValueSpecification","valueRequired":true,"valueName":"search_term_string"}}],"inLanguage":"en-US"},{"@type":"Organization","@id":"https:\/\/prochaska.eu\/en\/#organization","name":"Prochaska","url":"https:\/\/prochaska.eu\/en\/","logo":{"@type":"ImageObject","inLanguage":"en-US","@id":"https:\/\/prochaska.eu\/en\/#\/schema\/logo\/image\/","url":"https:\/\/prochaska.eu\/wp-content\/uploads\/2024\/04\/Prochaska_Logo_Black-1.png","contentUrl":"https:\/\/prochaska.eu\/wp-content\/uploads\/2024\/04\/Prochaska_Logo_Black-1.png","width":796,"height":236,"caption":"Prochaska"},"image":{"@id":"https:\/\/prochaska.eu\/en\/#\/schema\/logo\/image\/"},"sameAs":["https:\/\/www.facebook.com\/prochaska.eu\/","https:\/\/www.instagram.com\/prochaska.eu\/","https:\/\/www.linkedin.com\/company\/prochaska-handels-gmbh"]}]}},"brands":[{"id":3085,"name":"Billy Goat","slug":"billy-goat-en"}],"_links":{"self":[{"href":"https:\/\/prochaska.eu\/en\/wp-json\/wp\/v2\/product\/25248","targetHints":{"allow":["GET"]}}],"collection":[{"href":"https:\/\/prochaska.eu\/en\/wp-json\/wp\/v2\/product"}],"about":[{"href":"https:\/\/prochaska.eu\/en\/wp-json\/wp\/v2\/types\/product"}],"version-history":[{"count":2,"href":"https:\/\/prochaska.eu\/en\/wp-json\/wp\/v2\/product\/25248\/revisions"}],"predecessor-version":[{"id":31709,"href":"https:\/\/prochaska.eu\/en\/wp-json\/wp\/v2\/product\/25248\/revisions\/31709"}],"wp:featuredmedia":[{"embeddable":true,"href":"https:\/\/prochaska.eu\/en\/wp-json\/wp\/v2\/media\/22481"}],"wp:attachment":[{"href":"https:\/\/prochaska.eu\/en\/wp-json\/wp\/v2\/media?parent=25248"}],"wp:term":[{"taxonomy":"pwb-brand","embeddable":true,"href":"https:\/\/prochaska.eu\/en\/wp-json\/wp\/v2\/pwb-brand?post=25248"},{"taxonomy":"product_brand","embeddable":true,"href":"https:\/\/prochaska.eu\/en\/wp-json\/wp\/v2\/product_brand?post=25248"},{"taxonomy":"product_cat","embeddable":true,"href":"https:\/\/prochaska.eu\/en\/wp-json\/wp\/v2\/product_cat?post=25248"},{"taxonomy":"product_tag","embeddable":true,"href":"https:\/\/prochaska.eu\/en\/wp-json\/wp\/v2\/product_tag?post=25248"}],"curies":[{"name":"wp","href":"https:\/\/api.w.org\/{rel}","templated":true}]}}