{"id":25277,"date":"2021-02-23T10:02:57","date_gmt":"2021-02-23T10:02:57","guid":{"rendered":"https:\/\/prochaska.eu\/product\/toro-green-mower-greensmaster-e1021\/"},"modified":"2021-02-23T10:02:57","modified_gmt":"2021-02-23T10:02:57","slug":"toro-green-mower-greensmaster-e1021","status":"publish","type":"product","link":"https:\/\/prochaska.eu\/en\/produkt\/toro-green-mower-greensmaster-e1021\/","title":{"rendered":"Toro &#8211; Green mower &#8211; Greensmaster &#8211; e1021"},"content":{"rendered":"<p style=\"text-align: left;\">The Toro Greensmaster\u00ae e1021 Fixed\/Flex\u2122 is very quiet to use, emission-free and efficient. Thanks to the powerful lithium-ion battery technology, the e1021 sets new standards in terms of electrical efficiency and enables the operator to mow up to 35,000 m\u00b2 of lawn on a single charge. In addition, an LCD display shows the current charge status of the battery and useful information such as machine hours. The appliance stands for minimal maintenance and a long, productive service life.<\/p>\n<p style=\"text-align: left;\">There are 2 models to choose from: The Greensmaster eFlex 1021 with patented flex suspension technology or the Greensmaster e1021 with fixed mowing head.<\/p>\n<h2 style=\"text-align: left;\">The product benefits<\/h2>\n<ul>\n<li style=\"text-align: left;\">Patented flex suspension technology: The flex suspension allows the cutting unit to easily follow the contours of the green and delivers excellent cutting quality.<\/li>\n<li>Cutting unit: The cutting units can be changed easily and without tools thanks to the quick-change lever. The cutting units can be replaced in seconds.<\/li>\n<li>Easy-to-reach adjustable throttle: All controls are within easy reach of the operator to perfect the mowing process, improve cutting consistency and increase control &#8211; for normal and tight turning situations.<\/li>\n<li>Handle isolation mounts: Minor fluctuations in the cutting height caused by running steps are cushioned by the insulation. This ensures a uniform cutting height.<\/li>\n<li>Long-life gearbox: Offers a long service life and the best durability of the gearbox. Lubricated for life, no lubrication points.<\/li>\n<li>Hi-Lo Clip Rate control: The clip frequency can be easily changed in the field. The quick-change function can also be locked for additional control.<\/li>\n<li>Proven lithium-ion technology: battery capacity with sufficient power and runtime for mowing up to 3,000 square meters. The balanced battery management and integrated electronics monitor the mower to automatically optimize battery life.<\/li>\n<li>EdgeSeries\u2122 reels: Dual Precision Adjustment (DPA) cutters with Toro&#8217;s EdgeSeries\u2122 reels provide a consistent, high-quality cut and a perfect finish, while reducing maintenance through improved reel edge retention.<\/li>\n<li>Telescopic handle: Designed for operators of different heights, for mowing in a natural, upright position. Leads to less fatigue and a better cut. Adjustable to 5 different grip positions.<\/li>\n<li>Lever for engaging the bobbin: Practical, easy-to-reach position for switching on the drum from the operator position.<\/li>\n<li>Dual-function bar: A single bar combines safety and ease of use. Convenient operation allows the mower to slow down for turning maneuvers or come to a standstill without interrupting traction to line up for the next mowing pass.<\/li>\n<li>Traction release lever: Release the traction with a simple turn of the lever. Working in the workshop has never been so easy!<\/li>\n<\/ul>\n<h2 style=\"text-align: left;\">Technical data<\/h2>\n<ul>\n<li style=\"text-align: left;\">Cutting width: 53 cm<\/li>\n<li style=\"text-align: left;\">Batteries: Lithium-ion batteries 50.4V, 26.7 Ah (42-56V, 1.345 kW)<\/li>\n<li style=\"text-align: left;\">Knives: 11 knives and 14 knife cutting units (8 cutting units for e1021)<\/li>\n<li>Mowing speed: 3.2 to 5.6 km\/h<\/li>\n<li>Cutting height: 1.5 mm to 6 mm for green areas and 3 mm to 9 mm for tees<\/li>\n<li>Drive System: Two-stage pull drum with positions for contour following or forward weight pre-tensioning at higher cutting heights.<\/li>\n<li>Weight: e1021 &#8211; 109 kg<\/li>\n<\/ul>\n","protected":false},"excerpt":{"rendered":"<p>The Toro Greensmaster\u00ae e1021 is very quiet to use, emission-free and efficient. Thanks to the powerful lithium-ion battery technology, the e1021 sets new standards in terms of electrical efficiency and enables the operator to mow up to 35,000 m\u00b2 of lawn on a single charge.<\/p>\n","protected":false},"featured_media":22442,"template":"","meta":[],"pwb-brand":[3072],"product_brand":[],"product_cat":[1360,1212,1181,1508],"product_tag":[],"class_list":{"0":"post-25277","1":"product","2":"type-product","3":"status-publish","4":"has-post-thumbnail","6":"pwb-brand-toro-en","7":"product_cat-golf-machines-en","8":"product_cat-hand-lawn-mower","9":"product_cat-lawn-mower","10":"product_cat-mowers-en","12":"first","13":"instock","14":"taxable","15":"shipping-taxable","16":"product-type-simple"},"yoast_head":"<!-- This site is optimized with the Yoast SEO plugin v27.4 - https:\/\/yoast.com\/product\/yoast-seo-wordpress\/ -->\n<title>Toro - Green mower - Greensmaster - e1021 - Prochaska<\/title>\n<meta name=\"robots\" content=\"index, follow, max-snippet:-1, max-image-preview:large, max-video-preview:-1\" \/>\n<link rel=\"canonical\" href=\"https:\/\/prochaska.eu\/en\/produkt\/toro-green-mower-greensmaster-e1021\/\" \/>\n<meta property=\"og:locale\" content=\"en_US\" \/>\n<meta property=\"og:type\" content=\"article\" \/>\n<meta property=\"og:title\" content=\"Toro - Green mower - Greensmaster - e1021 - Prochaska\" \/>\n<meta property=\"og:description\" content=\"The Toro Greensmaster\u00ae e1021 is very quiet to use, emission-free and efficient. Thanks to the powerful lithium-ion battery technology, the e1021 sets new standards in terms of electrical efficiency and enables the operator to mow up to 35,000 m\u00b2 of lawn on a single charge.\" \/>\n<meta property=\"og:url\" content=\"https:\/\/prochaska.eu\/en\/produkt\/toro-green-mower-greensmaster-e1021\/\" \/>\n<meta property=\"og:site_name\" content=\"Prochaska\" \/>\n<meta property=\"article:publisher\" content=\"https:\/\/www.facebook.com\/prochaska.eu\/\" \/>\n<meta property=\"og:image\" content=\"https:\/\/prochaska.eu\/wp-content\/uploads\/2024\/06\/toro-e1021-greensmower-gruensmaeher-prochaska.jpg\" \/>\n\t<meta property=\"og:image:width\" content=\"1440\" \/>\n\t<meta property=\"og:image:height\" content=\"1440\" \/>\n\t<meta property=\"og:image:type\" content=\"image\/jpeg\" \/>\n<meta name=\"twitter:card\" content=\"summary_large_image\" \/>\n<meta name=\"twitter:label1\" content=\"Est. reading time\" \/>\n\t<meta name=\"twitter:data1\" content=\"2 minutes\" \/>\n<script type=\"application\/ld+json\" class=\"yoast-schema-graph\">{\"@context\":\"https:\\\/\\\/schema.org\",\"@graph\":[{\"@type\":\"WebPage\",\"@id\":\"https:\\\/\\\/prochaska.eu\\\/en\\\/produkt\\\/toro-green-mower-greensmaster-e1021\\\/\",\"url\":\"https:\\\/\\\/prochaska.eu\\\/en\\\/produkt\\\/toro-green-mower-greensmaster-e1021\\\/\",\"name\":\"Toro - Green mower - Greensmaster - e1021 - Prochaska\",\"isPartOf\":{\"@id\":\"https:\\\/\\\/prochaska.eu\\\/en\\\/#website\"},\"primaryImageOfPage\":{\"@id\":\"https:\\\/\\\/prochaska.eu\\\/en\\\/produkt\\\/toro-green-mower-greensmaster-e1021\\\/#primaryimage\"},\"image\":{\"@id\":\"https:\\\/\\\/prochaska.eu\\\/en\\\/produkt\\\/toro-green-mower-greensmaster-e1021\\\/#primaryimage\"},\"thumbnailUrl\":\"https:\\\/\\\/prochaska.eu\\\/wp-content\\\/uploads\\\/2024\\\/06\\\/toro-e1021-greensmower-gruensmaeher-prochaska.jpg\",\"datePublished\":\"2021-02-23T10:02:57+00:00\",\"breadcrumb\":{\"@id\":\"https:\\\/\\\/prochaska.eu\\\/en\\\/produkt\\\/toro-green-mower-greensmaster-e1021\\\/#breadcrumb\"},\"inLanguage\":\"en-US\",\"potentialAction\":[{\"@type\":\"ReadAction\",\"target\":[\"https:\\\/\\\/prochaska.eu\\\/en\\\/produkt\\\/toro-green-mower-greensmaster-e1021\\\/\"]}]},{\"@type\":\"ImageObject\",\"inLanguage\":\"en-US\",\"@id\":\"https:\\\/\\\/prochaska.eu\\\/en\\\/produkt\\\/toro-green-mower-greensmaster-e1021\\\/#primaryimage\",\"url\":\"https:\\\/\\\/prochaska.eu\\\/wp-content\\\/uploads\\\/2024\\\/06\\\/toro-e1021-greensmower-gruensmaeher-prochaska.jpg\",\"contentUrl\":\"https:\\\/\\\/prochaska.eu\\\/wp-content\\\/uploads\\\/2024\\\/06\\\/toro-e1021-greensmower-gruensmaeher-prochaska.jpg\",\"width\":1440,\"height\":1440},{\"@type\":\"BreadcrumbList\",\"@id\":\"https:\\\/\\\/prochaska.eu\\\/en\\\/produkt\\\/toro-green-mower-greensmaster-e1021\\\/#breadcrumb\",\"itemListElement\":[{\"@type\":\"ListItem\",\"position\":1,\"name\":\"Home\",\"item\":\"https:\\\/\\\/prochaska.eu\\\/en\\\/\"},{\"@type\":\"ListItem\",\"position\":2,\"name\":\"Shop\",\"item\":\"https:\\\/\\\/prochaska.eu\\\/shop\\\/\"},{\"@type\":\"ListItem\",\"position\":3,\"name\":\"Toro &#8211; Green mower &#8211; Greensmaster &#8211; e1021\"}]},{\"@type\":\"WebSite\",\"@id\":\"https:\\\/\\\/prochaska.eu\\\/en\\\/#website\",\"url\":\"https:\\\/\\\/prochaska.eu\\\/en\\\/\",\"name\":\"Prochaska\",\"description\":\"Spezialist f\u00fcr Pflege von Gr\u00fcnfl\u00e4chen\",\"publisher\":{\"@id\":\"https:\\\/\\\/prochaska.eu\\\/en\\\/#organization\"},\"potentialAction\":[{\"@type\":\"SearchAction\",\"target\":{\"@type\":\"EntryPoint\",\"urlTemplate\":\"https:\\\/\\\/prochaska.eu\\\/en\\\/?s={search_term_string}\"},\"query-input\":{\"@type\":\"PropertyValueSpecification\",\"valueRequired\":true,\"valueName\":\"search_term_string\"}}],\"inLanguage\":\"en-US\"},{\"@type\":\"Organization\",\"@id\":\"https:\\\/\\\/prochaska.eu\\\/en\\\/#organization\",\"name\":\"Prochaska\",\"url\":\"https:\\\/\\\/prochaska.eu\\\/en\\\/\",\"logo\":{\"@type\":\"ImageObject\",\"inLanguage\":\"en-US\",\"@id\":\"https:\\\/\\\/prochaska.eu\\\/en\\\/#\\\/schema\\\/logo\\\/image\\\/\",\"url\":\"https:\\\/\\\/prochaska.eu\\\/wp-content\\\/uploads\\\/2024\\\/04\\\/Prochaska_Logo_Black-1.png\",\"contentUrl\":\"https:\\\/\\\/prochaska.eu\\\/wp-content\\\/uploads\\\/2024\\\/04\\\/Prochaska_Logo_Black-1.png\",\"width\":796,\"height\":236,\"caption\":\"Prochaska\"},\"image\":{\"@id\":\"https:\\\/\\\/prochaska.eu\\\/en\\\/#\\\/schema\\\/logo\\\/image\\\/\"},\"sameAs\":[\"https:\\\/\\\/www.facebook.com\\\/prochaska.eu\\\/\",\"https:\\\/\\\/www.instagram.com\\\/prochaska.eu\\\/\",\"https:\\\/\\\/www.linkedin.com\\\/company\\\/prochaska-handels-gmbh\"]}]}<\/script>\n<!-- \/ Yoast SEO plugin. -->","yoast_head_json":{"title":"Toro - Green mower - Greensmaster - e1021 - Prochaska","robots":{"index":"index","follow":"follow","max-snippet":"max-snippet:-1","max-image-preview":"max-image-preview:large","max-video-preview":"max-video-preview:-1"},"canonical":"https:\/\/prochaska.eu\/en\/produkt\/toro-green-mower-greensmaster-e1021\/","og_locale":"en_US","og_type":"article","og_title":"Toro - Green mower - Greensmaster - e1021 - Prochaska","og_description":"The Toro Greensmaster\u00ae e1021 is very quiet to use, emission-free and efficient. Thanks to the powerful lithium-ion battery technology, the e1021 sets new standards in terms of electrical efficiency and enables the operator to mow up to 35,000 m\u00b2 of lawn on a single charge.","og_url":"https:\/\/prochaska.eu\/en\/produkt\/toro-green-mower-greensmaster-e1021\/","og_site_name":"Prochaska","article_publisher":"https:\/\/www.facebook.com\/prochaska.eu\/","og_image":[{"width":1440,"height":1440,"url":"https:\/\/prochaska.eu\/wp-content\/uploads\/2024\/06\/toro-e1021-greensmower-gruensmaeher-prochaska.jpg","type":"image\/jpeg"}],"twitter_card":"summary_large_image","twitter_misc":{"Est. reading time":"2 minutes"},"schema":{"@context":"https:\/\/schema.org","@graph":[{"@type":"WebPage","@id":"https:\/\/prochaska.eu\/en\/produkt\/toro-green-mower-greensmaster-e1021\/","url":"https:\/\/prochaska.eu\/en\/produkt\/toro-green-mower-greensmaster-e1021\/","name":"Toro - Green mower - Greensmaster - e1021 - Prochaska","isPartOf":{"@id":"https:\/\/prochaska.eu\/en\/#website"},"primaryImageOfPage":{"@id":"https:\/\/prochaska.eu\/en\/produkt\/toro-green-mower-greensmaster-e1021\/#primaryimage"},"image":{"@id":"https:\/\/prochaska.eu\/en\/produkt\/toro-green-mower-greensmaster-e1021\/#primaryimage"},"thumbnailUrl":"https:\/\/prochaska.eu\/wp-content\/uploads\/2024\/06\/toro-e1021-greensmower-gruensmaeher-prochaska.jpg","datePublished":"2021-02-23T10:02:57+00:00","breadcrumb":{"@id":"https:\/\/prochaska.eu\/en\/produkt\/toro-green-mower-greensmaster-e1021\/#breadcrumb"},"inLanguage":"en-US","potentialAction":[{"@type":"ReadAction","target":["https:\/\/prochaska.eu\/en\/produkt\/toro-green-mower-greensmaster-e1021\/"]}]},{"@type":"ImageObject","inLanguage":"en-US","@id":"https:\/\/prochaska.eu\/en\/produkt\/toro-green-mower-greensmaster-e1021\/#primaryimage","url":"https:\/\/prochaska.eu\/wp-content\/uploads\/2024\/06\/toro-e1021-greensmower-gruensmaeher-prochaska.jpg","contentUrl":"https:\/\/prochaska.eu\/wp-content\/uploads\/2024\/06\/toro-e1021-greensmower-gruensmaeher-prochaska.jpg","width":1440,"height":1440},{"@type":"BreadcrumbList","@id":"https:\/\/prochaska.eu\/en\/produkt\/toro-green-mower-greensmaster-e1021\/#breadcrumb","itemListElement":[{"@type":"ListItem","position":1,"name":"Home","item":"https:\/\/prochaska.eu\/en\/"},{"@type":"ListItem","position":2,"name":"Shop","item":"https:\/\/prochaska.eu\/shop\/"},{"@type":"ListItem","position":3,"name":"Toro &#8211; Green mower &#8211; Greensmaster &#8211; e1021"}]},{"@type":"WebSite","@id":"https:\/\/prochaska.eu\/en\/#website","url":"https:\/\/prochaska.eu\/en\/","name":"Prochaska","description":"Spezialist f\u00fcr Pflege von Gr\u00fcnfl\u00e4chen","publisher":{"@id":"https:\/\/prochaska.eu\/en\/#organization"},"potentialAction":[{"@type":"SearchAction","target":{"@type":"EntryPoint","urlTemplate":"https:\/\/prochaska.eu\/en\/?s={search_term_string}"},"query-input":{"@type":"PropertyValueSpecification","valueRequired":true,"valueName":"search_term_string"}}],"inLanguage":"en-US"},{"@type":"Organization","@id":"https:\/\/prochaska.eu\/en\/#organization","name":"Prochaska","url":"https:\/\/prochaska.eu\/en\/","logo":{"@type":"ImageObject","inLanguage":"en-US","@id":"https:\/\/prochaska.eu\/en\/#\/schema\/logo\/image\/","url":"https:\/\/prochaska.eu\/wp-content\/uploads\/2024\/04\/Prochaska_Logo_Black-1.png","contentUrl":"https:\/\/prochaska.eu\/wp-content\/uploads\/2024\/04\/Prochaska_Logo_Black-1.png","width":796,"height":236,"caption":"Prochaska"},"image":{"@id":"https:\/\/prochaska.eu\/en\/#\/schema\/logo\/image\/"},"sameAs":["https:\/\/www.facebook.com\/prochaska.eu\/","https:\/\/www.instagram.com\/prochaska.eu\/","https:\/\/www.linkedin.com\/company\/prochaska-handels-gmbh"]}]}},"brands":[{"id":3072,"name":"Toro","slug":"toro-en"}],"_links":{"self":[{"href":"https:\/\/prochaska.eu\/en\/wp-json\/wp\/v2\/product\/25277","targetHints":{"allow":["GET"]}}],"collection":[{"href":"https:\/\/prochaska.eu\/en\/wp-json\/wp\/v2\/product"}],"about":[{"href":"https:\/\/prochaska.eu\/en\/wp-json\/wp\/v2\/types\/product"}],"version-history":[{"count":0,"href":"https:\/\/prochaska.eu\/en\/wp-json\/wp\/v2\/product\/25277\/revisions"}],"wp:featuredmedia":[{"embeddable":true,"href":"https:\/\/prochaska.eu\/en\/wp-json\/wp\/v2\/media\/22442"}],"wp:attachment":[{"href":"https:\/\/prochaska.eu\/en\/wp-json\/wp\/v2\/media?parent=25277"}],"wp:term":[{"taxonomy":"pwb-brand","embeddable":true,"href":"https:\/\/prochaska.eu\/en\/wp-json\/wp\/v2\/pwb-brand?post=25277"},{"taxonomy":"product_brand","embeddable":true,"href":"https:\/\/prochaska.eu\/en\/wp-json\/wp\/v2\/product_brand?post=25277"},{"taxonomy":"product_cat","embeddable":true,"href":"https:\/\/prochaska.eu\/en\/wp-json\/wp\/v2\/product_cat?post=25277"},{"taxonomy":"product_tag","embeddable":true,"href":"https:\/\/prochaska.eu\/en\/wp-json\/wp\/v2\/product_tag?post=25277"}],"curies":[{"name":"wp","href":"https:\/\/api.w.org\/{rel}","templated":true}]}}