{"id":25284,"date":"2020-11-04T15:47:11","date_gmt":"2020-11-04T15:47:11","guid":{"rendered":"https:\/\/prochaska.eu\/product\/icocar-ranger-cargo-3-0\/"},"modified":"2020-11-04T15:47:11","modified_gmt":"2020-11-04T15:47:11","slug":"icocar-ranger-cargo-3-0","status":"publish","type":"product","link":"https:\/\/prochaska.eu\/en\/produkt\/icocar-ranger-cargo-3-0\/","title":{"rendered":"IcoCar Ranger Cargo 3.0"},"content":{"rendered":"<p style=\"text-align: left;\">2-seater electric transport trolley with raised chassis, large all-terrain tires, 110 x 60 cm loading area with a load capacity of 70 kg, 48 volt electric motor and a range of up to 60 kilometers at a maximum speed of max. 25 km\/h. High-quality workmanship, premium equipment and a modern and innovative design make this model a practical vehicle even on unpaved roads.<\/p>\n<h2 style=\"text-align: left;\">Electric: max. 25 km\/h<\/h2>\n<p style=\"text-align: left;\">Motor: 48V, alternating current, 5.0 kW (6.8 hp)<\/p>\n<p style=\"text-align: left;\">Battery: 6x8V maintenance-free AGM batteries 180Ah<\/p>\n<p style=\"text-align: left;\">Range: approx. 60 kilometers<\/p>\n<p style=\"text-align: left;\">Charging time: approx. 8 hours<\/p>\n<h2 style=\"text-align: left;\">Equipment<\/h2>\n<ul>\n<li style=\"text-align: left;\">Built-in, automatic charger<\/li>\n<li style=\"text-align: left;\">LED lighting system with daytime running lights, low beam, high beam, dynamic indicators, brake light<\/li>\n<li style=\"text-align: left;\">Horn<\/li>\n<li style=\"text-align: left;\">Rear wheel drum brakes \/ foot-operated parking brake<\/li>\n<li style=\"text-align: left;\">Premium seats with decorative stitching<\/li>\n<li style=\"text-align: left;\">Sun\/rain canopy over both rows of seats<\/li>\n<li style=\"text-align: left;\">Safety glass windshield with windshield wiper<\/li>\n<li style=\"text-align: left;\">Loading area 110 x 60 cm<\/li>\n<li style=\"text-align: left;\">Sports steering wheel carbon design<\/li>\n<li style=\"text-align: left;\">2 lockable glove compartments<\/li>\n<li style=\"text-align: left;\">Double USB port<\/li>\n<li style=\"text-align: left;\">4 cup holders<\/li>\n<li style=\"text-align: left;\">7&#8243; LCD Color Display<\/li>\n<li style=\"text-align: left;\">12&#8243; alloy wheels with All Terrain tires 22&#215;11.00-12 4PR<\/li>\n<li style=\"text-align: left;\">Corrosion-free aluminum frame<\/li>\n<li style=\"text-align: left;\">Side mirror left\/right<\/li>\n<li style=\"text-align: left;\">Safety belts<\/li>\n<li style=\"text-align: left;\">Trailer coupling<\/li>\n<li style=\"text-align: left;\">Rain cover 3-sided<\/li>\n<\/ul>\n<h2 style=\"text-align: left;\">Optional accessories<\/h2>\n<ul>\n<li>10 km\/h road typing or 25 km\/h license plate typing<\/li>\n<li>Ashtray<\/li>\n<\/ul>\n","protected":false},"excerpt":{"rendered":"<p>The practical electric transport car in premium equipment with 2 seats, raised chassis, loading area and lots of fun.<\/p>\n","protected":false},"featured_media":27074,"template":"","meta":[],"pwb-brand":[22],"product_brand":[],"product_cat":[1332,1361],"product_tag":[],"class_list":{"0":"post-25284","1":"product","2":"type-product","3":"status-publish","4":"has-post-thumbnail","6":"pwb-brand-icocar","7":"product_cat-e-cars-en","8":"product_cat-golf-cars-new-en","10":"first","11":"instock","12":"taxable","13":"shipping-taxable","14":"purchasable","15":"product-type-simple"},"yoast_head":"<!-- This site is optimized with the Yoast SEO plugin v27.4 - https:\/\/yoast.com\/product\/yoast-seo-wordpress\/ -->\n<title>IcoCar Ranger Cargo 3.0 - Prochaska<\/title>\n<meta name=\"robots\" content=\"index, follow, max-snippet:-1, max-image-preview:large, max-video-preview:-1\" \/>\n<link rel=\"canonical\" href=\"https:\/\/prochaska.eu\/en\/produkt\/icocar-ranger-cargo-3-0\/\" \/>\n<meta property=\"og:locale\" content=\"en_US\" \/>\n<meta property=\"og:type\" content=\"article\" \/>\n<meta property=\"og:title\" content=\"IcoCar Ranger Cargo 3.0 - Prochaska\" \/>\n<meta property=\"og:description\" content=\"The practical electric transport car in premium equipment with 2 seats, raised chassis, loading area and lots of fun.\" \/>\n<meta property=\"og:url\" content=\"https:\/\/prochaska.eu\/en\/produkt\/icocar-ranger-cargo-3-0\/\" \/>\n<meta property=\"og:site_name\" content=\"Prochaska\" \/>\n<meta property=\"article:publisher\" content=\"https:\/\/www.facebook.com\/prochaska.eu\/\" \/>\n<meta property=\"og:image\" content=\"https:\/\/prochaska.eu\/wp-content\/uploads\/2020\/11\/IcoCar-Ranger-Cargo-3.0_front.png\" \/>\n\t<meta property=\"og:image:width\" content=\"1000\" \/>\n\t<meta property=\"og:image:height\" content=\"1000\" \/>\n\t<meta property=\"og:image:type\" content=\"image\/png\" \/>\n<meta name=\"twitter:card\" content=\"summary_large_image\" \/>\n<meta name=\"twitter:label1\" content=\"Est. reading time\" \/>\n\t<meta name=\"twitter:data1\" content=\"1 minute\" \/>\n<script type=\"application\/ld+json\" class=\"yoast-schema-graph\">{\"@context\":\"https:\\\/\\\/schema.org\",\"@graph\":[{\"@type\":\"WebPage\",\"@id\":\"https:\\\/\\\/prochaska.eu\\\/en\\\/produkt\\\/icocar-ranger-cargo-3-0\\\/\",\"url\":\"https:\\\/\\\/prochaska.eu\\\/en\\\/produkt\\\/icocar-ranger-cargo-3-0\\\/\",\"name\":\"IcoCar Ranger Cargo 3.0 - Prochaska\",\"isPartOf\":{\"@id\":\"https:\\\/\\\/prochaska.eu\\\/en\\\/#website\"},\"primaryImageOfPage\":{\"@id\":\"https:\\\/\\\/prochaska.eu\\\/en\\\/produkt\\\/icocar-ranger-cargo-3-0\\\/#primaryimage\"},\"image\":{\"@id\":\"https:\\\/\\\/prochaska.eu\\\/en\\\/produkt\\\/icocar-ranger-cargo-3-0\\\/#primaryimage\"},\"thumbnailUrl\":\"https:\\\/\\\/prochaska.eu\\\/wp-content\\\/uploads\\\/2020\\\/11\\\/IcoCar-Ranger-Cargo-3.0_front.png\",\"datePublished\":\"2020-11-04T15:47:11+00:00\",\"breadcrumb\":{\"@id\":\"https:\\\/\\\/prochaska.eu\\\/en\\\/produkt\\\/icocar-ranger-cargo-3-0\\\/#breadcrumb\"},\"inLanguage\":\"en-US\",\"potentialAction\":[{\"@type\":\"ReadAction\",\"target\":[\"https:\\\/\\\/prochaska.eu\\\/en\\\/produkt\\\/icocar-ranger-cargo-3-0\\\/\"]}]},{\"@type\":\"ImageObject\",\"inLanguage\":\"en-US\",\"@id\":\"https:\\\/\\\/prochaska.eu\\\/en\\\/produkt\\\/icocar-ranger-cargo-3-0\\\/#primaryimage\",\"url\":\"https:\\\/\\\/prochaska.eu\\\/wp-content\\\/uploads\\\/2020\\\/11\\\/IcoCar-Ranger-Cargo-3.0_front.png\",\"contentUrl\":\"https:\\\/\\\/prochaska.eu\\\/wp-content\\\/uploads\\\/2020\\\/11\\\/IcoCar-Ranger-Cargo-3.0_front.png\",\"width\":1000,\"height\":1000},{\"@type\":\"BreadcrumbList\",\"@id\":\"https:\\\/\\\/prochaska.eu\\\/en\\\/produkt\\\/icocar-ranger-cargo-3-0\\\/#breadcrumb\",\"itemListElement\":[{\"@type\":\"ListItem\",\"position\":1,\"name\":\"Home\",\"item\":\"https:\\\/\\\/prochaska.eu\\\/en\\\/\"},{\"@type\":\"ListItem\",\"position\":2,\"name\":\"Shop\",\"item\":\"https:\\\/\\\/prochaska.eu\\\/shop\\\/\"},{\"@type\":\"ListItem\",\"position\":3,\"name\":\"IcoCar Ranger Cargo 3.0\"}]},{\"@type\":\"WebSite\",\"@id\":\"https:\\\/\\\/prochaska.eu\\\/en\\\/#website\",\"url\":\"https:\\\/\\\/prochaska.eu\\\/en\\\/\",\"name\":\"Prochaska\",\"description\":\"Spezialist f\u00fcr Pflege von Gr\u00fcnfl\u00e4chen\",\"publisher\":{\"@id\":\"https:\\\/\\\/prochaska.eu\\\/en\\\/#organization\"},\"potentialAction\":[{\"@type\":\"SearchAction\",\"target\":{\"@type\":\"EntryPoint\",\"urlTemplate\":\"https:\\\/\\\/prochaska.eu\\\/en\\\/?s={search_term_string}\"},\"query-input\":{\"@type\":\"PropertyValueSpecification\",\"valueRequired\":true,\"valueName\":\"search_term_string\"}}],\"inLanguage\":\"en-US\"},{\"@type\":\"Organization\",\"@id\":\"https:\\\/\\\/prochaska.eu\\\/en\\\/#organization\",\"name\":\"Prochaska\",\"url\":\"https:\\\/\\\/prochaska.eu\\\/en\\\/\",\"logo\":{\"@type\":\"ImageObject\",\"inLanguage\":\"en-US\",\"@id\":\"https:\\\/\\\/prochaska.eu\\\/en\\\/#\\\/schema\\\/logo\\\/image\\\/\",\"url\":\"https:\\\/\\\/prochaska.eu\\\/wp-content\\\/uploads\\\/2024\\\/04\\\/Prochaska_Logo_Black-1.png\",\"contentUrl\":\"https:\\\/\\\/prochaska.eu\\\/wp-content\\\/uploads\\\/2024\\\/04\\\/Prochaska_Logo_Black-1.png\",\"width\":796,\"height\":236,\"caption\":\"Prochaska\"},\"image\":{\"@id\":\"https:\\\/\\\/prochaska.eu\\\/en\\\/#\\\/schema\\\/logo\\\/image\\\/\"},\"sameAs\":[\"https:\\\/\\\/www.facebook.com\\\/prochaska.eu\\\/\",\"https:\\\/\\\/www.instagram.com\\\/prochaska.eu\\\/\",\"https:\\\/\\\/www.linkedin.com\\\/company\\\/prochaska-handels-gmbh\"]}]}<\/script>\n<!-- \/ Yoast SEO plugin. -->","yoast_head_json":{"title":"IcoCar Ranger Cargo 3.0 - Prochaska","robots":{"index":"index","follow":"follow","max-snippet":"max-snippet:-1","max-image-preview":"max-image-preview:large","max-video-preview":"max-video-preview:-1"},"canonical":"https:\/\/prochaska.eu\/en\/produkt\/icocar-ranger-cargo-3-0\/","og_locale":"en_US","og_type":"article","og_title":"IcoCar Ranger Cargo 3.0 - Prochaska","og_description":"The practical electric transport car in premium equipment with 2 seats, raised chassis, loading area and lots of fun.","og_url":"https:\/\/prochaska.eu\/en\/produkt\/icocar-ranger-cargo-3-0\/","og_site_name":"Prochaska","article_publisher":"https:\/\/www.facebook.com\/prochaska.eu\/","og_image":[{"width":1000,"height":1000,"url":"https:\/\/prochaska.eu\/wp-content\/uploads\/2020\/11\/IcoCar-Ranger-Cargo-3.0_front.png","type":"image\/png"}],"twitter_card":"summary_large_image","twitter_misc":{"Est. reading time":"1 minute"},"schema":{"@context":"https:\/\/schema.org","@graph":[{"@type":"WebPage","@id":"https:\/\/prochaska.eu\/en\/produkt\/icocar-ranger-cargo-3-0\/","url":"https:\/\/prochaska.eu\/en\/produkt\/icocar-ranger-cargo-3-0\/","name":"IcoCar Ranger Cargo 3.0 - Prochaska","isPartOf":{"@id":"https:\/\/prochaska.eu\/en\/#website"},"primaryImageOfPage":{"@id":"https:\/\/prochaska.eu\/en\/produkt\/icocar-ranger-cargo-3-0\/#primaryimage"},"image":{"@id":"https:\/\/prochaska.eu\/en\/produkt\/icocar-ranger-cargo-3-0\/#primaryimage"},"thumbnailUrl":"https:\/\/prochaska.eu\/wp-content\/uploads\/2020\/11\/IcoCar-Ranger-Cargo-3.0_front.png","datePublished":"2020-11-04T15:47:11+00:00","breadcrumb":{"@id":"https:\/\/prochaska.eu\/en\/produkt\/icocar-ranger-cargo-3-0\/#breadcrumb"},"inLanguage":"en-US","potentialAction":[{"@type":"ReadAction","target":["https:\/\/prochaska.eu\/en\/produkt\/icocar-ranger-cargo-3-0\/"]}]},{"@type":"ImageObject","inLanguage":"en-US","@id":"https:\/\/prochaska.eu\/en\/produkt\/icocar-ranger-cargo-3-0\/#primaryimage","url":"https:\/\/prochaska.eu\/wp-content\/uploads\/2020\/11\/IcoCar-Ranger-Cargo-3.0_front.png","contentUrl":"https:\/\/prochaska.eu\/wp-content\/uploads\/2020\/11\/IcoCar-Ranger-Cargo-3.0_front.png","width":1000,"height":1000},{"@type":"BreadcrumbList","@id":"https:\/\/prochaska.eu\/en\/produkt\/icocar-ranger-cargo-3-0\/#breadcrumb","itemListElement":[{"@type":"ListItem","position":1,"name":"Home","item":"https:\/\/prochaska.eu\/en\/"},{"@type":"ListItem","position":2,"name":"Shop","item":"https:\/\/prochaska.eu\/shop\/"},{"@type":"ListItem","position":3,"name":"IcoCar Ranger Cargo 3.0"}]},{"@type":"WebSite","@id":"https:\/\/prochaska.eu\/en\/#website","url":"https:\/\/prochaska.eu\/en\/","name":"Prochaska","description":"Spezialist f\u00fcr Pflege von Gr\u00fcnfl\u00e4chen","publisher":{"@id":"https:\/\/prochaska.eu\/en\/#organization"},"potentialAction":[{"@type":"SearchAction","target":{"@type":"EntryPoint","urlTemplate":"https:\/\/prochaska.eu\/en\/?s={search_term_string}"},"query-input":{"@type":"PropertyValueSpecification","valueRequired":true,"valueName":"search_term_string"}}],"inLanguage":"en-US"},{"@type":"Organization","@id":"https:\/\/prochaska.eu\/en\/#organization","name":"Prochaska","url":"https:\/\/prochaska.eu\/en\/","logo":{"@type":"ImageObject","inLanguage":"en-US","@id":"https:\/\/prochaska.eu\/en\/#\/schema\/logo\/image\/","url":"https:\/\/prochaska.eu\/wp-content\/uploads\/2024\/04\/Prochaska_Logo_Black-1.png","contentUrl":"https:\/\/prochaska.eu\/wp-content\/uploads\/2024\/04\/Prochaska_Logo_Black-1.png","width":796,"height":236,"caption":"Prochaska"},"image":{"@id":"https:\/\/prochaska.eu\/en\/#\/schema\/logo\/image\/"},"sameAs":["https:\/\/www.facebook.com\/prochaska.eu\/","https:\/\/www.instagram.com\/prochaska.eu\/","https:\/\/www.linkedin.com\/company\/prochaska-handels-gmbh"]}]}},"brands":[{"id":22,"name":"IcoCar","slug":"icocar"}],"_links":{"self":[{"href":"https:\/\/prochaska.eu\/en\/wp-json\/wp\/v2\/product\/25284","targetHints":{"allow":["GET"]}}],"collection":[{"href":"https:\/\/prochaska.eu\/en\/wp-json\/wp\/v2\/product"}],"about":[{"href":"https:\/\/prochaska.eu\/en\/wp-json\/wp\/v2\/types\/product"}],"version-history":[{"count":0,"href":"https:\/\/prochaska.eu\/en\/wp-json\/wp\/v2\/product\/25284\/revisions"}],"wp:featuredmedia":[{"embeddable":true,"href":"https:\/\/prochaska.eu\/en\/wp-json\/wp\/v2\/media\/27074"}],"wp:attachment":[{"href":"https:\/\/prochaska.eu\/en\/wp-json\/wp\/v2\/media?parent=25284"}],"wp:term":[{"taxonomy":"pwb-brand","embeddable":true,"href":"https:\/\/prochaska.eu\/en\/wp-json\/wp\/v2\/pwb-brand?post=25284"},{"taxonomy":"product_brand","embeddable":true,"href":"https:\/\/prochaska.eu\/en\/wp-json\/wp\/v2\/product_brand?post=25284"},{"taxonomy":"product_cat","embeddable":true,"href":"https:\/\/prochaska.eu\/en\/wp-json\/wp\/v2\/product_cat?post=25284"},{"taxonomy":"product_tag","embeddable":true,"href":"https:\/\/prochaska.eu\/en\/wp-json\/wp\/v2\/product_tag?post=25284"}],"curies":[{"name":"wp","href":"https:\/\/api.w.org\/{rel}","templated":true}]}}