{"id":25310,"date":"2020-09-07T11:11:20","date_gmt":"2020-09-07T11:11:20","guid":{"rendered":"https:\/\/prochaska.eu\/product\/toro-sickle-mower-groundsmaster-4100-and-4110\/"},"modified":"2020-09-07T11:11:20","modified_gmt":"2020-09-07T11:11:20","slug":"toro-sickle-mower-groundsmaster-4100-and-4110","status":"publish","type":"product","link":"https:\/\/prochaska.eu\/en\/produkt\/toro-sickle-mower-groundsmaster-4100-and-4110\/","title":{"rendered":"Toro &#8211; Sickle mower &#8211; Groundsmaster 4100 and 4110"},"content":{"rendered":"<p style=\"text-align: left;\">This innovative large area rotary mower Groundsmaster 4100 and 4110 from <a href=\"https:\/\/www.prochaska.eu\/toro\/\">Toro<\/a> has the mowing decks moved all the way forward to provide good operator visibility and excellent productivity. The Groundsmaster 4100-D\/4110-D is equipped with a powerful Yanmar diesel engine, SmartPower incl. cruise control and SmartCool and offers a cutting width of 315 cm. The permanent bidirectional all-wheel drive makes mowing on slopes or in slippery conditions easier. The Groundsmaster 4110-D large-area rotary mower has all the features of the 4100-D including an air-conditioned all-weather cab made of rubber blocks for even greater driving comfort.<\/p>\n<h2>PRODUCT ADVANTAGES<\/h2>\n<ul>\n<li>Cutting width 315 cm<\/li>\n<li>Hydraulic all-wheel drive<\/li>\n<li>Air-sprung Grammer seat and power steering<\/li>\n<li>Three-part front mower<\/li>\n<li>Rear ejection<\/li>\n<li>Model 2) with all-glass cabin with heating, air conditioning<\/li>\n<\/ul>\n<h2>OPTIONAL ACCESSORIES 4100 &amp; 4110<\/h2>\n<ul>\n<li>Hydraulic lock (31526)<\/li>\n<li>Road light kit [contains: Front headlights, rear lights, brackets for headlights, turn signal system, turn signal switch and horn] (31543)<\/li>\n<li>GM 4100 rotating beacon (without cabin) (30661)<\/li>\n<li>GM 4110 rotating beacon (with TORO cab) (31509)<\/li>\n<li>Mower deck cover (02984)<\/li>\n<li>Horn (31511)<\/li>\n<li>Reversing alarm (31512)<\/li>\n<li>Leaf mulching insert (30419)<\/li>\n<li>Sun canopy (30671)<\/li>\n<\/ul>\n","protected":false},"excerpt":{"rendered":"<p>This innovative large area rotary mower Groundsmaster 4100 and 4110 from <a href=\"https:\/\/www.prochaska.eu\/toro\/\">Toro<\/a> has the mowing decks moved all the way forward to provide good operator visibility and excellent productivity. The Groundsmaster 4110-D large-area rotary mower has all the features of the 4100-D including an air-conditioned all-weather cab made of rubber blocks for even greater driving comfort.<\/p>\n","protected":false},"featured_media":22367,"template":"","meta":[],"pwb-brand":[3072],"product_brand":[],"product_cat":[1360,1508,1506],"product_tag":[],"class_list":{"0":"post-25310","1":"product","2":"type-product","3":"status-publish","4":"has-post-thumbnail","6":"pwb-brand-toro-en","7":"product_cat-golf-machines-en","8":"product_cat-mowers-en","9":"product_cat-municipal-sports-fields-agriculture","11":"first","12":"instock","13":"taxable","14":"shipping-taxable","15":"product-type-simple"},"yoast_head":"<!-- This site is optimized with the Yoast SEO plugin v27.4 - https:\/\/yoast.com\/product\/yoast-seo-wordpress\/ -->\n<title>Toro - Sickle mower - Groundsmaster 4100 and 4110 - Prochaska<\/title>\n<meta name=\"robots\" content=\"index, follow, max-snippet:-1, max-image-preview:large, max-video-preview:-1\" \/>\n<link rel=\"canonical\" href=\"https:\/\/prochaska.eu\/en\/produkt\/toro-sickle-mower-groundsmaster-4100-and-4110\/\" \/>\n<meta property=\"og:locale\" content=\"en_US\" \/>\n<meta property=\"og:type\" content=\"article\" \/>\n<meta property=\"og:title\" content=\"Toro - Sickle mower - Groundsmaster 4100 and 4110 - Prochaska\" \/>\n<meta property=\"og:description\" content=\"This innovative large area rotary mower Groundsmaster 4100 and 4110 from Toro has the mowing decks moved all the way forward to provide good operator visibility and excellent productivity. The Groundsmaster 4110-D large-area rotary mower has all the features of the 4100-D including an air-conditioned all-weather cab made of rubber blocks for even greater driving comfort.\" \/>\n<meta property=\"og:url\" content=\"https:\/\/prochaska.eu\/en\/produkt\/toro-sickle-mower-groundsmaster-4100-and-4110\/\" \/>\n<meta property=\"og:site_name\" content=\"Prochaska\" \/>\n<meta property=\"article:publisher\" content=\"https:\/\/www.facebook.com\/prochaska.eu\/\" \/>\n<meta property=\"og:image\" content=\"https:\/\/prochaska.eu\/wp-content\/uploads\/2024\/06\/sichelmaeher-groundsmaster-4100-4110-prochaska-b3.jpg\" \/>\n\t<meta property=\"og:image:width\" content=\"1440\" \/>\n\t<meta property=\"og:image:height\" content=\"1440\" \/>\n\t<meta property=\"og:image:type\" content=\"image\/jpeg\" \/>\n<meta name=\"twitter:card\" content=\"summary_large_image\" \/>\n<meta name=\"twitter:label1\" content=\"Est. reading time\" \/>\n\t<meta name=\"twitter:data1\" content=\"1 minute\" \/>\n<script type=\"application\/ld+json\" class=\"yoast-schema-graph\">{\"@context\":\"https:\\\/\\\/schema.org\",\"@graph\":[{\"@type\":\"WebPage\",\"@id\":\"https:\\\/\\\/prochaska.eu\\\/en\\\/produkt\\\/toro-sickle-mower-groundsmaster-4100-and-4110\\\/\",\"url\":\"https:\\\/\\\/prochaska.eu\\\/en\\\/produkt\\\/toro-sickle-mower-groundsmaster-4100-and-4110\\\/\",\"name\":\"Toro - Sickle mower - Groundsmaster 4100 and 4110 - Prochaska\",\"isPartOf\":{\"@id\":\"https:\\\/\\\/prochaska.eu\\\/en\\\/#website\"},\"primaryImageOfPage\":{\"@id\":\"https:\\\/\\\/prochaska.eu\\\/en\\\/produkt\\\/toro-sickle-mower-groundsmaster-4100-and-4110\\\/#primaryimage\"},\"image\":{\"@id\":\"https:\\\/\\\/prochaska.eu\\\/en\\\/produkt\\\/toro-sickle-mower-groundsmaster-4100-and-4110\\\/#primaryimage\"},\"thumbnailUrl\":\"https:\\\/\\\/prochaska.eu\\\/wp-content\\\/uploads\\\/2024\\\/06\\\/sichelmaeher-groundsmaster-4100-4110-prochaska-b3.jpg\",\"datePublished\":\"2020-09-07T11:11:20+00:00\",\"breadcrumb\":{\"@id\":\"https:\\\/\\\/prochaska.eu\\\/en\\\/produkt\\\/toro-sickle-mower-groundsmaster-4100-and-4110\\\/#breadcrumb\"},\"inLanguage\":\"en-US\",\"potentialAction\":[{\"@type\":\"ReadAction\",\"target\":[\"https:\\\/\\\/prochaska.eu\\\/en\\\/produkt\\\/toro-sickle-mower-groundsmaster-4100-and-4110\\\/\"]}]},{\"@type\":\"ImageObject\",\"inLanguage\":\"en-US\",\"@id\":\"https:\\\/\\\/prochaska.eu\\\/en\\\/produkt\\\/toro-sickle-mower-groundsmaster-4100-and-4110\\\/#primaryimage\",\"url\":\"https:\\\/\\\/prochaska.eu\\\/wp-content\\\/uploads\\\/2024\\\/06\\\/sichelmaeher-groundsmaster-4100-4110-prochaska-b3.jpg\",\"contentUrl\":\"https:\\\/\\\/prochaska.eu\\\/wp-content\\\/uploads\\\/2024\\\/06\\\/sichelmaeher-groundsmaster-4100-4110-prochaska-b3.jpg\",\"width\":1440,\"height\":1440},{\"@type\":\"BreadcrumbList\",\"@id\":\"https:\\\/\\\/prochaska.eu\\\/en\\\/produkt\\\/toro-sickle-mower-groundsmaster-4100-and-4110\\\/#breadcrumb\",\"itemListElement\":[{\"@type\":\"ListItem\",\"position\":1,\"name\":\"Home\",\"item\":\"https:\\\/\\\/prochaska.eu\\\/en\\\/\"},{\"@type\":\"ListItem\",\"position\":2,\"name\":\"Shop\",\"item\":\"https:\\\/\\\/prochaska.eu\\\/shop\\\/\"},{\"@type\":\"ListItem\",\"position\":3,\"name\":\"Toro &#8211; Sickle mower &#8211; Groundsmaster 4100 and 4110\"}]},{\"@type\":\"WebSite\",\"@id\":\"https:\\\/\\\/prochaska.eu\\\/en\\\/#website\",\"url\":\"https:\\\/\\\/prochaska.eu\\\/en\\\/\",\"name\":\"Prochaska\",\"description\":\"Spezialist f\u00fcr Pflege von Gr\u00fcnfl\u00e4chen\",\"publisher\":{\"@id\":\"https:\\\/\\\/prochaska.eu\\\/en\\\/#organization\"},\"potentialAction\":[{\"@type\":\"SearchAction\",\"target\":{\"@type\":\"EntryPoint\",\"urlTemplate\":\"https:\\\/\\\/prochaska.eu\\\/en\\\/?s={search_term_string}\"},\"query-input\":{\"@type\":\"PropertyValueSpecification\",\"valueRequired\":true,\"valueName\":\"search_term_string\"}}],\"inLanguage\":\"en-US\"},{\"@type\":\"Organization\",\"@id\":\"https:\\\/\\\/prochaska.eu\\\/en\\\/#organization\",\"name\":\"Prochaska\",\"url\":\"https:\\\/\\\/prochaska.eu\\\/en\\\/\",\"logo\":{\"@type\":\"ImageObject\",\"inLanguage\":\"en-US\",\"@id\":\"https:\\\/\\\/prochaska.eu\\\/en\\\/#\\\/schema\\\/logo\\\/image\\\/\",\"url\":\"https:\\\/\\\/prochaska.eu\\\/wp-content\\\/uploads\\\/2024\\\/04\\\/Prochaska_Logo_Black-1.png\",\"contentUrl\":\"https:\\\/\\\/prochaska.eu\\\/wp-content\\\/uploads\\\/2024\\\/04\\\/Prochaska_Logo_Black-1.png\",\"width\":796,\"height\":236,\"caption\":\"Prochaska\"},\"image\":{\"@id\":\"https:\\\/\\\/prochaska.eu\\\/en\\\/#\\\/schema\\\/logo\\\/image\\\/\"},\"sameAs\":[\"https:\\\/\\\/www.facebook.com\\\/prochaska.eu\\\/\",\"https:\\\/\\\/www.instagram.com\\\/prochaska.eu\\\/\",\"https:\\\/\\\/www.linkedin.com\\\/company\\\/prochaska-handels-gmbh\"]}]}<\/script>\n<!-- \/ Yoast SEO plugin. -->","yoast_head_json":{"title":"Toro - Sickle mower - Groundsmaster 4100 and 4110 - Prochaska","robots":{"index":"index","follow":"follow","max-snippet":"max-snippet:-1","max-image-preview":"max-image-preview:large","max-video-preview":"max-video-preview:-1"},"canonical":"https:\/\/prochaska.eu\/en\/produkt\/toro-sickle-mower-groundsmaster-4100-and-4110\/","og_locale":"en_US","og_type":"article","og_title":"Toro - Sickle mower - Groundsmaster 4100 and 4110 - Prochaska","og_description":"This innovative large area rotary mower Groundsmaster 4100 and 4110 from Toro has the mowing decks moved all the way forward to provide good operator visibility and excellent productivity. The Groundsmaster 4110-D large-area rotary mower has all the features of the 4100-D including an air-conditioned all-weather cab made of rubber blocks for even greater driving comfort.","og_url":"https:\/\/prochaska.eu\/en\/produkt\/toro-sickle-mower-groundsmaster-4100-and-4110\/","og_site_name":"Prochaska","article_publisher":"https:\/\/www.facebook.com\/prochaska.eu\/","og_image":[{"width":1440,"height":1440,"url":"https:\/\/prochaska.eu\/wp-content\/uploads\/2024\/06\/sichelmaeher-groundsmaster-4100-4110-prochaska-b3.jpg","type":"image\/jpeg"}],"twitter_card":"summary_large_image","twitter_misc":{"Est. reading time":"1 minute"},"schema":{"@context":"https:\/\/schema.org","@graph":[{"@type":"WebPage","@id":"https:\/\/prochaska.eu\/en\/produkt\/toro-sickle-mower-groundsmaster-4100-and-4110\/","url":"https:\/\/prochaska.eu\/en\/produkt\/toro-sickle-mower-groundsmaster-4100-and-4110\/","name":"Toro - Sickle mower - Groundsmaster 4100 and 4110 - Prochaska","isPartOf":{"@id":"https:\/\/prochaska.eu\/en\/#website"},"primaryImageOfPage":{"@id":"https:\/\/prochaska.eu\/en\/produkt\/toro-sickle-mower-groundsmaster-4100-and-4110\/#primaryimage"},"image":{"@id":"https:\/\/prochaska.eu\/en\/produkt\/toro-sickle-mower-groundsmaster-4100-and-4110\/#primaryimage"},"thumbnailUrl":"https:\/\/prochaska.eu\/wp-content\/uploads\/2024\/06\/sichelmaeher-groundsmaster-4100-4110-prochaska-b3.jpg","datePublished":"2020-09-07T11:11:20+00:00","breadcrumb":{"@id":"https:\/\/prochaska.eu\/en\/produkt\/toro-sickle-mower-groundsmaster-4100-and-4110\/#breadcrumb"},"inLanguage":"en-US","potentialAction":[{"@type":"ReadAction","target":["https:\/\/prochaska.eu\/en\/produkt\/toro-sickle-mower-groundsmaster-4100-and-4110\/"]}]},{"@type":"ImageObject","inLanguage":"en-US","@id":"https:\/\/prochaska.eu\/en\/produkt\/toro-sickle-mower-groundsmaster-4100-and-4110\/#primaryimage","url":"https:\/\/prochaska.eu\/wp-content\/uploads\/2024\/06\/sichelmaeher-groundsmaster-4100-4110-prochaska-b3.jpg","contentUrl":"https:\/\/prochaska.eu\/wp-content\/uploads\/2024\/06\/sichelmaeher-groundsmaster-4100-4110-prochaska-b3.jpg","width":1440,"height":1440},{"@type":"BreadcrumbList","@id":"https:\/\/prochaska.eu\/en\/produkt\/toro-sickle-mower-groundsmaster-4100-and-4110\/#breadcrumb","itemListElement":[{"@type":"ListItem","position":1,"name":"Home","item":"https:\/\/prochaska.eu\/en\/"},{"@type":"ListItem","position":2,"name":"Shop","item":"https:\/\/prochaska.eu\/shop\/"},{"@type":"ListItem","position":3,"name":"Toro &#8211; Sickle mower &#8211; Groundsmaster 4100 and 4110"}]},{"@type":"WebSite","@id":"https:\/\/prochaska.eu\/en\/#website","url":"https:\/\/prochaska.eu\/en\/","name":"Prochaska","description":"Spezialist f\u00fcr Pflege von Gr\u00fcnfl\u00e4chen","publisher":{"@id":"https:\/\/prochaska.eu\/en\/#organization"},"potentialAction":[{"@type":"SearchAction","target":{"@type":"EntryPoint","urlTemplate":"https:\/\/prochaska.eu\/en\/?s={search_term_string}"},"query-input":{"@type":"PropertyValueSpecification","valueRequired":true,"valueName":"search_term_string"}}],"inLanguage":"en-US"},{"@type":"Organization","@id":"https:\/\/prochaska.eu\/en\/#organization","name":"Prochaska","url":"https:\/\/prochaska.eu\/en\/","logo":{"@type":"ImageObject","inLanguage":"en-US","@id":"https:\/\/prochaska.eu\/en\/#\/schema\/logo\/image\/","url":"https:\/\/prochaska.eu\/wp-content\/uploads\/2024\/04\/Prochaska_Logo_Black-1.png","contentUrl":"https:\/\/prochaska.eu\/wp-content\/uploads\/2024\/04\/Prochaska_Logo_Black-1.png","width":796,"height":236,"caption":"Prochaska"},"image":{"@id":"https:\/\/prochaska.eu\/en\/#\/schema\/logo\/image\/"},"sameAs":["https:\/\/www.facebook.com\/prochaska.eu\/","https:\/\/www.instagram.com\/prochaska.eu\/","https:\/\/www.linkedin.com\/company\/prochaska-handels-gmbh"]}]}},"brands":[{"id":3072,"name":"Toro","slug":"toro-en"}],"_links":{"self":[{"href":"https:\/\/prochaska.eu\/en\/wp-json\/wp\/v2\/product\/25310","targetHints":{"allow":["GET"]}}],"collection":[{"href":"https:\/\/prochaska.eu\/en\/wp-json\/wp\/v2\/product"}],"about":[{"href":"https:\/\/prochaska.eu\/en\/wp-json\/wp\/v2\/types\/product"}],"version-history":[{"count":0,"href":"https:\/\/prochaska.eu\/en\/wp-json\/wp\/v2\/product\/25310\/revisions"}],"wp:featuredmedia":[{"embeddable":true,"href":"https:\/\/prochaska.eu\/en\/wp-json\/wp\/v2\/media\/22367"}],"wp:attachment":[{"href":"https:\/\/prochaska.eu\/en\/wp-json\/wp\/v2\/media?parent=25310"}],"wp:term":[{"taxonomy":"pwb-brand","embeddable":true,"href":"https:\/\/prochaska.eu\/en\/wp-json\/wp\/v2\/pwb-brand?post=25310"},{"taxonomy":"product_brand","embeddable":true,"href":"https:\/\/prochaska.eu\/en\/wp-json\/wp\/v2\/product_brand?post=25310"},{"taxonomy":"product_cat","embeddable":true,"href":"https:\/\/prochaska.eu\/en\/wp-json\/wp\/v2\/product_cat?post=25310"},{"taxonomy":"product_tag","embeddable":true,"href":"https:\/\/prochaska.eu\/en\/wp-json\/wp\/v2\/product_tag?post=25310"}],"curies":[{"name":"wp","href":"https:\/\/api.w.org\/{rel}","templated":true}]}}