{"id":25313,"date":"2020-09-02T08:54:37","date_gmt":"2020-09-02T08:54:37","guid":{"rendered":"https:\/\/prochaska.eu\/product\/toro-sickle-mower-titan-hd-1500-myride\/"},"modified":"2020-09-02T08:54:37","modified_gmt":"2020-09-02T08:54:37","slug":"toro-sickle-mower-titan-hd-1500-myride","status":"publish","type":"product","link":"https:\/\/prochaska.eu\/en\/produkt\/toro-sickle-mower-titan-hd-1500-myride\/","title":{"rendered":"Toro &#8211; Sickle mower &#8211; Titan HD 1500 myRide"},"content":{"rendered":"<p><a href=\"https:\/\/www.prochaska.eu\/toro\/\">Toro<\/a> &#8216;s TITAN HD 1500 myRide series zero turn rotary mowers offer durability, professional results and performance at an outstanding value. A distinction is made between two models: One is the Titan HD 1500 myRide 122 cm cutting width and the other is the Titan HD 1500 myRide 132 cm cutting width.<\/p>\n<p>The devices provide improved comfort thanks to the MyRide operator platform. This ensures that shocks and vibrations are kept away from the operator. Comfort is improved by the standard seat, the insulated base plate or the easy access from the front or side of the machine. The user can adjust the ride settings for the rear shock absorbers quickly and easily without tools. The Titan HD 1500 myRide models feature Toro&#8217;s Turbo Force mowers for cutting quality and durability. The TITAN HD 1500 mowers are equipped with a 7\/10 steel mower deck, a robust tubular frame (7.6 cm x 5.1 cm) and professional hydraulics.<\/p>\n<h2>PRODUCT ADVANTAGES<\/h2>\n<ul>\n<li>Improved comfort<\/li>\n<li>Innovative tool carrier<\/li>\n<li>Commercial durability<\/li>\n<li>Turbo-Force mowers<\/li>\n<li>Professional engines from Toro<\/li>\n<li>Hydraulics for commercial use<\/li>\n<li>Easy maintenance<\/li>\n<li>Cutting height adjustment<\/li>\n<\/ul>\n<h2>OPTIONAL ACCESSORIES<\/h2>\n<ul>\n<li>HD-Vac excavator grass catcher (78431)<\/li>\n<li>Blower for HD-Vac excavator MyRide 122 cm (78433)<\/li>\n<li>CE kit for HD-Vac excavator MyRide 122 cm (126-9360)<\/li>\n<li>Blower for HD-Vac excavator MyRide 132 cm (78434)<\/li>\n<li>CE kit for HD-Vac excavator MyRide 132 cm (126-9361)<\/li>\n<li>LED light kit (126-5382)<\/li>\n<li>Strip kit (126-7882)<\/li>\n<li>Recycler kit for MyRide 122 (126-8701)<\/li>\n<li>Recycler kit for MyRide 132 (126-8702)<\/li>\n<li>Lifting device (127-6666)<\/li>\n<li>Assembly set for lifting device (127-6665)<\/li>\n<\/ul>\n","protected":false},"excerpt":{"rendered":"<p>The TITAN HD 1500 myRide series of zero turn rotary mowers from <a href=\"https:\/\/www.prochaska.eu\/toro\/\">Toro<\/a> offer durability, professional results and performance at an outstanding value. A distinction is made between two models: One is the Titan HD 1500 myRide 122 cm cutting width and the other is the Titan HD 1500 myRide 132 cm cutting width.<\/p>\n","protected":false},"featured_media":22319,"template":"","meta":[],"pwb-brand":[3072],"product_brand":[],"product_cat":[1360,1508,1506],"product_tag":[],"class_list":{"0":"post-25313","1":"product","2":"type-product","3":"status-publish","4":"has-post-thumbnail","6":"pwb-brand-toro-en","7":"product_cat-golf-machines-en","8":"product_cat-mowers-en","9":"product_cat-municipal-sports-fields-agriculture","11":"first","12":"instock","13":"taxable","14":"shipping-taxable","15":"product-type-simple"},"yoast_head":"<!-- This site is optimized with the Yoast SEO plugin v27.4 - https:\/\/yoast.com\/product\/yoast-seo-wordpress\/ -->\n<title>Toro - Sickle mower - Titan HD 1500 myRide - Prochaska<\/title>\n<meta name=\"robots\" content=\"index, follow, max-snippet:-1, max-image-preview:large, max-video-preview:-1\" \/>\n<link rel=\"canonical\" href=\"https:\/\/prochaska.eu\/en\/produkt\/toro-sickle-mower-titan-hd-1500-myride\/\" \/>\n<meta property=\"og:locale\" content=\"en_US\" \/>\n<meta property=\"og:type\" content=\"article\" \/>\n<meta property=\"og:title\" content=\"Toro - Sickle mower - Titan HD 1500 myRide - Prochaska\" \/>\n<meta property=\"og:description\" content=\"The TITAN HD 1500 myRide series of zero turn rotary mowers from Toro offer durability, professional results and performance at an outstanding value. A distinction is made between two models: One is the Titan HD 1500 myRide 122 cm cutting width and the other is the Titan HD 1500 myRide 132 cm cutting width.\" \/>\n<meta property=\"og:url\" content=\"https:\/\/prochaska.eu\/en\/produkt\/toro-sickle-mower-titan-hd-1500-myride\/\" \/>\n<meta property=\"og:site_name\" content=\"Prochaska\" \/>\n<meta property=\"article:publisher\" content=\"https:\/\/www.facebook.com\/prochaska.eu\/\" \/>\n<meta property=\"og:image\" content=\"https:\/\/prochaska.eu\/wp-content\/uploads\/2024\/06\/null-wendekreis-sichelmaeher-toro-titan-hd-1500-myride-prochaska.jpg\" \/>\n\t<meta property=\"og:image:width\" content=\"1440\" \/>\n\t<meta property=\"og:image:height\" content=\"1440\" \/>\n\t<meta property=\"og:image:type\" content=\"image\/jpeg\" \/>\n<meta name=\"twitter:card\" content=\"summary_large_image\" \/>\n<meta name=\"twitter:label1\" content=\"Est. reading time\" \/>\n\t<meta name=\"twitter:data1\" content=\"1 minute\" \/>\n<script type=\"application\/ld+json\" class=\"yoast-schema-graph\">{\"@context\":\"https:\\\/\\\/schema.org\",\"@graph\":[{\"@type\":\"WebPage\",\"@id\":\"https:\\\/\\\/prochaska.eu\\\/en\\\/produkt\\\/toro-sickle-mower-titan-hd-1500-myride\\\/\",\"url\":\"https:\\\/\\\/prochaska.eu\\\/en\\\/produkt\\\/toro-sickle-mower-titan-hd-1500-myride\\\/\",\"name\":\"Toro - Sickle mower - Titan HD 1500 myRide - Prochaska\",\"isPartOf\":{\"@id\":\"https:\\\/\\\/prochaska.eu\\\/en\\\/#website\"},\"primaryImageOfPage\":{\"@id\":\"https:\\\/\\\/prochaska.eu\\\/en\\\/produkt\\\/toro-sickle-mower-titan-hd-1500-myride\\\/#primaryimage\"},\"image\":{\"@id\":\"https:\\\/\\\/prochaska.eu\\\/en\\\/produkt\\\/toro-sickle-mower-titan-hd-1500-myride\\\/#primaryimage\"},\"thumbnailUrl\":\"https:\\\/\\\/prochaska.eu\\\/wp-content\\\/uploads\\\/2024\\\/06\\\/null-wendekreis-sichelmaeher-toro-titan-hd-1500-myride-prochaska.jpg\",\"datePublished\":\"2020-09-02T08:54:37+00:00\",\"breadcrumb\":{\"@id\":\"https:\\\/\\\/prochaska.eu\\\/en\\\/produkt\\\/toro-sickle-mower-titan-hd-1500-myride\\\/#breadcrumb\"},\"inLanguage\":\"en-US\",\"potentialAction\":[{\"@type\":\"ReadAction\",\"target\":[\"https:\\\/\\\/prochaska.eu\\\/en\\\/produkt\\\/toro-sickle-mower-titan-hd-1500-myride\\\/\"]}]},{\"@type\":\"ImageObject\",\"inLanguage\":\"en-US\",\"@id\":\"https:\\\/\\\/prochaska.eu\\\/en\\\/produkt\\\/toro-sickle-mower-titan-hd-1500-myride\\\/#primaryimage\",\"url\":\"https:\\\/\\\/prochaska.eu\\\/wp-content\\\/uploads\\\/2024\\\/06\\\/null-wendekreis-sichelmaeher-toro-titan-hd-1500-myride-prochaska.jpg\",\"contentUrl\":\"https:\\\/\\\/prochaska.eu\\\/wp-content\\\/uploads\\\/2024\\\/06\\\/null-wendekreis-sichelmaeher-toro-titan-hd-1500-myride-prochaska.jpg\",\"width\":1440,\"height\":1440},{\"@type\":\"BreadcrumbList\",\"@id\":\"https:\\\/\\\/prochaska.eu\\\/en\\\/produkt\\\/toro-sickle-mower-titan-hd-1500-myride\\\/#breadcrumb\",\"itemListElement\":[{\"@type\":\"ListItem\",\"position\":1,\"name\":\"Home\",\"item\":\"https:\\\/\\\/prochaska.eu\\\/en\\\/\"},{\"@type\":\"ListItem\",\"position\":2,\"name\":\"Shop\",\"item\":\"https:\\\/\\\/prochaska.eu\\\/shop\\\/\"},{\"@type\":\"ListItem\",\"position\":3,\"name\":\"Toro &#8211; Sickle mower &#8211; Titan HD 1500 myRide\"}]},{\"@type\":\"WebSite\",\"@id\":\"https:\\\/\\\/prochaska.eu\\\/en\\\/#website\",\"url\":\"https:\\\/\\\/prochaska.eu\\\/en\\\/\",\"name\":\"Prochaska\",\"description\":\"Spezialist f\u00fcr Pflege von Gr\u00fcnfl\u00e4chen\",\"publisher\":{\"@id\":\"https:\\\/\\\/prochaska.eu\\\/en\\\/#organization\"},\"potentialAction\":[{\"@type\":\"SearchAction\",\"target\":{\"@type\":\"EntryPoint\",\"urlTemplate\":\"https:\\\/\\\/prochaska.eu\\\/en\\\/?s={search_term_string}\"},\"query-input\":{\"@type\":\"PropertyValueSpecification\",\"valueRequired\":true,\"valueName\":\"search_term_string\"}}],\"inLanguage\":\"en-US\"},{\"@type\":\"Organization\",\"@id\":\"https:\\\/\\\/prochaska.eu\\\/en\\\/#organization\",\"name\":\"Prochaska\",\"url\":\"https:\\\/\\\/prochaska.eu\\\/en\\\/\",\"logo\":{\"@type\":\"ImageObject\",\"inLanguage\":\"en-US\",\"@id\":\"https:\\\/\\\/prochaska.eu\\\/en\\\/#\\\/schema\\\/logo\\\/image\\\/\",\"url\":\"https:\\\/\\\/prochaska.eu\\\/wp-content\\\/uploads\\\/2024\\\/04\\\/Prochaska_Logo_Black-1.png\",\"contentUrl\":\"https:\\\/\\\/prochaska.eu\\\/wp-content\\\/uploads\\\/2024\\\/04\\\/Prochaska_Logo_Black-1.png\",\"width\":796,\"height\":236,\"caption\":\"Prochaska\"},\"image\":{\"@id\":\"https:\\\/\\\/prochaska.eu\\\/en\\\/#\\\/schema\\\/logo\\\/image\\\/\"},\"sameAs\":[\"https:\\\/\\\/www.facebook.com\\\/prochaska.eu\\\/\",\"https:\\\/\\\/www.instagram.com\\\/prochaska.eu\\\/\",\"https:\\\/\\\/www.linkedin.com\\\/company\\\/prochaska-handels-gmbh\"]}]}<\/script>\n<!-- \/ Yoast SEO plugin. -->","yoast_head_json":{"title":"Toro - Sickle mower - Titan HD 1500 myRide - Prochaska","robots":{"index":"index","follow":"follow","max-snippet":"max-snippet:-1","max-image-preview":"max-image-preview:large","max-video-preview":"max-video-preview:-1"},"canonical":"https:\/\/prochaska.eu\/en\/produkt\/toro-sickle-mower-titan-hd-1500-myride\/","og_locale":"en_US","og_type":"article","og_title":"Toro - Sickle mower - Titan HD 1500 myRide - Prochaska","og_description":"The TITAN HD 1500 myRide series of zero turn rotary mowers from Toro offer durability, professional results and performance at an outstanding value. A distinction is made between two models: One is the Titan HD 1500 myRide 122 cm cutting width and the other is the Titan HD 1500 myRide 132 cm cutting width.","og_url":"https:\/\/prochaska.eu\/en\/produkt\/toro-sickle-mower-titan-hd-1500-myride\/","og_site_name":"Prochaska","article_publisher":"https:\/\/www.facebook.com\/prochaska.eu\/","og_image":[{"width":1440,"height":1440,"url":"https:\/\/prochaska.eu\/wp-content\/uploads\/2024\/06\/null-wendekreis-sichelmaeher-toro-titan-hd-1500-myride-prochaska.jpg","type":"image\/jpeg"}],"twitter_card":"summary_large_image","twitter_misc":{"Est. reading time":"1 minute"},"schema":{"@context":"https:\/\/schema.org","@graph":[{"@type":"WebPage","@id":"https:\/\/prochaska.eu\/en\/produkt\/toro-sickle-mower-titan-hd-1500-myride\/","url":"https:\/\/prochaska.eu\/en\/produkt\/toro-sickle-mower-titan-hd-1500-myride\/","name":"Toro - Sickle mower - Titan HD 1500 myRide - Prochaska","isPartOf":{"@id":"https:\/\/prochaska.eu\/en\/#website"},"primaryImageOfPage":{"@id":"https:\/\/prochaska.eu\/en\/produkt\/toro-sickle-mower-titan-hd-1500-myride\/#primaryimage"},"image":{"@id":"https:\/\/prochaska.eu\/en\/produkt\/toro-sickle-mower-titan-hd-1500-myride\/#primaryimage"},"thumbnailUrl":"https:\/\/prochaska.eu\/wp-content\/uploads\/2024\/06\/null-wendekreis-sichelmaeher-toro-titan-hd-1500-myride-prochaska.jpg","datePublished":"2020-09-02T08:54:37+00:00","breadcrumb":{"@id":"https:\/\/prochaska.eu\/en\/produkt\/toro-sickle-mower-titan-hd-1500-myride\/#breadcrumb"},"inLanguage":"en-US","potentialAction":[{"@type":"ReadAction","target":["https:\/\/prochaska.eu\/en\/produkt\/toro-sickle-mower-titan-hd-1500-myride\/"]}]},{"@type":"ImageObject","inLanguage":"en-US","@id":"https:\/\/prochaska.eu\/en\/produkt\/toro-sickle-mower-titan-hd-1500-myride\/#primaryimage","url":"https:\/\/prochaska.eu\/wp-content\/uploads\/2024\/06\/null-wendekreis-sichelmaeher-toro-titan-hd-1500-myride-prochaska.jpg","contentUrl":"https:\/\/prochaska.eu\/wp-content\/uploads\/2024\/06\/null-wendekreis-sichelmaeher-toro-titan-hd-1500-myride-prochaska.jpg","width":1440,"height":1440},{"@type":"BreadcrumbList","@id":"https:\/\/prochaska.eu\/en\/produkt\/toro-sickle-mower-titan-hd-1500-myride\/#breadcrumb","itemListElement":[{"@type":"ListItem","position":1,"name":"Home","item":"https:\/\/prochaska.eu\/en\/"},{"@type":"ListItem","position":2,"name":"Shop","item":"https:\/\/prochaska.eu\/shop\/"},{"@type":"ListItem","position":3,"name":"Toro &#8211; Sickle mower &#8211; Titan HD 1500 myRide"}]},{"@type":"WebSite","@id":"https:\/\/prochaska.eu\/en\/#website","url":"https:\/\/prochaska.eu\/en\/","name":"Prochaska","description":"Spezialist f\u00fcr Pflege von Gr\u00fcnfl\u00e4chen","publisher":{"@id":"https:\/\/prochaska.eu\/en\/#organization"},"potentialAction":[{"@type":"SearchAction","target":{"@type":"EntryPoint","urlTemplate":"https:\/\/prochaska.eu\/en\/?s={search_term_string}"},"query-input":{"@type":"PropertyValueSpecification","valueRequired":true,"valueName":"search_term_string"}}],"inLanguage":"en-US"},{"@type":"Organization","@id":"https:\/\/prochaska.eu\/en\/#organization","name":"Prochaska","url":"https:\/\/prochaska.eu\/en\/","logo":{"@type":"ImageObject","inLanguage":"en-US","@id":"https:\/\/prochaska.eu\/en\/#\/schema\/logo\/image\/","url":"https:\/\/prochaska.eu\/wp-content\/uploads\/2024\/04\/Prochaska_Logo_Black-1.png","contentUrl":"https:\/\/prochaska.eu\/wp-content\/uploads\/2024\/04\/Prochaska_Logo_Black-1.png","width":796,"height":236,"caption":"Prochaska"},"image":{"@id":"https:\/\/prochaska.eu\/en\/#\/schema\/logo\/image\/"},"sameAs":["https:\/\/www.facebook.com\/prochaska.eu\/","https:\/\/www.instagram.com\/prochaska.eu\/","https:\/\/www.linkedin.com\/company\/prochaska-handels-gmbh"]}]}},"brands":[{"id":3072,"name":"Toro","slug":"toro-en"}],"_links":{"self":[{"href":"https:\/\/prochaska.eu\/en\/wp-json\/wp\/v2\/product\/25313","targetHints":{"allow":["GET"]}}],"collection":[{"href":"https:\/\/prochaska.eu\/en\/wp-json\/wp\/v2\/product"}],"about":[{"href":"https:\/\/prochaska.eu\/en\/wp-json\/wp\/v2\/types\/product"}],"version-history":[{"count":0,"href":"https:\/\/prochaska.eu\/en\/wp-json\/wp\/v2\/product\/25313\/revisions"}],"wp:featuredmedia":[{"embeddable":true,"href":"https:\/\/prochaska.eu\/en\/wp-json\/wp\/v2\/media\/22319"}],"wp:attachment":[{"href":"https:\/\/prochaska.eu\/en\/wp-json\/wp\/v2\/media?parent=25313"}],"wp:term":[{"taxonomy":"pwb-brand","embeddable":true,"href":"https:\/\/prochaska.eu\/en\/wp-json\/wp\/v2\/pwb-brand?post=25313"},{"taxonomy":"product_brand","embeddable":true,"href":"https:\/\/prochaska.eu\/en\/wp-json\/wp\/v2\/product_brand?post=25313"},{"taxonomy":"product_cat","embeddable":true,"href":"https:\/\/prochaska.eu\/en\/wp-json\/wp\/v2\/product_cat?post=25313"},{"taxonomy":"product_tag","embeddable":true,"href":"https:\/\/prochaska.eu\/en\/wp-json\/wp\/v2\/product_tag?post=25313"}],"curies":[{"name":"wp","href":"https:\/\/api.w.org\/{rel}","templated":true}]}}