{"id":25410,"date":"2020-08-27T08:14:51","date_gmt":"2020-08-27T08:14:51","guid":{"rendered":"https:\/\/prochaska.eu\/product\/billy-goat-aerator-ae401h\/"},"modified":"2020-08-27T08:14:51","modified_gmt":"2020-08-27T08:14:51","slug":"billy-goat-aerator-ae401h","status":"publish","type":"product","link":"https:\/\/prochaska.eu\/en\/produkt\/billy-goat-aerator-ae401h\/","title":{"rendered":"Billy Goat &#8211; Aerator &#8211; AE401H"},"content":{"rendered":"<p>This mechanical 19 inch\/48 cm wide AE401H aerator from <a href=\"https:\/\/www.prochaska.eu\/billygoat\/\">Billy Goat<\/a> replaces the tedious filling of the traditional center drum common to other aerators on the market, which are prone to wear, vibration and other damage. The externally mounted drive wheels prevent minute wheel slip and an incorrect tendency load with engaged tines. A water tank sits directly above the tines, which enables a better aerating depth instead of a bulky steel weight. The drive and tine engagement are very easy to operate and the exclusive Lift N Lock\u2122 function allows the tines to be raised by simply lifting them up by the handle. With Fold-n-Go\u2122 handles and tilt-up serviceability, maintenance and transportation can be carried out easily and practically. The AE401H model is powered by a reliable Honda engine and can aerate up to 2,000<sup>m2<\/sup> per hour.<\/p>\n<h2 style=\"text-align: left;\">Product advantages<\/h2>\n<ul>\n<li>Lift&#8217; n&#8217; Loc System<\/li>\n<li>ProTines System<\/li>\n<li>Water tank<\/li>\n<li>Fold&#8217;n&#8217;Go guide rail<\/li>\n<li>Outer wheels<\/li>\n<\/ul>\n<h2>Optional accessories<\/h2>\n<ul>\n<li>Replacement reel with tines (360352-S &#8211; \u20ac 499.90)<\/li>\n<li><a href=\"https:\/\/www.prochaska.eu\/produkt\/billy-goat-spike-zinken-set-haspel-aerifizierer-zubehoer\/\">Spike tine set for reel (360394-S &#8211; \u20ac 589,90)<\/a><\/li>\n<li>Single hollow tines (360100 &#8211; \u20ac 11.90)<\/li>\n<li>Hollow tine set, 24 pieces (24x 360100 &#8211; \u20ac 249.90)<\/li>\n<\/ul>\n","protected":false},"excerpt":{"rendered":"<p>This mechanical 19 inch\/48 cm wide AE401H aerator from <a href=\"https:\/\/www.prochaska.eu\/billygoat\/\">Billy Goat<\/a> replaces the tedious filling of the traditional center drum common to other aerators on the market, which are prone to wear, vibration and other damage.<\/p>\n","protected":false},"featured_media":22205,"template":"","meta":[],"pwb-brand":[3085],"product_brand":[],"product_cat":[1160,1540,1537],"product_tag":[1534],"class_list":{"0":"post-25410","1":"product","2":"type-product","3":"status-publish","4":"has-post-thumbnail","6":"pwb-brand-billy-goat-en","7":"product_cat-scarifier-aerator-leaf-remover","8":"product_cat-soil-preparation-en","9":"product_cat-soil-preparation","10":"product_tag-billy-goat-en","12":"first","13":"instock","14":"taxable","15":"shipping-taxable","16":"purchasable","17":"product-type-simple"},"yoast_head":"<!-- This site is optimized with the Yoast SEO plugin v27.4 - https:\/\/yoast.com\/product\/yoast-seo-wordpress\/ -->\n<title>Billy Goat - Aerator - AE401H - Prochaska<\/title>\n<meta name=\"robots\" content=\"index, follow, max-snippet:-1, max-image-preview:large, max-video-preview:-1\" \/>\n<link rel=\"canonical\" href=\"https:\/\/prochaska.eu\/en\/produkt\/billy-goat-aerator-ae401h\/\" \/>\n<meta property=\"og:locale\" content=\"en_US\" \/>\n<meta property=\"og:type\" content=\"article\" \/>\n<meta property=\"og:title\" content=\"Billy Goat - Aerator - AE401H - Prochaska\" \/>\n<meta property=\"og:description\" content=\"This mechanical 19 inch\/48 cm wide AE401H aerator from Billy Goat replaces the tedious filling of the traditional center drum common to other aerators on the market, which are prone to wear, vibration and other damage.\" \/>\n<meta property=\"og:url\" content=\"https:\/\/prochaska.eu\/en\/produkt\/billy-goat-aerator-ae401h\/\" \/>\n<meta property=\"og:site_name\" content=\"Prochaska\" \/>\n<meta property=\"article:publisher\" content=\"https:\/\/www.facebook.com\/prochaska.eu\/\" \/>\n<meta property=\"og:image\" content=\"https:\/\/prochaska.eu\/wp-content\/uploads\/2024\/06\/aerifizierer-billygoat-ae401h-prochaska.jpg\" \/>\n\t<meta property=\"og:image:width\" content=\"1440\" \/>\n\t<meta property=\"og:image:height\" content=\"1440\" \/>\n\t<meta property=\"og:image:type\" content=\"image\/jpeg\" \/>\n<meta name=\"twitter:card\" content=\"summary_large_image\" \/>\n<meta name=\"twitter:label1\" content=\"Est. reading time\" \/>\n\t<meta name=\"twitter:data1\" content=\"1 minute\" \/>\n<script type=\"application\/ld+json\" class=\"yoast-schema-graph\">{\"@context\":\"https:\\\/\\\/schema.org\",\"@graph\":[{\"@type\":\"WebPage\",\"@id\":\"https:\\\/\\\/prochaska.eu\\\/en\\\/produkt\\\/billy-goat-aerator-ae401h\\\/\",\"url\":\"https:\\\/\\\/prochaska.eu\\\/en\\\/produkt\\\/billy-goat-aerator-ae401h\\\/\",\"name\":\"Billy Goat - Aerator - AE401H - Prochaska\",\"isPartOf\":{\"@id\":\"https:\\\/\\\/prochaska.eu\\\/en\\\/#website\"},\"primaryImageOfPage\":{\"@id\":\"https:\\\/\\\/prochaska.eu\\\/en\\\/produkt\\\/billy-goat-aerator-ae401h\\\/#primaryimage\"},\"image\":{\"@id\":\"https:\\\/\\\/prochaska.eu\\\/en\\\/produkt\\\/billy-goat-aerator-ae401h\\\/#primaryimage\"},\"thumbnailUrl\":\"https:\\\/\\\/prochaska.eu\\\/wp-content\\\/uploads\\\/2024\\\/06\\\/aerifizierer-billygoat-ae401h-prochaska.jpg\",\"datePublished\":\"2020-08-27T08:14:51+00:00\",\"breadcrumb\":{\"@id\":\"https:\\\/\\\/prochaska.eu\\\/en\\\/produkt\\\/billy-goat-aerator-ae401h\\\/#breadcrumb\"},\"inLanguage\":\"en-US\",\"potentialAction\":[{\"@type\":\"ReadAction\",\"target\":[\"https:\\\/\\\/prochaska.eu\\\/en\\\/produkt\\\/billy-goat-aerator-ae401h\\\/\"]}]},{\"@type\":\"ImageObject\",\"inLanguage\":\"en-US\",\"@id\":\"https:\\\/\\\/prochaska.eu\\\/en\\\/produkt\\\/billy-goat-aerator-ae401h\\\/#primaryimage\",\"url\":\"https:\\\/\\\/prochaska.eu\\\/wp-content\\\/uploads\\\/2024\\\/06\\\/aerifizierer-billygoat-ae401h-prochaska.jpg\",\"contentUrl\":\"https:\\\/\\\/prochaska.eu\\\/wp-content\\\/uploads\\\/2024\\\/06\\\/aerifizierer-billygoat-ae401h-prochaska.jpg\",\"width\":1440,\"height\":1440},{\"@type\":\"BreadcrumbList\",\"@id\":\"https:\\\/\\\/prochaska.eu\\\/en\\\/produkt\\\/billy-goat-aerator-ae401h\\\/#breadcrumb\",\"itemListElement\":[{\"@type\":\"ListItem\",\"position\":1,\"name\":\"Home\",\"item\":\"https:\\\/\\\/prochaska.eu\\\/en\\\/\"},{\"@type\":\"ListItem\",\"position\":2,\"name\":\"Shop\",\"item\":\"https:\\\/\\\/prochaska.eu\\\/shop\\\/\"},{\"@type\":\"ListItem\",\"position\":3,\"name\":\"Billy Goat &#8211; Aerator &#8211; AE401H\"}]},{\"@type\":\"WebSite\",\"@id\":\"https:\\\/\\\/prochaska.eu\\\/en\\\/#website\",\"url\":\"https:\\\/\\\/prochaska.eu\\\/en\\\/\",\"name\":\"Prochaska\",\"description\":\"Spezialist f\u00fcr Pflege von Gr\u00fcnfl\u00e4chen\",\"publisher\":{\"@id\":\"https:\\\/\\\/prochaska.eu\\\/en\\\/#organization\"},\"potentialAction\":[{\"@type\":\"SearchAction\",\"target\":{\"@type\":\"EntryPoint\",\"urlTemplate\":\"https:\\\/\\\/prochaska.eu\\\/en\\\/?s={search_term_string}\"},\"query-input\":{\"@type\":\"PropertyValueSpecification\",\"valueRequired\":true,\"valueName\":\"search_term_string\"}}],\"inLanguage\":\"en-US\"},{\"@type\":\"Organization\",\"@id\":\"https:\\\/\\\/prochaska.eu\\\/en\\\/#organization\",\"name\":\"Prochaska\",\"url\":\"https:\\\/\\\/prochaska.eu\\\/en\\\/\",\"logo\":{\"@type\":\"ImageObject\",\"inLanguage\":\"en-US\",\"@id\":\"https:\\\/\\\/prochaska.eu\\\/en\\\/#\\\/schema\\\/logo\\\/image\\\/\",\"url\":\"https:\\\/\\\/prochaska.eu\\\/wp-content\\\/uploads\\\/2024\\\/04\\\/Prochaska_Logo_Black-1.png\",\"contentUrl\":\"https:\\\/\\\/prochaska.eu\\\/wp-content\\\/uploads\\\/2024\\\/04\\\/Prochaska_Logo_Black-1.png\",\"width\":796,\"height\":236,\"caption\":\"Prochaska\"},\"image\":{\"@id\":\"https:\\\/\\\/prochaska.eu\\\/en\\\/#\\\/schema\\\/logo\\\/image\\\/\"},\"sameAs\":[\"https:\\\/\\\/www.facebook.com\\\/prochaska.eu\\\/\",\"https:\\\/\\\/www.instagram.com\\\/prochaska.eu\\\/\",\"https:\\\/\\\/www.linkedin.com\\\/company\\\/prochaska-handels-gmbh\"]}]}<\/script>\n<!-- \/ Yoast SEO plugin. -->","yoast_head_json":{"title":"Billy Goat - Aerator - AE401H - Prochaska","robots":{"index":"index","follow":"follow","max-snippet":"max-snippet:-1","max-image-preview":"max-image-preview:large","max-video-preview":"max-video-preview:-1"},"canonical":"https:\/\/prochaska.eu\/en\/produkt\/billy-goat-aerator-ae401h\/","og_locale":"en_US","og_type":"article","og_title":"Billy Goat - Aerator - AE401H - Prochaska","og_description":"This mechanical 19 inch\/48 cm wide AE401H aerator from Billy Goat replaces the tedious filling of the traditional center drum common to other aerators on the market, which are prone to wear, vibration and other damage.","og_url":"https:\/\/prochaska.eu\/en\/produkt\/billy-goat-aerator-ae401h\/","og_site_name":"Prochaska","article_publisher":"https:\/\/www.facebook.com\/prochaska.eu\/","og_image":[{"width":1440,"height":1440,"url":"https:\/\/prochaska.eu\/wp-content\/uploads\/2024\/06\/aerifizierer-billygoat-ae401h-prochaska.jpg","type":"image\/jpeg"}],"twitter_card":"summary_large_image","twitter_misc":{"Est. reading time":"1 minute"},"schema":{"@context":"https:\/\/schema.org","@graph":[{"@type":"WebPage","@id":"https:\/\/prochaska.eu\/en\/produkt\/billy-goat-aerator-ae401h\/","url":"https:\/\/prochaska.eu\/en\/produkt\/billy-goat-aerator-ae401h\/","name":"Billy Goat - Aerator - AE401H - Prochaska","isPartOf":{"@id":"https:\/\/prochaska.eu\/en\/#website"},"primaryImageOfPage":{"@id":"https:\/\/prochaska.eu\/en\/produkt\/billy-goat-aerator-ae401h\/#primaryimage"},"image":{"@id":"https:\/\/prochaska.eu\/en\/produkt\/billy-goat-aerator-ae401h\/#primaryimage"},"thumbnailUrl":"https:\/\/prochaska.eu\/wp-content\/uploads\/2024\/06\/aerifizierer-billygoat-ae401h-prochaska.jpg","datePublished":"2020-08-27T08:14:51+00:00","breadcrumb":{"@id":"https:\/\/prochaska.eu\/en\/produkt\/billy-goat-aerator-ae401h\/#breadcrumb"},"inLanguage":"en-US","potentialAction":[{"@type":"ReadAction","target":["https:\/\/prochaska.eu\/en\/produkt\/billy-goat-aerator-ae401h\/"]}]},{"@type":"ImageObject","inLanguage":"en-US","@id":"https:\/\/prochaska.eu\/en\/produkt\/billy-goat-aerator-ae401h\/#primaryimage","url":"https:\/\/prochaska.eu\/wp-content\/uploads\/2024\/06\/aerifizierer-billygoat-ae401h-prochaska.jpg","contentUrl":"https:\/\/prochaska.eu\/wp-content\/uploads\/2024\/06\/aerifizierer-billygoat-ae401h-prochaska.jpg","width":1440,"height":1440},{"@type":"BreadcrumbList","@id":"https:\/\/prochaska.eu\/en\/produkt\/billy-goat-aerator-ae401h\/#breadcrumb","itemListElement":[{"@type":"ListItem","position":1,"name":"Home","item":"https:\/\/prochaska.eu\/en\/"},{"@type":"ListItem","position":2,"name":"Shop","item":"https:\/\/prochaska.eu\/shop\/"},{"@type":"ListItem","position":3,"name":"Billy Goat &#8211; Aerator &#8211; AE401H"}]},{"@type":"WebSite","@id":"https:\/\/prochaska.eu\/en\/#website","url":"https:\/\/prochaska.eu\/en\/","name":"Prochaska","description":"Spezialist f\u00fcr Pflege von Gr\u00fcnfl\u00e4chen","publisher":{"@id":"https:\/\/prochaska.eu\/en\/#organization"},"potentialAction":[{"@type":"SearchAction","target":{"@type":"EntryPoint","urlTemplate":"https:\/\/prochaska.eu\/en\/?s={search_term_string}"},"query-input":{"@type":"PropertyValueSpecification","valueRequired":true,"valueName":"search_term_string"}}],"inLanguage":"en-US"},{"@type":"Organization","@id":"https:\/\/prochaska.eu\/en\/#organization","name":"Prochaska","url":"https:\/\/prochaska.eu\/en\/","logo":{"@type":"ImageObject","inLanguage":"en-US","@id":"https:\/\/prochaska.eu\/en\/#\/schema\/logo\/image\/","url":"https:\/\/prochaska.eu\/wp-content\/uploads\/2024\/04\/Prochaska_Logo_Black-1.png","contentUrl":"https:\/\/prochaska.eu\/wp-content\/uploads\/2024\/04\/Prochaska_Logo_Black-1.png","width":796,"height":236,"caption":"Prochaska"},"image":{"@id":"https:\/\/prochaska.eu\/en\/#\/schema\/logo\/image\/"},"sameAs":["https:\/\/www.facebook.com\/prochaska.eu\/","https:\/\/www.instagram.com\/prochaska.eu\/","https:\/\/www.linkedin.com\/company\/prochaska-handels-gmbh"]}]}},"brands":[{"id":3085,"name":"Billy Goat","slug":"billy-goat-en"}],"_links":{"self":[{"href":"https:\/\/prochaska.eu\/en\/wp-json\/wp\/v2\/product\/25410","targetHints":{"allow":["GET"]}}],"collection":[{"href":"https:\/\/prochaska.eu\/en\/wp-json\/wp\/v2\/product"}],"about":[{"href":"https:\/\/prochaska.eu\/en\/wp-json\/wp\/v2\/types\/product"}],"version-history":[{"count":0,"href":"https:\/\/prochaska.eu\/en\/wp-json\/wp\/v2\/product\/25410\/revisions"}],"wp:featuredmedia":[{"embeddable":true,"href":"https:\/\/prochaska.eu\/en\/wp-json\/wp\/v2\/media\/22205"}],"wp:attachment":[{"href":"https:\/\/prochaska.eu\/en\/wp-json\/wp\/v2\/media?parent=25410"}],"wp:term":[{"taxonomy":"pwb-brand","embeddable":true,"href":"https:\/\/prochaska.eu\/en\/wp-json\/wp\/v2\/pwb-brand?post=25410"},{"taxonomy":"product_brand","embeddable":true,"href":"https:\/\/prochaska.eu\/en\/wp-json\/wp\/v2\/product_brand?post=25410"},{"taxonomy":"product_cat","embeddable":true,"href":"https:\/\/prochaska.eu\/en\/wp-json\/wp\/v2\/product_cat?post=25410"},{"taxonomy":"product_tag","embeddable":true,"href":"https:\/\/prochaska.eu\/en\/wp-json\/wp\/v2\/product_tag?post=25410"}],"curies":[{"name":"wp","href":"https:\/\/api.w.org\/{rel}","templated":true}]}}