{"id":25413,"date":"2020-08-21T09:47:41","date_gmt":"2020-08-21T09:47:41","guid":{"rendered":"https:\/\/prochaska.eu\/product\/billy-goat-leaf-and-litter-vacuum-kv601eu\/"},"modified":"2020-08-21T09:47:41","modified_gmt":"2020-08-21T09:47:41","slug":"billy-goat-leaf-and-litter-vacuum-kv601eu","status":"publish","type":"product","link":"https:\/\/prochaska.eu\/en\/produkt\/billy-goat-leaf-and-litter-vacuum-kv601eu\/","title":{"rendered":"Billy Goat &#8211; Leaf and litter vacuum &#8211; KV601EU"},"content":{"rendered":"<p style=\"text-align: left;\">The versatile KV601EU leaf and litter vacuum from <a href=\"https:\/\/www.prochaska.eu\/billygoat\/\">Billy Goat<\/a> is 69 cm\/27 inches wide and has various height settings. The device is suitable for working on hard ground as well as on lawns. The leaf vacuum offers powerful suction power &#8211; so leaves, mulch, branches or litter are removed quickly. Even on hilly terrain, the 30 cm\/12 inch tires of the waste vacuum cleaner make it easy to handle. The KV601EU vacuums are powered by reliable Briggs &amp; Stratton engines.<\/p>\n<h2 style=\"text-align: left;\">The product benefits<\/h2>\n<ul style=\"text-align: left;\">\n<li>The leaf vacuum has an extremely powerful suction capacity of 40 m\u00b2\/min and cleans up to 3,200 m\u00b2 per hour<\/li>\n<li>The blower wheel has 5 serrated blades for optimum performance<\/li>\n<li>The high wheel rear wheel ensures that the leaf vacuum is particularly maneuverable<\/li>\n<li>The XL catch bag with Easy-Zipper offers a catch volume of 150 liters and is made of felt fabric<\/li>\n<li>The high-performance steel turbine generates a highly concentrated air suction and fills the collection bag completely<\/li>\n<li>The soft comfort grip is particularly gentle on the wrists thanks to the rubber cover and protects against vibrations<\/li>\n<\/ul>\n<h2 style=\"text-align: left;\">Optional accessories<\/h2>\n<ul>\n<li style=\"text-align: left;\"><a href=\"https:\/\/www.prochaska.eu\/produkt\/billy-goat-ersatzsaugschlauch-laub-und-abfallsauger-zubehoer\/\">Replacement suction hose (891044)<\/a><\/li>\n<li style=\"text-align: left;\"><a href=\"https:\/\/www.prochaska.eu\/produkt\/billy-goat-anbord-saugschlauch-laub-und-abfallsauger-zubehoer\/\">On-board suction hose (891125)<\/a><\/li>\n<li style=\"text-align: left;\"><a href=\"https:\/\/www.prochaska.eu\/produkt\/billy-goat-filzsack-laub-und-abfallsauger-zubehoer\/\">Felt bag (891126)<\/a><\/li>\n<li style=\"text-align: left;\">Mesh bag (891132)<\/li>\n<\/ul>\n","protected":false},"excerpt":{"rendered":"<p>The KV601EU leaf and litter vacuum from<a href=\"https:\/\/www.prochaska.eu\/billygoat\/\"> Billy Goat<\/a> is ideal for hard surfaces or lawn work thanks to its variable height adjustment. The appliance has an extra powerful suction capacity of 40 m\u00b3\/min.<\/p>\n","protected":false},"featured_media":22163,"template":"","meta":[],"pwb-brand":[3085],"product_brand":[],"product_cat":[1160],"product_tag":[1534],"class_list":{"0":"post-25413","1":"product","2":"type-product","3":"status-publish","4":"has-post-thumbnail","6":"pwb-brand-billy-goat-en","7":"product_cat-scarifier-aerator-leaf-remover","8":"product_tag-billy-goat-en","10":"first","11":"instock","12":"taxable","13":"shipping-taxable","14":"purchasable","15":"product-type-simple"},"yoast_head":"<!-- This site is optimized with the Yoast SEO plugin v27.5 - https:\/\/yoast.com\/product\/yoast-seo-wordpress\/ -->\n<title>Billy Goat - Leaf and litter vacuum - KV601EU - Prochaska<\/title>\n<meta name=\"robots\" content=\"index, follow, max-snippet:-1, max-image-preview:large, max-video-preview:-1\" \/>\n<link rel=\"canonical\" href=\"https:\/\/prochaska.eu\/en\/produkt\/billy-goat-leaf-and-litter-vacuum-kv601eu\/\" \/>\n<meta property=\"og:locale\" content=\"en_US\" \/>\n<meta property=\"og:type\" content=\"article\" \/>\n<meta property=\"og:title\" content=\"Billy Goat - Leaf and litter vacuum - KV601EU - Prochaska\" \/>\n<meta property=\"og:description\" content=\"The KV601EU leaf and litter vacuum from Billy Goat is ideal for hard surfaces or lawn work thanks to its variable height adjustment. The appliance has an extra powerful suction capacity of 40 m\u00b3\/min.\" \/>\n<meta property=\"og:url\" content=\"https:\/\/prochaska.eu\/en\/produkt\/billy-goat-leaf-and-litter-vacuum-kv601eu\/\" \/>\n<meta property=\"og:site_name\" content=\"Prochaska\" \/>\n<meta property=\"article:publisher\" content=\"https:\/\/www.facebook.com\/prochaska.eu\/\" \/>\n<meta property=\"og:image\" content=\"https:\/\/prochaska.eu\/wp-content\/uploads\/2024\/06\/laub-abfallsauger-billygoat-kv601eu-prochaska.jpg\" \/>\n\t<meta property=\"og:image:width\" content=\"1440\" \/>\n\t<meta property=\"og:image:height\" content=\"1440\" \/>\n\t<meta property=\"og:image:type\" content=\"image\/jpeg\" \/>\n<meta name=\"twitter:card\" content=\"summary_large_image\" \/>\n<meta name=\"twitter:label1\" content=\"Est. reading time\" \/>\n\t<meta name=\"twitter:data1\" content=\"1 minute\" \/>\n<script type=\"application\/ld+json\" class=\"yoast-schema-graph\">{\"@context\":\"https:\\\/\\\/schema.org\",\"@graph\":[{\"@type\":\"WebPage\",\"@id\":\"https:\\\/\\\/prochaska.eu\\\/en\\\/produkt\\\/billy-goat-leaf-and-litter-vacuum-kv601eu\\\/\",\"url\":\"https:\\\/\\\/prochaska.eu\\\/en\\\/produkt\\\/billy-goat-leaf-and-litter-vacuum-kv601eu\\\/\",\"name\":\"Billy Goat - Leaf and litter vacuum - KV601EU - Prochaska\",\"isPartOf\":{\"@id\":\"https:\\\/\\\/prochaska.eu\\\/en\\\/#website\"},\"primaryImageOfPage\":{\"@id\":\"https:\\\/\\\/prochaska.eu\\\/en\\\/produkt\\\/billy-goat-leaf-and-litter-vacuum-kv601eu\\\/#primaryimage\"},\"image\":{\"@id\":\"https:\\\/\\\/prochaska.eu\\\/en\\\/produkt\\\/billy-goat-leaf-and-litter-vacuum-kv601eu\\\/#primaryimage\"},\"thumbnailUrl\":\"https:\\\/\\\/prochaska.eu\\\/wp-content\\\/uploads\\\/2024\\\/06\\\/laub-abfallsauger-billygoat-kv601eu-prochaska.jpg\",\"datePublished\":\"2020-08-21T09:47:41+00:00\",\"breadcrumb\":{\"@id\":\"https:\\\/\\\/prochaska.eu\\\/en\\\/produkt\\\/billy-goat-leaf-and-litter-vacuum-kv601eu\\\/#breadcrumb\"},\"inLanguage\":\"en-US\",\"potentialAction\":[{\"@type\":\"ReadAction\",\"target\":[\"https:\\\/\\\/prochaska.eu\\\/en\\\/produkt\\\/billy-goat-leaf-and-litter-vacuum-kv601eu\\\/\"]}]},{\"@type\":\"ImageObject\",\"inLanguage\":\"en-US\",\"@id\":\"https:\\\/\\\/prochaska.eu\\\/en\\\/produkt\\\/billy-goat-leaf-and-litter-vacuum-kv601eu\\\/#primaryimage\",\"url\":\"https:\\\/\\\/prochaska.eu\\\/wp-content\\\/uploads\\\/2024\\\/06\\\/laub-abfallsauger-billygoat-kv601eu-prochaska.jpg\",\"contentUrl\":\"https:\\\/\\\/prochaska.eu\\\/wp-content\\\/uploads\\\/2024\\\/06\\\/laub-abfallsauger-billygoat-kv601eu-prochaska.jpg\",\"width\":1440,\"height\":1440},{\"@type\":\"BreadcrumbList\",\"@id\":\"https:\\\/\\\/prochaska.eu\\\/en\\\/produkt\\\/billy-goat-leaf-and-litter-vacuum-kv601eu\\\/#breadcrumb\",\"itemListElement\":[{\"@type\":\"ListItem\",\"position\":1,\"name\":\"Home\",\"item\":\"https:\\\/\\\/prochaska.eu\\\/en\\\/\"},{\"@type\":\"ListItem\",\"position\":2,\"name\":\"Shop\",\"item\":\"https:\\\/\\\/prochaska.eu\\\/shop\\\/\"},{\"@type\":\"ListItem\",\"position\":3,\"name\":\"Billy Goat &#8211; Leaf and litter vacuum &#8211; KV601EU\"}]},{\"@type\":\"WebSite\",\"@id\":\"https:\\\/\\\/prochaska.eu\\\/en\\\/#website\",\"url\":\"https:\\\/\\\/prochaska.eu\\\/en\\\/\",\"name\":\"Prochaska\",\"description\":\"Spezialist f\u00fcr Pflege von Gr\u00fcnfl\u00e4chen\",\"publisher\":{\"@id\":\"https:\\\/\\\/prochaska.eu\\\/en\\\/#organization\"},\"potentialAction\":[{\"@type\":\"SearchAction\",\"target\":{\"@type\":\"EntryPoint\",\"urlTemplate\":\"https:\\\/\\\/prochaska.eu\\\/en\\\/?s={search_term_string}\"},\"query-input\":{\"@type\":\"PropertyValueSpecification\",\"valueRequired\":true,\"valueName\":\"search_term_string\"}}],\"inLanguage\":\"en-US\"},{\"@type\":\"Organization\",\"@id\":\"https:\\\/\\\/prochaska.eu\\\/en\\\/#organization\",\"name\":\"Prochaska\",\"url\":\"https:\\\/\\\/prochaska.eu\\\/en\\\/\",\"logo\":{\"@type\":\"ImageObject\",\"inLanguage\":\"en-US\",\"@id\":\"https:\\\/\\\/prochaska.eu\\\/en\\\/#\\\/schema\\\/logo\\\/image\\\/\",\"url\":\"https:\\\/\\\/prochaska.eu\\\/wp-content\\\/uploads\\\/2024\\\/04\\\/Prochaska_Logo_Black-1.png\",\"contentUrl\":\"https:\\\/\\\/prochaska.eu\\\/wp-content\\\/uploads\\\/2024\\\/04\\\/Prochaska_Logo_Black-1.png\",\"width\":796,\"height\":236,\"caption\":\"Prochaska\"},\"image\":{\"@id\":\"https:\\\/\\\/prochaska.eu\\\/en\\\/#\\\/schema\\\/logo\\\/image\\\/\"},\"sameAs\":[\"https:\\\/\\\/www.facebook.com\\\/prochaska.eu\\\/\",\"https:\\\/\\\/www.instagram.com\\\/prochaska.eu\\\/\",\"https:\\\/\\\/www.linkedin.com\\\/company\\\/prochaska-handels-gmbh\"]}]}<\/script>\n<!-- \/ Yoast SEO plugin. -->","yoast_head_json":{"title":"Billy Goat - Leaf and litter vacuum - KV601EU - Prochaska","robots":{"index":"index","follow":"follow","max-snippet":"max-snippet:-1","max-image-preview":"max-image-preview:large","max-video-preview":"max-video-preview:-1"},"canonical":"https:\/\/prochaska.eu\/en\/produkt\/billy-goat-leaf-and-litter-vacuum-kv601eu\/","og_locale":"en_US","og_type":"article","og_title":"Billy Goat - Leaf and litter vacuum - KV601EU - Prochaska","og_description":"The KV601EU leaf and litter vacuum from Billy Goat is ideal for hard surfaces or lawn work thanks to its variable height adjustment. The appliance has an extra powerful suction capacity of 40 m\u00b3\/min.","og_url":"https:\/\/prochaska.eu\/en\/produkt\/billy-goat-leaf-and-litter-vacuum-kv601eu\/","og_site_name":"Prochaska","article_publisher":"https:\/\/www.facebook.com\/prochaska.eu\/","og_image":[{"width":1440,"height":1440,"url":"https:\/\/prochaska.eu\/wp-content\/uploads\/2024\/06\/laub-abfallsauger-billygoat-kv601eu-prochaska.jpg","type":"image\/jpeg"}],"twitter_card":"summary_large_image","twitter_misc":{"Est. reading time":"1 minute"},"schema":{"@context":"https:\/\/schema.org","@graph":[{"@type":"WebPage","@id":"https:\/\/prochaska.eu\/en\/produkt\/billy-goat-leaf-and-litter-vacuum-kv601eu\/","url":"https:\/\/prochaska.eu\/en\/produkt\/billy-goat-leaf-and-litter-vacuum-kv601eu\/","name":"Billy Goat - Leaf and litter vacuum - KV601EU - Prochaska","isPartOf":{"@id":"https:\/\/prochaska.eu\/en\/#website"},"primaryImageOfPage":{"@id":"https:\/\/prochaska.eu\/en\/produkt\/billy-goat-leaf-and-litter-vacuum-kv601eu\/#primaryimage"},"image":{"@id":"https:\/\/prochaska.eu\/en\/produkt\/billy-goat-leaf-and-litter-vacuum-kv601eu\/#primaryimage"},"thumbnailUrl":"https:\/\/prochaska.eu\/wp-content\/uploads\/2024\/06\/laub-abfallsauger-billygoat-kv601eu-prochaska.jpg","datePublished":"2020-08-21T09:47:41+00:00","breadcrumb":{"@id":"https:\/\/prochaska.eu\/en\/produkt\/billy-goat-leaf-and-litter-vacuum-kv601eu\/#breadcrumb"},"inLanguage":"en-US","potentialAction":[{"@type":"ReadAction","target":["https:\/\/prochaska.eu\/en\/produkt\/billy-goat-leaf-and-litter-vacuum-kv601eu\/"]}]},{"@type":"ImageObject","inLanguage":"en-US","@id":"https:\/\/prochaska.eu\/en\/produkt\/billy-goat-leaf-and-litter-vacuum-kv601eu\/#primaryimage","url":"https:\/\/prochaska.eu\/wp-content\/uploads\/2024\/06\/laub-abfallsauger-billygoat-kv601eu-prochaska.jpg","contentUrl":"https:\/\/prochaska.eu\/wp-content\/uploads\/2024\/06\/laub-abfallsauger-billygoat-kv601eu-prochaska.jpg","width":1440,"height":1440},{"@type":"BreadcrumbList","@id":"https:\/\/prochaska.eu\/en\/produkt\/billy-goat-leaf-and-litter-vacuum-kv601eu\/#breadcrumb","itemListElement":[{"@type":"ListItem","position":1,"name":"Home","item":"https:\/\/prochaska.eu\/en\/"},{"@type":"ListItem","position":2,"name":"Shop","item":"https:\/\/prochaska.eu\/shop\/"},{"@type":"ListItem","position":3,"name":"Billy Goat &#8211; Leaf and litter vacuum &#8211; KV601EU"}]},{"@type":"WebSite","@id":"https:\/\/prochaska.eu\/en\/#website","url":"https:\/\/prochaska.eu\/en\/","name":"Prochaska","description":"Spezialist f\u00fcr Pflege von Gr\u00fcnfl\u00e4chen","publisher":{"@id":"https:\/\/prochaska.eu\/en\/#organization"},"potentialAction":[{"@type":"SearchAction","target":{"@type":"EntryPoint","urlTemplate":"https:\/\/prochaska.eu\/en\/?s={search_term_string}"},"query-input":{"@type":"PropertyValueSpecification","valueRequired":true,"valueName":"search_term_string"}}],"inLanguage":"en-US"},{"@type":"Organization","@id":"https:\/\/prochaska.eu\/en\/#organization","name":"Prochaska","url":"https:\/\/prochaska.eu\/en\/","logo":{"@type":"ImageObject","inLanguage":"en-US","@id":"https:\/\/prochaska.eu\/en\/#\/schema\/logo\/image\/","url":"https:\/\/prochaska.eu\/wp-content\/uploads\/2024\/04\/Prochaska_Logo_Black-1.png","contentUrl":"https:\/\/prochaska.eu\/wp-content\/uploads\/2024\/04\/Prochaska_Logo_Black-1.png","width":796,"height":236,"caption":"Prochaska"},"image":{"@id":"https:\/\/prochaska.eu\/en\/#\/schema\/logo\/image\/"},"sameAs":["https:\/\/www.facebook.com\/prochaska.eu\/","https:\/\/www.instagram.com\/prochaska.eu\/","https:\/\/www.linkedin.com\/company\/prochaska-handels-gmbh"]}]}},"brands":[{"id":3085,"name":"Billy Goat","slug":"billy-goat-en"}],"_links":{"self":[{"href":"https:\/\/prochaska.eu\/en\/wp-json\/wp\/v2\/product\/25413","targetHints":{"allow":["GET"]}}],"collection":[{"href":"https:\/\/prochaska.eu\/en\/wp-json\/wp\/v2\/product"}],"about":[{"href":"https:\/\/prochaska.eu\/en\/wp-json\/wp\/v2\/types\/product"}],"version-history":[{"count":0,"href":"https:\/\/prochaska.eu\/en\/wp-json\/wp\/v2\/product\/25413\/revisions"}],"wp:featuredmedia":[{"embeddable":true,"href":"https:\/\/prochaska.eu\/en\/wp-json\/wp\/v2\/media\/22163"}],"wp:attachment":[{"href":"https:\/\/prochaska.eu\/en\/wp-json\/wp\/v2\/media?parent=25413"}],"wp:term":[{"taxonomy":"pwb-brand","embeddable":true,"href":"https:\/\/prochaska.eu\/en\/wp-json\/wp\/v2\/pwb-brand?post=25413"},{"taxonomy":"product_brand","embeddable":true,"href":"https:\/\/prochaska.eu\/en\/wp-json\/wp\/v2\/product_brand?post=25413"},{"taxonomy":"product_cat","embeddable":true,"href":"https:\/\/prochaska.eu\/en\/wp-json\/wp\/v2\/product_cat?post=25413"},{"taxonomy":"product_tag","embeddable":true,"href":"https:\/\/prochaska.eu\/en\/wp-json\/wp\/v2\/product_tag?post=25413"}],"curies":[{"name":"wp","href":"https:\/\/api.w.org\/{rel}","templated":true}]}}