{"id":25437,"date":"2020-08-21T10:06:03","date_gmt":"2020-08-21T10:06:03","guid":{"rendered":"https:\/\/prochaska.eu\/product\/billy-goat-leaf-and-waste-vacuum-cleaner-incl-shredder-tkv601speu\/"},"modified":"2020-08-21T10:06:03","modified_gmt":"2020-08-21T10:06:03","slug":"billy-goat-leaf-and-waste-vacuum-cleaner-incl-shredder-tkv601speu","status":"publish","type":"product","link":"https:\/\/prochaska.eu\/en\/produkt\/billy-goat-leaf-and-waste-vacuum-cleaner-incl-shredder-tkv601speu\/","title":{"rendered":"Billy Goat &#8211; Leaf and waste vacuum cleaner (incl. shredder) &#8211; TKV601SPEU"},"content":{"rendered":"<p>The TKV601SPHEU leaf and waste vacuum cleaner from <a href=\"https:\/\/www.prochaska.eu\/billygoat\/\">Billy Goat<\/a> impresses with its powerful suction power and simple operation. This model also has an integrated shredder as an additional function. The device is 69 cm\/27 inches wide and has various height settings for working on hard soil or grass. Cleaning up leaves, flowers, branches, litter etc. is child&#8217;s play thanks to this appliance. The rear-wheel drive of this self-propelled vacuum cleaner guarantees easy work even on hilly terrain. The vacuum cleaners are equipped with powerful Briggs &amp; Stratton engines.<\/p>\n<h2 style=\"text-align: left;\">Product advantages<\/h2>\n<ul>\n<li>Extra strong suction power<\/li>\n<li>Super Vacuum blower wheel<\/li>\n<li>High Wheel rear wheel<\/li>\n<li>XL collection bag with Easy-Zipper<\/li>\n<li>High-performance steel turbine<\/li>\n<li>Soft comfort grip<\/li>\n<li>with integrated shredder<\/li>\n<\/ul>\n<h2 style=\"text-align: left;\">Optional accessories<\/h2>\n<ul>\n<li><a href=\"https:\/\/www.prochaska.eu\/produkt\/billy-goat-anbord-saugschlauch-laub-und-abfallsauger-zubehoer\/\">On-board suction hose (891125)<\/a><\/li>\n<li><a href=\"https:\/\/www.prochaska.eu\/produkt\/billy-goat-filzsack-laub-und-abfallsauger-zubehoer\/\">Felt bag (891126)<\/a><\/li>\n<li>Mesh bag (891132)<\/li>\n<\/ul>\n","protected":false},"excerpt":{"rendered":"<p>The TKV601SPHEU leaf and litter vacuum from<a href=\"https:\/\/www.prochaska.eu\/billygoat\/\"> Billy Goat<\/a> guarantees easy work even on hilly terrain thanks to its rear-wheel drive with self-propulsion. The appliance has an integrated shredder.<\/p>\n","protected":false},"featured_media":22169,"template":"","meta":[],"pwb-brand":[3085],"product_brand":[],"product_cat":[3060,1160],"product_tag":[1534],"class_list":{"0":"post-25437","1":"product","2":"type-product","3":"status-publish","4":"has-post-thumbnail","6":"pwb-brand-billy-goat-en","7":"product_cat-discount-en","8":"product_cat-scarifier-aerator-leaf-remover","9":"product_tag-billy-goat-en","11":"first","12":"instock","13":"taxable","14":"shipping-taxable","15":"purchasable","16":"product-type-simple"},"yoast_head":"<!-- This site is optimized with the Yoast SEO plugin v27.4 - https:\/\/yoast.com\/product\/yoast-seo-wordpress\/ -->\n<title>Billy Goat - Leaf and waste vacuum cleaner (incl. shredder) - TKV601SPEU - Prochaska<\/title>\n<meta name=\"robots\" content=\"index, follow, max-snippet:-1, max-image-preview:large, max-video-preview:-1\" \/>\n<link rel=\"canonical\" href=\"https:\/\/prochaska.eu\/en\/produkt\/billy-goat-leaf-and-waste-vacuum-cleaner-incl-shredder-tkv601speu\/\" \/>\n<meta property=\"og:locale\" content=\"en_US\" \/>\n<meta property=\"og:type\" content=\"article\" \/>\n<meta property=\"og:title\" content=\"Billy Goat - Leaf and waste vacuum cleaner (incl. shredder) - TKV601SPEU - Prochaska\" \/>\n<meta property=\"og:description\" content=\"The TKV601SPHEU leaf and litter vacuum from Billy Goat guarantees easy work even on hilly terrain thanks to its rear-wheel drive with self-propulsion. The appliance has an integrated shredder.\" \/>\n<meta property=\"og:url\" content=\"https:\/\/prochaska.eu\/en\/produkt\/billy-goat-leaf-and-waste-vacuum-cleaner-incl-shredder-tkv601speu\/\" \/>\n<meta property=\"og:site_name\" content=\"Prochaska\" \/>\n<meta property=\"article:publisher\" content=\"https:\/\/www.facebook.com\/prochaska.eu\/\" \/>\n<meta property=\"og:image\" content=\"https:\/\/prochaska.eu\/wp-content\/uploads\/2024\/06\/laub-abfallsauger-billygoat-tkv601spheu-prochaska-b2.jpg\" \/>\n\t<meta property=\"og:image:width\" content=\"1440\" \/>\n\t<meta property=\"og:image:height\" content=\"1440\" \/>\n\t<meta property=\"og:image:type\" content=\"image\/jpeg\" \/>\n<meta name=\"twitter:card\" content=\"summary_large_image\" \/>\n<meta name=\"twitter:label1\" content=\"Est. reading time\" \/>\n\t<meta name=\"twitter:data1\" content=\"1 minute\" \/>\n<script type=\"application\/ld+json\" class=\"yoast-schema-graph\">{\"@context\":\"https:\\\/\\\/schema.org\",\"@graph\":[{\"@type\":\"WebPage\",\"@id\":\"https:\\\/\\\/prochaska.eu\\\/en\\\/produkt\\\/billy-goat-leaf-and-waste-vacuum-cleaner-incl-shredder-tkv601speu\\\/\",\"url\":\"https:\\\/\\\/prochaska.eu\\\/en\\\/produkt\\\/billy-goat-leaf-and-waste-vacuum-cleaner-incl-shredder-tkv601speu\\\/\",\"name\":\"Billy Goat - Leaf and waste vacuum cleaner (incl. shredder) - TKV601SPEU - Prochaska\",\"isPartOf\":{\"@id\":\"https:\\\/\\\/prochaska.eu\\\/en\\\/#website\"},\"primaryImageOfPage\":{\"@id\":\"https:\\\/\\\/prochaska.eu\\\/en\\\/produkt\\\/billy-goat-leaf-and-waste-vacuum-cleaner-incl-shredder-tkv601speu\\\/#primaryimage\"},\"image\":{\"@id\":\"https:\\\/\\\/prochaska.eu\\\/en\\\/produkt\\\/billy-goat-leaf-and-waste-vacuum-cleaner-incl-shredder-tkv601speu\\\/#primaryimage\"},\"thumbnailUrl\":\"https:\\\/\\\/prochaska.eu\\\/wp-content\\\/uploads\\\/2024\\\/06\\\/laub-abfallsauger-billygoat-tkv601spheu-prochaska-b2.jpg\",\"datePublished\":\"2020-08-21T10:06:03+00:00\",\"breadcrumb\":{\"@id\":\"https:\\\/\\\/prochaska.eu\\\/en\\\/produkt\\\/billy-goat-leaf-and-waste-vacuum-cleaner-incl-shredder-tkv601speu\\\/#breadcrumb\"},\"inLanguage\":\"en-US\",\"potentialAction\":[{\"@type\":\"ReadAction\",\"target\":[\"https:\\\/\\\/prochaska.eu\\\/en\\\/produkt\\\/billy-goat-leaf-and-waste-vacuum-cleaner-incl-shredder-tkv601speu\\\/\"]}]},{\"@type\":\"ImageObject\",\"inLanguage\":\"en-US\",\"@id\":\"https:\\\/\\\/prochaska.eu\\\/en\\\/produkt\\\/billy-goat-leaf-and-waste-vacuum-cleaner-incl-shredder-tkv601speu\\\/#primaryimage\",\"url\":\"https:\\\/\\\/prochaska.eu\\\/wp-content\\\/uploads\\\/2024\\\/06\\\/laub-abfallsauger-billygoat-tkv601spheu-prochaska-b2.jpg\",\"contentUrl\":\"https:\\\/\\\/prochaska.eu\\\/wp-content\\\/uploads\\\/2024\\\/06\\\/laub-abfallsauger-billygoat-tkv601spheu-prochaska-b2.jpg\",\"width\":1440,\"height\":1440},{\"@type\":\"BreadcrumbList\",\"@id\":\"https:\\\/\\\/prochaska.eu\\\/en\\\/produkt\\\/billy-goat-leaf-and-waste-vacuum-cleaner-incl-shredder-tkv601speu\\\/#breadcrumb\",\"itemListElement\":[{\"@type\":\"ListItem\",\"position\":1,\"name\":\"Home\",\"item\":\"https:\\\/\\\/prochaska.eu\\\/en\\\/\"},{\"@type\":\"ListItem\",\"position\":2,\"name\":\"Shop\",\"item\":\"https:\\\/\\\/prochaska.eu\\\/shop\\\/\"},{\"@type\":\"ListItem\",\"position\":3,\"name\":\"Billy Goat &#8211; Leaf and waste vacuum cleaner (incl. shredder) &#8211; TKV601SPEU\"}]},{\"@type\":\"WebSite\",\"@id\":\"https:\\\/\\\/prochaska.eu\\\/en\\\/#website\",\"url\":\"https:\\\/\\\/prochaska.eu\\\/en\\\/\",\"name\":\"Prochaska\",\"description\":\"Spezialist f\u00fcr Pflege von Gr\u00fcnfl\u00e4chen\",\"publisher\":{\"@id\":\"https:\\\/\\\/prochaska.eu\\\/en\\\/#organization\"},\"potentialAction\":[{\"@type\":\"SearchAction\",\"target\":{\"@type\":\"EntryPoint\",\"urlTemplate\":\"https:\\\/\\\/prochaska.eu\\\/en\\\/?s={search_term_string}\"},\"query-input\":{\"@type\":\"PropertyValueSpecification\",\"valueRequired\":true,\"valueName\":\"search_term_string\"}}],\"inLanguage\":\"en-US\"},{\"@type\":\"Organization\",\"@id\":\"https:\\\/\\\/prochaska.eu\\\/en\\\/#organization\",\"name\":\"Prochaska\",\"url\":\"https:\\\/\\\/prochaska.eu\\\/en\\\/\",\"logo\":{\"@type\":\"ImageObject\",\"inLanguage\":\"en-US\",\"@id\":\"https:\\\/\\\/prochaska.eu\\\/en\\\/#\\\/schema\\\/logo\\\/image\\\/\",\"url\":\"https:\\\/\\\/prochaska.eu\\\/wp-content\\\/uploads\\\/2024\\\/04\\\/Prochaska_Logo_Black-1.png\",\"contentUrl\":\"https:\\\/\\\/prochaska.eu\\\/wp-content\\\/uploads\\\/2024\\\/04\\\/Prochaska_Logo_Black-1.png\",\"width\":796,\"height\":236,\"caption\":\"Prochaska\"},\"image\":{\"@id\":\"https:\\\/\\\/prochaska.eu\\\/en\\\/#\\\/schema\\\/logo\\\/image\\\/\"},\"sameAs\":[\"https:\\\/\\\/www.facebook.com\\\/prochaska.eu\\\/\",\"https:\\\/\\\/www.instagram.com\\\/prochaska.eu\\\/\",\"https:\\\/\\\/www.linkedin.com\\\/company\\\/prochaska-handels-gmbh\"]}]}<\/script>\n<!-- \/ Yoast SEO plugin. -->","yoast_head_json":{"title":"Billy Goat - Leaf and waste vacuum cleaner (incl. shredder) - TKV601SPEU - Prochaska","robots":{"index":"index","follow":"follow","max-snippet":"max-snippet:-1","max-image-preview":"max-image-preview:large","max-video-preview":"max-video-preview:-1"},"canonical":"https:\/\/prochaska.eu\/en\/produkt\/billy-goat-leaf-and-waste-vacuum-cleaner-incl-shredder-tkv601speu\/","og_locale":"en_US","og_type":"article","og_title":"Billy Goat - Leaf and waste vacuum cleaner (incl. shredder) - TKV601SPEU - Prochaska","og_description":"The TKV601SPHEU leaf and litter vacuum from Billy Goat guarantees easy work even on hilly terrain thanks to its rear-wheel drive with self-propulsion. The appliance has an integrated shredder.","og_url":"https:\/\/prochaska.eu\/en\/produkt\/billy-goat-leaf-and-waste-vacuum-cleaner-incl-shredder-tkv601speu\/","og_site_name":"Prochaska","article_publisher":"https:\/\/www.facebook.com\/prochaska.eu\/","og_image":[{"width":1440,"height":1440,"url":"https:\/\/prochaska.eu\/wp-content\/uploads\/2024\/06\/laub-abfallsauger-billygoat-tkv601spheu-prochaska-b2.jpg","type":"image\/jpeg"}],"twitter_card":"summary_large_image","twitter_misc":{"Est. reading time":"1 minute"},"schema":{"@context":"https:\/\/schema.org","@graph":[{"@type":"WebPage","@id":"https:\/\/prochaska.eu\/en\/produkt\/billy-goat-leaf-and-waste-vacuum-cleaner-incl-shredder-tkv601speu\/","url":"https:\/\/prochaska.eu\/en\/produkt\/billy-goat-leaf-and-waste-vacuum-cleaner-incl-shredder-tkv601speu\/","name":"Billy Goat - Leaf and waste vacuum cleaner (incl. shredder) - TKV601SPEU - Prochaska","isPartOf":{"@id":"https:\/\/prochaska.eu\/en\/#website"},"primaryImageOfPage":{"@id":"https:\/\/prochaska.eu\/en\/produkt\/billy-goat-leaf-and-waste-vacuum-cleaner-incl-shredder-tkv601speu\/#primaryimage"},"image":{"@id":"https:\/\/prochaska.eu\/en\/produkt\/billy-goat-leaf-and-waste-vacuum-cleaner-incl-shredder-tkv601speu\/#primaryimage"},"thumbnailUrl":"https:\/\/prochaska.eu\/wp-content\/uploads\/2024\/06\/laub-abfallsauger-billygoat-tkv601spheu-prochaska-b2.jpg","datePublished":"2020-08-21T10:06:03+00:00","breadcrumb":{"@id":"https:\/\/prochaska.eu\/en\/produkt\/billy-goat-leaf-and-waste-vacuum-cleaner-incl-shredder-tkv601speu\/#breadcrumb"},"inLanguage":"en-US","potentialAction":[{"@type":"ReadAction","target":["https:\/\/prochaska.eu\/en\/produkt\/billy-goat-leaf-and-waste-vacuum-cleaner-incl-shredder-tkv601speu\/"]}]},{"@type":"ImageObject","inLanguage":"en-US","@id":"https:\/\/prochaska.eu\/en\/produkt\/billy-goat-leaf-and-waste-vacuum-cleaner-incl-shredder-tkv601speu\/#primaryimage","url":"https:\/\/prochaska.eu\/wp-content\/uploads\/2024\/06\/laub-abfallsauger-billygoat-tkv601spheu-prochaska-b2.jpg","contentUrl":"https:\/\/prochaska.eu\/wp-content\/uploads\/2024\/06\/laub-abfallsauger-billygoat-tkv601spheu-prochaska-b2.jpg","width":1440,"height":1440},{"@type":"BreadcrumbList","@id":"https:\/\/prochaska.eu\/en\/produkt\/billy-goat-leaf-and-waste-vacuum-cleaner-incl-shredder-tkv601speu\/#breadcrumb","itemListElement":[{"@type":"ListItem","position":1,"name":"Home","item":"https:\/\/prochaska.eu\/en\/"},{"@type":"ListItem","position":2,"name":"Shop","item":"https:\/\/prochaska.eu\/shop\/"},{"@type":"ListItem","position":3,"name":"Billy Goat &#8211; Leaf and waste vacuum cleaner (incl. shredder) &#8211; TKV601SPEU"}]},{"@type":"WebSite","@id":"https:\/\/prochaska.eu\/en\/#website","url":"https:\/\/prochaska.eu\/en\/","name":"Prochaska","description":"Spezialist f\u00fcr Pflege von Gr\u00fcnfl\u00e4chen","publisher":{"@id":"https:\/\/prochaska.eu\/en\/#organization"},"potentialAction":[{"@type":"SearchAction","target":{"@type":"EntryPoint","urlTemplate":"https:\/\/prochaska.eu\/en\/?s={search_term_string}"},"query-input":{"@type":"PropertyValueSpecification","valueRequired":true,"valueName":"search_term_string"}}],"inLanguage":"en-US"},{"@type":"Organization","@id":"https:\/\/prochaska.eu\/en\/#organization","name":"Prochaska","url":"https:\/\/prochaska.eu\/en\/","logo":{"@type":"ImageObject","inLanguage":"en-US","@id":"https:\/\/prochaska.eu\/en\/#\/schema\/logo\/image\/","url":"https:\/\/prochaska.eu\/wp-content\/uploads\/2024\/04\/Prochaska_Logo_Black-1.png","contentUrl":"https:\/\/prochaska.eu\/wp-content\/uploads\/2024\/04\/Prochaska_Logo_Black-1.png","width":796,"height":236,"caption":"Prochaska"},"image":{"@id":"https:\/\/prochaska.eu\/en\/#\/schema\/logo\/image\/"},"sameAs":["https:\/\/www.facebook.com\/prochaska.eu\/","https:\/\/www.instagram.com\/prochaska.eu\/","https:\/\/www.linkedin.com\/company\/prochaska-handels-gmbh"]}]}},"brands":[{"id":3085,"name":"Billy Goat","slug":"billy-goat-en"}],"_links":{"self":[{"href":"https:\/\/prochaska.eu\/en\/wp-json\/wp\/v2\/product\/25437","targetHints":{"allow":["GET"]}}],"collection":[{"href":"https:\/\/prochaska.eu\/en\/wp-json\/wp\/v2\/product"}],"about":[{"href":"https:\/\/prochaska.eu\/en\/wp-json\/wp\/v2\/types\/product"}],"version-history":[{"count":0,"href":"https:\/\/prochaska.eu\/en\/wp-json\/wp\/v2\/product\/25437\/revisions"}],"wp:featuredmedia":[{"embeddable":true,"href":"https:\/\/prochaska.eu\/en\/wp-json\/wp\/v2\/media\/22169"}],"wp:attachment":[{"href":"https:\/\/prochaska.eu\/en\/wp-json\/wp\/v2\/media?parent=25437"}],"wp:term":[{"taxonomy":"pwb-brand","embeddable":true,"href":"https:\/\/prochaska.eu\/en\/wp-json\/wp\/v2\/pwb-brand?post=25437"},{"taxonomy":"product_brand","embeddable":true,"href":"https:\/\/prochaska.eu\/en\/wp-json\/wp\/v2\/product_brand?post=25437"},{"taxonomy":"product_cat","embeddable":true,"href":"https:\/\/prochaska.eu\/en\/wp-json\/wp\/v2\/product_cat?post=25437"},{"taxonomy":"product_tag","embeddable":true,"href":"https:\/\/prochaska.eu\/en\/wp-json\/wp\/v2\/product_tag?post=25437"}],"curies":[{"name":"wp","href":"https:\/\/api.w.org\/{rel}","templated":true}]}}