{"id":25448,"date":"2020-08-20T14:11:46","date_gmt":"2020-08-20T14:11:46","guid":{"rendered":"https:\/\/prochaska.eu\/product\/billy-goat-professional-leaf-and-litter-vacuum-qv550hsp\/"},"modified":"2020-08-20T14:11:46","modified_gmt":"2020-08-20T14:11:46","slug":"billy-goat-professional-leaf-and-litter-vacuum-qv550hsp","status":"publish","type":"product","link":"https:\/\/prochaska.eu\/en\/produkt\/billy-goat-professional-leaf-and-litter-vacuum-qv550hsp\/","title":{"rendered":"Billy Goat &#8211; Professional leaf and litter vacuum &#8211; QV550HSP"},"content":{"rendered":"<p style=\"text-align: left;\">The 84 cm\/33 inch wide QUIETVAC\u2122 QV550HSP from <a href=\"https:\/\/www.prochaska.eu\/billygoat\/\">Billy Goat<\/a> is the quietest vacuum cleaner in the world. Its unique cyclone filtration with exclusive dust bag technology reduces dust in dry conditions. The spiral housing and the 6-blade armored plate\/steel housing combination give the device optimum suction power and 12:1 deposit reduction when composting in dry conditions. The leaf and litter vacuum is ideal for large-scale commercial, industrial and municipal clean-up work, such as on tarmacs, school playgrounds, hospitals, parks, churches, etc. The device is 84 cm wide.<\/p>\n<p>IMPORTANT: The dust bell, like the central filter, must be cleaned regularly and allowed to dry completely in order to function properly.<\/p>\n<h2 style=\"text-align: left;\">Product advantages<\/h2>\n<ul>\n<li>QuietVac &#8211; Quietest professional appliance on the market<\/li>\n<li>Power suction snout<\/li>\n<li>Cyclonic filter system<\/li>\n<li>Power steering<\/li>\n<li>Innovative XL collection bag with quick emptying<\/li>\n<li>Flexible swivel wheels<\/li>\n<\/ul>\n<h2 style=\"text-align: left;\">Optional accessories<\/h2>\n<ul>\n<li><a href=\"https:\/\/www.prochaska.eu\/produkt\/billygoat-absaugschlauch-laub-und-abfallsauger-zubehoer\/\">Suction hose set 127 mm x 3 m (831018)<\/a><\/li>\n<li><a href=\"https:\/\/www.prochaska.eu\/produkt\/billy-goat-gartenabfallbeutel-laub-und-abfallsauger-zubehoer\/\">Standard garden waste bag for dusty matters<\/a><\/li>\n<li><a href=\"https:\/\/www.prochaska.eu\/produkt\/billy-goat-gartenabfallbeutel-ohne-verschluss-laub-und-abfallsauger-zubehoer\/\">Standard garden waste bag <strong>without closure<\/strong> for dusty matters<\/a><\/li>\n<li><a href=\"https:\/\/www.prochaska.eu\/produkt\/billy-goat-gartenabfallbeutel-rahmen-laub-und-abfallsauger-zubehoer\/\">Standard garden waste bag <strong>frame<\/strong><\/a><\/li>\n<\/ul>\n","protected":false},"excerpt":{"rendered":"<p>The QuietVac QV550HSP leaf and waste vacuum cleaner from Billy Goat is the quietest professional appliance on the market at 77dBa. The device is easy and convenient to control thanks to the Billy Goat Power steering and is ideal for removing run-off and waste from large areas.<\/p>\n","protected":false},"featured_media":22142,"template":"","meta":[],"pwb-brand":[3047],"product_brand":[],"product_cat":[594],"product_tag":[322],"class_list":{"0":"post-25448","1":"product","2":"type-product","3":"status-publish","4":"has-post-thumbnail","6":"pwb-brand-billy-goat","7":"product_cat-vertikutierer-aerifizierer-laubentferner","8":"product_tag-billy-goat","10":"first","11":"outofstock","12":"taxable","13":"shipping-taxable","14":"purchasable","15":"product-type-simple"},"yoast_head":"<!-- This site is optimized with the Yoast SEO plugin v27.4 - https:\/\/yoast.com\/product\/yoast-seo-wordpress\/ -->\n<title>Billy Goat - Professional leaf and litter vacuum - QV550HSP - Prochaska<\/title>\n<meta name=\"robots\" content=\"index, follow, max-snippet:-1, max-image-preview:large, max-video-preview:-1\" \/>\n<link rel=\"canonical\" href=\"https:\/\/prochaska.eu\/en\/produkt\/billy-goat-professional-leaf-and-litter-vacuum-qv550hsp\/\" \/>\n<meta property=\"og:locale\" content=\"en_US\" \/>\n<meta property=\"og:type\" content=\"article\" \/>\n<meta property=\"og:title\" content=\"Billy Goat - Professional leaf and litter vacuum - QV550HSP - Prochaska\" \/>\n<meta property=\"og:description\" content=\"The QuietVac QV550HSP leaf and waste vacuum cleaner from Billy Goat is the quietest professional appliance on the market at 77dBa. The device is easy and convenient to control thanks to the Billy Goat Power steering and is ideal for removing run-off and waste from large areas.\" \/>\n<meta property=\"og:url\" content=\"https:\/\/prochaska.eu\/en\/produkt\/billy-goat-professional-leaf-and-litter-vacuum-qv550hsp\/\" \/>\n<meta property=\"og:site_name\" content=\"Prochaska\" \/>\n<meta property=\"article:publisher\" content=\"https:\/\/www.facebook.com\/prochaska.eu\/\" \/>\n<meta property=\"og:image\" content=\"https:\/\/prochaska.eu\/wp-content\/uploads\/2024\/06\/laub-abfallsauger-billygoat-qv550hsp-prochaska.jpg\" \/>\n\t<meta property=\"og:image:width\" content=\"1440\" \/>\n\t<meta property=\"og:image:height\" content=\"1440\" \/>\n\t<meta property=\"og:image:type\" content=\"image\/jpeg\" \/>\n<meta name=\"twitter:card\" content=\"summary_large_image\" \/>\n<meta name=\"twitter:label1\" content=\"Est. reading time\" \/>\n\t<meta name=\"twitter:data1\" content=\"1 minute\" \/>\n<script type=\"application\/ld+json\" class=\"yoast-schema-graph\">{\"@context\":\"https:\\\/\\\/schema.org\",\"@graph\":[{\"@type\":\"WebPage\",\"@id\":\"https:\\\/\\\/prochaska.eu\\\/en\\\/produkt\\\/billy-goat-professional-leaf-and-litter-vacuum-qv550hsp\\\/\",\"url\":\"https:\\\/\\\/prochaska.eu\\\/en\\\/produkt\\\/billy-goat-professional-leaf-and-litter-vacuum-qv550hsp\\\/\",\"name\":\"Billy Goat - Professional leaf and litter vacuum - QV550HSP - Prochaska\",\"isPartOf\":{\"@id\":\"https:\\\/\\\/prochaska.eu\\\/en\\\/#website\"},\"primaryImageOfPage\":{\"@id\":\"https:\\\/\\\/prochaska.eu\\\/en\\\/produkt\\\/billy-goat-professional-leaf-and-litter-vacuum-qv550hsp\\\/#primaryimage\"},\"image\":{\"@id\":\"https:\\\/\\\/prochaska.eu\\\/en\\\/produkt\\\/billy-goat-professional-leaf-and-litter-vacuum-qv550hsp\\\/#primaryimage\"},\"thumbnailUrl\":\"https:\\\/\\\/prochaska.eu\\\/wp-content\\\/uploads\\\/2024\\\/06\\\/laub-abfallsauger-billygoat-qv550hsp-prochaska.jpg\",\"datePublished\":\"2020-08-20T14:11:46+00:00\",\"breadcrumb\":{\"@id\":\"https:\\\/\\\/prochaska.eu\\\/en\\\/produkt\\\/billy-goat-professional-leaf-and-litter-vacuum-qv550hsp\\\/#breadcrumb\"},\"inLanguage\":\"en-US\",\"potentialAction\":[{\"@type\":\"ReadAction\",\"target\":[\"https:\\\/\\\/prochaska.eu\\\/en\\\/produkt\\\/billy-goat-professional-leaf-and-litter-vacuum-qv550hsp\\\/\"]}]},{\"@type\":\"ImageObject\",\"inLanguage\":\"en-US\",\"@id\":\"https:\\\/\\\/prochaska.eu\\\/en\\\/produkt\\\/billy-goat-professional-leaf-and-litter-vacuum-qv550hsp\\\/#primaryimage\",\"url\":\"https:\\\/\\\/prochaska.eu\\\/wp-content\\\/uploads\\\/2024\\\/06\\\/laub-abfallsauger-billygoat-qv550hsp-prochaska.jpg\",\"contentUrl\":\"https:\\\/\\\/prochaska.eu\\\/wp-content\\\/uploads\\\/2024\\\/06\\\/laub-abfallsauger-billygoat-qv550hsp-prochaska.jpg\",\"width\":1440,\"height\":1440},{\"@type\":\"BreadcrumbList\",\"@id\":\"https:\\\/\\\/prochaska.eu\\\/en\\\/produkt\\\/billy-goat-professional-leaf-and-litter-vacuum-qv550hsp\\\/#breadcrumb\",\"itemListElement\":[{\"@type\":\"ListItem\",\"position\":1,\"name\":\"Home\",\"item\":\"https:\\\/\\\/prochaska.eu\\\/en\\\/\"},{\"@type\":\"ListItem\",\"position\":2,\"name\":\"Shop\",\"item\":\"https:\\\/\\\/prochaska.eu\\\/shop\\\/\"},{\"@type\":\"ListItem\",\"position\":3,\"name\":\"Billy Goat &#8211; Professional leaf and litter vacuum &#8211; QV550HSP\"}]},{\"@type\":\"WebSite\",\"@id\":\"https:\\\/\\\/prochaska.eu\\\/en\\\/#website\",\"url\":\"https:\\\/\\\/prochaska.eu\\\/en\\\/\",\"name\":\"Prochaska\",\"description\":\"Spezialist f\u00fcr Pflege von Gr\u00fcnfl\u00e4chen\",\"publisher\":{\"@id\":\"https:\\\/\\\/prochaska.eu\\\/en\\\/#organization\"},\"potentialAction\":[{\"@type\":\"SearchAction\",\"target\":{\"@type\":\"EntryPoint\",\"urlTemplate\":\"https:\\\/\\\/prochaska.eu\\\/en\\\/?s={search_term_string}\"},\"query-input\":{\"@type\":\"PropertyValueSpecification\",\"valueRequired\":true,\"valueName\":\"search_term_string\"}}],\"inLanguage\":\"en-US\"},{\"@type\":\"Organization\",\"@id\":\"https:\\\/\\\/prochaska.eu\\\/en\\\/#organization\",\"name\":\"Prochaska\",\"url\":\"https:\\\/\\\/prochaska.eu\\\/en\\\/\",\"logo\":{\"@type\":\"ImageObject\",\"inLanguage\":\"en-US\",\"@id\":\"https:\\\/\\\/prochaska.eu\\\/en\\\/#\\\/schema\\\/logo\\\/image\\\/\",\"url\":\"https:\\\/\\\/prochaska.eu\\\/wp-content\\\/uploads\\\/2024\\\/04\\\/Prochaska_Logo_Black-1.png\",\"contentUrl\":\"https:\\\/\\\/prochaska.eu\\\/wp-content\\\/uploads\\\/2024\\\/04\\\/Prochaska_Logo_Black-1.png\",\"width\":796,\"height\":236,\"caption\":\"Prochaska\"},\"image\":{\"@id\":\"https:\\\/\\\/prochaska.eu\\\/en\\\/#\\\/schema\\\/logo\\\/image\\\/\"},\"sameAs\":[\"https:\\\/\\\/www.facebook.com\\\/prochaska.eu\\\/\",\"https:\\\/\\\/www.instagram.com\\\/prochaska.eu\\\/\",\"https:\\\/\\\/www.linkedin.com\\\/company\\\/prochaska-handels-gmbh\"]}]}<\/script>\n<!-- \/ Yoast SEO plugin. -->","yoast_head_json":{"title":"Billy Goat - Professional leaf and litter vacuum - QV550HSP - Prochaska","robots":{"index":"index","follow":"follow","max-snippet":"max-snippet:-1","max-image-preview":"max-image-preview:large","max-video-preview":"max-video-preview:-1"},"canonical":"https:\/\/prochaska.eu\/en\/produkt\/billy-goat-professional-leaf-and-litter-vacuum-qv550hsp\/","og_locale":"en_US","og_type":"article","og_title":"Billy Goat - Professional leaf and litter vacuum - QV550HSP - Prochaska","og_description":"The QuietVac QV550HSP leaf and waste vacuum cleaner from Billy Goat is the quietest professional appliance on the market at 77dBa. The device is easy and convenient to control thanks to the Billy Goat Power steering and is ideal for removing run-off and waste from large areas.","og_url":"https:\/\/prochaska.eu\/en\/produkt\/billy-goat-professional-leaf-and-litter-vacuum-qv550hsp\/","og_site_name":"Prochaska","article_publisher":"https:\/\/www.facebook.com\/prochaska.eu\/","og_image":[{"width":1440,"height":1440,"url":"https:\/\/prochaska.eu\/wp-content\/uploads\/2024\/06\/laub-abfallsauger-billygoat-qv550hsp-prochaska.jpg","type":"image\/jpeg"}],"twitter_card":"summary_large_image","twitter_misc":{"Est. reading time":"1 minute"},"schema":{"@context":"https:\/\/schema.org","@graph":[{"@type":"WebPage","@id":"https:\/\/prochaska.eu\/en\/produkt\/billy-goat-professional-leaf-and-litter-vacuum-qv550hsp\/","url":"https:\/\/prochaska.eu\/en\/produkt\/billy-goat-professional-leaf-and-litter-vacuum-qv550hsp\/","name":"Billy Goat - Professional leaf and litter vacuum - QV550HSP - Prochaska","isPartOf":{"@id":"https:\/\/prochaska.eu\/en\/#website"},"primaryImageOfPage":{"@id":"https:\/\/prochaska.eu\/en\/produkt\/billy-goat-professional-leaf-and-litter-vacuum-qv550hsp\/#primaryimage"},"image":{"@id":"https:\/\/prochaska.eu\/en\/produkt\/billy-goat-professional-leaf-and-litter-vacuum-qv550hsp\/#primaryimage"},"thumbnailUrl":"https:\/\/prochaska.eu\/wp-content\/uploads\/2024\/06\/laub-abfallsauger-billygoat-qv550hsp-prochaska.jpg","datePublished":"2020-08-20T14:11:46+00:00","breadcrumb":{"@id":"https:\/\/prochaska.eu\/en\/produkt\/billy-goat-professional-leaf-and-litter-vacuum-qv550hsp\/#breadcrumb"},"inLanguage":"en-US","potentialAction":[{"@type":"ReadAction","target":["https:\/\/prochaska.eu\/en\/produkt\/billy-goat-professional-leaf-and-litter-vacuum-qv550hsp\/"]}]},{"@type":"ImageObject","inLanguage":"en-US","@id":"https:\/\/prochaska.eu\/en\/produkt\/billy-goat-professional-leaf-and-litter-vacuum-qv550hsp\/#primaryimage","url":"https:\/\/prochaska.eu\/wp-content\/uploads\/2024\/06\/laub-abfallsauger-billygoat-qv550hsp-prochaska.jpg","contentUrl":"https:\/\/prochaska.eu\/wp-content\/uploads\/2024\/06\/laub-abfallsauger-billygoat-qv550hsp-prochaska.jpg","width":1440,"height":1440},{"@type":"BreadcrumbList","@id":"https:\/\/prochaska.eu\/en\/produkt\/billy-goat-professional-leaf-and-litter-vacuum-qv550hsp\/#breadcrumb","itemListElement":[{"@type":"ListItem","position":1,"name":"Home","item":"https:\/\/prochaska.eu\/en\/"},{"@type":"ListItem","position":2,"name":"Shop","item":"https:\/\/prochaska.eu\/shop\/"},{"@type":"ListItem","position":3,"name":"Billy Goat &#8211; Professional leaf and litter vacuum &#8211; QV550HSP"}]},{"@type":"WebSite","@id":"https:\/\/prochaska.eu\/en\/#website","url":"https:\/\/prochaska.eu\/en\/","name":"Prochaska","description":"Spezialist f\u00fcr Pflege von Gr\u00fcnfl\u00e4chen","publisher":{"@id":"https:\/\/prochaska.eu\/en\/#organization"},"potentialAction":[{"@type":"SearchAction","target":{"@type":"EntryPoint","urlTemplate":"https:\/\/prochaska.eu\/en\/?s={search_term_string}"},"query-input":{"@type":"PropertyValueSpecification","valueRequired":true,"valueName":"search_term_string"}}],"inLanguage":"en-US"},{"@type":"Organization","@id":"https:\/\/prochaska.eu\/en\/#organization","name":"Prochaska","url":"https:\/\/prochaska.eu\/en\/","logo":{"@type":"ImageObject","inLanguage":"en-US","@id":"https:\/\/prochaska.eu\/en\/#\/schema\/logo\/image\/","url":"https:\/\/prochaska.eu\/wp-content\/uploads\/2024\/04\/Prochaska_Logo_Black-1.png","contentUrl":"https:\/\/prochaska.eu\/wp-content\/uploads\/2024\/04\/Prochaska_Logo_Black-1.png","width":796,"height":236,"caption":"Prochaska"},"image":{"@id":"https:\/\/prochaska.eu\/en\/#\/schema\/logo\/image\/"},"sameAs":["https:\/\/www.facebook.com\/prochaska.eu\/","https:\/\/www.instagram.com\/prochaska.eu\/","https:\/\/www.linkedin.com\/company\/prochaska-handels-gmbh"]}]}},"brands":[{"id":3085,"name":"Billy Goat","slug":"billy-goat-en"}],"_links":{"self":[{"href":"https:\/\/prochaska.eu\/en\/wp-json\/wp\/v2\/product\/25448","targetHints":{"allow":["GET"]}}],"collection":[{"href":"https:\/\/prochaska.eu\/en\/wp-json\/wp\/v2\/product"}],"about":[{"href":"https:\/\/prochaska.eu\/en\/wp-json\/wp\/v2\/types\/product"}],"version-history":[{"count":0,"href":"https:\/\/prochaska.eu\/en\/wp-json\/wp\/v2\/product\/25448\/revisions"}],"wp:featuredmedia":[{"embeddable":true,"href":"https:\/\/prochaska.eu\/en\/wp-json\/wp\/v2\/media\/22142"}],"wp:attachment":[{"href":"https:\/\/prochaska.eu\/en\/wp-json\/wp\/v2\/media?parent=25448"}],"wp:term":[{"taxonomy":"pwb-brand","embeddable":true,"href":"https:\/\/prochaska.eu\/en\/wp-json\/wp\/v2\/pwb-brand?post=25448"},{"taxonomy":"product_brand","embeddable":true,"href":"https:\/\/prochaska.eu\/en\/wp-json\/wp\/v2\/product_brand?post=25448"},{"taxonomy":"product_cat","embeddable":true,"href":"https:\/\/prochaska.eu\/en\/wp-json\/wp\/v2\/product_cat?post=25448"},{"taxonomy":"product_tag","embeddable":true,"href":"https:\/\/prochaska.eu\/en\/wp-json\/wp\/v2\/product_tag?post=25448"}],"curies":[{"name":"wp","href":"https:\/\/api.w.org\/{rel}","templated":true}]}}