{"id":25465,"date":"2020-08-20T10:22:26","date_gmt":"2020-08-20T10:22:26","guid":{"rendered":"https:\/\/prochaska.eu\/product\/billy-goat-scarifier-accessories-scarifying-reel-cr\/"},"modified":"2025-09-30T14:14:27","modified_gmt":"2025-09-30T14:14:27","slug":"billy-goat-scarifier-accessories-scarifying-reel-cr","status":"publish","type":"product","link":"https:\/\/prochaska.eu\/en\/produkt\/billy-goat-scarifier-accessories-scarifying-reel-cr\/","title":{"rendered":"Billy Goat &#8211; Scarifier &#8211; Accessories &#8211; Scarifying reel &#8211; CR"},"content":{"rendered":"<p>The scarifying reel from <a href=\"https:\/\/www.prochaska.eu\/billygoat\/\">Billy Goat<\/a> can be used for the <a href=\"https:\/\/www.prochaska.eu\/produkt\/billy-goat-vertikutierer-compact-power-rake-cr550hceu\/\">CR550HCEU<\/a> scarifier. The accessory is perfect for thinning out turf, improving drainage and reseeding.<\/p>\n","protected":false},"excerpt":{"rendered":"<p>The scarifying reel from <a href=\"https:\/\/www.prochaska.eu\/billygoat\/\">Billy Goat<\/a> can be used for the <a href=\"https:\/\/www.prochaska.eu\/produkt\/billy-goat-vertikutierer-compact-power-rake-cr550hceu\/\">CR550HCEU<\/a> scarifier. The accessory is perfect for thinning out turf, improving drainage and reseeding.<\/p>\n","protected":false},"featured_media":22121,"template":"","meta":[],"pwb-brand":[3085],"product_brand":[],"product_cat":[1160],"product_tag":[1534],"class_list":{"0":"post-25465","1":"product","2":"type-product","3":"status-publish","4":"has-post-thumbnail","6":"pwb-brand-billy-goat-en","7":"product_cat-scarifier-aerator-leaf-remover","8":"product_tag-billy-goat-en","10":"first","11":"instock","12":"taxable","13":"shipping-taxable","14":"purchasable","15":"product-type-simple"},"yoast_head":"<!-- This site is optimized with the Yoast SEO plugin v27.4 - https:\/\/yoast.com\/product\/yoast-seo-wordpress\/ -->\n<title>Billy Goat - Scarifier - Accessories - Scarifying reel - CR<\/title>\n<meta name=\"description\" content=\"The Billy Goat replacement blade set can be used for the CR550HCEU scarifier. The accessory is perfect for thinning out turf, improving drainage and reseeding.\" \/>\n<meta name=\"robots\" content=\"index, follow, max-snippet:-1, max-image-preview:large, max-video-preview:-1\" \/>\n<link rel=\"canonical\" href=\"https:\/\/prochaska.eu\/en\/produkt\/billy-goat-scarifier-accessories-scarifying-reel-cr\/\" \/>\n<meta property=\"og:locale\" content=\"en_US\" \/>\n<meta property=\"og:type\" content=\"article\" \/>\n<meta property=\"og:title\" content=\"Billy Goat - Scarifier - Accessories - Scarifying reel - CR\" \/>\n<meta property=\"og:description\" content=\"The Billy Goat replacement blade set can be used for the CR550HCEU scarifier. The accessory is perfect for thinning out turf, improving drainage and reseeding.\" \/>\n<meta property=\"og:url\" content=\"https:\/\/prochaska.eu\/en\/produkt\/billy-goat-scarifier-accessories-scarifying-reel-cr\/\" \/>\n<meta property=\"og:site_name\" content=\"Prochaska\" \/>\n<meta property=\"article:publisher\" content=\"https:\/\/www.facebook.com\/prochaska.eu\/\" \/>\n<meta property=\"article:modified_time\" content=\"2025-09-30T14:14:27+00:00\" \/>\n<meta property=\"og:image\" content=\"https:\/\/prochaska.eu\/wp-content\/uploads\/2024\/06\/vertikutierer-billygoat-ersatzpendelmesser-zubehoer-350251-s-prochaska.jpg\" \/>\n\t<meta property=\"og:image:width\" content=\"1440\" \/>\n\t<meta property=\"og:image:height\" content=\"1440\" \/>\n\t<meta property=\"og:image:type\" content=\"image\/jpeg\" \/>\n<meta name=\"twitter:card\" content=\"summary_large_image\" \/>\n<script type=\"application\/ld+json\" class=\"yoast-schema-graph\">{\"@context\":\"https:\\\/\\\/schema.org\",\"@graph\":[{\"@type\":\"WebPage\",\"@id\":\"https:\\\/\\\/prochaska.eu\\\/en\\\/produkt\\\/billy-goat-scarifier-accessories-scarifying-reel-cr\\\/\",\"url\":\"https:\\\/\\\/prochaska.eu\\\/en\\\/produkt\\\/billy-goat-scarifier-accessories-scarifying-reel-cr\\\/\",\"name\":\"Billy Goat - Scarifier - Accessories - Scarifying reel - CR\",\"isPartOf\":{\"@id\":\"https:\\\/\\\/prochaska.eu\\\/en\\\/#website\"},\"primaryImageOfPage\":{\"@id\":\"https:\\\/\\\/prochaska.eu\\\/en\\\/produkt\\\/billy-goat-scarifier-accessories-scarifying-reel-cr\\\/#primaryimage\"},\"image\":{\"@id\":\"https:\\\/\\\/prochaska.eu\\\/en\\\/produkt\\\/billy-goat-scarifier-accessories-scarifying-reel-cr\\\/#primaryimage\"},\"thumbnailUrl\":\"https:\\\/\\\/prochaska.eu\\\/wp-content\\\/uploads\\\/2024\\\/06\\\/vertikutierer-billygoat-ersatzpendelmesser-zubehoer-350251-s-prochaska.jpg\",\"datePublished\":\"2020-08-20T10:22:26+00:00\",\"dateModified\":\"2025-09-30T14:14:27+00:00\",\"description\":\"The Billy Goat replacement blade set can be used for the CR550HCEU scarifier. The accessory is perfect for thinning out turf, improving drainage and reseeding.\",\"breadcrumb\":{\"@id\":\"https:\\\/\\\/prochaska.eu\\\/en\\\/produkt\\\/billy-goat-scarifier-accessories-scarifying-reel-cr\\\/#breadcrumb\"},\"inLanguage\":\"en-US\",\"potentialAction\":[{\"@type\":\"ReadAction\",\"target\":[\"https:\\\/\\\/prochaska.eu\\\/en\\\/produkt\\\/billy-goat-scarifier-accessories-scarifying-reel-cr\\\/\"]}]},{\"@type\":\"ImageObject\",\"inLanguage\":\"en-US\",\"@id\":\"https:\\\/\\\/prochaska.eu\\\/en\\\/produkt\\\/billy-goat-scarifier-accessories-scarifying-reel-cr\\\/#primaryimage\",\"url\":\"https:\\\/\\\/prochaska.eu\\\/wp-content\\\/uploads\\\/2024\\\/06\\\/vertikutierer-billygoat-ersatzpendelmesser-zubehoer-350251-s-prochaska.jpg\",\"contentUrl\":\"https:\\\/\\\/prochaska.eu\\\/wp-content\\\/uploads\\\/2024\\\/06\\\/vertikutierer-billygoat-ersatzpendelmesser-zubehoer-350251-s-prochaska.jpg\",\"width\":1440,\"height\":1440},{\"@type\":\"BreadcrumbList\",\"@id\":\"https:\\\/\\\/prochaska.eu\\\/en\\\/produkt\\\/billy-goat-scarifier-accessories-scarifying-reel-cr\\\/#breadcrumb\",\"itemListElement\":[{\"@type\":\"ListItem\",\"position\":1,\"name\":\"Home\",\"item\":\"https:\\\/\\\/prochaska.eu\\\/en\\\/\"},{\"@type\":\"ListItem\",\"position\":2,\"name\":\"Shop\",\"item\":\"https:\\\/\\\/prochaska.eu\\\/shop\\\/\"},{\"@type\":\"ListItem\",\"position\":3,\"name\":\"Billy Goat &#8211; Scarifier &#8211; Accessories &#8211; Scarifying reel &#8211; CR\"}]},{\"@type\":\"WebSite\",\"@id\":\"https:\\\/\\\/prochaska.eu\\\/en\\\/#website\",\"url\":\"https:\\\/\\\/prochaska.eu\\\/en\\\/\",\"name\":\"Prochaska\",\"description\":\"Spezialist f\u00fcr Pflege von Gr\u00fcnfl\u00e4chen\",\"publisher\":{\"@id\":\"https:\\\/\\\/prochaska.eu\\\/en\\\/#organization\"},\"potentialAction\":[{\"@type\":\"SearchAction\",\"target\":{\"@type\":\"EntryPoint\",\"urlTemplate\":\"https:\\\/\\\/prochaska.eu\\\/en\\\/?s={search_term_string}\"},\"query-input\":{\"@type\":\"PropertyValueSpecification\",\"valueRequired\":true,\"valueName\":\"search_term_string\"}}],\"inLanguage\":\"en-US\"},{\"@type\":\"Organization\",\"@id\":\"https:\\\/\\\/prochaska.eu\\\/en\\\/#organization\",\"name\":\"Prochaska\",\"url\":\"https:\\\/\\\/prochaska.eu\\\/en\\\/\",\"logo\":{\"@type\":\"ImageObject\",\"inLanguage\":\"en-US\",\"@id\":\"https:\\\/\\\/prochaska.eu\\\/en\\\/#\\\/schema\\\/logo\\\/image\\\/\",\"url\":\"https:\\\/\\\/prochaska.eu\\\/wp-content\\\/uploads\\\/2024\\\/04\\\/Prochaska_Logo_Black-1.png\",\"contentUrl\":\"https:\\\/\\\/prochaska.eu\\\/wp-content\\\/uploads\\\/2024\\\/04\\\/Prochaska_Logo_Black-1.png\",\"width\":796,\"height\":236,\"caption\":\"Prochaska\"},\"image\":{\"@id\":\"https:\\\/\\\/prochaska.eu\\\/en\\\/#\\\/schema\\\/logo\\\/image\\\/\"},\"sameAs\":[\"https:\\\/\\\/www.facebook.com\\\/prochaska.eu\\\/\",\"https:\\\/\\\/www.instagram.com\\\/prochaska.eu\\\/\",\"https:\\\/\\\/www.linkedin.com\\\/company\\\/prochaska-handels-gmbh\"]}]}<\/script>\n<!-- \/ Yoast SEO plugin. -->","yoast_head_json":{"title":"Billy Goat - Scarifier - Accessories - Scarifying reel - CR","description":"The Billy Goat replacement blade set can be used for the CR550HCEU scarifier. The accessory is perfect for thinning out turf, improving drainage and reseeding.","robots":{"index":"index","follow":"follow","max-snippet":"max-snippet:-1","max-image-preview":"max-image-preview:large","max-video-preview":"max-video-preview:-1"},"canonical":"https:\/\/prochaska.eu\/en\/produkt\/billy-goat-scarifier-accessories-scarifying-reel-cr\/","og_locale":"en_US","og_type":"article","og_title":"Billy Goat - Scarifier - Accessories - Scarifying reel - CR","og_description":"The Billy Goat replacement blade set can be used for the CR550HCEU scarifier. The accessory is perfect for thinning out turf, improving drainage and reseeding.","og_url":"https:\/\/prochaska.eu\/en\/produkt\/billy-goat-scarifier-accessories-scarifying-reel-cr\/","og_site_name":"Prochaska","article_publisher":"https:\/\/www.facebook.com\/prochaska.eu\/","article_modified_time":"2025-09-30T14:14:27+00:00","og_image":[{"width":1440,"height":1440,"url":"https:\/\/prochaska.eu\/wp-content\/uploads\/2024\/06\/vertikutierer-billygoat-ersatzpendelmesser-zubehoer-350251-s-prochaska.jpg","type":"image\/jpeg"}],"twitter_card":"summary_large_image","schema":{"@context":"https:\/\/schema.org","@graph":[{"@type":"WebPage","@id":"https:\/\/prochaska.eu\/en\/produkt\/billy-goat-scarifier-accessories-scarifying-reel-cr\/","url":"https:\/\/prochaska.eu\/en\/produkt\/billy-goat-scarifier-accessories-scarifying-reel-cr\/","name":"Billy Goat - Scarifier - Accessories - Scarifying reel - CR","isPartOf":{"@id":"https:\/\/prochaska.eu\/en\/#website"},"primaryImageOfPage":{"@id":"https:\/\/prochaska.eu\/en\/produkt\/billy-goat-scarifier-accessories-scarifying-reel-cr\/#primaryimage"},"image":{"@id":"https:\/\/prochaska.eu\/en\/produkt\/billy-goat-scarifier-accessories-scarifying-reel-cr\/#primaryimage"},"thumbnailUrl":"https:\/\/prochaska.eu\/wp-content\/uploads\/2024\/06\/vertikutierer-billygoat-ersatzpendelmesser-zubehoer-350251-s-prochaska.jpg","datePublished":"2020-08-20T10:22:26+00:00","dateModified":"2025-09-30T14:14:27+00:00","description":"The Billy Goat replacement blade set can be used for the CR550HCEU scarifier. The accessory is perfect for thinning out turf, improving drainage and reseeding.","breadcrumb":{"@id":"https:\/\/prochaska.eu\/en\/produkt\/billy-goat-scarifier-accessories-scarifying-reel-cr\/#breadcrumb"},"inLanguage":"en-US","potentialAction":[{"@type":"ReadAction","target":["https:\/\/prochaska.eu\/en\/produkt\/billy-goat-scarifier-accessories-scarifying-reel-cr\/"]}]},{"@type":"ImageObject","inLanguage":"en-US","@id":"https:\/\/prochaska.eu\/en\/produkt\/billy-goat-scarifier-accessories-scarifying-reel-cr\/#primaryimage","url":"https:\/\/prochaska.eu\/wp-content\/uploads\/2024\/06\/vertikutierer-billygoat-ersatzpendelmesser-zubehoer-350251-s-prochaska.jpg","contentUrl":"https:\/\/prochaska.eu\/wp-content\/uploads\/2024\/06\/vertikutierer-billygoat-ersatzpendelmesser-zubehoer-350251-s-prochaska.jpg","width":1440,"height":1440},{"@type":"BreadcrumbList","@id":"https:\/\/prochaska.eu\/en\/produkt\/billy-goat-scarifier-accessories-scarifying-reel-cr\/#breadcrumb","itemListElement":[{"@type":"ListItem","position":1,"name":"Home","item":"https:\/\/prochaska.eu\/en\/"},{"@type":"ListItem","position":2,"name":"Shop","item":"https:\/\/prochaska.eu\/shop\/"},{"@type":"ListItem","position":3,"name":"Billy Goat &#8211; Scarifier &#8211; Accessories &#8211; Scarifying reel &#8211; CR"}]},{"@type":"WebSite","@id":"https:\/\/prochaska.eu\/en\/#website","url":"https:\/\/prochaska.eu\/en\/","name":"Prochaska","description":"Spezialist f\u00fcr Pflege von Gr\u00fcnfl\u00e4chen","publisher":{"@id":"https:\/\/prochaska.eu\/en\/#organization"},"potentialAction":[{"@type":"SearchAction","target":{"@type":"EntryPoint","urlTemplate":"https:\/\/prochaska.eu\/en\/?s={search_term_string}"},"query-input":{"@type":"PropertyValueSpecification","valueRequired":true,"valueName":"search_term_string"}}],"inLanguage":"en-US"},{"@type":"Organization","@id":"https:\/\/prochaska.eu\/en\/#organization","name":"Prochaska","url":"https:\/\/prochaska.eu\/en\/","logo":{"@type":"ImageObject","inLanguage":"en-US","@id":"https:\/\/prochaska.eu\/en\/#\/schema\/logo\/image\/","url":"https:\/\/prochaska.eu\/wp-content\/uploads\/2024\/04\/Prochaska_Logo_Black-1.png","contentUrl":"https:\/\/prochaska.eu\/wp-content\/uploads\/2024\/04\/Prochaska_Logo_Black-1.png","width":796,"height":236,"caption":"Prochaska"},"image":{"@id":"https:\/\/prochaska.eu\/en\/#\/schema\/logo\/image\/"},"sameAs":["https:\/\/www.facebook.com\/prochaska.eu\/","https:\/\/www.instagram.com\/prochaska.eu\/","https:\/\/www.linkedin.com\/company\/prochaska-handels-gmbh"]}]}},"brands":[{"id":3085,"name":"Billy Goat","slug":"billy-goat-en"}],"_links":{"self":[{"href":"https:\/\/prochaska.eu\/en\/wp-json\/wp\/v2\/product\/25465","targetHints":{"allow":["GET"]}}],"collection":[{"href":"https:\/\/prochaska.eu\/en\/wp-json\/wp\/v2\/product"}],"about":[{"href":"https:\/\/prochaska.eu\/en\/wp-json\/wp\/v2\/types\/product"}],"version-history":[{"count":1,"href":"https:\/\/prochaska.eu\/en\/wp-json\/wp\/v2\/product\/25465\/revisions"}],"predecessor-version":[{"id":31798,"href":"https:\/\/prochaska.eu\/en\/wp-json\/wp\/v2\/product\/25465\/revisions\/31798"}],"wp:featuredmedia":[{"embeddable":true,"href":"https:\/\/prochaska.eu\/en\/wp-json\/wp\/v2\/media\/22121"}],"wp:attachment":[{"href":"https:\/\/prochaska.eu\/en\/wp-json\/wp\/v2\/media?parent=25465"}],"wp:term":[{"taxonomy":"pwb-brand","embeddable":true,"href":"https:\/\/prochaska.eu\/en\/wp-json\/wp\/v2\/pwb-brand?post=25465"},{"taxonomy":"product_brand","embeddable":true,"href":"https:\/\/prochaska.eu\/en\/wp-json\/wp\/v2\/product_brand?post=25465"},{"taxonomy":"product_cat","embeddable":true,"href":"https:\/\/prochaska.eu\/en\/wp-json\/wp\/v2\/product_cat?post=25465"},{"taxonomy":"product_tag","embeddable":true,"href":"https:\/\/prochaska.eu\/en\/wp-json\/wp\/v2\/product_tag?post=25465"}],"curies":[{"name":"wp","href":"https:\/\/api.w.org\/{rel}","templated":true}]}}