{"id":25504,"date":"2020-08-11T13:10:09","date_gmt":"2020-08-11T13:10:09","guid":{"rendered":"https:\/\/prochaska.eu\/product\/toro-snow-blower-snow-max-724-qxe-ce-38721\/"},"modified":"2020-08-11T13:10:09","modified_gmt":"2020-08-11T13:10:09","slug":"toro-snow-blower-snow-max-724-qxe-ce-38721","status":"publish","type":"product","link":"https:\/\/prochaska.eu\/en\/produkt\/toro-snow-blower-snow-max-724-qxe-ce-38721\/","title":{"rendered":"TORO Snow blower &#8211; Snow Max 724 QXE CE &#8211; 38721"},"content":{"rendered":"<p>The two-stage Snow Max 724 QXE CE snow blowers from <a href=\"https:\/\/www.prochaska.eu\/toro\/\">TORO<\/a> have a powerful high-performance engine, a robust clearing gearbox and, with a clearing width of 61 cm, are particularly suitable for removing large snow depths of up to 46 cm. The throwing range is up to 12 m. The snow blower is ideal for concrete and asphalt surfaces and even wet snow can be cleared quickly and effortlessly. Toro&#8217;s innovative system is the only one that allows large quantities of snow to be automatically diverted away from the discharge chute so that the chute does not become blocked.<\/p>\n<h2 style=\"text-align: left;\">PRODUCT ADVANTAGES<\/h2>\n<ul>\n<li>Toro Premium OHV four-stroke engine, 212 cc<\/li>\n<li>Integrated, two-stage clearing unit for wet and shear snow<\/li>\n<li>Quick-Stick discharge chute lever with 200\u00b0 rotation<\/li>\n<li style=\"text-align: left;\">Anti-clogging system (ACS) for large amounts of snow<\/li>\n<li>Automatic-Drive Self-drive<\/li>\n<li>Unique zip deflector<\/li>\n<li>Powerful high-performance motor<\/li>\n<\/ul>\n<h2>OPTIONAL ACCESSORIES<\/h2>\n<ul>\n<li><a href=\"https:\/\/www.prochaska.eu\/produkt\/schneefraesen-schutzabdeckung\/\">Cover (\u20ac 69,90)<\/a><\/li>\n<li><a href=\"https:\/\/www.prochaska.eu\/produkt\/synthetisches-toro-winteroel\/\">Synthetic snow blower oil 0.59 l (\u20ac 9.90)<\/a><\/li>\n<li><a href=\"https:\/\/www.prochaska.eu\/produkt\/schneefraesen-oel-zweistufig-24er-pack\/\">24er advantage pack snow blower oil 0,59 l (\u20ac 129,90)<\/a><\/li>\n<\/ul>\n","protected":false},"excerpt":{"rendered":"<p>The two-stage <a href=\"https:\/\/www.prochaska.eu\/toro\/\">TORO<\/a> Snow Max 724 QXE CE snow blower has an integrated, two-stage clearing unit and a throwing range of up to 12 m. Ideally suited for snow depths of up to 46 cm.<\/p>\n","protected":false},"featured_media":22052,"template":"","meta":[],"pwb-brand":[3072],"product_brand":[],"product_cat":[1102,2020,2019],"product_tag":[2025],"class_list":{"0":"post-25504","1":"product","2":"type-product","3":"status-publish","4":"has-post-thumbnail","6":"pwb-brand-toro-en","7":"product_cat-house-and-garden","8":"product_cat-snow-blowers","9":"product_cat-winter-service","10":"product_tag-snow-blower","12":"first","13":"outofstock","14":"taxable","15":"shipping-taxable","16":"purchasable","17":"product-type-variable"},"yoast_head":"<!-- This site is optimized with the Yoast SEO plugin v27.5 - https:\/\/yoast.com\/product\/yoast-seo-wordpress\/ -->\n<title>TORO Snow blower - Snow Max 724 QXE CE - 38721 - Prochaska<\/title>\n<meta name=\"robots\" content=\"index, follow, max-snippet:-1, max-image-preview:large, max-video-preview:-1\" \/>\n<link rel=\"canonical\" href=\"https:\/\/prochaska.eu\/en\/produkt\/toro-snow-blower-snow-max-724-qxe-ce-38721\/\" \/>\n<meta property=\"og:locale\" content=\"en_US\" \/>\n<meta property=\"og:type\" content=\"article\" \/>\n<meta property=\"og:title\" content=\"TORO Snow blower - Snow Max 724 QXE CE - 38721 - Prochaska\" \/>\n<meta property=\"og:description\" content=\"The two-stage TORO Snow Max 724 QXE CE snow blower has an integrated, two-stage clearing unit and a throwing range of up to 12 m. Ideally suited for snow depths of up to 46 cm.\" \/>\n<meta property=\"og:url\" content=\"https:\/\/prochaska.eu\/en\/produkt\/toro-snow-blower-snow-max-724-qxe-ce-38721\/\" \/>\n<meta property=\"og:site_name\" content=\"Prochaska\" \/>\n<meta property=\"article:publisher\" content=\"https:\/\/www.facebook.com\/prochaska.eu\/\" \/>\n<meta property=\"og:image\" content=\"https:\/\/prochaska.eu\/wp-content\/uploads\/2024\/06\/schneefraese-toro-snowmax-724-38721-prochaska.jpg\" \/>\n\t<meta property=\"og:image:width\" content=\"1440\" \/>\n\t<meta property=\"og:image:height\" content=\"1440\" \/>\n\t<meta property=\"og:image:type\" content=\"image\/jpeg\" \/>\n<meta name=\"twitter:card\" content=\"summary_large_image\" \/>\n<meta name=\"twitter:label1\" content=\"Est. reading time\" \/>\n\t<meta name=\"twitter:data1\" content=\"1 minute\" \/>\n<script type=\"application\/ld+json\" class=\"yoast-schema-graph\">{\"@context\":\"https:\\\/\\\/schema.org\",\"@graph\":[{\"@type\":\"WebPage\",\"@id\":\"https:\\\/\\\/prochaska.eu\\\/en\\\/produkt\\\/toro-snow-blower-snow-max-724-qxe-ce-38721\\\/\",\"url\":\"https:\\\/\\\/prochaska.eu\\\/en\\\/produkt\\\/toro-snow-blower-snow-max-724-qxe-ce-38721\\\/\",\"name\":\"TORO Snow blower - Snow Max 724 QXE CE - 38721 - Prochaska\",\"isPartOf\":{\"@id\":\"https:\\\/\\\/prochaska.eu\\\/en\\\/#website\"},\"primaryImageOfPage\":{\"@id\":\"https:\\\/\\\/prochaska.eu\\\/en\\\/produkt\\\/toro-snow-blower-snow-max-724-qxe-ce-38721\\\/#primaryimage\"},\"image\":{\"@id\":\"https:\\\/\\\/prochaska.eu\\\/en\\\/produkt\\\/toro-snow-blower-snow-max-724-qxe-ce-38721\\\/#primaryimage\"},\"thumbnailUrl\":\"https:\\\/\\\/prochaska.eu\\\/wp-content\\\/uploads\\\/2024\\\/06\\\/schneefraese-toro-snowmax-724-38721-prochaska.jpg\",\"datePublished\":\"2020-08-11T13:10:09+00:00\",\"breadcrumb\":{\"@id\":\"https:\\\/\\\/prochaska.eu\\\/en\\\/produkt\\\/toro-snow-blower-snow-max-724-qxe-ce-38721\\\/#breadcrumb\"},\"inLanguage\":\"en-US\",\"potentialAction\":[{\"@type\":\"ReadAction\",\"target\":[\"https:\\\/\\\/prochaska.eu\\\/en\\\/produkt\\\/toro-snow-blower-snow-max-724-qxe-ce-38721\\\/\"]}]},{\"@type\":\"ImageObject\",\"inLanguage\":\"en-US\",\"@id\":\"https:\\\/\\\/prochaska.eu\\\/en\\\/produkt\\\/toro-snow-blower-snow-max-724-qxe-ce-38721\\\/#primaryimage\",\"url\":\"https:\\\/\\\/prochaska.eu\\\/wp-content\\\/uploads\\\/2024\\\/06\\\/schneefraese-toro-snowmax-724-38721-prochaska.jpg\",\"contentUrl\":\"https:\\\/\\\/prochaska.eu\\\/wp-content\\\/uploads\\\/2024\\\/06\\\/schneefraese-toro-snowmax-724-38721-prochaska.jpg\",\"width\":1440,\"height\":1440},{\"@type\":\"BreadcrumbList\",\"@id\":\"https:\\\/\\\/prochaska.eu\\\/en\\\/produkt\\\/toro-snow-blower-snow-max-724-qxe-ce-38721\\\/#breadcrumb\",\"itemListElement\":[{\"@type\":\"ListItem\",\"position\":1,\"name\":\"Home\",\"item\":\"https:\\\/\\\/prochaska.eu\\\/en\\\/\"},{\"@type\":\"ListItem\",\"position\":2,\"name\":\"Shop\",\"item\":\"https:\\\/\\\/prochaska.eu\\\/shop\\\/\"},{\"@type\":\"ListItem\",\"position\":3,\"name\":\"TORO Snow blower &#8211; Snow Max 724 QXE CE &#8211; 38721\"}]},{\"@type\":\"WebSite\",\"@id\":\"https:\\\/\\\/prochaska.eu\\\/en\\\/#website\",\"url\":\"https:\\\/\\\/prochaska.eu\\\/en\\\/\",\"name\":\"Prochaska\",\"description\":\"Spezialist f\u00fcr Pflege von Gr\u00fcnfl\u00e4chen\",\"publisher\":{\"@id\":\"https:\\\/\\\/prochaska.eu\\\/en\\\/#organization\"},\"potentialAction\":[{\"@type\":\"SearchAction\",\"target\":{\"@type\":\"EntryPoint\",\"urlTemplate\":\"https:\\\/\\\/prochaska.eu\\\/en\\\/?s={search_term_string}\"},\"query-input\":{\"@type\":\"PropertyValueSpecification\",\"valueRequired\":true,\"valueName\":\"search_term_string\"}}],\"inLanguage\":\"en-US\"},{\"@type\":\"Organization\",\"@id\":\"https:\\\/\\\/prochaska.eu\\\/en\\\/#organization\",\"name\":\"Prochaska\",\"url\":\"https:\\\/\\\/prochaska.eu\\\/en\\\/\",\"logo\":{\"@type\":\"ImageObject\",\"inLanguage\":\"en-US\",\"@id\":\"https:\\\/\\\/prochaska.eu\\\/en\\\/#\\\/schema\\\/logo\\\/image\\\/\",\"url\":\"https:\\\/\\\/prochaska.eu\\\/wp-content\\\/uploads\\\/2024\\\/04\\\/Prochaska_Logo_Black-1.png\",\"contentUrl\":\"https:\\\/\\\/prochaska.eu\\\/wp-content\\\/uploads\\\/2024\\\/04\\\/Prochaska_Logo_Black-1.png\",\"width\":796,\"height\":236,\"caption\":\"Prochaska\"},\"image\":{\"@id\":\"https:\\\/\\\/prochaska.eu\\\/en\\\/#\\\/schema\\\/logo\\\/image\\\/\"},\"sameAs\":[\"https:\\\/\\\/www.facebook.com\\\/prochaska.eu\\\/\",\"https:\\\/\\\/www.instagram.com\\\/prochaska.eu\\\/\",\"https:\\\/\\\/www.linkedin.com\\\/company\\\/prochaska-handels-gmbh\"]}]}<\/script>\n<!-- \/ Yoast SEO plugin. -->","yoast_head_json":{"title":"TORO Snow blower - Snow Max 724 QXE CE - 38721 - Prochaska","robots":{"index":"index","follow":"follow","max-snippet":"max-snippet:-1","max-image-preview":"max-image-preview:large","max-video-preview":"max-video-preview:-1"},"canonical":"https:\/\/prochaska.eu\/en\/produkt\/toro-snow-blower-snow-max-724-qxe-ce-38721\/","og_locale":"en_US","og_type":"article","og_title":"TORO Snow blower - Snow Max 724 QXE CE - 38721 - Prochaska","og_description":"The two-stage TORO Snow Max 724 QXE CE snow blower has an integrated, two-stage clearing unit and a throwing range of up to 12 m. Ideally suited for snow depths of up to 46 cm.","og_url":"https:\/\/prochaska.eu\/en\/produkt\/toro-snow-blower-snow-max-724-qxe-ce-38721\/","og_site_name":"Prochaska","article_publisher":"https:\/\/www.facebook.com\/prochaska.eu\/","og_image":[{"width":1440,"height":1440,"url":"https:\/\/prochaska.eu\/wp-content\/uploads\/2024\/06\/schneefraese-toro-snowmax-724-38721-prochaska.jpg","type":"image\/jpeg"}],"twitter_card":"summary_large_image","twitter_misc":{"Est. reading time":"1 minute"},"schema":{"@context":"https:\/\/schema.org","@graph":[{"@type":"WebPage","@id":"https:\/\/prochaska.eu\/en\/produkt\/toro-snow-blower-snow-max-724-qxe-ce-38721\/","url":"https:\/\/prochaska.eu\/en\/produkt\/toro-snow-blower-snow-max-724-qxe-ce-38721\/","name":"TORO Snow blower - Snow Max 724 QXE CE - 38721 - Prochaska","isPartOf":{"@id":"https:\/\/prochaska.eu\/en\/#website"},"primaryImageOfPage":{"@id":"https:\/\/prochaska.eu\/en\/produkt\/toro-snow-blower-snow-max-724-qxe-ce-38721\/#primaryimage"},"image":{"@id":"https:\/\/prochaska.eu\/en\/produkt\/toro-snow-blower-snow-max-724-qxe-ce-38721\/#primaryimage"},"thumbnailUrl":"https:\/\/prochaska.eu\/wp-content\/uploads\/2024\/06\/schneefraese-toro-snowmax-724-38721-prochaska.jpg","datePublished":"2020-08-11T13:10:09+00:00","breadcrumb":{"@id":"https:\/\/prochaska.eu\/en\/produkt\/toro-snow-blower-snow-max-724-qxe-ce-38721\/#breadcrumb"},"inLanguage":"en-US","potentialAction":[{"@type":"ReadAction","target":["https:\/\/prochaska.eu\/en\/produkt\/toro-snow-blower-snow-max-724-qxe-ce-38721\/"]}]},{"@type":"ImageObject","inLanguage":"en-US","@id":"https:\/\/prochaska.eu\/en\/produkt\/toro-snow-blower-snow-max-724-qxe-ce-38721\/#primaryimage","url":"https:\/\/prochaska.eu\/wp-content\/uploads\/2024\/06\/schneefraese-toro-snowmax-724-38721-prochaska.jpg","contentUrl":"https:\/\/prochaska.eu\/wp-content\/uploads\/2024\/06\/schneefraese-toro-snowmax-724-38721-prochaska.jpg","width":1440,"height":1440},{"@type":"BreadcrumbList","@id":"https:\/\/prochaska.eu\/en\/produkt\/toro-snow-blower-snow-max-724-qxe-ce-38721\/#breadcrumb","itemListElement":[{"@type":"ListItem","position":1,"name":"Home","item":"https:\/\/prochaska.eu\/en\/"},{"@type":"ListItem","position":2,"name":"Shop","item":"https:\/\/prochaska.eu\/shop\/"},{"@type":"ListItem","position":3,"name":"TORO Snow blower &#8211; Snow Max 724 QXE CE &#8211; 38721"}]},{"@type":"WebSite","@id":"https:\/\/prochaska.eu\/en\/#website","url":"https:\/\/prochaska.eu\/en\/","name":"Prochaska","description":"Spezialist f\u00fcr Pflege von Gr\u00fcnfl\u00e4chen","publisher":{"@id":"https:\/\/prochaska.eu\/en\/#organization"},"potentialAction":[{"@type":"SearchAction","target":{"@type":"EntryPoint","urlTemplate":"https:\/\/prochaska.eu\/en\/?s={search_term_string}"},"query-input":{"@type":"PropertyValueSpecification","valueRequired":true,"valueName":"search_term_string"}}],"inLanguage":"en-US"},{"@type":"Organization","@id":"https:\/\/prochaska.eu\/en\/#organization","name":"Prochaska","url":"https:\/\/prochaska.eu\/en\/","logo":{"@type":"ImageObject","inLanguage":"en-US","@id":"https:\/\/prochaska.eu\/en\/#\/schema\/logo\/image\/","url":"https:\/\/prochaska.eu\/wp-content\/uploads\/2024\/04\/Prochaska_Logo_Black-1.png","contentUrl":"https:\/\/prochaska.eu\/wp-content\/uploads\/2024\/04\/Prochaska_Logo_Black-1.png","width":796,"height":236,"caption":"Prochaska"},"image":{"@id":"https:\/\/prochaska.eu\/en\/#\/schema\/logo\/image\/"},"sameAs":["https:\/\/www.facebook.com\/prochaska.eu\/","https:\/\/www.instagram.com\/prochaska.eu\/","https:\/\/www.linkedin.com\/company\/prochaska-handels-gmbh"]}]}},"brands":[{"id":3072,"name":"Toro","slug":"toro-en"}],"_links":{"self":[{"href":"https:\/\/prochaska.eu\/en\/wp-json\/wp\/v2\/product\/25504","targetHints":{"allow":["GET"]}}],"collection":[{"href":"https:\/\/prochaska.eu\/en\/wp-json\/wp\/v2\/product"}],"about":[{"href":"https:\/\/prochaska.eu\/en\/wp-json\/wp\/v2\/types\/product"}],"version-history":[{"count":0,"href":"https:\/\/prochaska.eu\/en\/wp-json\/wp\/v2\/product\/25504\/revisions"}],"wp:featuredmedia":[{"embeddable":true,"href":"https:\/\/prochaska.eu\/en\/wp-json\/wp\/v2\/media\/22052"}],"wp:attachment":[{"href":"https:\/\/prochaska.eu\/en\/wp-json\/wp\/v2\/media?parent=25504"}],"wp:term":[{"taxonomy":"pwb-brand","embeddable":true,"href":"https:\/\/prochaska.eu\/en\/wp-json\/wp\/v2\/pwb-brand?post=25504"},{"taxonomy":"product_brand","embeddable":true,"href":"https:\/\/prochaska.eu\/en\/wp-json\/wp\/v2\/product_brand?post=25504"},{"taxonomy":"product_cat","embeddable":true,"href":"https:\/\/prochaska.eu\/en\/wp-json\/wp\/v2\/product_cat?post=25504"},{"taxonomy":"product_tag","embeddable":true,"href":"https:\/\/prochaska.eu\/en\/wp-json\/wp\/v2\/product_tag?post=25504"}],"curies":[{"name":"wp","href":"https:\/\/api.w.org\/{rel}","templated":true}]}}