{"id":25522,"date":"2017-08-04T14:42:37","date_gmt":"2017-08-04T14:42:37","guid":{"rendered":"https:\/\/prochaska.eu\/product\/toro-series-mini-8\/"},"modified":"2017-08-04T14:42:37","modified_gmt":"2017-08-04T14:42:37","slug":"toro-series-mini-8","status":"publish","type":"product","link":"https:\/\/prochaska.eu\/en\/produkt\/toro-series-mini-8\/","title":{"rendered":"Toro Series Mini 8"},"content":{"rendered":"<p style=\"text-align: left;\">If the throwing distance is no longer achieved and a normal-sized geared sprinkler is too much, then the Mini 8 series from Toro\u00ae is ready. The Mini 8 is designed for the difficult-to-cover area between 6.1 m (20&#8242;) and 10.7 m (35&#8242;); it is cost-effective and water-saving.<\/p>\n<h2 style=\"text-align: left;\">Features &amp; advantages<\/h2>\n<ul style=\"text-align: left;\">\n<li>Sector display at the top: Simple adjustment from 40\u00b0 to 360\u00b0 with visual confirmation of the changed sector by reading the scale.<\/li>\n<li>Stainless steel adjustment screw for throwing distance: Allows a reduction of up to 25 %.<\/li>\n<li>Pressure-activated seal: The seal and the robust trigger mechanism offer better reliability.<\/li>\n<li>Riser with ratchet: Simple adjustment of the riser and the fixed left-hand stop to the desired position.<\/li>\n<li>Five interchangeable nozzles: For different flow rates and throw distances (1.5 nozzle is pre-installed)<\/li>\n<li>Partial and full circle in one sprinkler: This is convenient and reduces the number of sprinklers in stock.<\/li>\n<\/ul>\n<p>Further information can be found in the Toro information sheet &#8211; <a href=\"https:\/\/www.prochaska.eu\/wp-content\/uploads\/2021\/01\/Mini-8-Series_sell-sheet_gb.pdf\">Mini 8 series sprinklers<\/a>.<\/p>\n<h2 style=\"text-align: left;\">Technical data<\/h2>\n<ul style=\"text-align: left;\">\n<li>Housing height: 150 mm (6&#8243;)<\/li>\n<li>Ascending height to nozzle: 95 mm (3\u00be&#8221;)<\/li>\n<li>Exposed diameter: 45 mm (1\u00be&#8221;)<\/li>\n<li>Cap diameter: 57 mm (2\u00bc&#8221;)<\/li>\n<li>Inlet: Female thread (13 mm, 1\u20442&#8243;)<\/li>\n<li>Throwing distance: 6.1-10.7 m (20&#8242;-35&#8242;)<\/li>\n<li>Working pressure range: 2.0 to 4.1 bar (30 to 60 psi)<\/li>\n<li>Flow rate: 3.0 to 12.9 l\/min (0.80 to 3.40 GPM)<\/li>\n<li>Discharge angle: 25\u00b0<\/li>\n<\/ul>\n<h2 style=\"text-align: left;\">Model list<\/h2>\n<ul style=\"text-align: left;\">\n<li>MINI8-4P: Mini 8-gear sprinkler, 100 mm, pop-up sprinkler (PU 25)<\/li>\n<\/ul>\n<h2 style=\"text-align: left;\">Accessories<\/h2>\n<p>Please contact our <a href=\"https:\/\/www.prochaska.eu\/ueber-uns\/team\/\">irrigation team<\/a> if you have any questions about the accessories.<\/p>\n<ul>\n<li style=\"text-align: left;\">301630 Outlet protection valve (check valve)<\/li>\n<li style=\"text-align: left;\">100512 Mounting wrench for Mini 8<\/li>\n<\/ul>\n","protected":false},"excerpt":{"rendered":"<p>The Mini 8 gear sprinkler is designed for areas that are difficult to cover. It is cost-effective and saves water.<\/p>\n","protected":false},"featured_media":27088,"template":"","meta":[],"pwb-brand":[3072],"product_brand":[],"product_cat":[2483,2482],"product_tag":[],"class_list":{"0":"post-25522","1":"product","2":"type-product","3":"status-publish","4":"has-post-thumbnail","6":"pwb-brand-toro-en","7":"product_cat-gearbox-sprinkler","8":"product_cat-irrigation-en","10":"first","11":"instock","12":"taxable","13":"shipping-taxable","14":"product-type-simple"},"yoast_head":"<!-- This site is optimized with the Yoast SEO plugin v27.4 - https:\/\/yoast.com\/product\/yoast-seo-wordpress\/ -->\n<title>Toro Series Mini 8 - Prochaska<\/title>\n<meta name=\"robots\" content=\"index, follow, max-snippet:-1, max-image-preview:large, max-video-preview:-1\" \/>\n<link rel=\"canonical\" href=\"https:\/\/prochaska.eu\/en\/produkt\/toro-series-mini-8\/\" \/>\n<meta property=\"og:locale\" content=\"en_US\" \/>\n<meta property=\"og:type\" content=\"article\" \/>\n<meta property=\"og:title\" content=\"Toro Series Mini 8 - Prochaska\" \/>\n<meta property=\"og:description\" content=\"The Mini 8 gear sprinkler is designed for areas that are difficult to cover. It is cost-effective and saves water.\" \/>\n<meta property=\"og:url\" content=\"https:\/\/prochaska.eu\/en\/produkt\/toro-series-mini-8\/\" \/>\n<meta property=\"og:site_name\" content=\"Prochaska\" \/>\n<meta property=\"article:publisher\" content=\"https:\/\/www.facebook.com\/prochaska.eu\/\" \/>\n<meta name=\"twitter:card\" content=\"summary_large_image\" \/>\n<meta name=\"twitter:label1\" content=\"Est. reading time\" \/>\n\t<meta name=\"twitter:data1\" content=\"1 minute\" \/>\n<script type=\"application\/ld+json\" class=\"yoast-schema-graph\">{\"@context\":\"https:\\\/\\\/schema.org\",\"@graph\":[{\"@type\":\"WebPage\",\"@id\":\"https:\\\/\\\/prochaska.eu\\\/en\\\/produkt\\\/toro-series-mini-8\\\/\",\"url\":\"https:\\\/\\\/prochaska.eu\\\/en\\\/produkt\\\/toro-series-mini-8\\\/\",\"name\":\"Toro Series Mini 8 - Prochaska\",\"isPartOf\":{\"@id\":\"https:\\\/\\\/prochaska.eu\\\/en\\\/#website\"},\"primaryImageOfPage\":{\"@id\":\"https:\\\/\\\/prochaska.eu\\\/en\\\/produkt\\\/toro-series-mini-8\\\/#primaryimage\"},\"image\":{\"@id\":\"https:\\\/\\\/prochaska.eu\\\/en\\\/produkt\\\/toro-series-mini-8\\\/#primaryimage\"},\"thumbnailUrl\":\"https:\\\/\\\/prochaska.eu\\\/wp-content\\\/uploads\\\/2017\\\/08\\\/Regner-Serie-Mini-8_1-300x300-1.jpg\",\"datePublished\":\"2017-08-04T14:42:37+00:00\",\"breadcrumb\":{\"@id\":\"https:\\\/\\\/prochaska.eu\\\/en\\\/produkt\\\/toro-series-mini-8\\\/#breadcrumb\"},\"inLanguage\":\"en-US\",\"potentialAction\":[{\"@type\":\"ReadAction\",\"target\":[\"https:\\\/\\\/prochaska.eu\\\/en\\\/produkt\\\/toro-series-mini-8\\\/\"]}]},{\"@type\":\"ImageObject\",\"inLanguage\":\"en-US\",\"@id\":\"https:\\\/\\\/prochaska.eu\\\/en\\\/produkt\\\/toro-series-mini-8\\\/#primaryimage\",\"url\":\"https:\\\/\\\/prochaska.eu\\\/wp-content\\\/uploads\\\/2017\\\/08\\\/Regner-Serie-Mini-8_1-300x300-1.jpg\",\"contentUrl\":\"https:\\\/\\\/prochaska.eu\\\/wp-content\\\/uploads\\\/2017\\\/08\\\/Regner-Serie-Mini-8_1-300x300-1.jpg\",\"width\":300,\"height\":300},{\"@type\":\"BreadcrumbList\",\"@id\":\"https:\\\/\\\/prochaska.eu\\\/en\\\/produkt\\\/toro-series-mini-8\\\/#breadcrumb\",\"itemListElement\":[{\"@type\":\"ListItem\",\"position\":1,\"name\":\"Home\",\"item\":\"https:\\\/\\\/prochaska.eu\\\/en\\\/\"},{\"@type\":\"ListItem\",\"position\":2,\"name\":\"Shop\",\"item\":\"https:\\\/\\\/prochaska.eu\\\/shop\\\/\"},{\"@type\":\"ListItem\",\"position\":3,\"name\":\"Toro Series Mini 8\"}]},{\"@type\":\"WebSite\",\"@id\":\"https:\\\/\\\/prochaska.eu\\\/en\\\/#website\",\"url\":\"https:\\\/\\\/prochaska.eu\\\/en\\\/\",\"name\":\"Prochaska\",\"description\":\"Spezialist f\u00fcr Pflege von Gr\u00fcnfl\u00e4chen\",\"publisher\":{\"@id\":\"https:\\\/\\\/prochaska.eu\\\/en\\\/#organization\"},\"potentialAction\":[{\"@type\":\"SearchAction\",\"target\":{\"@type\":\"EntryPoint\",\"urlTemplate\":\"https:\\\/\\\/prochaska.eu\\\/en\\\/?s={search_term_string}\"},\"query-input\":{\"@type\":\"PropertyValueSpecification\",\"valueRequired\":true,\"valueName\":\"search_term_string\"}}],\"inLanguage\":\"en-US\"},{\"@type\":\"Organization\",\"@id\":\"https:\\\/\\\/prochaska.eu\\\/en\\\/#organization\",\"name\":\"Prochaska\",\"url\":\"https:\\\/\\\/prochaska.eu\\\/en\\\/\",\"logo\":{\"@type\":\"ImageObject\",\"inLanguage\":\"en-US\",\"@id\":\"https:\\\/\\\/prochaska.eu\\\/en\\\/#\\\/schema\\\/logo\\\/image\\\/\",\"url\":\"https:\\\/\\\/prochaska.eu\\\/wp-content\\\/uploads\\\/2024\\\/04\\\/Prochaska_Logo_Black-1.png\",\"contentUrl\":\"https:\\\/\\\/prochaska.eu\\\/wp-content\\\/uploads\\\/2024\\\/04\\\/Prochaska_Logo_Black-1.png\",\"width\":796,\"height\":236,\"caption\":\"Prochaska\"},\"image\":{\"@id\":\"https:\\\/\\\/prochaska.eu\\\/en\\\/#\\\/schema\\\/logo\\\/image\\\/\"},\"sameAs\":[\"https:\\\/\\\/www.facebook.com\\\/prochaska.eu\\\/\",\"https:\\\/\\\/www.instagram.com\\\/prochaska.eu\\\/\",\"https:\\\/\\\/www.linkedin.com\\\/company\\\/prochaska-handels-gmbh\"]}]}<\/script>\n<!-- \/ Yoast SEO plugin. -->","yoast_head_json":{"title":"Toro Series Mini 8 - Prochaska","robots":{"index":"index","follow":"follow","max-snippet":"max-snippet:-1","max-image-preview":"max-image-preview:large","max-video-preview":"max-video-preview:-1"},"canonical":"https:\/\/prochaska.eu\/en\/produkt\/toro-series-mini-8\/","og_locale":"en_US","og_type":"article","og_title":"Toro Series Mini 8 - Prochaska","og_description":"The Mini 8 gear sprinkler is designed for areas that are difficult to cover. It is cost-effective and saves water.","og_url":"https:\/\/prochaska.eu\/en\/produkt\/toro-series-mini-8\/","og_site_name":"Prochaska","article_publisher":"https:\/\/www.facebook.com\/prochaska.eu\/","twitter_card":"summary_large_image","twitter_misc":{"Est. reading time":"1 minute"},"schema":{"@context":"https:\/\/schema.org","@graph":[{"@type":"WebPage","@id":"https:\/\/prochaska.eu\/en\/produkt\/toro-series-mini-8\/","url":"https:\/\/prochaska.eu\/en\/produkt\/toro-series-mini-8\/","name":"Toro Series Mini 8 - Prochaska","isPartOf":{"@id":"https:\/\/prochaska.eu\/en\/#website"},"primaryImageOfPage":{"@id":"https:\/\/prochaska.eu\/en\/produkt\/toro-series-mini-8\/#primaryimage"},"image":{"@id":"https:\/\/prochaska.eu\/en\/produkt\/toro-series-mini-8\/#primaryimage"},"thumbnailUrl":"https:\/\/prochaska.eu\/wp-content\/uploads\/2017\/08\/Regner-Serie-Mini-8_1-300x300-1.jpg","datePublished":"2017-08-04T14:42:37+00:00","breadcrumb":{"@id":"https:\/\/prochaska.eu\/en\/produkt\/toro-series-mini-8\/#breadcrumb"},"inLanguage":"en-US","potentialAction":[{"@type":"ReadAction","target":["https:\/\/prochaska.eu\/en\/produkt\/toro-series-mini-8\/"]}]},{"@type":"ImageObject","inLanguage":"en-US","@id":"https:\/\/prochaska.eu\/en\/produkt\/toro-series-mini-8\/#primaryimage","url":"https:\/\/prochaska.eu\/wp-content\/uploads\/2017\/08\/Regner-Serie-Mini-8_1-300x300-1.jpg","contentUrl":"https:\/\/prochaska.eu\/wp-content\/uploads\/2017\/08\/Regner-Serie-Mini-8_1-300x300-1.jpg","width":300,"height":300},{"@type":"BreadcrumbList","@id":"https:\/\/prochaska.eu\/en\/produkt\/toro-series-mini-8\/#breadcrumb","itemListElement":[{"@type":"ListItem","position":1,"name":"Home","item":"https:\/\/prochaska.eu\/en\/"},{"@type":"ListItem","position":2,"name":"Shop","item":"https:\/\/prochaska.eu\/shop\/"},{"@type":"ListItem","position":3,"name":"Toro Series Mini 8"}]},{"@type":"WebSite","@id":"https:\/\/prochaska.eu\/en\/#website","url":"https:\/\/prochaska.eu\/en\/","name":"Prochaska","description":"Spezialist f\u00fcr Pflege von Gr\u00fcnfl\u00e4chen","publisher":{"@id":"https:\/\/prochaska.eu\/en\/#organization"},"potentialAction":[{"@type":"SearchAction","target":{"@type":"EntryPoint","urlTemplate":"https:\/\/prochaska.eu\/en\/?s={search_term_string}"},"query-input":{"@type":"PropertyValueSpecification","valueRequired":true,"valueName":"search_term_string"}}],"inLanguage":"en-US"},{"@type":"Organization","@id":"https:\/\/prochaska.eu\/en\/#organization","name":"Prochaska","url":"https:\/\/prochaska.eu\/en\/","logo":{"@type":"ImageObject","inLanguage":"en-US","@id":"https:\/\/prochaska.eu\/en\/#\/schema\/logo\/image\/","url":"https:\/\/prochaska.eu\/wp-content\/uploads\/2024\/04\/Prochaska_Logo_Black-1.png","contentUrl":"https:\/\/prochaska.eu\/wp-content\/uploads\/2024\/04\/Prochaska_Logo_Black-1.png","width":796,"height":236,"caption":"Prochaska"},"image":{"@id":"https:\/\/prochaska.eu\/en\/#\/schema\/logo\/image\/"},"sameAs":["https:\/\/www.facebook.com\/prochaska.eu\/","https:\/\/www.instagram.com\/prochaska.eu\/","https:\/\/www.linkedin.com\/company\/prochaska-handels-gmbh"]}]}},"brands":[{"id":3072,"name":"Toro","slug":"toro-en"}],"_links":{"self":[{"href":"https:\/\/prochaska.eu\/en\/wp-json\/wp\/v2\/product\/25522","targetHints":{"allow":["GET"]}}],"collection":[{"href":"https:\/\/prochaska.eu\/en\/wp-json\/wp\/v2\/product"}],"about":[{"href":"https:\/\/prochaska.eu\/en\/wp-json\/wp\/v2\/types\/product"}],"version-history":[{"count":0,"href":"https:\/\/prochaska.eu\/en\/wp-json\/wp\/v2\/product\/25522\/revisions"}],"wp:featuredmedia":[{"embeddable":true,"href":"https:\/\/prochaska.eu\/en\/wp-json\/wp\/v2\/media\/27088"}],"wp:attachment":[{"href":"https:\/\/prochaska.eu\/en\/wp-json\/wp\/v2\/media?parent=25522"}],"wp:term":[{"taxonomy":"pwb-brand","embeddable":true,"href":"https:\/\/prochaska.eu\/en\/wp-json\/wp\/v2\/pwb-brand?post=25522"},{"taxonomy":"product_brand","embeddable":true,"href":"https:\/\/prochaska.eu\/en\/wp-json\/wp\/v2\/product_brand?post=25522"},{"taxonomy":"product_cat","embeddable":true,"href":"https:\/\/prochaska.eu\/en\/wp-json\/wp\/v2\/product_cat?post=25522"},{"taxonomy":"product_tag","embeddable":true,"href":"https:\/\/prochaska.eu\/en\/wp-json\/wp\/v2\/product_tag?post=25522"}],"curies":[{"name":"wp","href":"https:\/\/api.w.org\/{rel}","templated":true}]}}