{"id":25526,"date":"2017-08-04T14:42:36","date_gmt":"2017-08-04T14:42:36","guid":{"rendered":"https:\/\/prochaska.eu\/product\/toro-control-units-tmc-424e\/"},"modified":"2017-08-04T14:42:36","modified_gmt":"2017-08-04T14:42:36","slug":"toro-control-units-tmc-424e","status":"publish","type":"product","link":"https:\/\/prochaska.eu\/en\/produkt\/toro-control-units-tmc-424e\/","title":{"rendered":"Toro &#8211; Control units &#8211; TMC-424E"},"content":{"rendered":"<p>The TMC-424E series takes modularity to a whole new level. Toro&#8217;s advanced modular technology combines advanced features with simple operation in a customizable control unit.<\/p>\n<h2><strong>Features &amp; advantages<\/strong><\/h2>\n<h3><strong>Modular number of stations<br \/>\n<\/strong><\/h3>\n<p>Modular number of stations from 4 to 24 stations with modules with 4 or 8 stations for flexibility.<\/p>\n<h3><strong>Two levels of voltage protection<br \/>\n<\/strong><\/h3>\n<p>Modules with normal or high voltage protection to meet local lightning regulations.<\/p>\n<h3><strong>Flow detection<br \/>\n<\/strong><\/h3>\n<p>Monitoring and reacting to leaks or breaks in the system.<\/p>\n<h3><strong>Maximum of 4 main valve or pump start connections<br \/>\n<\/strong><\/h3>\n<p>Possible connection of a maximum of four main valve or pump start relays with TSM-4F or TSM-8F modules.<\/p>\n<h3><strong>Running times in minutes or seconds<br \/>\n<\/strong><\/h3>\n<p>Running times of less than one minute enable efficient irrigation of flower pots, spray cycles, nurseries or needle cycles.<\/p>\n<h3><strong>Remote programming<br \/>\n<\/strong><\/h3>\n<p>Removable timer mechanism can be powered by a 9-volt battery and enables simple and convenient remote programming.<\/p>\n<h2>Technical data<\/h2>\n<p><strong>Dimensions: <\/strong>273 W x 260 H x 117 mm D (10\u00be&#8221; x 10\u00bc&#8221; x 45\u20448&#8243;)<\/p>\n<p><strong>Weight:<\/strong> indoor use &#8211; 3.4 kg; outdoor use 3.2 kg<\/p>\n<h3><strong>Electrical data<\/strong><\/h3>\n<ul>\n<li><strong>Entrance:<\/strong><br \/>\n120 V alternating current, 60 Hz or 220\/240 V alternating current, 50 Hz<br \/>\n30 W (internal and external plug-in transformer)<br \/>\nUL, CUL listed<\/li>\n<li><strong>Station output power:<\/strong><br \/>\n24 volt alternating current<br \/>\n0.50 A per station (maximum)<br \/>\n0.50 A Pump\/main valve<br \/>\n1.20 A Total load<\/li>\n<li><strong>Overvoltage protection:<\/strong><br \/>\nStandard &#8211; 6.0 KV neutral mode, 600 V normal mode<br \/>\nHigh voltage protection &#8211; 6.0 KV neutral mode, 6.0 KV normal mode<\/li>\n<\/ul>\n<h3><strong>T<\/strong><strong>echnical specifications and features<\/strong><\/h3>\n<ul>\n<li>Four programs with a total of 16 start times<\/li>\n<li><strong>Three planning selections<\/strong><br \/>\n7-day calendar<br \/>\nInterval from 1 to 31 days with daily exclusion<br \/>\nEven\/odd days with daily exclusion<\/li>\n<li>Station runtimes in minutes or seconds<\/li>\n<li>Programmable well discharge or station delay from 1 to 60 seconds or 1 to 60 minutes<\/li>\n<li>Pump start or main valve is set according to program and station<\/li>\n<li>Simultaneous execution of a maximum of three programs<\/li>\n<li>Irrigation delay from one to 14 days and water budget from 0 to 200 % in steps of 10 %<\/li>\n<li>Station modules can be replaced without interrupting operation<\/li>\n<li>Quickly summarize program information with the summary function<\/li>\n<li>Short-circuit detection for faster troubleshooting<\/li>\n<li>Valve test for quick system tests<\/li>\n<li>Multilingualism (English, Spanish, French, Italian, German and Portuguese)<\/li>\n<li>Program deletion<\/li>\n<li>Real-time clock in 12-hour or 24-hour format<\/li>\n<li>Permanent memory<\/li>\n<\/ul>\n<h2><strong>Additional accessories<\/strong><\/h2>\n<ul>\n<li>Tri-Comm\u2122 &#8211; web-based remote management<\/li>\n<li>TRS &#8211; wired RainSensor<\/li>\n<li>53853 &#8211; Wired rain\/frost sensor<\/li>\n<li>TWRS\/TWRFS &#8211; wireless RainSensor or wireless rain\/frost sensor<\/li>\n<li>TMR-1 &#8211; Remote management<\/li>\n<li>TFS &#8211; Flow sensor<\/li>\n<\/ul>\n<h2><strong>TMC-424E Series Model list<\/strong><\/h2>\n<p>TMC-424E-ID-50H*: Modular, indoor use, 220 Volt alternating current, 50 Hz<\/p>\n<p>TMC-424E-OD-50H*: Modular, outdoor use, 220 Volt alternating current, 50 Hz<\/p>\n<p>[note]* Basic models have a TSM-4 (4-station module)[\/note]<\/p>\n<h3>Station modules &#8211; basic model has 4 stations<\/h3>\n<p>TSM-4: 4 stations, extension module<\/p>\n<p>TSM-4H: 4 stations, extension module, high voltage protection<\/p>\n<p>TSM-4F: 4 stations, extension module, flow detection<\/p>\n<p>TSM 8: 8 stations, extension module<\/p>\n<p>TSM-8H: 8 stations, extension module, high voltage protection<\/p>\n<p>TSM-8F: 8 stations, extension module, flow detection<\/p>\n","protected":false},"excerpt":{"rendered":"<p>The advanced modular technology of the TMC-424E series enables advanced functions with simple operation.<\/p>\n","protected":false},"featured_media":536,"template":"","meta":[],"pwb-brand":[3072],"product_brand":[],"product_cat":[2505,2482],"product_tag":[],"class_list":{"0":"post-25526","1":"product","2":"type-product","3":"status-publish","4":"has-post-thumbnail","6":"pwb-brand-toro-en","7":"product_cat-control-units","8":"product_cat-irrigation-en","10":"first","11":"instock","12":"taxable","13":"shipping-taxable","14":"product-type-variable"},"yoast_head":"<!-- This site is optimized with the Yoast SEO plugin v27.4 - https:\/\/yoast.com\/product\/yoast-seo-wordpress\/ -->\n<title>Toro - Control units - TMC-424E - Prochaska<\/title>\n<meta name=\"robots\" content=\"index, follow, max-snippet:-1, max-image-preview:large, max-video-preview:-1\" \/>\n<link rel=\"canonical\" href=\"https:\/\/prochaska.eu\/en\/produkt\/toro-control-units-tmc-424e\/\" \/>\n<meta property=\"og:locale\" content=\"en_US\" \/>\n<meta property=\"og:type\" content=\"article\" \/>\n<meta property=\"og:title\" content=\"Toro - Control units - TMC-424E - Prochaska\" \/>\n<meta property=\"og:description\" content=\"The advanced modular technology of the TMC-424E series enables advanced functions with simple operation.\" \/>\n<meta property=\"og:url\" content=\"https:\/\/prochaska.eu\/en\/produkt\/toro-control-units-tmc-424e\/\" \/>\n<meta property=\"og:site_name\" content=\"Prochaska\" \/>\n<meta property=\"article:publisher\" content=\"https:\/\/www.facebook.com\/prochaska.eu\/\" \/>\n<meta name=\"twitter:card\" content=\"summary_large_image\" \/>\n<meta name=\"twitter:label1\" content=\"Est. reading time\" \/>\n\t<meta name=\"twitter:data1\" content=\"2 minutes\" \/>\n<script type=\"application\/ld+json\" class=\"yoast-schema-graph\">{\"@context\":\"https:\\\/\\\/schema.org\",\"@graph\":[{\"@type\":\"WebPage\",\"@id\":\"https:\\\/\\\/prochaska.eu\\\/en\\\/produkt\\\/toro-control-units-tmc-424e\\\/\",\"url\":\"https:\\\/\\\/prochaska.eu\\\/en\\\/produkt\\\/toro-control-units-tmc-424e\\\/\",\"name\":\"Toro - Control units - TMC-424E - Prochaska\",\"isPartOf\":{\"@id\":\"https:\\\/\\\/prochaska.eu\\\/en\\\/#website\"},\"primaryImageOfPage\":{\"@id\":\"https:\\\/\\\/prochaska.eu\\\/en\\\/produkt\\\/toro-control-units-tmc-424e\\\/#primaryimage\"},\"image\":{\"@id\":\"https:\\\/\\\/prochaska.eu\\\/en\\\/produkt\\\/toro-control-units-tmc-424e\\\/#primaryimage\"},\"thumbnailUrl\":\"\",\"datePublished\":\"2017-08-04T14:42:36+00:00\",\"breadcrumb\":{\"@id\":\"https:\\\/\\\/prochaska.eu\\\/en\\\/produkt\\\/toro-control-units-tmc-424e\\\/#breadcrumb\"},\"inLanguage\":\"en-US\",\"potentialAction\":[{\"@type\":\"ReadAction\",\"target\":[\"https:\\\/\\\/prochaska.eu\\\/en\\\/produkt\\\/toro-control-units-tmc-424e\\\/\"]}]},{\"@type\":\"ImageObject\",\"inLanguage\":\"en-US\",\"@id\":\"https:\\\/\\\/prochaska.eu\\\/en\\\/produkt\\\/toro-control-units-tmc-424e\\\/#primaryimage\",\"url\":\"\",\"contentUrl\":\"\"},{\"@type\":\"BreadcrumbList\",\"@id\":\"https:\\\/\\\/prochaska.eu\\\/en\\\/produkt\\\/toro-control-units-tmc-424e\\\/#breadcrumb\",\"itemListElement\":[{\"@type\":\"ListItem\",\"position\":1,\"name\":\"Home\",\"item\":\"https:\\\/\\\/prochaska.eu\\\/en\\\/\"},{\"@type\":\"ListItem\",\"position\":2,\"name\":\"Shop\",\"item\":\"https:\\\/\\\/prochaska.eu\\\/shop\\\/\"},{\"@type\":\"ListItem\",\"position\":3,\"name\":\"Toro &#8211; Control units &#8211; TMC-424E\"}]},{\"@type\":\"WebSite\",\"@id\":\"https:\\\/\\\/prochaska.eu\\\/en\\\/#website\",\"url\":\"https:\\\/\\\/prochaska.eu\\\/en\\\/\",\"name\":\"Prochaska\",\"description\":\"Spezialist f\u00fcr Pflege von Gr\u00fcnfl\u00e4chen\",\"publisher\":{\"@id\":\"https:\\\/\\\/prochaska.eu\\\/en\\\/#organization\"},\"potentialAction\":[{\"@type\":\"SearchAction\",\"target\":{\"@type\":\"EntryPoint\",\"urlTemplate\":\"https:\\\/\\\/prochaska.eu\\\/en\\\/?s={search_term_string}\"},\"query-input\":{\"@type\":\"PropertyValueSpecification\",\"valueRequired\":true,\"valueName\":\"search_term_string\"}}],\"inLanguage\":\"en-US\"},{\"@type\":\"Organization\",\"@id\":\"https:\\\/\\\/prochaska.eu\\\/en\\\/#organization\",\"name\":\"Prochaska\",\"url\":\"https:\\\/\\\/prochaska.eu\\\/en\\\/\",\"logo\":{\"@type\":\"ImageObject\",\"inLanguage\":\"en-US\",\"@id\":\"https:\\\/\\\/prochaska.eu\\\/en\\\/#\\\/schema\\\/logo\\\/image\\\/\",\"url\":\"https:\\\/\\\/prochaska.eu\\\/wp-content\\\/uploads\\\/2024\\\/04\\\/Prochaska_Logo_Black-1.png\",\"contentUrl\":\"https:\\\/\\\/prochaska.eu\\\/wp-content\\\/uploads\\\/2024\\\/04\\\/Prochaska_Logo_Black-1.png\",\"width\":796,\"height\":236,\"caption\":\"Prochaska\"},\"image\":{\"@id\":\"https:\\\/\\\/prochaska.eu\\\/en\\\/#\\\/schema\\\/logo\\\/image\\\/\"},\"sameAs\":[\"https:\\\/\\\/www.facebook.com\\\/prochaska.eu\\\/\",\"https:\\\/\\\/www.instagram.com\\\/prochaska.eu\\\/\",\"https:\\\/\\\/www.linkedin.com\\\/company\\\/prochaska-handels-gmbh\"]}]}<\/script>\n<!-- \/ Yoast SEO plugin. -->","yoast_head_json":{"title":"Toro - Control units - TMC-424E - Prochaska","robots":{"index":"index","follow":"follow","max-snippet":"max-snippet:-1","max-image-preview":"max-image-preview:large","max-video-preview":"max-video-preview:-1"},"canonical":"https:\/\/prochaska.eu\/en\/produkt\/toro-control-units-tmc-424e\/","og_locale":"en_US","og_type":"article","og_title":"Toro - Control units - TMC-424E - Prochaska","og_description":"The advanced modular technology of the TMC-424E series enables advanced functions with simple operation.","og_url":"https:\/\/prochaska.eu\/en\/produkt\/toro-control-units-tmc-424e\/","og_site_name":"Prochaska","article_publisher":"https:\/\/www.facebook.com\/prochaska.eu\/","twitter_card":"summary_large_image","twitter_misc":{"Est. reading time":"2 minutes"},"schema":{"@context":"https:\/\/schema.org","@graph":[{"@type":"WebPage","@id":"https:\/\/prochaska.eu\/en\/produkt\/toro-control-units-tmc-424e\/","url":"https:\/\/prochaska.eu\/en\/produkt\/toro-control-units-tmc-424e\/","name":"Toro - Control units - TMC-424E - Prochaska","isPartOf":{"@id":"https:\/\/prochaska.eu\/en\/#website"},"primaryImageOfPage":{"@id":"https:\/\/prochaska.eu\/en\/produkt\/toro-control-units-tmc-424e\/#primaryimage"},"image":{"@id":"https:\/\/prochaska.eu\/en\/produkt\/toro-control-units-tmc-424e\/#primaryimage"},"thumbnailUrl":"","datePublished":"2017-08-04T14:42:36+00:00","breadcrumb":{"@id":"https:\/\/prochaska.eu\/en\/produkt\/toro-control-units-tmc-424e\/#breadcrumb"},"inLanguage":"en-US","potentialAction":[{"@type":"ReadAction","target":["https:\/\/prochaska.eu\/en\/produkt\/toro-control-units-tmc-424e\/"]}]},{"@type":"ImageObject","inLanguage":"en-US","@id":"https:\/\/prochaska.eu\/en\/produkt\/toro-control-units-tmc-424e\/#primaryimage","url":"","contentUrl":""},{"@type":"BreadcrumbList","@id":"https:\/\/prochaska.eu\/en\/produkt\/toro-control-units-tmc-424e\/#breadcrumb","itemListElement":[{"@type":"ListItem","position":1,"name":"Home","item":"https:\/\/prochaska.eu\/en\/"},{"@type":"ListItem","position":2,"name":"Shop","item":"https:\/\/prochaska.eu\/shop\/"},{"@type":"ListItem","position":3,"name":"Toro &#8211; Control units &#8211; TMC-424E"}]},{"@type":"WebSite","@id":"https:\/\/prochaska.eu\/en\/#website","url":"https:\/\/prochaska.eu\/en\/","name":"Prochaska","description":"Spezialist f\u00fcr Pflege von Gr\u00fcnfl\u00e4chen","publisher":{"@id":"https:\/\/prochaska.eu\/en\/#organization"},"potentialAction":[{"@type":"SearchAction","target":{"@type":"EntryPoint","urlTemplate":"https:\/\/prochaska.eu\/en\/?s={search_term_string}"},"query-input":{"@type":"PropertyValueSpecification","valueRequired":true,"valueName":"search_term_string"}}],"inLanguage":"en-US"},{"@type":"Organization","@id":"https:\/\/prochaska.eu\/en\/#organization","name":"Prochaska","url":"https:\/\/prochaska.eu\/en\/","logo":{"@type":"ImageObject","inLanguage":"en-US","@id":"https:\/\/prochaska.eu\/en\/#\/schema\/logo\/image\/","url":"https:\/\/prochaska.eu\/wp-content\/uploads\/2024\/04\/Prochaska_Logo_Black-1.png","contentUrl":"https:\/\/prochaska.eu\/wp-content\/uploads\/2024\/04\/Prochaska_Logo_Black-1.png","width":796,"height":236,"caption":"Prochaska"},"image":{"@id":"https:\/\/prochaska.eu\/en\/#\/schema\/logo\/image\/"},"sameAs":["https:\/\/www.facebook.com\/prochaska.eu\/","https:\/\/www.instagram.com\/prochaska.eu\/","https:\/\/www.linkedin.com\/company\/prochaska-handels-gmbh"]}]}},"brands":[{"id":3072,"name":"Toro","slug":"toro-en"}],"_links":{"self":[{"href":"https:\/\/prochaska.eu\/en\/wp-json\/wp\/v2\/product\/25526","targetHints":{"allow":["GET"]}}],"collection":[{"href":"https:\/\/prochaska.eu\/en\/wp-json\/wp\/v2\/product"}],"about":[{"href":"https:\/\/prochaska.eu\/en\/wp-json\/wp\/v2\/types\/product"}],"version-history":[{"count":0,"href":"https:\/\/prochaska.eu\/en\/wp-json\/wp\/v2\/product\/25526\/revisions"}],"wp:featuredmedia":[{"embeddable":true,"href":"https:\/\/prochaska.eu\/en\/wp-json\/"}],"wp:attachment":[{"href":"https:\/\/prochaska.eu\/en\/wp-json\/wp\/v2\/media?parent=25526"}],"wp:term":[{"taxonomy":"pwb-brand","embeddable":true,"href":"https:\/\/prochaska.eu\/en\/wp-json\/wp\/v2\/pwb-brand?post=25526"},{"taxonomy":"product_brand","embeddable":true,"href":"https:\/\/prochaska.eu\/en\/wp-json\/wp\/v2\/product_brand?post=25526"},{"taxonomy":"product_cat","embeddable":true,"href":"https:\/\/prochaska.eu\/en\/wp-json\/wp\/v2\/product_cat?post=25526"},{"taxonomy":"product_tag","embeddable":true,"href":"https:\/\/prochaska.eu\/en\/wp-json\/wp\/v2\/product_tag?post=25526"}],"curies":[{"name":"wp","href":"https:\/\/api.w.org\/{rel}","templated":true}]}}