{"id":25537,"date":"2017-08-04T14:42:37","date_gmt":"2017-08-04T14:42:37","guid":{"rendered":"https:\/\/prochaska.eu\/product\/toro-series-ez-flo-plus-threaded-cap\/"},"modified":"2017-08-04T14:42:37","modified_gmt":"2017-08-04T14:42:37","slug":"toro-series-ez-flo-plus-threaded-cap","status":"publish","type":"product","link":"https:\/\/prochaska.eu\/en\/produkt\/toro-series-ez-flo-plus-threaded-cap\/","title":{"rendered":"TORO Series EZ-Flo\u00ae Plus &#8211; Threaded cap"},"content":{"rendered":"<p>These Toro\u00ae valves are easy to install and maintain. EZ-Flo Plus valves are ideal for private customers and are offered in numerous configurations.<\/p>\n<h2><strong>Features &amp; advantages<\/strong><\/h2>\n<ul>\n<li>\n<h3><strong>Threaded cap<br \/>\n<\/strong><\/h3>\n<p>No screws for quick and easy maintenance.<\/li>\n<li>\n<h3><strong>PVC, fiberglass-filled nylon and stainless steel construction<br \/>\n<\/strong><\/h3>\n<p>Better durability and protection against leaks in almost any environment.<\/li>\n<li>\n<h3><strong>Double-walled ozone and chloramine-resistant Santoprene\u00ae membrane<br \/>\n<\/strong><\/h3>\n<p>Guarantees a consistent seal without leaks up to 10.3 bar (150 psi).<\/li>\n<li>\n<h3><strong>Inline or return models<br \/>\n<\/strong><\/h3>\n<p>Large selection for new installations and retrofits.<\/li>\n<li>\n<h3><strong>Optional flow control<br \/>\n<\/strong><\/h3>\n<p>Sets the flow rate for each zone in the system.<\/li>\n<\/ul>\n<h2><strong>Technical data<\/strong><\/h2>\n<h3><strong>Dimensions<\/strong><\/h3>\n<ul>\n<li>In-line valve with internal thread: 130 H x 75 W x 101 mm L (51\u20448&#8243; x 3&#8243; x 4&#8243;)<\/li>\n<li>Series valve with external thread: 130 H x 75 W x 140 mm L (51\u20448&#8243; x 3&#8243; x 5\u00bd&#8221;)<\/li>\n<li>Return: 152 H x 75 W x 175 mm L (6&#8243; x 3&#8243; x 67\u20448&#8243;)<\/li>\n<\/ul>\n<h3><strong>Technical specifications and additional features<\/strong><\/h3>\n<ul>\n<li>Flow rate: 20 mm (\u00be&#8221;): 0.9 to 76 l\/min (0.25 to 20 GPM)<\/li>\n<li>25 mm (1&#8243;): 0.9 to 113 l\/min (0.25 to 30 GPM)<\/li>\n<li>Working pressure: 0.68 to 10.32 bar (10 to 150 psi)<\/li>\n<li>Enclosed solenoid valve (102-7054) with hexagonal piston (24 V alternating current):<\/li>\n<li>Inrush current 0.34 A<\/li>\n<li>Holding current: 0.2 amps<\/li>\n<li>Available with or without flow control<\/li>\n<\/ul>\n<h3><strong>Available options<\/strong><\/h3>\n<ul>\n<li>DCLS-P direct current solenoid valve<\/li>\n<li>EFF-KIT-50Hz domestic hot water solenoid valve and shield<\/li>\n<\/ul>\n<h2><strong>Model list<\/strong><\/h2>\n<p>EZP-22-54: 25 mm, male thread x male thread, BSP with flow control<\/p>\n<p>EZP-23-54: 25mm, female thread, BSP, with flow control<\/p>\n","protected":false},"excerpt":{"rendered":"<p>EZ-Flo Plus valves are ideal for private customers and are offered in numerous configurations.<\/p>\n","protected":false},"featured_media":1498,"template":"","meta":[],"pwb-brand":[3072],"product_brand":[],"product_cat":[2542,2482],"product_tag":[],"class_list":{"0":"post-25537","1":"product","2":"type-product","3":"status-publish","4":"has-post-thumbnail","6":"pwb-brand-toro-en","7":"product_cat-drip-irrigation-solenoid-valves","8":"product_cat-irrigation-en","10":"first","11":"instock","12":"taxable","13":"shipping-taxable","14":"product-type-variable"},"yoast_head":"<!-- This site is optimized with the Yoast SEO plugin v27.4 - https:\/\/yoast.com\/product\/yoast-seo-wordpress\/ -->\n<title>TORO Series EZ-Flo\u00ae Plus - Threaded cap - Prochaska<\/title>\n<meta name=\"robots\" content=\"index, follow, max-snippet:-1, max-image-preview:large, max-video-preview:-1\" \/>\n<link rel=\"canonical\" href=\"https:\/\/prochaska.eu\/en\/produkt\/toro-series-ez-flo-plus-threaded-cap\/\" \/>\n<meta property=\"og:locale\" content=\"en_US\" \/>\n<meta property=\"og:type\" content=\"article\" \/>\n<meta property=\"og:title\" content=\"TORO Series EZ-Flo\u00ae Plus - Threaded cap - Prochaska\" \/>\n<meta property=\"og:description\" content=\"EZ-Flo Plus valves are ideal for private customers and are offered in numerous configurations.\" \/>\n<meta property=\"og:url\" content=\"https:\/\/prochaska.eu\/en\/produkt\/toro-series-ez-flo-plus-threaded-cap\/\" \/>\n<meta property=\"og:site_name\" content=\"Prochaska\" \/>\n<meta property=\"article:publisher\" content=\"https:\/\/www.facebook.com\/prochaska.eu\/\" \/>\n<meta name=\"twitter:card\" content=\"summary_large_image\" \/>\n<meta name=\"twitter:label1\" content=\"Est. reading time\" \/>\n\t<meta name=\"twitter:data1\" content=\"1 minute\" \/>\n<script type=\"application\/ld+json\" class=\"yoast-schema-graph\">{\"@context\":\"https:\\\/\\\/schema.org\",\"@graph\":[{\"@type\":\"WebPage\",\"@id\":\"https:\\\/\\\/prochaska.eu\\\/en\\\/produkt\\\/toro-series-ez-flo-plus-threaded-cap\\\/\",\"url\":\"https:\\\/\\\/prochaska.eu\\\/en\\\/produkt\\\/toro-series-ez-flo-plus-threaded-cap\\\/\",\"name\":\"TORO Series EZ-Flo\u00ae Plus - Threaded cap - Prochaska\",\"isPartOf\":{\"@id\":\"https:\\\/\\\/prochaska.eu\\\/en\\\/#website\"},\"primaryImageOfPage\":{\"@id\":\"https:\\\/\\\/prochaska.eu\\\/en\\\/produkt\\\/toro-series-ez-flo-plus-threaded-cap\\\/#primaryimage\"},\"image\":{\"@id\":\"https:\\\/\\\/prochaska.eu\\\/en\\\/produkt\\\/toro-series-ez-flo-plus-threaded-cap\\\/#primaryimage\"},\"thumbnailUrl\":\"\",\"datePublished\":\"2017-08-04T14:42:37+00:00\",\"breadcrumb\":{\"@id\":\"https:\\\/\\\/prochaska.eu\\\/en\\\/produkt\\\/toro-series-ez-flo-plus-threaded-cap\\\/#breadcrumb\"},\"inLanguage\":\"en-US\",\"potentialAction\":[{\"@type\":\"ReadAction\",\"target\":[\"https:\\\/\\\/prochaska.eu\\\/en\\\/produkt\\\/toro-series-ez-flo-plus-threaded-cap\\\/\"]}]},{\"@type\":\"ImageObject\",\"inLanguage\":\"en-US\",\"@id\":\"https:\\\/\\\/prochaska.eu\\\/en\\\/produkt\\\/toro-series-ez-flo-plus-threaded-cap\\\/#primaryimage\",\"url\":\"\",\"contentUrl\":\"\"},{\"@type\":\"BreadcrumbList\",\"@id\":\"https:\\\/\\\/prochaska.eu\\\/en\\\/produkt\\\/toro-series-ez-flo-plus-threaded-cap\\\/#breadcrumb\",\"itemListElement\":[{\"@type\":\"ListItem\",\"position\":1,\"name\":\"Home\",\"item\":\"https:\\\/\\\/prochaska.eu\\\/en\\\/\"},{\"@type\":\"ListItem\",\"position\":2,\"name\":\"Shop\",\"item\":\"https:\\\/\\\/prochaska.eu\\\/shop\\\/\"},{\"@type\":\"ListItem\",\"position\":3,\"name\":\"TORO Series EZ-Flo\u00ae Plus &#8211; Threaded cap\"}]},{\"@type\":\"WebSite\",\"@id\":\"https:\\\/\\\/prochaska.eu\\\/en\\\/#website\",\"url\":\"https:\\\/\\\/prochaska.eu\\\/en\\\/\",\"name\":\"Prochaska\",\"description\":\"Spezialist f\u00fcr Pflege von Gr\u00fcnfl\u00e4chen\",\"publisher\":{\"@id\":\"https:\\\/\\\/prochaska.eu\\\/en\\\/#organization\"},\"potentialAction\":[{\"@type\":\"SearchAction\",\"target\":{\"@type\":\"EntryPoint\",\"urlTemplate\":\"https:\\\/\\\/prochaska.eu\\\/en\\\/?s={search_term_string}\"},\"query-input\":{\"@type\":\"PropertyValueSpecification\",\"valueRequired\":true,\"valueName\":\"search_term_string\"}}],\"inLanguage\":\"en-US\"},{\"@type\":\"Organization\",\"@id\":\"https:\\\/\\\/prochaska.eu\\\/en\\\/#organization\",\"name\":\"Prochaska\",\"url\":\"https:\\\/\\\/prochaska.eu\\\/en\\\/\",\"logo\":{\"@type\":\"ImageObject\",\"inLanguage\":\"en-US\",\"@id\":\"https:\\\/\\\/prochaska.eu\\\/en\\\/#\\\/schema\\\/logo\\\/image\\\/\",\"url\":\"https:\\\/\\\/prochaska.eu\\\/wp-content\\\/uploads\\\/2024\\\/04\\\/Prochaska_Logo_Black-1.png\",\"contentUrl\":\"https:\\\/\\\/prochaska.eu\\\/wp-content\\\/uploads\\\/2024\\\/04\\\/Prochaska_Logo_Black-1.png\",\"width\":796,\"height\":236,\"caption\":\"Prochaska\"},\"image\":{\"@id\":\"https:\\\/\\\/prochaska.eu\\\/en\\\/#\\\/schema\\\/logo\\\/image\\\/\"},\"sameAs\":[\"https:\\\/\\\/www.facebook.com\\\/prochaska.eu\\\/\",\"https:\\\/\\\/www.instagram.com\\\/prochaska.eu\\\/\",\"https:\\\/\\\/www.linkedin.com\\\/company\\\/prochaska-handels-gmbh\"]}]}<\/script>\n<!-- \/ Yoast SEO plugin. -->","yoast_head_json":{"title":"TORO Series EZ-Flo\u00ae Plus - Threaded cap - Prochaska","robots":{"index":"index","follow":"follow","max-snippet":"max-snippet:-1","max-image-preview":"max-image-preview:large","max-video-preview":"max-video-preview:-1"},"canonical":"https:\/\/prochaska.eu\/en\/produkt\/toro-series-ez-flo-plus-threaded-cap\/","og_locale":"en_US","og_type":"article","og_title":"TORO Series EZ-Flo\u00ae Plus - Threaded cap - Prochaska","og_description":"EZ-Flo Plus valves are ideal for private customers and are offered in numerous configurations.","og_url":"https:\/\/prochaska.eu\/en\/produkt\/toro-series-ez-flo-plus-threaded-cap\/","og_site_name":"Prochaska","article_publisher":"https:\/\/www.facebook.com\/prochaska.eu\/","twitter_card":"summary_large_image","twitter_misc":{"Est. reading time":"1 minute"},"schema":{"@context":"https:\/\/schema.org","@graph":[{"@type":"WebPage","@id":"https:\/\/prochaska.eu\/en\/produkt\/toro-series-ez-flo-plus-threaded-cap\/","url":"https:\/\/prochaska.eu\/en\/produkt\/toro-series-ez-flo-plus-threaded-cap\/","name":"TORO Series EZ-Flo\u00ae Plus - Threaded cap - Prochaska","isPartOf":{"@id":"https:\/\/prochaska.eu\/en\/#website"},"primaryImageOfPage":{"@id":"https:\/\/prochaska.eu\/en\/produkt\/toro-series-ez-flo-plus-threaded-cap\/#primaryimage"},"image":{"@id":"https:\/\/prochaska.eu\/en\/produkt\/toro-series-ez-flo-plus-threaded-cap\/#primaryimage"},"thumbnailUrl":"","datePublished":"2017-08-04T14:42:37+00:00","breadcrumb":{"@id":"https:\/\/prochaska.eu\/en\/produkt\/toro-series-ez-flo-plus-threaded-cap\/#breadcrumb"},"inLanguage":"en-US","potentialAction":[{"@type":"ReadAction","target":["https:\/\/prochaska.eu\/en\/produkt\/toro-series-ez-flo-plus-threaded-cap\/"]}]},{"@type":"ImageObject","inLanguage":"en-US","@id":"https:\/\/prochaska.eu\/en\/produkt\/toro-series-ez-flo-plus-threaded-cap\/#primaryimage","url":"","contentUrl":""},{"@type":"BreadcrumbList","@id":"https:\/\/prochaska.eu\/en\/produkt\/toro-series-ez-flo-plus-threaded-cap\/#breadcrumb","itemListElement":[{"@type":"ListItem","position":1,"name":"Home","item":"https:\/\/prochaska.eu\/en\/"},{"@type":"ListItem","position":2,"name":"Shop","item":"https:\/\/prochaska.eu\/shop\/"},{"@type":"ListItem","position":3,"name":"TORO Series EZ-Flo\u00ae Plus &#8211; Threaded cap"}]},{"@type":"WebSite","@id":"https:\/\/prochaska.eu\/en\/#website","url":"https:\/\/prochaska.eu\/en\/","name":"Prochaska","description":"Spezialist f\u00fcr Pflege von Gr\u00fcnfl\u00e4chen","publisher":{"@id":"https:\/\/prochaska.eu\/en\/#organization"},"potentialAction":[{"@type":"SearchAction","target":{"@type":"EntryPoint","urlTemplate":"https:\/\/prochaska.eu\/en\/?s={search_term_string}"},"query-input":{"@type":"PropertyValueSpecification","valueRequired":true,"valueName":"search_term_string"}}],"inLanguage":"en-US"},{"@type":"Organization","@id":"https:\/\/prochaska.eu\/en\/#organization","name":"Prochaska","url":"https:\/\/prochaska.eu\/en\/","logo":{"@type":"ImageObject","inLanguage":"en-US","@id":"https:\/\/prochaska.eu\/en\/#\/schema\/logo\/image\/","url":"https:\/\/prochaska.eu\/wp-content\/uploads\/2024\/04\/Prochaska_Logo_Black-1.png","contentUrl":"https:\/\/prochaska.eu\/wp-content\/uploads\/2024\/04\/Prochaska_Logo_Black-1.png","width":796,"height":236,"caption":"Prochaska"},"image":{"@id":"https:\/\/prochaska.eu\/en\/#\/schema\/logo\/image\/"},"sameAs":["https:\/\/www.facebook.com\/prochaska.eu\/","https:\/\/www.instagram.com\/prochaska.eu\/","https:\/\/www.linkedin.com\/company\/prochaska-handels-gmbh"]}]}},"brands":[{"id":3072,"name":"Toro","slug":"toro-en"}],"_links":{"self":[{"href":"https:\/\/prochaska.eu\/en\/wp-json\/wp\/v2\/product\/25537","targetHints":{"allow":["GET"]}}],"collection":[{"href":"https:\/\/prochaska.eu\/en\/wp-json\/wp\/v2\/product"}],"about":[{"href":"https:\/\/prochaska.eu\/en\/wp-json\/wp\/v2\/types\/product"}],"version-history":[{"count":0,"href":"https:\/\/prochaska.eu\/en\/wp-json\/wp\/v2\/product\/25537\/revisions"}],"wp:featuredmedia":[{"embeddable":true,"href":"https:\/\/prochaska.eu\/en\/wp-json\/"}],"wp:attachment":[{"href":"https:\/\/prochaska.eu\/en\/wp-json\/wp\/v2\/media?parent=25537"}],"wp:term":[{"taxonomy":"pwb-brand","embeddable":true,"href":"https:\/\/prochaska.eu\/en\/wp-json\/wp\/v2\/pwb-brand?post=25537"},{"taxonomy":"product_brand","embeddable":true,"href":"https:\/\/prochaska.eu\/en\/wp-json\/wp\/v2\/product_brand?post=25537"},{"taxonomy":"product_cat","embeddable":true,"href":"https:\/\/prochaska.eu\/en\/wp-json\/wp\/v2\/product_cat?post=25537"},{"taxonomy":"product_tag","embeddable":true,"href":"https:\/\/prochaska.eu\/en\/wp-json\/wp\/v2\/product_tag?post=25537"}],"curies":[{"name":"wp","href":"https:\/\/api.w.org\/{rel}","templated":true}]}}