{"id":25556,"date":"2017-08-04T14:42:29","date_gmt":"2017-08-04T14:42:29","guid":{"rendered":"https:\/\/prochaska.eu\/product\/toro-lawn-mower-timemaster-20976-21810-21815\/"},"modified":"2017-08-04T14:42:29","modified_gmt":"2017-08-04T14:42:29","slug":"toro-lawn-mower-timemaster-20976-21810-21815","status":"publish","type":"product","link":"https:\/\/prochaska.eu\/en\/produkt\/toro-lawn-mower-timemaster-20976-21810-21815\/","title":{"rendered":"Toro &#8211; Lawn mower &#8211; TimeMaster &#8211; 20976 &#8211; 21810 &#8211; 21815"},"content":{"rendered":"<p style=\"text-align: left;\">The Toro Recycler Timemaster 20976\/21810\/21815 has a cutting width of 76 cm and is therefore suitable for large gardens of over 1,000 m\u00b2. The large cutting width significantly reduces the mowing time. The lightweight housing ensures that the mower is maneuverable. This makes it easier to mow out trees and bushes. The Dual Force mowing system with two blades and the Toro Atomic blades ensure perfect cutting results. The clippings can be both recycled and collected. The quick-folding handlebar enables space-saving storage.<\/p>\n<h2 style=\"text-align: left;\">The product benefits<\/h2>\n<ul style=\"text-align: left;\">\n<li style=\"text-align: left;\">Dual Force mowing system with two blades and Atomic blade for a perfect cutting pattern<\/li>\n<li>Mulching with double-blade system for faster composting of clippings and nutrient supply for the soil<\/li>\n<li>Automatic Drive System with traction control for a smooth and individually adjusted mowing speed<\/li>\n<li>Quick-folding bar for space-saving storage<\/li>\n<li>Cutting height adjustment with just two handles<\/li>\n<li>Water connection for quick and easy cleaning of the lower mower deck<\/li>\n<\/ul>\n<h2 style=\"text-align: left;\">Optional accessories<\/h2>\n<ul>\n<li style=\"text-align: left;\"><a href=\"https:\/\/www.prochaska.eu\/produkt\/toro-ersatzmesser-atomic-76cm-20976\/\">Replacement blade Atomic 76 cm<\/a><\/li>\n<\/ul>\n<p><iframe title=\"Toro TimeMaster\u00ae\" width=\"800\" height=\"450\" src=\"https:\/\/www.youtube.com\/embed\/DlpOcKA9T1w?feature=oembed\" frameborder=\"0\" allow=\"accelerometer; autoplay; clipboard-write; encrypted-media; gyroscope; picture-in-picture; web-share\" referrerpolicy=\"strict-origin-when-cross-origin\" allowfullscreen><\/iframe><\/p>\n","protected":false},"excerpt":{"rendered":"<p>The Toro Recycler Timemaster is suitable for very large gardens and impresses with its Dual Force mowing system and Automatic Drive System.<\/p>\n","protected":false},"featured_media":27289,"template":"","meta":[],"pwb-brand":[3072],"product_brand":[],"product_cat":[3060,1102,1181,3137],"product_tag":[],"class_list":{"0":"post-25556","1":"product","2":"type-product","3":"status-publish","4":"has-post-thumbnail","6":"pwb-brand-toro-en","7":"product_cat-discount-en","8":"product_cat-house-and-garden","9":"product_cat-lawn-mower","10":"product_cat-toro-brand-discounts-en","12":"first","13":"instock","14":"sale","15":"taxable","16":"shipping-taxable","17":"purchasable","18":"product-type-simple"},"yoast_head":"<!-- This site is optimized with the Yoast SEO plugin v27.4 - https:\/\/yoast.com\/product\/yoast-seo-wordpress\/ -->\n<title>Toro - Lawn mower - TimeMaster - 20976 - 21810 - 21815 - Prochaska<\/title>\n<meta name=\"robots\" content=\"index, follow, max-snippet:-1, max-image-preview:large, max-video-preview:-1\" \/>\n<link rel=\"canonical\" href=\"https:\/\/prochaska.eu\/en\/produkt\/toro-lawn-mower-timemaster-20976-21810-21815\/\" \/>\n<meta property=\"og:locale\" content=\"en_US\" \/>\n<meta property=\"og:type\" content=\"article\" \/>\n<meta property=\"og:title\" content=\"Toro - Lawn mower - TimeMaster - 20976 - 21810 - 21815 - Prochaska\" \/>\n<meta property=\"og:description\" content=\"The Toro Recycler Timemaster is suitable for very large gardens and impresses with its Dual Force mowing system and Automatic Drive System.\" \/>\n<meta property=\"og:url\" content=\"https:\/\/prochaska.eu\/en\/produkt\/toro-lawn-mower-timemaster-20976-21810-21815\/\" \/>\n<meta property=\"og:site_name\" content=\"Prochaska\" \/>\n<meta property=\"article:publisher\" content=\"https:\/\/www.facebook.com\/prochaska.eu\/\" \/>\n<meta property=\"og:image\" content=\"https:\/\/prochaska.eu\/wp-content\/uploads\/2017\/08\/TimeMaster-21810.png\" \/>\n\t<meta property=\"og:image:width\" content=\"1000\" \/>\n\t<meta property=\"og:image:height\" content=\"1000\" \/>\n\t<meta property=\"og:image:type\" content=\"image\/png\" \/>\n<meta name=\"twitter:card\" content=\"summary_large_image\" \/>\n<meta name=\"twitter:label1\" content=\"Est. reading time\" \/>\n\t<meta name=\"twitter:data1\" content=\"1 minute\" \/>\n<script type=\"application\/ld+json\" class=\"yoast-schema-graph\">{\"@context\":\"https:\\\/\\\/schema.org\",\"@graph\":[{\"@type\":\"WebPage\",\"@id\":\"https:\\\/\\\/prochaska.eu\\\/en\\\/produkt\\\/toro-lawn-mower-timemaster-20976-21810-21815\\\/\",\"url\":\"https:\\\/\\\/prochaska.eu\\\/en\\\/produkt\\\/toro-lawn-mower-timemaster-20976-21810-21815\\\/\",\"name\":\"Toro - Lawn mower - TimeMaster - 20976 - 21810 - 21815 - Prochaska\",\"isPartOf\":{\"@id\":\"https:\\\/\\\/prochaska.eu\\\/en\\\/#website\"},\"primaryImageOfPage\":{\"@id\":\"https:\\\/\\\/prochaska.eu\\\/en\\\/produkt\\\/toro-lawn-mower-timemaster-20976-21810-21815\\\/#primaryimage\"},\"image\":{\"@id\":\"https:\\\/\\\/prochaska.eu\\\/en\\\/produkt\\\/toro-lawn-mower-timemaster-20976-21810-21815\\\/#primaryimage\"},\"thumbnailUrl\":\"https:\\\/\\\/prochaska.eu\\\/wp-content\\\/uploads\\\/2017\\\/08\\\/TimeMaster-21810.png\",\"datePublished\":\"2017-08-04T14:42:29+00:00\",\"breadcrumb\":{\"@id\":\"https:\\\/\\\/prochaska.eu\\\/en\\\/produkt\\\/toro-lawn-mower-timemaster-20976-21810-21815\\\/#breadcrumb\"},\"inLanguage\":\"en-US\",\"potentialAction\":[{\"@type\":\"ReadAction\",\"target\":[\"https:\\\/\\\/prochaska.eu\\\/en\\\/produkt\\\/toro-lawn-mower-timemaster-20976-21810-21815\\\/\"]}]},{\"@type\":\"ImageObject\",\"inLanguage\":\"en-US\",\"@id\":\"https:\\\/\\\/prochaska.eu\\\/en\\\/produkt\\\/toro-lawn-mower-timemaster-20976-21810-21815\\\/#primaryimage\",\"url\":\"https:\\\/\\\/prochaska.eu\\\/wp-content\\\/uploads\\\/2017\\\/08\\\/TimeMaster-21810.png\",\"contentUrl\":\"https:\\\/\\\/prochaska.eu\\\/wp-content\\\/uploads\\\/2017\\\/08\\\/TimeMaster-21810.png\",\"width\":1000,\"height\":1000},{\"@type\":\"BreadcrumbList\",\"@id\":\"https:\\\/\\\/prochaska.eu\\\/en\\\/produkt\\\/toro-lawn-mower-timemaster-20976-21810-21815\\\/#breadcrumb\",\"itemListElement\":[{\"@type\":\"ListItem\",\"position\":1,\"name\":\"Home\",\"item\":\"https:\\\/\\\/prochaska.eu\\\/en\\\/\"},{\"@type\":\"ListItem\",\"position\":2,\"name\":\"Shop\",\"item\":\"https:\\\/\\\/prochaska.eu\\\/shop\\\/\"},{\"@type\":\"ListItem\",\"position\":3,\"name\":\"Toro &#8211; Lawn mower &#8211; TimeMaster &#8211; 20976 &#8211; 21810 &#8211; 21815\"}]},{\"@type\":\"WebSite\",\"@id\":\"https:\\\/\\\/prochaska.eu\\\/en\\\/#website\",\"url\":\"https:\\\/\\\/prochaska.eu\\\/en\\\/\",\"name\":\"Prochaska\",\"description\":\"Spezialist f\u00fcr Pflege von Gr\u00fcnfl\u00e4chen\",\"publisher\":{\"@id\":\"https:\\\/\\\/prochaska.eu\\\/en\\\/#organization\"},\"potentialAction\":[{\"@type\":\"SearchAction\",\"target\":{\"@type\":\"EntryPoint\",\"urlTemplate\":\"https:\\\/\\\/prochaska.eu\\\/en\\\/?s={search_term_string}\"},\"query-input\":{\"@type\":\"PropertyValueSpecification\",\"valueRequired\":true,\"valueName\":\"search_term_string\"}}],\"inLanguage\":\"en-US\"},{\"@type\":\"Organization\",\"@id\":\"https:\\\/\\\/prochaska.eu\\\/en\\\/#organization\",\"name\":\"Prochaska\",\"url\":\"https:\\\/\\\/prochaska.eu\\\/en\\\/\",\"logo\":{\"@type\":\"ImageObject\",\"inLanguage\":\"en-US\",\"@id\":\"https:\\\/\\\/prochaska.eu\\\/en\\\/#\\\/schema\\\/logo\\\/image\\\/\",\"url\":\"https:\\\/\\\/prochaska.eu\\\/wp-content\\\/uploads\\\/2024\\\/04\\\/Prochaska_Logo_Black-1.png\",\"contentUrl\":\"https:\\\/\\\/prochaska.eu\\\/wp-content\\\/uploads\\\/2024\\\/04\\\/Prochaska_Logo_Black-1.png\",\"width\":796,\"height\":236,\"caption\":\"Prochaska\"},\"image\":{\"@id\":\"https:\\\/\\\/prochaska.eu\\\/en\\\/#\\\/schema\\\/logo\\\/image\\\/\"},\"sameAs\":[\"https:\\\/\\\/www.facebook.com\\\/prochaska.eu\\\/\",\"https:\\\/\\\/www.instagram.com\\\/prochaska.eu\\\/\",\"https:\\\/\\\/www.linkedin.com\\\/company\\\/prochaska-handels-gmbh\"]}]}<\/script>\n<!-- \/ Yoast SEO plugin. -->","yoast_head_json":{"title":"Toro - Lawn mower - TimeMaster - 20976 - 21810 - 21815 - Prochaska","robots":{"index":"index","follow":"follow","max-snippet":"max-snippet:-1","max-image-preview":"max-image-preview:large","max-video-preview":"max-video-preview:-1"},"canonical":"https:\/\/prochaska.eu\/en\/produkt\/toro-lawn-mower-timemaster-20976-21810-21815\/","og_locale":"en_US","og_type":"article","og_title":"Toro - Lawn mower - TimeMaster - 20976 - 21810 - 21815 - Prochaska","og_description":"The Toro Recycler Timemaster is suitable for very large gardens and impresses with its Dual Force mowing system and Automatic Drive System.","og_url":"https:\/\/prochaska.eu\/en\/produkt\/toro-lawn-mower-timemaster-20976-21810-21815\/","og_site_name":"Prochaska","article_publisher":"https:\/\/www.facebook.com\/prochaska.eu\/","og_image":[{"width":1000,"height":1000,"url":"https:\/\/prochaska.eu\/wp-content\/uploads\/2017\/08\/TimeMaster-21810.png","type":"image\/png"}],"twitter_card":"summary_large_image","twitter_misc":{"Est. reading time":"1 minute"},"schema":{"@context":"https:\/\/schema.org","@graph":[{"@type":"WebPage","@id":"https:\/\/prochaska.eu\/en\/produkt\/toro-lawn-mower-timemaster-20976-21810-21815\/","url":"https:\/\/prochaska.eu\/en\/produkt\/toro-lawn-mower-timemaster-20976-21810-21815\/","name":"Toro - Lawn mower - TimeMaster - 20976 - 21810 - 21815 - Prochaska","isPartOf":{"@id":"https:\/\/prochaska.eu\/en\/#website"},"primaryImageOfPage":{"@id":"https:\/\/prochaska.eu\/en\/produkt\/toro-lawn-mower-timemaster-20976-21810-21815\/#primaryimage"},"image":{"@id":"https:\/\/prochaska.eu\/en\/produkt\/toro-lawn-mower-timemaster-20976-21810-21815\/#primaryimage"},"thumbnailUrl":"https:\/\/prochaska.eu\/wp-content\/uploads\/2017\/08\/TimeMaster-21810.png","datePublished":"2017-08-04T14:42:29+00:00","breadcrumb":{"@id":"https:\/\/prochaska.eu\/en\/produkt\/toro-lawn-mower-timemaster-20976-21810-21815\/#breadcrumb"},"inLanguage":"en-US","potentialAction":[{"@type":"ReadAction","target":["https:\/\/prochaska.eu\/en\/produkt\/toro-lawn-mower-timemaster-20976-21810-21815\/"]}]},{"@type":"ImageObject","inLanguage":"en-US","@id":"https:\/\/prochaska.eu\/en\/produkt\/toro-lawn-mower-timemaster-20976-21810-21815\/#primaryimage","url":"https:\/\/prochaska.eu\/wp-content\/uploads\/2017\/08\/TimeMaster-21810.png","contentUrl":"https:\/\/prochaska.eu\/wp-content\/uploads\/2017\/08\/TimeMaster-21810.png","width":1000,"height":1000},{"@type":"BreadcrumbList","@id":"https:\/\/prochaska.eu\/en\/produkt\/toro-lawn-mower-timemaster-20976-21810-21815\/#breadcrumb","itemListElement":[{"@type":"ListItem","position":1,"name":"Home","item":"https:\/\/prochaska.eu\/en\/"},{"@type":"ListItem","position":2,"name":"Shop","item":"https:\/\/prochaska.eu\/shop\/"},{"@type":"ListItem","position":3,"name":"Toro &#8211; Lawn mower &#8211; TimeMaster &#8211; 20976 &#8211; 21810 &#8211; 21815"}]},{"@type":"WebSite","@id":"https:\/\/prochaska.eu\/en\/#website","url":"https:\/\/prochaska.eu\/en\/","name":"Prochaska","description":"Spezialist f\u00fcr Pflege von Gr\u00fcnfl\u00e4chen","publisher":{"@id":"https:\/\/prochaska.eu\/en\/#organization"},"potentialAction":[{"@type":"SearchAction","target":{"@type":"EntryPoint","urlTemplate":"https:\/\/prochaska.eu\/en\/?s={search_term_string}"},"query-input":{"@type":"PropertyValueSpecification","valueRequired":true,"valueName":"search_term_string"}}],"inLanguage":"en-US"},{"@type":"Organization","@id":"https:\/\/prochaska.eu\/en\/#organization","name":"Prochaska","url":"https:\/\/prochaska.eu\/en\/","logo":{"@type":"ImageObject","inLanguage":"en-US","@id":"https:\/\/prochaska.eu\/en\/#\/schema\/logo\/image\/","url":"https:\/\/prochaska.eu\/wp-content\/uploads\/2024\/04\/Prochaska_Logo_Black-1.png","contentUrl":"https:\/\/prochaska.eu\/wp-content\/uploads\/2024\/04\/Prochaska_Logo_Black-1.png","width":796,"height":236,"caption":"Prochaska"},"image":{"@id":"https:\/\/prochaska.eu\/en\/#\/schema\/logo\/image\/"},"sameAs":["https:\/\/www.facebook.com\/prochaska.eu\/","https:\/\/www.instagram.com\/prochaska.eu\/","https:\/\/www.linkedin.com\/company\/prochaska-handels-gmbh"]}]}},"brands":[{"id":3072,"name":"Toro","slug":"toro-en"}],"_links":{"self":[{"href":"https:\/\/prochaska.eu\/en\/wp-json\/wp\/v2\/product\/25556","targetHints":{"allow":["GET"]}}],"collection":[{"href":"https:\/\/prochaska.eu\/en\/wp-json\/wp\/v2\/product"}],"about":[{"href":"https:\/\/prochaska.eu\/en\/wp-json\/wp\/v2\/types\/product"}],"version-history":[{"count":0,"href":"https:\/\/prochaska.eu\/en\/wp-json\/wp\/v2\/product\/25556\/revisions"}],"wp:featuredmedia":[{"embeddable":true,"href":"https:\/\/prochaska.eu\/en\/wp-json\/wp\/v2\/media\/27289"}],"wp:attachment":[{"href":"https:\/\/prochaska.eu\/en\/wp-json\/wp\/v2\/media?parent=25556"}],"wp:term":[{"taxonomy":"pwb-brand","embeddable":true,"href":"https:\/\/prochaska.eu\/en\/wp-json\/wp\/v2\/pwb-brand?post=25556"},{"taxonomy":"product_brand","embeddable":true,"href":"https:\/\/prochaska.eu\/en\/wp-json\/wp\/v2\/product_brand?post=25556"},{"taxonomy":"product_cat","embeddable":true,"href":"https:\/\/prochaska.eu\/en\/wp-json\/wp\/v2\/product_cat?post=25556"},{"taxonomy":"product_tag","embeddable":true,"href":"https:\/\/prochaska.eu\/en\/wp-json\/wp\/v2\/product_tag?post=25556"}],"curies":[{"name":"wp","href":"https:\/\/api.w.org\/{rel}","templated":true}]}}