{"id":25570,"date":"2017-08-04T14:42:37","date_gmt":"2017-08-04T14:42:37","guid":{"rendered":"https:\/\/prochaska.eu\/product\/toro-series-t5\/"},"modified":"2017-08-04T14:42:37","modified_gmt":"2017-08-04T14:42:37","slug":"toro-series-t5","status":"publish","type":"product","link":"https:\/\/prochaska.eu\/en\/produkt\/toro-series-t5\/","title":{"rendered":"Toro Series T5"},"content":{"rendered":"<p style=\"text-align: left;\">The new <a href=\"https:\/\/www.prochaska.eu\/wp-content\/uploads\/2021\/01\/200-5903_T5Rapidset-Trifold-Brochure_gb.pdf\">Toro\u00ae T5 RapidSet Series Rotor<\/a> has the features to satisfy all your basic irrigation needs while surprising with a few extras.<\/p>\n<h2 style=\"text-align: left;\">Features &amp; Benefits<\/h2>\n<ul style=\"text-align: left;\">\n<li style=\"text-align: left;\">5&#8243; (127 mm) Pop-Up: Easily replaces many competitive 4&#8242; (100mm) units in the same footprint but delivers an extra inch of pop-up.<\/li>\n<li style=\"text-align: left;\">Standard Rubber Cover: The top of the sprinklers is covered with a heavy duty rubber cover to minimize impact unjuries and reduce liability.<\/li>\n<li style=\"text-align: left;\">Nozzle Tree: The T5 comes with a full noozle tree of 8 standard noozles (25\u00b0) and 4 low angle noozles (10\u00b0).<\/li>\n<li>Optional Check Valve: Available with a hold back strengst of 7&#8242; (2,1m) of elevation change.<\/li>\n<li style=\"text-align: left;\">Top Adjust Arc Set: The T5 can be set between a minimum arc set of 40\u00b0 and a full circle set of 360\u00b0. Arc changes are made from the top of sprinkler while popped up or down by using a small slitted screwdriver.<\/li>\n<li>RapidSet Arc Adjustment: Easy tool-free arc adjustment, without any risk to overtorque and damage the interior of the rotor.<\/li>\n<\/ul>\n<p style=\"text-align: left;\">More information in the Toro Brochure &#8211; <a href=\"https:\/\/www.prochaska.eu\/wp-content\/uploads\/2021\/01\/200-5903_T5Rapidset-Trifold-Brochure_gb.pdf\">T5 RapidSet Series Rotor<\/a>.<\/p>\n<h2 style=\"text-align: left;\">Technical specifications<\/h2>\n<ul style=\"text-align: left;\">\n<li>Throwing distance: 7.6 to 15.2 m (25&#8242;-50&#8242;)<\/li>\n<li>Flow rate: 2.8 to 36.5 l\/min (0.76 to 9.63 GPM)<\/li>\n<li>Working pressure range: 25-70 PSI (1.7-4.8 bar)<\/li>\n<li>Discharge angle: 25\u00b0 standard, 10\u00b0 low angle<\/li>\n<li>Riser height to nozzle: 5&#8243; (127 mm)<\/li>\n<li>Inlet: 20 mm (\u00be&#8221;)<\/li>\n<li>Standard equipment with nozzle no. 3.0<\/li>\n<\/ul>\n<h2 style=\"text-align: left;\">Model list<\/h2>\n<ul style=\"text-align: left;\">\n<li style=\"text-align: left;\">T5P-RS: 127-mm pop-up sprinkler without outlet check valve<\/li>\n<li style=\"text-align: left;\">T5PCK-RS: 127 mm pop-up irrigation with stop valve<\/li>\n<li style=\"text-align: left;\">T5PCKSS-RS: 127 mm pop-up irrigation with stop valve, stainless steel<\/li>\n<li style=\"text-align: left;\">T5S-RS: Freestanding<\/li>\n<li style=\"text-align: left;\">T5HP-RS: 305 mm high pop (high riser)<\/li>\n<\/ul>\n<h2 style=\"text-align: left;\">Accessories<\/h2>\n<p style=\"text-align: left;\">Please contact our<a href=\"https:\/\/www.prochaska.eu\/en\/irrigation-experts-team\/\"> irrigation team<\/a> and get informed.<\/p>\n<ul style=\"text-align: left;\">\n<li style=\"text-align: left;\">1 Nozzle Set (8 standard nozzles 25\u00b0 and 4 nozzles with low angle 10\u00b0)<\/li>\n<li style=\"text-align: left;\">1 Check valve<\/li>\n<li style=\"text-align: left;\">1 Adjustment tool<\/li>\n<\/ul>\n<p style=\"text-align: left;\">\n","protected":false},"excerpt":{"rendered":"<p>The new Toro\u00ae T5 RapidSet Series Rotor helps to save costs and time.<\/p>\n","protected":false},"featured_media":0,"template":"","meta":[],"pwb-brand":[3072],"product_brand":[],"product_cat":[1540],"product_tag":[],"class_list":{"0":"post-25570","1":"product","2":"type-product","3":"status-publish","5":"pwb-brand-toro-en","6":"product_cat-soil-preparation-en","8":"first","9":"outofstock","10":"taxable","11":"shipping-taxable","12":"purchasable","13":"product-type-variable"},"yoast_head":"<!-- This site is optimized with the Yoast SEO plugin v27.4 - https:\/\/yoast.com\/product\/yoast-seo-wordpress\/ -->\n<title>Toro Series T5 - Prochaska<\/title>\n<meta name=\"robots\" content=\"index, follow, max-snippet:-1, max-image-preview:large, max-video-preview:-1\" \/>\n<link rel=\"canonical\" href=\"https:\/\/prochaska.eu\/en\/produkt\/toro-series-t5\/\" \/>\n<meta property=\"og:locale\" content=\"en_US\" \/>\n<meta property=\"og:type\" content=\"article\" \/>\n<meta property=\"og:title\" content=\"Toro Series T5 - Prochaska\" \/>\n<meta property=\"og:description\" content=\"The new Toro\u00ae T5 RapidSet Series Rotor helps to save costs and time.\" \/>\n<meta property=\"og:url\" content=\"https:\/\/prochaska.eu\/en\/produkt\/toro-series-t5\/\" \/>\n<meta property=\"og:site_name\" content=\"Prochaska\" \/>\n<meta property=\"article:publisher\" content=\"https:\/\/www.facebook.com\/prochaska.eu\/\" \/>\n<meta name=\"twitter:card\" content=\"summary_large_image\" \/>\n<meta name=\"twitter:label1\" content=\"Est. reading time\" \/>\n\t<meta name=\"twitter:data1\" content=\"1 minute\" \/>\n<script type=\"application\/ld+json\" class=\"yoast-schema-graph\">{\"@context\":\"https:\\\/\\\/schema.org\",\"@graph\":[{\"@type\":\"WebPage\",\"@id\":\"https:\\\/\\\/prochaska.eu\\\/en\\\/produkt\\\/toro-series-t5\\\/\",\"url\":\"https:\\\/\\\/prochaska.eu\\\/en\\\/produkt\\\/toro-series-t5\\\/\",\"name\":\"Toro Series T5 - Prochaska\",\"isPartOf\":{\"@id\":\"https:\\\/\\\/prochaska.eu\\\/en\\\/#website\"},\"datePublished\":\"2017-08-04T14:42:37+00:00\",\"breadcrumb\":{\"@id\":\"https:\\\/\\\/prochaska.eu\\\/en\\\/produkt\\\/toro-series-t5\\\/#breadcrumb\"},\"inLanguage\":\"en-US\",\"potentialAction\":[{\"@type\":\"ReadAction\",\"target\":[\"https:\\\/\\\/prochaska.eu\\\/en\\\/produkt\\\/toro-series-t5\\\/\"]}]},{\"@type\":\"BreadcrumbList\",\"@id\":\"https:\\\/\\\/prochaska.eu\\\/en\\\/produkt\\\/toro-series-t5\\\/#breadcrumb\",\"itemListElement\":[{\"@type\":\"ListItem\",\"position\":1,\"name\":\"Home\",\"item\":\"https:\\\/\\\/prochaska.eu\\\/en\\\/\"},{\"@type\":\"ListItem\",\"position\":2,\"name\":\"Shop\",\"item\":\"https:\\\/\\\/prochaska.eu\\\/shop\\\/\"},{\"@type\":\"ListItem\",\"position\":3,\"name\":\"Toro Series T5\"}]},{\"@type\":\"WebSite\",\"@id\":\"https:\\\/\\\/prochaska.eu\\\/en\\\/#website\",\"url\":\"https:\\\/\\\/prochaska.eu\\\/en\\\/\",\"name\":\"Prochaska\",\"description\":\"Spezialist f\u00fcr Pflege von Gr\u00fcnfl\u00e4chen\",\"publisher\":{\"@id\":\"https:\\\/\\\/prochaska.eu\\\/en\\\/#organization\"},\"potentialAction\":[{\"@type\":\"SearchAction\",\"target\":{\"@type\":\"EntryPoint\",\"urlTemplate\":\"https:\\\/\\\/prochaska.eu\\\/en\\\/?s={search_term_string}\"},\"query-input\":{\"@type\":\"PropertyValueSpecification\",\"valueRequired\":true,\"valueName\":\"search_term_string\"}}],\"inLanguage\":\"en-US\"},{\"@type\":\"Organization\",\"@id\":\"https:\\\/\\\/prochaska.eu\\\/en\\\/#organization\",\"name\":\"Prochaska\",\"url\":\"https:\\\/\\\/prochaska.eu\\\/en\\\/\",\"logo\":{\"@type\":\"ImageObject\",\"inLanguage\":\"en-US\",\"@id\":\"https:\\\/\\\/prochaska.eu\\\/en\\\/#\\\/schema\\\/logo\\\/image\\\/\",\"url\":\"https:\\\/\\\/prochaska.eu\\\/wp-content\\\/uploads\\\/2024\\\/04\\\/Prochaska_Logo_Black-1.png\",\"contentUrl\":\"https:\\\/\\\/prochaska.eu\\\/wp-content\\\/uploads\\\/2024\\\/04\\\/Prochaska_Logo_Black-1.png\",\"width\":796,\"height\":236,\"caption\":\"Prochaska\"},\"image\":{\"@id\":\"https:\\\/\\\/prochaska.eu\\\/en\\\/#\\\/schema\\\/logo\\\/image\\\/\"},\"sameAs\":[\"https:\\\/\\\/www.facebook.com\\\/prochaska.eu\\\/\",\"https:\\\/\\\/www.instagram.com\\\/prochaska.eu\\\/\",\"https:\\\/\\\/www.linkedin.com\\\/company\\\/prochaska-handels-gmbh\"]}]}<\/script>\n<!-- \/ Yoast SEO plugin. -->","yoast_head_json":{"title":"Toro Series T5 - Prochaska","robots":{"index":"index","follow":"follow","max-snippet":"max-snippet:-1","max-image-preview":"max-image-preview:large","max-video-preview":"max-video-preview:-1"},"canonical":"https:\/\/prochaska.eu\/en\/produkt\/toro-series-t5\/","og_locale":"en_US","og_type":"article","og_title":"Toro Series T5 - Prochaska","og_description":"The new Toro\u00ae T5 RapidSet Series Rotor helps to save costs and time.","og_url":"https:\/\/prochaska.eu\/en\/produkt\/toro-series-t5\/","og_site_name":"Prochaska","article_publisher":"https:\/\/www.facebook.com\/prochaska.eu\/","twitter_card":"summary_large_image","twitter_misc":{"Est. reading time":"1 minute"},"schema":{"@context":"https:\/\/schema.org","@graph":[{"@type":"WebPage","@id":"https:\/\/prochaska.eu\/en\/produkt\/toro-series-t5\/","url":"https:\/\/prochaska.eu\/en\/produkt\/toro-series-t5\/","name":"Toro Series T5 - Prochaska","isPartOf":{"@id":"https:\/\/prochaska.eu\/en\/#website"},"datePublished":"2017-08-04T14:42:37+00:00","breadcrumb":{"@id":"https:\/\/prochaska.eu\/en\/produkt\/toro-series-t5\/#breadcrumb"},"inLanguage":"en-US","potentialAction":[{"@type":"ReadAction","target":["https:\/\/prochaska.eu\/en\/produkt\/toro-series-t5\/"]}]},{"@type":"BreadcrumbList","@id":"https:\/\/prochaska.eu\/en\/produkt\/toro-series-t5\/#breadcrumb","itemListElement":[{"@type":"ListItem","position":1,"name":"Home","item":"https:\/\/prochaska.eu\/en\/"},{"@type":"ListItem","position":2,"name":"Shop","item":"https:\/\/prochaska.eu\/shop\/"},{"@type":"ListItem","position":3,"name":"Toro Series T5"}]},{"@type":"WebSite","@id":"https:\/\/prochaska.eu\/en\/#website","url":"https:\/\/prochaska.eu\/en\/","name":"Prochaska","description":"Spezialist f\u00fcr Pflege von Gr\u00fcnfl\u00e4chen","publisher":{"@id":"https:\/\/prochaska.eu\/en\/#organization"},"potentialAction":[{"@type":"SearchAction","target":{"@type":"EntryPoint","urlTemplate":"https:\/\/prochaska.eu\/en\/?s={search_term_string}"},"query-input":{"@type":"PropertyValueSpecification","valueRequired":true,"valueName":"search_term_string"}}],"inLanguage":"en-US"},{"@type":"Organization","@id":"https:\/\/prochaska.eu\/en\/#organization","name":"Prochaska","url":"https:\/\/prochaska.eu\/en\/","logo":{"@type":"ImageObject","inLanguage":"en-US","@id":"https:\/\/prochaska.eu\/en\/#\/schema\/logo\/image\/","url":"https:\/\/prochaska.eu\/wp-content\/uploads\/2024\/04\/Prochaska_Logo_Black-1.png","contentUrl":"https:\/\/prochaska.eu\/wp-content\/uploads\/2024\/04\/Prochaska_Logo_Black-1.png","width":796,"height":236,"caption":"Prochaska"},"image":{"@id":"https:\/\/prochaska.eu\/en\/#\/schema\/logo\/image\/"},"sameAs":["https:\/\/www.facebook.com\/prochaska.eu\/","https:\/\/www.instagram.com\/prochaska.eu\/","https:\/\/www.linkedin.com\/company\/prochaska-handels-gmbh"]}]}},"brands":[{"id":3072,"name":"Toro","slug":"toro-en"}],"_links":{"self":[{"href":"https:\/\/prochaska.eu\/en\/wp-json\/wp\/v2\/product\/25570","targetHints":{"allow":["GET"]}}],"collection":[{"href":"https:\/\/prochaska.eu\/en\/wp-json\/wp\/v2\/product"}],"about":[{"href":"https:\/\/prochaska.eu\/en\/wp-json\/wp\/v2\/types\/product"}],"version-history":[{"count":0,"href":"https:\/\/prochaska.eu\/en\/wp-json\/wp\/v2\/product\/25570\/revisions"}],"wp:attachment":[{"href":"https:\/\/prochaska.eu\/en\/wp-json\/wp\/v2\/media?parent=25570"}],"wp:term":[{"taxonomy":"pwb-brand","embeddable":true,"href":"https:\/\/prochaska.eu\/en\/wp-json\/wp\/v2\/pwb-brand?post=25570"},{"taxonomy":"product_brand","embeddable":true,"href":"https:\/\/prochaska.eu\/en\/wp-json\/wp\/v2\/product_brand?post=25570"},{"taxonomy":"product_cat","embeddable":true,"href":"https:\/\/prochaska.eu\/en\/wp-json\/wp\/v2\/product_cat?post=25570"},{"taxonomy":"product_tag","embeddable":true,"href":"https:\/\/prochaska.eu\/en\/wp-json\/wp\/v2\/product_tag?post=25570"}],"curies":[{"name":"wp","href":"https:\/\/api.w.org\/{rel}","templated":true}]}}