{"id":25584,"date":"2017-08-04T14:42:37","date_gmt":"2017-08-04T14:42:37","guid":{"rendered":"https:\/\/prochaska.eu\/product\/toro-series-t5-2\/"},"modified":"2017-08-04T14:42:37","modified_gmt":"2017-08-04T14:42:37","slug":"toro-series-t5-2","status":"publish","type":"product","link":"https:\/\/prochaska.eu\/en\/produkt\/toro-series-t5-2\/","title":{"rendered":"TORO Series T5"},"content":{"rendered":"<p style=\"text-align: left;\">The Toro\u00ae <a href=\"https:\/\/www.prochaska.eu\/wp-content\/uploads\/2021\/01\/200-5904_T5Rapidset-Trifold-Brochure_de.pdf\">T5 RAPIDSET series geared sprinklers<\/a> meet all basic irrigation requirements and surprise with a few extras.<\/p>\n<h2 style=\"text-align: left;\">Features &amp; advantages<\/h2>\n<ul style=\"text-align: left;\">\n<li>127 mm (5&#8243;) pop-up sprinkler: Easily replaces many competing 100 mm (4&#8243;) sprinklers of the same size, but has an additional 2.5 cm (1&#8243;) riser height.<\/li>\n<li>Standard rubber cap: The top of the sprinkler is covered with a robust rubber cap to reduce impact injuries.<\/li>\n<li>Nozzle set: The T5 has a complete nozzle structure with 8 standard nozzles (25\u00b0) and four low-angle nozzles (10\u00b0).<\/li>\n<li>Optional non-return valve: Holds water column up to 2.1 m (7&#8242;).<\/li>\n<li>Accessible adjustment of the sector: The T5 can be set to a minimum angle of 40\u00b0 and a full circle of 360\u00b0. The sector is adjusted using a small screwdriver on the top of the sprinkler.<\/li>\n<li>RapidSet sector adjustment: Simple sector adjustment without tools avoids overtightening and possible damage to the gearbox sprinkler.<\/li>\n<\/ul>\n<p>Further information can be found in the Toro brochure &#8211; <a href=\"https:\/\/www.prochaska.eu\/wp-content\/uploads\/2021\/01\/200-5904_T5Rapidset-Trifold-Brochure_de.pdf\">T5 RAPIDSET<\/a><\/p>\n<h2 style=\"text-align: left;\">Technical specifications<\/h2>\n<ul style=\"text-align: left;\">\n<li style=\"text-align: left;\">Throw range: 7.6 to 15.2 m (25&#8242;-50&#8242;)<\/li>\n<li style=\"text-align: left;\">Flow rate: 2.8 to 36.5 l\/min (0.76 to 9.63 GPM)<\/li>\n<li style=\"text-align: left;\">Working pressure range: 25-70 PSI (1.7-4.8 bar)<\/li>\n<li style=\"text-align: left;\">Discharge angle: 25\u00b0 standard, 10\u00b0 low angle<\/li>\n<li style=\"text-align: left;\">Climbing height to nozzle: 127 mm (5&#8243;)<\/li>\n<li style=\"text-align: left;\">Inlet: 20 mm (\u00be&#8221;)<\/li>\n<li style=\"text-align: left;\">Standard equipment with nozzle no. 3.0<\/li>\n<\/ul>\n<h2 style=\"text-align: left;\">Model list<\/h2>\n<ul>\n<li style=\"text-align: left;\">T5P-RS: 127 mm pop-up sprinkler without shut-off valve<\/li>\n<li style=\"text-align: left;\">T5PCK-RS: 127 mm pop-up sprinkler with shut-off valve<\/li>\n<li style=\"text-align: left;\">T5PCKSS-RS: 127 mm pop-up sprinkler with non-return valve, stainless steel<\/li>\n<li style=\"text-align: left;\">T5S-RS: Freestanding<\/li>\n<li style=\"text-align: left;\">T5HP-RS: 305 mm high-pop (high riser)<\/li>\n<\/ul>\n<h2>Optional accessories<\/h2>\n<p>Please ask our <a href=\"https:\/\/www.prochaska.eu\/Team-Beregnung\/\">irrigation team<\/a> about this.<\/p>\n<ul>\n<li>1 nozzle set (8 standard nozzles 25\u00b0 and 4 nozzles with low angle 10\u00b0)<\/li>\n<li>1 piece non-return valve<\/li>\n<li>1 adjustment tool<\/li>\n<\/ul>\n","protected":false},"excerpt":{"rendered":"<p>The Toro\u00ae T5 RAPIDSET\u00ae series geared sprinklers meet all basic irrigation requirements and surprise with a few extras.<\/p>\n","protected":false},"featured_media":27091,"template":"","meta":[],"pwb-brand":[3072],"product_brand":[],"product_cat":[2483,2482],"product_tag":[],"class_list":{"0":"post-25584","1":"product","2":"type-product","3":"status-publish","4":"has-post-thumbnail","6":"pwb-brand-toro-en","7":"product_cat-gearbox-sprinkler","8":"product_cat-irrigation-en","10":"first","11":"instock","12":"taxable","13":"shipping-taxable","14":"product-type-variable","15":"has-default-attributes"},"yoast_head":"<!-- This site is optimized with the Yoast SEO plugin v27.4 - https:\/\/yoast.com\/product\/yoast-seo-wordpress\/ -->\n<title>TORO Series T5 - Prochaska<\/title>\n<meta name=\"robots\" content=\"index, follow, max-snippet:-1, max-image-preview:large, max-video-preview:-1\" \/>\n<link rel=\"canonical\" href=\"https:\/\/prochaska.eu\/en\/produkt\/toro-series-t5-2\/\" \/>\n<meta property=\"og:locale\" content=\"en_US\" \/>\n<meta property=\"og:type\" content=\"article\" \/>\n<meta property=\"og:title\" content=\"TORO Series T5 - Prochaska\" \/>\n<meta property=\"og:description\" content=\"The Toro\u00ae T5 RAPIDSET\u00ae series geared sprinklers meet all basic irrigation requirements and surprise with a few extras.\" \/>\n<meta property=\"og:url\" content=\"https:\/\/prochaska.eu\/en\/produkt\/toro-series-t5-2\/\" \/>\n<meta property=\"og:site_name\" content=\"Prochaska\" \/>\n<meta property=\"article:publisher\" content=\"https:\/\/www.facebook.com\/prochaska.eu\/\" \/>\n<meta name=\"twitter:card\" content=\"summary_large_image\" \/>\n<meta name=\"twitter:label1\" content=\"Est. reading time\" \/>\n\t<meta name=\"twitter:data1\" content=\"1 minute\" \/>\n<script type=\"application\/ld+json\" class=\"yoast-schema-graph\">{\"@context\":\"https:\\\/\\\/schema.org\",\"@graph\":[{\"@type\":\"WebPage\",\"@id\":\"https:\\\/\\\/prochaska.eu\\\/en\\\/produkt\\\/toro-series-t5-2\\\/\",\"url\":\"https:\\\/\\\/prochaska.eu\\\/en\\\/produkt\\\/toro-series-t5-2\\\/\",\"name\":\"TORO Series T5 - Prochaska\",\"isPartOf\":{\"@id\":\"https:\\\/\\\/prochaska.eu\\\/en\\\/#website\"},\"primaryImageOfPage\":{\"@id\":\"https:\\\/\\\/prochaska.eu\\\/en\\\/produkt\\\/toro-series-t5-2\\\/#primaryimage\"},\"image\":{\"@id\":\"https:\\\/\\\/prochaska.eu\\\/en\\\/produkt\\\/toro-series-t5-2\\\/#primaryimage\"},\"thumbnailUrl\":\"https:\\\/\\\/prochaska.eu\\\/wp-content\\\/uploads\\\/2017\\\/08\\\/T5-Beregner3-300x300-1.jpg\",\"datePublished\":\"2017-08-04T14:42:37+00:00\",\"breadcrumb\":{\"@id\":\"https:\\\/\\\/prochaska.eu\\\/en\\\/produkt\\\/toro-series-t5-2\\\/#breadcrumb\"},\"inLanguage\":\"en-US\",\"potentialAction\":[{\"@type\":\"ReadAction\",\"target\":[\"https:\\\/\\\/prochaska.eu\\\/en\\\/produkt\\\/toro-series-t5-2\\\/\"]}]},{\"@type\":\"ImageObject\",\"inLanguage\":\"en-US\",\"@id\":\"https:\\\/\\\/prochaska.eu\\\/en\\\/produkt\\\/toro-series-t5-2\\\/#primaryimage\",\"url\":\"https:\\\/\\\/prochaska.eu\\\/wp-content\\\/uploads\\\/2017\\\/08\\\/T5-Beregner3-300x300-1.jpg\",\"contentUrl\":\"https:\\\/\\\/prochaska.eu\\\/wp-content\\\/uploads\\\/2017\\\/08\\\/T5-Beregner3-300x300-1.jpg\",\"width\":300,\"height\":300},{\"@type\":\"BreadcrumbList\",\"@id\":\"https:\\\/\\\/prochaska.eu\\\/en\\\/produkt\\\/toro-series-t5-2\\\/#breadcrumb\",\"itemListElement\":[{\"@type\":\"ListItem\",\"position\":1,\"name\":\"Home\",\"item\":\"https:\\\/\\\/prochaska.eu\\\/en\\\/\"},{\"@type\":\"ListItem\",\"position\":2,\"name\":\"Shop\",\"item\":\"https:\\\/\\\/prochaska.eu\\\/shop\\\/\"},{\"@type\":\"ListItem\",\"position\":3,\"name\":\"TORO Series T5\"}]},{\"@type\":\"WebSite\",\"@id\":\"https:\\\/\\\/prochaska.eu\\\/en\\\/#website\",\"url\":\"https:\\\/\\\/prochaska.eu\\\/en\\\/\",\"name\":\"Prochaska\",\"description\":\"Spezialist f\u00fcr Pflege von Gr\u00fcnfl\u00e4chen\",\"publisher\":{\"@id\":\"https:\\\/\\\/prochaska.eu\\\/en\\\/#organization\"},\"potentialAction\":[{\"@type\":\"SearchAction\",\"target\":{\"@type\":\"EntryPoint\",\"urlTemplate\":\"https:\\\/\\\/prochaska.eu\\\/en\\\/?s={search_term_string}\"},\"query-input\":{\"@type\":\"PropertyValueSpecification\",\"valueRequired\":true,\"valueName\":\"search_term_string\"}}],\"inLanguage\":\"en-US\"},{\"@type\":\"Organization\",\"@id\":\"https:\\\/\\\/prochaska.eu\\\/en\\\/#organization\",\"name\":\"Prochaska\",\"url\":\"https:\\\/\\\/prochaska.eu\\\/en\\\/\",\"logo\":{\"@type\":\"ImageObject\",\"inLanguage\":\"en-US\",\"@id\":\"https:\\\/\\\/prochaska.eu\\\/en\\\/#\\\/schema\\\/logo\\\/image\\\/\",\"url\":\"https:\\\/\\\/prochaska.eu\\\/wp-content\\\/uploads\\\/2024\\\/04\\\/Prochaska_Logo_Black-1.png\",\"contentUrl\":\"https:\\\/\\\/prochaska.eu\\\/wp-content\\\/uploads\\\/2024\\\/04\\\/Prochaska_Logo_Black-1.png\",\"width\":796,\"height\":236,\"caption\":\"Prochaska\"},\"image\":{\"@id\":\"https:\\\/\\\/prochaska.eu\\\/en\\\/#\\\/schema\\\/logo\\\/image\\\/\"},\"sameAs\":[\"https:\\\/\\\/www.facebook.com\\\/prochaska.eu\\\/\",\"https:\\\/\\\/www.instagram.com\\\/prochaska.eu\\\/\",\"https:\\\/\\\/www.linkedin.com\\\/company\\\/prochaska-handels-gmbh\"]}]}<\/script>\n<!-- \/ Yoast SEO plugin. -->","yoast_head_json":{"title":"TORO Series T5 - Prochaska","robots":{"index":"index","follow":"follow","max-snippet":"max-snippet:-1","max-image-preview":"max-image-preview:large","max-video-preview":"max-video-preview:-1"},"canonical":"https:\/\/prochaska.eu\/en\/produkt\/toro-series-t5-2\/","og_locale":"en_US","og_type":"article","og_title":"TORO Series T5 - Prochaska","og_description":"The Toro\u00ae T5 RAPIDSET\u00ae series geared sprinklers meet all basic irrigation requirements and surprise with a few extras.","og_url":"https:\/\/prochaska.eu\/en\/produkt\/toro-series-t5-2\/","og_site_name":"Prochaska","article_publisher":"https:\/\/www.facebook.com\/prochaska.eu\/","twitter_card":"summary_large_image","twitter_misc":{"Est. reading time":"1 minute"},"schema":{"@context":"https:\/\/schema.org","@graph":[{"@type":"WebPage","@id":"https:\/\/prochaska.eu\/en\/produkt\/toro-series-t5-2\/","url":"https:\/\/prochaska.eu\/en\/produkt\/toro-series-t5-2\/","name":"TORO Series T5 - Prochaska","isPartOf":{"@id":"https:\/\/prochaska.eu\/en\/#website"},"primaryImageOfPage":{"@id":"https:\/\/prochaska.eu\/en\/produkt\/toro-series-t5-2\/#primaryimage"},"image":{"@id":"https:\/\/prochaska.eu\/en\/produkt\/toro-series-t5-2\/#primaryimage"},"thumbnailUrl":"https:\/\/prochaska.eu\/wp-content\/uploads\/2017\/08\/T5-Beregner3-300x300-1.jpg","datePublished":"2017-08-04T14:42:37+00:00","breadcrumb":{"@id":"https:\/\/prochaska.eu\/en\/produkt\/toro-series-t5-2\/#breadcrumb"},"inLanguage":"en-US","potentialAction":[{"@type":"ReadAction","target":["https:\/\/prochaska.eu\/en\/produkt\/toro-series-t5-2\/"]}]},{"@type":"ImageObject","inLanguage":"en-US","@id":"https:\/\/prochaska.eu\/en\/produkt\/toro-series-t5-2\/#primaryimage","url":"https:\/\/prochaska.eu\/wp-content\/uploads\/2017\/08\/T5-Beregner3-300x300-1.jpg","contentUrl":"https:\/\/prochaska.eu\/wp-content\/uploads\/2017\/08\/T5-Beregner3-300x300-1.jpg","width":300,"height":300},{"@type":"BreadcrumbList","@id":"https:\/\/prochaska.eu\/en\/produkt\/toro-series-t5-2\/#breadcrumb","itemListElement":[{"@type":"ListItem","position":1,"name":"Home","item":"https:\/\/prochaska.eu\/en\/"},{"@type":"ListItem","position":2,"name":"Shop","item":"https:\/\/prochaska.eu\/shop\/"},{"@type":"ListItem","position":3,"name":"TORO Series T5"}]},{"@type":"WebSite","@id":"https:\/\/prochaska.eu\/en\/#website","url":"https:\/\/prochaska.eu\/en\/","name":"Prochaska","description":"Spezialist f\u00fcr Pflege von Gr\u00fcnfl\u00e4chen","publisher":{"@id":"https:\/\/prochaska.eu\/en\/#organization"},"potentialAction":[{"@type":"SearchAction","target":{"@type":"EntryPoint","urlTemplate":"https:\/\/prochaska.eu\/en\/?s={search_term_string}"},"query-input":{"@type":"PropertyValueSpecification","valueRequired":true,"valueName":"search_term_string"}}],"inLanguage":"en-US"},{"@type":"Organization","@id":"https:\/\/prochaska.eu\/en\/#organization","name":"Prochaska","url":"https:\/\/prochaska.eu\/en\/","logo":{"@type":"ImageObject","inLanguage":"en-US","@id":"https:\/\/prochaska.eu\/en\/#\/schema\/logo\/image\/","url":"https:\/\/prochaska.eu\/wp-content\/uploads\/2024\/04\/Prochaska_Logo_Black-1.png","contentUrl":"https:\/\/prochaska.eu\/wp-content\/uploads\/2024\/04\/Prochaska_Logo_Black-1.png","width":796,"height":236,"caption":"Prochaska"},"image":{"@id":"https:\/\/prochaska.eu\/en\/#\/schema\/logo\/image\/"},"sameAs":["https:\/\/www.facebook.com\/prochaska.eu\/","https:\/\/www.instagram.com\/prochaska.eu\/","https:\/\/www.linkedin.com\/company\/prochaska-handels-gmbh"]}]}},"brands":[{"id":3072,"name":"Toro","slug":"toro-en"}],"_links":{"self":[{"href":"https:\/\/prochaska.eu\/en\/wp-json\/wp\/v2\/product\/25584","targetHints":{"allow":["GET"]}}],"collection":[{"href":"https:\/\/prochaska.eu\/en\/wp-json\/wp\/v2\/product"}],"about":[{"href":"https:\/\/prochaska.eu\/en\/wp-json\/wp\/v2\/types\/product"}],"version-history":[{"count":0,"href":"https:\/\/prochaska.eu\/en\/wp-json\/wp\/v2\/product\/25584\/revisions"}],"wp:featuredmedia":[{"embeddable":true,"href":"https:\/\/prochaska.eu\/en\/wp-json\/wp\/v2\/media\/27091"}],"wp:attachment":[{"href":"https:\/\/prochaska.eu\/en\/wp-json\/wp\/v2\/media?parent=25584"}],"wp:term":[{"taxonomy":"pwb-brand","embeddable":true,"href":"https:\/\/prochaska.eu\/en\/wp-json\/wp\/v2\/pwb-brand?post=25584"},{"taxonomy":"product_brand","embeddable":true,"href":"https:\/\/prochaska.eu\/en\/wp-json\/wp\/v2\/product_brand?post=25584"},{"taxonomy":"product_cat","embeddable":true,"href":"https:\/\/prochaska.eu\/en\/wp-json\/wp\/v2\/product_cat?post=25584"},{"taxonomy":"product_tag","embeddable":true,"href":"https:\/\/prochaska.eu\/en\/wp-json\/wp\/v2\/product_tag?post=25584"}],"curies":[{"name":"wp","href":"https:\/\/api.w.org\/{rel}","templated":true}]}}