{"id":25607,"date":"2017-08-04T14:42:41","date_gmt":"2017-08-04T14:42:41","guid":{"rendered":"https:\/\/prochaska.eu\/product\/toro-tvan-nozzles-with-adjustable-circular-sector\/"},"modified":"2017-08-04T14:42:41","modified_gmt":"2017-08-04T14:42:41","slug":"toro-tvan-nozzles-with-adjustable-circular-sector","status":"publish","type":"product","link":"https:\/\/prochaska.eu\/en\/produkt\/toro-tvan-nozzles-with-adjustable-circular-sector\/","title":{"rendered":"TORO TVAN nozzles with adjustable circular sector"},"content":{"rendered":"<p>Quick, easy and infinitely adjustable. Toro\u00ae TVAN nozzles offer excellent irrigation performance with maximum product versatility.<\/p>\n<h2><strong>Features and characteristics<\/strong><\/h2>\n<h3><strong>Coordinated irrigation quantities<br \/>\n<\/strong><\/h3>\n<p>Ensures that all nozzles in a certain range (MPR) apply water at approximately the same dosage.<\/p>\n<h3><strong>Easy adjustment thanks to grip and turn technology<br \/>\n<\/strong><\/h3>\n<p>No tools required; quick and easy adjustment of the sector, adjustment is made at the top of the nozzle, wet or dry.<\/p>\n<h3><strong>Infinitely adjustable from 0\u00b0 to 360<br \/>\n<\/strong><\/h3>\n<p>The TVAN nozzles have multiple sector settings to adapt precisely to the terrain and reduce the number of parts in stock by meeting the requirements of all landscapes, regardless of size and shape.<\/p>\n<h3><strong>Five color-coded nozzles<br \/>\n<\/strong><\/h3>\n<p>Quick and easy identification, even with recessed nozzles.<\/p>\n<h2><strong>Technical specifications<\/strong><\/h2>\n<ul>\n<li>Casting distance: 2.4-5.2 m (8&#8242;-17&#8242;)<\/li>\n<li>Working pressure range: 1.4 to 3.5 bar (20 to 50 psi)<\/li>\n<li>Recommended pressure: 2.1 bar (30 psi)<\/li>\n<\/ul>\n<h3><strong>Additional functions<\/strong><\/h3>\n<ul>\n<li>Reduction of throwing distance by 25% with stainless steel adjusting screw<\/li>\n<li>Setting the nozzle sector opens from the fixed left stop, which is indicated by an arrow at the top<\/li>\n<li>Compatibility with every available riser with internal thread means that one nozzle family can meet all requirements<\/li>\n<\/ul>\n<h2><strong>Model list<\/strong><\/h2>\n<p>TVAN8: Adjustable sector pattern, 2.4 m<\/p>\n<p>TVAN10: Adjustable sector pattern, 3.0 m<\/p>\n<p>TVAN12: Adjustable sector pattern, 3.7 m<\/p>\n<p>TVAN15: Adjustable sector pattern, 4.6 m<\/p>\n<p>TVAN17: Adjustable sector pattern, 5.2 m<\/p>\n","protected":false},"excerpt":{"rendered":"<p>Quick, easy and infinitely adjustable. Toro\u00ae TVAN nozzles offer excellent irrigation performance with maximum product versatility.<\/p>\n","protected":false},"featured_media":21083,"template":"","meta":[],"pwb-brand":[3072],"product_brand":[],"product_cat":[2482,439],"product_tag":[],"class_list":{"0":"post-25607","1":"product","2":"type-product","3":"status-publish","4":"has-post-thumbnail","6":"pwb-brand-toro-en","7":"product_cat-irrigation-en","8":"product_cat-spruhregner","10":"first","11":"instock","12":"taxable","13":"shipping-taxable","14":"product-type-variable"},"yoast_head":"<!-- This site is optimized with the Yoast SEO plugin v27.4 - https:\/\/yoast.com\/product\/yoast-seo-wordpress\/ -->\n<title>TORO TVAN nozzles with adjustable circular sector - Prochaska<\/title>\n<meta name=\"robots\" content=\"index, follow, max-snippet:-1, max-image-preview:large, max-video-preview:-1\" \/>\n<link rel=\"canonical\" href=\"https:\/\/prochaska.eu\/en\/produkt\/toro-tvan-nozzles-with-adjustable-circular-sector\/\" \/>\n<meta property=\"og:locale\" content=\"en_US\" \/>\n<meta property=\"og:type\" content=\"article\" \/>\n<meta property=\"og:title\" content=\"TORO TVAN nozzles with adjustable circular sector - Prochaska\" \/>\n<meta property=\"og:description\" content=\"Quick, easy and infinitely adjustable. Toro\u00ae TVAN nozzles offer excellent irrigation performance with maximum product versatility.\" \/>\n<meta property=\"og:url\" content=\"https:\/\/prochaska.eu\/en\/produkt\/toro-tvan-nozzles-with-adjustable-circular-sector\/\" \/>\n<meta property=\"og:site_name\" content=\"Prochaska\" \/>\n<meta property=\"article:publisher\" content=\"https:\/\/www.facebook.com\/prochaska.eu\/\" \/>\n<meta property=\"og:image\" content=\"https:\/\/prochaska.eu\/wp-content\/uploads\/2024\/06\/TVAN-Duesen_1.jpg\" \/>\n\t<meta property=\"og:image:width\" content=\"1440\" \/>\n\t<meta property=\"og:image:height\" content=\"1440\" \/>\n\t<meta property=\"og:image:type\" content=\"image\/jpeg\" \/>\n<meta name=\"twitter:card\" content=\"summary_large_image\" \/>\n<meta name=\"twitter:label1\" content=\"Est. reading time\" \/>\n\t<meta name=\"twitter:data1\" content=\"1 minute\" \/>\n<script type=\"application\/ld+json\" class=\"yoast-schema-graph\">{\"@context\":\"https:\\\/\\\/schema.org\",\"@graph\":[{\"@type\":\"WebPage\",\"@id\":\"https:\\\/\\\/prochaska.eu\\\/en\\\/produkt\\\/toro-tvan-nozzles-with-adjustable-circular-sector\\\/\",\"url\":\"https:\\\/\\\/prochaska.eu\\\/en\\\/produkt\\\/toro-tvan-nozzles-with-adjustable-circular-sector\\\/\",\"name\":\"TORO TVAN nozzles with adjustable circular sector - Prochaska\",\"isPartOf\":{\"@id\":\"https:\\\/\\\/prochaska.eu\\\/en\\\/#website\"},\"primaryImageOfPage\":{\"@id\":\"https:\\\/\\\/prochaska.eu\\\/en\\\/produkt\\\/toro-tvan-nozzles-with-adjustable-circular-sector\\\/#primaryimage\"},\"image\":{\"@id\":\"https:\\\/\\\/prochaska.eu\\\/en\\\/produkt\\\/toro-tvan-nozzles-with-adjustable-circular-sector\\\/#primaryimage\"},\"thumbnailUrl\":\"https:\\\/\\\/prochaska.eu\\\/wp-content\\\/uploads\\\/2024\\\/06\\\/TVAN-Duesen_1.jpg\",\"datePublished\":\"2017-08-04T14:42:41+00:00\",\"breadcrumb\":{\"@id\":\"https:\\\/\\\/prochaska.eu\\\/en\\\/produkt\\\/toro-tvan-nozzles-with-adjustable-circular-sector\\\/#breadcrumb\"},\"inLanguage\":\"en-US\",\"potentialAction\":[{\"@type\":\"ReadAction\",\"target\":[\"https:\\\/\\\/prochaska.eu\\\/en\\\/produkt\\\/toro-tvan-nozzles-with-adjustable-circular-sector\\\/\"]}]},{\"@type\":\"ImageObject\",\"inLanguage\":\"en-US\",\"@id\":\"https:\\\/\\\/prochaska.eu\\\/en\\\/produkt\\\/toro-tvan-nozzles-with-adjustable-circular-sector\\\/#primaryimage\",\"url\":\"https:\\\/\\\/prochaska.eu\\\/wp-content\\\/uploads\\\/2024\\\/06\\\/TVAN-Duesen_1.jpg\",\"contentUrl\":\"https:\\\/\\\/prochaska.eu\\\/wp-content\\\/uploads\\\/2024\\\/06\\\/TVAN-Duesen_1.jpg\",\"width\":1440,\"height\":1440},{\"@type\":\"BreadcrumbList\",\"@id\":\"https:\\\/\\\/prochaska.eu\\\/en\\\/produkt\\\/toro-tvan-nozzles-with-adjustable-circular-sector\\\/#breadcrumb\",\"itemListElement\":[{\"@type\":\"ListItem\",\"position\":1,\"name\":\"Home\",\"item\":\"https:\\\/\\\/prochaska.eu\\\/en\\\/\"},{\"@type\":\"ListItem\",\"position\":2,\"name\":\"Shop\",\"item\":\"https:\\\/\\\/prochaska.eu\\\/shop\\\/\"},{\"@type\":\"ListItem\",\"position\":3,\"name\":\"TORO TVAN nozzles with adjustable circular sector\"}]},{\"@type\":\"WebSite\",\"@id\":\"https:\\\/\\\/prochaska.eu\\\/en\\\/#website\",\"url\":\"https:\\\/\\\/prochaska.eu\\\/en\\\/\",\"name\":\"Prochaska\",\"description\":\"Spezialist f\u00fcr Pflege von Gr\u00fcnfl\u00e4chen\",\"publisher\":{\"@id\":\"https:\\\/\\\/prochaska.eu\\\/en\\\/#organization\"},\"potentialAction\":[{\"@type\":\"SearchAction\",\"target\":{\"@type\":\"EntryPoint\",\"urlTemplate\":\"https:\\\/\\\/prochaska.eu\\\/en\\\/?s={search_term_string}\"},\"query-input\":{\"@type\":\"PropertyValueSpecification\",\"valueRequired\":true,\"valueName\":\"search_term_string\"}}],\"inLanguage\":\"en-US\"},{\"@type\":\"Organization\",\"@id\":\"https:\\\/\\\/prochaska.eu\\\/en\\\/#organization\",\"name\":\"Prochaska\",\"url\":\"https:\\\/\\\/prochaska.eu\\\/en\\\/\",\"logo\":{\"@type\":\"ImageObject\",\"inLanguage\":\"en-US\",\"@id\":\"https:\\\/\\\/prochaska.eu\\\/en\\\/#\\\/schema\\\/logo\\\/image\\\/\",\"url\":\"https:\\\/\\\/prochaska.eu\\\/wp-content\\\/uploads\\\/2024\\\/04\\\/Prochaska_Logo_Black-1.png\",\"contentUrl\":\"https:\\\/\\\/prochaska.eu\\\/wp-content\\\/uploads\\\/2024\\\/04\\\/Prochaska_Logo_Black-1.png\",\"width\":796,\"height\":236,\"caption\":\"Prochaska\"},\"image\":{\"@id\":\"https:\\\/\\\/prochaska.eu\\\/en\\\/#\\\/schema\\\/logo\\\/image\\\/\"},\"sameAs\":[\"https:\\\/\\\/www.facebook.com\\\/prochaska.eu\\\/\",\"https:\\\/\\\/www.instagram.com\\\/prochaska.eu\\\/\",\"https:\\\/\\\/www.linkedin.com\\\/company\\\/prochaska-handels-gmbh\"]}]}<\/script>\n<!-- \/ Yoast SEO plugin. -->","yoast_head_json":{"title":"TORO TVAN nozzles with adjustable circular sector - Prochaska","robots":{"index":"index","follow":"follow","max-snippet":"max-snippet:-1","max-image-preview":"max-image-preview:large","max-video-preview":"max-video-preview:-1"},"canonical":"https:\/\/prochaska.eu\/en\/produkt\/toro-tvan-nozzles-with-adjustable-circular-sector\/","og_locale":"en_US","og_type":"article","og_title":"TORO TVAN nozzles with adjustable circular sector - Prochaska","og_description":"Quick, easy and infinitely adjustable. Toro\u00ae TVAN nozzles offer excellent irrigation performance with maximum product versatility.","og_url":"https:\/\/prochaska.eu\/en\/produkt\/toro-tvan-nozzles-with-adjustable-circular-sector\/","og_site_name":"Prochaska","article_publisher":"https:\/\/www.facebook.com\/prochaska.eu\/","og_image":[{"width":1440,"height":1440,"url":"https:\/\/prochaska.eu\/wp-content\/uploads\/2024\/06\/TVAN-Duesen_1.jpg","type":"image\/jpeg"}],"twitter_card":"summary_large_image","twitter_misc":{"Est. reading time":"1 minute"},"schema":{"@context":"https:\/\/schema.org","@graph":[{"@type":"WebPage","@id":"https:\/\/prochaska.eu\/en\/produkt\/toro-tvan-nozzles-with-adjustable-circular-sector\/","url":"https:\/\/prochaska.eu\/en\/produkt\/toro-tvan-nozzles-with-adjustable-circular-sector\/","name":"TORO TVAN nozzles with adjustable circular sector - Prochaska","isPartOf":{"@id":"https:\/\/prochaska.eu\/en\/#website"},"primaryImageOfPage":{"@id":"https:\/\/prochaska.eu\/en\/produkt\/toro-tvan-nozzles-with-adjustable-circular-sector\/#primaryimage"},"image":{"@id":"https:\/\/prochaska.eu\/en\/produkt\/toro-tvan-nozzles-with-adjustable-circular-sector\/#primaryimage"},"thumbnailUrl":"https:\/\/prochaska.eu\/wp-content\/uploads\/2024\/06\/TVAN-Duesen_1.jpg","datePublished":"2017-08-04T14:42:41+00:00","breadcrumb":{"@id":"https:\/\/prochaska.eu\/en\/produkt\/toro-tvan-nozzles-with-adjustable-circular-sector\/#breadcrumb"},"inLanguage":"en-US","potentialAction":[{"@type":"ReadAction","target":["https:\/\/prochaska.eu\/en\/produkt\/toro-tvan-nozzles-with-adjustable-circular-sector\/"]}]},{"@type":"ImageObject","inLanguage":"en-US","@id":"https:\/\/prochaska.eu\/en\/produkt\/toro-tvan-nozzles-with-adjustable-circular-sector\/#primaryimage","url":"https:\/\/prochaska.eu\/wp-content\/uploads\/2024\/06\/TVAN-Duesen_1.jpg","contentUrl":"https:\/\/prochaska.eu\/wp-content\/uploads\/2024\/06\/TVAN-Duesen_1.jpg","width":1440,"height":1440},{"@type":"BreadcrumbList","@id":"https:\/\/prochaska.eu\/en\/produkt\/toro-tvan-nozzles-with-adjustable-circular-sector\/#breadcrumb","itemListElement":[{"@type":"ListItem","position":1,"name":"Home","item":"https:\/\/prochaska.eu\/en\/"},{"@type":"ListItem","position":2,"name":"Shop","item":"https:\/\/prochaska.eu\/shop\/"},{"@type":"ListItem","position":3,"name":"TORO TVAN nozzles with adjustable circular sector"}]},{"@type":"WebSite","@id":"https:\/\/prochaska.eu\/en\/#website","url":"https:\/\/prochaska.eu\/en\/","name":"Prochaska","description":"Spezialist f\u00fcr Pflege von Gr\u00fcnfl\u00e4chen","publisher":{"@id":"https:\/\/prochaska.eu\/en\/#organization"},"potentialAction":[{"@type":"SearchAction","target":{"@type":"EntryPoint","urlTemplate":"https:\/\/prochaska.eu\/en\/?s={search_term_string}"},"query-input":{"@type":"PropertyValueSpecification","valueRequired":true,"valueName":"search_term_string"}}],"inLanguage":"en-US"},{"@type":"Organization","@id":"https:\/\/prochaska.eu\/en\/#organization","name":"Prochaska","url":"https:\/\/prochaska.eu\/en\/","logo":{"@type":"ImageObject","inLanguage":"en-US","@id":"https:\/\/prochaska.eu\/en\/#\/schema\/logo\/image\/","url":"https:\/\/prochaska.eu\/wp-content\/uploads\/2024\/04\/Prochaska_Logo_Black-1.png","contentUrl":"https:\/\/prochaska.eu\/wp-content\/uploads\/2024\/04\/Prochaska_Logo_Black-1.png","width":796,"height":236,"caption":"Prochaska"},"image":{"@id":"https:\/\/prochaska.eu\/en\/#\/schema\/logo\/image\/"},"sameAs":["https:\/\/www.facebook.com\/prochaska.eu\/","https:\/\/www.instagram.com\/prochaska.eu\/","https:\/\/www.linkedin.com\/company\/prochaska-handels-gmbh"]}]}},"brands":[{"id":3072,"name":"Toro","slug":"toro-en"}],"_links":{"self":[{"href":"https:\/\/prochaska.eu\/en\/wp-json\/wp\/v2\/product\/25607","targetHints":{"allow":["GET"]}}],"collection":[{"href":"https:\/\/prochaska.eu\/en\/wp-json\/wp\/v2\/product"}],"about":[{"href":"https:\/\/prochaska.eu\/en\/wp-json\/wp\/v2\/types\/product"}],"version-history":[{"count":0,"href":"https:\/\/prochaska.eu\/en\/wp-json\/wp\/v2\/product\/25607\/revisions"}],"wp:featuredmedia":[{"embeddable":true,"href":"https:\/\/prochaska.eu\/en\/wp-json\/wp\/v2\/media\/21083"}],"wp:attachment":[{"href":"https:\/\/prochaska.eu\/en\/wp-json\/wp\/v2\/media?parent=25607"}],"wp:term":[{"taxonomy":"pwb-brand","embeddable":true,"href":"https:\/\/prochaska.eu\/en\/wp-json\/wp\/v2\/pwb-brand?post=25607"},{"taxonomy":"product_brand","embeddable":true,"href":"https:\/\/prochaska.eu\/en\/wp-json\/wp\/v2\/product_brand?post=25607"},{"taxonomy":"product_cat","embeddable":true,"href":"https:\/\/prochaska.eu\/en\/wp-json\/wp\/v2\/product_cat?post=25607"},{"taxonomy":"product_tag","embeddable":true,"href":"https:\/\/prochaska.eu\/en\/wp-json\/wp\/v2\/product_tag?post=25607"}],"curies":[{"name":"wp","href":"https:\/\/api.w.org\/{rel}","templated":true}]}}