{"id":25610,"date":"2017-08-04T14:42:40","date_gmt":"2017-08-04T14:42:40","guid":{"rendered":"https:\/\/prochaska.eu\/product\/toro-spray-nozzles-from-the-precision-series\/"},"modified":"2017-08-04T14:42:40","modified_gmt":"2017-08-04T14:42:40","slug":"toro-spray-nozzles-from-the-precision-series","status":"publish","type":"product","link":"https:\/\/prochaska.eu\/en\/produkt\/toro-spray-nozzles-from-the-precision-series\/","title":{"rendered":"TORO spray nozzles from the Precision series"},"content":{"rendered":"<p>The new Toro Precision Series spray nozzles represent the most comprehensive and efficient range of spray nozzles to help irrigation professionals conserve water, prevent runoff and reduce customers&#8217; water bills.<\/p>\n<h2><strong>Features &amp; advantages<\/strong><\/h2>\n<h3><strong>Patented H\u00b2O chip technology<br \/>\n<\/strong><\/h3>\n<p>Each Precision Series spray nozzle uses patented H\u00b2O-chip technology and has no moving parts; it generates oscillating high-frequency currents to achieve the desired discharge angle and throw distance with one-third less irrigation volume.<\/p>\n<h3><strong>Maximum irrigation efficiency<br \/>\n<\/strong><\/h3>\n<p>Precision spray nozzles deliver an industry-first irrigation rate of 25 mm\/hr (1 inch\/hr), which better matches the soil penetration rate. This lower irrigation volume and the high distribution uniformity make the nozzles in this series the most efficient from 1.5 to 4.6 m (5&#8242;-15&#8242;).<\/p>\n<h3><strong>Design and conversion efficiency<br \/>\n<\/strong><\/h3>\n<p>The lower flow rate of Precision Series spray nozzles optimizes design efficiency and saves material costs by using fewer valves and fewer control unit stations. In addition, existing systems with low pressure can be equipped with a simple conversion to the existing high-flow nozzles.<\/p>\n<h3><strong>Proof of performance by third parties<br \/>\n<\/strong><\/h3>\n<p>Precision series spray nozzles were tested and inspected on site and at the Center for Irrigation Technology (CIT).<\/p>\n<h3><strong>High sprinkler output with 25 mm\/h (1 inch\/h)<\/strong> <strong>Coordinated irrigation volume<br \/>\n<\/strong><\/h3>\n<p>Precision\u2122 series spray nozzles achieved higher test results than competitor water-saving nozzles in terms of irrigation efficiency in several independent third-party tests. The irrigation rate of 25 mm\/h (1 inch\/h) guarantees that irrigation run times can be maintained even with narrow irrigation windows.<\/p>\n<h2><strong>T<\/strong><strong>echnical data:<\/strong><\/h2>\n<ul>\n<li>Throw range: 1.5 to 4.6 m (5&#8242;-15&#8242;)<\/li>\n<li>Working pressure range: 1.4 to 5.2 bar (20 to 75 psi)<\/li>\n<li>Recommended pressure: 2.1 bar (30 psi)<\/li>\n<li>Flow rate: 0.1 to 9.4 l\/min (0.04 to 2.4 GPM)<\/li>\n<li>Nozzle discharge angle:<\/li>\n<li>1,5 m (5&#8242;): 5\u00b0<\/li>\n<li>2,4 m (8&#8242;): 10\u00b0<\/li>\n<li>3,0 m (10&#8242;): 15\u00b0<\/li>\n<li>3,7 m (12&#8242;): 20\u00b0<\/li>\n<li>4,6 m (15&#8242;): 27\u00b0<\/li>\n<li>Corner and side strips: 20\u00b0<\/li>\n<\/ul>\n<h3><strong>Additional functions<\/strong><\/h3>\n<ul>\n<li>Special sectors are available (60\u00b0, 120\u00b0, 150\u00b0, 210\u00b0, 240\u00b0)<\/li>\n<li>Reduction in throwing distance by 25<\/li>\n<li>Color-coded for throw distance at the top of the nozzle<\/li>\n<li>Irrigation volume \u2264 25 mm\/h (\u2264 1 inch\/h)<\/li>\n<li>Maintains irrigation volume with a maximum of 25 % reduction in throw distance<\/li>\n<li>Coordinated irrigation quantity in throwing distances<\/li>\n<li>Coordinated irrigation quantity under throwing distances<\/li>\n<li>Strainer is attached to the nozzle to enable quick insertion into the spray housing<\/li>\n<li>Works on all spray housings<\/li>\n<\/ul>\n","protected":false},"excerpt":{"rendered":"<p>These spray nozzles from the Precision series help you to reduce your water bills.<\/p>\n","protected":false},"featured_media":2484,"template":"","meta":[],"pwb-brand":[3072],"product_brand":[],"product_cat":[2482,2618],"product_tag":[],"class_list":{"0":"post-25610","1":"product","2":"type-product","3":"status-publish","4":"has-post-thumbnail","6":"pwb-brand-toro-en","7":"product_cat-irrigation-en","8":"product_cat-spray-sprinkler","10":"first","11":"instock","12":"taxable","13":"shipping-taxable","14":"product-type-variable"},"yoast_head":"<!-- This site is optimized with the Yoast SEO plugin v27.4 - https:\/\/yoast.com\/product\/yoast-seo-wordpress\/ -->\n<title>TORO spray nozzles from the Precision series - Prochaska<\/title>\n<meta name=\"robots\" content=\"index, follow, max-snippet:-1, max-image-preview:large, max-video-preview:-1\" \/>\n<link rel=\"canonical\" href=\"https:\/\/prochaska.eu\/en\/produkt\/toro-spray-nozzles-from-the-precision-series\/\" \/>\n<meta property=\"og:locale\" content=\"en_US\" \/>\n<meta property=\"og:type\" content=\"article\" \/>\n<meta property=\"og:title\" content=\"TORO spray nozzles from the Precision series - Prochaska\" \/>\n<meta property=\"og:description\" content=\"These spray nozzles from the Precision series help you to reduce your water bills.\" \/>\n<meta property=\"og:url\" content=\"https:\/\/prochaska.eu\/en\/produkt\/toro-spray-nozzles-from-the-precision-series\/\" \/>\n<meta property=\"og:site_name\" content=\"Prochaska\" \/>\n<meta property=\"article:publisher\" content=\"https:\/\/www.facebook.com\/prochaska.eu\/\" \/>\n<meta name=\"twitter:card\" content=\"summary_large_image\" \/>\n<meta name=\"twitter:label1\" content=\"Est. reading time\" \/>\n\t<meta name=\"twitter:data1\" content=\"2 minutes\" \/>\n<script type=\"application\/ld+json\" class=\"yoast-schema-graph\">{\"@context\":\"https:\\\/\\\/schema.org\",\"@graph\":[{\"@type\":\"WebPage\",\"@id\":\"https:\\\/\\\/prochaska.eu\\\/en\\\/produkt\\\/toro-spray-nozzles-from-the-precision-series\\\/\",\"url\":\"https:\\\/\\\/prochaska.eu\\\/en\\\/produkt\\\/toro-spray-nozzles-from-the-precision-series\\\/\",\"name\":\"TORO spray nozzles from the Precision series - Prochaska\",\"isPartOf\":{\"@id\":\"https:\\\/\\\/prochaska.eu\\\/en\\\/#website\"},\"primaryImageOfPage\":{\"@id\":\"https:\\\/\\\/prochaska.eu\\\/en\\\/produkt\\\/toro-spray-nozzles-from-the-precision-series\\\/#primaryimage\"},\"image\":{\"@id\":\"https:\\\/\\\/prochaska.eu\\\/en\\\/produkt\\\/toro-spray-nozzles-from-the-precision-series\\\/#primaryimage\"},\"thumbnailUrl\":\"\",\"datePublished\":\"2017-08-04T14:42:40+00:00\",\"breadcrumb\":{\"@id\":\"https:\\\/\\\/prochaska.eu\\\/en\\\/produkt\\\/toro-spray-nozzles-from-the-precision-series\\\/#breadcrumb\"},\"inLanguage\":\"en-US\",\"potentialAction\":[{\"@type\":\"ReadAction\",\"target\":[\"https:\\\/\\\/prochaska.eu\\\/en\\\/produkt\\\/toro-spray-nozzles-from-the-precision-series\\\/\"]}]},{\"@type\":\"ImageObject\",\"inLanguage\":\"en-US\",\"@id\":\"https:\\\/\\\/prochaska.eu\\\/en\\\/produkt\\\/toro-spray-nozzles-from-the-precision-series\\\/#primaryimage\",\"url\":\"\",\"contentUrl\":\"\"},{\"@type\":\"BreadcrumbList\",\"@id\":\"https:\\\/\\\/prochaska.eu\\\/en\\\/produkt\\\/toro-spray-nozzles-from-the-precision-series\\\/#breadcrumb\",\"itemListElement\":[{\"@type\":\"ListItem\",\"position\":1,\"name\":\"Home\",\"item\":\"https:\\\/\\\/prochaska.eu\\\/en\\\/\"},{\"@type\":\"ListItem\",\"position\":2,\"name\":\"Shop\",\"item\":\"https:\\\/\\\/prochaska.eu\\\/shop\\\/\"},{\"@type\":\"ListItem\",\"position\":3,\"name\":\"TORO spray nozzles from the Precision series\"}]},{\"@type\":\"WebSite\",\"@id\":\"https:\\\/\\\/prochaska.eu\\\/en\\\/#website\",\"url\":\"https:\\\/\\\/prochaska.eu\\\/en\\\/\",\"name\":\"Prochaska\",\"description\":\"Spezialist f\u00fcr Pflege von Gr\u00fcnfl\u00e4chen\",\"publisher\":{\"@id\":\"https:\\\/\\\/prochaska.eu\\\/en\\\/#organization\"},\"potentialAction\":[{\"@type\":\"SearchAction\",\"target\":{\"@type\":\"EntryPoint\",\"urlTemplate\":\"https:\\\/\\\/prochaska.eu\\\/en\\\/?s={search_term_string}\"},\"query-input\":{\"@type\":\"PropertyValueSpecification\",\"valueRequired\":true,\"valueName\":\"search_term_string\"}}],\"inLanguage\":\"en-US\"},{\"@type\":\"Organization\",\"@id\":\"https:\\\/\\\/prochaska.eu\\\/en\\\/#organization\",\"name\":\"Prochaska\",\"url\":\"https:\\\/\\\/prochaska.eu\\\/en\\\/\",\"logo\":{\"@type\":\"ImageObject\",\"inLanguage\":\"en-US\",\"@id\":\"https:\\\/\\\/prochaska.eu\\\/en\\\/#\\\/schema\\\/logo\\\/image\\\/\",\"url\":\"https:\\\/\\\/prochaska.eu\\\/wp-content\\\/uploads\\\/2024\\\/04\\\/Prochaska_Logo_Black-1.png\",\"contentUrl\":\"https:\\\/\\\/prochaska.eu\\\/wp-content\\\/uploads\\\/2024\\\/04\\\/Prochaska_Logo_Black-1.png\",\"width\":796,\"height\":236,\"caption\":\"Prochaska\"},\"image\":{\"@id\":\"https:\\\/\\\/prochaska.eu\\\/en\\\/#\\\/schema\\\/logo\\\/image\\\/\"},\"sameAs\":[\"https:\\\/\\\/www.facebook.com\\\/prochaska.eu\\\/\",\"https:\\\/\\\/www.instagram.com\\\/prochaska.eu\\\/\",\"https:\\\/\\\/www.linkedin.com\\\/company\\\/prochaska-handels-gmbh\"]}]}<\/script>\n<!-- \/ Yoast SEO plugin. -->","yoast_head_json":{"title":"TORO spray nozzles from the Precision series - Prochaska","robots":{"index":"index","follow":"follow","max-snippet":"max-snippet:-1","max-image-preview":"max-image-preview:large","max-video-preview":"max-video-preview:-1"},"canonical":"https:\/\/prochaska.eu\/en\/produkt\/toro-spray-nozzles-from-the-precision-series\/","og_locale":"en_US","og_type":"article","og_title":"TORO spray nozzles from the Precision series - Prochaska","og_description":"These spray nozzles from the Precision series help you to reduce your water bills.","og_url":"https:\/\/prochaska.eu\/en\/produkt\/toro-spray-nozzles-from-the-precision-series\/","og_site_name":"Prochaska","article_publisher":"https:\/\/www.facebook.com\/prochaska.eu\/","twitter_card":"summary_large_image","twitter_misc":{"Est. reading time":"2 minutes"},"schema":{"@context":"https:\/\/schema.org","@graph":[{"@type":"WebPage","@id":"https:\/\/prochaska.eu\/en\/produkt\/toro-spray-nozzles-from-the-precision-series\/","url":"https:\/\/prochaska.eu\/en\/produkt\/toro-spray-nozzles-from-the-precision-series\/","name":"TORO spray nozzles from the Precision series - Prochaska","isPartOf":{"@id":"https:\/\/prochaska.eu\/en\/#website"},"primaryImageOfPage":{"@id":"https:\/\/prochaska.eu\/en\/produkt\/toro-spray-nozzles-from-the-precision-series\/#primaryimage"},"image":{"@id":"https:\/\/prochaska.eu\/en\/produkt\/toro-spray-nozzles-from-the-precision-series\/#primaryimage"},"thumbnailUrl":"","datePublished":"2017-08-04T14:42:40+00:00","breadcrumb":{"@id":"https:\/\/prochaska.eu\/en\/produkt\/toro-spray-nozzles-from-the-precision-series\/#breadcrumb"},"inLanguage":"en-US","potentialAction":[{"@type":"ReadAction","target":["https:\/\/prochaska.eu\/en\/produkt\/toro-spray-nozzles-from-the-precision-series\/"]}]},{"@type":"ImageObject","inLanguage":"en-US","@id":"https:\/\/prochaska.eu\/en\/produkt\/toro-spray-nozzles-from-the-precision-series\/#primaryimage","url":"","contentUrl":""},{"@type":"BreadcrumbList","@id":"https:\/\/prochaska.eu\/en\/produkt\/toro-spray-nozzles-from-the-precision-series\/#breadcrumb","itemListElement":[{"@type":"ListItem","position":1,"name":"Home","item":"https:\/\/prochaska.eu\/en\/"},{"@type":"ListItem","position":2,"name":"Shop","item":"https:\/\/prochaska.eu\/shop\/"},{"@type":"ListItem","position":3,"name":"TORO spray nozzles from the Precision series"}]},{"@type":"WebSite","@id":"https:\/\/prochaska.eu\/en\/#website","url":"https:\/\/prochaska.eu\/en\/","name":"Prochaska","description":"Spezialist f\u00fcr Pflege von Gr\u00fcnfl\u00e4chen","publisher":{"@id":"https:\/\/prochaska.eu\/en\/#organization"},"potentialAction":[{"@type":"SearchAction","target":{"@type":"EntryPoint","urlTemplate":"https:\/\/prochaska.eu\/en\/?s={search_term_string}"},"query-input":{"@type":"PropertyValueSpecification","valueRequired":true,"valueName":"search_term_string"}}],"inLanguage":"en-US"},{"@type":"Organization","@id":"https:\/\/prochaska.eu\/en\/#organization","name":"Prochaska","url":"https:\/\/prochaska.eu\/en\/","logo":{"@type":"ImageObject","inLanguage":"en-US","@id":"https:\/\/prochaska.eu\/en\/#\/schema\/logo\/image\/","url":"https:\/\/prochaska.eu\/wp-content\/uploads\/2024\/04\/Prochaska_Logo_Black-1.png","contentUrl":"https:\/\/prochaska.eu\/wp-content\/uploads\/2024\/04\/Prochaska_Logo_Black-1.png","width":796,"height":236,"caption":"Prochaska"},"image":{"@id":"https:\/\/prochaska.eu\/en\/#\/schema\/logo\/image\/"},"sameAs":["https:\/\/www.facebook.com\/prochaska.eu\/","https:\/\/www.instagram.com\/prochaska.eu\/","https:\/\/www.linkedin.com\/company\/prochaska-handels-gmbh"]}]}},"brands":[{"id":3072,"name":"Toro","slug":"toro-en"}],"_links":{"self":[{"href":"https:\/\/prochaska.eu\/en\/wp-json\/wp\/v2\/product\/25610","targetHints":{"allow":["GET"]}}],"collection":[{"href":"https:\/\/prochaska.eu\/en\/wp-json\/wp\/v2\/product"}],"about":[{"href":"https:\/\/prochaska.eu\/en\/wp-json\/wp\/v2\/types\/product"}],"version-history":[{"count":0,"href":"https:\/\/prochaska.eu\/en\/wp-json\/wp\/v2\/product\/25610\/revisions"}],"wp:featuredmedia":[{"embeddable":true,"href":"https:\/\/prochaska.eu\/en\/wp-json\/"}],"wp:attachment":[{"href":"https:\/\/prochaska.eu\/en\/wp-json\/wp\/v2\/media?parent=25610"}],"wp:term":[{"taxonomy":"pwb-brand","embeddable":true,"href":"https:\/\/prochaska.eu\/en\/wp-json\/wp\/v2\/pwb-brand?post=25610"},{"taxonomy":"product_brand","embeddable":true,"href":"https:\/\/prochaska.eu\/en\/wp-json\/wp\/v2\/product_brand?post=25610"},{"taxonomy":"product_cat","embeddable":true,"href":"https:\/\/prochaska.eu\/en\/wp-json\/wp\/v2\/product_cat?post=25610"},{"taxonomy":"product_tag","embeddable":true,"href":"https:\/\/prochaska.eu\/en\/wp-json\/wp\/v2\/product_tag?post=25610"}],"curies":[{"name":"wp","href":"https:\/\/api.w.org\/{rel}","templated":true}]}}