{"id":25656,"date":"2017-08-04T14:42:48","date_gmt":"2017-08-04T14:42:48","guid":{"rendered":"https:\/\/prochaska.eu\/product\/toro-sickle-mower-z-master-professional-7000\/"},"modified":"2017-08-04T14:42:48","modified_gmt":"2017-08-04T14:42:48","slug":"toro-sickle-mower-z-master-professional-7000","status":"publish","type":"product","link":"https:\/\/prochaska.eu\/en\/produkt\/toro-sickle-mower-z-master-professional-7000\/","title":{"rendered":"Toro &#8211; Sickle mower &#8211; Z-Master Professional 7000"},"content":{"rendered":"<p style=\"text-align: left;\">Get the power you need to handle the toughest mowing jobs with <a href=\"https:\/\/www.prochaska.eu\/toro\/\">Toro<\/a> &#8216;s Z-Master Professional 7000 advanced zero-turn rotary mowers. The Z Master series combines professional durability with outstanding strength and comfort. This keeps your team productive throughout the day.<\/p>\n<p style=\"text-align: left;\">Mowers in the Professional 7000 series have additional torque for extreme conditions. The built-in diesel engines and extremely durable construction make them ideal for tackling particularly heavy-duty tasks.<\/p>\n<h2><strong>Turbo Force mowing technology<\/strong><\/h2>\n<ul>\n<li>The high-strength steel housing provides optimum resistance to impact damage.<\/li>\n<li>The robust bumper with collision protection protects against frontal impacts.<\/li>\n<li>The fixed cutting blades guarantee a flatter, sharper cut.<\/li>\n<li>The most robust spindles in the industry withstand impacts perfectly.<\/li>\n<\/ul>\n<p>The Z-Master Professional 7000 series includes 3 models that differ either in cutting width (132-152 cm) or in discharge technology (side discharge \/ rear discharge).<\/p>\n<h2>Model 1 (74264TE):<\/h2>\n<ul>\n<li>Cutting width: 132 cm<\/li>\n<li>TURBO FORCE side discharge mower<\/li>\n<\/ul>\n<h2>Model 2 (74265TE):<\/h2>\n<ul>\n<li>Cutting width: 152 cm<\/li>\n<li>TURBO FORCE side discharge mower<\/li>\n<\/ul>\n<h2>Model 3 (74279TE):<\/h2>\n<ul>\n<li>Cutting width: 132 cm<\/li>\n<li>Rear ejection<\/li>\n<\/ul>\n<h2>The same for all models:<\/h2>\n<ul>\n<li>17.15 kW (23 hp) water-cooled Kubota diesel engine<\/li>\n<li>Best spindles in the industry<\/li>\n<li>Patented, adjustable deflector plate<\/li>\n<li>A flat, sharp cutting pattern with precision knives<\/li>\n<li>Mowing speed: up to 18 km\/h<\/li>\n<li>Folding roll-over protection<\/li>\n<li>Comfortable and convenient<\/li>\n<\/ul>\n<h2>Optional accessories<\/h2>\n<ul>\n<li>Recycler Kit 132 cm (107-1610)<\/li>\n<li>Recycler Kit 152 cm (107-1611)<\/li>\n<li>Foldable sun canopy (115-4510)<\/li>\n<li>Light kit (107-9880)<\/li>\n<li>Strip kit (108-2162)<\/li>\n<li>Seat cover (117-0095)<\/li>\n<\/ul>\n","protected":false},"excerpt":{"rendered":"<p>The Z Master Professional 7000 series from <a href=\"https:\/\/www.prochaska.eu\/toro\/\">Toro<\/a> combines professional durability with outstanding power and comfort. This mower from the Professional 7000 series is suitable for extreme conditions with additional torque.<\/p>\n","protected":false},"featured_media":21125,"template":"","meta":[],"pwb-brand":[3072],"product_brand":[],"product_cat":[1506],"product_tag":[],"class_list":{"0":"post-25656","1":"product","2":"type-product","3":"status-publish","4":"has-post-thumbnail","6":"pwb-brand-toro-en","7":"product_cat-municipal-sports-fields-agriculture","9":"first","10":"instock","11":"taxable","12":"shipping-taxable","13":"product-type-simple"},"yoast_head":"<!-- This site is optimized with the Yoast SEO plugin v27.4 - https:\/\/yoast.com\/product\/yoast-seo-wordpress\/ -->\n<title>Toro - Sickle mower - Z-Master Professional 7000 - Prochaska<\/title>\n<meta name=\"robots\" content=\"index, follow, max-snippet:-1, max-image-preview:large, max-video-preview:-1\" \/>\n<link rel=\"canonical\" href=\"https:\/\/prochaska.eu\/en\/produkt\/toro-sickle-mower-z-master-professional-7000\/\" \/>\n<meta property=\"og:locale\" content=\"en_US\" \/>\n<meta property=\"og:type\" content=\"article\" \/>\n<meta property=\"og:title\" content=\"Toro - Sickle mower - Z-Master Professional 7000 - Prochaska\" \/>\n<meta property=\"og:description\" content=\"The Z Master Professional 7000 series from Toro combines professional durability with outstanding power and comfort. This mower from the Professional 7000 series is suitable for extreme conditions with additional torque.\" \/>\n<meta property=\"og:url\" content=\"https:\/\/prochaska.eu\/en\/produkt\/toro-sickle-mower-z-master-professional-7000\/\" \/>\n<meta property=\"og:site_name\" content=\"Prochaska\" \/>\n<meta property=\"article:publisher\" content=\"https:\/\/www.facebook.com\/prochaska.eu\/\" \/>\n<meta property=\"og:image\" content=\"https:\/\/prochaska.eu\/wp-content\/uploads\/2024\/06\/sichelmaeher-toro-zmaster-professional7000-prochaska-b1.jpg\" \/>\n\t<meta property=\"og:image:width\" content=\"1440\" \/>\n\t<meta property=\"og:image:height\" content=\"1440\" \/>\n\t<meta property=\"og:image:type\" content=\"image\/jpeg\" \/>\n<meta name=\"twitter:card\" content=\"summary_large_image\" \/>\n<meta name=\"twitter:label1\" content=\"Est. reading time\" \/>\n\t<meta name=\"twitter:data1\" content=\"1 minute\" \/>\n<script type=\"application\/ld+json\" class=\"yoast-schema-graph\">{\"@context\":\"https:\\\/\\\/schema.org\",\"@graph\":[{\"@type\":\"WebPage\",\"@id\":\"https:\\\/\\\/prochaska.eu\\\/en\\\/produkt\\\/toro-sickle-mower-z-master-professional-7000\\\/\",\"url\":\"https:\\\/\\\/prochaska.eu\\\/en\\\/produkt\\\/toro-sickle-mower-z-master-professional-7000\\\/\",\"name\":\"Toro - Sickle mower - Z-Master Professional 7000 - Prochaska\",\"isPartOf\":{\"@id\":\"https:\\\/\\\/prochaska.eu\\\/en\\\/#website\"},\"primaryImageOfPage\":{\"@id\":\"https:\\\/\\\/prochaska.eu\\\/en\\\/produkt\\\/toro-sickle-mower-z-master-professional-7000\\\/#primaryimage\"},\"image\":{\"@id\":\"https:\\\/\\\/prochaska.eu\\\/en\\\/produkt\\\/toro-sickle-mower-z-master-professional-7000\\\/#primaryimage\"},\"thumbnailUrl\":\"https:\\\/\\\/prochaska.eu\\\/wp-content\\\/uploads\\\/2024\\\/06\\\/sichelmaeher-toro-zmaster-professional7000-prochaska-b1.jpg\",\"datePublished\":\"2017-08-04T14:42:48+00:00\",\"breadcrumb\":{\"@id\":\"https:\\\/\\\/prochaska.eu\\\/en\\\/produkt\\\/toro-sickle-mower-z-master-professional-7000\\\/#breadcrumb\"},\"inLanguage\":\"en-US\",\"potentialAction\":[{\"@type\":\"ReadAction\",\"target\":[\"https:\\\/\\\/prochaska.eu\\\/en\\\/produkt\\\/toro-sickle-mower-z-master-professional-7000\\\/\"]}]},{\"@type\":\"ImageObject\",\"inLanguage\":\"en-US\",\"@id\":\"https:\\\/\\\/prochaska.eu\\\/en\\\/produkt\\\/toro-sickle-mower-z-master-professional-7000\\\/#primaryimage\",\"url\":\"https:\\\/\\\/prochaska.eu\\\/wp-content\\\/uploads\\\/2024\\\/06\\\/sichelmaeher-toro-zmaster-professional7000-prochaska-b1.jpg\",\"contentUrl\":\"https:\\\/\\\/prochaska.eu\\\/wp-content\\\/uploads\\\/2024\\\/06\\\/sichelmaeher-toro-zmaster-professional7000-prochaska-b1.jpg\",\"width\":1440,\"height\":1440},{\"@type\":\"BreadcrumbList\",\"@id\":\"https:\\\/\\\/prochaska.eu\\\/en\\\/produkt\\\/toro-sickle-mower-z-master-professional-7000\\\/#breadcrumb\",\"itemListElement\":[{\"@type\":\"ListItem\",\"position\":1,\"name\":\"Home\",\"item\":\"https:\\\/\\\/prochaska.eu\\\/en\\\/\"},{\"@type\":\"ListItem\",\"position\":2,\"name\":\"Shop\",\"item\":\"https:\\\/\\\/prochaska.eu\\\/shop\\\/\"},{\"@type\":\"ListItem\",\"position\":3,\"name\":\"Toro &#8211; Sickle mower &#8211; Z-Master Professional 7000\"}]},{\"@type\":\"WebSite\",\"@id\":\"https:\\\/\\\/prochaska.eu\\\/en\\\/#website\",\"url\":\"https:\\\/\\\/prochaska.eu\\\/en\\\/\",\"name\":\"Prochaska\",\"description\":\"Spezialist f\u00fcr Pflege von Gr\u00fcnfl\u00e4chen\",\"publisher\":{\"@id\":\"https:\\\/\\\/prochaska.eu\\\/en\\\/#organization\"},\"potentialAction\":[{\"@type\":\"SearchAction\",\"target\":{\"@type\":\"EntryPoint\",\"urlTemplate\":\"https:\\\/\\\/prochaska.eu\\\/en\\\/?s={search_term_string}\"},\"query-input\":{\"@type\":\"PropertyValueSpecification\",\"valueRequired\":true,\"valueName\":\"search_term_string\"}}],\"inLanguage\":\"en-US\"},{\"@type\":\"Organization\",\"@id\":\"https:\\\/\\\/prochaska.eu\\\/en\\\/#organization\",\"name\":\"Prochaska\",\"url\":\"https:\\\/\\\/prochaska.eu\\\/en\\\/\",\"logo\":{\"@type\":\"ImageObject\",\"inLanguage\":\"en-US\",\"@id\":\"https:\\\/\\\/prochaska.eu\\\/en\\\/#\\\/schema\\\/logo\\\/image\\\/\",\"url\":\"https:\\\/\\\/prochaska.eu\\\/wp-content\\\/uploads\\\/2024\\\/04\\\/Prochaska_Logo_Black-1.png\",\"contentUrl\":\"https:\\\/\\\/prochaska.eu\\\/wp-content\\\/uploads\\\/2024\\\/04\\\/Prochaska_Logo_Black-1.png\",\"width\":796,\"height\":236,\"caption\":\"Prochaska\"},\"image\":{\"@id\":\"https:\\\/\\\/prochaska.eu\\\/en\\\/#\\\/schema\\\/logo\\\/image\\\/\"},\"sameAs\":[\"https:\\\/\\\/www.facebook.com\\\/prochaska.eu\\\/\",\"https:\\\/\\\/www.instagram.com\\\/prochaska.eu\\\/\",\"https:\\\/\\\/www.linkedin.com\\\/company\\\/prochaska-handels-gmbh\"]}]}<\/script>\n<!-- \/ Yoast SEO plugin. -->","yoast_head_json":{"title":"Toro - Sickle mower - Z-Master Professional 7000 - Prochaska","robots":{"index":"index","follow":"follow","max-snippet":"max-snippet:-1","max-image-preview":"max-image-preview:large","max-video-preview":"max-video-preview:-1"},"canonical":"https:\/\/prochaska.eu\/en\/produkt\/toro-sickle-mower-z-master-professional-7000\/","og_locale":"en_US","og_type":"article","og_title":"Toro - Sickle mower - Z-Master Professional 7000 - Prochaska","og_description":"The Z Master Professional 7000 series from Toro combines professional durability with outstanding power and comfort. This mower from the Professional 7000 series is suitable for extreme conditions with additional torque.","og_url":"https:\/\/prochaska.eu\/en\/produkt\/toro-sickle-mower-z-master-professional-7000\/","og_site_name":"Prochaska","article_publisher":"https:\/\/www.facebook.com\/prochaska.eu\/","og_image":[{"width":1440,"height":1440,"url":"https:\/\/prochaska.eu\/wp-content\/uploads\/2024\/06\/sichelmaeher-toro-zmaster-professional7000-prochaska-b1.jpg","type":"image\/jpeg"}],"twitter_card":"summary_large_image","twitter_misc":{"Est. reading time":"1 minute"},"schema":{"@context":"https:\/\/schema.org","@graph":[{"@type":"WebPage","@id":"https:\/\/prochaska.eu\/en\/produkt\/toro-sickle-mower-z-master-professional-7000\/","url":"https:\/\/prochaska.eu\/en\/produkt\/toro-sickle-mower-z-master-professional-7000\/","name":"Toro - Sickle mower - Z-Master Professional 7000 - Prochaska","isPartOf":{"@id":"https:\/\/prochaska.eu\/en\/#website"},"primaryImageOfPage":{"@id":"https:\/\/prochaska.eu\/en\/produkt\/toro-sickle-mower-z-master-professional-7000\/#primaryimage"},"image":{"@id":"https:\/\/prochaska.eu\/en\/produkt\/toro-sickle-mower-z-master-professional-7000\/#primaryimage"},"thumbnailUrl":"https:\/\/prochaska.eu\/wp-content\/uploads\/2024\/06\/sichelmaeher-toro-zmaster-professional7000-prochaska-b1.jpg","datePublished":"2017-08-04T14:42:48+00:00","breadcrumb":{"@id":"https:\/\/prochaska.eu\/en\/produkt\/toro-sickle-mower-z-master-professional-7000\/#breadcrumb"},"inLanguage":"en-US","potentialAction":[{"@type":"ReadAction","target":["https:\/\/prochaska.eu\/en\/produkt\/toro-sickle-mower-z-master-professional-7000\/"]}]},{"@type":"ImageObject","inLanguage":"en-US","@id":"https:\/\/prochaska.eu\/en\/produkt\/toro-sickle-mower-z-master-professional-7000\/#primaryimage","url":"https:\/\/prochaska.eu\/wp-content\/uploads\/2024\/06\/sichelmaeher-toro-zmaster-professional7000-prochaska-b1.jpg","contentUrl":"https:\/\/prochaska.eu\/wp-content\/uploads\/2024\/06\/sichelmaeher-toro-zmaster-professional7000-prochaska-b1.jpg","width":1440,"height":1440},{"@type":"BreadcrumbList","@id":"https:\/\/prochaska.eu\/en\/produkt\/toro-sickle-mower-z-master-professional-7000\/#breadcrumb","itemListElement":[{"@type":"ListItem","position":1,"name":"Home","item":"https:\/\/prochaska.eu\/en\/"},{"@type":"ListItem","position":2,"name":"Shop","item":"https:\/\/prochaska.eu\/shop\/"},{"@type":"ListItem","position":3,"name":"Toro &#8211; Sickle mower &#8211; Z-Master Professional 7000"}]},{"@type":"WebSite","@id":"https:\/\/prochaska.eu\/en\/#website","url":"https:\/\/prochaska.eu\/en\/","name":"Prochaska","description":"Spezialist f\u00fcr Pflege von Gr\u00fcnfl\u00e4chen","publisher":{"@id":"https:\/\/prochaska.eu\/en\/#organization"},"potentialAction":[{"@type":"SearchAction","target":{"@type":"EntryPoint","urlTemplate":"https:\/\/prochaska.eu\/en\/?s={search_term_string}"},"query-input":{"@type":"PropertyValueSpecification","valueRequired":true,"valueName":"search_term_string"}}],"inLanguage":"en-US"},{"@type":"Organization","@id":"https:\/\/prochaska.eu\/en\/#organization","name":"Prochaska","url":"https:\/\/prochaska.eu\/en\/","logo":{"@type":"ImageObject","inLanguage":"en-US","@id":"https:\/\/prochaska.eu\/en\/#\/schema\/logo\/image\/","url":"https:\/\/prochaska.eu\/wp-content\/uploads\/2024\/04\/Prochaska_Logo_Black-1.png","contentUrl":"https:\/\/prochaska.eu\/wp-content\/uploads\/2024\/04\/Prochaska_Logo_Black-1.png","width":796,"height":236,"caption":"Prochaska"},"image":{"@id":"https:\/\/prochaska.eu\/en\/#\/schema\/logo\/image\/"},"sameAs":["https:\/\/www.facebook.com\/prochaska.eu\/","https:\/\/www.instagram.com\/prochaska.eu\/","https:\/\/www.linkedin.com\/company\/prochaska-handels-gmbh"]}]}},"brands":[{"id":3072,"name":"Toro","slug":"toro-en"}],"_links":{"self":[{"href":"https:\/\/prochaska.eu\/en\/wp-json\/wp\/v2\/product\/25656","targetHints":{"allow":["GET"]}}],"collection":[{"href":"https:\/\/prochaska.eu\/en\/wp-json\/wp\/v2\/product"}],"about":[{"href":"https:\/\/prochaska.eu\/en\/wp-json\/wp\/v2\/types\/product"}],"version-history":[{"count":0,"href":"https:\/\/prochaska.eu\/en\/wp-json\/wp\/v2\/product\/25656\/revisions"}],"wp:featuredmedia":[{"embeddable":true,"href":"https:\/\/prochaska.eu\/en\/wp-json\/wp\/v2\/media\/21125"}],"wp:attachment":[{"href":"https:\/\/prochaska.eu\/en\/wp-json\/wp\/v2\/media?parent=25656"}],"wp:term":[{"taxonomy":"pwb-brand","embeddable":true,"href":"https:\/\/prochaska.eu\/en\/wp-json\/wp\/v2\/pwb-brand?post=25656"},{"taxonomy":"product_brand","embeddable":true,"href":"https:\/\/prochaska.eu\/en\/wp-json\/wp\/v2\/product_brand?post=25656"},{"taxonomy":"product_cat","embeddable":true,"href":"https:\/\/prochaska.eu\/en\/wp-json\/wp\/v2\/product_cat?post=25656"},{"taxonomy":"product_tag","embeddable":true,"href":"https:\/\/prochaska.eu\/en\/wp-json\/wp\/v2\/product_tag?post=25656"}],"curies":[{"name":"wp","href":"https:\/\/api.w.org\/{rel}","templated":true}]}}