{"id":25693,"date":"2017-08-04T14:42:42","date_gmt":"2017-08-04T14:42:42","guid":{"rendered":"https:\/\/prochaska.eu\/product\/toro-soil-sensor-precision-pss-kit-eu\/"},"modified":"2017-08-04T14:42:42","modified_gmt":"2017-08-04T14:42:42","slug":"toro-soil-sensor-precision-pss-kit-eu","status":"publish","type":"product","link":"https:\/\/prochaska.eu\/en\/produkt\/toro-soil-sensor-precision-pss-kit-eu\/","title":{"rendered":"Toro &#8211; Soil sensor &#8211; Precision &#8211; PSS-KIT-EU"},"content":{"rendered":"<p>Toro&#8217;s sensor technology is used at commercial sites and world-class golf courses worldwide. The new technology reduces water consumption as the moisture content in the soil is continuously measured and the irrigation controller is only activated in a targeted manner. This optimizes the performance of the irrigation system. Communication between the sensor probe and the receiving device is wireless. With a radio range of up to 152.4 m, installation does not require any trenching. NOTE: The floor sensor can only be used in combination with Smart Connect. Up to 3 floor sensors can be controlled with the Smart Connector.<\/p>\n<h2><strong>The TORO Irrigation Package<br \/>\n<\/strong><\/h2>\n<p>The package includes a sensor for electrical control units and a tool for radio transmission.<\/p>\n","protected":false},"excerpt":{"rendered":"<p>This soil sensor monitors the moisture content of your soil and communicates wirelessly with your control unit (ideal accessory for the Evolution series).<\/p>\n","protected":false},"featured_media":21089,"template":"","meta":[],"pwb-brand":[3072],"product_brand":[],"product_cat":[2482,2616],"product_tag":[],"class_list":{"0":"post-25693","1":"product","2":"type-product","3":"status-publish","4":"has-post-thumbnail","6":"pwb-brand-toro-en","7":"product_cat-irrigation-en","8":"product_cat-sensors","10":"first","11":"instock","12":"taxable","13":"shipping-taxable","14":"product-type-simple"},"yoast_head":"<!-- This site is optimized with the Yoast SEO plugin v27.4 - https:\/\/yoast.com\/product\/yoast-seo-wordpress\/ -->\n<title>Toro - Soil sensor - Precision - PSS-KIT-EU - Prochaska<\/title>\n<meta name=\"robots\" content=\"index, follow, max-snippet:-1, max-image-preview:large, max-video-preview:-1\" \/>\n<link rel=\"canonical\" href=\"https:\/\/prochaska.eu\/en\/produkt\/toro-soil-sensor-precision-pss-kit-eu\/\" \/>\n<meta property=\"og:locale\" content=\"en_US\" \/>\n<meta property=\"og:type\" content=\"article\" \/>\n<meta property=\"og:title\" content=\"Toro - Soil sensor - Precision - PSS-KIT-EU - Prochaska\" \/>\n<meta property=\"og:description\" content=\"This soil sensor monitors the moisture content of your soil and communicates wirelessly with your control unit (ideal accessory for the Evolution series).\" \/>\n<meta property=\"og:url\" content=\"https:\/\/prochaska.eu\/en\/produkt\/toro-soil-sensor-precision-pss-kit-eu\/\" \/>\n<meta property=\"og:site_name\" content=\"Prochaska\" \/>\n<meta property=\"article:publisher\" content=\"https:\/\/www.facebook.com\/prochaska.eu\/\" \/>\n<meta property=\"og:image\" content=\"https:\/\/prochaska.eu\/wp-content\/uploads\/2024\/06\/Bodensensor.jpg\" \/>\n\t<meta property=\"og:image:width\" content=\"1440\" \/>\n\t<meta property=\"og:image:height\" content=\"1440\" \/>\n\t<meta property=\"og:image:type\" content=\"image\/jpeg\" \/>\n<meta name=\"twitter:card\" content=\"summary_large_image\" \/>\n<meta name=\"twitter:label1\" content=\"Est. reading time\" \/>\n\t<meta name=\"twitter:data1\" content=\"1 minute\" \/>\n<script type=\"application\/ld+json\" class=\"yoast-schema-graph\">{\"@context\":\"https:\\\/\\\/schema.org\",\"@graph\":[{\"@type\":\"WebPage\",\"@id\":\"https:\\\/\\\/prochaska.eu\\\/en\\\/produkt\\\/toro-soil-sensor-precision-pss-kit-eu\\\/\",\"url\":\"https:\\\/\\\/prochaska.eu\\\/en\\\/produkt\\\/toro-soil-sensor-precision-pss-kit-eu\\\/\",\"name\":\"Toro - Soil sensor - Precision - PSS-KIT-EU - Prochaska\",\"isPartOf\":{\"@id\":\"https:\\\/\\\/prochaska.eu\\\/en\\\/#website\"},\"primaryImageOfPage\":{\"@id\":\"https:\\\/\\\/prochaska.eu\\\/en\\\/produkt\\\/toro-soil-sensor-precision-pss-kit-eu\\\/#primaryimage\"},\"image\":{\"@id\":\"https:\\\/\\\/prochaska.eu\\\/en\\\/produkt\\\/toro-soil-sensor-precision-pss-kit-eu\\\/#primaryimage\"},\"thumbnailUrl\":\"https:\\\/\\\/prochaska.eu\\\/wp-content\\\/uploads\\\/2024\\\/06\\\/Bodensensor.jpg\",\"datePublished\":\"2017-08-04T14:42:42+00:00\",\"breadcrumb\":{\"@id\":\"https:\\\/\\\/prochaska.eu\\\/en\\\/produkt\\\/toro-soil-sensor-precision-pss-kit-eu\\\/#breadcrumb\"},\"inLanguage\":\"en-US\",\"potentialAction\":[{\"@type\":\"ReadAction\",\"target\":[\"https:\\\/\\\/prochaska.eu\\\/en\\\/produkt\\\/toro-soil-sensor-precision-pss-kit-eu\\\/\"]}]},{\"@type\":\"ImageObject\",\"inLanguage\":\"en-US\",\"@id\":\"https:\\\/\\\/prochaska.eu\\\/en\\\/produkt\\\/toro-soil-sensor-precision-pss-kit-eu\\\/#primaryimage\",\"url\":\"https:\\\/\\\/prochaska.eu\\\/wp-content\\\/uploads\\\/2024\\\/06\\\/Bodensensor.jpg\",\"contentUrl\":\"https:\\\/\\\/prochaska.eu\\\/wp-content\\\/uploads\\\/2024\\\/06\\\/Bodensensor.jpg\",\"width\":1440,\"height\":1440,\"caption\":\"toro evolution floor sensor\"},{\"@type\":\"BreadcrumbList\",\"@id\":\"https:\\\/\\\/prochaska.eu\\\/en\\\/produkt\\\/toro-soil-sensor-precision-pss-kit-eu\\\/#breadcrumb\",\"itemListElement\":[{\"@type\":\"ListItem\",\"position\":1,\"name\":\"Home\",\"item\":\"https:\\\/\\\/prochaska.eu\\\/en\\\/\"},{\"@type\":\"ListItem\",\"position\":2,\"name\":\"Shop\",\"item\":\"https:\\\/\\\/prochaska.eu\\\/shop\\\/\"},{\"@type\":\"ListItem\",\"position\":3,\"name\":\"Toro &#8211; Soil sensor &#8211; Precision &#8211; PSS-KIT-EU\"}]},{\"@type\":\"WebSite\",\"@id\":\"https:\\\/\\\/prochaska.eu\\\/en\\\/#website\",\"url\":\"https:\\\/\\\/prochaska.eu\\\/en\\\/\",\"name\":\"Prochaska\",\"description\":\"Spezialist f\u00fcr Pflege von Gr\u00fcnfl\u00e4chen\",\"publisher\":{\"@id\":\"https:\\\/\\\/prochaska.eu\\\/en\\\/#organization\"},\"potentialAction\":[{\"@type\":\"SearchAction\",\"target\":{\"@type\":\"EntryPoint\",\"urlTemplate\":\"https:\\\/\\\/prochaska.eu\\\/en\\\/?s={search_term_string}\"},\"query-input\":{\"@type\":\"PropertyValueSpecification\",\"valueRequired\":true,\"valueName\":\"search_term_string\"}}],\"inLanguage\":\"en-US\"},{\"@type\":\"Organization\",\"@id\":\"https:\\\/\\\/prochaska.eu\\\/en\\\/#organization\",\"name\":\"Prochaska\",\"url\":\"https:\\\/\\\/prochaska.eu\\\/en\\\/\",\"logo\":{\"@type\":\"ImageObject\",\"inLanguage\":\"en-US\",\"@id\":\"https:\\\/\\\/prochaska.eu\\\/en\\\/#\\\/schema\\\/logo\\\/image\\\/\",\"url\":\"https:\\\/\\\/prochaska.eu\\\/wp-content\\\/uploads\\\/2024\\\/04\\\/Prochaska_Logo_Black-1.png\",\"contentUrl\":\"https:\\\/\\\/prochaska.eu\\\/wp-content\\\/uploads\\\/2024\\\/04\\\/Prochaska_Logo_Black-1.png\",\"width\":796,\"height\":236,\"caption\":\"Prochaska\"},\"image\":{\"@id\":\"https:\\\/\\\/prochaska.eu\\\/en\\\/#\\\/schema\\\/logo\\\/image\\\/\"},\"sameAs\":[\"https:\\\/\\\/www.facebook.com\\\/prochaska.eu\\\/\",\"https:\\\/\\\/www.instagram.com\\\/prochaska.eu\\\/\",\"https:\\\/\\\/www.linkedin.com\\\/company\\\/prochaska-handels-gmbh\"]}]}<\/script>\n<!-- \/ Yoast SEO plugin. -->","yoast_head_json":{"title":"Toro - Soil sensor - Precision - PSS-KIT-EU - Prochaska","robots":{"index":"index","follow":"follow","max-snippet":"max-snippet:-1","max-image-preview":"max-image-preview:large","max-video-preview":"max-video-preview:-1"},"canonical":"https:\/\/prochaska.eu\/en\/produkt\/toro-soil-sensor-precision-pss-kit-eu\/","og_locale":"en_US","og_type":"article","og_title":"Toro - Soil sensor - Precision - PSS-KIT-EU - Prochaska","og_description":"This soil sensor monitors the moisture content of your soil and communicates wirelessly with your control unit (ideal accessory for the Evolution series).","og_url":"https:\/\/prochaska.eu\/en\/produkt\/toro-soil-sensor-precision-pss-kit-eu\/","og_site_name":"Prochaska","article_publisher":"https:\/\/www.facebook.com\/prochaska.eu\/","og_image":[{"width":1440,"height":1440,"url":"https:\/\/prochaska.eu\/wp-content\/uploads\/2024\/06\/Bodensensor.jpg","type":"image\/jpeg"}],"twitter_card":"summary_large_image","twitter_misc":{"Est. reading time":"1 minute"},"schema":{"@context":"https:\/\/schema.org","@graph":[{"@type":"WebPage","@id":"https:\/\/prochaska.eu\/en\/produkt\/toro-soil-sensor-precision-pss-kit-eu\/","url":"https:\/\/prochaska.eu\/en\/produkt\/toro-soil-sensor-precision-pss-kit-eu\/","name":"Toro - Soil sensor - Precision - PSS-KIT-EU - Prochaska","isPartOf":{"@id":"https:\/\/prochaska.eu\/en\/#website"},"primaryImageOfPage":{"@id":"https:\/\/prochaska.eu\/en\/produkt\/toro-soil-sensor-precision-pss-kit-eu\/#primaryimage"},"image":{"@id":"https:\/\/prochaska.eu\/en\/produkt\/toro-soil-sensor-precision-pss-kit-eu\/#primaryimage"},"thumbnailUrl":"https:\/\/prochaska.eu\/wp-content\/uploads\/2024\/06\/Bodensensor.jpg","datePublished":"2017-08-04T14:42:42+00:00","breadcrumb":{"@id":"https:\/\/prochaska.eu\/en\/produkt\/toro-soil-sensor-precision-pss-kit-eu\/#breadcrumb"},"inLanguage":"en-US","potentialAction":[{"@type":"ReadAction","target":["https:\/\/prochaska.eu\/en\/produkt\/toro-soil-sensor-precision-pss-kit-eu\/"]}]},{"@type":"ImageObject","inLanguage":"en-US","@id":"https:\/\/prochaska.eu\/en\/produkt\/toro-soil-sensor-precision-pss-kit-eu\/#primaryimage","url":"https:\/\/prochaska.eu\/wp-content\/uploads\/2024\/06\/Bodensensor.jpg","contentUrl":"https:\/\/prochaska.eu\/wp-content\/uploads\/2024\/06\/Bodensensor.jpg","width":1440,"height":1440,"caption":"toro evolution floor sensor"},{"@type":"BreadcrumbList","@id":"https:\/\/prochaska.eu\/en\/produkt\/toro-soil-sensor-precision-pss-kit-eu\/#breadcrumb","itemListElement":[{"@type":"ListItem","position":1,"name":"Home","item":"https:\/\/prochaska.eu\/en\/"},{"@type":"ListItem","position":2,"name":"Shop","item":"https:\/\/prochaska.eu\/shop\/"},{"@type":"ListItem","position":3,"name":"Toro &#8211; Soil sensor &#8211; Precision &#8211; PSS-KIT-EU"}]},{"@type":"WebSite","@id":"https:\/\/prochaska.eu\/en\/#website","url":"https:\/\/prochaska.eu\/en\/","name":"Prochaska","description":"Spezialist f\u00fcr Pflege von Gr\u00fcnfl\u00e4chen","publisher":{"@id":"https:\/\/prochaska.eu\/en\/#organization"},"potentialAction":[{"@type":"SearchAction","target":{"@type":"EntryPoint","urlTemplate":"https:\/\/prochaska.eu\/en\/?s={search_term_string}"},"query-input":{"@type":"PropertyValueSpecification","valueRequired":true,"valueName":"search_term_string"}}],"inLanguage":"en-US"},{"@type":"Organization","@id":"https:\/\/prochaska.eu\/en\/#organization","name":"Prochaska","url":"https:\/\/prochaska.eu\/en\/","logo":{"@type":"ImageObject","inLanguage":"en-US","@id":"https:\/\/prochaska.eu\/en\/#\/schema\/logo\/image\/","url":"https:\/\/prochaska.eu\/wp-content\/uploads\/2024\/04\/Prochaska_Logo_Black-1.png","contentUrl":"https:\/\/prochaska.eu\/wp-content\/uploads\/2024\/04\/Prochaska_Logo_Black-1.png","width":796,"height":236,"caption":"Prochaska"},"image":{"@id":"https:\/\/prochaska.eu\/en\/#\/schema\/logo\/image\/"},"sameAs":["https:\/\/www.facebook.com\/prochaska.eu\/","https:\/\/www.instagram.com\/prochaska.eu\/","https:\/\/www.linkedin.com\/company\/prochaska-handels-gmbh"]}]}},"brands":[{"id":3072,"name":"Toro","slug":"toro-en"}],"_links":{"self":[{"href":"https:\/\/prochaska.eu\/en\/wp-json\/wp\/v2\/product\/25693","targetHints":{"allow":["GET"]}}],"collection":[{"href":"https:\/\/prochaska.eu\/en\/wp-json\/wp\/v2\/product"}],"about":[{"href":"https:\/\/prochaska.eu\/en\/wp-json\/wp\/v2\/types\/product"}],"version-history":[{"count":0,"href":"https:\/\/prochaska.eu\/en\/wp-json\/wp\/v2\/product\/25693\/revisions"}],"wp:featuredmedia":[{"embeddable":true,"href":"https:\/\/prochaska.eu\/en\/wp-json\/wp\/v2\/media\/21089"}],"wp:attachment":[{"href":"https:\/\/prochaska.eu\/en\/wp-json\/wp\/v2\/media?parent=25693"}],"wp:term":[{"taxonomy":"pwb-brand","embeddable":true,"href":"https:\/\/prochaska.eu\/en\/wp-json\/wp\/v2\/pwb-brand?post=25693"},{"taxonomy":"product_brand","embeddable":true,"href":"https:\/\/prochaska.eu\/en\/wp-json\/wp\/v2\/product_brand?post=25693"},{"taxonomy":"product_cat","embeddable":true,"href":"https:\/\/prochaska.eu\/en\/wp-json\/wp\/v2\/product_cat?post=25693"},{"taxonomy":"product_tag","embeddable":true,"href":"https:\/\/prochaska.eu\/en\/wp-json\/wp\/v2\/product_tag?post=25693"}],"curies":[{"name":"wp","href":"https:\/\/api.w.org\/{rel}","templated":true}]}}