{"id":25707,"date":"2017-08-04T14:42:41","date_gmt":"2017-08-04T14:42:41","guid":{"rendered":"https:\/\/prochaska.eu\/product\/toro-mpr-plus-spray-nozzles\/"},"modified":"2017-08-04T14:42:41","modified_gmt":"2017-08-04T14:42:41","slug":"toro-mpr-plus-spray-nozzles","status":"publish","type":"product","link":"https:\/\/prochaska.eu\/en\/produkt\/toro-mpr-plus-spray-nozzles\/","title":{"rendered":"TORO MPR Plus spray nozzles"},"content":{"rendered":"<p>The MPR nozzles make the design and installation even easier. Set the distance and the sector &#8211; the nozzle does the rest.<\/p>\n<h2><strong>Features and characteristics<\/strong><\/h2>\n<h3><strong>Coordinated irrigation quantities<br \/>\n<\/strong><\/h3>\n<p>Ensures that all nozzles (each sector in a family) dose the same amount of water.<\/p>\n<h3><strong>Low flow rates<br \/>\n<\/strong><\/h3>\n<p>Operation of additional sprinklers in a zone.<\/p>\n<h3><strong>Pre-installed pressure compensation device (PCD)<br \/>\n<\/strong><\/h3>\n<p>Prevents misting, saves water and provides accurate flow rates (also available without pressure equalization device)<\/p>\n<h3><strong>Complete selection of discharge angles<br \/>\n<\/strong><\/h3>\n<p>Discharge angle for all throwing distances &#8211; full circle, <strong>3\u20444<\/strong><strong>,<\/strong><strong>2\u20443<\/strong>, <strong>1\u20442<\/strong><strong>,<\/strong> <strong>1\u20443<\/strong><strong>and <\/strong> <strong>1\u20444<\/strong><strong>.<\/strong><\/p>\n<h2><strong>Technical specifications<\/strong><\/h2>\n<ul>\n<li>Working pressure range: 1.4 to 5.2 bar (20 to 75 psi)<\/li>\n<li>Recommended pressure: 2.1 bar (30 psi)<\/li>\n<li>Flow rate: 0.2 to 17.3 l\/min (0.05 to 4.58 GPM)<\/li>\n<li>Nozzle discharge angle: 1.5 m (5&#8242;): 5\u00b0; 8&#8242;: 10\u00b0; 10&#8242;: 17\u00b0; 12&#8242;: 24\u00b0; 15&#8242;: 28\u00b0<br \/>\nCorner and side strips: 17\u00b0<\/li>\n<\/ul>\n<h3><strong>Additional functions<\/strong><\/h3>\n<ul>\n<li>For normal but also very special throwing images<\/li>\n<li>Special grille for each nozzle<\/li>\n<li>Litter patterns for small areas. Complete set of discharge angles for nozzles with a throw range of 3.0 m, 2.4 m and 1.5 m<\/li>\n<li>Side strip, 1.2-5.2 m (4&#8242; x 18&#8242;) is ideal for central reservations<\/li>\n<li>0.6-1.8 m (2&#8217;x 6&#8242;) for small planters, beds or other narrow areas<\/li>\n<li>Fine snap-in filter screens for nozzles with lower flow rates<\/li>\n<li>5 Discharge angle<\/li>\n<li>Convenient nozzle pack &#8211; nozzles and strainers are individually packaged<\/li>\n<li>Adjustment screw allows the throwing range to be reduced by up to 25 % and switched off completely<\/li>\n<\/ul>\n","protected":false},"excerpt":{"rendered":"<p>The MPR nozzles make it easier for you. Set the distance and the sector &#8211; the nozzle does the rest.<\/p>\n","protected":false},"featured_media":21076,"template":"","meta":[],"pwb-brand":[3072],"product_brand":[],"product_cat":[2482,439],"product_tag":[],"class_list":{"0":"post-25707","1":"product","2":"type-product","3":"status-publish","4":"has-post-thumbnail","6":"pwb-brand-toro-en","7":"product_cat-irrigation-en","8":"product_cat-spruhregner","10":"first","11":"instock","12":"taxable","13":"shipping-taxable","14":"product-type-variable"},"yoast_head":"<!-- This site is optimized with the Yoast SEO plugin v27.4 - https:\/\/yoast.com\/product\/yoast-seo-wordpress\/ -->\n<title>TORO MPR Plus spray nozzles - Prochaska<\/title>\n<meta name=\"robots\" content=\"index, follow, max-snippet:-1, max-image-preview:large, max-video-preview:-1\" \/>\n<link rel=\"canonical\" href=\"https:\/\/prochaska.eu\/en\/produkt\/toro-mpr-plus-spray-nozzles\/\" \/>\n<meta property=\"og:locale\" content=\"en_US\" \/>\n<meta property=\"og:type\" content=\"article\" \/>\n<meta property=\"og:title\" content=\"TORO MPR Plus spray nozzles - Prochaska\" \/>\n<meta property=\"og:description\" content=\"The MPR nozzles make it easier for you. Set the distance and the sector - the nozzle does the rest.\" \/>\n<meta property=\"og:url\" content=\"https:\/\/prochaska.eu\/en\/produkt\/toro-mpr-plus-spray-nozzles\/\" \/>\n<meta property=\"og:site_name\" content=\"Prochaska\" \/>\n<meta property=\"article:publisher\" content=\"https:\/\/www.facebook.com\/prochaska.eu\/\" \/>\n<meta property=\"og:image\" content=\"https:\/\/prochaska.eu\/wp-content\/uploads\/2024\/06\/MPR-Plus-Spruehduesen_1.jpg\" \/>\n\t<meta property=\"og:image:width\" content=\"1440\" \/>\n\t<meta property=\"og:image:height\" content=\"1440\" \/>\n\t<meta property=\"og:image:type\" content=\"image\/jpeg\" \/>\n<meta name=\"twitter:card\" content=\"summary_large_image\" \/>\n<meta name=\"twitter:label1\" content=\"Est. reading time\" \/>\n\t<meta name=\"twitter:data1\" content=\"1 minute\" \/>\n<script type=\"application\/ld+json\" class=\"yoast-schema-graph\">{\"@context\":\"https:\\\/\\\/schema.org\",\"@graph\":[{\"@type\":\"WebPage\",\"@id\":\"https:\\\/\\\/prochaska.eu\\\/en\\\/produkt\\\/toro-mpr-plus-spray-nozzles\\\/\",\"url\":\"https:\\\/\\\/prochaska.eu\\\/en\\\/produkt\\\/toro-mpr-plus-spray-nozzles\\\/\",\"name\":\"TORO MPR Plus spray nozzles - Prochaska\",\"isPartOf\":{\"@id\":\"https:\\\/\\\/prochaska.eu\\\/en\\\/#website\"},\"primaryImageOfPage\":{\"@id\":\"https:\\\/\\\/prochaska.eu\\\/en\\\/produkt\\\/toro-mpr-plus-spray-nozzles\\\/#primaryimage\"},\"image\":{\"@id\":\"https:\\\/\\\/prochaska.eu\\\/en\\\/produkt\\\/toro-mpr-plus-spray-nozzles\\\/#primaryimage\"},\"thumbnailUrl\":\"https:\\\/\\\/prochaska.eu\\\/wp-content\\\/uploads\\\/2024\\\/06\\\/MPR-Plus-Spruehduesen_1.jpg\",\"datePublished\":\"2017-08-04T14:42:41+00:00\",\"breadcrumb\":{\"@id\":\"https:\\\/\\\/prochaska.eu\\\/en\\\/produkt\\\/toro-mpr-plus-spray-nozzles\\\/#breadcrumb\"},\"inLanguage\":\"en-US\",\"potentialAction\":[{\"@type\":\"ReadAction\",\"target\":[\"https:\\\/\\\/prochaska.eu\\\/en\\\/produkt\\\/toro-mpr-plus-spray-nozzles\\\/\"]}]},{\"@type\":\"ImageObject\",\"inLanguage\":\"en-US\",\"@id\":\"https:\\\/\\\/prochaska.eu\\\/en\\\/produkt\\\/toro-mpr-plus-spray-nozzles\\\/#primaryimage\",\"url\":\"https:\\\/\\\/prochaska.eu\\\/wp-content\\\/uploads\\\/2024\\\/06\\\/MPR-Plus-Spruehduesen_1.jpg\",\"contentUrl\":\"https:\\\/\\\/prochaska.eu\\\/wp-content\\\/uploads\\\/2024\\\/06\\\/MPR-Plus-Spruehduesen_1.jpg\",\"width\":1440,\"height\":1440},{\"@type\":\"BreadcrumbList\",\"@id\":\"https:\\\/\\\/prochaska.eu\\\/en\\\/produkt\\\/toro-mpr-plus-spray-nozzles\\\/#breadcrumb\",\"itemListElement\":[{\"@type\":\"ListItem\",\"position\":1,\"name\":\"Home\",\"item\":\"https:\\\/\\\/prochaska.eu\\\/en\\\/\"},{\"@type\":\"ListItem\",\"position\":2,\"name\":\"Shop\",\"item\":\"https:\\\/\\\/prochaska.eu\\\/shop\\\/\"},{\"@type\":\"ListItem\",\"position\":3,\"name\":\"TORO MPR Plus spray nozzles\"}]},{\"@type\":\"WebSite\",\"@id\":\"https:\\\/\\\/prochaska.eu\\\/en\\\/#website\",\"url\":\"https:\\\/\\\/prochaska.eu\\\/en\\\/\",\"name\":\"Prochaska\",\"description\":\"Spezialist f\u00fcr Pflege von Gr\u00fcnfl\u00e4chen\",\"publisher\":{\"@id\":\"https:\\\/\\\/prochaska.eu\\\/en\\\/#organization\"},\"potentialAction\":[{\"@type\":\"SearchAction\",\"target\":{\"@type\":\"EntryPoint\",\"urlTemplate\":\"https:\\\/\\\/prochaska.eu\\\/en\\\/?s={search_term_string}\"},\"query-input\":{\"@type\":\"PropertyValueSpecification\",\"valueRequired\":true,\"valueName\":\"search_term_string\"}}],\"inLanguage\":\"en-US\"},{\"@type\":\"Organization\",\"@id\":\"https:\\\/\\\/prochaska.eu\\\/en\\\/#organization\",\"name\":\"Prochaska\",\"url\":\"https:\\\/\\\/prochaska.eu\\\/en\\\/\",\"logo\":{\"@type\":\"ImageObject\",\"inLanguage\":\"en-US\",\"@id\":\"https:\\\/\\\/prochaska.eu\\\/en\\\/#\\\/schema\\\/logo\\\/image\\\/\",\"url\":\"https:\\\/\\\/prochaska.eu\\\/wp-content\\\/uploads\\\/2024\\\/04\\\/Prochaska_Logo_Black-1.png\",\"contentUrl\":\"https:\\\/\\\/prochaska.eu\\\/wp-content\\\/uploads\\\/2024\\\/04\\\/Prochaska_Logo_Black-1.png\",\"width\":796,\"height\":236,\"caption\":\"Prochaska\"},\"image\":{\"@id\":\"https:\\\/\\\/prochaska.eu\\\/en\\\/#\\\/schema\\\/logo\\\/image\\\/\"},\"sameAs\":[\"https:\\\/\\\/www.facebook.com\\\/prochaska.eu\\\/\",\"https:\\\/\\\/www.instagram.com\\\/prochaska.eu\\\/\",\"https:\\\/\\\/www.linkedin.com\\\/company\\\/prochaska-handels-gmbh\"]}]}<\/script>\n<!-- \/ Yoast SEO plugin. -->","yoast_head_json":{"title":"TORO MPR Plus spray nozzles - Prochaska","robots":{"index":"index","follow":"follow","max-snippet":"max-snippet:-1","max-image-preview":"max-image-preview:large","max-video-preview":"max-video-preview:-1"},"canonical":"https:\/\/prochaska.eu\/en\/produkt\/toro-mpr-plus-spray-nozzles\/","og_locale":"en_US","og_type":"article","og_title":"TORO MPR Plus spray nozzles - Prochaska","og_description":"The MPR nozzles make it easier for you. Set the distance and the sector - the nozzle does the rest.","og_url":"https:\/\/prochaska.eu\/en\/produkt\/toro-mpr-plus-spray-nozzles\/","og_site_name":"Prochaska","article_publisher":"https:\/\/www.facebook.com\/prochaska.eu\/","og_image":[{"width":1440,"height":1440,"url":"https:\/\/prochaska.eu\/wp-content\/uploads\/2024\/06\/MPR-Plus-Spruehduesen_1.jpg","type":"image\/jpeg"}],"twitter_card":"summary_large_image","twitter_misc":{"Est. reading time":"1 minute"},"schema":{"@context":"https:\/\/schema.org","@graph":[{"@type":"WebPage","@id":"https:\/\/prochaska.eu\/en\/produkt\/toro-mpr-plus-spray-nozzles\/","url":"https:\/\/prochaska.eu\/en\/produkt\/toro-mpr-plus-spray-nozzles\/","name":"TORO MPR Plus spray nozzles - Prochaska","isPartOf":{"@id":"https:\/\/prochaska.eu\/en\/#website"},"primaryImageOfPage":{"@id":"https:\/\/prochaska.eu\/en\/produkt\/toro-mpr-plus-spray-nozzles\/#primaryimage"},"image":{"@id":"https:\/\/prochaska.eu\/en\/produkt\/toro-mpr-plus-spray-nozzles\/#primaryimage"},"thumbnailUrl":"https:\/\/prochaska.eu\/wp-content\/uploads\/2024\/06\/MPR-Plus-Spruehduesen_1.jpg","datePublished":"2017-08-04T14:42:41+00:00","breadcrumb":{"@id":"https:\/\/prochaska.eu\/en\/produkt\/toro-mpr-plus-spray-nozzles\/#breadcrumb"},"inLanguage":"en-US","potentialAction":[{"@type":"ReadAction","target":["https:\/\/prochaska.eu\/en\/produkt\/toro-mpr-plus-spray-nozzles\/"]}]},{"@type":"ImageObject","inLanguage":"en-US","@id":"https:\/\/prochaska.eu\/en\/produkt\/toro-mpr-plus-spray-nozzles\/#primaryimage","url":"https:\/\/prochaska.eu\/wp-content\/uploads\/2024\/06\/MPR-Plus-Spruehduesen_1.jpg","contentUrl":"https:\/\/prochaska.eu\/wp-content\/uploads\/2024\/06\/MPR-Plus-Spruehduesen_1.jpg","width":1440,"height":1440},{"@type":"BreadcrumbList","@id":"https:\/\/prochaska.eu\/en\/produkt\/toro-mpr-plus-spray-nozzles\/#breadcrumb","itemListElement":[{"@type":"ListItem","position":1,"name":"Home","item":"https:\/\/prochaska.eu\/en\/"},{"@type":"ListItem","position":2,"name":"Shop","item":"https:\/\/prochaska.eu\/shop\/"},{"@type":"ListItem","position":3,"name":"TORO MPR Plus spray nozzles"}]},{"@type":"WebSite","@id":"https:\/\/prochaska.eu\/en\/#website","url":"https:\/\/prochaska.eu\/en\/","name":"Prochaska","description":"Spezialist f\u00fcr Pflege von Gr\u00fcnfl\u00e4chen","publisher":{"@id":"https:\/\/prochaska.eu\/en\/#organization"},"potentialAction":[{"@type":"SearchAction","target":{"@type":"EntryPoint","urlTemplate":"https:\/\/prochaska.eu\/en\/?s={search_term_string}"},"query-input":{"@type":"PropertyValueSpecification","valueRequired":true,"valueName":"search_term_string"}}],"inLanguage":"en-US"},{"@type":"Organization","@id":"https:\/\/prochaska.eu\/en\/#organization","name":"Prochaska","url":"https:\/\/prochaska.eu\/en\/","logo":{"@type":"ImageObject","inLanguage":"en-US","@id":"https:\/\/prochaska.eu\/en\/#\/schema\/logo\/image\/","url":"https:\/\/prochaska.eu\/wp-content\/uploads\/2024\/04\/Prochaska_Logo_Black-1.png","contentUrl":"https:\/\/prochaska.eu\/wp-content\/uploads\/2024\/04\/Prochaska_Logo_Black-1.png","width":796,"height":236,"caption":"Prochaska"},"image":{"@id":"https:\/\/prochaska.eu\/en\/#\/schema\/logo\/image\/"},"sameAs":["https:\/\/www.facebook.com\/prochaska.eu\/","https:\/\/www.instagram.com\/prochaska.eu\/","https:\/\/www.linkedin.com\/company\/prochaska-handels-gmbh"]}]}},"brands":[{"id":3072,"name":"Toro","slug":"toro-en"}],"_links":{"self":[{"href":"https:\/\/prochaska.eu\/en\/wp-json\/wp\/v2\/product\/25707","targetHints":{"allow":["GET"]}}],"collection":[{"href":"https:\/\/prochaska.eu\/en\/wp-json\/wp\/v2\/product"}],"about":[{"href":"https:\/\/prochaska.eu\/en\/wp-json\/wp\/v2\/types\/product"}],"version-history":[{"count":0,"href":"https:\/\/prochaska.eu\/en\/wp-json\/wp\/v2\/product\/25707\/revisions"}],"wp:featuredmedia":[{"embeddable":true,"href":"https:\/\/prochaska.eu\/en\/wp-json\/wp\/v2\/media\/21076"}],"wp:attachment":[{"href":"https:\/\/prochaska.eu\/en\/wp-json\/wp\/v2\/media?parent=25707"}],"wp:term":[{"taxonomy":"pwb-brand","embeddable":true,"href":"https:\/\/prochaska.eu\/en\/wp-json\/wp\/v2\/pwb-brand?post=25707"},{"taxonomy":"product_brand","embeddable":true,"href":"https:\/\/prochaska.eu\/en\/wp-json\/wp\/v2\/product_brand?post=25707"},{"taxonomy":"product_cat","embeddable":true,"href":"https:\/\/prochaska.eu\/en\/wp-json\/wp\/v2\/product_cat?post=25707"},{"taxonomy":"product_tag","embeddable":true,"href":"https:\/\/prochaska.eu\/en\/wp-json\/wp\/v2\/product_tag?post=25707"}],"curies":[{"name":"wp","href":"https:\/\/api.w.org\/{rel}","templated":true}]}}