{"id":25716,"date":"2017-08-04T14:42:40","date_gmt":"2017-08-04T14:42:40","guid":{"rendered":"https:\/\/prochaska.eu\/product\/toro-rotary-nozzles-from-the-precision-series\/"},"modified":"2017-08-04T14:42:40","modified_gmt":"2017-08-04T14:42:40","slug":"toro-rotary-nozzles-from-the-precision-series","status":"publish","type":"product","link":"https:\/\/prochaska.eu\/en\/produkt\/toro-rotary-nozzles-from-the-precision-series\/","title":{"rendered":"TORO rotary nozzles from the Precision series"},"content":{"rendered":"<p>Precision Series rotary nozzles are based on the design of the world&#8217;s leading geared sprinkler for golf applications and feature a proven gear drive that provides wind-resistant patterns with multiple streams and multiple discharge angles.<\/p>\n<h2><strong>Features &amp; advantages<\/strong><\/h2>\n<h3><strong>Gearbox<br \/>\n<\/strong><\/h3>\n<p>Rotates the nozzle with a proven planetary gearbox, a variable stator and a turbine.<\/p>\n<h3><strong>W<\/strong><strong>Fewer models<\/strong><\/h3>\n<p>Only two nozzles with external threads and two nozzles with internal threads are required to cover a throw range of 4.3 to 8 m and a sector range of 45-360\u00b0.<\/p>\n<h3><strong>Coordinated irrigation volume = 14 mm\/h<\/strong> <strong>(0.55 inch\/h) (14 mm\/h)<br \/>\n<\/strong><\/h3>\n<p>These nozzles supply water more slowly and evenly than normal spray nozzles. Irrigation rate of 0.55 inches\/h (14 mm\/h) prevents excessively long run times, which are often set in the irrigation window.<\/p>\n<h3><strong>Consistent rotation speed<br \/>\n<\/strong><\/h3>\n<p>The drive gearbox delivers a constant rotational speed regardless of the system pressure and prevents the product from switching off at low pressure.<\/p>\n<h2>Technical specifications<\/h2>\n<ul>\n<li><strong>Throwing distance: 4.3 to 7.9 m (14&#8242;-26&#8242;)<\/strong>\n<ul>\n<li>Working pressure range: 1.4 to 5.2 bar (20 to 75 psi)<\/li>\n<li>Recommended pressure: 2.8 to 3.5 bar (40 to 50 psi)<\/li>\n<li>Flow rate: 1.4 to 14 l\/min (0.17 to 3.68 GPM)<\/li>\n<\/ul>\n<\/li>\n<\/ul>\n<h3><strong>Additional functions<\/strong><\/h3>\n<ul>\n<li>15 unique flows with different sectors<\/li>\n<li>Maximum height of 20\u00b0 discharge angle to combat strong winds<\/li>\n<li>Can be screwed onto almost all spray heads and screw adapters (male and female thread)<\/li>\n<li>Pre-assembled filter for easy installation<\/li>\n<li>Throw range reduction of up to 25 % by turning the adjusting screw by 90<\/li>\n<li>Color-coded to identify adjustable or full circle<\/li>\n<li>Irrigation rate = 14 mm\/h with a square formation<\/li>\n<li>Maintains irrigation volume with reduced throw distance<\/li>\n<li>Coordinated irrigation volume from 4.3 m to 7.9 m<\/li>\n<li>Coordinated irrigation volume from 1.4 bar to 5.2 bar<\/li>\n<li>Adjustable by hand or with the tool supplied<\/li>\n<li>Even rotation speed is not affected by pressure<\/li>\n<\/ul>\n<h2><strong>Model list:<\/strong><\/h2>\n<p>PRN-TA: external thread, only suitable for TORO thread, 4.3-7.9 m, adjustable from 45\u00b0 to 270\u00b0<\/p>\n<p>PRN:TF: external thread, only suitable for TORO thread, 4.3-7.9 m, full circle<\/p>\n","protected":false},"excerpt":{"rendered":"<p>These rotary nozzles have a proven gear drive that provides wind-resistant patterns with multiple streams and multiple discharge angles.<\/p>\n","protected":false},"featured_media":0,"template":"","meta":[],"pwb-brand":[3072],"product_brand":[],"product_cat":[1540],"product_tag":[],"class_list":{"0":"post-25716","1":"product","2":"type-product","3":"status-publish","5":"pwb-brand-toro-en","6":"product_cat-soil-preparation-en","8":"first","9":"instock","10":"taxable","11":"shipping-taxable","12":"product-type-variable"},"yoast_head":"<!-- This site is optimized with the Yoast SEO plugin v27.4 - https:\/\/yoast.com\/product\/yoast-seo-wordpress\/ -->\n<title>TORO rotary nozzles from the Precision series - Prochaska<\/title>\n<meta name=\"robots\" content=\"index, follow, max-snippet:-1, max-image-preview:large, max-video-preview:-1\" \/>\n<link rel=\"canonical\" href=\"https:\/\/prochaska.eu\/en\/produkt\/toro-rotary-nozzles-from-the-precision-series\/\" \/>\n<meta property=\"og:locale\" content=\"en_US\" \/>\n<meta property=\"og:type\" content=\"article\" \/>\n<meta property=\"og:title\" content=\"TORO rotary nozzles from the Precision series - Prochaska\" \/>\n<meta property=\"og:description\" content=\"These rotary nozzles have a proven gear drive that provides wind-resistant patterns with multiple streams and multiple discharge angles.\" \/>\n<meta property=\"og:url\" content=\"https:\/\/prochaska.eu\/en\/produkt\/toro-rotary-nozzles-from-the-precision-series\/\" \/>\n<meta property=\"og:site_name\" content=\"Prochaska\" \/>\n<meta property=\"article:publisher\" content=\"https:\/\/www.facebook.com\/prochaska.eu\/\" \/>\n<meta name=\"twitter:card\" content=\"summary_large_image\" \/>\n<meta name=\"twitter:label1\" content=\"Est. reading time\" \/>\n\t<meta name=\"twitter:data1\" content=\"2 minutes\" \/>\n<script type=\"application\/ld+json\" class=\"yoast-schema-graph\">{\"@context\":\"https:\\\/\\\/schema.org\",\"@graph\":[{\"@type\":\"WebPage\",\"@id\":\"https:\\\/\\\/prochaska.eu\\\/en\\\/produkt\\\/toro-rotary-nozzles-from-the-precision-series\\\/\",\"url\":\"https:\\\/\\\/prochaska.eu\\\/en\\\/produkt\\\/toro-rotary-nozzles-from-the-precision-series\\\/\",\"name\":\"TORO rotary nozzles from the Precision series - Prochaska\",\"isPartOf\":{\"@id\":\"https:\\\/\\\/prochaska.eu\\\/en\\\/#website\"},\"datePublished\":\"2017-08-04T14:42:40+00:00\",\"breadcrumb\":{\"@id\":\"https:\\\/\\\/prochaska.eu\\\/en\\\/produkt\\\/toro-rotary-nozzles-from-the-precision-series\\\/#breadcrumb\"},\"inLanguage\":\"en-US\",\"potentialAction\":[{\"@type\":\"ReadAction\",\"target\":[\"https:\\\/\\\/prochaska.eu\\\/en\\\/produkt\\\/toro-rotary-nozzles-from-the-precision-series\\\/\"]}]},{\"@type\":\"BreadcrumbList\",\"@id\":\"https:\\\/\\\/prochaska.eu\\\/en\\\/produkt\\\/toro-rotary-nozzles-from-the-precision-series\\\/#breadcrumb\",\"itemListElement\":[{\"@type\":\"ListItem\",\"position\":1,\"name\":\"Home\",\"item\":\"https:\\\/\\\/prochaska.eu\\\/en\\\/\"},{\"@type\":\"ListItem\",\"position\":2,\"name\":\"Shop\",\"item\":\"https:\\\/\\\/prochaska.eu\\\/shop\\\/\"},{\"@type\":\"ListItem\",\"position\":3,\"name\":\"TORO rotary nozzles from the Precision series\"}]},{\"@type\":\"WebSite\",\"@id\":\"https:\\\/\\\/prochaska.eu\\\/en\\\/#website\",\"url\":\"https:\\\/\\\/prochaska.eu\\\/en\\\/\",\"name\":\"Prochaska\",\"description\":\"Spezialist f\u00fcr Pflege von Gr\u00fcnfl\u00e4chen\",\"publisher\":{\"@id\":\"https:\\\/\\\/prochaska.eu\\\/en\\\/#organization\"},\"potentialAction\":[{\"@type\":\"SearchAction\",\"target\":{\"@type\":\"EntryPoint\",\"urlTemplate\":\"https:\\\/\\\/prochaska.eu\\\/en\\\/?s={search_term_string}\"},\"query-input\":{\"@type\":\"PropertyValueSpecification\",\"valueRequired\":true,\"valueName\":\"search_term_string\"}}],\"inLanguage\":\"en-US\"},{\"@type\":\"Organization\",\"@id\":\"https:\\\/\\\/prochaska.eu\\\/en\\\/#organization\",\"name\":\"Prochaska\",\"url\":\"https:\\\/\\\/prochaska.eu\\\/en\\\/\",\"logo\":{\"@type\":\"ImageObject\",\"inLanguage\":\"en-US\",\"@id\":\"https:\\\/\\\/prochaska.eu\\\/en\\\/#\\\/schema\\\/logo\\\/image\\\/\",\"url\":\"https:\\\/\\\/prochaska.eu\\\/wp-content\\\/uploads\\\/2024\\\/04\\\/Prochaska_Logo_Black-1.png\",\"contentUrl\":\"https:\\\/\\\/prochaska.eu\\\/wp-content\\\/uploads\\\/2024\\\/04\\\/Prochaska_Logo_Black-1.png\",\"width\":796,\"height\":236,\"caption\":\"Prochaska\"},\"image\":{\"@id\":\"https:\\\/\\\/prochaska.eu\\\/en\\\/#\\\/schema\\\/logo\\\/image\\\/\"},\"sameAs\":[\"https:\\\/\\\/www.facebook.com\\\/prochaska.eu\\\/\",\"https:\\\/\\\/www.instagram.com\\\/prochaska.eu\\\/\",\"https:\\\/\\\/www.linkedin.com\\\/company\\\/prochaska-handels-gmbh\"]}]}<\/script>\n<!-- \/ Yoast SEO plugin. -->","yoast_head_json":{"title":"TORO rotary nozzles from the Precision series - Prochaska","robots":{"index":"index","follow":"follow","max-snippet":"max-snippet:-1","max-image-preview":"max-image-preview:large","max-video-preview":"max-video-preview:-1"},"canonical":"https:\/\/prochaska.eu\/en\/produkt\/toro-rotary-nozzles-from-the-precision-series\/","og_locale":"en_US","og_type":"article","og_title":"TORO rotary nozzles from the Precision series - Prochaska","og_description":"These rotary nozzles have a proven gear drive that provides wind-resistant patterns with multiple streams and multiple discharge angles.","og_url":"https:\/\/prochaska.eu\/en\/produkt\/toro-rotary-nozzles-from-the-precision-series\/","og_site_name":"Prochaska","article_publisher":"https:\/\/www.facebook.com\/prochaska.eu\/","twitter_card":"summary_large_image","twitter_misc":{"Est. reading time":"2 minutes"},"schema":{"@context":"https:\/\/schema.org","@graph":[{"@type":"WebPage","@id":"https:\/\/prochaska.eu\/en\/produkt\/toro-rotary-nozzles-from-the-precision-series\/","url":"https:\/\/prochaska.eu\/en\/produkt\/toro-rotary-nozzles-from-the-precision-series\/","name":"TORO rotary nozzles from the Precision series - Prochaska","isPartOf":{"@id":"https:\/\/prochaska.eu\/en\/#website"},"datePublished":"2017-08-04T14:42:40+00:00","breadcrumb":{"@id":"https:\/\/prochaska.eu\/en\/produkt\/toro-rotary-nozzles-from-the-precision-series\/#breadcrumb"},"inLanguage":"en-US","potentialAction":[{"@type":"ReadAction","target":["https:\/\/prochaska.eu\/en\/produkt\/toro-rotary-nozzles-from-the-precision-series\/"]}]},{"@type":"BreadcrumbList","@id":"https:\/\/prochaska.eu\/en\/produkt\/toro-rotary-nozzles-from-the-precision-series\/#breadcrumb","itemListElement":[{"@type":"ListItem","position":1,"name":"Home","item":"https:\/\/prochaska.eu\/en\/"},{"@type":"ListItem","position":2,"name":"Shop","item":"https:\/\/prochaska.eu\/shop\/"},{"@type":"ListItem","position":3,"name":"TORO rotary nozzles from the Precision series"}]},{"@type":"WebSite","@id":"https:\/\/prochaska.eu\/en\/#website","url":"https:\/\/prochaska.eu\/en\/","name":"Prochaska","description":"Spezialist f\u00fcr Pflege von Gr\u00fcnfl\u00e4chen","publisher":{"@id":"https:\/\/prochaska.eu\/en\/#organization"},"potentialAction":[{"@type":"SearchAction","target":{"@type":"EntryPoint","urlTemplate":"https:\/\/prochaska.eu\/en\/?s={search_term_string}"},"query-input":{"@type":"PropertyValueSpecification","valueRequired":true,"valueName":"search_term_string"}}],"inLanguage":"en-US"},{"@type":"Organization","@id":"https:\/\/prochaska.eu\/en\/#organization","name":"Prochaska","url":"https:\/\/prochaska.eu\/en\/","logo":{"@type":"ImageObject","inLanguage":"en-US","@id":"https:\/\/prochaska.eu\/en\/#\/schema\/logo\/image\/","url":"https:\/\/prochaska.eu\/wp-content\/uploads\/2024\/04\/Prochaska_Logo_Black-1.png","contentUrl":"https:\/\/prochaska.eu\/wp-content\/uploads\/2024\/04\/Prochaska_Logo_Black-1.png","width":796,"height":236,"caption":"Prochaska"},"image":{"@id":"https:\/\/prochaska.eu\/en\/#\/schema\/logo\/image\/"},"sameAs":["https:\/\/www.facebook.com\/prochaska.eu\/","https:\/\/www.instagram.com\/prochaska.eu\/","https:\/\/www.linkedin.com\/company\/prochaska-handels-gmbh"]}]}},"brands":[{"id":3072,"name":"Toro","slug":"toro-en"}],"_links":{"self":[{"href":"https:\/\/prochaska.eu\/en\/wp-json\/wp\/v2\/product\/25716","targetHints":{"allow":["GET"]}}],"collection":[{"href":"https:\/\/prochaska.eu\/en\/wp-json\/wp\/v2\/product"}],"about":[{"href":"https:\/\/prochaska.eu\/en\/wp-json\/wp\/v2\/types\/product"}],"version-history":[{"count":0,"href":"https:\/\/prochaska.eu\/en\/wp-json\/wp\/v2\/product\/25716\/revisions"}],"wp:attachment":[{"href":"https:\/\/prochaska.eu\/en\/wp-json\/wp\/v2\/media?parent=25716"}],"wp:term":[{"taxonomy":"pwb-brand","embeddable":true,"href":"https:\/\/prochaska.eu\/en\/wp-json\/wp\/v2\/pwb-brand?post=25716"},{"taxonomy":"product_brand","embeddable":true,"href":"https:\/\/prochaska.eu\/en\/wp-json\/wp\/v2\/product_brand?post=25716"},{"taxonomy":"product_cat","embeddable":true,"href":"https:\/\/prochaska.eu\/en\/wp-json\/wp\/v2\/product_cat?post=25716"},{"taxonomy":"product_tag","embeddable":true,"href":"https:\/\/prochaska.eu\/en\/wp-json\/wp\/v2\/product_tag?post=25716"}],"curies":[{"name":"wp","href":"https:\/\/api.w.org\/{rel}","templated":true}]}}