{"id":25732,"date":"2017-08-04T14:42:40","date_gmt":"2017-08-04T14:42:40","guid":{"rendered":"https:\/\/prochaska.eu\/product\/toro-570z-series-sprinklers\/"},"modified":"2017-08-04T14:42:40","modified_gmt":"2017-08-04T14:42:40","slug":"toro-570z-series-sprinklers","status":"publish","type":"product","link":"https:\/\/prochaska.eu\/en\/produkt\/toro-570z-series-sprinklers\/","title":{"rendered":"TORO 570Z series sprinklers"},"content":{"rendered":"<p>Versatile. Flexible. Reliable. The Toro\u00ae 570Z sprinklers embody everything that makes private customers and irrigation professionals want to use just one series of sprinklers.<\/p>\n<h2><strong>Features &amp; advantages<\/strong><\/h2>\n<h3><strong>Contact seal without flushing<br \/>\n<\/strong><\/h3>\n<p>Prevents rinsing when rising, enables the simultaneous use of several sprinklers.<\/p>\n<h3><strong>One-piece non-return valve<br \/>\n<\/strong><\/h3>\n<p>Easy installation in the factory or on site. Holds water column up to 3 m (10&#8242;).<\/p>\n<h3><strong>Low pressure or improved retraction spring<br \/>\n<\/strong><\/h3>\n<p>Select the spring that best meets the requirements of the location. New to the series is the 570ZLP low-pressure sprayer, which enables rising and lowering at lower pressures.<\/p>\n<h3><strong>Ratchet climber<br \/>\n<\/strong><\/h3>\n<p>Easy and reliable adjustment of the sector on pop-up sprinklers.<\/p>\n<h3><strong>Small cap diameter (50 mm\/2&#8243;)<\/strong><\/h3>\n<p>Unobtrusive, prevents damage due to exposure or vandalism.<\/p>\n<h3><strong>No flushing during ascent<br \/>\n<\/strong><\/h3>\n<p>With a pressure-activated contact seal that is only flushed during immersion, leakage during ascent is avoided; this reduces water consumption and allows more heads per valve. This no-flush seal makes the 570Z series spray head interesting for anyone who takes effective water management seriously.<\/p>\n<h2>Technical data<\/h2>\n<h3><strong>Dimensions<\/strong><\/h3>\n<ul>\n<li>Housing diameter: 35 mm (13\u20448&#8243;) on models 2P, 3P, 4P, 6P and 6P SI, 40 mm (15\u20448&#8243;) on 12P, 45 mm (1\u00be&#8221;) on 12P SI<\/li>\n<li>Cap diameter: 50 mm (2&#8243;)<\/li>\n<li>Inlet: Female thread (13 mm, 1\u20442&#8243;)<\/li>\n<li>Side inlet: 120 mm (4\u00be&#8221;) from the top of the sprinkler to the center of the side inlet<\/li>\n<\/ul>\n<h3>Technical specifications<\/h3>\n<ul>\n<li>Throw range: 0.6 to 5.5 m (2&#8242;-18&#8242;)<\/li>\n<li>Working pressure range (570Z): 1.4 to 5.2 bar (20 to 75 psi)<\/li>\n<li>Working pressure range (570ZLP): 1.0 to 5.2 bar (15 to 75 psi)<\/li>\n<li>Recommended pressure for spray nozzles: 2.1 bar (30 psi)<\/li>\n<li>Recommended pressure for rotary nozzles: 2.8 to 3.5 bar (40 to 50 psi)<\/li>\n<li>Flow rate: 0.2 to 17.0 l\/min (0.05 to 4.5 GPM)<\/li>\n<\/ul>\n<h3><strong>Additional functions<\/strong><\/h3>\n<ul>\n<li>Sturdy stainless steel return spring<\/li>\n<li>Low-pressure seal on LP models at 1.0 bar (15 psi) for low-pressure pumps and well systems<\/li>\n<li>All housings are supplied with a flush cap<\/li>\n<\/ul>\n<h3><strong>Available options<\/strong><\/h3>\n<ul>\n<li>Check valve (570CV): Holds water column up to 3 m (10&#8242;) (does not apply to side inlet models)<\/li>\n<li>570SEAL: Serviceable seal for all 570Z models<\/li>\n<li>Service water indicators: Service water hose adapter (102-0563), service water push-on cap (89-9752), service water molded cap with seal (102-1211)<\/li>\n<li>570-6X: Extension of 150 mm (6&#8243;)<\/li>\n<li>570-SR-6: Stationary riser 150 mm (6&#8243;), external thread inlet 13 mm (0.5&#8243;)<\/li>\n<li>570-SR-18: Stationary riser 450 mm (18&#8243;), external thread inlet 13 mm (0.5&#8243;)<\/li>\n<li>Step-up pull-up tool (89-6395)<\/li>\n<li>Adjustment wrench (89-7350)<\/li>\n<\/ul>\n<h2><strong>Model list  <\/strong><\/h2>\n<p>570Z-2P: Sprinkler 50 mm (= riser height or non-sprinkler housing height)<\/p>\n<p>570Z-3P: Sprinkler 75 mm (= riser height or non-sprinkler housing height)<\/p>\n<p>570Z-4P: Sprinkler 100 mm (= riser height or non-sprinkler housing height)<\/p>\n<p>570Z-6P: Sprinkler 150 mm (= riser height or non-sprinkler housing height)<\/p>\n<p>570Z-6PSI: Sprinkler 150 mm (= riser height or non-sprinkler housing height), housing with side inlet<\/p>\n<p>570Z-12P: Sprinkler 300 mm (= riser height or non-sprinkler housing height)<\/p>\n<p>570Z-12PSI: Sprinkler 300 mm (= riser height or non-sprinkler housing height), housing with side inlet<\/p>\n<p>570S: Shrub adapter<\/p>\n","protected":false},"excerpt":{"rendered":"<p>Versatile. Flexible. Reliable. The Toro\u00ae 570Z sprinklers embody everything that makes private customers and irrigation professionals want to use only one series of sprinklers.<\/p>\n","protected":false},"featured_media":2482,"template":"","meta":[],"pwb-brand":[3072],"product_brand":[],"product_cat":[2482,2618],"product_tag":[],"class_list":{"0":"post-25732","1":"product","2":"type-product","3":"status-publish","4":"has-post-thumbnail","6":"pwb-brand-toro-en","7":"product_cat-irrigation-en","8":"product_cat-spray-sprinkler","10":"first","11":"instock","12":"taxable","13":"shipping-taxable","14":"product-type-variable"},"yoast_head":"<!-- This site is optimized with the Yoast SEO plugin v27.4 - https:\/\/yoast.com\/product\/yoast-seo-wordpress\/ -->\n<title>TORO 570Z series sprinklers - Prochaska<\/title>\n<meta name=\"robots\" content=\"index, follow, max-snippet:-1, max-image-preview:large, max-video-preview:-1\" \/>\n<link rel=\"canonical\" href=\"https:\/\/prochaska.eu\/en\/produkt\/toro-570z-series-sprinklers\/\" \/>\n<meta property=\"og:locale\" content=\"en_US\" \/>\n<meta property=\"og:type\" content=\"article\" \/>\n<meta property=\"og:title\" content=\"TORO 570Z series sprinklers - Prochaska\" \/>\n<meta property=\"og:description\" content=\"Versatile. Flexible. Reliable. The Toro\u00ae 570Z sprinklers embody everything that makes private customers and irrigation professionals want to use only one series of sprinklers.\" \/>\n<meta property=\"og:url\" content=\"https:\/\/prochaska.eu\/en\/produkt\/toro-570z-series-sprinklers\/\" \/>\n<meta property=\"og:site_name\" content=\"Prochaska\" \/>\n<meta property=\"article:publisher\" content=\"https:\/\/www.facebook.com\/prochaska.eu\/\" \/>\n<meta name=\"twitter:card\" content=\"summary_large_image\" \/>\n<meta name=\"twitter:label1\" content=\"Est. reading time\" \/>\n\t<meta name=\"twitter:data1\" content=\"2 minutes\" \/>\n<script type=\"application\/ld+json\" class=\"yoast-schema-graph\">{\"@context\":\"https:\\\/\\\/schema.org\",\"@graph\":[{\"@type\":\"WebPage\",\"@id\":\"https:\\\/\\\/prochaska.eu\\\/en\\\/produkt\\\/toro-570z-series-sprinklers\\\/\",\"url\":\"https:\\\/\\\/prochaska.eu\\\/en\\\/produkt\\\/toro-570z-series-sprinklers\\\/\",\"name\":\"TORO 570Z series sprinklers - Prochaska\",\"isPartOf\":{\"@id\":\"https:\\\/\\\/prochaska.eu\\\/en\\\/#website\"},\"primaryImageOfPage\":{\"@id\":\"https:\\\/\\\/prochaska.eu\\\/en\\\/produkt\\\/toro-570z-series-sprinklers\\\/#primaryimage\"},\"image\":{\"@id\":\"https:\\\/\\\/prochaska.eu\\\/en\\\/produkt\\\/toro-570z-series-sprinklers\\\/#primaryimage\"},\"thumbnailUrl\":\"\",\"datePublished\":\"2017-08-04T14:42:40+00:00\",\"breadcrumb\":{\"@id\":\"https:\\\/\\\/prochaska.eu\\\/en\\\/produkt\\\/toro-570z-series-sprinklers\\\/#breadcrumb\"},\"inLanguage\":\"en-US\",\"potentialAction\":[{\"@type\":\"ReadAction\",\"target\":[\"https:\\\/\\\/prochaska.eu\\\/en\\\/produkt\\\/toro-570z-series-sprinklers\\\/\"]}]},{\"@type\":\"ImageObject\",\"inLanguage\":\"en-US\",\"@id\":\"https:\\\/\\\/prochaska.eu\\\/en\\\/produkt\\\/toro-570z-series-sprinklers\\\/#primaryimage\",\"url\":\"\",\"contentUrl\":\"\"},{\"@type\":\"BreadcrumbList\",\"@id\":\"https:\\\/\\\/prochaska.eu\\\/en\\\/produkt\\\/toro-570z-series-sprinklers\\\/#breadcrumb\",\"itemListElement\":[{\"@type\":\"ListItem\",\"position\":1,\"name\":\"Home\",\"item\":\"https:\\\/\\\/prochaska.eu\\\/en\\\/\"},{\"@type\":\"ListItem\",\"position\":2,\"name\":\"Shop\",\"item\":\"https:\\\/\\\/prochaska.eu\\\/shop\\\/\"},{\"@type\":\"ListItem\",\"position\":3,\"name\":\"TORO 570Z series sprinklers\"}]},{\"@type\":\"WebSite\",\"@id\":\"https:\\\/\\\/prochaska.eu\\\/en\\\/#website\",\"url\":\"https:\\\/\\\/prochaska.eu\\\/en\\\/\",\"name\":\"Prochaska\",\"description\":\"Spezialist f\u00fcr Pflege von Gr\u00fcnfl\u00e4chen\",\"publisher\":{\"@id\":\"https:\\\/\\\/prochaska.eu\\\/en\\\/#organization\"},\"potentialAction\":[{\"@type\":\"SearchAction\",\"target\":{\"@type\":\"EntryPoint\",\"urlTemplate\":\"https:\\\/\\\/prochaska.eu\\\/en\\\/?s={search_term_string}\"},\"query-input\":{\"@type\":\"PropertyValueSpecification\",\"valueRequired\":true,\"valueName\":\"search_term_string\"}}],\"inLanguage\":\"en-US\"},{\"@type\":\"Organization\",\"@id\":\"https:\\\/\\\/prochaska.eu\\\/en\\\/#organization\",\"name\":\"Prochaska\",\"url\":\"https:\\\/\\\/prochaska.eu\\\/en\\\/\",\"logo\":{\"@type\":\"ImageObject\",\"inLanguage\":\"en-US\",\"@id\":\"https:\\\/\\\/prochaska.eu\\\/en\\\/#\\\/schema\\\/logo\\\/image\\\/\",\"url\":\"https:\\\/\\\/prochaska.eu\\\/wp-content\\\/uploads\\\/2024\\\/04\\\/Prochaska_Logo_Black-1.png\",\"contentUrl\":\"https:\\\/\\\/prochaska.eu\\\/wp-content\\\/uploads\\\/2024\\\/04\\\/Prochaska_Logo_Black-1.png\",\"width\":796,\"height\":236,\"caption\":\"Prochaska\"},\"image\":{\"@id\":\"https:\\\/\\\/prochaska.eu\\\/en\\\/#\\\/schema\\\/logo\\\/image\\\/\"},\"sameAs\":[\"https:\\\/\\\/www.facebook.com\\\/prochaska.eu\\\/\",\"https:\\\/\\\/www.instagram.com\\\/prochaska.eu\\\/\",\"https:\\\/\\\/www.linkedin.com\\\/company\\\/prochaska-handels-gmbh\"]}]}<\/script>\n<!-- \/ Yoast SEO plugin. -->","yoast_head_json":{"title":"TORO 570Z series sprinklers - Prochaska","robots":{"index":"index","follow":"follow","max-snippet":"max-snippet:-1","max-image-preview":"max-image-preview:large","max-video-preview":"max-video-preview:-1"},"canonical":"https:\/\/prochaska.eu\/en\/produkt\/toro-570z-series-sprinklers\/","og_locale":"en_US","og_type":"article","og_title":"TORO 570Z series sprinklers - Prochaska","og_description":"Versatile. Flexible. Reliable. The Toro\u00ae 570Z sprinklers embody everything that makes private customers and irrigation professionals want to use only one series of sprinklers.","og_url":"https:\/\/prochaska.eu\/en\/produkt\/toro-570z-series-sprinklers\/","og_site_name":"Prochaska","article_publisher":"https:\/\/www.facebook.com\/prochaska.eu\/","twitter_card":"summary_large_image","twitter_misc":{"Est. reading time":"2 minutes"},"schema":{"@context":"https:\/\/schema.org","@graph":[{"@type":"WebPage","@id":"https:\/\/prochaska.eu\/en\/produkt\/toro-570z-series-sprinklers\/","url":"https:\/\/prochaska.eu\/en\/produkt\/toro-570z-series-sprinklers\/","name":"TORO 570Z series sprinklers - Prochaska","isPartOf":{"@id":"https:\/\/prochaska.eu\/en\/#website"},"primaryImageOfPage":{"@id":"https:\/\/prochaska.eu\/en\/produkt\/toro-570z-series-sprinklers\/#primaryimage"},"image":{"@id":"https:\/\/prochaska.eu\/en\/produkt\/toro-570z-series-sprinklers\/#primaryimage"},"thumbnailUrl":"","datePublished":"2017-08-04T14:42:40+00:00","breadcrumb":{"@id":"https:\/\/prochaska.eu\/en\/produkt\/toro-570z-series-sprinklers\/#breadcrumb"},"inLanguage":"en-US","potentialAction":[{"@type":"ReadAction","target":["https:\/\/prochaska.eu\/en\/produkt\/toro-570z-series-sprinklers\/"]}]},{"@type":"ImageObject","inLanguage":"en-US","@id":"https:\/\/prochaska.eu\/en\/produkt\/toro-570z-series-sprinklers\/#primaryimage","url":"","contentUrl":""},{"@type":"BreadcrumbList","@id":"https:\/\/prochaska.eu\/en\/produkt\/toro-570z-series-sprinklers\/#breadcrumb","itemListElement":[{"@type":"ListItem","position":1,"name":"Home","item":"https:\/\/prochaska.eu\/en\/"},{"@type":"ListItem","position":2,"name":"Shop","item":"https:\/\/prochaska.eu\/shop\/"},{"@type":"ListItem","position":3,"name":"TORO 570Z series sprinklers"}]},{"@type":"WebSite","@id":"https:\/\/prochaska.eu\/en\/#website","url":"https:\/\/prochaska.eu\/en\/","name":"Prochaska","description":"Spezialist f\u00fcr Pflege von Gr\u00fcnfl\u00e4chen","publisher":{"@id":"https:\/\/prochaska.eu\/en\/#organization"},"potentialAction":[{"@type":"SearchAction","target":{"@type":"EntryPoint","urlTemplate":"https:\/\/prochaska.eu\/en\/?s={search_term_string}"},"query-input":{"@type":"PropertyValueSpecification","valueRequired":true,"valueName":"search_term_string"}}],"inLanguage":"en-US"},{"@type":"Organization","@id":"https:\/\/prochaska.eu\/en\/#organization","name":"Prochaska","url":"https:\/\/prochaska.eu\/en\/","logo":{"@type":"ImageObject","inLanguage":"en-US","@id":"https:\/\/prochaska.eu\/en\/#\/schema\/logo\/image\/","url":"https:\/\/prochaska.eu\/wp-content\/uploads\/2024\/04\/Prochaska_Logo_Black-1.png","contentUrl":"https:\/\/prochaska.eu\/wp-content\/uploads\/2024\/04\/Prochaska_Logo_Black-1.png","width":796,"height":236,"caption":"Prochaska"},"image":{"@id":"https:\/\/prochaska.eu\/en\/#\/schema\/logo\/image\/"},"sameAs":["https:\/\/www.facebook.com\/prochaska.eu\/","https:\/\/www.instagram.com\/prochaska.eu\/","https:\/\/www.linkedin.com\/company\/prochaska-handels-gmbh"]}]}},"brands":[{"id":3072,"name":"Toro","slug":"toro-en"}],"_links":{"self":[{"href":"https:\/\/prochaska.eu\/en\/wp-json\/wp\/v2\/product\/25732","targetHints":{"allow":["GET"]}}],"collection":[{"href":"https:\/\/prochaska.eu\/en\/wp-json\/wp\/v2\/product"}],"about":[{"href":"https:\/\/prochaska.eu\/en\/wp-json\/wp\/v2\/types\/product"}],"version-history":[{"count":0,"href":"https:\/\/prochaska.eu\/en\/wp-json\/wp\/v2\/product\/25732\/revisions"}],"wp:featuredmedia":[{"embeddable":true,"href":"https:\/\/prochaska.eu\/en\/wp-json\/"}],"wp:attachment":[{"href":"https:\/\/prochaska.eu\/en\/wp-json\/wp\/v2\/media?parent=25732"}],"wp:term":[{"taxonomy":"pwb-brand","embeddable":true,"href":"https:\/\/prochaska.eu\/en\/wp-json\/wp\/v2\/pwb-brand?post=25732"},{"taxonomy":"product_brand","embeddable":true,"href":"https:\/\/prochaska.eu\/en\/wp-json\/wp\/v2\/product_brand?post=25732"},{"taxonomy":"product_cat","embeddable":true,"href":"https:\/\/prochaska.eu\/en\/wp-json\/wp\/v2\/product_cat?post=25732"},{"taxonomy":"product_tag","embeddable":true,"href":"https:\/\/prochaska.eu\/en\/wp-json\/wp\/v2\/product_tag?post=25732"}],"curies":[{"name":"wp","href":"https:\/\/api.w.org\/{rel}","templated":true}]}}