{"id":25874,"date":"2017-08-04T14:42:52","date_gmt":"2017-08-04T14:42:52","guid":{"rendered":"https:\/\/prochaska.eu\/product\/toro-siteworks-compact-utility-loader-dingo-tx525-22324\/"},"modified":"2017-08-04T14:42:52","modified_gmt":"2017-08-04T14:42:52","slug":"toro-siteworks-compact-utility-loader-dingo-tx525-22324","status":"publish","type":"product","link":"https:\/\/prochaska.eu\/en\/produkt\/toro-siteworks-compact-utility-loader-dingo-tx525-22324\/","title":{"rendered":"Toro &#8211; Siteworks &#8211; Compact utility loader &#8211; Dingo &#8211; TX525 &#8211; 22324"},"content":{"rendered":"<p>The TORO Dingo models in the TX series impress with additional power, longer engine life and a higher hydraulic flow. The TX 525 compact utility loader delivers 52 l\/min and pumps 24 hp to the attachment, but has a low ground pressure of just 0.36 bar. As the diesel engines are part of the range, they are compatible with all attachments for Toro utility loaders.<\/p>\n<ul>\n<li>18.6 kW Kubota\u00ae engine<\/li>\n<li>Wide track: 107 cm wide with shovel<\/li>\n<li>Turf-friendly with a weight of 2001 lbs.<\/li>\n<li>Patented, intuitive travel drive<\/li>\n<\/ul>\n<h2>Functions<\/h2>\n<h3>Hydraulic system with 4 pumps<\/h3>\n<p>With the 4-pump hydraulic system, you can use the loader, loading shovel, drive and auxiliary drives all at once. The system directs the hydraulic force precisely to the desired location.<\/p>\n<h3>Available in different formats depending on requirements<\/h3>\n<p>The Dingo is available in different widths depending on requirements. The device also has a zero turning circle for unsurpassed maneuverability.<\/p>\n<h3>Exclusive TX caterpillar drive<\/h3>\n<p>The low center of gravity increases stability on slopes and allows you to work without tire grooves.<\/p>\n<h3>Hydraulic drive<\/h3>\n<p>The hydraulic system with 40.9 liters and 207 bar makes it possible to dig holes up to 76 cm wide or trenches up to 91 cm deep.<\/p>\n<h3>Water-cooled diesel engine<\/h3>\n<p>The torque curve of the 18.6 kW Kubota diesel engines provide the attachments with the power required for difficult tasks.<\/p>\n<h3>Simple operating elements<\/h3>\n<p>With three simple controls, you&#8217;ll be up and running in no time.<\/p>\n<ol>\n<li>With the joystick loader control, you can dig with the loader bucket, empty it or keep it suspended and raise or lower the loader arms at the same time &#8211; all with one hand.<\/li>\n<li>With the other hand, you can grip the one-handed drive from any angle for effortless control.<\/li>\n<li>The third control element, the auxiliary circuit control lever, drives the attachments.<\/li>\n<\/ol>\n<h2>Technical data<\/h2>\n<ul>\n<li>Engine: 18.6 kW Kubota\u00ae engine<\/li>\n<li>Driving speed: 0 to 6.4 km\/h forwards, 0 to 3.2 km\/h backwards<\/li>\n<li>Fuel: Diesel<\/li>\n<li>Operating capacity: 250 kg<\/li>\n<\/ul>\n<h2><strong>For rent!<\/strong><\/h2>\n<p>Hire the TORO Dingo TX 525 narrow track compact utility loader! (87.6 cm wide with shovel) incl. Attachments from our partner BVB Baumaschinen GmbH:<\/p>\n<p><a href=\"http:\/\/bvb.co.at\/maschine\/toro-dingo-tx-525-2\/\">http:\/\/bvb.co.at\/maschine\/toro-dingo-tx-525-2\/<\/a><\/p>\n<p>&nbsp;<\/p>\n","protected":false},"excerpt":{"rendered":"<p>The models in the Dingo TX series impress with additional power, longer engine life and a higher hydraulic flow.<\/p>\n","protected":false},"featured_media":21152,"template":"","meta":[],"pwb-brand":[3072],"product_brand":[],"product_cat":[1506,2682],"product_tag":[],"class_list":{"0":"post-25874","1":"product","2":"type-product","3":"status-publish","4":"has-post-thumbnail","6":"pwb-brand-toro-en","7":"product_cat-municipal-sports-fields-agriculture","8":"product_cat-siteworks-en","10":"first","11":"instock","12":"taxable","13":"shipping-taxable","14":"product-type-simple"},"yoast_head":"<!-- This site is optimized with the Yoast SEO plugin v27.4 - https:\/\/yoast.com\/product\/yoast-seo-wordpress\/ -->\n<title>Toro - Siteworks - Compact utility loader - Dingo - TX525 - 22324 - Prochaska<\/title>\n<meta name=\"robots\" content=\"index, follow, max-snippet:-1, max-image-preview:large, max-video-preview:-1\" \/>\n<link rel=\"canonical\" href=\"https:\/\/prochaska.eu\/en\/produkt\/toro-siteworks-compact-utility-loader-dingo-tx525-22324\/\" \/>\n<meta property=\"og:locale\" content=\"en_US\" \/>\n<meta property=\"og:type\" content=\"article\" \/>\n<meta property=\"og:title\" content=\"Toro - Siteworks - Compact utility loader - Dingo - TX525 - 22324 - Prochaska\" \/>\n<meta property=\"og:description\" content=\"The models in the Dingo TX series impress with additional power, longer engine life and a higher hydraulic flow.\" \/>\n<meta property=\"og:url\" content=\"https:\/\/prochaska.eu\/en\/produkt\/toro-siteworks-compact-utility-loader-dingo-tx525-22324\/\" \/>\n<meta property=\"og:site_name\" content=\"Prochaska\" \/>\n<meta property=\"article:publisher\" content=\"https:\/\/www.facebook.com\/prochaska.eu\/\" \/>\n<meta property=\"og:image\" content=\"https:\/\/prochaska.eu\/wp-content\/uploads\/2024\/06\/22323_1-e1588926119699.jpg\" \/>\n\t<meta property=\"og:image:width\" content=\"694\" \/>\n\t<meta property=\"og:image:height\" content=\"694\" \/>\n\t<meta property=\"og:image:type\" content=\"image\/jpeg\" \/>\n<meta name=\"twitter:card\" content=\"summary_large_image\" \/>\n<meta name=\"twitter:label1\" content=\"Est. reading time\" \/>\n\t<meta name=\"twitter:data1\" content=\"2 minutes\" \/>\n<script type=\"application\/ld+json\" class=\"yoast-schema-graph\">{\"@context\":\"https:\\\/\\\/schema.org\",\"@graph\":[{\"@type\":\"WebPage\",\"@id\":\"https:\\\/\\\/prochaska.eu\\\/en\\\/produkt\\\/toro-siteworks-compact-utility-loader-dingo-tx525-22324\\\/\",\"url\":\"https:\\\/\\\/prochaska.eu\\\/en\\\/produkt\\\/toro-siteworks-compact-utility-loader-dingo-tx525-22324\\\/\",\"name\":\"Toro - Siteworks - Compact utility loader - Dingo - TX525 - 22324 - Prochaska\",\"isPartOf\":{\"@id\":\"https:\\\/\\\/prochaska.eu\\\/en\\\/#website\"},\"primaryImageOfPage\":{\"@id\":\"https:\\\/\\\/prochaska.eu\\\/en\\\/produkt\\\/toro-siteworks-compact-utility-loader-dingo-tx525-22324\\\/#primaryimage\"},\"image\":{\"@id\":\"https:\\\/\\\/prochaska.eu\\\/en\\\/produkt\\\/toro-siteworks-compact-utility-loader-dingo-tx525-22324\\\/#primaryimage\"},\"thumbnailUrl\":\"https:\\\/\\\/prochaska.eu\\\/wp-content\\\/uploads\\\/2024\\\/06\\\/22323_1-e1588926119699.jpg\",\"datePublished\":\"2017-08-04T14:42:52+00:00\",\"breadcrumb\":{\"@id\":\"https:\\\/\\\/prochaska.eu\\\/en\\\/produkt\\\/toro-siteworks-compact-utility-loader-dingo-tx525-22324\\\/#breadcrumb\"},\"inLanguage\":\"en-US\",\"potentialAction\":[{\"@type\":\"ReadAction\",\"target\":[\"https:\\\/\\\/prochaska.eu\\\/en\\\/produkt\\\/toro-siteworks-compact-utility-loader-dingo-tx525-22324\\\/\"]}]},{\"@type\":\"ImageObject\",\"inLanguage\":\"en-US\",\"@id\":\"https:\\\/\\\/prochaska.eu\\\/en\\\/produkt\\\/toro-siteworks-compact-utility-loader-dingo-tx525-22324\\\/#primaryimage\",\"url\":\"https:\\\/\\\/prochaska.eu\\\/wp-content\\\/uploads\\\/2024\\\/06\\\/22323_1-e1588926119699.jpg\",\"contentUrl\":\"https:\\\/\\\/prochaska.eu\\\/wp-content\\\/uploads\\\/2024\\\/06\\\/22323_1-e1588926119699.jpg\",\"width\":694,\"height\":694,\"caption\":\"Toro Dingo TX 525 Narrow Track\"},{\"@type\":\"BreadcrumbList\",\"@id\":\"https:\\\/\\\/prochaska.eu\\\/en\\\/produkt\\\/toro-siteworks-compact-utility-loader-dingo-tx525-22324\\\/#breadcrumb\",\"itemListElement\":[{\"@type\":\"ListItem\",\"position\":1,\"name\":\"Home\",\"item\":\"https:\\\/\\\/prochaska.eu\\\/en\\\/\"},{\"@type\":\"ListItem\",\"position\":2,\"name\":\"Shop\",\"item\":\"https:\\\/\\\/prochaska.eu\\\/shop\\\/\"},{\"@type\":\"ListItem\",\"position\":3,\"name\":\"Toro &#8211; Siteworks &#8211; Compact utility loader &#8211; Dingo &#8211; TX525 &#8211; 22324\"}]},{\"@type\":\"WebSite\",\"@id\":\"https:\\\/\\\/prochaska.eu\\\/en\\\/#website\",\"url\":\"https:\\\/\\\/prochaska.eu\\\/en\\\/\",\"name\":\"Prochaska\",\"description\":\"Spezialist f\u00fcr Pflege von Gr\u00fcnfl\u00e4chen\",\"publisher\":{\"@id\":\"https:\\\/\\\/prochaska.eu\\\/en\\\/#organization\"},\"potentialAction\":[{\"@type\":\"SearchAction\",\"target\":{\"@type\":\"EntryPoint\",\"urlTemplate\":\"https:\\\/\\\/prochaska.eu\\\/en\\\/?s={search_term_string}\"},\"query-input\":{\"@type\":\"PropertyValueSpecification\",\"valueRequired\":true,\"valueName\":\"search_term_string\"}}],\"inLanguage\":\"en-US\"},{\"@type\":\"Organization\",\"@id\":\"https:\\\/\\\/prochaska.eu\\\/en\\\/#organization\",\"name\":\"Prochaska\",\"url\":\"https:\\\/\\\/prochaska.eu\\\/en\\\/\",\"logo\":{\"@type\":\"ImageObject\",\"inLanguage\":\"en-US\",\"@id\":\"https:\\\/\\\/prochaska.eu\\\/en\\\/#\\\/schema\\\/logo\\\/image\\\/\",\"url\":\"https:\\\/\\\/prochaska.eu\\\/wp-content\\\/uploads\\\/2024\\\/04\\\/Prochaska_Logo_Black-1.png\",\"contentUrl\":\"https:\\\/\\\/prochaska.eu\\\/wp-content\\\/uploads\\\/2024\\\/04\\\/Prochaska_Logo_Black-1.png\",\"width\":796,\"height\":236,\"caption\":\"Prochaska\"},\"image\":{\"@id\":\"https:\\\/\\\/prochaska.eu\\\/en\\\/#\\\/schema\\\/logo\\\/image\\\/\"},\"sameAs\":[\"https:\\\/\\\/www.facebook.com\\\/prochaska.eu\\\/\",\"https:\\\/\\\/www.instagram.com\\\/prochaska.eu\\\/\",\"https:\\\/\\\/www.linkedin.com\\\/company\\\/prochaska-handels-gmbh\"]}]}<\/script>\n<!-- \/ Yoast SEO plugin. -->","yoast_head_json":{"title":"Toro - Siteworks - Compact utility loader - Dingo - TX525 - 22324 - Prochaska","robots":{"index":"index","follow":"follow","max-snippet":"max-snippet:-1","max-image-preview":"max-image-preview:large","max-video-preview":"max-video-preview:-1"},"canonical":"https:\/\/prochaska.eu\/en\/produkt\/toro-siteworks-compact-utility-loader-dingo-tx525-22324\/","og_locale":"en_US","og_type":"article","og_title":"Toro - Siteworks - Compact utility loader - Dingo - TX525 - 22324 - Prochaska","og_description":"The models in the Dingo TX series impress with additional power, longer engine life and a higher hydraulic flow.","og_url":"https:\/\/prochaska.eu\/en\/produkt\/toro-siteworks-compact-utility-loader-dingo-tx525-22324\/","og_site_name":"Prochaska","article_publisher":"https:\/\/www.facebook.com\/prochaska.eu\/","og_image":[{"width":694,"height":694,"url":"https:\/\/prochaska.eu\/wp-content\/uploads\/2024\/06\/22323_1-e1588926119699.jpg","type":"image\/jpeg"}],"twitter_card":"summary_large_image","twitter_misc":{"Est. reading time":"2 minutes"},"schema":{"@context":"https:\/\/schema.org","@graph":[{"@type":"WebPage","@id":"https:\/\/prochaska.eu\/en\/produkt\/toro-siteworks-compact-utility-loader-dingo-tx525-22324\/","url":"https:\/\/prochaska.eu\/en\/produkt\/toro-siteworks-compact-utility-loader-dingo-tx525-22324\/","name":"Toro - Siteworks - Compact utility loader - Dingo - TX525 - 22324 - Prochaska","isPartOf":{"@id":"https:\/\/prochaska.eu\/en\/#website"},"primaryImageOfPage":{"@id":"https:\/\/prochaska.eu\/en\/produkt\/toro-siteworks-compact-utility-loader-dingo-tx525-22324\/#primaryimage"},"image":{"@id":"https:\/\/prochaska.eu\/en\/produkt\/toro-siteworks-compact-utility-loader-dingo-tx525-22324\/#primaryimage"},"thumbnailUrl":"https:\/\/prochaska.eu\/wp-content\/uploads\/2024\/06\/22323_1-e1588926119699.jpg","datePublished":"2017-08-04T14:42:52+00:00","breadcrumb":{"@id":"https:\/\/prochaska.eu\/en\/produkt\/toro-siteworks-compact-utility-loader-dingo-tx525-22324\/#breadcrumb"},"inLanguage":"en-US","potentialAction":[{"@type":"ReadAction","target":["https:\/\/prochaska.eu\/en\/produkt\/toro-siteworks-compact-utility-loader-dingo-tx525-22324\/"]}]},{"@type":"ImageObject","inLanguage":"en-US","@id":"https:\/\/prochaska.eu\/en\/produkt\/toro-siteworks-compact-utility-loader-dingo-tx525-22324\/#primaryimage","url":"https:\/\/prochaska.eu\/wp-content\/uploads\/2024\/06\/22323_1-e1588926119699.jpg","contentUrl":"https:\/\/prochaska.eu\/wp-content\/uploads\/2024\/06\/22323_1-e1588926119699.jpg","width":694,"height":694,"caption":"Toro Dingo TX 525 Narrow Track"},{"@type":"BreadcrumbList","@id":"https:\/\/prochaska.eu\/en\/produkt\/toro-siteworks-compact-utility-loader-dingo-tx525-22324\/#breadcrumb","itemListElement":[{"@type":"ListItem","position":1,"name":"Home","item":"https:\/\/prochaska.eu\/en\/"},{"@type":"ListItem","position":2,"name":"Shop","item":"https:\/\/prochaska.eu\/shop\/"},{"@type":"ListItem","position":3,"name":"Toro &#8211; Siteworks &#8211; Compact utility loader &#8211; Dingo &#8211; TX525 &#8211; 22324"}]},{"@type":"WebSite","@id":"https:\/\/prochaska.eu\/en\/#website","url":"https:\/\/prochaska.eu\/en\/","name":"Prochaska","description":"Spezialist f\u00fcr Pflege von Gr\u00fcnfl\u00e4chen","publisher":{"@id":"https:\/\/prochaska.eu\/en\/#organization"},"potentialAction":[{"@type":"SearchAction","target":{"@type":"EntryPoint","urlTemplate":"https:\/\/prochaska.eu\/en\/?s={search_term_string}"},"query-input":{"@type":"PropertyValueSpecification","valueRequired":true,"valueName":"search_term_string"}}],"inLanguage":"en-US"},{"@type":"Organization","@id":"https:\/\/prochaska.eu\/en\/#organization","name":"Prochaska","url":"https:\/\/prochaska.eu\/en\/","logo":{"@type":"ImageObject","inLanguage":"en-US","@id":"https:\/\/prochaska.eu\/en\/#\/schema\/logo\/image\/","url":"https:\/\/prochaska.eu\/wp-content\/uploads\/2024\/04\/Prochaska_Logo_Black-1.png","contentUrl":"https:\/\/prochaska.eu\/wp-content\/uploads\/2024\/04\/Prochaska_Logo_Black-1.png","width":796,"height":236,"caption":"Prochaska"},"image":{"@id":"https:\/\/prochaska.eu\/en\/#\/schema\/logo\/image\/"},"sameAs":["https:\/\/www.facebook.com\/prochaska.eu\/","https:\/\/www.instagram.com\/prochaska.eu\/","https:\/\/www.linkedin.com\/company\/prochaska-handels-gmbh"]}]}},"brands":[{"id":3072,"name":"Toro","slug":"toro-en"}],"_links":{"self":[{"href":"https:\/\/prochaska.eu\/en\/wp-json\/wp\/v2\/product\/25874","targetHints":{"allow":["GET"]}}],"collection":[{"href":"https:\/\/prochaska.eu\/en\/wp-json\/wp\/v2\/product"}],"about":[{"href":"https:\/\/prochaska.eu\/en\/wp-json\/wp\/v2\/types\/product"}],"version-history":[{"count":0,"href":"https:\/\/prochaska.eu\/en\/wp-json\/wp\/v2\/product\/25874\/revisions"}],"wp:featuredmedia":[{"embeddable":true,"href":"https:\/\/prochaska.eu\/en\/wp-json\/wp\/v2\/media\/21152"}],"wp:attachment":[{"href":"https:\/\/prochaska.eu\/en\/wp-json\/wp\/v2\/media?parent=25874"}],"wp:term":[{"taxonomy":"pwb-brand","embeddable":true,"href":"https:\/\/prochaska.eu\/en\/wp-json\/wp\/v2\/pwb-brand?post=25874"},{"taxonomy":"product_brand","embeddable":true,"href":"https:\/\/prochaska.eu\/en\/wp-json\/wp\/v2\/product_brand?post=25874"},{"taxonomy":"product_cat","embeddable":true,"href":"https:\/\/prochaska.eu\/en\/wp-json\/wp\/v2\/product_cat?post=25874"},{"taxonomy":"product_tag","embeddable":true,"href":"https:\/\/prochaska.eu\/en\/wp-json\/wp\/v2\/product_tag?post=25874"}],"curies":[{"name":"wp","href":"https:\/\/api.w.org\/{rel}","templated":true}]}}