{"id":25884,"date":"2017-08-04T14:42:55","date_gmt":"2017-08-04T14:42:55","guid":{"rendered":"https:\/\/prochaska.eu\/product\/toro-sand-pro-5040-08705-soil-conditioner-and-leaf-remover\/"},"modified":"2017-08-04T14:42:55","modified_gmt":"2017-08-04T14:42:55","slug":"toro-sand-pro-5040-08705-soil-conditioner-and-leaf-remover","status":"publish","type":"product","link":"https:\/\/prochaska.eu\/en\/produkt\/toro-sand-pro-5040-08705-soil-conditioner-and-leaf-remover\/","title":{"rendered":"TORO Sand Pro 5040 (08705) soil conditioner and leaf remover"},"content":{"rendered":"<p>The powerful Toro Sand Pro 5040 with its 18 hp motor is the ideal soil preparation machine for golf courses. The intelligent <sup>Series\/ParallelTM <\/sup>three-wheel drive system ensures that the wheels never spin.<\/p>\n<h2>Functions<\/h2>\n<h3><strong>Quick coupling triangle (QAS)<\/strong><\/h3>\n<p>With the quick coupling triangle, you can easily change attachments without tools in less than a minute. A rear QAS is part of the standard equipment of the Sand Pro 5040; a font QAS is also available as an option.<\/p>\n<h3><strong>Three-wheel drive, <sup>Series\/ParallelTM<\/sup><\/strong><\/h3>\n<p>The Toro Series\/Parallel three-wheel drive improves drive in wet or heavy working conditions. On devices with a traditional three-wheel drive, the drive is lost if one wheel slips. However, the series\/parallel three-wheel drive ensures that drive is guaranteed on at least one wheel. This means that the machine does not get stuck even in difficult conditions.<\/p>\n<h2><strong>Optional accessories<\/strong><\/h2>\n<p>Flexible front blade, Synthetic turf maintenance device, Spring rake, Rotary lip broom, Coconut drag mat, Finish grader, Bunker pump, Fan, Leveling blade with solid tines scarifying teeth, Nail rake, Tooth rake, Leaf blower, Manual dozer blade, Steel drag mat, Segmented grooming broom, Spring tines teeth, Flexible tooth rake<\/p>\n<h2>Technical data<\/h2>\n<ul>\n<li>Drive: three-wheel drive, series\/parallel<\/li>\n<li>Engine power: 13.4 kW (18 hp)<\/li>\n<li>Fuel: Gasoline<\/li>\n<li>Driving speed: 0 to 16 km\/h<\/li>\n<li>Wheelbase: 108 cm<\/li>\n<li>Weight: 422 kg<\/li>\n<\/ul>\n","protected":false},"excerpt":{"rendered":"<p>With the Toro Sand Pro soil conditioner, you can prepare your golf course faster and more effectively than ever before.<\/p>\n","protected":false},"featured_media":21197,"template":"","meta":[],"pwb-brand":[3072],"product_brand":[],"product_cat":[1360,1506,1540,1537],"product_tag":[],"class_list":{"0":"post-25884","1":"product","2":"type-product","3":"status-publish","4":"has-post-thumbnail","6":"pwb-brand-toro-en","7":"product_cat-golf-machines-en","8":"product_cat-municipal-sports-fields-agriculture","9":"product_cat-soil-preparation-en","10":"product_cat-soil-preparation","12":"first","13":"instock","14":"taxable","15":"shipping-taxable","16":"product-type-simple"},"yoast_head":"<!-- This site is optimized with the Yoast SEO plugin v27.4 - https:\/\/yoast.com\/product\/yoast-seo-wordpress\/ -->\n<title>TORO Sand Pro 5040 (08705) soil conditioner and leaf remover - Prochaska<\/title>\n<meta name=\"robots\" content=\"index, follow, max-snippet:-1, max-image-preview:large, max-video-preview:-1\" \/>\n<link rel=\"canonical\" href=\"https:\/\/prochaska.eu\/en\/produkt\/toro-sand-pro-5040-08705-soil-conditioner-and-leaf-remover\/\" \/>\n<meta property=\"og:locale\" content=\"en_US\" \/>\n<meta property=\"og:type\" content=\"article\" \/>\n<meta property=\"og:title\" content=\"TORO Sand Pro 5040 (08705) soil conditioner and leaf remover - Prochaska\" \/>\n<meta property=\"og:description\" content=\"With the Toro Sand Pro soil conditioner, you can prepare your golf course faster and more effectively than ever before.\" \/>\n<meta property=\"og:url\" content=\"https:\/\/prochaska.eu\/en\/produkt\/toro-sand-pro-5040-08705-soil-conditioner-and-leaf-remover\/\" \/>\n<meta property=\"og:site_name\" content=\"Prochaska\" \/>\n<meta property=\"article:publisher\" content=\"https:\/\/www.facebook.com\/prochaska.eu\/\" \/>\n<meta property=\"og:image\" content=\"https:\/\/prochaska.eu\/wp-content\/uploads\/2024\/06\/Sand-Pro-5040_1-e1586511590848.jpg\" \/>\n\t<meta property=\"og:image:width\" content=\"1440\" \/>\n\t<meta property=\"og:image:height\" content=\"1440\" \/>\n\t<meta property=\"og:image:type\" content=\"image\/jpeg\" \/>\n<meta name=\"twitter:card\" content=\"summary_large_image\" \/>\n<meta name=\"twitter:label1\" content=\"Est. reading time\" \/>\n\t<meta name=\"twitter:data1\" content=\"1 minute\" \/>\n<script type=\"application\/ld+json\" class=\"yoast-schema-graph\">{\"@context\":\"https:\\\/\\\/schema.org\",\"@graph\":[{\"@type\":\"WebPage\",\"@id\":\"https:\\\/\\\/prochaska.eu\\\/en\\\/produkt\\\/toro-sand-pro-5040-08705-soil-conditioner-and-leaf-remover\\\/\",\"url\":\"https:\\\/\\\/prochaska.eu\\\/en\\\/produkt\\\/toro-sand-pro-5040-08705-soil-conditioner-and-leaf-remover\\\/\",\"name\":\"TORO Sand Pro 5040 (08705) soil conditioner and leaf remover - Prochaska\",\"isPartOf\":{\"@id\":\"https:\\\/\\\/prochaska.eu\\\/en\\\/#website\"},\"primaryImageOfPage\":{\"@id\":\"https:\\\/\\\/prochaska.eu\\\/en\\\/produkt\\\/toro-sand-pro-5040-08705-soil-conditioner-and-leaf-remover\\\/#primaryimage\"},\"image\":{\"@id\":\"https:\\\/\\\/prochaska.eu\\\/en\\\/produkt\\\/toro-sand-pro-5040-08705-soil-conditioner-and-leaf-remover\\\/#primaryimage\"},\"thumbnailUrl\":\"https:\\\/\\\/prochaska.eu\\\/wp-content\\\/uploads\\\/2024\\\/06\\\/Sand-Pro-5040_1-e1586511590848.jpg\",\"datePublished\":\"2017-08-04T14:42:55+00:00\",\"breadcrumb\":{\"@id\":\"https:\\\/\\\/prochaska.eu\\\/en\\\/produkt\\\/toro-sand-pro-5040-08705-soil-conditioner-and-leaf-remover\\\/#breadcrumb\"},\"inLanguage\":\"en-US\",\"potentialAction\":[{\"@type\":\"ReadAction\",\"target\":[\"https:\\\/\\\/prochaska.eu\\\/en\\\/produkt\\\/toro-sand-pro-5040-08705-soil-conditioner-and-leaf-remover\\\/\"]}]},{\"@type\":\"ImageObject\",\"inLanguage\":\"en-US\",\"@id\":\"https:\\\/\\\/prochaska.eu\\\/en\\\/produkt\\\/toro-sand-pro-5040-08705-soil-conditioner-and-leaf-remover\\\/#primaryimage\",\"url\":\"https:\\\/\\\/prochaska.eu\\\/wp-content\\\/uploads\\\/2024\\\/06\\\/Sand-Pro-5040_1-e1586511590848.jpg\",\"contentUrl\":\"https:\\\/\\\/prochaska.eu\\\/wp-content\\\/uploads\\\/2024\\\/06\\\/Sand-Pro-5040_1-e1586511590848.jpg\",\"width\":1440,\"height\":1440,\"caption\":\"Toro Sand Pro 5040\"},{\"@type\":\"BreadcrumbList\",\"@id\":\"https:\\\/\\\/prochaska.eu\\\/en\\\/produkt\\\/toro-sand-pro-5040-08705-soil-conditioner-and-leaf-remover\\\/#breadcrumb\",\"itemListElement\":[{\"@type\":\"ListItem\",\"position\":1,\"name\":\"Home\",\"item\":\"https:\\\/\\\/prochaska.eu\\\/en\\\/\"},{\"@type\":\"ListItem\",\"position\":2,\"name\":\"Shop\",\"item\":\"https:\\\/\\\/prochaska.eu\\\/shop\\\/\"},{\"@type\":\"ListItem\",\"position\":3,\"name\":\"TORO Sand Pro 5040 (08705) soil conditioner and leaf remover\"}]},{\"@type\":\"WebSite\",\"@id\":\"https:\\\/\\\/prochaska.eu\\\/en\\\/#website\",\"url\":\"https:\\\/\\\/prochaska.eu\\\/en\\\/\",\"name\":\"Prochaska\",\"description\":\"Spezialist f\u00fcr Pflege von Gr\u00fcnfl\u00e4chen\",\"publisher\":{\"@id\":\"https:\\\/\\\/prochaska.eu\\\/en\\\/#organization\"},\"potentialAction\":[{\"@type\":\"SearchAction\",\"target\":{\"@type\":\"EntryPoint\",\"urlTemplate\":\"https:\\\/\\\/prochaska.eu\\\/en\\\/?s={search_term_string}\"},\"query-input\":{\"@type\":\"PropertyValueSpecification\",\"valueRequired\":true,\"valueName\":\"search_term_string\"}}],\"inLanguage\":\"en-US\"},{\"@type\":\"Organization\",\"@id\":\"https:\\\/\\\/prochaska.eu\\\/en\\\/#organization\",\"name\":\"Prochaska\",\"url\":\"https:\\\/\\\/prochaska.eu\\\/en\\\/\",\"logo\":{\"@type\":\"ImageObject\",\"inLanguage\":\"en-US\",\"@id\":\"https:\\\/\\\/prochaska.eu\\\/en\\\/#\\\/schema\\\/logo\\\/image\\\/\",\"url\":\"https:\\\/\\\/prochaska.eu\\\/wp-content\\\/uploads\\\/2024\\\/04\\\/Prochaska_Logo_Black-1.png\",\"contentUrl\":\"https:\\\/\\\/prochaska.eu\\\/wp-content\\\/uploads\\\/2024\\\/04\\\/Prochaska_Logo_Black-1.png\",\"width\":796,\"height\":236,\"caption\":\"Prochaska\"},\"image\":{\"@id\":\"https:\\\/\\\/prochaska.eu\\\/en\\\/#\\\/schema\\\/logo\\\/image\\\/\"},\"sameAs\":[\"https:\\\/\\\/www.facebook.com\\\/prochaska.eu\\\/\",\"https:\\\/\\\/www.instagram.com\\\/prochaska.eu\\\/\",\"https:\\\/\\\/www.linkedin.com\\\/company\\\/prochaska-handels-gmbh\"]}]}<\/script>\n<!-- \/ Yoast SEO plugin. -->","yoast_head_json":{"title":"TORO Sand Pro 5040 (08705) soil conditioner and leaf remover - Prochaska","robots":{"index":"index","follow":"follow","max-snippet":"max-snippet:-1","max-image-preview":"max-image-preview:large","max-video-preview":"max-video-preview:-1"},"canonical":"https:\/\/prochaska.eu\/en\/produkt\/toro-sand-pro-5040-08705-soil-conditioner-and-leaf-remover\/","og_locale":"en_US","og_type":"article","og_title":"TORO Sand Pro 5040 (08705) soil conditioner and leaf remover - Prochaska","og_description":"With the Toro Sand Pro soil conditioner, you can prepare your golf course faster and more effectively than ever before.","og_url":"https:\/\/prochaska.eu\/en\/produkt\/toro-sand-pro-5040-08705-soil-conditioner-and-leaf-remover\/","og_site_name":"Prochaska","article_publisher":"https:\/\/www.facebook.com\/prochaska.eu\/","og_image":[{"width":1440,"height":1440,"url":"https:\/\/prochaska.eu\/wp-content\/uploads\/2024\/06\/Sand-Pro-5040_1-e1586511590848.jpg","type":"image\/jpeg"}],"twitter_card":"summary_large_image","twitter_misc":{"Est. reading time":"1 minute"},"schema":{"@context":"https:\/\/schema.org","@graph":[{"@type":"WebPage","@id":"https:\/\/prochaska.eu\/en\/produkt\/toro-sand-pro-5040-08705-soil-conditioner-and-leaf-remover\/","url":"https:\/\/prochaska.eu\/en\/produkt\/toro-sand-pro-5040-08705-soil-conditioner-and-leaf-remover\/","name":"TORO Sand Pro 5040 (08705) soil conditioner and leaf remover - Prochaska","isPartOf":{"@id":"https:\/\/prochaska.eu\/en\/#website"},"primaryImageOfPage":{"@id":"https:\/\/prochaska.eu\/en\/produkt\/toro-sand-pro-5040-08705-soil-conditioner-and-leaf-remover\/#primaryimage"},"image":{"@id":"https:\/\/prochaska.eu\/en\/produkt\/toro-sand-pro-5040-08705-soil-conditioner-and-leaf-remover\/#primaryimage"},"thumbnailUrl":"https:\/\/prochaska.eu\/wp-content\/uploads\/2024\/06\/Sand-Pro-5040_1-e1586511590848.jpg","datePublished":"2017-08-04T14:42:55+00:00","breadcrumb":{"@id":"https:\/\/prochaska.eu\/en\/produkt\/toro-sand-pro-5040-08705-soil-conditioner-and-leaf-remover\/#breadcrumb"},"inLanguage":"en-US","potentialAction":[{"@type":"ReadAction","target":["https:\/\/prochaska.eu\/en\/produkt\/toro-sand-pro-5040-08705-soil-conditioner-and-leaf-remover\/"]}]},{"@type":"ImageObject","inLanguage":"en-US","@id":"https:\/\/prochaska.eu\/en\/produkt\/toro-sand-pro-5040-08705-soil-conditioner-and-leaf-remover\/#primaryimage","url":"https:\/\/prochaska.eu\/wp-content\/uploads\/2024\/06\/Sand-Pro-5040_1-e1586511590848.jpg","contentUrl":"https:\/\/prochaska.eu\/wp-content\/uploads\/2024\/06\/Sand-Pro-5040_1-e1586511590848.jpg","width":1440,"height":1440,"caption":"Toro Sand Pro 5040"},{"@type":"BreadcrumbList","@id":"https:\/\/prochaska.eu\/en\/produkt\/toro-sand-pro-5040-08705-soil-conditioner-and-leaf-remover\/#breadcrumb","itemListElement":[{"@type":"ListItem","position":1,"name":"Home","item":"https:\/\/prochaska.eu\/en\/"},{"@type":"ListItem","position":2,"name":"Shop","item":"https:\/\/prochaska.eu\/shop\/"},{"@type":"ListItem","position":3,"name":"TORO Sand Pro 5040 (08705) soil conditioner and leaf remover"}]},{"@type":"WebSite","@id":"https:\/\/prochaska.eu\/en\/#website","url":"https:\/\/prochaska.eu\/en\/","name":"Prochaska","description":"Spezialist f\u00fcr Pflege von Gr\u00fcnfl\u00e4chen","publisher":{"@id":"https:\/\/prochaska.eu\/en\/#organization"},"potentialAction":[{"@type":"SearchAction","target":{"@type":"EntryPoint","urlTemplate":"https:\/\/prochaska.eu\/en\/?s={search_term_string}"},"query-input":{"@type":"PropertyValueSpecification","valueRequired":true,"valueName":"search_term_string"}}],"inLanguage":"en-US"},{"@type":"Organization","@id":"https:\/\/prochaska.eu\/en\/#organization","name":"Prochaska","url":"https:\/\/prochaska.eu\/en\/","logo":{"@type":"ImageObject","inLanguage":"en-US","@id":"https:\/\/prochaska.eu\/en\/#\/schema\/logo\/image\/","url":"https:\/\/prochaska.eu\/wp-content\/uploads\/2024\/04\/Prochaska_Logo_Black-1.png","contentUrl":"https:\/\/prochaska.eu\/wp-content\/uploads\/2024\/04\/Prochaska_Logo_Black-1.png","width":796,"height":236,"caption":"Prochaska"},"image":{"@id":"https:\/\/prochaska.eu\/en\/#\/schema\/logo\/image\/"},"sameAs":["https:\/\/www.facebook.com\/prochaska.eu\/","https:\/\/www.instagram.com\/prochaska.eu\/","https:\/\/www.linkedin.com\/company\/prochaska-handels-gmbh"]}]}},"brands":[{"id":3072,"name":"Toro","slug":"toro-en"}],"_links":{"self":[{"href":"https:\/\/prochaska.eu\/en\/wp-json\/wp\/v2\/product\/25884","targetHints":{"allow":["GET"]}}],"collection":[{"href":"https:\/\/prochaska.eu\/en\/wp-json\/wp\/v2\/product"}],"about":[{"href":"https:\/\/prochaska.eu\/en\/wp-json\/wp\/v2\/types\/product"}],"version-history":[{"count":0,"href":"https:\/\/prochaska.eu\/en\/wp-json\/wp\/v2\/product\/25884\/revisions"}],"wp:featuredmedia":[{"embeddable":true,"href":"https:\/\/prochaska.eu\/en\/wp-json\/wp\/v2\/media\/21197"}],"wp:attachment":[{"href":"https:\/\/prochaska.eu\/en\/wp-json\/wp\/v2\/media?parent=25884"}],"wp:term":[{"taxonomy":"pwb-brand","embeddable":true,"href":"https:\/\/prochaska.eu\/en\/wp-json\/wp\/v2\/pwb-brand?post=25884"},{"taxonomy":"product_brand","embeddable":true,"href":"https:\/\/prochaska.eu\/en\/wp-json\/wp\/v2\/product_brand?post=25884"},{"taxonomy":"product_cat","embeddable":true,"href":"https:\/\/prochaska.eu\/en\/wp-json\/wp\/v2\/product_cat?post=25884"},{"taxonomy":"product_tag","embeddable":true,"href":"https:\/\/prochaska.eu\/en\/wp-json\/wp\/v2\/product_tag?post=25884"}],"curies":[{"name":"wp","href":"https:\/\/api.w.org\/{rel}","templated":true}]}}