{"id":25891,"date":"2017-08-04T14:42:52","date_gmt":"2017-08-04T14:42:52","guid":{"rendered":"https:\/\/prochaska.eu\/product\/toro-siteworks-stump-grinder-stx38-23214\/"},"modified":"2017-08-04T14:42:52","modified_gmt":"2017-08-04T14:42:52","slug":"toro-siteworks-stump-grinder-stx38-23214","status":"publish","type":"product","link":"https:\/\/prochaska.eu\/en\/produkt\/toro-siteworks-stump-grinder-stx38-23214\/","title":{"rendered":"Toro &#8211; Siteworks &#8211; Stump grinder &#8211; STX38 &#8211; 23214"},"content":{"rendered":"<p style=\"text-align: left;\">The STX stump grinders from <a href=\"https:\/\/www.prochaska.eu\/toro\/\">Toro<\/a> are reliable and uncomplicated to use compared to other stump grinders. The machines have two simple levers that are easy to learn and operate. The tracked tillers are also ideal for use in muddy terrain. Thanks to the Intello-Sweep function, optimum cutting performance and a transport speed of 6 km\/h are guaranteed. A perfect combination for maximum productivity. The STX 28 model has a Hi-Drive track system for outstanding climbing ability, maneuverability and greater stability on slopes. The electronic injector engine simplifies starting and requires less maintenance while delivering better performance. In addition, the hydraulic flow control valve simplifies lateral burr formation for better stump grinding.<\/p>\n<h2 style=\"text-align: left;\">The product benefits<\/h2>\n<ul>\n<li style=\"text-align: left;\">Intelli-Sweep\u2122 automatically adjusts the sweeping speed &#8211; so the motor can withstand even heavy cutting loads<\/li>\n<li style=\"text-align: left;\">The high drive chain system for better uphill driving, better maneuverability and greater stability<\/li>\n<li style=\"text-align: left;\">The electronic injector engine simplifies starting, requires less maintenance and offers better performance<\/li>\n<li style=\"text-align: left;\">The fully hydraulic sweep control valve simplifies lateral ridge formation for better stump grinding<\/li>\n<li style=\"text-align: left;\">The Toro\u00ae STX-38 stump grinder is suitable for extreme conditions<\/li>\n<li style=\"text-align: left;\">Fully hydraulic operation eliminates the risk of expensive belts breaking or slipping<\/li>\n<li style=\"text-align: left;\">The intuitive TX-style controls and chains for maneuverability and stability make the STX-38 particularly user-friendly<\/li>\n<\/ul>\n<p>&nbsp;<\/p>\n<p><iframe title=\"Toro\u00ae STX Stump Grinder Safety\/Operator Training Video - English\" width=\"800\" height=\"450\" src=\"https:\/\/www.youtube.com\/embed\/tqqkOwEwVVI?start=2&#038;feature=oembed\" frameborder=\"0\" allow=\"accelerometer; autoplay; clipboard-write; encrypted-media; gyroscope; picture-in-picture; web-share\" referrerpolicy=\"strict-origin-when-cross-origin\" allowfullscreen><\/iframe><\/p>\n","protected":false},"excerpt":{"rendered":"<p>The stump grinder from Toro, model STX38, is suitable for extreme conditions and can also be used on muddy surfaces.<\/p>\n","protected":false},"featured_media":21155,"template":"","meta":[],"pwb-brand":[3072],"product_brand":[],"product_cat":[1506,2682],"product_tag":[],"class_list":{"0":"post-25891","1":"product","2":"type-product","3":"status-publish","4":"has-post-thumbnail","6":"pwb-brand-toro-en","7":"product_cat-municipal-sports-fields-agriculture","8":"product_cat-siteworks-en","10":"first","11":"instock","12":"taxable","13":"shipping-taxable","14":"product-type-simple"},"yoast_head":"<!-- This site is optimized with the Yoast SEO plugin v27.4 - https:\/\/yoast.com\/product\/yoast-seo-wordpress\/ -->\n<title>Toro - Siteworks - Stump grinder - STX38 - 23214 - Prochaska<\/title>\n<meta name=\"robots\" content=\"index, follow, max-snippet:-1, max-image-preview:large, max-video-preview:-1\" \/>\n<link rel=\"canonical\" href=\"https:\/\/prochaska.eu\/en\/produkt\/toro-siteworks-stump-grinder-stx38-23214\/\" \/>\n<meta property=\"og:locale\" content=\"en_US\" \/>\n<meta property=\"og:type\" content=\"article\" \/>\n<meta property=\"og:title\" content=\"Toro - Siteworks - Stump grinder - STX38 - 23214 - Prochaska\" \/>\n<meta property=\"og:description\" content=\"The stump grinder from Toro, model STX38, is suitable for extreme conditions and can also be used on muddy surfaces.\" \/>\n<meta property=\"og:url\" content=\"https:\/\/prochaska.eu\/en\/produkt\/toro-siteworks-stump-grinder-stx38-23214\/\" \/>\n<meta property=\"og:site_name\" content=\"Prochaska\" \/>\n<meta property=\"article:publisher\" content=\"https:\/\/www.facebook.com\/prochaska.eu\/\" \/>\n<meta property=\"og:image\" content=\"https:\/\/prochaska.eu\/wp-content\/uploads\/2024\/06\/23214-e1588925639117.jpg\" \/>\n\t<meta property=\"og:image:width\" content=\"694\" \/>\n\t<meta property=\"og:image:height\" content=\"694\" \/>\n\t<meta property=\"og:image:type\" content=\"image\/jpeg\" \/>\n<meta name=\"twitter:card\" content=\"summary_large_image\" \/>\n<meta name=\"twitter:label1\" content=\"Est. reading time\" \/>\n\t<meta name=\"twitter:data1\" content=\"1 minute\" \/>\n<script type=\"application\/ld+json\" class=\"yoast-schema-graph\">{\"@context\":\"https:\\\/\\\/schema.org\",\"@graph\":[{\"@type\":\"WebPage\",\"@id\":\"https:\\\/\\\/prochaska.eu\\\/en\\\/produkt\\\/toro-siteworks-stump-grinder-stx38-23214\\\/\",\"url\":\"https:\\\/\\\/prochaska.eu\\\/en\\\/produkt\\\/toro-siteworks-stump-grinder-stx38-23214\\\/\",\"name\":\"Toro - Siteworks - Stump grinder - STX38 - 23214 - Prochaska\",\"isPartOf\":{\"@id\":\"https:\\\/\\\/prochaska.eu\\\/en\\\/#website\"},\"primaryImageOfPage\":{\"@id\":\"https:\\\/\\\/prochaska.eu\\\/en\\\/produkt\\\/toro-siteworks-stump-grinder-stx38-23214\\\/#primaryimage\"},\"image\":{\"@id\":\"https:\\\/\\\/prochaska.eu\\\/en\\\/produkt\\\/toro-siteworks-stump-grinder-stx38-23214\\\/#primaryimage\"},\"thumbnailUrl\":\"https:\\\/\\\/prochaska.eu\\\/wp-content\\\/uploads\\\/2024\\\/06\\\/23214-e1588925639117.jpg\",\"datePublished\":\"2017-08-04T14:42:52+00:00\",\"breadcrumb\":{\"@id\":\"https:\\\/\\\/prochaska.eu\\\/en\\\/produkt\\\/toro-siteworks-stump-grinder-stx38-23214\\\/#breadcrumb\"},\"inLanguage\":\"en-US\",\"potentialAction\":[{\"@type\":\"ReadAction\",\"target\":[\"https:\\\/\\\/prochaska.eu\\\/en\\\/produkt\\\/toro-siteworks-stump-grinder-stx38-23214\\\/\"]}]},{\"@type\":\"ImageObject\",\"inLanguage\":\"en-US\",\"@id\":\"https:\\\/\\\/prochaska.eu\\\/en\\\/produkt\\\/toro-siteworks-stump-grinder-stx38-23214\\\/#primaryimage\",\"url\":\"https:\\\/\\\/prochaska.eu\\\/wp-content\\\/uploads\\\/2024\\\/06\\\/23214-e1588925639117.jpg\",\"contentUrl\":\"https:\\\/\\\/prochaska.eu\\\/wp-content\\\/uploads\\\/2024\\\/06\\\/23214-e1588925639117.jpg\",\"width\":694,\"height\":694,\"caption\":\"Toro stump grinder STX-38\"},{\"@type\":\"BreadcrumbList\",\"@id\":\"https:\\\/\\\/prochaska.eu\\\/en\\\/produkt\\\/toro-siteworks-stump-grinder-stx38-23214\\\/#breadcrumb\",\"itemListElement\":[{\"@type\":\"ListItem\",\"position\":1,\"name\":\"Home\",\"item\":\"https:\\\/\\\/prochaska.eu\\\/en\\\/\"},{\"@type\":\"ListItem\",\"position\":2,\"name\":\"Shop\",\"item\":\"https:\\\/\\\/prochaska.eu\\\/shop\\\/\"},{\"@type\":\"ListItem\",\"position\":3,\"name\":\"Toro &#8211; Siteworks &#8211; Stump grinder &#8211; STX38 &#8211; 23214\"}]},{\"@type\":\"WebSite\",\"@id\":\"https:\\\/\\\/prochaska.eu\\\/en\\\/#website\",\"url\":\"https:\\\/\\\/prochaska.eu\\\/en\\\/\",\"name\":\"Prochaska\",\"description\":\"Spezialist f\u00fcr Pflege von Gr\u00fcnfl\u00e4chen\",\"publisher\":{\"@id\":\"https:\\\/\\\/prochaska.eu\\\/en\\\/#organization\"},\"potentialAction\":[{\"@type\":\"SearchAction\",\"target\":{\"@type\":\"EntryPoint\",\"urlTemplate\":\"https:\\\/\\\/prochaska.eu\\\/en\\\/?s={search_term_string}\"},\"query-input\":{\"@type\":\"PropertyValueSpecification\",\"valueRequired\":true,\"valueName\":\"search_term_string\"}}],\"inLanguage\":\"en-US\"},{\"@type\":\"Organization\",\"@id\":\"https:\\\/\\\/prochaska.eu\\\/en\\\/#organization\",\"name\":\"Prochaska\",\"url\":\"https:\\\/\\\/prochaska.eu\\\/en\\\/\",\"logo\":{\"@type\":\"ImageObject\",\"inLanguage\":\"en-US\",\"@id\":\"https:\\\/\\\/prochaska.eu\\\/en\\\/#\\\/schema\\\/logo\\\/image\\\/\",\"url\":\"https:\\\/\\\/prochaska.eu\\\/wp-content\\\/uploads\\\/2024\\\/04\\\/Prochaska_Logo_Black-1.png\",\"contentUrl\":\"https:\\\/\\\/prochaska.eu\\\/wp-content\\\/uploads\\\/2024\\\/04\\\/Prochaska_Logo_Black-1.png\",\"width\":796,\"height\":236,\"caption\":\"Prochaska\"},\"image\":{\"@id\":\"https:\\\/\\\/prochaska.eu\\\/en\\\/#\\\/schema\\\/logo\\\/image\\\/\"},\"sameAs\":[\"https:\\\/\\\/www.facebook.com\\\/prochaska.eu\\\/\",\"https:\\\/\\\/www.instagram.com\\\/prochaska.eu\\\/\",\"https:\\\/\\\/www.linkedin.com\\\/company\\\/prochaska-handels-gmbh\"]}]}<\/script>\n<!-- \/ Yoast SEO plugin. -->","yoast_head_json":{"title":"Toro - Siteworks - Stump grinder - STX38 - 23214 - Prochaska","robots":{"index":"index","follow":"follow","max-snippet":"max-snippet:-1","max-image-preview":"max-image-preview:large","max-video-preview":"max-video-preview:-1"},"canonical":"https:\/\/prochaska.eu\/en\/produkt\/toro-siteworks-stump-grinder-stx38-23214\/","og_locale":"en_US","og_type":"article","og_title":"Toro - Siteworks - Stump grinder - STX38 - 23214 - Prochaska","og_description":"The stump grinder from Toro, model STX38, is suitable for extreme conditions and can also be used on muddy surfaces.","og_url":"https:\/\/prochaska.eu\/en\/produkt\/toro-siteworks-stump-grinder-stx38-23214\/","og_site_name":"Prochaska","article_publisher":"https:\/\/www.facebook.com\/prochaska.eu\/","og_image":[{"width":694,"height":694,"url":"https:\/\/prochaska.eu\/wp-content\/uploads\/2024\/06\/23214-e1588925639117.jpg","type":"image\/jpeg"}],"twitter_card":"summary_large_image","twitter_misc":{"Est. reading time":"1 minute"},"schema":{"@context":"https:\/\/schema.org","@graph":[{"@type":"WebPage","@id":"https:\/\/prochaska.eu\/en\/produkt\/toro-siteworks-stump-grinder-stx38-23214\/","url":"https:\/\/prochaska.eu\/en\/produkt\/toro-siteworks-stump-grinder-stx38-23214\/","name":"Toro - Siteworks - Stump grinder - STX38 - 23214 - Prochaska","isPartOf":{"@id":"https:\/\/prochaska.eu\/en\/#website"},"primaryImageOfPage":{"@id":"https:\/\/prochaska.eu\/en\/produkt\/toro-siteworks-stump-grinder-stx38-23214\/#primaryimage"},"image":{"@id":"https:\/\/prochaska.eu\/en\/produkt\/toro-siteworks-stump-grinder-stx38-23214\/#primaryimage"},"thumbnailUrl":"https:\/\/prochaska.eu\/wp-content\/uploads\/2024\/06\/23214-e1588925639117.jpg","datePublished":"2017-08-04T14:42:52+00:00","breadcrumb":{"@id":"https:\/\/prochaska.eu\/en\/produkt\/toro-siteworks-stump-grinder-stx38-23214\/#breadcrumb"},"inLanguage":"en-US","potentialAction":[{"@type":"ReadAction","target":["https:\/\/prochaska.eu\/en\/produkt\/toro-siteworks-stump-grinder-stx38-23214\/"]}]},{"@type":"ImageObject","inLanguage":"en-US","@id":"https:\/\/prochaska.eu\/en\/produkt\/toro-siteworks-stump-grinder-stx38-23214\/#primaryimage","url":"https:\/\/prochaska.eu\/wp-content\/uploads\/2024\/06\/23214-e1588925639117.jpg","contentUrl":"https:\/\/prochaska.eu\/wp-content\/uploads\/2024\/06\/23214-e1588925639117.jpg","width":694,"height":694,"caption":"Toro stump grinder STX-38"},{"@type":"BreadcrumbList","@id":"https:\/\/prochaska.eu\/en\/produkt\/toro-siteworks-stump-grinder-stx38-23214\/#breadcrumb","itemListElement":[{"@type":"ListItem","position":1,"name":"Home","item":"https:\/\/prochaska.eu\/en\/"},{"@type":"ListItem","position":2,"name":"Shop","item":"https:\/\/prochaska.eu\/shop\/"},{"@type":"ListItem","position":3,"name":"Toro &#8211; Siteworks &#8211; Stump grinder &#8211; STX38 &#8211; 23214"}]},{"@type":"WebSite","@id":"https:\/\/prochaska.eu\/en\/#website","url":"https:\/\/prochaska.eu\/en\/","name":"Prochaska","description":"Spezialist f\u00fcr Pflege von Gr\u00fcnfl\u00e4chen","publisher":{"@id":"https:\/\/prochaska.eu\/en\/#organization"},"potentialAction":[{"@type":"SearchAction","target":{"@type":"EntryPoint","urlTemplate":"https:\/\/prochaska.eu\/en\/?s={search_term_string}"},"query-input":{"@type":"PropertyValueSpecification","valueRequired":true,"valueName":"search_term_string"}}],"inLanguage":"en-US"},{"@type":"Organization","@id":"https:\/\/prochaska.eu\/en\/#organization","name":"Prochaska","url":"https:\/\/prochaska.eu\/en\/","logo":{"@type":"ImageObject","inLanguage":"en-US","@id":"https:\/\/prochaska.eu\/en\/#\/schema\/logo\/image\/","url":"https:\/\/prochaska.eu\/wp-content\/uploads\/2024\/04\/Prochaska_Logo_Black-1.png","contentUrl":"https:\/\/prochaska.eu\/wp-content\/uploads\/2024\/04\/Prochaska_Logo_Black-1.png","width":796,"height":236,"caption":"Prochaska"},"image":{"@id":"https:\/\/prochaska.eu\/en\/#\/schema\/logo\/image\/"},"sameAs":["https:\/\/www.facebook.com\/prochaska.eu\/","https:\/\/www.instagram.com\/prochaska.eu\/","https:\/\/www.linkedin.com\/company\/prochaska-handels-gmbh"]}]}},"brands":[{"id":3072,"name":"Toro","slug":"toro-en"}],"_links":{"self":[{"href":"https:\/\/prochaska.eu\/en\/wp-json\/wp\/v2\/product\/25891","targetHints":{"allow":["GET"]}}],"collection":[{"href":"https:\/\/prochaska.eu\/en\/wp-json\/wp\/v2\/product"}],"about":[{"href":"https:\/\/prochaska.eu\/en\/wp-json\/wp\/v2\/types\/product"}],"version-history":[{"count":0,"href":"https:\/\/prochaska.eu\/en\/wp-json\/wp\/v2\/product\/25891\/revisions"}],"wp:featuredmedia":[{"embeddable":true,"href":"https:\/\/prochaska.eu\/en\/wp-json\/wp\/v2\/media\/21155"}],"wp:attachment":[{"href":"https:\/\/prochaska.eu\/en\/wp-json\/wp\/v2\/media?parent=25891"}],"wp:term":[{"taxonomy":"pwb-brand","embeddable":true,"href":"https:\/\/prochaska.eu\/en\/wp-json\/wp\/v2\/pwb-brand?post=25891"},{"taxonomy":"product_brand","embeddable":true,"href":"https:\/\/prochaska.eu\/en\/wp-json\/wp\/v2\/product_brand?post=25891"},{"taxonomy":"product_cat","embeddable":true,"href":"https:\/\/prochaska.eu\/en\/wp-json\/wp\/v2\/product_cat?post=25891"},{"taxonomy":"product_tag","embeddable":true,"href":"https:\/\/prochaska.eu\/en\/wp-json\/wp\/v2\/product_tag?post=25891"}],"curies":[{"name":"wp","href":"https:\/\/api.w.org\/{rel}","templated":true}]}}