{"id":25898,"date":"2017-08-04T14:42:54","date_gmt":"2017-08-04T14:42:54","guid":{"rendered":"https:\/\/prochaska.eu\/product\/toro-greensmaster-flex-2100-04040\/"},"modified":"2017-08-04T14:42:54","modified_gmt":"2017-08-04T14:42:54","slug":"toro-greensmaster-flex-2100-04040","status":"publish","type":"product","link":"https:\/\/prochaska.eu\/en\/produkt\/toro-greensmaster-flex-2100-04040\/","title":{"rendered":"TORO Greensmaster Flex 2100 (04040)"},"content":{"rendered":"<p style=\"text-align: left;\">The Toro Greensmaster Flex 2100 delivers excellent cutting quality. The flexible cutting unit does not cause abrasions, even at low cutting heights. Precise adjustment at two points enables the distance between the lower blade and spindle to be changed easily and evenly.<\/p>\n<h2 style=\"text-align: left;\">Functions<\/h2>\n<h3 style=\"text-align: left;\"><strong>Simple toothed belt drive<\/strong><\/h3>\n<p style=\"text-align: left;\">The simple and reliable Poly-v timing belt design transfers power to the spindle and drive drum as required. The common drive system supplies power to both the drive drum and the spindle. The result is an even cut, regardless of the driving speed.<\/p>\n<h3 style=\"text-align: left;\"><strong>Advanced lithium-ion battery technology<\/strong><\/h3>\n<p style=\"text-align: left;\">The lithium-ion battery charge is sufficient for mowing up to 4,180 m\u00b2! One battery lasts five years. It provides sufficient power for mowing green areas and using accessories such as groomers and headlights. No toxic waste to dispose of, no fluid levels to monitor, no clamps to clean, no need to change the battery during work &#8211; the list of advantages is long.<\/p>\n<h3 style=\"text-align: left;\"><strong>Integrated clip settings<\/strong><\/h3>\n<p style=\"text-align: left;\">Each new Flex walk-behind mower has six easy-to-configure cutting setting options. This allows you to define your required cutting heights etc. right at the start. Three color-coded pulleys can be quickly rearranged with a wrench to adjust the cutting settings.<\/p>\n<h3 style=\"text-align: left;\"><strong>EZ-Turn productivity<\/strong><\/h3>\n<p style=\"text-align: left;\">When the patented EZ-Turn feature is activated, the speed of the appliance is automatically slowed down when turning and then automatically increased again.<\/p>\n<h2 style=\"text-align: left;\">Technical data<\/h2>\n<ul>\n<li style=\"text-align: left;\">Cutting width: 53 cm<\/li>\n<li style=\"text-align: left;\">Fuel:Gasoline<\/li>\n<li style=\"text-align: left;\">Power supply: Subaru<\/li>\n<li style=\"text-align: left;\">Cutting height: 1.5 to 25.4 mm<\/li>\n<li style=\"text-align: left;\">Mowing speed: 2.6 to 5.8 km\/h<\/li>\n<\/ul>\n","protected":false},"excerpt":{"rendered":"<p>The flexible cutting unit of the Toro Flex does not cause abrasions even at low cutting heights.<\/p>\n","protected":false},"featured_media":21182,"template":"","meta":[],"pwb-brand":[3072],"product_brand":[],"product_cat":[1360,1181,1508],"product_tag":[],"class_list":{"0":"post-25898","1":"product","2":"type-product","3":"status-publish","4":"has-post-thumbnail","6":"pwb-brand-toro-en","7":"product_cat-golf-machines-en","8":"product_cat-lawn-mower","9":"product_cat-mowers-en","11":"first","12":"instock","13":"taxable","14":"shipping-taxable","15":"product-type-simple"},"yoast_head":"<!-- This site is optimized with the Yoast SEO plugin v27.4 - https:\/\/yoast.com\/product\/yoast-seo-wordpress\/ -->\n<title>TORO Greensmaster Flex 2100 (04040) - Prochaska<\/title>\n<meta name=\"robots\" content=\"index, follow, max-snippet:-1, max-image-preview:large, max-video-preview:-1\" \/>\n<link rel=\"canonical\" href=\"https:\/\/prochaska.eu\/en\/produkt\/toro-greensmaster-flex-2100-04040\/\" \/>\n<meta property=\"og:locale\" content=\"en_US\" \/>\n<meta property=\"og:type\" content=\"article\" \/>\n<meta property=\"og:title\" content=\"TORO Greensmaster Flex 2100 (04040) - Prochaska\" \/>\n<meta property=\"og:description\" content=\"The flexible cutting unit of the Toro Flex does not cause abrasions even at low cutting heights.\" \/>\n<meta property=\"og:url\" content=\"https:\/\/prochaska.eu\/en\/produkt\/toro-greensmaster-flex-2100-04040\/\" \/>\n<meta property=\"og:site_name\" content=\"Prochaska\" \/>\n<meta property=\"article:publisher\" content=\"https:\/\/www.facebook.com\/prochaska.eu\/\" \/>\n<meta property=\"og:image\" content=\"https:\/\/prochaska.eu\/wp-content\/uploads\/2024\/06\/Greensmaster_Flex-e1586511846973.jpg\" \/>\n\t<meta property=\"og:image:width\" content=\"1440\" \/>\n\t<meta property=\"og:image:height\" content=\"1440\" \/>\n\t<meta property=\"og:image:type\" content=\"image\/jpeg\" \/>\n<meta name=\"twitter:card\" content=\"summary_large_image\" \/>\n<meta name=\"twitter:label1\" content=\"Est. reading time\" \/>\n\t<meta name=\"twitter:data1\" content=\"1 minute\" \/>\n<script type=\"application\/ld+json\" class=\"yoast-schema-graph\">{\"@context\":\"https:\\\/\\\/schema.org\",\"@graph\":[{\"@type\":\"WebPage\",\"@id\":\"https:\\\/\\\/prochaska.eu\\\/en\\\/produkt\\\/toro-greensmaster-flex-2100-04040\\\/\",\"url\":\"https:\\\/\\\/prochaska.eu\\\/en\\\/produkt\\\/toro-greensmaster-flex-2100-04040\\\/\",\"name\":\"TORO Greensmaster Flex 2100 (04040) - Prochaska\",\"isPartOf\":{\"@id\":\"https:\\\/\\\/prochaska.eu\\\/en\\\/#website\"},\"primaryImageOfPage\":{\"@id\":\"https:\\\/\\\/prochaska.eu\\\/en\\\/produkt\\\/toro-greensmaster-flex-2100-04040\\\/#primaryimage\"},\"image\":{\"@id\":\"https:\\\/\\\/prochaska.eu\\\/en\\\/produkt\\\/toro-greensmaster-flex-2100-04040\\\/#primaryimage\"},\"thumbnailUrl\":\"https:\\\/\\\/prochaska.eu\\\/wp-content\\\/uploads\\\/2024\\\/06\\\/Greensmaster_Flex-e1586511846973.jpg\",\"datePublished\":\"2017-08-04T14:42:54+00:00\",\"breadcrumb\":{\"@id\":\"https:\\\/\\\/prochaska.eu\\\/en\\\/produkt\\\/toro-greensmaster-flex-2100-04040\\\/#breadcrumb\"},\"inLanguage\":\"en-US\",\"potentialAction\":[{\"@type\":\"ReadAction\",\"target\":[\"https:\\\/\\\/prochaska.eu\\\/en\\\/produkt\\\/toro-greensmaster-flex-2100-04040\\\/\"]}]},{\"@type\":\"ImageObject\",\"inLanguage\":\"en-US\",\"@id\":\"https:\\\/\\\/prochaska.eu\\\/en\\\/produkt\\\/toro-greensmaster-flex-2100-04040\\\/#primaryimage\",\"url\":\"https:\\\/\\\/prochaska.eu\\\/wp-content\\\/uploads\\\/2024\\\/06\\\/Greensmaster_Flex-e1586511846973.jpg\",\"contentUrl\":\"https:\\\/\\\/prochaska.eu\\\/wp-content\\\/uploads\\\/2024\\\/06\\\/Greensmaster_Flex-e1586511846973.jpg\",\"width\":1440,\"height\":1440,\"caption\":\"Toro Greensmaster Flex 2100\"},{\"@type\":\"BreadcrumbList\",\"@id\":\"https:\\\/\\\/prochaska.eu\\\/en\\\/produkt\\\/toro-greensmaster-flex-2100-04040\\\/#breadcrumb\",\"itemListElement\":[{\"@type\":\"ListItem\",\"position\":1,\"name\":\"Home\",\"item\":\"https:\\\/\\\/prochaska.eu\\\/en\\\/\"},{\"@type\":\"ListItem\",\"position\":2,\"name\":\"Shop\",\"item\":\"https:\\\/\\\/prochaska.eu\\\/shop\\\/\"},{\"@type\":\"ListItem\",\"position\":3,\"name\":\"TORO Greensmaster Flex 2100 (04040)\"}]},{\"@type\":\"WebSite\",\"@id\":\"https:\\\/\\\/prochaska.eu\\\/en\\\/#website\",\"url\":\"https:\\\/\\\/prochaska.eu\\\/en\\\/\",\"name\":\"Prochaska\",\"description\":\"Spezialist f\u00fcr Pflege von Gr\u00fcnfl\u00e4chen\",\"publisher\":{\"@id\":\"https:\\\/\\\/prochaska.eu\\\/en\\\/#organization\"},\"potentialAction\":[{\"@type\":\"SearchAction\",\"target\":{\"@type\":\"EntryPoint\",\"urlTemplate\":\"https:\\\/\\\/prochaska.eu\\\/en\\\/?s={search_term_string}\"},\"query-input\":{\"@type\":\"PropertyValueSpecification\",\"valueRequired\":true,\"valueName\":\"search_term_string\"}}],\"inLanguage\":\"en-US\"},{\"@type\":\"Organization\",\"@id\":\"https:\\\/\\\/prochaska.eu\\\/en\\\/#organization\",\"name\":\"Prochaska\",\"url\":\"https:\\\/\\\/prochaska.eu\\\/en\\\/\",\"logo\":{\"@type\":\"ImageObject\",\"inLanguage\":\"en-US\",\"@id\":\"https:\\\/\\\/prochaska.eu\\\/en\\\/#\\\/schema\\\/logo\\\/image\\\/\",\"url\":\"https:\\\/\\\/prochaska.eu\\\/wp-content\\\/uploads\\\/2024\\\/04\\\/Prochaska_Logo_Black-1.png\",\"contentUrl\":\"https:\\\/\\\/prochaska.eu\\\/wp-content\\\/uploads\\\/2024\\\/04\\\/Prochaska_Logo_Black-1.png\",\"width\":796,\"height\":236,\"caption\":\"Prochaska\"},\"image\":{\"@id\":\"https:\\\/\\\/prochaska.eu\\\/en\\\/#\\\/schema\\\/logo\\\/image\\\/\"},\"sameAs\":[\"https:\\\/\\\/www.facebook.com\\\/prochaska.eu\\\/\",\"https:\\\/\\\/www.instagram.com\\\/prochaska.eu\\\/\",\"https:\\\/\\\/www.linkedin.com\\\/company\\\/prochaska-handels-gmbh\"]}]}<\/script>\n<!-- \/ Yoast SEO plugin. -->","yoast_head_json":{"title":"TORO Greensmaster Flex 2100 (04040) - Prochaska","robots":{"index":"index","follow":"follow","max-snippet":"max-snippet:-1","max-image-preview":"max-image-preview:large","max-video-preview":"max-video-preview:-1"},"canonical":"https:\/\/prochaska.eu\/en\/produkt\/toro-greensmaster-flex-2100-04040\/","og_locale":"en_US","og_type":"article","og_title":"TORO Greensmaster Flex 2100 (04040) - Prochaska","og_description":"The flexible cutting unit of the Toro Flex does not cause abrasions even at low cutting heights.","og_url":"https:\/\/prochaska.eu\/en\/produkt\/toro-greensmaster-flex-2100-04040\/","og_site_name":"Prochaska","article_publisher":"https:\/\/www.facebook.com\/prochaska.eu\/","og_image":[{"width":1440,"height":1440,"url":"https:\/\/prochaska.eu\/wp-content\/uploads\/2024\/06\/Greensmaster_Flex-e1586511846973.jpg","type":"image\/jpeg"}],"twitter_card":"summary_large_image","twitter_misc":{"Est. reading time":"1 minute"},"schema":{"@context":"https:\/\/schema.org","@graph":[{"@type":"WebPage","@id":"https:\/\/prochaska.eu\/en\/produkt\/toro-greensmaster-flex-2100-04040\/","url":"https:\/\/prochaska.eu\/en\/produkt\/toro-greensmaster-flex-2100-04040\/","name":"TORO Greensmaster Flex 2100 (04040) - Prochaska","isPartOf":{"@id":"https:\/\/prochaska.eu\/en\/#website"},"primaryImageOfPage":{"@id":"https:\/\/prochaska.eu\/en\/produkt\/toro-greensmaster-flex-2100-04040\/#primaryimage"},"image":{"@id":"https:\/\/prochaska.eu\/en\/produkt\/toro-greensmaster-flex-2100-04040\/#primaryimage"},"thumbnailUrl":"https:\/\/prochaska.eu\/wp-content\/uploads\/2024\/06\/Greensmaster_Flex-e1586511846973.jpg","datePublished":"2017-08-04T14:42:54+00:00","breadcrumb":{"@id":"https:\/\/prochaska.eu\/en\/produkt\/toro-greensmaster-flex-2100-04040\/#breadcrumb"},"inLanguage":"en-US","potentialAction":[{"@type":"ReadAction","target":["https:\/\/prochaska.eu\/en\/produkt\/toro-greensmaster-flex-2100-04040\/"]}]},{"@type":"ImageObject","inLanguage":"en-US","@id":"https:\/\/prochaska.eu\/en\/produkt\/toro-greensmaster-flex-2100-04040\/#primaryimage","url":"https:\/\/prochaska.eu\/wp-content\/uploads\/2024\/06\/Greensmaster_Flex-e1586511846973.jpg","contentUrl":"https:\/\/prochaska.eu\/wp-content\/uploads\/2024\/06\/Greensmaster_Flex-e1586511846973.jpg","width":1440,"height":1440,"caption":"Toro Greensmaster Flex 2100"},{"@type":"BreadcrumbList","@id":"https:\/\/prochaska.eu\/en\/produkt\/toro-greensmaster-flex-2100-04040\/#breadcrumb","itemListElement":[{"@type":"ListItem","position":1,"name":"Home","item":"https:\/\/prochaska.eu\/en\/"},{"@type":"ListItem","position":2,"name":"Shop","item":"https:\/\/prochaska.eu\/shop\/"},{"@type":"ListItem","position":3,"name":"TORO Greensmaster Flex 2100 (04040)"}]},{"@type":"WebSite","@id":"https:\/\/prochaska.eu\/en\/#website","url":"https:\/\/prochaska.eu\/en\/","name":"Prochaska","description":"Spezialist f\u00fcr Pflege von Gr\u00fcnfl\u00e4chen","publisher":{"@id":"https:\/\/prochaska.eu\/en\/#organization"},"potentialAction":[{"@type":"SearchAction","target":{"@type":"EntryPoint","urlTemplate":"https:\/\/prochaska.eu\/en\/?s={search_term_string}"},"query-input":{"@type":"PropertyValueSpecification","valueRequired":true,"valueName":"search_term_string"}}],"inLanguage":"en-US"},{"@type":"Organization","@id":"https:\/\/prochaska.eu\/en\/#organization","name":"Prochaska","url":"https:\/\/prochaska.eu\/en\/","logo":{"@type":"ImageObject","inLanguage":"en-US","@id":"https:\/\/prochaska.eu\/en\/#\/schema\/logo\/image\/","url":"https:\/\/prochaska.eu\/wp-content\/uploads\/2024\/04\/Prochaska_Logo_Black-1.png","contentUrl":"https:\/\/prochaska.eu\/wp-content\/uploads\/2024\/04\/Prochaska_Logo_Black-1.png","width":796,"height":236,"caption":"Prochaska"},"image":{"@id":"https:\/\/prochaska.eu\/en\/#\/schema\/logo\/image\/"},"sameAs":["https:\/\/www.facebook.com\/prochaska.eu\/","https:\/\/www.instagram.com\/prochaska.eu\/","https:\/\/www.linkedin.com\/company\/prochaska-handels-gmbh"]}]}},"brands":[{"id":3072,"name":"Toro","slug":"toro-en"}],"_links":{"self":[{"href":"https:\/\/prochaska.eu\/en\/wp-json\/wp\/v2\/product\/25898","targetHints":{"allow":["GET"]}}],"collection":[{"href":"https:\/\/prochaska.eu\/en\/wp-json\/wp\/v2\/product"}],"about":[{"href":"https:\/\/prochaska.eu\/en\/wp-json\/wp\/v2\/types\/product"}],"version-history":[{"count":0,"href":"https:\/\/prochaska.eu\/en\/wp-json\/wp\/v2\/product\/25898\/revisions"}],"wp:featuredmedia":[{"embeddable":true,"href":"https:\/\/prochaska.eu\/en\/wp-json\/wp\/v2\/media\/21182"}],"wp:attachment":[{"href":"https:\/\/prochaska.eu\/en\/wp-json\/wp\/v2\/media?parent=25898"}],"wp:term":[{"taxonomy":"pwb-brand","embeddable":true,"href":"https:\/\/prochaska.eu\/en\/wp-json\/wp\/v2\/pwb-brand?post=25898"},{"taxonomy":"product_brand","embeddable":true,"href":"https:\/\/prochaska.eu\/en\/wp-json\/wp\/v2\/product_brand?post=25898"},{"taxonomy":"product_cat","embeddable":true,"href":"https:\/\/prochaska.eu\/en\/wp-json\/wp\/v2\/product_cat?post=25898"},{"taxonomy":"product_tag","embeddable":true,"href":"https:\/\/prochaska.eu\/en\/wp-json\/wp\/v2\/product_tag?post=25898"}],"curies":[{"name":"wp","href":"https:\/\/api.w.org\/{rel}","templated":true}]}}