{"id":25920,"date":"2017-08-24T09:28:29","date_gmt":"2017-08-24T09:28:29","guid":{"rendered":"https:\/\/prochaska.eu\/product\/toro-greensmaster-1000\/"},"modified":"2017-08-24T09:28:29","modified_gmt":"2017-08-24T09:28:29","slug":"toro-greensmaster-1000","status":"publish","type":"product","link":"https:\/\/prochaska.eu\/en\/produkt\/toro-greensmaster-1000\/","title":{"rendered":"Toro Greensmaster 1000"},"content":{"rendered":"<p style=\"text-align: left;\">The Greensmaster 1000 introduces several revolutionary functions at once. The natural tendency to shift the weight onto the handles when mowing is automatically compensated for. This guarantees a constant cutting height. Another new feature is the stand support for better stability when changing bikes. The Greensmaster 1000 has always delivered outstanding cutting quality, which remains unsurpassed to this day.<\/p>\n<h2 style=\"text-align: left;\">Functions<\/h2>\n<h3 style=\"text-align: left;\">Precise cut<\/h3>\n<p style=\"text-align: left;\">The smooth drums are designed in such a way that they do not damage the green areas.<\/p>\n<h3 style=\"text-align: left;\">Easy to maintain walk-behind lawn mower<\/h3>\n<p style=\"text-align: left;\">Reliable and effortless access to all maintenance points.<\/p>\n<h3 style=\"text-align: left;\">Ergonomic loop handle<\/h3>\n<p style=\"text-align: left;\">The handles can be adjusted to three different heights quickly and without tools.<\/p>\n<h3 style=\"text-align: left;\">Forward weight shift<\/h3>\n<p style=\"text-align: left;\">The natural tendency to shift the weight onto the handles when mowing is automatically compensated for. This guarantees uniform cutting quality.<\/p>\n<h3 style=\"text-align: left;\">Grass catch baskets<\/h3>\n<p style=\"text-align: left;\">Whether wet or dry, the integrated grass catcher distributes the clippings evenly in all conditions.<\/p>\n<h2 style=\"text-align: left;\">Technical data<\/h2>\n<ul>\n<li style=\"text-align: left;\">Cutting width: 53 cm<\/li>\n<li style=\"text-align: left;\">Engine: Subaru OHC gasoline engine<\/li>\n<li style=\"text-align: left;\">Cutting height: 2.0 mm to 25.4 mm<\/li>\n<li style=\"text-align: left;\">Fuel tank: 2.7 liters<\/li>\n<li style=\"text-align: left;\">Bottom blade: EdgeMax Microcut bottom blade<\/li>\n<li style=\"text-align: left;\">Weight: 134 kg<\/li>\n<\/ul>\n","protected":false},"excerpt":{"rendered":"<p>The Greensmaster 1000 introduces several revolutionary functions at once. The natural tendency to shift the weight onto the handles when mowing is automatically compensated for. This guarantees a constant cutting height.<\/p>\n","protected":false},"featured_media":21245,"template":"","meta":[],"pwb-brand":[3072],"product_brand":[],"product_cat":[1360,1212,1508],"product_tag":[],"class_list":{"0":"post-25920","1":"product","2":"type-product","3":"status-publish","4":"has-post-thumbnail","6":"pwb-brand-toro-en","7":"product_cat-golf-machines-en","8":"product_cat-hand-lawn-mower","9":"product_cat-mowers-en","11":"first","12":"instock","13":"taxable","14":"shipping-taxable","15":"product-type-simple"},"yoast_head":"<!-- This site is optimized with the Yoast SEO plugin v27.4 - https:\/\/yoast.com\/product\/yoast-seo-wordpress\/ -->\n<title>Toro Greensmaster 1000 - Prochaska<\/title>\n<meta name=\"robots\" content=\"index, follow, max-snippet:-1, max-image-preview:large, max-video-preview:-1\" \/>\n<link rel=\"canonical\" href=\"https:\/\/prochaska.eu\/en\/produkt\/toro-greensmaster-1000\/\" \/>\n<meta property=\"og:locale\" content=\"en_US\" \/>\n<meta property=\"og:type\" content=\"article\" \/>\n<meta property=\"og:title\" content=\"Toro Greensmaster 1000 - Prochaska\" \/>\n<meta property=\"og:description\" content=\"The Greensmaster 1000 introduces several revolutionary functions at once. The natural tendency to shift the weight onto the handles when mowing is automatically compensated for. This guarantees a constant cutting height.\" \/>\n<meta property=\"og:url\" content=\"https:\/\/prochaska.eu\/en\/produkt\/toro-greensmaster-1000\/\" \/>\n<meta property=\"og:site_name\" content=\"Prochaska\" \/>\n<meta property=\"article:publisher\" content=\"https:\/\/www.facebook.com\/prochaska.eu\/\" \/>\n<meta property=\"og:image\" content=\"https:\/\/prochaska.eu\/wp-content\/uploads\/2024\/06\/Toro-Classic-Leading-the-Way-Nearly-30-Years-Later-8_8_2017-Final-e1586507045405.jpg\" \/>\n\t<meta property=\"og:image:width\" content=\"854\" \/>\n\t<meta property=\"og:image:height\" content=\"854\" \/>\n\t<meta property=\"og:image:type\" content=\"image\/jpeg\" \/>\n<meta name=\"twitter:card\" content=\"summary_large_image\" \/>\n<meta name=\"twitter:label1\" content=\"Est. reading time\" \/>\n\t<meta name=\"twitter:data1\" content=\"1 minute\" \/>\n<script type=\"application\/ld+json\" class=\"yoast-schema-graph\">{\"@context\":\"https:\\\/\\\/schema.org\",\"@graph\":[{\"@type\":\"WebPage\",\"@id\":\"https:\\\/\\\/prochaska.eu\\\/en\\\/produkt\\\/toro-greensmaster-1000\\\/\",\"url\":\"https:\\\/\\\/prochaska.eu\\\/en\\\/produkt\\\/toro-greensmaster-1000\\\/\",\"name\":\"Toro Greensmaster 1000 - Prochaska\",\"isPartOf\":{\"@id\":\"https:\\\/\\\/prochaska.eu\\\/en\\\/#website\"},\"primaryImageOfPage\":{\"@id\":\"https:\\\/\\\/prochaska.eu\\\/en\\\/produkt\\\/toro-greensmaster-1000\\\/#primaryimage\"},\"image\":{\"@id\":\"https:\\\/\\\/prochaska.eu\\\/en\\\/produkt\\\/toro-greensmaster-1000\\\/#primaryimage\"},\"thumbnailUrl\":\"https:\\\/\\\/prochaska.eu\\\/wp-content\\\/uploads\\\/2024\\\/06\\\/Toro-Classic-Leading-the-Way-Nearly-30-Years-Later-8_8_2017-Final-e1586507045405.jpg\",\"datePublished\":\"2017-08-24T09:28:29+00:00\",\"breadcrumb\":{\"@id\":\"https:\\\/\\\/prochaska.eu\\\/en\\\/produkt\\\/toro-greensmaster-1000\\\/#breadcrumb\"},\"inLanguage\":\"en-US\",\"potentialAction\":[{\"@type\":\"ReadAction\",\"target\":[\"https:\\\/\\\/prochaska.eu\\\/en\\\/produkt\\\/toro-greensmaster-1000\\\/\"]}]},{\"@type\":\"ImageObject\",\"inLanguage\":\"en-US\",\"@id\":\"https:\\\/\\\/prochaska.eu\\\/en\\\/produkt\\\/toro-greensmaster-1000\\\/#primaryimage\",\"url\":\"https:\\\/\\\/prochaska.eu\\\/wp-content\\\/uploads\\\/2024\\\/06\\\/Toro-Classic-Leading-the-Way-Nearly-30-Years-Later-8_8_2017-Final-e1586507045405.jpg\",\"contentUrl\":\"https:\\\/\\\/prochaska.eu\\\/wp-content\\\/uploads\\\/2024\\\/06\\\/Toro-Classic-Leading-the-Way-Nearly-30-Years-Later-8_8_2017-Final-e1586507045405.jpg\",\"width\":854,\"height\":854,\"caption\":\"Toro Greensmaster 1000\"},{\"@type\":\"BreadcrumbList\",\"@id\":\"https:\\\/\\\/prochaska.eu\\\/en\\\/produkt\\\/toro-greensmaster-1000\\\/#breadcrumb\",\"itemListElement\":[{\"@type\":\"ListItem\",\"position\":1,\"name\":\"Home\",\"item\":\"https:\\\/\\\/prochaska.eu\\\/en\\\/\"},{\"@type\":\"ListItem\",\"position\":2,\"name\":\"Shop\",\"item\":\"https:\\\/\\\/prochaska.eu\\\/shop\\\/\"},{\"@type\":\"ListItem\",\"position\":3,\"name\":\"Toro Greensmaster 1000\"}]},{\"@type\":\"WebSite\",\"@id\":\"https:\\\/\\\/prochaska.eu\\\/en\\\/#website\",\"url\":\"https:\\\/\\\/prochaska.eu\\\/en\\\/\",\"name\":\"Prochaska\",\"description\":\"Spezialist f\u00fcr Pflege von Gr\u00fcnfl\u00e4chen\",\"publisher\":{\"@id\":\"https:\\\/\\\/prochaska.eu\\\/en\\\/#organization\"},\"potentialAction\":[{\"@type\":\"SearchAction\",\"target\":{\"@type\":\"EntryPoint\",\"urlTemplate\":\"https:\\\/\\\/prochaska.eu\\\/en\\\/?s={search_term_string}\"},\"query-input\":{\"@type\":\"PropertyValueSpecification\",\"valueRequired\":true,\"valueName\":\"search_term_string\"}}],\"inLanguage\":\"en-US\"},{\"@type\":\"Organization\",\"@id\":\"https:\\\/\\\/prochaska.eu\\\/en\\\/#organization\",\"name\":\"Prochaska\",\"url\":\"https:\\\/\\\/prochaska.eu\\\/en\\\/\",\"logo\":{\"@type\":\"ImageObject\",\"inLanguage\":\"en-US\",\"@id\":\"https:\\\/\\\/prochaska.eu\\\/en\\\/#\\\/schema\\\/logo\\\/image\\\/\",\"url\":\"https:\\\/\\\/prochaska.eu\\\/wp-content\\\/uploads\\\/2024\\\/04\\\/Prochaska_Logo_Black-1.png\",\"contentUrl\":\"https:\\\/\\\/prochaska.eu\\\/wp-content\\\/uploads\\\/2024\\\/04\\\/Prochaska_Logo_Black-1.png\",\"width\":796,\"height\":236,\"caption\":\"Prochaska\"},\"image\":{\"@id\":\"https:\\\/\\\/prochaska.eu\\\/en\\\/#\\\/schema\\\/logo\\\/image\\\/\"},\"sameAs\":[\"https:\\\/\\\/www.facebook.com\\\/prochaska.eu\\\/\",\"https:\\\/\\\/www.instagram.com\\\/prochaska.eu\\\/\",\"https:\\\/\\\/www.linkedin.com\\\/company\\\/prochaska-handels-gmbh\"]}]}<\/script>\n<!-- \/ Yoast SEO plugin. -->","yoast_head_json":{"title":"Toro Greensmaster 1000 - Prochaska","robots":{"index":"index","follow":"follow","max-snippet":"max-snippet:-1","max-image-preview":"max-image-preview:large","max-video-preview":"max-video-preview:-1"},"canonical":"https:\/\/prochaska.eu\/en\/produkt\/toro-greensmaster-1000\/","og_locale":"en_US","og_type":"article","og_title":"Toro Greensmaster 1000 - Prochaska","og_description":"The Greensmaster 1000 introduces several revolutionary functions at once. The natural tendency to shift the weight onto the handles when mowing is automatically compensated for. This guarantees a constant cutting height.","og_url":"https:\/\/prochaska.eu\/en\/produkt\/toro-greensmaster-1000\/","og_site_name":"Prochaska","article_publisher":"https:\/\/www.facebook.com\/prochaska.eu\/","og_image":[{"width":854,"height":854,"url":"https:\/\/prochaska.eu\/wp-content\/uploads\/2024\/06\/Toro-Classic-Leading-the-Way-Nearly-30-Years-Later-8_8_2017-Final-e1586507045405.jpg","type":"image\/jpeg"}],"twitter_card":"summary_large_image","twitter_misc":{"Est. reading time":"1 minute"},"schema":{"@context":"https:\/\/schema.org","@graph":[{"@type":"WebPage","@id":"https:\/\/prochaska.eu\/en\/produkt\/toro-greensmaster-1000\/","url":"https:\/\/prochaska.eu\/en\/produkt\/toro-greensmaster-1000\/","name":"Toro Greensmaster 1000 - Prochaska","isPartOf":{"@id":"https:\/\/prochaska.eu\/en\/#website"},"primaryImageOfPage":{"@id":"https:\/\/prochaska.eu\/en\/produkt\/toro-greensmaster-1000\/#primaryimage"},"image":{"@id":"https:\/\/prochaska.eu\/en\/produkt\/toro-greensmaster-1000\/#primaryimage"},"thumbnailUrl":"https:\/\/prochaska.eu\/wp-content\/uploads\/2024\/06\/Toro-Classic-Leading-the-Way-Nearly-30-Years-Later-8_8_2017-Final-e1586507045405.jpg","datePublished":"2017-08-24T09:28:29+00:00","breadcrumb":{"@id":"https:\/\/prochaska.eu\/en\/produkt\/toro-greensmaster-1000\/#breadcrumb"},"inLanguage":"en-US","potentialAction":[{"@type":"ReadAction","target":["https:\/\/prochaska.eu\/en\/produkt\/toro-greensmaster-1000\/"]}]},{"@type":"ImageObject","inLanguage":"en-US","@id":"https:\/\/prochaska.eu\/en\/produkt\/toro-greensmaster-1000\/#primaryimage","url":"https:\/\/prochaska.eu\/wp-content\/uploads\/2024\/06\/Toro-Classic-Leading-the-Way-Nearly-30-Years-Later-8_8_2017-Final-e1586507045405.jpg","contentUrl":"https:\/\/prochaska.eu\/wp-content\/uploads\/2024\/06\/Toro-Classic-Leading-the-Way-Nearly-30-Years-Later-8_8_2017-Final-e1586507045405.jpg","width":854,"height":854,"caption":"Toro Greensmaster 1000"},{"@type":"BreadcrumbList","@id":"https:\/\/prochaska.eu\/en\/produkt\/toro-greensmaster-1000\/#breadcrumb","itemListElement":[{"@type":"ListItem","position":1,"name":"Home","item":"https:\/\/prochaska.eu\/en\/"},{"@type":"ListItem","position":2,"name":"Shop","item":"https:\/\/prochaska.eu\/shop\/"},{"@type":"ListItem","position":3,"name":"Toro Greensmaster 1000"}]},{"@type":"WebSite","@id":"https:\/\/prochaska.eu\/en\/#website","url":"https:\/\/prochaska.eu\/en\/","name":"Prochaska","description":"Spezialist f\u00fcr Pflege von Gr\u00fcnfl\u00e4chen","publisher":{"@id":"https:\/\/prochaska.eu\/en\/#organization"},"potentialAction":[{"@type":"SearchAction","target":{"@type":"EntryPoint","urlTemplate":"https:\/\/prochaska.eu\/en\/?s={search_term_string}"},"query-input":{"@type":"PropertyValueSpecification","valueRequired":true,"valueName":"search_term_string"}}],"inLanguage":"en-US"},{"@type":"Organization","@id":"https:\/\/prochaska.eu\/en\/#organization","name":"Prochaska","url":"https:\/\/prochaska.eu\/en\/","logo":{"@type":"ImageObject","inLanguage":"en-US","@id":"https:\/\/prochaska.eu\/en\/#\/schema\/logo\/image\/","url":"https:\/\/prochaska.eu\/wp-content\/uploads\/2024\/04\/Prochaska_Logo_Black-1.png","contentUrl":"https:\/\/prochaska.eu\/wp-content\/uploads\/2024\/04\/Prochaska_Logo_Black-1.png","width":796,"height":236,"caption":"Prochaska"},"image":{"@id":"https:\/\/prochaska.eu\/en\/#\/schema\/logo\/image\/"},"sameAs":["https:\/\/www.facebook.com\/prochaska.eu\/","https:\/\/www.instagram.com\/prochaska.eu\/","https:\/\/www.linkedin.com\/company\/prochaska-handels-gmbh"]}]}},"brands":[{"id":3072,"name":"Toro","slug":"toro-en"}],"_links":{"self":[{"href":"https:\/\/prochaska.eu\/en\/wp-json\/wp\/v2\/product\/25920","targetHints":{"allow":["GET"]}}],"collection":[{"href":"https:\/\/prochaska.eu\/en\/wp-json\/wp\/v2\/product"}],"about":[{"href":"https:\/\/prochaska.eu\/en\/wp-json\/wp\/v2\/types\/product"}],"version-history":[{"count":0,"href":"https:\/\/prochaska.eu\/en\/wp-json\/wp\/v2\/product\/25920\/revisions"}],"wp:featuredmedia":[{"embeddable":true,"href":"https:\/\/prochaska.eu\/en\/wp-json\/wp\/v2\/media\/21245"}],"wp:attachment":[{"href":"https:\/\/prochaska.eu\/en\/wp-json\/wp\/v2\/media?parent=25920"}],"wp:term":[{"taxonomy":"pwb-brand","embeddable":true,"href":"https:\/\/prochaska.eu\/en\/wp-json\/wp\/v2\/pwb-brand?post=25920"},{"taxonomy":"product_brand","embeddable":true,"href":"https:\/\/prochaska.eu\/en\/wp-json\/wp\/v2\/product_brand?post=25920"},{"taxonomy":"product_cat","embeddable":true,"href":"https:\/\/prochaska.eu\/en\/wp-json\/wp\/v2\/product_cat?post=25920"},{"taxonomy":"product_tag","embeddable":true,"href":"https:\/\/prochaska.eu\/en\/wp-json\/wp\/v2\/product_tag?post=25920"}],"curies":[{"name":"wp","href":"https:\/\/api.w.org\/{rel}","templated":true}]}}