{"id":25940,"date":"2017-08-10T15:36:09","date_gmt":"2017-08-10T15:36:09","guid":{"rendered":"https:\/\/prochaska.eu\/product\/snow-blower-protective-cover\/"},"modified":"2017-08-10T15:36:09","modified_gmt":"2017-08-10T15:36:09","slug":"snow-blower-protective-cover","status":"publish","type":"product","link":"https:\/\/prochaska.eu\/en\/produkt\/snow-blower-protective-cover\/","title":{"rendered":"Snow blower protective cover"},"content":{"rendered":"<p>Protects against water, abrasion and cracks.<\/p>\n<p>Selection available for both single-stage and two-stage snow blowers.<\/p>\n","protected":false},"excerpt":{"rendered":"<p>Protects against water, abrasion and cracks.<\/p>\n<p>Selection available for both single-stage and two-stage snow blowers.<\/p>\n","protected":false},"featured_media":21215,"template":"","meta":[],"pwb-brand":[],"product_brand":[],"product_cat":[2236],"product_tag":[],"class_list":{"0":"post-25940","1":"product","2":"type-product","3":"status-publish","4":"has-post-thumbnail","6":"product_cat-accessories-en-2","8":"first","9":"instock","10":"taxable","11":"shipping-taxable","12":"purchasable","13":"product-type-variable"},"yoast_head":"<!-- This site is optimized with the Yoast SEO plugin v27.4 - https:\/\/yoast.com\/product\/yoast-seo-wordpress\/ -->\n<title>Snow blower protective cover - Prochaska<\/title>\n<meta name=\"robots\" content=\"index, follow, max-snippet:-1, max-image-preview:large, max-video-preview:-1\" \/>\n<link rel=\"canonical\" href=\"https:\/\/prochaska.eu\/en\/produkt\/snow-blower-protective-cover\/\" \/>\n<meta property=\"og:locale\" content=\"en_US\" \/>\n<meta property=\"og:type\" content=\"article\" \/>\n<meta property=\"og:title\" content=\"Snow blower protective cover - Prochaska\" \/>\n<meta property=\"og:description\" content=\"Protects against water, abrasion and cracks. Selection available for both single-stage and two-stage snow blowers.\" \/>\n<meta property=\"og:url\" content=\"https:\/\/prochaska.eu\/en\/produkt\/snow-blower-protective-cover\/\" \/>\n<meta property=\"og:site_name\" content=\"Prochaska\" \/>\n<meta property=\"article:publisher\" content=\"https:\/\/www.facebook.com\/prochaska.eu\/\" \/>\n<meta property=\"og:image\" content=\"https:\/\/prochaska.eu\/wp-content\/uploads\/2024\/06\/Abdeckhaube-1-e1597234761512.jpg\" \/>\n\t<meta property=\"og:image:width\" content=\"1440\" \/>\n\t<meta property=\"og:image:height\" content=\"1440\" \/>\n\t<meta property=\"og:image:type\" content=\"image\/jpeg\" \/>\n<meta name=\"twitter:card\" content=\"summary_large_image\" \/>\n<script type=\"application\/ld+json\" class=\"yoast-schema-graph\">{\"@context\":\"https:\\\/\\\/schema.org\",\"@graph\":[{\"@type\":\"WebPage\",\"@id\":\"https:\\\/\\\/prochaska.eu\\\/en\\\/produkt\\\/snow-blower-protective-cover\\\/\",\"url\":\"https:\\\/\\\/prochaska.eu\\\/en\\\/produkt\\\/snow-blower-protective-cover\\\/\",\"name\":\"Snow blower protective cover - Prochaska\",\"isPartOf\":{\"@id\":\"https:\\\/\\\/prochaska.eu\\\/en\\\/#website\"},\"primaryImageOfPage\":{\"@id\":\"https:\\\/\\\/prochaska.eu\\\/en\\\/produkt\\\/snow-blower-protective-cover\\\/#primaryimage\"},\"image\":{\"@id\":\"https:\\\/\\\/prochaska.eu\\\/en\\\/produkt\\\/snow-blower-protective-cover\\\/#primaryimage\"},\"thumbnailUrl\":\"https:\\\/\\\/prochaska.eu\\\/wp-content\\\/uploads\\\/2024\\\/06\\\/Abdeckhaube-1-e1597234761512.jpg\",\"datePublished\":\"2017-08-10T15:36:09+00:00\",\"breadcrumb\":{\"@id\":\"https:\\\/\\\/prochaska.eu\\\/en\\\/produkt\\\/snow-blower-protective-cover\\\/#breadcrumb\"},\"inLanguage\":\"en-US\",\"potentialAction\":[{\"@type\":\"ReadAction\",\"target\":[\"https:\\\/\\\/prochaska.eu\\\/en\\\/produkt\\\/snow-blower-protective-cover\\\/\"]}]},{\"@type\":\"ImageObject\",\"inLanguage\":\"en-US\",\"@id\":\"https:\\\/\\\/prochaska.eu\\\/en\\\/produkt\\\/snow-blower-protective-cover\\\/#primaryimage\",\"url\":\"https:\\\/\\\/prochaska.eu\\\/wp-content\\\/uploads\\\/2024\\\/06\\\/Abdeckhaube-1-e1597234761512.jpg\",\"contentUrl\":\"https:\\\/\\\/prochaska.eu\\\/wp-content\\\/uploads\\\/2024\\\/06\\\/Abdeckhaube-1-e1597234761512.jpg\",\"width\":1440,\"height\":1440},{\"@type\":\"BreadcrumbList\",\"@id\":\"https:\\\/\\\/prochaska.eu\\\/en\\\/produkt\\\/snow-blower-protective-cover\\\/#breadcrumb\",\"itemListElement\":[{\"@type\":\"ListItem\",\"position\":1,\"name\":\"Home\",\"item\":\"https:\\\/\\\/prochaska.eu\\\/en\\\/\"},{\"@type\":\"ListItem\",\"position\":2,\"name\":\"Shop\",\"item\":\"https:\\\/\\\/prochaska.eu\\\/shop\\\/\"},{\"@type\":\"ListItem\",\"position\":3,\"name\":\"Snow blower protective cover\"}]},{\"@type\":\"WebSite\",\"@id\":\"https:\\\/\\\/prochaska.eu\\\/en\\\/#website\",\"url\":\"https:\\\/\\\/prochaska.eu\\\/en\\\/\",\"name\":\"Prochaska\",\"description\":\"Spezialist f\u00fcr Pflege von Gr\u00fcnfl\u00e4chen\",\"publisher\":{\"@id\":\"https:\\\/\\\/prochaska.eu\\\/en\\\/#organization\"},\"potentialAction\":[{\"@type\":\"SearchAction\",\"target\":{\"@type\":\"EntryPoint\",\"urlTemplate\":\"https:\\\/\\\/prochaska.eu\\\/en\\\/?s={search_term_string}\"},\"query-input\":{\"@type\":\"PropertyValueSpecification\",\"valueRequired\":true,\"valueName\":\"search_term_string\"}}],\"inLanguage\":\"en-US\"},{\"@type\":\"Organization\",\"@id\":\"https:\\\/\\\/prochaska.eu\\\/en\\\/#organization\",\"name\":\"Prochaska\",\"url\":\"https:\\\/\\\/prochaska.eu\\\/en\\\/\",\"logo\":{\"@type\":\"ImageObject\",\"inLanguage\":\"en-US\",\"@id\":\"https:\\\/\\\/prochaska.eu\\\/en\\\/#\\\/schema\\\/logo\\\/image\\\/\",\"url\":\"https:\\\/\\\/prochaska.eu\\\/wp-content\\\/uploads\\\/2024\\\/04\\\/Prochaska_Logo_Black-1.png\",\"contentUrl\":\"https:\\\/\\\/prochaska.eu\\\/wp-content\\\/uploads\\\/2024\\\/04\\\/Prochaska_Logo_Black-1.png\",\"width\":796,\"height\":236,\"caption\":\"Prochaska\"},\"image\":{\"@id\":\"https:\\\/\\\/prochaska.eu\\\/en\\\/#\\\/schema\\\/logo\\\/image\\\/\"},\"sameAs\":[\"https:\\\/\\\/www.facebook.com\\\/prochaska.eu\\\/\",\"https:\\\/\\\/www.instagram.com\\\/prochaska.eu\\\/\",\"https:\\\/\\\/www.linkedin.com\\\/company\\\/prochaska-handels-gmbh\"]}]}<\/script>\n<!-- \/ Yoast SEO plugin. -->","yoast_head_json":{"title":"Snow blower protective cover - Prochaska","robots":{"index":"index","follow":"follow","max-snippet":"max-snippet:-1","max-image-preview":"max-image-preview:large","max-video-preview":"max-video-preview:-1"},"canonical":"https:\/\/prochaska.eu\/en\/produkt\/snow-blower-protective-cover\/","og_locale":"en_US","og_type":"article","og_title":"Snow blower protective cover - Prochaska","og_description":"Protects against water, abrasion and cracks. Selection available for both single-stage and two-stage snow blowers.","og_url":"https:\/\/prochaska.eu\/en\/produkt\/snow-blower-protective-cover\/","og_site_name":"Prochaska","article_publisher":"https:\/\/www.facebook.com\/prochaska.eu\/","og_image":[{"width":1440,"height":1440,"url":"https:\/\/prochaska.eu\/wp-content\/uploads\/2024\/06\/Abdeckhaube-1-e1597234761512.jpg","type":"image\/jpeg"}],"twitter_card":"summary_large_image","schema":{"@context":"https:\/\/schema.org","@graph":[{"@type":"WebPage","@id":"https:\/\/prochaska.eu\/en\/produkt\/snow-blower-protective-cover\/","url":"https:\/\/prochaska.eu\/en\/produkt\/snow-blower-protective-cover\/","name":"Snow blower protective cover - Prochaska","isPartOf":{"@id":"https:\/\/prochaska.eu\/en\/#website"},"primaryImageOfPage":{"@id":"https:\/\/prochaska.eu\/en\/produkt\/snow-blower-protective-cover\/#primaryimage"},"image":{"@id":"https:\/\/prochaska.eu\/en\/produkt\/snow-blower-protective-cover\/#primaryimage"},"thumbnailUrl":"https:\/\/prochaska.eu\/wp-content\/uploads\/2024\/06\/Abdeckhaube-1-e1597234761512.jpg","datePublished":"2017-08-10T15:36:09+00:00","breadcrumb":{"@id":"https:\/\/prochaska.eu\/en\/produkt\/snow-blower-protective-cover\/#breadcrumb"},"inLanguage":"en-US","potentialAction":[{"@type":"ReadAction","target":["https:\/\/prochaska.eu\/en\/produkt\/snow-blower-protective-cover\/"]}]},{"@type":"ImageObject","inLanguage":"en-US","@id":"https:\/\/prochaska.eu\/en\/produkt\/snow-blower-protective-cover\/#primaryimage","url":"https:\/\/prochaska.eu\/wp-content\/uploads\/2024\/06\/Abdeckhaube-1-e1597234761512.jpg","contentUrl":"https:\/\/prochaska.eu\/wp-content\/uploads\/2024\/06\/Abdeckhaube-1-e1597234761512.jpg","width":1440,"height":1440},{"@type":"BreadcrumbList","@id":"https:\/\/prochaska.eu\/en\/produkt\/snow-blower-protective-cover\/#breadcrumb","itemListElement":[{"@type":"ListItem","position":1,"name":"Home","item":"https:\/\/prochaska.eu\/en\/"},{"@type":"ListItem","position":2,"name":"Shop","item":"https:\/\/prochaska.eu\/shop\/"},{"@type":"ListItem","position":3,"name":"Snow blower protective cover"}]},{"@type":"WebSite","@id":"https:\/\/prochaska.eu\/en\/#website","url":"https:\/\/prochaska.eu\/en\/","name":"Prochaska","description":"Spezialist f\u00fcr Pflege von Gr\u00fcnfl\u00e4chen","publisher":{"@id":"https:\/\/prochaska.eu\/en\/#organization"},"potentialAction":[{"@type":"SearchAction","target":{"@type":"EntryPoint","urlTemplate":"https:\/\/prochaska.eu\/en\/?s={search_term_string}"},"query-input":{"@type":"PropertyValueSpecification","valueRequired":true,"valueName":"search_term_string"}}],"inLanguage":"en-US"},{"@type":"Organization","@id":"https:\/\/prochaska.eu\/en\/#organization","name":"Prochaska","url":"https:\/\/prochaska.eu\/en\/","logo":{"@type":"ImageObject","inLanguage":"en-US","@id":"https:\/\/prochaska.eu\/en\/#\/schema\/logo\/image\/","url":"https:\/\/prochaska.eu\/wp-content\/uploads\/2024\/04\/Prochaska_Logo_Black-1.png","contentUrl":"https:\/\/prochaska.eu\/wp-content\/uploads\/2024\/04\/Prochaska_Logo_Black-1.png","width":796,"height":236,"caption":"Prochaska"},"image":{"@id":"https:\/\/prochaska.eu\/en\/#\/schema\/logo\/image\/"},"sameAs":["https:\/\/www.facebook.com\/prochaska.eu\/","https:\/\/www.instagram.com\/prochaska.eu\/","https:\/\/www.linkedin.com\/company\/prochaska-handels-gmbh"]}]}},"brands":[],"_links":{"self":[{"href":"https:\/\/prochaska.eu\/en\/wp-json\/wp\/v2\/product\/25940","targetHints":{"allow":["GET"]}}],"collection":[{"href":"https:\/\/prochaska.eu\/en\/wp-json\/wp\/v2\/product"}],"about":[{"href":"https:\/\/prochaska.eu\/en\/wp-json\/wp\/v2\/types\/product"}],"version-history":[{"count":0,"href":"https:\/\/prochaska.eu\/en\/wp-json\/wp\/v2\/product\/25940\/revisions"}],"wp:featuredmedia":[{"embeddable":true,"href":"https:\/\/prochaska.eu\/en\/wp-json\/wp\/v2\/media\/21215"}],"wp:attachment":[{"href":"https:\/\/prochaska.eu\/en\/wp-json\/wp\/v2\/media?parent=25940"}],"wp:term":[{"taxonomy":"pwb-brand","embeddable":true,"href":"https:\/\/prochaska.eu\/en\/wp-json\/wp\/v2\/pwb-brand?post=25940"},{"taxonomy":"product_brand","embeddable":true,"href":"https:\/\/prochaska.eu\/en\/wp-json\/wp\/v2\/product_brand?post=25940"},{"taxonomy":"product_cat","embeddable":true,"href":"https:\/\/prochaska.eu\/en\/wp-json\/wp\/v2\/product_cat?post=25940"},{"taxonomy":"product_tag","embeddable":true,"href":"https:\/\/prochaska.eu\/en\/wp-json\/wp\/v2\/product_tag?post=25940"}],"curies":[{"name":"wp","href":"https:\/\/api.w.org\/{rel}","templated":true}]}}