{"id":26073,"date":"2018-08-03T12:50:30","date_gmt":"2018-08-03T12:50:30","guid":{"rendered":"https:\/\/prochaska.eu\/product\/kioti-transport-utv-k9-2400-4wd-new-vehicle\/"},"modified":"2018-08-03T12:50:30","modified_gmt":"2018-08-03T12:50:30","slug":"kioti-transport-utv-k9-2400-4wd-new-vehicle","status":"publish","type":"product","link":"https:\/\/prochaska.eu\/en\/produkt\/kioti-transport-utv-k9-2400-4wd-new-vehicle\/","title":{"rendered":"Kioti Transport UTV K9\/2400 4WD &#8211; New vehicle"},"content":{"rendered":"<h2 style=\"text-align: left;\">Functions<\/h2>\n<ul>\n<li style=\"text-align: left;\">24 hp, 3-cylinder diesel, 1,131 cm<\/li>\n<li style=\"text-align: left;\">40 km\/h, driving license category B or F<\/li>\n<li>Road approval, 3 persons<\/li>\n<li>CVT transmission<\/li>\n<li>Selectable all-wheel drive<\/li>\n<li>Differential lock<\/li>\n<li>Power steering<\/li>\n<li>Independent suspension<\/li>\n<li>Fuel tank: 37 liters<\/li>\n<li>Worksite tires: 25&#215;10-12<\/li>\n<li>Dimensions LxWxH: 305x158x194 cm<\/li>\n<li>Loading area: 111x148x29 cm<\/li>\n<li>Own weight: 930 kg<\/li>\n<li>Load capacity: 725 kg<\/li>\n<li>Ground clearance: 304 mm<\/li>\n<\/ul>\n<h2 style=\"text-align: left;\">Optional accessories<\/h2>\n<ul>\n<li>Cabin: Cabin extension kit with polycarbonate doors, sliding windows, heating<\/li>\n<li>Work lights: 2 work lights on the cab roof<\/li>\n<li>Loading area: with drop sides (included with basic vehicle)<\/li>\n<li>Tires: All-terrain tires with alloy wheels (included with basic vehicle)<\/li>\n<li>Windshield with windshield wiper<\/li>\n<li>Sun canopy<\/li>\n<li>Hydr. Dumping the cargo bed<\/li>\n<li>Plastic floor mat<\/li>\n<li>Front luggage compartment, under hood<\/li>\n<li>Underride guard<\/li>\n<li>License plate typing 40 km\/h<\/li>\n<\/ul>\n<h2 style=\"text-align: left;\">Winter service equipment<\/h2>\n<ul>\n<li>ECO front lift with coupling triangle Cat. 0, lifting capacity 650 kg<\/li>\n<li>Control block 1-fold, electrically controllable<\/li>\n<li>Auxiliary control valve<\/li>\n<li>ECO 180 cm snow blade with steel scraper blade and sliding plate<\/li>\n<li>Nirosta ECO plate spreader with hydraulic motor, 125 liters, incl. Tarpaulin and stirring finger for salt<\/li>\n<li>STVO lighting 12V and rear mounting frame<\/li>\n<\/ul>\n","protected":false},"excerpt":{"rendered":"<p>The K9 2400 Transport UTV 4WD from KIOTI is a commercial vehicle from 2018. The vehicle has a CVT transmission and a load capacity of up to 725 kg.<\/p>\n<p>&nbsp;<\/p>\n","protected":false},"featured_media":27223,"template":"","meta":[],"pwb-brand":[3080],"product_brand":[],"product_cat":[1582,1981],"product_tag":[],"class_list":{"0":"post-26073","1":"product","2":"type-product","3":"status-publish","4":"has-post-thumbnail","6":"pwb-brand-kioti-en","7":"product_cat-commercial-vehicles","8":"product_cat-commercial-vehicles-en","10":"first","11":"instock","12":"sale","13":"taxable","14":"shipping-taxable","15":"purchasable","16":"product-type-simple"},"yoast_head":"<!-- This site is optimized with the Yoast SEO plugin v27.4 - https:\/\/yoast.com\/product\/yoast-seo-wordpress\/ -->\n<title>Kioti Transport UTV K9\/2400 4WD - New vehicle - Prochaska<\/title>\n<meta name=\"robots\" content=\"index, follow, max-snippet:-1, max-image-preview:large, max-video-preview:-1\" \/>\n<link rel=\"canonical\" href=\"https:\/\/prochaska.eu\/en\/produkt\/kioti-transport-utv-k9-2400-4wd-new-vehicle\/\" \/>\n<meta property=\"og:locale\" content=\"en_US\" \/>\n<meta property=\"og:type\" content=\"article\" \/>\n<meta property=\"og:title\" content=\"Kioti Transport UTV K9\/2400 4WD - New vehicle - Prochaska\" \/>\n<meta property=\"og:description\" content=\"The K9 2400 Transport UTV 4WD from KIOTI is a commercial vehicle from 2018. The vehicle has a CVT transmission and a load capacity of up to 725 kg. &nbsp;\" \/>\n<meta property=\"og:url\" content=\"https:\/\/prochaska.eu\/en\/produkt\/kioti-transport-utv-k9-2400-4wd-new-vehicle\/\" \/>\n<meta property=\"og:site_name\" content=\"Prochaska\" \/>\n<meta property=\"article:publisher\" content=\"https:\/\/www.facebook.com\/prochaska.eu\/\" \/>\n<meta property=\"og:image\" content=\"https:\/\/prochaska.eu\/wp-content\/uploads\/2018\/08\/Kioti_K9-2400.png\" \/>\n\t<meta property=\"og:image:width\" content=\"1000\" \/>\n\t<meta property=\"og:image:height\" content=\"1000\" \/>\n\t<meta property=\"og:image:type\" content=\"image\/png\" \/>\n<meta name=\"twitter:card\" content=\"summary_large_image\" \/>\n<meta name=\"twitter:label1\" content=\"Est. reading time\" \/>\n\t<meta name=\"twitter:data1\" content=\"1 minute\" \/>\n<script type=\"application\/ld+json\" class=\"yoast-schema-graph\">{\"@context\":\"https:\\\/\\\/schema.org\",\"@graph\":[{\"@type\":\"WebPage\",\"@id\":\"https:\\\/\\\/prochaska.eu\\\/en\\\/produkt\\\/kioti-transport-utv-k9-2400-4wd-new-vehicle\\\/\",\"url\":\"https:\\\/\\\/prochaska.eu\\\/en\\\/produkt\\\/kioti-transport-utv-k9-2400-4wd-new-vehicle\\\/\",\"name\":\"Kioti Transport UTV K9\\\/2400 4WD - New vehicle - Prochaska\",\"isPartOf\":{\"@id\":\"https:\\\/\\\/prochaska.eu\\\/en\\\/#website\"},\"primaryImageOfPage\":{\"@id\":\"https:\\\/\\\/prochaska.eu\\\/en\\\/produkt\\\/kioti-transport-utv-k9-2400-4wd-new-vehicle\\\/#primaryimage\"},\"image\":{\"@id\":\"https:\\\/\\\/prochaska.eu\\\/en\\\/produkt\\\/kioti-transport-utv-k9-2400-4wd-new-vehicle\\\/#primaryimage\"},\"thumbnailUrl\":\"https:\\\/\\\/prochaska.eu\\\/wp-content\\\/uploads\\\/2018\\\/08\\\/Kioti_K9-2400.png\",\"datePublished\":\"2018-08-03T12:50:30+00:00\",\"breadcrumb\":{\"@id\":\"https:\\\/\\\/prochaska.eu\\\/en\\\/produkt\\\/kioti-transport-utv-k9-2400-4wd-new-vehicle\\\/#breadcrumb\"},\"inLanguage\":\"en-US\",\"potentialAction\":[{\"@type\":\"ReadAction\",\"target\":[\"https:\\\/\\\/prochaska.eu\\\/en\\\/produkt\\\/kioti-transport-utv-k9-2400-4wd-new-vehicle\\\/\"]}]},{\"@type\":\"ImageObject\",\"inLanguage\":\"en-US\",\"@id\":\"https:\\\/\\\/prochaska.eu\\\/en\\\/produkt\\\/kioti-transport-utv-k9-2400-4wd-new-vehicle\\\/#primaryimage\",\"url\":\"https:\\\/\\\/prochaska.eu\\\/wp-content\\\/uploads\\\/2018\\\/08\\\/Kioti_K9-2400.png\",\"contentUrl\":\"https:\\\/\\\/prochaska.eu\\\/wp-content\\\/uploads\\\/2018\\\/08\\\/Kioti_K9-2400.png\",\"width\":1000,\"height\":1000},{\"@type\":\"BreadcrumbList\",\"@id\":\"https:\\\/\\\/prochaska.eu\\\/en\\\/produkt\\\/kioti-transport-utv-k9-2400-4wd-new-vehicle\\\/#breadcrumb\",\"itemListElement\":[{\"@type\":\"ListItem\",\"position\":1,\"name\":\"Home\",\"item\":\"https:\\\/\\\/prochaska.eu\\\/en\\\/\"},{\"@type\":\"ListItem\",\"position\":2,\"name\":\"Shop\",\"item\":\"https:\\\/\\\/prochaska.eu\\\/shop\\\/\"},{\"@type\":\"ListItem\",\"position\":3,\"name\":\"Kioti Transport UTV K9\\\/2400 4WD &#8211; New vehicle\"}]},{\"@type\":\"WebSite\",\"@id\":\"https:\\\/\\\/prochaska.eu\\\/en\\\/#website\",\"url\":\"https:\\\/\\\/prochaska.eu\\\/en\\\/\",\"name\":\"Prochaska\",\"description\":\"Spezialist f\u00fcr Pflege von Gr\u00fcnfl\u00e4chen\",\"publisher\":{\"@id\":\"https:\\\/\\\/prochaska.eu\\\/en\\\/#organization\"},\"potentialAction\":[{\"@type\":\"SearchAction\",\"target\":{\"@type\":\"EntryPoint\",\"urlTemplate\":\"https:\\\/\\\/prochaska.eu\\\/en\\\/?s={search_term_string}\"},\"query-input\":{\"@type\":\"PropertyValueSpecification\",\"valueRequired\":true,\"valueName\":\"search_term_string\"}}],\"inLanguage\":\"en-US\"},{\"@type\":\"Organization\",\"@id\":\"https:\\\/\\\/prochaska.eu\\\/en\\\/#organization\",\"name\":\"Prochaska\",\"url\":\"https:\\\/\\\/prochaska.eu\\\/en\\\/\",\"logo\":{\"@type\":\"ImageObject\",\"inLanguage\":\"en-US\",\"@id\":\"https:\\\/\\\/prochaska.eu\\\/en\\\/#\\\/schema\\\/logo\\\/image\\\/\",\"url\":\"https:\\\/\\\/prochaska.eu\\\/wp-content\\\/uploads\\\/2024\\\/04\\\/Prochaska_Logo_Black-1.png\",\"contentUrl\":\"https:\\\/\\\/prochaska.eu\\\/wp-content\\\/uploads\\\/2024\\\/04\\\/Prochaska_Logo_Black-1.png\",\"width\":796,\"height\":236,\"caption\":\"Prochaska\"},\"image\":{\"@id\":\"https:\\\/\\\/prochaska.eu\\\/en\\\/#\\\/schema\\\/logo\\\/image\\\/\"},\"sameAs\":[\"https:\\\/\\\/www.facebook.com\\\/prochaska.eu\\\/\",\"https:\\\/\\\/www.instagram.com\\\/prochaska.eu\\\/\",\"https:\\\/\\\/www.linkedin.com\\\/company\\\/prochaska-handels-gmbh\"]}]}<\/script>\n<!-- \/ Yoast SEO plugin. -->","yoast_head_json":{"title":"Kioti Transport UTV K9\/2400 4WD - New vehicle - Prochaska","robots":{"index":"index","follow":"follow","max-snippet":"max-snippet:-1","max-image-preview":"max-image-preview:large","max-video-preview":"max-video-preview:-1"},"canonical":"https:\/\/prochaska.eu\/en\/produkt\/kioti-transport-utv-k9-2400-4wd-new-vehicle\/","og_locale":"en_US","og_type":"article","og_title":"Kioti Transport UTV K9\/2400 4WD - New vehicle - Prochaska","og_description":"The K9 2400 Transport UTV 4WD from KIOTI is a commercial vehicle from 2018. The vehicle has a CVT transmission and a load capacity of up to 725 kg. &nbsp;","og_url":"https:\/\/prochaska.eu\/en\/produkt\/kioti-transport-utv-k9-2400-4wd-new-vehicle\/","og_site_name":"Prochaska","article_publisher":"https:\/\/www.facebook.com\/prochaska.eu\/","og_image":[{"width":1000,"height":1000,"url":"https:\/\/prochaska.eu\/wp-content\/uploads\/2018\/08\/Kioti_K9-2400.png","type":"image\/png"}],"twitter_card":"summary_large_image","twitter_misc":{"Est. reading time":"1 minute"},"schema":{"@context":"https:\/\/schema.org","@graph":[{"@type":"WebPage","@id":"https:\/\/prochaska.eu\/en\/produkt\/kioti-transport-utv-k9-2400-4wd-new-vehicle\/","url":"https:\/\/prochaska.eu\/en\/produkt\/kioti-transport-utv-k9-2400-4wd-new-vehicle\/","name":"Kioti Transport UTV K9\/2400 4WD - New vehicle - Prochaska","isPartOf":{"@id":"https:\/\/prochaska.eu\/en\/#website"},"primaryImageOfPage":{"@id":"https:\/\/prochaska.eu\/en\/produkt\/kioti-transport-utv-k9-2400-4wd-new-vehicle\/#primaryimage"},"image":{"@id":"https:\/\/prochaska.eu\/en\/produkt\/kioti-transport-utv-k9-2400-4wd-new-vehicle\/#primaryimage"},"thumbnailUrl":"https:\/\/prochaska.eu\/wp-content\/uploads\/2018\/08\/Kioti_K9-2400.png","datePublished":"2018-08-03T12:50:30+00:00","breadcrumb":{"@id":"https:\/\/prochaska.eu\/en\/produkt\/kioti-transport-utv-k9-2400-4wd-new-vehicle\/#breadcrumb"},"inLanguage":"en-US","potentialAction":[{"@type":"ReadAction","target":["https:\/\/prochaska.eu\/en\/produkt\/kioti-transport-utv-k9-2400-4wd-new-vehicle\/"]}]},{"@type":"ImageObject","inLanguage":"en-US","@id":"https:\/\/prochaska.eu\/en\/produkt\/kioti-transport-utv-k9-2400-4wd-new-vehicle\/#primaryimage","url":"https:\/\/prochaska.eu\/wp-content\/uploads\/2018\/08\/Kioti_K9-2400.png","contentUrl":"https:\/\/prochaska.eu\/wp-content\/uploads\/2018\/08\/Kioti_K9-2400.png","width":1000,"height":1000},{"@type":"BreadcrumbList","@id":"https:\/\/prochaska.eu\/en\/produkt\/kioti-transport-utv-k9-2400-4wd-new-vehicle\/#breadcrumb","itemListElement":[{"@type":"ListItem","position":1,"name":"Home","item":"https:\/\/prochaska.eu\/en\/"},{"@type":"ListItem","position":2,"name":"Shop","item":"https:\/\/prochaska.eu\/shop\/"},{"@type":"ListItem","position":3,"name":"Kioti Transport UTV K9\/2400 4WD &#8211; New vehicle"}]},{"@type":"WebSite","@id":"https:\/\/prochaska.eu\/en\/#website","url":"https:\/\/prochaska.eu\/en\/","name":"Prochaska","description":"Spezialist f\u00fcr Pflege von Gr\u00fcnfl\u00e4chen","publisher":{"@id":"https:\/\/prochaska.eu\/en\/#organization"},"potentialAction":[{"@type":"SearchAction","target":{"@type":"EntryPoint","urlTemplate":"https:\/\/prochaska.eu\/en\/?s={search_term_string}"},"query-input":{"@type":"PropertyValueSpecification","valueRequired":true,"valueName":"search_term_string"}}],"inLanguage":"en-US"},{"@type":"Organization","@id":"https:\/\/prochaska.eu\/en\/#organization","name":"Prochaska","url":"https:\/\/prochaska.eu\/en\/","logo":{"@type":"ImageObject","inLanguage":"en-US","@id":"https:\/\/prochaska.eu\/en\/#\/schema\/logo\/image\/","url":"https:\/\/prochaska.eu\/wp-content\/uploads\/2024\/04\/Prochaska_Logo_Black-1.png","contentUrl":"https:\/\/prochaska.eu\/wp-content\/uploads\/2024\/04\/Prochaska_Logo_Black-1.png","width":796,"height":236,"caption":"Prochaska"},"image":{"@id":"https:\/\/prochaska.eu\/en\/#\/schema\/logo\/image\/"},"sameAs":["https:\/\/www.facebook.com\/prochaska.eu\/","https:\/\/www.instagram.com\/prochaska.eu\/","https:\/\/www.linkedin.com\/company\/prochaska-handels-gmbh"]}]}},"brands":[{"id":3080,"name":"Kioti","slug":"kioti-en"}],"_links":{"self":[{"href":"https:\/\/prochaska.eu\/en\/wp-json\/wp\/v2\/product\/26073","targetHints":{"allow":["GET"]}}],"collection":[{"href":"https:\/\/prochaska.eu\/en\/wp-json\/wp\/v2\/product"}],"about":[{"href":"https:\/\/prochaska.eu\/en\/wp-json\/wp\/v2\/types\/product"}],"version-history":[{"count":0,"href":"https:\/\/prochaska.eu\/en\/wp-json\/wp\/v2\/product\/26073\/revisions"}],"wp:featuredmedia":[{"embeddable":true,"href":"https:\/\/prochaska.eu\/en\/wp-json\/wp\/v2\/media\/27223"}],"wp:attachment":[{"href":"https:\/\/prochaska.eu\/en\/wp-json\/wp\/v2\/media?parent=26073"}],"wp:term":[{"taxonomy":"pwb-brand","embeddable":true,"href":"https:\/\/prochaska.eu\/en\/wp-json\/wp\/v2\/pwb-brand?post=26073"},{"taxonomy":"product_brand","embeddable":true,"href":"https:\/\/prochaska.eu\/en\/wp-json\/wp\/v2\/product_brand?post=26073"},{"taxonomy":"product_cat","embeddable":true,"href":"https:\/\/prochaska.eu\/en\/wp-json\/wp\/v2\/product_cat?post=26073"},{"taxonomy":"product_tag","embeddable":true,"href":"https:\/\/prochaska.eu\/en\/wp-json\/wp\/v2\/product_tag?post=26073"}],"curies":[{"name":"wp","href":"https:\/\/api.w.org\/{rel}","templated":true}]}}