{"id":26120,"date":"2019-04-09T14:59:04","date_gmt":"2019-04-09T14:59:04","guid":{"rendered":"https:\/\/prochaska.eu\/product\/toro-zeroturn-titan-zxm4875-myride-74890\/"},"modified":"2019-04-09T14:59:04","modified_gmt":"2019-04-09T14:59:04","slug":"toro-zeroturn-titan-zxm4875-myride-74890","status":"publish","type":"product","link":"https:\/\/prochaska.eu\/en\/produkt\/toro-zeroturn-titan-zxm4875-myride-74890\/","title":{"rendered":"Toro &#8211; ZeroTurn &#8211; Titan ZXM4875 &#8211; MyRide &#8211; 74890"},"content":{"rendered":"<p style=\"text-align: left;\">The zero turn mower, Toro Titan model ZXM4875, has a cutting width of 122 cm and is suitable for green areas of up to 10,000 m\u00b2 and more. The mower is equipped with the MyRide suspension system. This means that the movement of the driver&#8217;s seat platform is cushioned and a more comfortable ride is guaranteed than with a seat with standard suspension. The hydraulic dampers and adjustable suspension struts ensure a smoother ride. The control levers make the device easy to operate and easy to steer. The robust design ensures that the mower can withstand even the most difficult conditions.<\/p>\n<h2 style=\"text-align: left;\">The product benefits<\/h2>\n<ul>\n<li style=\"text-align: left;\">Cutting width of 122 cm for areas of up to 10,000 m\u00b2 and more<\/li>\n<li style=\"text-align: left;\">Height adjustment 38 &#8211; 114 mm (13-way adjustable)<\/li>\n<li style=\"text-align: left;\">MyRide suspension system for comfortable working thanks to isolated vibrations<\/li>\n<li style=\"text-align: left;\">High-quality Kohler V-Twin engine with 725 cm\u00b3<\/li>\n<li style=\"text-align: left;\">Up to 13 km\/h<\/li>\n<li>Foot Assist cutting height adjustment 11.4 cm<\/li>\n<li>Tank control<\/li>\n<li>Dual hydrostat<\/li>\n<\/ul>\n<h2 style=\"text-align: left;\">Optional accessories<\/h2>\n<ul>\n<li style=\"text-align: left;\">Toro replacement blade 115-4999-03<\/li>\n<li>Toro Deluxe cover (Timecutter) 490-7319<\/li>\n<li>Grass catcher box 79348 &amp; mounting kit 120-7123<\/li>\n<\/ul>\n<p>&nbsp;<\/p>\n<p><iframe title=\"Get The Best Cut Lawn with a Toro\u00ae TimeCutter\u00ae Zero Turn\" width=\"800\" height=\"450\" src=\"https:\/\/www.youtube.com\/embed\/Rnf_MVAqTlM?feature=oembed\" frameborder=\"0\" allow=\"accelerometer; autoplay; clipboard-write; encrypted-media; gyroscope; picture-in-picture; web-share\" referrerpolicy=\"strict-origin-when-cross-origin\" allowfullscreen><\/iframe><\/p>\n","protected":false},"excerpt":{"rendered":"<p>The Titan ZXM4875 MyRide from Toro is ideal for mowing areas of up to 10,000 m\u00b2 and more.<\/p>\n","protected":false},"featured_media":21416,"template":"","meta":[],"pwb-brand":[3072],"product_brand":[],"product_cat":[1181,1285],"product_tag":[],"class_list":{"0":"post-26120","1":"product","2":"type-product","3":"status-publish","4":"has-post-thumbnail","6":"pwb-brand-toro-en","7":"product_cat-lawn-mower","8":"product_cat-zero-turns-en-4","10":"first","11":"instock","12":"taxable","13":"shipping-taxable","14":"purchasable","15":"product-type-simple"},"yoast_head":"<!-- This site is optimized with the Yoast SEO plugin v27.4 - https:\/\/yoast.com\/product\/yoast-seo-wordpress\/ -->\n<title>Toro - ZeroTurn - Titan ZXM4875 - MyRide - 74890 - Prochaska<\/title>\n<meta name=\"robots\" content=\"index, follow, max-snippet:-1, max-image-preview:large, max-video-preview:-1\" \/>\n<link rel=\"canonical\" href=\"https:\/\/prochaska.eu\/en\/produkt\/toro-zeroturn-titan-zxm4875-myride-74890\/\" \/>\n<meta property=\"og:locale\" content=\"en_US\" \/>\n<meta property=\"og:type\" content=\"article\" \/>\n<meta property=\"og:title\" content=\"Toro - ZeroTurn - Titan ZXM4875 - MyRide - 74890 - Prochaska\" \/>\n<meta property=\"og:description\" content=\"The Titan ZXM4875 MyRide from Toro is ideal for mowing areas of up to 10,000 m\u00b2 and more.\" \/>\n<meta property=\"og:url\" content=\"https:\/\/prochaska.eu\/en\/produkt\/toro-zeroturn-titan-zxm4875-myride-74890\/\" \/>\n<meta property=\"og:site_name\" content=\"Prochaska\" \/>\n<meta property=\"article:publisher\" content=\"https:\/\/www.facebook.com\/prochaska.eu\/\" \/>\n<meta property=\"og:image\" content=\"https:\/\/prochaska.eu\/wp-content\/uploads\/2024\/06\/zxm4875.png\" \/>\n\t<meta property=\"og:image:width\" content=\"836\" \/>\n\t<meta property=\"og:image:height\" content=\"715\" \/>\n\t<meta property=\"og:image:type\" content=\"image\/png\" \/>\n<meta name=\"twitter:card\" content=\"summary_large_image\" \/>\n<meta name=\"twitter:label1\" content=\"Est. reading time\" \/>\n\t<meta name=\"twitter:data1\" content=\"1 minute\" \/>\n<script type=\"application\/ld+json\" class=\"yoast-schema-graph\">{\"@context\":\"https:\\\/\\\/schema.org\",\"@graph\":[{\"@type\":\"WebPage\",\"@id\":\"https:\\\/\\\/prochaska.eu\\\/en\\\/produkt\\\/toro-zeroturn-titan-zxm4875-myride-74890\\\/\",\"url\":\"https:\\\/\\\/prochaska.eu\\\/en\\\/produkt\\\/toro-zeroturn-titan-zxm4875-myride-74890\\\/\",\"name\":\"Toro - ZeroTurn - Titan ZXM4875 - MyRide - 74890 - Prochaska\",\"isPartOf\":{\"@id\":\"https:\\\/\\\/prochaska.eu\\\/en\\\/#website\"},\"primaryImageOfPage\":{\"@id\":\"https:\\\/\\\/prochaska.eu\\\/en\\\/produkt\\\/toro-zeroturn-titan-zxm4875-myride-74890\\\/#primaryimage\"},\"image\":{\"@id\":\"https:\\\/\\\/prochaska.eu\\\/en\\\/produkt\\\/toro-zeroturn-titan-zxm4875-myride-74890\\\/#primaryimage\"},\"thumbnailUrl\":\"https:\\\/\\\/prochaska.eu\\\/wp-content\\\/uploads\\\/2024\\\/06\\\/zxm4875.png\",\"datePublished\":\"2019-04-09T14:59:04+00:00\",\"breadcrumb\":{\"@id\":\"https:\\\/\\\/prochaska.eu\\\/en\\\/produkt\\\/toro-zeroturn-titan-zxm4875-myride-74890\\\/#breadcrumb\"},\"inLanguage\":\"en-US\",\"potentialAction\":[{\"@type\":\"ReadAction\",\"target\":[\"https:\\\/\\\/prochaska.eu\\\/en\\\/produkt\\\/toro-zeroturn-titan-zxm4875-myride-74890\\\/\"]}]},{\"@type\":\"ImageObject\",\"inLanguage\":\"en-US\",\"@id\":\"https:\\\/\\\/prochaska.eu\\\/en\\\/produkt\\\/toro-zeroturn-titan-zxm4875-myride-74890\\\/#primaryimage\",\"url\":\"https:\\\/\\\/prochaska.eu\\\/wp-content\\\/uploads\\\/2024\\\/06\\\/zxm4875.png\",\"contentUrl\":\"https:\\\/\\\/prochaska.eu\\\/wp-content\\\/uploads\\\/2024\\\/06\\\/zxm4875.png\",\"width\":836,\"height\":715},{\"@type\":\"BreadcrumbList\",\"@id\":\"https:\\\/\\\/prochaska.eu\\\/en\\\/produkt\\\/toro-zeroturn-titan-zxm4875-myride-74890\\\/#breadcrumb\",\"itemListElement\":[{\"@type\":\"ListItem\",\"position\":1,\"name\":\"Home\",\"item\":\"https:\\\/\\\/prochaska.eu\\\/en\\\/\"},{\"@type\":\"ListItem\",\"position\":2,\"name\":\"Shop\",\"item\":\"https:\\\/\\\/prochaska.eu\\\/shop\\\/\"},{\"@type\":\"ListItem\",\"position\":3,\"name\":\"Toro &#8211; ZeroTurn &#8211; Titan ZXM4875 &#8211; MyRide &#8211; 74890\"}]},{\"@type\":\"WebSite\",\"@id\":\"https:\\\/\\\/prochaska.eu\\\/en\\\/#website\",\"url\":\"https:\\\/\\\/prochaska.eu\\\/en\\\/\",\"name\":\"Prochaska\",\"description\":\"Spezialist f\u00fcr Pflege von Gr\u00fcnfl\u00e4chen\",\"publisher\":{\"@id\":\"https:\\\/\\\/prochaska.eu\\\/en\\\/#organization\"},\"potentialAction\":[{\"@type\":\"SearchAction\",\"target\":{\"@type\":\"EntryPoint\",\"urlTemplate\":\"https:\\\/\\\/prochaska.eu\\\/en\\\/?s={search_term_string}\"},\"query-input\":{\"@type\":\"PropertyValueSpecification\",\"valueRequired\":true,\"valueName\":\"search_term_string\"}}],\"inLanguage\":\"en-US\"},{\"@type\":\"Organization\",\"@id\":\"https:\\\/\\\/prochaska.eu\\\/en\\\/#organization\",\"name\":\"Prochaska\",\"url\":\"https:\\\/\\\/prochaska.eu\\\/en\\\/\",\"logo\":{\"@type\":\"ImageObject\",\"inLanguage\":\"en-US\",\"@id\":\"https:\\\/\\\/prochaska.eu\\\/en\\\/#\\\/schema\\\/logo\\\/image\\\/\",\"url\":\"https:\\\/\\\/prochaska.eu\\\/wp-content\\\/uploads\\\/2024\\\/04\\\/Prochaska_Logo_Black-1.png\",\"contentUrl\":\"https:\\\/\\\/prochaska.eu\\\/wp-content\\\/uploads\\\/2024\\\/04\\\/Prochaska_Logo_Black-1.png\",\"width\":796,\"height\":236,\"caption\":\"Prochaska\"},\"image\":{\"@id\":\"https:\\\/\\\/prochaska.eu\\\/en\\\/#\\\/schema\\\/logo\\\/image\\\/\"},\"sameAs\":[\"https:\\\/\\\/www.facebook.com\\\/prochaska.eu\\\/\",\"https:\\\/\\\/www.instagram.com\\\/prochaska.eu\\\/\",\"https:\\\/\\\/www.linkedin.com\\\/company\\\/prochaska-handels-gmbh\"]}]}<\/script>\n<!-- \/ Yoast SEO plugin. -->","yoast_head_json":{"title":"Toro - ZeroTurn - Titan ZXM4875 - MyRide - 74890 - Prochaska","robots":{"index":"index","follow":"follow","max-snippet":"max-snippet:-1","max-image-preview":"max-image-preview:large","max-video-preview":"max-video-preview:-1"},"canonical":"https:\/\/prochaska.eu\/en\/produkt\/toro-zeroturn-titan-zxm4875-myride-74890\/","og_locale":"en_US","og_type":"article","og_title":"Toro - ZeroTurn - Titan ZXM4875 - MyRide - 74890 - Prochaska","og_description":"The Titan ZXM4875 MyRide from Toro is ideal for mowing areas of up to 10,000 m\u00b2 and more.","og_url":"https:\/\/prochaska.eu\/en\/produkt\/toro-zeroturn-titan-zxm4875-myride-74890\/","og_site_name":"Prochaska","article_publisher":"https:\/\/www.facebook.com\/prochaska.eu\/","og_image":[{"width":836,"height":715,"url":"https:\/\/prochaska.eu\/wp-content\/uploads\/2024\/06\/zxm4875.png","type":"image\/png"}],"twitter_card":"summary_large_image","twitter_misc":{"Est. reading time":"1 minute"},"schema":{"@context":"https:\/\/schema.org","@graph":[{"@type":"WebPage","@id":"https:\/\/prochaska.eu\/en\/produkt\/toro-zeroturn-titan-zxm4875-myride-74890\/","url":"https:\/\/prochaska.eu\/en\/produkt\/toro-zeroturn-titan-zxm4875-myride-74890\/","name":"Toro - ZeroTurn - Titan ZXM4875 - MyRide - 74890 - Prochaska","isPartOf":{"@id":"https:\/\/prochaska.eu\/en\/#website"},"primaryImageOfPage":{"@id":"https:\/\/prochaska.eu\/en\/produkt\/toro-zeroturn-titan-zxm4875-myride-74890\/#primaryimage"},"image":{"@id":"https:\/\/prochaska.eu\/en\/produkt\/toro-zeroturn-titan-zxm4875-myride-74890\/#primaryimage"},"thumbnailUrl":"https:\/\/prochaska.eu\/wp-content\/uploads\/2024\/06\/zxm4875.png","datePublished":"2019-04-09T14:59:04+00:00","breadcrumb":{"@id":"https:\/\/prochaska.eu\/en\/produkt\/toro-zeroturn-titan-zxm4875-myride-74890\/#breadcrumb"},"inLanguage":"en-US","potentialAction":[{"@type":"ReadAction","target":["https:\/\/prochaska.eu\/en\/produkt\/toro-zeroturn-titan-zxm4875-myride-74890\/"]}]},{"@type":"ImageObject","inLanguage":"en-US","@id":"https:\/\/prochaska.eu\/en\/produkt\/toro-zeroturn-titan-zxm4875-myride-74890\/#primaryimage","url":"https:\/\/prochaska.eu\/wp-content\/uploads\/2024\/06\/zxm4875.png","contentUrl":"https:\/\/prochaska.eu\/wp-content\/uploads\/2024\/06\/zxm4875.png","width":836,"height":715},{"@type":"BreadcrumbList","@id":"https:\/\/prochaska.eu\/en\/produkt\/toro-zeroturn-titan-zxm4875-myride-74890\/#breadcrumb","itemListElement":[{"@type":"ListItem","position":1,"name":"Home","item":"https:\/\/prochaska.eu\/en\/"},{"@type":"ListItem","position":2,"name":"Shop","item":"https:\/\/prochaska.eu\/shop\/"},{"@type":"ListItem","position":3,"name":"Toro &#8211; ZeroTurn &#8211; Titan ZXM4875 &#8211; MyRide &#8211; 74890"}]},{"@type":"WebSite","@id":"https:\/\/prochaska.eu\/en\/#website","url":"https:\/\/prochaska.eu\/en\/","name":"Prochaska","description":"Spezialist f\u00fcr Pflege von Gr\u00fcnfl\u00e4chen","publisher":{"@id":"https:\/\/prochaska.eu\/en\/#organization"},"potentialAction":[{"@type":"SearchAction","target":{"@type":"EntryPoint","urlTemplate":"https:\/\/prochaska.eu\/en\/?s={search_term_string}"},"query-input":{"@type":"PropertyValueSpecification","valueRequired":true,"valueName":"search_term_string"}}],"inLanguage":"en-US"},{"@type":"Organization","@id":"https:\/\/prochaska.eu\/en\/#organization","name":"Prochaska","url":"https:\/\/prochaska.eu\/en\/","logo":{"@type":"ImageObject","inLanguage":"en-US","@id":"https:\/\/prochaska.eu\/en\/#\/schema\/logo\/image\/","url":"https:\/\/prochaska.eu\/wp-content\/uploads\/2024\/04\/Prochaska_Logo_Black-1.png","contentUrl":"https:\/\/prochaska.eu\/wp-content\/uploads\/2024\/04\/Prochaska_Logo_Black-1.png","width":796,"height":236,"caption":"Prochaska"},"image":{"@id":"https:\/\/prochaska.eu\/en\/#\/schema\/logo\/image\/"},"sameAs":["https:\/\/www.facebook.com\/prochaska.eu\/","https:\/\/www.instagram.com\/prochaska.eu\/","https:\/\/www.linkedin.com\/company\/prochaska-handels-gmbh"]}]}},"brands":[{"id":3072,"name":"Toro","slug":"toro-en"}],"_links":{"self":[{"href":"https:\/\/prochaska.eu\/en\/wp-json\/wp\/v2\/product\/26120","targetHints":{"allow":["GET"]}}],"collection":[{"href":"https:\/\/prochaska.eu\/en\/wp-json\/wp\/v2\/product"}],"about":[{"href":"https:\/\/prochaska.eu\/en\/wp-json\/wp\/v2\/types\/product"}],"version-history":[{"count":0,"href":"https:\/\/prochaska.eu\/en\/wp-json\/wp\/v2\/product\/26120\/revisions"}],"wp:featuredmedia":[{"embeddable":true,"href":"https:\/\/prochaska.eu\/en\/wp-json\/wp\/v2\/media\/21416"}],"wp:attachment":[{"href":"https:\/\/prochaska.eu\/en\/wp-json\/wp\/v2\/media?parent=26120"}],"wp:term":[{"taxonomy":"pwb-brand","embeddable":true,"href":"https:\/\/prochaska.eu\/en\/wp-json\/wp\/v2\/pwb-brand?post=26120"},{"taxonomy":"product_brand","embeddable":true,"href":"https:\/\/prochaska.eu\/en\/wp-json\/wp\/v2\/product_brand?post=26120"},{"taxonomy":"product_cat","embeddable":true,"href":"https:\/\/prochaska.eu\/en\/wp-json\/wp\/v2\/product_cat?post=26120"},{"taxonomy":"product_tag","embeddable":true,"href":"https:\/\/prochaska.eu\/en\/wp-json\/wp\/v2\/product_tag?post=26120"}],"curies":[{"name":"wp","href":"https:\/\/api.w.org\/{rel}","templated":true}]}}