{"id":26149,"date":"2019-09-24T15:05:06","date_gmt":"2019-09-24T15:05:06","guid":{"rendered":"https:\/\/prochaska.eu\/product\/toro-siteworks-sweeper-powerbroom-38700\/"},"modified":"2019-09-24T15:05:06","modified_gmt":"2019-09-24T15:05:06","slug":"toro-siteworks-sweeper-powerbroom-38700","status":"publish","type":"product","link":"https:\/\/prochaska.eu\/en\/produkt\/toro-siteworks-sweeper-powerbroom-38700\/","title":{"rendered":"Toro &#8211; Siteworks &#8211; Sweeper &#8211; PowerBroom &#8211; 38700"},"content":{"rendered":"<p style=\"text-align: left;\">The Toro Siteworks sweeping brush Power Broom, model 38700, is a multi-purpose sweeping brush with a broom width of 91 cm and can be used optimally at any time of year. Whether for removing green waste (e.g. on the sidewalk), scarifying the lawn or clearing snow &#8211; the sweeper meets all requirements for gardening and landscaping. The reinforced handle and durable gearbox will withstand the toughest conditions for years. With the infinitely variable speed control, the speed of the machine can be quickly and easily adjusted to the user&#8217;s walking pace. The power steering makes the sweeping brush particularly maneuverable.<\/p>\n<h2 style=\"text-align: left;\">The product benefits<\/h2>\n<ul style=\"text-align: left;\">\n<li style=\"text-align: left;\">Durable construction for years of durability (robust frame, reinforced handles, heavy-duty gearbox)<\/li>\n<li style=\"text-align: left;\">Height adjustment of the brush system with pins<\/li>\n<li style=\"text-align: left;\">Individually adjust speed with infinitely variable speed control &#8211; 6 forward and 2 reverse gears<\/li>\n<li style=\"text-align: left;\">Four integrated lashing points<\/li>\n<li style=\"text-align: left;\">Power steering for easy maneuverability by pulling the trigger<\/li>\n<li style=\"text-align: left;\">Independent control lever for simultaneous activation of travel drive and sweeping brush<\/li>\n<li style=\"text-align: left;\">Setting the sweeping angle with thumb latch<\/li>\n<li style=\"text-align: left;\">208 cc kohler Command Pro Multi Season engine<\/li>\n<\/ul>\n<h2 style=\"text-align: left;\">Optional accessories<\/h2>\n<ul>\n<li style=\"text-align: left;\">Snow chains set (116-8226)<\/li>\n<li>Snow\/ice brush (116-8232)<\/li>\n<li>Lawn brush (116-8233)<\/li>\n<li>Lawn support wheels with wide support (135-2311)<\/li>\n<li>Dirt collection container (116-8230)<\/li>\n<li>Dirt deflector kit (116-8229)<\/li>\n<li>Light kit (116-8234)<\/li>\n<li>Spraying device (126-0024)<\/li>\n<li>Electric kit for spraying device (126-0023)<\/li>\n<\/ul>\n<p>&nbsp;<\/p>\n<p><iframe title=\"Toro Walk Behind Power Broom\" width=\"800\" height=\"450\" src=\"https:\/\/www.youtube.com\/embed\/Zyrgaq5SrGc?feature=oembed\" frameborder=\"0\" allow=\"accelerometer; autoplay; clipboard-write; encrypted-media; gyroscope; picture-in-picture; web-share\" referrerpolicy=\"strict-origin-when-cross-origin\" allowfullscreen><\/iframe><\/p>\n","protected":false},"excerpt":{"rendered":"<p>The Power Broom sweeping brush from Toro is a versatile multi-purpose sweeper that is suitable for commercial use in every season.<\/p>\n","protected":false},"featured_media":21506,"template":"","meta":[],"pwb-brand":[3072],"product_brand":[],"product_cat":[2020,1537,2019],"product_tag":[],"class_list":{"0":"post-26149","1":"product","2":"type-product","3":"status-publish","4":"has-post-thumbnail","6":"pwb-brand-toro-en","7":"product_cat-snow-blowers","8":"product_cat-soil-preparation","9":"product_cat-winter-service","11":"first","12":"instock","13":"taxable","14":"shipping-taxable","15":"product-type-simple"},"yoast_head":"<!-- This site is optimized with the Yoast SEO plugin v27.4 - https:\/\/yoast.com\/product\/yoast-seo-wordpress\/ -->\n<title>Toro - Siteworks - Sweeper - PowerBroom - 38700 - Prochaska<\/title>\n<meta name=\"robots\" content=\"index, follow, max-snippet:-1, max-image-preview:large, max-video-preview:-1\" \/>\n<link rel=\"canonical\" href=\"https:\/\/prochaska.eu\/en\/produkt\/toro-siteworks-sweeper-powerbroom-38700\/\" \/>\n<meta property=\"og:locale\" content=\"en_US\" \/>\n<meta property=\"og:type\" content=\"article\" \/>\n<meta property=\"og:title\" content=\"Toro - Siteworks - Sweeper - PowerBroom - 38700 - Prochaska\" \/>\n<meta property=\"og:description\" content=\"The Power Broom sweeping brush from Toro is a versatile multi-purpose sweeper that is suitable for commercial use in every season.\" \/>\n<meta property=\"og:url\" content=\"https:\/\/prochaska.eu\/en\/produkt\/toro-siteworks-sweeper-powerbroom-38700\/\" \/>\n<meta property=\"og:site_name\" content=\"Prochaska\" \/>\n<meta property=\"article:publisher\" content=\"https:\/\/www.facebook.com\/prochaska.eu\/\" \/>\n<meta property=\"og:image\" content=\"https:\/\/prochaska.eu\/wp-content\/uploads\/2024\/06\/kehrbuerste-toro-winterdienst-prochaska-e1588928472130.jpg\" \/>\n\t<meta property=\"og:image:width\" content=\"1440\" \/>\n\t<meta property=\"og:image:height\" content=\"1440\" \/>\n\t<meta property=\"og:image:type\" content=\"image\/jpeg\" \/>\n<meta name=\"twitter:card\" content=\"summary_large_image\" \/>\n<meta name=\"twitter:label1\" content=\"Est. reading time\" \/>\n\t<meta name=\"twitter:data1\" content=\"1 minute\" \/>\n<script type=\"application\/ld+json\" class=\"yoast-schema-graph\">{\"@context\":\"https:\\\/\\\/schema.org\",\"@graph\":[{\"@type\":\"WebPage\",\"@id\":\"https:\\\/\\\/prochaska.eu\\\/en\\\/produkt\\\/toro-siteworks-sweeper-powerbroom-38700\\\/\",\"url\":\"https:\\\/\\\/prochaska.eu\\\/en\\\/produkt\\\/toro-siteworks-sweeper-powerbroom-38700\\\/\",\"name\":\"Toro - Siteworks - Sweeper - PowerBroom - 38700 - Prochaska\",\"isPartOf\":{\"@id\":\"https:\\\/\\\/prochaska.eu\\\/en\\\/#website\"},\"primaryImageOfPage\":{\"@id\":\"https:\\\/\\\/prochaska.eu\\\/en\\\/produkt\\\/toro-siteworks-sweeper-powerbroom-38700\\\/#primaryimage\"},\"image\":{\"@id\":\"https:\\\/\\\/prochaska.eu\\\/en\\\/produkt\\\/toro-siteworks-sweeper-powerbroom-38700\\\/#primaryimage\"},\"thumbnailUrl\":\"https:\\\/\\\/prochaska.eu\\\/wp-content\\\/uploads\\\/2024\\\/06\\\/kehrbuerste-toro-winterdienst-prochaska-e1588928472130.jpg\",\"datePublished\":\"2019-09-24T15:05:06+00:00\",\"breadcrumb\":{\"@id\":\"https:\\\/\\\/prochaska.eu\\\/en\\\/produkt\\\/toro-siteworks-sweeper-powerbroom-38700\\\/#breadcrumb\"},\"inLanguage\":\"en-US\",\"potentialAction\":[{\"@type\":\"ReadAction\",\"target\":[\"https:\\\/\\\/prochaska.eu\\\/en\\\/produkt\\\/toro-siteworks-sweeper-powerbroom-38700\\\/\"]}]},{\"@type\":\"ImageObject\",\"inLanguage\":\"en-US\",\"@id\":\"https:\\\/\\\/prochaska.eu\\\/en\\\/produkt\\\/toro-siteworks-sweeper-powerbroom-38700\\\/#primaryimage\",\"url\":\"https:\\\/\\\/prochaska.eu\\\/wp-content\\\/uploads\\\/2024\\\/06\\\/kehrbuerste-toro-winterdienst-prochaska-e1588928472130.jpg\",\"contentUrl\":\"https:\\\/\\\/prochaska.eu\\\/wp-content\\\/uploads\\\/2024\\\/06\\\/kehrbuerste-toro-winterdienst-prochaska-e1588928472130.jpg\",\"width\":1440,\"height\":1440},{\"@type\":\"BreadcrumbList\",\"@id\":\"https:\\\/\\\/prochaska.eu\\\/en\\\/produkt\\\/toro-siteworks-sweeper-powerbroom-38700\\\/#breadcrumb\",\"itemListElement\":[{\"@type\":\"ListItem\",\"position\":1,\"name\":\"Home\",\"item\":\"https:\\\/\\\/prochaska.eu\\\/en\\\/\"},{\"@type\":\"ListItem\",\"position\":2,\"name\":\"Shop\",\"item\":\"https:\\\/\\\/prochaska.eu\\\/shop\\\/\"},{\"@type\":\"ListItem\",\"position\":3,\"name\":\"Toro &#8211; Siteworks &#8211; Sweeper &#8211; PowerBroom &#8211; 38700\"}]},{\"@type\":\"WebSite\",\"@id\":\"https:\\\/\\\/prochaska.eu\\\/en\\\/#website\",\"url\":\"https:\\\/\\\/prochaska.eu\\\/en\\\/\",\"name\":\"Prochaska\",\"description\":\"Spezialist f\u00fcr Pflege von Gr\u00fcnfl\u00e4chen\",\"publisher\":{\"@id\":\"https:\\\/\\\/prochaska.eu\\\/en\\\/#organization\"},\"potentialAction\":[{\"@type\":\"SearchAction\",\"target\":{\"@type\":\"EntryPoint\",\"urlTemplate\":\"https:\\\/\\\/prochaska.eu\\\/en\\\/?s={search_term_string}\"},\"query-input\":{\"@type\":\"PropertyValueSpecification\",\"valueRequired\":true,\"valueName\":\"search_term_string\"}}],\"inLanguage\":\"en-US\"},{\"@type\":\"Organization\",\"@id\":\"https:\\\/\\\/prochaska.eu\\\/en\\\/#organization\",\"name\":\"Prochaska\",\"url\":\"https:\\\/\\\/prochaska.eu\\\/en\\\/\",\"logo\":{\"@type\":\"ImageObject\",\"inLanguage\":\"en-US\",\"@id\":\"https:\\\/\\\/prochaska.eu\\\/en\\\/#\\\/schema\\\/logo\\\/image\\\/\",\"url\":\"https:\\\/\\\/prochaska.eu\\\/wp-content\\\/uploads\\\/2024\\\/04\\\/Prochaska_Logo_Black-1.png\",\"contentUrl\":\"https:\\\/\\\/prochaska.eu\\\/wp-content\\\/uploads\\\/2024\\\/04\\\/Prochaska_Logo_Black-1.png\",\"width\":796,\"height\":236,\"caption\":\"Prochaska\"},\"image\":{\"@id\":\"https:\\\/\\\/prochaska.eu\\\/en\\\/#\\\/schema\\\/logo\\\/image\\\/\"},\"sameAs\":[\"https:\\\/\\\/www.facebook.com\\\/prochaska.eu\\\/\",\"https:\\\/\\\/www.instagram.com\\\/prochaska.eu\\\/\",\"https:\\\/\\\/www.linkedin.com\\\/company\\\/prochaska-handels-gmbh\"]}]}<\/script>\n<!-- \/ Yoast SEO plugin. -->","yoast_head_json":{"title":"Toro - Siteworks - Sweeper - PowerBroom - 38700 - Prochaska","robots":{"index":"index","follow":"follow","max-snippet":"max-snippet:-1","max-image-preview":"max-image-preview:large","max-video-preview":"max-video-preview:-1"},"canonical":"https:\/\/prochaska.eu\/en\/produkt\/toro-siteworks-sweeper-powerbroom-38700\/","og_locale":"en_US","og_type":"article","og_title":"Toro - Siteworks - Sweeper - PowerBroom - 38700 - Prochaska","og_description":"The Power Broom sweeping brush from Toro is a versatile multi-purpose sweeper that is suitable for commercial use in every season.","og_url":"https:\/\/prochaska.eu\/en\/produkt\/toro-siteworks-sweeper-powerbroom-38700\/","og_site_name":"Prochaska","article_publisher":"https:\/\/www.facebook.com\/prochaska.eu\/","og_image":[{"width":1440,"height":1440,"url":"https:\/\/prochaska.eu\/wp-content\/uploads\/2024\/06\/kehrbuerste-toro-winterdienst-prochaska-e1588928472130.jpg","type":"image\/jpeg"}],"twitter_card":"summary_large_image","twitter_misc":{"Est. reading time":"1 minute"},"schema":{"@context":"https:\/\/schema.org","@graph":[{"@type":"WebPage","@id":"https:\/\/prochaska.eu\/en\/produkt\/toro-siteworks-sweeper-powerbroom-38700\/","url":"https:\/\/prochaska.eu\/en\/produkt\/toro-siteworks-sweeper-powerbroom-38700\/","name":"Toro - Siteworks - Sweeper - PowerBroom - 38700 - Prochaska","isPartOf":{"@id":"https:\/\/prochaska.eu\/en\/#website"},"primaryImageOfPage":{"@id":"https:\/\/prochaska.eu\/en\/produkt\/toro-siteworks-sweeper-powerbroom-38700\/#primaryimage"},"image":{"@id":"https:\/\/prochaska.eu\/en\/produkt\/toro-siteworks-sweeper-powerbroom-38700\/#primaryimage"},"thumbnailUrl":"https:\/\/prochaska.eu\/wp-content\/uploads\/2024\/06\/kehrbuerste-toro-winterdienst-prochaska-e1588928472130.jpg","datePublished":"2019-09-24T15:05:06+00:00","breadcrumb":{"@id":"https:\/\/prochaska.eu\/en\/produkt\/toro-siteworks-sweeper-powerbroom-38700\/#breadcrumb"},"inLanguage":"en-US","potentialAction":[{"@type":"ReadAction","target":["https:\/\/prochaska.eu\/en\/produkt\/toro-siteworks-sweeper-powerbroom-38700\/"]}]},{"@type":"ImageObject","inLanguage":"en-US","@id":"https:\/\/prochaska.eu\/en\/produkt\/toro-siteworks-sweeper-powerbroom-38700\/#primaryimage","url":"https:\/\/prochaska.eu\/wp-content\/uploads\/2024\/06\/kehrbuerste-toro-winterdienst-prochaska-e1588928472130.jpg","contentUrl":"https:\/\/prochaska.eu\/wp-content\/uploads\/2024\/06\/kehrbuerste-toro-winterdienst-prochaska-e1588928472130.jpg","width":1440,"height":1440},{"@type":"BreadcrumbList","@id":"https:\/\/prochaska.eu\/en\/produkt\/toro-siteworks-sweeper-powerbroom-38700\/#breadcrumb","itemListElement":[{"@type":"ListItem","position":1,"name":"Home","item":"https:\/\/prochaska.eu\/en\/"},{"@type":"ListItem","position":2,"name":"Shop","item":"https:\/\/prochaska.eu\/shop\/"},{"@type":"ListItem","position":3,"name":"Toro &#8211; Siteworks &#8211; Sweeper &#8211; PowerBroom &#8211; 38700"}]},{"@type":"WebSite","@id":"https:\/\/prochaska.eu\/en\/#website","url":"https:\/\/prochaska.eu\/en\/","name":"Prochaska","description":"Spezialist f\u00fcr Pflege von Gr\u00fcnfl\u00e4chen","publisher":{"@id":"https:\/\/prochaska.eu\/en\/#organization"},"potentialAction":[{"@type":"SearchAction","target":{"@type":"EntryPoint","urlTemplate":"https:\/\/prochaska.eu\/en\/?s={search_term_string}"},"query-input":{"@type":"PropertyValueSpecification","valueRequired":true,"valueName":"search_term_string"}}],"inLanguage":"en-US"},{"@type":"Organization","@id":"https:\/\/prochaska.eu\/en\/#organization","name":"Prochaska","url":"https:\/\/prochaska.eu\/en\/","logo":{"@type":"ImageObject","inLanguage":"en-US","@id":"https:\/\/prochaska.eu\/en\/#\/schema\/logo\/image\/","url":"https:\/\/prochaska.eu\/wp-content\/uploads\/2024\/04\/Prochaska_Logo_Black-1.png","contentUrl":"https:\/\/prochaska.eu\/wp-content\/uploads\/2024\/04\/Prochaska_Logo_Black-1.png","width":796,"height":236,"caption":"Prochaska"},"image":{"@id":"https:\/\/prochaska.eu\/en\/#\/schema\/logo\/image\/"},"sameAs":["https:\/\/www.facebook.com\/prochaska.eu\/","https:\/\/www.instagram.com\/prochaska.eu\/","https:\/\/www.linkedin.com\/company\/prochaska-handels-gmbh"]}]}},"brands":[{"id":3072,"name":"Toro","slug":"toro-en"}],"_links":{"self":[{"href":"https:\/\/prochaska.eu\/en\/wp-json\/wp\/v2\/product\/26149","targetHints":{"allow":["GET"]}}],"collection":[{"href":"https:\/\/prochaska.eu\/en\/wp-json\/wp\/v2\/product"}],"about":[{"href":"https:\/\/prochaska.eu\/en\/wp-json\/wp\/v2\/types\/product"}],"version-history":[{"count":0,"href":"https:\/\/prochaska.eu\/en\/wp-json\/wp\/v2\/product\/26149\/revisions"}],"wp:featuredmedia":[{"embeddable":true,"href":"https:\/\/prochaska.eu\/en\/wp-json\/wp\/v2\/media\/21506"}],"wp:attachment":[{"href":"https:\/\/prochaska.eu\/en\/wp-json\/wp\/v2\/media?parent=26149"}],"wp:term":[{"taxonomy":"pwb-brand","embeddable":true,"href":"https:\/\/prochaska.eu\/en\/wp-json\/wp\/v2\/pwb-brand?post=26149"},{"taxonomy":"product_brand","embeddable":true,"href":"https:\/\/prochaska.eu\/en\/wp-json\/wp\/v2\/product_brand?post=26149"},{"taxonomy":"product_cat","embeddable":true,"href":"https:\/\/prochaska.eu\/en\/wp-json\/wp\/v2\/product_cat?post=26149"},{"taxonomy":"product_tag","embeddable":true,"href":"https:\/\/prochaska.eu\/en\/wp-json\/wp\/v2\/product_tag?post=26149"}],"curies":[{"name":"wp","href":"https:\/\/api.w.org\/{rel}","templated":true}]}}